{"id":8644,"date":"2026-04-28T07:17:19","date_gmt":"2026-04-28T07:17:19","guid":{"rendered":"https:\/\/happyinaknit.com\/?post_type=product&#038;p=8644"},"modified":"2026-05-06T15:26:32","modified_gmt":"2026-05-06T15:26:32","slug":"lotus-yarns-virbalu-antgaliu-sujungejai","status":"publish","type":"product","link":"https:\/\/happyinaknit.com\/ru\/product\/lotus-yarns-virbalu-antgaliu-sujungejai\/","title":{"rendered":"LOTUS YARNS \u0441\u043e\u0435\u0434\u0438\u043d\u0438\u0442\u0435\u043b\u044c \u0434\u043b\u044f \u0440\u0430\u0437\u044a\u0435\u043c\u043d\u044b\u0445 \u0441\u043f\u0438\u0446"},"content":{"rendered":"<p><b>\u0421\u043e\u0435\u0434\u0438\u043d\u0438\u0442\u0435\u043b\u044c \u0434\u043b\u044f \u0440\u0430\u0437\u044a\u0435\u043c\u043d\u044b\u0445 \u0441\u043f\u0438\u0446 <\/b>- \u043f\u0440\u0430\u043a\u0442\u0438\u0447\u043d\u044b\u0439 \u0430\u043a\u0441\u0435\u0441\u0441\u0443\u0430\u0440, \u043f\u043e\u0437\u0432\u043e\u043b\u044f\u044e\u0449\u0438\u0439 \u043e\u0431\u044a\u0435\u0434\u0438\u043d\u0438\u0442\u044c \u0434\u0432\u0435 \u0440\u0430\u0437\u044a\u0435\u043c\u043d\u044b\u0435 \u0441\u043f\u0438\u0446\u044b \u0438 \u0441\u043e\u0437\u0434\u0430\u0442\u044c \u043a\u043e\u0440\u043e\u0442\u043a\u0438\u0435 \u0434\u0432\u043e\u0439\u043d\u044b\u0435 \u0441\u043f\u0438\u0446\u044b \u0434\u043b\u044f \u0440\u0430\u0437\u043b\u0438\u0447\u043d\u044b\u0445 \u0446\u0435\u043b\u0435\u0439 \u0432\u044f\u0437\u0430\u043d\u0438\u044f.<\/p>\n<p><b>\u0424\u0443\u043d\u043a\u0446\u0438\u0438:<\/b><b><\/b><\/p>\n<ul>\n<li>\u0418\u0437\u0433\u043e\u0442\u043e\u0432\u043b\u0435\u043d\u043e \u0438\u0437 \u043d\u0435\u0440\u0436\u0430\u0432\u0435\u044e\u0449\u0435\u0439 \u0441\u0442\u0430\u043b\u0438<\/li>\n<li>\u0414\u043b\u044f \u0441\u043e\u0435\u0434\u0438\u043d\u0435\u043d\u0438\u044f \u0434\u0432\u0443\u0445 \u0440\u0430\u0437\u044a\u0435\u043c\u043d\u044b\u0445 \u0441\u043f\u0438\u0446<\/li>\n<li>\u041f\u043e\u0437\u0432\u043e\u043b\u044f\u0435\u0442 \u0444\u043e\u0440\u043c\u0438\u0440\u043e\u0432\u0430\u0442\u044c \u043a\u043e\u0440\u043e\u0442\u043a\u0443\u044e \u0434\u0432\u043e\u0439\u043d\u0443\u044e \u0441\u043f\u0438\u0446\u0443<\/li>\n<li>\u041f\u043e\u0434\u0445\u043e\u0434\u0438\u0442 \u0434\u043b\u044f \u0438\u0441\u043f\u043e\u043b\u044c\u0437\u043e\u0432\u0430\u043d\u0438\u044f \u0432 \u043a\u0430\u0447\u0435\u0441\u0442\u0432\u0435 \u0432\u0441\u043f\u043e\u043c\u043e\u0433\u0430\u0442\u0435\u043b\u044c\u043d\u043e\u0439 \u0441\u043f\u0438\u0446\u044b (\u0434\u043b\u044f \u0430\u0436\u0443\u0440\u043d\u043e\u0433\u043e  \u0438\u043b\u0438 \u0432\u044f\u0437\u0430\u043d\u0438 \u043a\u043e\u0441) \u0438\u043b\u0438 \u0432 \u043a\u0430\u0447\u0435\u0441\u0442\u0432\u0435 \u0434\u0435\u0440\u0436\u0430\u0442\u0435\u043b\u044f \u043f\u0435\u0442\u0435\u043b\u044c<\/li>\n<li>\u0423\u0434\u043e\u0431\u043d\u043e\u0435 \u0438 \u0443\u043d\u0438\u0432\u0435\u0440\u0441\u0430\u043b\u044c\u043d\u043e\u0435 \u0440\u0435\u0448\u0435\u043d\u0438\u0435 \u0434\u043b\u044f \u043d\u0435\u0431\u043e\u043b\u044c\u0448\u0438\u0445 \u043f\u0440\u043e\u0435\u043a\u0442\u043e\u0432<\/li>\n<\/ul>\n<p><b>\u041a\u043e\u043c\u043f\u043b\u0435\u043a\u0442:<\/b><b><\/b><\/p>\n<ul>\n<li>2 \u0448\u0442.<\/li>\n<\/ul>\n<p><b>\u041f\u0440\u0438\u043c\u0435\u0447\u0430\u043d\u0438\u0435:<\/b><b><\/b><\/p>\n<p>\u0426\u0432\u0435\u0442\u043e\u0432\u044b\u0435 \u043e\u0442\u0442\u0435\u043d\u043a\u0438 \u043c\u043e\u0433\u0443\u0442 \u043d\u0435\u0437\u043d\u0430\u0447\u0438\u0442\u0435\u043b\u044c\u043d\u043e \u043e\u0442\u043b\u0438\u0447\u0430\u0442\u044c\u0441\u044f \u0432 \u0437\u0430\u0432\u0438\u0441\u0438\u043c\u043e\u0441\u0442\u0438 \u043e\u0442 \u044d\u043a\u0440\u0430\u043d\u0430 \u0432\u0430\u0448\u0435\u0433\u043e \u0443\u0441\u0442\u0440\u043e\u0439\u0441\u0442\u0432\u0430.<\/p>","protected":false},"excerpt":{"rendered":"<p>Prisukam\u0173 virbal\u0173 sujung\u0117jai \u2013 prakti\u0161kas aksesuaras, leid\u017eiantis sujungti du prisukam\u0173 virbal\u0173 antgalius ir sukurti trumpus dvigalius virbalus \u012fvairiems mezgimo poreikiams. Savyb\u0117s: Pagaminti i\u0161 ner\u016bdijan\u010dio plieno Skirti dviej\u0173 virbal\u0173 antgali\u0173 sujungimui Leid\u017eia suformuoti trump\u0105 dvigal\u012f virbal\u0105 Tinka naudoti kaip pagalbin\u012f virbal\u0105 (kiaurara\u0161\u010dio ar pyni\u0173 mezgimui) arba aki\u0173 laikikl\u012f Patogus ir universalus sprendimas ma\u017eesniems projektams Komplektas: 2 [&hellip;]<\/p>\n","protected":false},"featured_media":8636,"comment_status":"open","ping_status":"closed","template":"","meta":{"_acf_changed":false},"product_brand":[1639],"product_cat":[15,867,19],"product_tag":[30],"pro-kategorijos":[],"class_list":{"0":"post-8644","1":"product","2":"type-product","3":"status-publish","4":"has-post-thumbnail","6":"product_brand-lotus-yarns","7":"product_cat-visi-produktai","8":"product_cat-jungtys-ir-kt-priedai","9":"product_cat-mezgimo-priemones","10":"product_tag-naujiena","12":"first","13":"instock","14":"shipping-taxable","15":"purchasable","16":"product-type-simple"},"acf":[],"yoast_head":"<!-- This site is optimized with the Yoast SEO plugin v26.8 - https:\/\/yoast.com\/product\/yoast-seo-wordpress\/ -->\n<title>LOTUS YARNS prisukam\u0173 virbal\u0173 sujung\u0117jai - Happyinaknit.com<\/title>\n<meta name=\"robots\" content=\"index, follow, max-snippet:-1, max-image-preview:large, max-video-preview:-1\" \/>\n<link rel=\"canonical\" href=\"https:\/\/happyinaknit.com\/ru\/product\/lotus-yarns-virbalu-antgaliu-sujungejai\/\" \/>\n<meta property=\"og:locale\" content=\"ru_RU\" \/>\n<meta property=\"og:type\" content=\"article\" \/>\n<meta property=\"og:title\" content=\"LOTUS YARNS prisukam\u0173 virbal\u0173 sujung\u0117jai - Happyinaknit.com\" \/>\n<meta property=\"og:description\" content=\"Prisukam\u0173 virbal\u0173 sujung\u0117jai \u2013 prakti\u0161kas aksesuaras, leid\u017eiantis sujungti du prisukam\u0173 virbal\u0173 antgalius ir sukurti trumpus dvigalius virbalus \u012fvairiems mezgimo poreikiams. Savyb\u0117s: Pagaminti i\u0161 ner\u016bdijan\u010dio plieno Skirti dviej\u0173 virbal\u0173 antgali\u0173 sujungimui Leid\u017eia suformuoti trump\u0105 dvigal\u012f virbal\u0105 Tinka naudoti kaip pagalbin\u012f virbal\u0105 (kiaurara\u0161\u010dio ar pyni\u0173 mezgimui) arba aki\u0173 laikikl\u012f Patogus ir universalus sprendimas ma\u017eesniems projektams Komplektas: 2 [&hellip;]\" \/>\n<meta property=\"og:url\" content=\"https:\/\/happyinaknit.com\/ru\/product\/lotus-yarns-virbalu-antgaliu-sujungejai\/\" \/>\n<meta property=\"og:site_name\" content=\"Happyinaknit.com\" \/>\n<meta property=\"article:modified_time\" content=\"2026-05-06T15:26:32+00:00\" \/>\n<meta property=\"og:image\" content=\"https:\/\/happyinaknit.com\/wp-content\/uploads\/2026\/04\/9_b584c515-3583-4b76-958e-01f52395fa1c.jpg.webp\" \/>\n\t<meta property=\"og:image:width\" content=\"1000\" \/>\n\t<meta property=\"og:image:height\" content=\"1000\" \/>\n\t<meta property=\"og:image:type\" content=\"image\/webp\" \/>\n<meta name=\"twitter:card\" content=\"summary_large_image\" \/>\n<meta name=\"twitter:label1\" content=\"\u041f\u0440\u0438\u043c\u0435\u0440\u043d\u043e\u0435 \u0432\u0440\u0435\u043c\u044f \u0434\u043b\u044f \u0447\u0442\u0435\u043d\u0438\u044f\" \/>\n\t<meta name=\"twitter:data1\" content=\"1 \u043c\u0438\u043d\u0443\u0442\u0430\" \/>\n<script type=\"application\/ld+json\" class=\"yoast-schema-graph\">{\"@context\":\"https:\/\/schema.org\",\"@graph\":[{\"@type\":\"WebPage\",\"@id\":\"https:\/\/happyinaknit.com\/produktas\/lotus-yarns-virbalu-antgaliu-sujungejai\/\",\"url\":\"https:\/\/happyinaknit.com\/produktas\/lotus-yarns-virbalu-antgaliu-sujungejai\/\",\"name\":\"LOTUS YARNS prisukam\u0173 virbal\u0173 sujung\u0117jai - Happyinaknit.com\",\"isPartOf\":{\"@id\":\"https:\/\/happyinaknit.com\/lt\/#website\"},\"primaryImageOfPage\":{\"@id\":\"https:\/\/happyinaknit.com\/produktas\/lotus-yarns-virbalu-antgaliu-sujungejai\/#primaryimage\"},\"image\":{\"@id\":\"https:\/\/happyinaknit.com\/produktas\/lotus-yarns-virbalu-antgaliu-sujungejai\/#primaryimage\"},\"thumbnailUrl\":\"https:\/\/happyinaknit.com\/wp-content\/uploads\/2026\/04\/9_b584c515-3583-4b76-958e-01f52395fa1c.jpg.webp\",\"datePublished\":\"2026-04-28T07:17:19+00:00\",\"dateModified\":\"2026-05-06T15:26:32+00:00\",\"breadcrumb\":{\"@id\":\"https:\/\/happyinaknit.com\/produktas\/lotus-yarns-virbalu-antgaliu-sujungejai\/#breadcrumb\"},\"inLanguage\":\"ru-RU\",\"potentialAction\":[{\"@type\":\"ReadAction\",\"target\":[\"https:\/\/happyinaknit.com\/produktas\/lotus-yarns-virbalu-antgaliu-sujungejai\/\"]}]},{\"@type\":\"ImageObject\",\"inLanguage\":\"ru-RU\",\"@id\":\"https:\/\/happyinaknit.com\/produktas\/lotus-yarns-virbalu-antgaliu-sujungejai\/#primaryimage\",\"url\":\"https:\/\/happyinaknit.com\/wp-content\/uploads\/2026\/04\/9_b584c515-3583-4b76-958e-01f52395fa1c.jpg.webp\",\"contentUrl\":\"https:\/\/happyinaknit.com\/wp-content\/uploads\/2026\/04\/9_b584c515-3583-4b76-958e-01f52395fa1c.jpg.webp\",\"width\":1000,\"height\":1000},{\"@type\":\"BreadcrumbList\",\"@id\":\"https:\/\/happyinaknit.com\/produktas\/lotus-yarns-virbalu-antgaliu-sujungejai\/#breadcrumb\",\"itemListElement\":[{\"@type\":\"ListItem\",\"position\":1,\"name\":\"Home\",\"item\":\"https:\/\/happyinaknit.com\/lt\/\"},{\"@type\":\"ListItem\",\"position\":2,\"name\":\"Parduotuv\u0117\",\"item\":\"https:\/\/happyinaknit.com\/lt\/parduotuve\/\"},{\"@type\":\"ListItem\",\"position\":3,\"name\":\"LOTUS YARNS prisukam\u0173 virbal\u0173 sujung\u0117jai\"}]},{\"@type\":\"WebSite\",\"@id\":\"https:\/\/happyinaknit.com\/lt\/#website\",\"url\":\"https:\/\/happyinaknit.com\/lt\/\",\"name\":\"Happyinaknit.com\",\"description\":\"\",\"potentialAction\":[{\"@type\":\"SearchAction\",\"target\":{\"@type\":\"EntryPoint\",\"urlTemplate\":\"https:\/\/happyinaknit.com\/lt\/?s={search_term_string}\"},\"query-input\":{\"@type\":\"PropertyValueSpecification\",\"valueRequired\":true,\"valueName\":\"search_term_string\"}}],\"inLanguage\":\"ru-RU\"}]}<\/script>\n<!-- \/ Yoast SEO plugin. -->","yoast_head_json":{"title":"LOTUS YARNS prisukam\u0173 virbal\u0173 sujung\u0117jai - Happyinaknit.com","robots":{"index":"index","follow":"follow","max-snippet":"max-snippet:-1","max-image-preview":"max-image-preview:large","max-video-preview":"max-video-preview:-1"},"canonical":"https:\/\/happyinaknit.com\/ru\/product\/lotus-yarns-virbalu-antgaliu-sujungejai\/","og_locale":"ru_RU","og_type":"article","og_title":"LOTUS YARNS prisukam\u0173 virbal\u0173 sujung\u0117jai - Happyinaknit.com","og_description":"Prisukam\u0173 virbal\u0173 sujung\u0117jai \u2013 prakti\u0161kas aksesuaras, leid\u017eiantis sujungti du prisukam\u0173 virbal\u0173 antgalius ir sukurti trumpus dvigalius virbalus \u012fvairiems mezgimo poreikiams. Savyb\u0117s: Pagaminti i\u0161 ner\u016bdijan\u010dio plieno Skirti dviej\u0173 virbal\u0173 antgali\u0173 sujungimui Leid\u017eia suformuoti trump\u0105 dvigal\u012f virbal\u0105 Tinka naudoti kaip pagalbin\u012f virbal\u0105 (kiaurara\u0161\u010dio ar pyni\u0173 mezgimui) arba aki\u0173 laikikl\u012f Patogus ir universalus sprendimas ma\u017eesniems projektams Komplektas: 2 [&hellip;]","og_url":"https:\/\/happyinaknit.com\/ru\/product\/lotus-yarns-virbalu-antgaliu-sujungejai\/","og_site_name":"Happyinaknit.com","article_modified_time":"2026-05-06T15:26:32+00:00","og_image":[{"width":1000,"height":1000,"url":"https:\/\/happyinaknit.com\/wp-content\/uploads\/2026\/04\/9_b584c515-3583-4b76-958e-01f52395fa1c.jpg.webp","type":"image\/webp"}],"twitter_card":"summary_large_image","twitter_misc":{"\u041f\u0440\u0438\u043c\u0435\u0440\u043d\u043e\u0435 \u0432\u0440\u0435\u043c\u044f \u0434\u043b\u044f \u0447\u0442\u0435\u043d\u0438\u044f":"1 \u043c\u0438\u043d\u0443\u0442\u0430"},"schema":{"@context":"https:\/\/schema.org","@graph":[{"@type":"WebPage","@id":"https:\/\/happyinaknit.com\/produktas\/lotus-yarns-virbalu-antgaliu-sujungejai\/","url":"https:\/\/happyinaknit.com\/produktas\/lotus-yarns-virbalu-antgaliu-sujungejai\/","name":"LOTUS YARNS prisukam\u0173 virbal\u0173 sujung\u0117jai - Happyinaknit.com","isPartOf":{"@id":"https:\/\/happyinaknit.com\/lt\/#website"},"primaryImageOfPage":{"@id":"https:\/\/happyinaknit.com\/produktas\/lotus-yarns-virbalu-antgaliu-sujungejai\/#primaryimage"},"image":{"@id":"https:\/\/happyinaknit.com\/produktas\/lotus-yarns-virbalu-antgaliu-sujungejai\/#primaryimage"},"thumbnailUrl":"https:\/\/happyinaknit.com\/wp-content\/uploads\/2026\/04\/9_b584c515-3583-4b76-958e-01f52395fa1c.jpg.webp","datePublished":"2026-04-28T07:17:19+00:00","dateModified":"2026-05-06T15:26:32+00:00","breadcrumb":{"@id":"https:\/\/happyinaknit.com\/produktas\/lotus-yarns-virbalu-antgaliu-sujungejai\/#breadcrumb"},"inLanguage":"ru-RU","potentialAction":[{"@type":"ReadAction","target":["https:\/\/happyinaknit.com\/produktas\/lotus-yarns-virbalu-antgaliu-sujungejai\/"]}]},{"@type":"ImageObject","inLanguage":"ru-RU","@id":"https:\/\/happyinaknit.com\/produktas\/lotus-yarns-virbalu-antgaliu-sujungejai\/#primaryimage","url":"https:\/\/happyinaknit.com\/wp-content\/uploads\/2026\/04\/9_b584c515-3583-4b76-958e-01f52395fa1c.jpg.webp","contentUrl":"https:\/\/happyinaknit.com\/wp-content\/uploads\/2026\/04\/9_b584c515-3583-4b76-958e-01f52395fa1c.jpg.webp","width":1000,"height":1000},{"@type":"BreadcrumbList","@id":"https:\/\/happyinaknit.com\/produktas\/lotus-yarns-virbalu-antgaliu-sujungejai\/#breadcrumb","itemListElement":[{"@type":"ListItem","position":1,"name":"Home","item":"https:\/\/happyinaknit.com\/lt\/"},{"@type":"ListItem","position":2,"name":"Parduotuv\u0117","item":"https:\/\/happyinaknit.com\/lt\/parduotuve\/"},{"@type":"ListItem","position":3,"name":"LOTUS YARNS prisukam\u0173 virbal\u0173 sujung\u0117jai"}]},{"@type":"WebSite","@id":"https:\/\/happyinaknit.com\/lt\/#website","url":"https:\/\/happyinaknit.com\/lt\/","name":"Happyinaknit.com","description":"","potentialAction":[{"@type":"SearchAction","target":{"@type":"EntryPoint","urlTemplate":"https:\/\/happyinaknit.com\/lt\/?s={search_term_string}"},"query-input":{"@type":"PropertyValueSpecification","valueRequired":true,"valueName":"search_term_string"}}],"inLanguage":"ru-RU"}]}},"_links":{"self":[{"href":"https:\/\/happyinaknit.com\/ru\/wp-json\/wp\/v2\/product\/8644","targetHints":{"allow":["GET"]}}],"collection":[{"href":"https:\/\/happyinaknit.com\/ru\/wp-json\/wp\/v2\/product"}],"about":[{"href":"https:\/\/happyinaknit.com\/ru\/wp-json\/wp\/v2\/types\/product"}],"replies":[{"embeddable":true,"href":"https:\/\/happyinaknit.com\/ru\/wp-json\/wp\/v2\/comments?post=8644"}],"wp:featuredmedia":[{"embeddable":true,"href":"https:\/\/happyinaknit.com\/ru\/wp-json\/wp\/v2\/media\/8636"}],"wp:attachment":[{"href":"https:\/\/happyinaknit.com\/ru\/wp-json\/wp\/v2\/media?parent=8644"}],"wp:term":[{"taxonomy":"product_brand","embeddable":true,"href":"https:\/\/happyinaknit.com\/ru\/wp-json\/wp\/v2\/product_brand?post=8644"},{"taxonomy":"product_cat","embeddable":true,"href":"https:\/\/happyinaknit.com\/ru\/wp-json\/wp\/v2\/product_cat?post=8644"},{"taxonomy":"product_tag","embeddable":true,"href":"https:\/\/happyinaknit.com\/ru\/wp-json\/wp\/v2\/product_tag?post=8644"},{"taxonomy":"pro-kategorijos","embeddable":true,"href":"https:\/\/happyinaknit.com\/ru\/wp-json\/wp\/v2\/pro-kategorijos?post=8644"}],"curies":[{"name":"wp","href":"https:\/\/api.w.org\/{rel}","templated":true}]}}