{"id":8593,"date":"2026-04-27T21:20:33","date_gmt":"2026-04-27T21:20:33","guid":{"rendered":"https:\/\/happyinaknit.com\/?post_type=product&#038;p=8593"},"modified":"2026-05-06T15:26:36","modified_gmt":"2026-05-06T15:26:36","slug":"lotus-yarns-prisukami-virbalai-13-cm-is-nerudijancio-plieno","status":"publish","type":"product","link":"https:\/\/happyinaknit.com\/ru\/product\/lotus-yarns-prisukami-virbalai-13-cm-is-nerudijancio-plieno\/","title":{"rendered":"Lotus Yarns Pamir \u0440\u0430\u0437\u044a\u0435\u043c\u043d\u044b\u0435 \u0441\u043f\u0438\u0446\u044b 13 \u0441\u043c  \u0438\u0437 \u043d\u0435\u0440\u0436\u0430\u0432\u0435\u044e\u0449\u0435\u0439 \u0441\u0442\u0430\u043b\u0438"},"content":{"rendered":"<p><b>\u0420\u0430\u0437\u044a\u0435\u043c\u043d\u044b\u0435 \u0441\u043f\u0438\u0446\u044b \u0438\u0437 \u043d\u0435\u0440\u0436\u0430\u0432\u0435\u044e\u0449\u0435\u0439 \u0441\u0442\u0430\u043b\u0438 13 \u0441\u043c<\/b> - \u041b\u0435\u0433\u043a\u0438\u0435, \u0443\u043b\u044c\u0442\u0440\u0430\u0433\u043b\u0430\u0434\u043a\u0438\u0435 \u0438 \u0443\u0434\u043e\u0431\u043d\u044b\u0435 \u0441\u043f\u0438\u0446\u044b \u043f\u0440\u0435\u0434\u043d\u0430\u0437\u043d\u0430\u0447\u0435\u043d\u044b \u0434\u043b\u044f \u043f\u0440\u0438\u044f\u0442\u043d\u043e\u0433\u043e  \u0432\u044f\u0437\u0430\u043d\u0438\u044f \u0438 \u0434\u0435\u043b\u0438\u043a\u0430\u0442\u043d\u044b\u0445 \u043f\u0440\u043e\u0435\u043a\u0442\u043e\u0432.<\/p>\n<p><b>\u0424\u0443\u043d\u043a\u0446\u0438\u0438:<\/b><b><\/b><\/p>\n<ul>\n<li>\u0414\u043b\u0438\u043d\u0430: 13 \u0441\u043c \/ 5\u201d<\/li>\n<li>\u0418\u0437\u0433\u043e\u0442\u043e\u0432\u043b\u0435\u043d\u044b \u0438\u0437 \u0432\u044b\u0441\u043e\u043a\u043e\u043a\u0430\u0447\u0435\u0441\u0442\u0432\u0435\u043d\u043d\u043e\u0439 \u043d\u0435\u0440\u0436\u0430\u0432\u0435\u044e\u0449\u0435\u0439 \u0441\u0442\u0430\u043b\u0438 304<\/li>\n<li>\u0423\u043b\u044c\u0442\u0440\u0430\u043b\u0435\u0433\u043a\u0438\u0439  \u0438 \u0433\u043b\u0430\u0434\u043a\u0430\u044f \u043f\u043e\u0432\u0435\u0440\u0445\u043d\u043e\u0441\u0442\u044c<\/li>\n<li>\u041e\u0441\u0442\u0440\u044b\u0435 \u043a\u043e\u043d\u0447\u0438\u043a\u0438<\/li>\n<li>\u042d\u0440\u0433\u043e\u043d\u043e\u043c\u0438\u0447\u043d\u044b\u0439 \u0434\u0438\u0437\u0430\u0439\u043d \u043f\u043e\u043c\u043e\u0433\u0430\u0435\u0442 \u0441\u043d\u0438\u0437\u0438\u0442\u044c \u0443\u0442\u043e\u043c\u043b\u044f\u0435\u043c\u043e\u0441\u0442\u044c \u0440\u0443\u043a<\/li>\n<li>\u0418\u0434\u0435\u0430\u043b\u044c\u043d\u043e \u0433\u043b\u0430\u0434\u043a\u0430\u044f \u043f\u043e\u0432\u0435\u0440\u0445\u043d\u043e\u0441\u0442\u044c \u0434\u043b\u044f \u043f\u043b\u0430\u0432\u043d\u043e\u0433\u043e \u0441\u043a\u043e\u043b\u044c\u0436\u0435\u043d\u0438\u044f \u043f\u0435\u0442\u0435\u043b\u044c<\/li>\n<li>\u041b\u0430\u0437\u0435\u0440\u043d\u0430\u044f \u043c\u0430\u0440\u043a\u0438\u0440\u043e\u0432\u043a\u0430 \u043a\u0430\u0436\u0434\u043e\u0433\u043e \u0440\u0430\u0437\u043c\u0435\u0440\u0430 (\u043c\u043c \u0438 US) \u043d\u0430 \u0441\u043f\u0438\u0446\u0435<\/li>\n<\/ul>\n<p><b>\u0418\u0441\u043f\u043e\u043b\u044c\u0437\u043e\u0432\u0430\u043d\u0438\u0435:<\/b><b><\/b><\/p>\n<p>\u041f\u043e\u0434\u0445\u043e\u0434\u0438\u0442 \u0434\u043b\u044f \u0438\u0441\u043f\u043e\u043b\u044c\u0437\u043e\u0432\u0430\u043d\u0438\u044f \u0441 \u0442\u0440\u043e\u0441\u0430\u043c\u0438 \u0434\u043b\u044f \u0440\u0430\u0437\u044a\u0435\u043c\u043d\u044b\u0445 \u0441\u043f\u0438\u0446, \u043f\u043e\u0437\u0432\u043e\u043b\u044f\u0435\u0442 \u043b\u0435\u0433\u043a\u043e \u0438\u0437\u043c\u0435\u043d\u044f\u0442\u044c \u0434\u043b\u0438\u043d\u0443 \u0438 \u0430\u0434\u0430\u043f\u0442\u0438\u0440\u043e\u0432\u0430\u0442\u044c \u043a \u0440\u0430\u0437\u043b\u0438\u0447\u043d\u044b\u043c \u043f\u0440\u043e\u0435\u043a\u0442\u0430\u043c.<\/p>\n<p><b>\u041f\u0440\u0438\u043c\u0435\u0447\u0430\u043d\u0438\u0435:<\/b><b><\/b><\/p>\n<p>\u0426\u0432\u0435\u0442\u0430 \u0438 \u043e\u0442\u0442\u0435\u043d\u043a\u0438 \u043c\u043e\u0433\u0443\u0442 \u043d\u0435\u043c\u043d\u043e\u0433\u043e \u043e\u0442\u043b\u0438\u0447\u0430\u0442\u044c\u0441\u044f \u0432 \u0437\u0430\u0432\u0438\u0441\u0438\u043c\u043e\u0441\u0442\u0438 \u043e\u0442 \u0434\u0438\u0441\u043f\u043b\u0435\u044f \u0432\u0430\u0448\u0435\u0433\u043e \u0443\u0441\u0442\u0440\u043e\u0439\u0441\u0442\u0432\u0430.<\/p>","protected":false},"excerpt":{"rendered":"<p>Prisukami virbalai 13 cm \u00a0i\u0161 ner\u016bdijan\u010dio plieno \u2013 lengvi, itin glotn\u016bs ir patog\u016bs virbalai, sukurti skland\u017eiam mezgimui ir precizi\u0161kiems projektams. Savyb\u0117s: Ilgis: 13 cm \/ 5\u201d Pagaminti i\u0161 auk\u0161tos kokyb\u0117s 304 ner\u016bdijan\u010dio plieno Itin lengvi ir glotnaus pavir\u0161iaus A\u0161tr\u016bs galiukai Ergonomi\u0161kas dizainas padeda suma\u017einti rank\u0173 nuovarg\u012f Tobulai lygus pavir\u0161ius u\u017etikrina skland\u0173 aki\u0173 slydim\u0105 Kiekvieno dyd\u017eio [&hellip;]<\/p>\n","protected":false},"featured_media":8598,"comment_status":"open","ping_status":"closed","template":"","meta":{"_acf_changed":false},"product_brand":[1639],"product_cat":[15,19,863,53],"product_tag":[30],"pro-kategorijos":[],"class_list":{"0":"post-8593","1":"product","2":"type-product","3":"status-publish","4":"has-post-thumbnail","6":"product_brand-lotus-yarns","7":"product_cat-visi-produktai","8":"product_cat-mezgimo-priemones","9":"product_cat-prisukami-virbalai","10":"product_cat-virbalai","11":"product_tag-naujiena","13":"first","14":"instock","15":"shipping-taxable","16":"purchasable","17":"product-type-variable"},"acf":[],"yoast_head":"<!-- This site is optimized with the Yoast SEO plugin v26.8 - https:\/\/yoast.com\/product\/yoast-seo-wordpress\/ -->\n<title>Lotus Yarns Pamir prisukami virbalai 13 cm i\u0161 ner\u016bdijan\u010dio plieno - Happyinaknit.com<\/title>\n<meta name=\"robots\" content=\"index, follow, max-snippet:-1, max-image-preview:large, max-video-preview:-1\" \/>\n<link rel=\"canonical\" href=\"https:\/\/happyinaknit.com\/ru\/product\/lotus-yarns-prisukami-virbalai-13-cm-is-nerudijancio-plieno\/\" \/>\n<meta property=\"og:locale\" content=\"ru_RU\" \/>\n<meta property=\"og:type\" content=\"article\" \/>\n<meta property=\"og:title\" content=\"Lotus Yarns Pamir prisukami virbalai 13 cm i\u0161 ner\u016bdijan\u010dio plieno - Happyinaknit.com\" \/>\n<meta property=\"og:description\" content=\"Prisukami virbalai 13 cm \u00a0i\u0161 ner\u016bdijan\u010dio plieno \u2013 lengvi, itin glotn\u016bs ir patog\u016bs virbalai, sukurti skland\u017eiam mezgimui ir precizi\u0161kiems projektams. Savyb\u0117s: Ilgis: 13 cm \/ 5\u201d Pagaminti i\u0161 auk\u0161tos kokyb\u0117s 304 ner\u016bdijan\u010dio plieno Itin lengvi ir glotnaus pavir\u0161iaus A\u0161tr\u016bs galiukai Ergonomi\u0161kas dizainas padeda suma\u017einti rank\u0173 nuovarg\u012f Tobulai lygus pavir\u0161ius u\u017etikrina skland\u0173 aki\u0173 slydim\u0105 Kiekvieno dyd\u017eio [&hellip;]\" \/>\n<meta property=\"og:url\" content=\"https:\/\/happyinaknit.com\/ru\/product\/lotus-yarns-prisukami-virbalai-13-cm-is-nerudijancio-plieno\/\" \/>\n<meta property=\"og:site_name\" content=\"Happyinaknit.com\" \/>\n<meta property=\"article:modified_time\" content=\"2026-05-06T15:26:36+00:00\" \/>\n<meta property=\"og:image\" content=\"https:\/\/happyinaknit.com\/wp-content\/uploads\/2026\/04\/LXM3308.jpg.webp\" \/>\n\t<meta property=\"og:image:width\" content=\"1100\" \/>\n\t<meta property=\"og:image:height\" content=\"1100\" \/>\n\t<meta property=\"og:image:type\" content=\"image\/webp\" \/>\n<meta name=\"twitter:card\" content=\"summary_large_image\" \/>\n<meta name=\"twitter:label1\" content=\"\u041f\u0440\u0438\u043c\u0435\u0440\u043d\u043e\u0435 \u0432\u0440\u0435\u043c\u044f \u0434\u043b\u044f \u0447\u0442\u0435\u043d\u0438\u044f\" \/>\n\t<meta name=\"twitter:data1\" content=\"1 \u043c\u0438\u043d\u0443\u0442\u0430\" \/>\n<script type=\"application\/ld+json\" class=\"yoast-schema-graph\">{\"@context\":\"https:\/\/schema.org\",\"@graph\":[{\"@type\":\"WebPage\",\"@id\":\"https:\/\/happyinaknit.com\/produktas\/lotus-yarns-prisukami-virbalai-13-cm-is-nerudijancio-plieno\/\",\"url\":\"https:\/\/happyinaknit.com\/produktas\/lotus-yarns-prisukami-virbalai-13-cm-is-nerudijancio-plieno\/\",\"name\":\"Lotus Yarns Pamir prisukami virbalai 13 cm i\u0161 ner\u016bdijan\u010dio plieno - Happyinaknit.com\",\"isPartOf\":{\"@id\":\"https:\/\/happyinaknit.com\/lt\/#website\"},\"primaryImageOfPage\":{\"@id\":\"https:\/\/happyinaknit.com\/produktas\/lotus-yarns-prisukami-virbalai-13-cm-is-nerudijancio-plieno\/#primaryimage\"},\"image\":{\"@id\":\"https:\/\/happyinaknit.com\/produktas\/lotus-yarns-prisukami-virbalai-13-cm-is-nerudijancio-plieno\/#primaryimage\"},\"thumbnailUrl\":\"https:\/\/happyinaknit.com\/wp-content\/uploads\/2026\/04\/LXM3308.jpg.webp\",\"datePublished\":\"2026-04-27T21:20:33+00:00\",\"dateModified\":\"2026-05-06T15:26:36+00:00\",\"breadcrumb\":{\"@id\":\"https:\/\/happyinaknit.com\/produktas\/lotus-yarns-prisukami-virbalai-13-cm-is-nerudijancio-plieno\/#breadcrumb\"},\"inLanguage\":\"ru-RU\",\"potentialAction\":[{\"@type\":\"ReadAction\",\"target\":[\"https:\/\/happyinaknit.com\/produktas\/lotus-yarns-prisukami-virbalai-13-cm-is-nerudijancio-plieno\/\"]}]},{\"@type\":\"ImageObject\",\"inLanguage\":\"ru-RU\",\"@id\":\"https:\/\/happyinaknit.com\/produktas\/lotus-yarns-prisukami-virbalai-13-cm-is-nerudijancio-plieno\/#primaryimage\",\"url\":\"https:\/\/happyinaknit.com\/wp-content\/uploads\/2026\/04\/LXM3308.jpg.webp\",\"contentUrl\":\"https:\/\/happyinaknit.com\/wp-content\/uploads\/2026\/04\/LXM3308.jpg.webp\",\"width\":1100,\"height\":1100},{\"@type\":\"BreadcrumbList\",\"@id\":\"https:\/\/happyinaknit.com\/produktas\/lotus-yarns-prisukami-virbalai-13-cm-is-nerudijancio-plieno\/#breadcrumb\",\"itemListElement\":[{\"@type\":\"ListItem\",\"position\":1,\"name\":\"Home\",\"item\":\"https:\/\/happyinaknit.com\/lt\/\"},{\"@type\":\"ListItem\",\"position\":2,\"name\":\"Parduotuv\u0117\",\"item\":\"https:\/\/happyinaknit.com\/lt\/parduotuve\/\"},{\"@type\":\"ListItem\",\"position\":3,\"name\":\"Lotus Yarns Pamir prisukami virbalai 13 cm i\u0161 ner\u016bdijan\u010dio plieno\"}]},{\"@type\":\"WebSite\",\"@id\":\"https:\/\/happyinaknit.com\/lt\/#website\",\"url\":\"https:\/\/happyinaknit.com\/lt\/\",\"name\":\"Happyinaknit.com\",\"description\":\"\",\"potentialAction\":[{\"@type\":\"SearchAction\",\"target\":{\"@type\":\"EntryPoint\",\"urlTemplate\":\"https:\/\/happyinaknit.com\/lt\/?s={search_term_string}\"},\"query-input\":{\"@type\":\"PropertyValueSpecification\",\"valueRequired\":true,\"valueName\":\"search_term_string\"}}],\"inLanguage\":\"ru-RU\"}]}<\/script>\n<!-- \/ Yoast SEO plugin. -->","yoast_head_json":{"title":"Lotus Yarns Pamir prisukami virbalai 13 cm i\u0161 ner\u016bdijan\u010dio plieno - Happyinaknit.com","robots":{"index":"index","follow":"follow","max-snippet":"max-snippet:-1","max-image-preview":"max-image-preview:large","max-video-preview":"max-video-preview:-1"},"canonical":"https:\/\/happyinaknit.com\/ru\/product\/lotus-yarns-prisukami-virbalai-13-cm-is-nerudijancio-plieno\/","og_locale":"ru_RU","og_type":"article","og_title":"Lotus Yarns Pamir prisukami virbalai 13 cm i\u0161 ner\u016bdijan\u010dio plieno - Happyinaknit.com","og_description":"Prisukami virbalai 13 cm \u00a0i\u0161 ner\u016bdijan\u010dio plieno \u2013 lengvi, itin glotn\u016bs ir patog\u016bs virbalai, sukurti skland\u017eiam mezgimui ir precizi\u0161kiems projektams. Savyb\u0117s: Ilgis: 13 cm \/ 5\u201d Pagaminti i\u0161 auk\u0161tos kokyb\u0117s 304 ner\u016bdijan\u010dio plieno Itin lengvi ir glotnaus pavir\u0161iaus A\u0161tr\u016bs galiukai Ergonomi\u0161kas dizainas padeda suma\u017einti rank\u0173 nuovarg\u012f Tobulai lygus pavir\u0161ius u\u017etikrina skland\u0173 aki\u0173 slydim\u0105 Kiekvieno dyd\u017eio [&hellip;]","og_url":"https:\/\/happyinaknit.com\/ru\/product\/lotus-yarns-prisukami-virbalai-13-cm-is-nerudijancio-plieno\/","og_site_name":"Happyinaknit.com","article_modified_time":"2026-05-06T15:26:36+00:00","og_image":[{"width":1100,"height":1100,"url":"https:\/\/happyinaknit.com\/wp-content\/uploads\/2026\/04\/LXM3308.jpg.webp","type":"image\/webp"}],"twitter_card":"summary_large_image","twitter_misc":{"\u041f\u0440\u0438\u043c\u0435\u0440\u043d\u043e\u0435 \u0432\u0440\u0435\u043c\u044f \u0434\u043b\u044f \u0447\u0442\u0435\u043d\u0438\u044f":"1 \u043c\u0438\u043d\u0443\u0442\u0430"},"schema":{"@context":"https:\/\/schema.org","@graph":[{"@type":"WebPage","@id":"https:\/\/happyinaknit.com\/produktas\/lotus-yarns-prisukami-virbalai-13-cm-is-nerudijancio-plieno\/","url":"https:\/\/happyinaknit.com\/produktas\/lotus-yarns-prisukami-virbalai-13-cm-is-nerudijancio-plieno\/","name":"Lotus Yarns Pamir prisukami virbalai 13 cm i\u0161 ner\u016bdijan\u010dio plieno - Happyinaknit.com","isPartOf":{"@id":"https:\/\/happyinaknit.com\/lt\/#website"},"primaryImageOfPage":{"@id":"https:\/\/happyinaknit.com\/produktas\/lotus-yarns-prisukami-virbalai-13-cm-is-nerudijancio-plieno\/#primaryimage"},"image":{"@id":"https:\/\/happyinaknit.com\/produktas\/lotus-yarns-prisukami-virbalai-13-cm-is-nerudijancio-plieno\/#primaryimage"},"thumbnailUrl":"https:\/\/happyinaknit.com\/wp-content\/uploads\/2026\/04\/LXM3308.jpg.webp","datePublished":"2026-04-27T21:20:33+00:00","dateModified":"2026-05-06T15:26:36+00:00","breadcrumb":{"@id":"https:\/\/happyinaknit.com\/produktas\/lotus-yarns-prisukami-virbalai-13-cm-is-nerudijancio-plieno\/#breadcrumb"},"inLanguage":"ru-RU","potentialAction":[{"@type":"ReadAction","target":["https:\/\/happyinaknit.com\/produktas\/lotus-yarns-prisukami-virbalai-13-cm-is-nerudijancio-plieno\/"]}]},{"@type":"ImageObject","inLanguage":"ru-RU","@id":"https:\/\/happyinaknit.com\/produktas\/lotus-yarns-prisukami-virbalai-13-cm-is-nerudijancio-plieno\/#primaryimage","url":"https:\/\/happyinaknit.com\/wp-content\/uploads\/2026\/04\/LXM3308.jpg.webp","contentUrl":"https:\/\/happyinaknit.com\/wp-content\/uploads\/2026\/04\/LXM3308.jpg.webp","width":1100,"height":1100},{"@type":"BreadcrumbList","@id":"https:\/\/happyinaknit.com\/produktas\/lotus-yarns-prisukami-virbalai-13-cm-is-nerudijancio-plieno\/#breadcrumb","itemListElement":[{"@type":"ListItem","position":1,"name":"Home","item":"https:\/\/happyinaknit.com\/lt\/"},{"@type":"ListItem","position":2,"name":"Parduotuv\u0117","item":"https:\/\/happyinaknit.com\/lt\/parduotuve\/"},{"@type":"ListItem","position":3,"name":"Lotus Yarns Pamir prisukami virbalai 13 cm i\u0161 ner\u016bdijan\u010dio plieno"}]},{"@type":"WebSite","@id":"https:\/\/happyinaknit.com\/lt\/#website","url":"https:\/\/happyinaknit.com\/lt\/","name":"Happyinaknit.com","description":"","potentialAction":[{"@type":"SearchAction","target":{"@type":"EntryPoint","urlTemplate":"https:\/\/happyinaknit.com\/lt\/?s={search_term_string}"},"query-input":{"@type":"PropertyValueSpecification","valueRequired":true,"valueName":"search_term_string"}}],"inLanguage":"ru-RU"}]}},"_links":{"self":[{"href":"https:\/\/happyinaknit.com\/ru\/wp-json\/wp\/v2\/product\/8593","targetHints":{"allow":["GET"]}}],"collection":[{"href":"https:\/\/happyinaknit.com\/ru\/wp-json\/wp\/v2\/product"}],"about":[{"href":"https:\/\/happyinaknit.com\/ru\/wp-json\/wp\/v2\/types\/product"}],"replies":[{"embeddable":true,"href":"https:\/\/happyinaknit.com\/ru\/wp-json\/wp\/v2\/comments?post=8593"}],"wp:featuredmedia":[{"embeddable":true,"href":"https:\/\/happyinaknit.com\/ru\/wp-json\/wp\/v2\/media\/8598"}],"wp:attachment":[{"href":"https:\/\/happyinaknit.com\/ru\/wp-json\/wp\/v2\/media?parent=8593"}],"wp:term":[{"taxonomy":"product_brand","embeddable":true,"href":"https:\/\/happyinaknit.com\/ru\/wp-json\/wp\/v2\/product_brand?post=8593"},{"taxonomy":"product_cat","embeddable":true,"href":"https:\/\/happyinaknit.com\/ru\/wp-json\/wp\/v2\/product_cat?post=8593"},{"taxonomy":"product_tag","embeddable":true,"href":"https:\/\/happyinaknit.com\/ru\/wp-json\/wp\/v2\/product_tag?post=8593"},{"taxonomy":"pro-kategorijos","embeddable":true,"href":"https:\/\/happyinaknit.com\/ru\/wp-json\/wp\/v2\/pro-kategorijos?post=8593"}],"curies":[{"name":"wp","href":"https:\/\/api.w.org\/{rel}","templated":true}]}}