{"id":8576,"date":"2026-04-27T20:54:50","date_gmt":"2026-04-27T20:54:50","guid":{"rendered":"https:\/\/happyinaknit.com\/?post_type=product&#038;p=8576"},"modified":"2026-05-06T15:26:31","modified_gmt":"2026-05-06T15:26:31","slug":"lotus-yarns-naturalios-odos-deklai-prisukamiems-virbalams","status":"publish","type":"product","link":"https:\/\/happyinaknit.com\/ru\/product\/lotus-yarns-naturalios-odos-deklai-prisukamiems-virbalams\/","title":{"rendered":"Lotus Yarns \u0447\u0435\u0445\u043e\u043b  \u0438\u0437 \u043d\u0430\u0442\u0443\u0440\u0430\u043b\u044c\u043d\u043e\u0439 \u043a\u043e\u0436\u0438 \u0434\u043b\u044f \u0440\u0430\u0437\u044a\u0435\u043c\u043d\u044b\u0445 \u0441\u043f\u0438\u0446"},"content":{"rendered":"<p><b>\u0427\u0435\u0445\u043e\u043b \u0438\u0437 \u043d\u0430\u0442\u0443\u0440\u0430\u043b\u044c\u043d\u043e\u0439 \u043a\u043e\u0436\u0438 \u0434\u043b\u044f \u0440\u0430\u0437\u044a\u0435\u043c\u043d\u044b\u0445 \u0441\u043f\u0438\u0446 <\/b>\u00a0- \u042d\u043b\u0435\u0433\u0430\u043d\u0442\u043d\u044b\u0439 \u0438 \u043f\u0440\u043e\u0447\u043d\u044b\u0439 \u0447\u0435\u0445\u043e\u043b \u0434\u043b\u044f \u0443\u0434\u043e\u0431\u043d\u043e\u0433\u043e \u0445\u0440\u0430\u043d\u0435\u043d\u0438\u044f \u0438 \u043e\u0440\u0433\u0430\u043d\u0438\u0437\u0430\u0446\u0438\u0438 \u0432\u0430\u0448\u0438\u0445 \u0438\u043d\u0441\u0442\u0440\u0443\u043c\u0435\u043d\u0442\u043e\u0432 \u0434\u043b\u044f \u0432\u044f\u0437\u0430\u043d\u0438\u044f. \u041e\u043d\u0438 \u0438\u0437\u0433\u043e\u0442\u043e\u0432\u043b\u0435\u043d\u044b \u0432\u0440\u0443\u0447\u043d\u0443\u044e \u0438\u0437 \u0432\u044b\u0441\u043e\u043a\u043e\u043a\u0430\u0447\u0435\u0441\u0442\u0432\u0435\u043d\u043d\u043e\u0439 \u043d\u0430\u0442\u0443\u0440\u0430\u043b\u044c\u043d\u043e\u0439 \u043a\u043e\u0436\u0438, \u043a\u043e\u0442\u043e\u0440\u0430\u044f \u043f\u0440\u0435\u043a\u0440\u0430\u0441\u043d\u043e \u0441\u0442\u0430\u0440\u0435\u0435\u0442 \u0438 \u0441\u043e \u0432\u0440\u0435\u043c\u0435\u043d\u0435\u043c \u043f\u0440\u0438\u043e\u0431\u0440\u0435\u0442\u0430\u0435\u0442 \u0435\u0449\u0435 \u0431\u043e\u043b\u044c\u0448\u0438\u0439 \u0445\u0430\u0440\u0430\u043a\u0442\u0435\u0440.<\/p>\n<p><b>\u0424\u0443\u043d\u043a\u0446\u0438\u0438:<\/b><b><\/b><\/p>\n<ul>\n<li>\u0418\u0437\u0433\u043e\u0442\u043e\u0432\u043b\u0435\u043d \u0438\u0437 \u0432\u044b\u0441\u043e\u043a\u043e\u043a\u0430\u0447\u0435\u0441\u0442\u0432\u0435\u043d\u043d\u043e\u0439 \u043d\u0430\u0442\u0443\u0440\u0430\u043b\u044c\u043d\u043e\u0439 \u043a\u043e\u0436\u0438<\/li>\n<li>\u0420\u0443\u0447\u043d\u0430\u044f \u0440\u0430\u0431\u043e\u0442\u0430, \u0434\u043e\u043b\u0433\u043e\u0432\u0435\u0447\u043d\u043e\u0441\u0442\u044c \u0438 \u044d\u0441\u0442\u0435\u0442\u0438\u0447\u043d\u043e\u0441\u0442\u044c<\/li>\n<li>\u0414\u043b\u044f \u0443\u0434\u043e\u0431\u043d\u043e\u0433\u043e \u0445\u0440\u0430\u043d\u0435\u043d\u0438\u044f \u0441\u043f\u0438\u0446, \u043b\u0435\u0441\u043e\u043a \u0438 \u0430\u043a\u0441\u0435\u0441\u0441\u0443\u0430\u0440\u043e\u0432<\/li>\n<li>\u041f\u043e\u0437\u0432\u043e\u043b\u044f\u0435\u0442 \u0438\u0437\u0431\u0435\u0436\u0430\u0442\u044c \u043f\u0443\u0442\u0430\u043d\u0438\u0446\u044b \u0438 \u043b\u0435\u0433\u043a\u043e \u043d\u0430\u0439\u0442\u0438 \u043d\u0443\u0436\u043d\u044b\u0439 \u0440\u0430\u0437\u043c\u0435\u0440<\/li>\n<li>\u041a\u043e\u043c\u043f\u0430\u043a\u0442\u043d\u044b\u0439 \u0438 \u0443\u0434\u043e\u0431\u043d\u044b\u0439 \u0434\u043b\u044f \u0442\u0440\u0430\u043d\u0441\u043f\u043e\u0440\u0442\u0438\u0440\u043e\u0432\u043a\u0438<\/li>\n<li>\u0418\u0434\u0435\u0430\u043b\u044c\u043d\u044b\u0439 \u043f\u043e\u0434\u0430\u0440\u043e\u043a \u043a\u0430\u043a \u0434\u043b\u044f \u043d\u0430\u0447\u0438\u043d\u0430\u044e\u0449\u0438\u0445, \u0442\u0430\u043a \u0438 \u0434\u043b\u044f \u043e\u043f\u044b\u0442\u043d\u044b\u0445 \u0432\u044f\u0437\u0430\u043b\u044c\u0449\u0438\u0446<\/li>\n<li>\u0423\u043f\u0430\u043a\u043e\u0432\u043a\u0430: \u0447\u0435\u0440\u043d\u044b\u0439 \u0431\u0430\u0440\u0445\u0430\u0442\u043d\u044b\u0439 \u043c\u0435\u0448\u043e\u0447\u0435\u043a \u0441 \u0437\u0430\u0432\u044f\u0437\u043a\u0430\u043c\u0438<\/li>\n<\/ul>\n<p><b>\u00a0\u0427\u0435\u0445\u043e\u043b \u043d\u0430 \u043c\u043e\u043b\u043d\u0438\u0438:<\/b><b><\/b><\/p>\n<ul>\n<li>11 \u043e\u0442\u0434\u0435\u043b\u0435\u043d\u0438\u0439 \u0434\u043b\u044f \u043a\u043e\u0440\u043e\u0442\u043a\u0438\u0445 \u0440\u0430\u0437\u044a\u0435\u043c\u043d\u044b\u0445 \u0441\u043f\u0438\u0446 (\u043e\u0442 2,75 \u043c\u043c \u0434\u043e 6,0 \u043c\u043c) + 1 \u0434\u043e\u043f\u043e\u043b\u043d\u0438\u0442\u0435\u043b\u044c\u043d\u043e\u0435 \u043c\u0435\u0441\u0442\u043e<\/li>\n<li>4 \u043a\u0430\u0440\u043c\u0430\u043d\u0430 \u0434\u043b\u044f \u043b\u0435\u0441\u043e\u043a \u0438 \u0430\u043a\u0441\u0435\u0441\u0441\u0443\u0430\u0440\u043e\u0432<\/li>\n<li>\u0420\u0430\u0437\u043c\u0435\u0440\u044b \u0441\u043f\u0438\u0446 \u043e\u0442\u043c\u0435\u0447\u0435\u043d\u044b \u0448\u0442\u0430\u043c\u043f\u043e\u043c \u0438\u0437 \u0437\u043e\u043b\u043e\u0442\u043e\u0439 \u0444\u043e\u043b\u044c\u0433\u0438<\/li>\n<li>\u0420\u0430\u0437\u043c\u0435\u0440 \u0437\u0430\u043a\u0440\u044b\u0442\u043e\u0433\u043e \u0447\u0435\u0445\u043b\u0430: 10,5 \u00d7 17,5 \u0441\u043c.<\/li>\n<li>\u0420\u0430\u0437\u043c\u0435\u0440 \u043e\u0442\u043a\u0440\u044b\u0442\u043e\u0433\u043e \u0447\u0435\u0445\u043b\u0430: 21,5 \u00d7 17,5 \u0441\u043c.<\/li>\n<\/ul>\n<p>&nbsp;<\/p>\n<p><b>\u041f\u0440\u0438\u043c\u0435\u0447\u0430\u043d\u0438\u0435:<\/b><b><\/b><\/p>\n<p>\u041d\u0430\u0442\u0443\u0440\u0430\u043b\u044c\u043d\u0430\u044f \u043a\u043e\u0436\u0430 \u043c\u043e\u0436\u0435\u0442 \u0438\u043c\u0435\u0442\u044c \u0435\u0434\u0432\u0430 \u0437\u0430\u043c\u0435\u0442\u043d\u044b\u0435 \u0440\u0430\u0437\u043b\u0438\u0447\u0438\u044f \u0432 \u0442\u0435\u043a\u0441\u0442\u0443\u0440\u0435 - \u044d\u0442\u043e \u0447\u0430\u0441\u0442\u044c \u0435\u0435 \u043f\u043e\u0434\u043b\u0438\u043d\u043d\u043e\u0441\u0442\u0438.<\/p>","protected":false},"excerpt":{"rendered":"<p>Nat\u016bralios odos d\u0117klai prisukamiems virbalams \u00a0\u2013 eleganti\u0161ki ir ilgaam\u017eiai d\u0117klai, skirti patogiai laikyti bei organizuoti j\u016bs\u0173 mezgimo \u012frankius. Rank\u0173 darbo gaminiai i\u0161 auk\u0161tos kokyb\u0117s nat\u016bralios odos, kuri laikui b\u0117gant gra\u017eiai sensta ir \u012fgauna dar daugiau charakterio. Savyb\u0117s: Pagaminti i\u0161 auk\u0161tos kokyb\u0117s nat\u016bralios odos Rank\u0173 darbo, ilgaam\u017eiai ir esteti\u0161ki Skirti patogiam virbal\u0173 su valu ir pried\u0173 [&hellip;]<\/p>\n","protected":false},"featured_media":8581,"comment_status":"open","ping_status":"closed","template":"","meta":{"_acf_changed":false},"product_brand":[1639],"product_cat":[15,1079,20],"product_tag":[30],"pro-kategorijos":[],"class_list":{"0":"post-8576","1":"product","2":"type-product","3":"status-publish","4":"has-post-thumbnail","6":"product_brand-lotus-yarns","7":"product_cat-visi-produktai","8":"product_cat-deklai","9":"product_cat-priedai-mezgimui","10":"product_tag-naujiena","12":"first","13":"outofstock","14":"shipping-taxable","15":"purchasable","16":"product-type-simple"},"acf":[],"yoast_head":"<!-- This site is optimized with the Yoast SEO plugin v26.8 - https:\/\/yoast.com\/product\/yoast-seo-wordpress\/ -->\n<title>Lotus Yarns nat\u016bralios odos d\u0117klai prisukamiems virbalams - Happyinaknit.com<\/title>\n<meta name=\"robots\" content=\"index, follow, max-snippet:-1, max-image-preview:large, max-video-preview:-1\" \/>\n<link rel=\"canonical\" href=\"https:\/\/happyinaknit.com\/ru\/product\/lotus-yarns-naturalios-odos-deklai-prisukamiems-virbalams\/\" \/>\n<meta property=\"og:locale\" content=\"ru_RU\" \/>\n<meta property=\"og:type\" content=\"article\" \/>\n<meta property=\"og:title\" content=\"Lotus Yarns nat\u016bralios odos d\u0117klai prisukamiems virbalams - Happyinaknit.com\" \/>\n<meta property=\"og:description\" content=\"Nat\u016bralios odos d\u0117klai prisukamiems virbalams \u00a0\u2013 eleganti\u0161ki ir ilgaam\u017eiai d\u0117klai, skirti patogiai laikyti bei organizuoti j\u016bs\u0173 mezgimo \u012frankius. Rank\u0173 darbo gaminiai i\u0161 auk\u0161tos kokyb\u0117s nat\u016bralios odos, kuri laikui b\u0117gant gra\u017eiai sensta ir \u012fgauna dar daugiau charakterio. Savyb\u0117s: Pagaminti i\u0161 auk\u0161tos kokyb\u0117s nat\u016bralios odos Rank\u0173 darbo, ilgaam\u017eiai ir esteti\u0161ki Skirti patogiam virbal\u0173 su valu ir pried\u0173 [&hellip;]\" \/>\n<meta property=\"og:url\" content=\"https:\/\/happyinaknit.com\/ru\/product\/lotus-yarns-naturalios-odos-deklai-prisukamiems-virbalams\/\" \/>\n<meta property=\"og:site_name\" content=\"Happyinaknit.com\" \/>\n<meta property=\"article:modified_time\" content=\"2026-05-06T15:26:31+00:00\" \/>\n<meta property=\"og:image\" content=\"https:\/\/happyinaknit.com\/wp-content\/uploads\/2026\/04\/1001_4b945c5d-7601-4528-be75-a67fac480b63.jpg.webp\" \/>\n\t<meta property=\"og:image:width\" content=\"1100\" \/>\n\t<meta property=\"og:image:height\" content=\"1100\" \/>\n\t<meta property=\"og:image:type\" content=\"image\/webp\" \/>\n<meta name=\"twitter:card\" content=\"summary_large_image\" \/>\n<meta name=\"twitter:label1\" content=\"\u041f\u0440\u0438\u043c\u0435\u0440\u043d\u043e\u0435 \u0432\u0440\u0435\u043c\u044f \u0434\u043b\u044f \u0447\u0442\u0435\u043d\u0438\u044f\" \/>\n\t<meta name=\"twitter:data1\" content=\"1 \u043c\u0438\u043d\u0443\u0442\u0430\" \/>\n<script type=\"application\/ld+json\" class=\"yoast-schema-graph\">{\"@context\":\"https:\/\/schema.org\",\"@graph\":[{\"@type\":\"WebPage\",\"@id\":\"https:\/\/happyinaknit.com\/produktas\/lotus-yarns-naturalios-odos-deklai-prisukamiems-virbalams\/\",\"url\":\"https:\/\/happyinaknit.com\/produktas\/lotus-yarns-naturalios-odos-deklai-prisukamiems-virbalams\/\",\"name\":\"Lotus Yarns nat\u016bralios odos d\u0117klai prisukamiems virbalams - Happyinaknit.com\",\"isPartOf\":{\"@id\":\"https:\/\/happyinaknit.com\/lt\/#website\"},\"primaryImageOfPage\":{\"@id\":\"https:\/\/happyinaknit.com\/produktas\/lotus-yarns-naturalios-odos-deklai-prisukamiems-virbalams\/#primaryimage\"},\"image\":{\"@id\":\"https:\/\/happyinaknit.com\/produktas\/lotus-yarns-naturalios-odos-deklai-prisukamiems-virbalams\/#primaryimage\"},\"thumbnailUrl\":\"https:\/\/happyinaknit.com\/wp-content\/uploads\/2026\/04\/1001_4b945c5d-7601-4528-be75-a67fac480b63.jpg.webp\",\"datePublished\":\"2026-04-27T20:54:50+00:00\",\"dateModified\":\"2026-05-06T15:26:31+00:00\",\"breadcrumb\":{\"@id\":\"https:\/\/happyinaknit.com\/produktas\/lotus-yarns-naturalios-odos-deklai-prisukamiems-virbalams\/#breadcrumb\"},\"inLanguage\":\"ru-RU\",\"potentialAction\":[{\"@type\":\"ReadAction\",\"target\":[\"https:\/\/happyinaknit.com\/produktas\/lotus-yarns-naturalios-odos-deklai-prisukamiems-virbalams\/\"]}]},{\"@type\":\"ImageObject\",\"inLanguage\":\"ru-RU\",\"@id\":\"https:\/\/happyinaknit.com\/produktas\/lotus-yarns-naturalios-odos-deklai-prisukamiems-virbalams\/#primaryimage\",\"url\":\"https:\/\/happyinaknit.com\/wp-content\/uploads\/2026\/04\/1001_4b945c5d-7601-4528-be75-a67fac480b63.jpg.webp\",\"contentUrl\":\"https:\/\/happyinaknit.com\/wp-content\/uploads\/2026\/04\/1001_4b945c5d-7601-4528-be75-a67fac480b63.jpg.webp\",\"width\":1100,\"height\":1100},{\"@type\":\"BreadcrumbList\",\"@id\":\"https:\/\/happyinaknit.com\/produktas\/lotus-yarns-naturalios-odos-deklai-prisukamiems-virbalams\/#breadcrumb\",\"itemListElement\":[{\"@type\":\"ListItem\",\"position\":1,\"name\":\"Home\",\"item\":\"https:\/\/happyinaknit.com\/lt\/\"},{\"@type\":\"ListItem\",\"position\":2,\"name\":\"Parduotuv\u0117\",\"item\":\"https:\/\/happyinaknit.com\/lt\/parduotuve\/\"},{\"@type\":\"ListItem\",\"position\":3,\"name\":\"Lotus Yarns nat\u016bralios odos d\u0117klai prisukamiems virbalams\"}]},{\"@type\":\"WebSite\",\"@id\":\"https:\/\/happyinaknit.com\/lt\/#website\",\"url\":\"https:\/\/happyinaknit.com\/lt\/\",\"name\":\"Happyinaknit.com\",\"description\":\"\",\"potentialAction\":[{\"@type\":\"SearchAction\",\"target\":{\"@type\":\"EntryPoint\",\"urlTemplate\":\"https:\/\/happyinaknit.com\/lt\/?s={search_term_string}\"},\"query-input\":{\"@type\":\"PropertyValueSpecification\",\"valueRequired\":true,\"valueName\":\"search_term_string\"}}],\"inLanguage\":\"ru-RU\"}]}<\/script>\n<!-- \/ Yoast SEO plugin. -->","yoast_head_json":{"title":"Lotus Yarns nat\u016bralios odos d\u0117klai prisukamiems virbalams - Happyinaknit.com","robots":{"index":"index","follow":"follow","max-snippet":"max-snippet:-1","max-image-preview":"max-image-preview:large","max-video-preview":"max-video-preview:-1"},"canonical":"https:\/\/happyinaknit.com\/ru\/product\/lotus-yarns-naturalios-odos-deklai-prisukamiems-virbalams\/","og_locale":"ru_RU","og_type":"article","og_title":"Lotus Yarns nat\u016bralios odos d\u0117klai prisukamiems virbalams - Happyinaknit.com","og_description":"Nat\u016bralios odos d\u0117klai prisukamiems virbalams \u00a0\u2013 eleganti\u0161ki ir ilgaam\u017eiai d\u0117klai, skirti patogiai laikyti bei organizuoti j\u016bs\u0173 mezgimo \u012frankius. Rank\u0173 darbo gaminiai i\u0161 auk\u0161tos kokyb\u0117s nat\u016bralios odos, kuri laikui b\u0117gant gra\u017eiai sensta ir \u012fgauna dar daugiau charakterio. Savyb\u0117s: Pagaminti i\u0161 auk\u0161tos kokyb\u0117s nat\u016bralios odos Rank\u0173 darbo, ilgaam\u017eiai ir esteti\u0161ki Skirti patogiam virbal\u0173 su valu ir pried\u0173 [&hellip;]","og_url":"https:\/\/happyinaknit.com\/ru\/product\/lotus-yarns-naturalios-odos-deklai-prisukamiems-virbalams\/","og_site_name":"Happyinaknit.com","article_modified_time":"2026-05-06T15:26:31+00:00","og_image":[{"width":1100,"height":1100,"url":"https:\/\/happyinaknit.com\/wp-content\/uploads\/2026\/04\/1001_4b945c5d-7601-4528-be75-a67fac480b63.jpg.webp","type":"image\/webp"}],"twitter_card":"summary_large_image","twitter_misc":{"\u041f\u0440\u0438\u043c\u0435\u0440\u043d\u043e\u0435 \u0432\u0440\u0435\u043c\u044f \u0434\u043b\u044f \u0447\u0442\u0435\u043d\u0438\u044f":"1 \u043c\u0438\u043d\u0443\u0442\u0430"},"schema":{"@context":"https:\/\/schema.org","@graph":[{"@type":"WebPage","@id":"https:\/\/happyinaknit.com\/produktas\/lotus-yarns-naturalios-odos-deklai-prisukamiems-virbalams\/","url":"https:\/\/happyinaknit.com\/produktas\/lotus-yarns-naturalios-odos-deklai-prisukamiems-virbalams\/","name":"Lotus Yarns nat\u016bralios odos d\u0117klai prisukamiems virbalams - Happyinaknit.com","isPartOf":{"@id":"https:\/\/happyinaknit.com\/lt\/#website"},"primaryImageOfPage":{"@id":"https:\/\/happyinaknit.com\/produktas\/lotus-yarns-naturalios-odos-deklai-prisukamiems-virbalams\/#primaryimage"},"image":{"@id":"https:\/\/happyinaknit.com\/produktas\/lotus-yarns-naturalios-odos-deklai-prisukamiems-virbalams\/#primaryimage"},"thumbnailUrl":"https:\/\/happyinaknit.com\/wp-content\/uploads\/2026\/04\/1001_4b945c5d-7601-4528-be75-a67fac480b63.jpg.webp","datePublished":"2026-04-27T20:54:50+00:00","dateModified":"2026-05-06T15:26:31+00:00","breadcrumb":{"@id":"https:\/\/happyinaknit.com\/produktas\/lotus-yarns-naturalios-odos-deklai-prisukamiems-virbalams\/#breadcrumb"},"inLanguage":"ru-RU","potentialAction":[{"@type":"ReadAction","target":["https:\/\/happyinaknit.com\/produktas\/lotus-yarns-naturalios-odos-deklai-prisukamiems-virbalams\/"]}]},{"@type":"ImageObject","inLanguage":"ru-RU","@id":"https:\/\/happyinaknit.com\/produktas\/lotus-yarns-naturalios-odos-deklai-prisukamiems-virbalams\/#primaryimage","url":"https:\/\/happyinaknit.com\/wp-content\/uploads\/2026\/04\/1001_4b945c5d-7601-4528-be75-a67fac480b63.jpg.webp","contentUrl":"https:\/\/happyinaknit.com\/wp-content\/uploads\/2026\/04\/1001_4b945c5d-7601-4528-be75-a67fac480b63.jpg.webp","width":1100,"height":1100},{"@type":"BreadcrumbList","@id":"https:\/\/happyinaknit.com\/produktas\/lotus-yarns-naturalios-odos-deklai-prisukamiems-virbalams\/#breadcrumb","itemListElement":[{"@type":"ListItem","position":1,"name":"Home","item":"https:\/\/happyinaknit.com\/lt\/"},{"@type":"ListItem","position":2,"name":"Parduotuv\u0117","item":"https:\/\/happyinaknit.com\/lt\/parduotuve\/"},{"@type":"ListItem","position":3,"name":"Lotus Yarns nat\u016bralios odos d\u0117klai prisukamiems virbalams"}]},{"@type":"WebSite","@id":"https:\/\/happyinaknit.com\/lt\/#website","url":"https:\/\/happyinaknit.com\/lt\/","name":"Happyinaknit.com","description":"","potentialAction":[{"@type":"SearchAction","target":{"@type":"EntryPoint","urlTemplate":"https:\/\/happyinaknit.com\/lt\/?s={search_term_string}"},"query-input":{"@type":"PropertyValueSpecification","valueRequired":true,"valueName":"search_term_string"}}],"inLanguage":"ru-RU"}]}},"_links":{"self":[{"href":"https:\/\/happyinaknit.com\/ru\/wp-json\/wp\/v2\/product\/8576","targetHints":{"allow":["GET"]}}],"collection":[{"href":"https:\/\/happyinaknit.com\/ru\/wp-json\/wp\/v2\/product"}],"about":[{"href":"https:\/\/happyinaknit.com\/ru\/wp-json\/wp\/v2\/types\/product"}],"replies":[{"embeddable":true,"href":"https:\/\/happyinaknit.com\/ru\/wp-json\/wp\/v2\/comments?post=8576"}],"wp:featuredmedia":[{"embeddable":true,"href":"https:\/\/happyinaknit.com\/ru\/wp-json\/wp\/v2\/media\/8581"}],"wp:attachment":[{"href":"https:\/\/happyinaknit.com\/ru\/wp-json\/wp\/v2\/media?parent=8576"}],"wp:term":[{"taxonomy":"product_brand","embeddable":true,"href":"https:\/\/happyinaknit.com\/ru\/wp-json\/wp\/v2\/product_brand?post=8576"},{"taxonomy":"product_cat","embeddable":true,"href":"https:\/\/happyinaknit.com\/ru\/wp-json\/wp\/v2\/product_cat?post=8576"},{"taxonomy":"product_tag","embeddable":true,"href":"https:\/\/happyinaknit.com\/ru\/wp-json\/wp\/v2\/product_tag?post=8576"},{"taxonomy":"pro-kategorijos","embeddable":true,"href":"https:\/\/happyinaknit.com\/ru\/wp-json\/wp\/v2\/pro-kategorijos?post=8576"}],"curies":[{"name":"wp","href":"https:\/\/api.w.org\/{rel}","templated":true}]}}