{"id":8331,"date":"2026-03-28T13:13:15","date_gmt":"2026-03-28T13:13:15","guid":{"rendered":"https:\/\/happyinaknit.com\/?post_type=product&#038;p=8331"},"modified":"2026-04-02T18:15:55","modified_gmt":"2026-04-02T18:15:55","slug":"lang-yarns-fam-288-spring-summer-2026","status":"publish","type":"product","link":"https:\/\/happyinaknit.com\/ru\/product\/lang-yarns-fam-288-spring-summer-2026\/","title":{"rendered":"Lang Yarns FAM 288 - \u0432\u0435\u0441\u043d\u0430 \u0438 \u043b\u0435\u0442\u043e 2026 \u0433\u043e\u0434\u0430"},"content":{"rendered":"<p>\u041e\u0442\u043a\u0440\u043e\u0439\u0442\u0435 \u0434\u043b\u044f \u0441\u0435\u0431\u044f \u043d\u043e\u0432\u044b\u0439 \u0438\u0441\u0442\u043e\u0447\u043d\u0438\u043a \u0432\u0434\u043e\u0445\u043d\u043e\u0432\u0435\u043d\u0438\u044f \u0441 \u043f\u043e\u043c\u043e\u0449\u044c\u044e <i>\u041a\u043e\u043b\u043b\u0435\u043a\u0446\u0438\u044f FAM 288<\/i> - \u0412\u0435\u0441\u0435\u043d\u043d\u0435-\u043b\u0435\u0442\u043d\u044f\u044f \u043a\u043e\u043b\u043b\u0435\u043a\u0446\u0438\u044f \u0443\u0437\u043e\u0440\u043e\u0432 \u0434\u043b\u044f \u0432\u044f\u0437\u0430\u043d\u0438\u044f \u043a\u0440\u044e\u0447\u043a\u043e\u043c \u0438 \u0441\u043f\u0438\u0446\u0430\u043c\u0438. \u041e\u0442 \u044f\u0440\u043a\u043e\u0439 \u0440\u0435\u0442\u0440\u043e-\u0433\u0440\u0430\u0444\u0438\u043a\u0438, \u043e\u0441\u0432\u0435\u0436\u0430\u044e\u0449\u0435\u0439 \u0441\u043a\u0430\u043d\u0434\u0438\u043d\u0430\u0432\u0441\u043a\u043e\u0439 \u0441\u0432\u0435\u0436\u0435\u0441\u0442\u0438 \u0434\u043e \u0442\u043e\u043d\u043a\u043e \u043c\u0435\u0440\u0446\u0430\u044e\u0449\u0435\u0433\u043e \u0431\u043b\u0435\u0441\u043a\u0430, \u043a\u0430\u043a \u043d\u043e\u0447\u044c, - \u0432 \u044d\u0442\u043e\u0439 \u043f\u0443\u0431\u043b\u0438\u043a\u0430\u0446\u0438\u0438 \u043e\u0431\u044a\u0435\u0434\u0438\u043d\u0435\u043d\u044b \u0442\u0440\u0438 \u0440\u0430\u0437\u043d\u044b\u0445 \u0442\u0432\u043e\u0440\u0447\u0435\u0441\u043a\u0438\u0445 \u043c\u0438\u0440\u0430.<\/p>\n<p>\u041a\u043e\u043b\u043b\u0435\u043a\u0446\u0438\u044f \u043f\u0440\u0438\u0433\u043b\u0430\u0448\u0430\u0435\u0442 \u0432\u0430\u0441 \u044d\u043a\u0441\u043f\u0435\u0440\u0438\u043c\u0435\u043d\u0442\u0438\u0440\u043e\u0432\u0430\u0442\u044c \u0441 \u0446\u0432\u0435\u0442\u0430\u043c\u0438, \u0444\u043e\u0440\u043c\u0430\u043c\u0438 \u0438 \u0442\u0435\u043a\u0441\u0442\u0443\u0440\u0430\u043c\u0438 - \u043e\u0442 \u0441\u043c\u0435\u043b\u044b\u0445, \u043d\u0430\u0441\u044b\u0449\u0435\u043d\u043d\u044b\u0445 \u043e\u0442\u0442\u0435\u043d\u043a\u043e\u0432 \u0434\u043e \u043f\u0440\u0438\u0433\u043b\u0443\u0448\u0435\u043d\u043d\u044b\u0445 \u0442\u043e\u043d\u043e\u0432, \u043e\u0442 \u0447\u0438\u0441\u0442\u044b\u0445 \u043b\u0438\u043d\u0438\u0439 \u0434\u043e \u0436\u0438\u0432\u044b\u0445, \u0432\u044b\u0440\u0430\u0437\u0438\u0442\u0435\u043b\u044c\u043d\u044b\u0445 \u043f\u043e\u0432\u0435\u0440\u0445\u043d\u043e\u0441\u0442\u0435\u0439. \u042d\u0442\u043e \u0432\u0434\u043e\u0445\u043d\u043e\u0432\u0435\u043d\u0438\u0435 \u043a\u0430\u043a \u0434\u043b\u044f \u0438\u0433\u0440\u0438\u0432\u044b\u0445, \u0442\u0430\u043a \u0438 \u0434\u043b\u044f \u043c\u0438\u043d\u0438\u043c\u0430\u043b\u0438\u0441\u0442\u0438\u0447\u043d\u044b\u0445 \u043f\u0440\u043e\u0435\u043a\u0442\u043e\u0432.<\/p>\n<p><b>\u0424\u043e\u0440\u043c\u0430\u0442:<\/b> \u0416\u0443\u0440\u043d\u0430\u043b \u043f\u043e \u0432\u044f\u0437\u0430\u043d\u0438\u044e \u043a\u0440\u044e\u0447\u043a\u043e\u043c \u0438 \u0441\u043f\u0438\u0446\u0430\u043c\u0438<\/p>\n<p><b>\u0421\u0435\u0437\u043e\u043d:<\/b> 2026 \u0432\u0435\u0441\u043d\u0430\/\u043b\u0435\u0442\u043e<\/p>\n<p><b>\u042f\u0437\u044b\u043a:<\/b> \u0416\u0443\u0440\u043d\u0430\u043b \u043d\u0430 \u0440\u0443\u0441\u0441\u043a\u043e\u043c \u044f\u0437\u044b\u043a\u0435<\/p>\n<p><b>\u0418\u0434\u0435\u0430\u043b\u044c\u043d\u043e \u043f\u043e\u0434\u0445\u043e\u0434\u0438\u0442 \u0434\u043b\u044f:<\/b><b><\/b><\/p>\n<p>- \u0434\u043b\u044f \u0442\u0435\u0445, \u043a\u0442\u043e \u0438\u0449\u0435\u0442 \u043d\u043e\u0432\u044b\u0435 \u0438\u0434\u0435\u0438 \u0434\u043b\u044f \u0432\u0435\u0441\u0435\u043d\u043d\u0438\u0445 \u0438 \u043b\u0435\u0442\u043d\u0438\u0445 \u043f\u0440\u043e\u0435\u043a\u0442\u043e\u0432<\/p>\n<p>- \u0414\u043b\u044f \u0442\u0435\u0445, \u043a\u0442\u043e \u043b\u044e\u0431\u0438\u0442 \u0441\u043e\u0432\u0440\u0435\u043c\u0435\u043d\u043d\u044b\u0439, \u043d\u043e \u0443\u043d\u0438\u0432\u0435\u0440\u0441\u0430\u043b\u044c\u043d\u044b\u0439 \u0434\u0438\u0437\u0430\u0439\u043d<\/p>\n<p>- \u0442\u0435\u043c, \u043a\u0442\u043e \u0446\u0435\u043d\u0438\u0442 \u0438\u0433\u0440\u0443 \u0446\u0432\u0435\u0442\u043e\u0432 \u0438 \u0444\u0430\u043a\u0442\u0443\u0440<\/p>\n<p><b>\u041f\u0440\u0438\u043c\u0435\u0447\u0430\u043d\u0438\u0435:<\/b> \u0426\u0432\u0435\u0442\u043e\u0432\u044b\u0435 \u043e\u0442\u0442\u0435\u043d\u043a\u0438 \u043c\u043e\u0433\u0443\u0442 \u043d\u0435\u0437\u043d\u0430\u0447\u0438\u0442\u0435\u043b\u044c\u043d\u043e \u043e\u0442\u043b\u0438\u0447\u0430\u0442\u044c\u0441\u044f \u0432 \u0437\u0430\u0432\u0438\u0441\u0438\u043c\u043e\u0441\u0442\u0438 \u043e\u0442 \u044d\u043a\u0440\u0430\u043d\u0430 \u0432\u0430\u0448\u0435\u0433\u043e \u0443\u0441\u0442\u0440\u043e\u0439\u0441\u0442\u0432\u0430.<\/p>","protected":false},"excerpt":{"rendered":"<p>Atraskite nauj\u0105 \u012fkv\u0117pimo \u0161altin\u012f su FAM 288 Collection \u2013 pavasario ir vasaros mezgimo bei n\u0117rimo modeli\u0173 kolekcija. \u0160iame leidinyje susijungia trys i\u0161skirtiniai k\u016brybiniai pasauliai: nuo ry\u0161kaus \u201eRetro Graphic\u201c, gaivaus \u201eScandinavian Fresh\u201c iki subtiliai spindin\u010dio \u201eSparkly as the Night\u201c. Kolekcija kvie\u010dia eksperimentuoti su spalvomis, formomis ir tekst\u016bromis \u2013 nuo dr\u0105si\u0173, intensyvi\u0173 atspalvi\u0173 iki \u0161velniai prislopint\u0173 ton\u0173, [&hellip;]<\/p>\n","protected":false},"featured_media":8341,"comment_status":"open","ping_status":"closed","template":"","meta":{"_acf_changed":false},"product_brand":[70],"product_cat":[15,397],"product_tag":[30],"pro-kategorijos":[],"class_list":{"0":"post-8331","1":"product","2":"type-product","3":"status-publish","4":"has-post-thumbnail","6":"product_brand-lang-yarns","7":"product_cat-visi-produktai","8":"product_cat-spauda","9":"product_tag-naujiena","11":"first","12":"outofstock","13":"shipping-taxable","14":"purchasable","15":"product-type-simple"},"acf":[],"yoast_head":"<!-- This site is optimized with the Yoast SEO plugin v26.8 - https:\/\/yoast.com\/product\/yoast-seo-wordpress\/ -->\n<title>Lang Yarns FAM 288 - Spring &amp; Summer 2026 - Happyinaknit.com<\/title>\n<meta name=\"robots\" content=\"index, follow, max-snippet:-1, max-image-preview:large, max-video-preview:-1\" \/>\n<link rel=\"canonical\" href=\"https:\/\/happyinaknit.com\/ru\/product\/lang-yarns-fam-288-spring-summer-2026\/\" \/>\n<meta property=\"og:locale\" content=\"ru_RU\" \/>\n<meta property=\"og:type\" content=\"article\" \/>\n<meta property=\"og:title\" content=\"Lang Yarns FAM 288 - Spring &amp; Summer 2026 - Happyinaknit.com\" \/>\n<meta property=\"og:description\" content=\"Atraskite nauj\u0105 \u012fkv\u0117pimo \u0161altin\u012f su FAM 288 Collection \u2013 pavasario ir vasaros mezgimo bei n\u0117rimo modeli\u0173 kolekcija. \u0160iame leidinyje susijungia trys i\u0161skirtiniai k\u016brybiniai pasauliai: nuo ry\u0161kaus \u201eRetro Graphic\u201c, gaivaus \u201eScandinavian Fresh\u201c iki subtiliai spindin\u010dio \u201eSparkly as the Night\u201c. Kolekcija kvie\u010dia eksperimentuoti su spalvomis, formomis ir tekst\u016bromis \u2013 nuo dr\u0105si\u0173, intensyvi\u0173 atspalvi\u0173 iki \u0161velniai prislopint\u0173 ton\u0173, [&hellip;]\" \/>\n<meta property=\"og:url\" content=\"https:\/\/happyinaknit.com\/ru\/product\/lang-yarns-fam-288-spring-summer-2026\/\" \/>\n<meta property=\"og:site_name\" content=\"Happyinaknit.com\" \/>\n<meta property=\"article:modified_time\" content=\"2026-04-02T18:15:55+00:00\" \/>\n<meta property=\"og:image\" content=\"https:\/\/happyinaknit.com\/wp-content\/uploads\/2026\/03\/IMG_7989-e1774703794289.jpg\" \/>\n\t<meta property=\"og:image:width\" content=\"1315\" \/>\n\t<meta property=\"og:image:height\" content=\"1895\" \/>\n\t<meta property=\"og:image:type\" content=\"image\/jpeg\" \/>\n<meta name=\"twitter:card\" content=\"summary_large_image\" \/>\n<meta name=\"twitter:label1\" content=\"\u041f\u0440\u0438\u043c\u0435\u0440\u043d\u043e\u0435 \u0432\u0440\u0435\u043c\u044f \u0434\u043b\u044f \u0447\u0442\u0435\u043d\u0438\u044f\" \/>\n\t<meta name=\"twitter:data1\" content=\"1 \u043c\u0438\u043d\u0443\u0442\u0430\" \/>\n<script type=\"application\/ld+json\" class=\"yoast-schema-graph\">{\"@context\":\"https:\/\/schema.org\",\"@graph\":[{\"@type\":\"WebPage\",\"@id\":\"https:\/\/happyinaknit.com\/produktas\/lang-yarns-fam-288-spring-summer-2026\/\",\"url\":\"https:\/\/happyinaknit.com\/produktas\/lang-yarns-fam-288-spring-summer-2026\/\",\"name\":\"Lang Yarns FAM 288 - Spring & Summer 2026 - Happyinaknit.com\",\"isPartOf\":{\"@id\":\"https:\/\/happyinaknit.com\/lt\/#website\"},\"primaryImageOfPage\":{\"@id\":\"https:\/\/happyinaknit.com\/produktas\/lang-yarns-fam-288-spring-summer-2026\/#primaryimage\"},\"image\":{\"@id\":\"https:\/\/happyinaknit.com\/produktas\/lang-yarns-fam-288-spring-summer-2026\/#primaryimage\"},\"thumbnailUrl\":\"https:\/\/happyinaknit.com\/wp-content\/uploads\/2026\/03\/IMG_7989-e1774703794289.jpg\",\"datePublished\":\"2026-03-28T13:13:15+00:00\",\"dateModified\":\"2026-04-02T18:15:55+00:00\",\"breadcrumb\":{\"@id\":\"https:\/\/happyinaknit.com\/produktas\/lang-yarns-fam-288-spring-summer-2026\/#breadcrumb\"},\"inLanguage\":\"ru-RU\",\"potentialAction\":[{\"@type\":\"ReadAction\",\"target\":[\"https:\/\/happyinaknit.com\/produktas\/lang-yarns-fam-288-spring-summer-2026\/\"]}]},{\"@type\":\"ImageObject\",\"inLanguage\":\"ru-RU\",\"@id\":\"https:\/\/happyinaknit.com\/produktas\/lang-yarns-fam-288-spring-summer-2026\/#primaryimage\",\"url\":\"https:\/\/happyinaknit.com\/wp-content\/uploads\/2026\/03\/IMG_7989-e1774703794289.jpg\",\"contentUrl\":\"https:\/\/happyinaknit.com\/wp-content\/uploads\/2026\/03\/IMG_7989-e1774703794289.jpg\",\"width\":1315,\"height\":1895,\"caption\":\"Screenshot\"},{\"@type\":\"BreadcrumbList\",\"@id\":\"https:\/\/happyinaknit.com\/produktas\/lang-yarns-fam-288-spring-summer-2026\/#breadcrumb\",\"itemListElement\":[{\"@type\":\"ListItem\",\"position\":1,\"name\":\"Home\",\"item\":\"https:\/\/happyinaknit.com\/lt\/\"},{\"@type\":\"ListItem\",\"position\":2,\"name\":\"Parduotuv\u0117\",\"item\":\"https:\/\/happyinaknit.com\/lt\/parduotuve\/\"},{\"@type\":\"ListItem\",\"position\":3,\"name\":\"Lang Yarns FAM 288 &#8211; Spring &#038; Summer 2026\"}]},{\"@type\":\"WebSite\",\"@id\":\"https:\/\/happyinaknit.com\/lt\/#website\",\"url\":\"https:\/\/happyinaknit.com\/lt\/\",\"name\":\"Happyinaknit.com\",\"description\":\"\",\"potentialAction\":[{\"@type\":\"SearchAction\",\"target\":{\"@type\":\"EntryPoint\",\"urlTemplate\":\"https:\/\/happyinaknit.com\/lt\/?s={search_term_string}\"},\"query-input\":{\"@type\":\"PropertyValueSpecification\",\"valueRequired\":true,\"valueName\":\"search_term_string\"}}],\"inLanguage\":\"ru-RU\"}]}<\/script>\n<!-- \/ Yoast SEO plugin. -->","yoast_head_json":{"title":"Lang Yarns FAM 288 - Spring & Summer 2026 - Happyinaknit.com","robots":{"index":"index","follow":"follow","max-snippet":"max-snippet:-1","max-image-preview":"max-image-preview:large","max-video-preview":"max-video-preview:-1"},"canonical":"https:\/\/happyinaknit.com\/ru\/product\/lang-yarns-fam-288-spring-summer-2026\/","og_locale":"ru_RU","og_type":"article","og_title":"Lang Yarns FAM 288 - Spring & Summer 2026 - Happyinaknit.com","og_description":"Atraskite nauj\u0105 \u012fkv\u0117pimo \u0161altin\u012f su FAM 288 Collection \u2013 pavasario ir vasaros mezgimo bei n\u0117rimo modeli\u0173 kolekcija. \u0160iame leidinyje susijungia trys i\u0161skirtiniai k\u016brybiniai pasauliai: nuo ry\u0161kaus \u201eRetro Graphic\u201c, gaivaus \u201eScandinavian Fresh\u201c iki subtiliai spindin\u010dio \u201eSparkly as the Night\u201c. Kolekcija kvie\u010dia eksperimentuoti su spalvomis, formomis ir tekst\u016bromis \u2013 nuo dr\u0105si\u0173, intensyvi\u0173 atspalvi\u0173 iki \u0161velniai prislopint\u0173 ton\u0173, [&hellip;]","og_url":"https:\/\/happyinaknit.com\/ru\/product\/lang-yarns-fam-288-spring-summer-2026\/","og_site_name":"Happyinaknit.com","article_modified_time":"2026-04-02T18:15:55+00:00","og_image":[{"width":1315,"height":1895,"url":"https:\/\/happyinaknit.com\/wp-content\/uploads\/2026\/03\/IMG_7989-e1774703794289.jpg","type":"image\/jpeg"}],"twitter_card":"summary_large_image","twitter_misc":{"\u041f\u0440\u0438\u043c\u0435\u0440\u043d\u043e\u0435 \u0432\u0440\u0435\u043c\u044f \u0434\u043b\u044f \u0447\u0442\u0435\u043d\u0438\u044f":"1 \u043c\u0438\u043d\u0443\u0442\u0430"},"schema":{"@context":"https:\/\/schema.org","@graph":[{"@type":"WebPage","@id":"https:\/\/happyinaknit.com\/produktas\/lang-yarns-fam-288-spring-summer-2026\/","url":"https:\/\/happyinaknit.com\/produktas\/lang-yarns-fam-288-spring-summer-2026\/","name":"Lang Yarns FAM 288 - Spring & Summer 2026 - Happyinaknit.com","isPartOf":{"@id":"https:\/\/happyinaknit.com\/lt\/#website"},"primaryImageOfPage":{"@id":"https:\/\/happyinaknit.com\/produktas\/lang-yarns-fam-288-spring-summer-2026\/#primaryimage"},"image":{"@id":"https:\/\/happyinaknit.com\/produktas\/lang-yarns-fam-288-spring-summer-2026\/#primaryimage"},"thumbnailUrl":"https:\/\/happyinaknit.com\/wp-content\/uploads\/2026\/03\/IMG_7989-e1774703794289.jpg","datePublished":"2026-03-28T13:13:15+00:00","dateModified":"2026-04-02T18:15:55+00:00","breadcrumb":{"@id":"https:\/\/happyinaknit.com\/produktas\/lang-yarns-fam-288-spring-summer-2026\/#breadcrumb"},"inLanguage":"ru-RU","potentialAction":[{"@type":"ReadAction","target":["https:\/\/happyinaknit.com\/produktas\/lang-yarns-fam-288-spring-summer-2026\/"]}]},{"@type":"ImageObject","inLanguage":"ru-RU","@id":"https:\/\/happyinaknit.com\/produktas\/lang-yarns-fam-288-spring-summer-2026\/#primaryimage","url":"https:\/\/happyinaknit.com\/wp-content\/uploads\/2026\/03\/IMG_7989-e1774703794289.jpg","contentUrl":"https:\/\/happyinaknit.com\/wp-content\/uploads\/2026\/03\/IMG_7989-e1774703794289.jpg","width":1315,"height":1895,"caption":"Screenshot"},{"@type":"BreadcrumbList","@id":"https:\/\/happyinaknit.com\/produktas\/lang-yarns-fam-288-spring-summer-2026\/#breadcrumb","itemListElement":[{"@type":"ListItem","position":1,"name":"Home","item":"https:\/\/happyinaknit.com\/lt\/"},{"@type":"ListItem","position":2,"name":"Parduotuv\u0117","item":"https:\/\/happyinaknit.com\/lt\/parduotuve\/"},{"@type":"ListItem","position":3,"name":"Lang Yarns FAM 288 &#8211; Spring &#038; Summer 2026"}]},{"@type":"WebSite","@id":"https:\/\/happyinaknit.com\/lt\/#website","url":"https:\/\/happyinaknit.com\/lt\/","name":"Happyinaknit.com","description":"","potentialAction":[{"@type":"SearchAction","target":{"@type":"EntryPoint","urlTemplate":"https:\/\/happyinaknit.com\/lt\/?s={search_term_string}"},"query-input":{"@type":"PropertyValueSpecification","valueRequired":true,"valueName":"search_term_string"}}],"inLanguage":"ru-RU"}]}},"_links":{"self":[{"href":"https:\/\/happyinaknit.com\/ru\/wp-json\/wp\/v2\/product\/8331","targetHints":{"allow":["GET"]}}],"collection":[{"href":"https:\/\/happyinaknit.com\/ru\/wp-json\/wp\/v2\/product"}],"about":[{"href":"https:\/\/happyinaknit.com\/ru\/wp-json\/wp\/v2\/types\/product"}],"replies":[{"embeddable":true,"href":"https:\/\/happyinaknit.com\/ru\/wp-json\/wp\/v2\/comments?post=8331"}],"wp:featuredmedia":[{"embeddable":true,"href":"https:\/\/happyinaknit.com\/ru\/wp-json\/wp\/v2\/media\/8341"}],"wp:attachment":[{"href":"https:\/\/happyinaknit.com\/ru\/wp-json\/wp\/v2\/media?parent=8331"}],"wp:term":[{"taxonomy":"product_brand","embeddable":true,"href":"https:\/\/happyinaknit.com\/ru\/wp-json\/wp\/v2\/product_brand?post=8331"},{"taxonomy":"product_cat","embeddable":true,"href":"https:\/\/happyinaknit.com\/ru\/wp-json\/wp\/v2\/product_cat?post=8331"},{"taxonomy":"product_tag","embeddable":true,"href":"https:\/\/happyinaknit.com\/ru\/wp-json\/wp\/v2\/product_tag?post=8331"},{"taxonomy":"pro-kategorijos","embeddable":true,"href":"https:\/\/happyinaknit.com\/ru\/wp-json\/wp\/v2\/pro-kategorijos?post=8331"}],"curies":[{"name":"wp","href":"https:\/\/api.w.org\/{rel}","templated":true}]}}