{"id":8201,"date":"2026-03-11T15:58:33","date_gmt":"2026-03-11T15:58:33","guid":{"rendered":"https:\/\/happyinaknit.com\/?post_type=product&#038;p=8201"},"modified":"2026-03-11T21:58:41","modified_gmt":"2026-03-11T21:58:41","slug":"muud-carita-i","status":"publish","type":"product","link":"https:\/\/happyinaknit.com\/ru\/product\/muud-carita-i\/","title":{"rendered":"Muud Carita I"},"content":{"rendered":"<p><b>Muud Carita I - \u0441\u044a\u0435\u043c\u043d\u044b\u0439 \u043a\u043e\u0436\u0430\u043d\u044b\u0439 \u0444\u0443\u0442\u043b\u044f\u0440 \u0434\u043b\u044f \u0432\u0438\u043d\u0442\u043e\u0432\u044b\u0445 \u0441\u0442\u0440\u0443\u043d<\/b><b><\/b><\/p>\n<p><i>\u041a\u0430\u0440\u0438\u0442\u0430 I<\/i> - \u0421\u0442\u0438\u043b\u044c\u043d\u044b\u0439 \u0438 \u043f\u0440\u0430\u043a\u0442\u0438\u0447\u043d\u044b\u0439 \u043a\u043e\u0436\u0430\u043d\u044b\u0439 \u0444\u0443\u0442\u043b\u044f\u0440 \u0434\u043b\u044f \u0443\u0434\u043e\u0431\u043d\u043e\u0433\u043e \u0445\u0440\u0430\u043d\u0435\u043d\u0438\u044f \u0432\u0430\u0448\u0438\u0445 \u0441\u0442\u0440\u0443\u043d \u041a\u043e\u043c\u043f\u0430\u043a\u0442\u043d\u044b\u0439 \u0438 \u0444\u0443\u043d\u043a\u0446\u0438\u043e\u043d\u0430\u043b\u044c\u043d\u044b\u0439 \u0434\u0438\u0437\u0430\u0439\u043d \u043f\u043e\u043c\u043e\u0436\u0435\u0442 \u0432\u0430\u043c \u0430\u043a\u043a\u0443\u0440\u0430\u0442\u043d\u043e \u0441\u043b\u043e\u0436\u0438\u0442\u044c \u0432\u0430\u0448\u0438 \u0441\u0442\u0440\u0443\u043d\u044b \u0438 \u0437\u0430\u0449\u0438\u0442\u0438\u0442\u044c \u0438\u0445 \u0432 \u044d\u043b\u0435\u0433\u0430\u043d\u0442\u043d\u043e\u043c \u0438 \u043f\u0440\u043e\u0447\u043d\u043e\u043c \u0444\u0443\u0442\u043b\u044f\u0440\u0435.<\/p>\n<p>\u0427\u0435\u0445\u043e\u043b \u0441\u044a\u0435\u043c\u043d\u044b\u0439, \u043f\u043e\u044d\u0442\u043e\u043c\u0443 \u0435\u0433\u043e \u043c\u043e\u0436\u043d\u043e \u0438\u0441\u043f\u043e\u043b\u044c\u0437\u043e\u0432\u0430\u0442\u044c \u043e\u0442\u0434\u0435\u043b\u044c\u043d\u043e \u0438\u043b\u0438 \u043f\u0440\u0438\u043a\u0440\u0435\u043f\u0438\u0442\u044c \u043a <i>\u041a\u0430\u0440\u0438\u0442\u0430<\/i> \u0432 \u043b\u043e\u0442\u043a\u0435 \u0441\u043e \u0441\u043f\u0435\u0446\u0438\u0430\u043b\u044c\u043d\u044b\u043c\u0438 \u043a\u0440\u0443\u0433\u043b\u044b\u043c\u0438 \u043c\u0435\u0442\u0430\u043b\u043b\u0438\u0447\u0435\u0441\u043a\u0438\u043c\u0438 \u043a\u043e\u043b\u044c\u0446\u0430\u043c\u0438 - \u043a\u0430\u043a \u0434\u043e\u043a\u0443\u043c\u0435\u043d\u0442\u044b \u0432 \u0441\u043a\u043e\u0440\u043e\u0441\u0448\u0438\u0432\u0430\u0442\u0435\u043b\u0435. \u042d\u0442\u043e \u043f\u043e\u0437\u0432\u043e\u043b\u044f\u0435\u0442 \u043b\u0435\u0433\u043a\u043e \u0430\u0434\u0430\u043f\u0442\u0438\u0440\u043e\u0432\u0430\u0442\u044c \u0441\u0438\u0441\u0442\u0435\u043c\u0443 \u0445\u0440\u0430\u043d\u0435\u043d\u0438\u044f \u043a \u0432\u0430\u0448\u0438\u043c \u043f\u043e\u0442\u0440\u0435\u0431\u043d\u043e\u0441\u0442\u044f\u043c.<\/p>\n<p>\u0418\u0434\u0435\u0430\u043b\u044c\u043d\u044b\u0439 \u0432\u044b\u0431\u043e\u0440 \u043a\u0430\u043a \u0432 \u043a\u0430\u0447\u0435\u0441\u0442\u0432\u0435 \u043e\u0442\u0434\u0435\u043b\u044c\u043d\u043e\u0433\u043e \u0440\u0435\u0448\u0435\u043d\u0438\u044f \u0434\u043b\u044f \u0445\u0440\u0430\u043d\u0435\u043d\u0438\u044f \u043d\u0430\u0432\u0438\u043d\u0447\u0438\u0432\u0430\u044e\u0449\u0438\u0445\u0441\u044f \u0448\u043d\u0443\u0440\u043a\u043e\u0432, \u0442\u0430\u043a \u0438 \u0432 \u043a\u0430\u0447\u0435\u0441\u0442\u0432\u0435 \u0434\u043e\u043f\u043e\u043b\u043d\u0438\u0442\u0435\u043b\u044c\u043d\u043e\u0433\u043e \u0430\u043a\u0441\u0435\u0441\u0441\u0443\u0430\u0440\u0430 \u043a <i>\u041a\u0430\u0440\u0438\u0442\u0430<\/i> \u043f\u043e\u0434\u043d\u043e\u0441.<\/p>\n<p><b>\u0425\u0430\u0440\u0430\u043a\u0442\u0435\u0440\u0438\u0441\u0442\u0438\u043a\u0438<\/b><b><\/b><\/p>\n<p>-\u0412\u044b\u0441\u043e\u043a\u043e\u043a\u0430\u0447\u0435\u0441\u0442\u0432\u0435\u043d\u043d\u0430\u044f \u043d\u0430\u0442\u0443\u0440\u0430\u043b\u044c\u043d\u0430\u044f \u043a\u043e\u0436\u0430<\/p>\n<p>-\u041f\u0440\u0435\u0434\u043e\u0441\u0442\u0430\u0432\u043b\u0435\u043d\u043e <b>\u0434\u043e 11 \u043d\u0430\u0432\u0438\u043d\u0447\u0438\u0432\u0430\u044e\u0449\u0438\u0445\u0441\u044f \u0448\u043d\u0443\u0440\u043e\u0432\u00a0<\/b><b><\/b><\/p>\n<p>-\u0421\u044a\u0435\u043c\u043d\u0430\u044f \u043a\u043e\u043d\u0441\u0442\u0440\u0443\u043a\u0446\u0438\u044f - \u043c\u043e\u0436\u043d\u043e \u0438\u0441\u043f\u043e\u043b\u044c\u0437\u043e\u0432\u0430\u0442\u044c \u043e\u0442\u0434\u0435\u043b\u044c\u043d\u043e \u0438\u043b\u0438 \u043f\u0440\u0438\u043a\u0440\u0435\u043f\u0438\u0442\u044c \u043a \u0447\u0435\u0445\u043b\u0443 Carita<\/p>\n<p>-\u041a\u043e\u043c\u043f\u0430\u043a\u0442\u043d\u043e\u0435 \u0438 \u044d\u043b\u0435\u0433\u0430\u043d\u0442\u043d\u043e\u0435 \u0440\u0435\u0448\u0435\u043d\u0438\u0435 \u0434\u043b\u044f \u0445\u0440\u0430\u043d\u0435\u043d\u0438\u044f \u0448\u043d\u0443\u0440\u043e\u0432<\/p>\n<p><b>\u0420\u0430\u0437\u043c\u0435\u0440\u044b<\/b><b><\/b><\/p>\n<p>\u2022<b>\u0412\u044b\u0441\u043e\u0442\u0430:<\/b> 21 \u0441\u043c<\/p>\n<p>\u2022<b>\u0414\u043b\u0438\u043d\u0430:<\/b> 12 \u0441\u043c<\/p>\n<p>\u2022<b>\u041c\u0430\u0442\u0435\u0440\u0438\u0430\u043b:<\/b> \u043d\u0430\u0442\u0443\u0440\u0430\u043b\u044c\u043d\u0430\u044f \u043a\u043e\u0436\u0430<\/p>\n<p>\u2022<b>\u041f\u043e\u0434\u043a\u043b\u0430\u0434\u043a\u0430:<\/b> \u043d\u0435\u0434\u043e\u0441\u0442\u0443\u043f\u043d\u043e<\/p>\n<p><b>\u0421\u043e\u0432\u0435\u0442\u044b \u043f\u043e \u0443\u0445\u043e\u0434\u0443<\/b><b><\/b><\/p>\n<p>\u0420\u0435\u043a\u043e\u043c\u0435\u043d\u0434\u0443\u044e\u0442\u0441\u044f \u0441\u043f\u0435\u0446\u0438\u0430\u043b\u044c\u043d\u044b\u0435 \u0441\u0440\u0435\u0434\u0441\u0442\u0432\u0430 \u043f\u043e \u0443\u0445\u043e\u0434\u0443 \u0437\u0430 \u043a\u043e\u0436\u0435\u0439 <i>\u0423\u0445\u043e\u0434 \u0438 \u0447\u0438\u0441\u0442\u043a\u0430<\/i>, \u0447\u0442\u043e\u0431\u044b \u0441\u043e\u0445\u0440\u0430\u043d\u0438\u0442\u044c \u043a\u0440\u0430\u0441\u043e\u0442\u0443 \u0438 \u0434\u043e\u043b\u0433\u043e\u0432\u0435\u0447\u043d\u043e\u0441\u0442\u044c \u0432\u0430\u0448\u0435\u0439 \u043a\u043e\u0436\u0438.<\/p>\n<p>\u041f\u0440\u0438\u043c\u0435\u0447\u0430\u043d\u0438\u0435: \u043e\u0442\u0442\u0435\u043d\u043a\u0438 \u0446\u0432\u0435\u0442\u043e\u0432 \u043c\u043e\u0433\u0443\u0442 \u043d\u0435\u0437\u043d\u0430\u0447\u0438\u0442\u0435\u043b\u044c\u043d\u043e \u043e\u0442\u043b\u0438\u0447\u0430\u0442\u044c\u0441\u044f \u0432 \u0437\u0430\u0432\u0438\u0441\u0438\u043c\u043e\u0441\u0442\u0438 \u043e\u0442 \u044d\u043a\u0440\u0430\u043d\u0430 \u0432\u0430\u0448\u0435\u0433\u043e \u0443\u0441\u0442\u0440\u043e\u0439\u0441\u0442\u0432\u0430.<\/p>","protected":false},"excerpt":{"rendered":"<p>Muud Carita I \u2013 nuimamas odinis d\u0117klas prisukamiems virbalams Carita I \u2013 tai stilingas ir prakti\u0161kas odinis d\u0117klas, skirtas patogiai laikyti prisukamiems virbalams Kompakti\u0161kas ir funkcionalus dizainas padeda tvarkingai susid\u0117ti virbalus bei apsaugoti juos eleganti\u0161kame ir patvariame d\u0117kle. D\u0117klas yra nuimamas, tod\u0117l j\u012f galima naudoti atskirai arba pritvirtinti prie Carita d\u0117klo specialiais apvaliais metaliniais \u017eiedais [&hellip;]<\/p>\n","protected":false},"featured_media":8184,"comment_status":"open","ping_status":"closed","template":"","meta":{"_acf_changed":false},"product_brand":[613],"product_cat":[15,1079,20],"product_tag":[],"pro-kategorijos":[],"class_list":{"0":"post-8201","1":"product","2":"type-product","3":"status-publish","4":"has-post-thumbnail","6":"product_brand-muud","7":"product_cat-visi-produktai","8":"product_cat-deklai","9":"product_cat-priedai-mezgimui","11":"first","12":"outofstock","13":"shipping-taxable","14":"purchasable","15":"product-type-simple"},"acf":[],"yoast_head":"<!-- This site is optimized with the Yoast SEO plugin v26.8 - https:\/\/yoast.com\/product\/yoast-seo-wordpress\/ -->\n<title>Muud Carita I - Happyinaknit.com<\/title>\n<meta name=\"robots\" content=\"index, follow, max-snippet:-1, max-image-preview:large, max-video-preview:-1\" \/>\n<link rel=\"canonical\" href=\"https:\/\/happyinaknit.com\/ru\/product\/muud-carita-i\/\" \/>\n<meta property=\"og:locale\" content=\"ru_RU\" \/>\n<meta property=\"og:type\" content=\"article\" \/>\n<meta property=\"og:title\" content=\"Muud Carita I - Happyinaknit.com\" \/>\n<meta property=\"og:description\" content=\"Muud Carita I \u2013 nuimamas odinis d\u0117klas prisukamiems virbalams Carita I \u2013 tai stilingas ir prakti\u0161kas odinis d\u0117klas, skirtas patogiai laikyti prisukamiems virbalams Kompakti\u0161kas ir funkcionalus dizainas padeda tvarkingai susid\u0117ti virbalus bei apsaugoti juos eleganti\u0161kame ir patvariame d\u0117kle. D\u0117klas yra nuimamas, tod\u0117l j\u012f galima naudoti atskirai arba pritvirtinti prie Carita d\u0117klo specialiais apvaliais metaliniais \u017eiedais [&hellip;]\" \/>\n<meta property=\"og:url\" content=\"https:\/\/happyinaknit.com\/ru\/product\/muud-carita-i\/\" \/>\n<meta property=\"og:site_name\" content=\"Happyinaknit.com\" \/>\n<meta property=\"article:modified_time\" content=\"2026-03-11T21:58:41+00:00\" \/>\n<meta property=\"og:image\" content=\"https:\/\/happyinaknit.com\/wp-content\/uploads\/2026\/03\/IMG_6939.webp\" \/>\n\t<meta property=\"og:image:width\" content=\"720\" \/>\n\t<meta property=\"og:image:height\" content=\"1080\" \/>\n\t<meta property=\"og:image:type\" content=\"image\/webp\" \/>\n<meta name=\"twitter:card\" content=\"summary_large_image\" \/>\n<meta name=\"twitter:label1\" content=\"\u041f\u0440\u0438\u043c\u0435\u0440\u043d\u043e\u0435 \u0432\u0440\u0435\u043c\u044f \u0434\u043b\u044f \u0447\u0442\u0435\u043d\u0438\u044f\" \/>\n\t<meta name=\"twitter:data1\" content=\"2 \u043c\u0438\u043d\u0443\u0442\u044b\" \/>\n<script type=\"application\/ld+json\" class=\"yoast-schema-graph\">{\"@context\":\"https:\/\/schema.org\",\"@graph\":[{\"@type\":\"WebPage\",\"@id\":\"https:\/\/happyinaknit.com\/produktas\/muud-carita-i\/\",\"url\":\"https:\/\/happyinaknit.com\/produktas\/muud-carita-i\/\",\"name\":\"Muud Carita I - Happyinaknit.com\",\"isPartOf\":{\"@id\":\"https:\/\/happyinaknit.com\/lt\/#website\"},\"primaryImageOfPage\":{\"@id\":\"https:\/\/happyinaknit.com\/produktas\/muud-carita-i\/#primaryimage\"},\"image\":{\"@id\":\"https:\/\/happyinaknit.com\/produktas\/muud-carita-i\/#primaryimage\"},\"thumbnailUrl\":\"https:\/\/happyinaknit.com\/wp-content\/uploads\/2026\/03\/IMG_6939.webp\",\"datePublished\":\"2026-03-11T15:58:33+00:00\",\"dateModified\":\"2026-03-11T21:58:41+00:00\",\"breadcrumb\":{\"@id\":\"https:\/\/happyinaknit.com\/produktas\/muud-carita-i\/#breadcrumb\"},\"inLanguage\":\"ru-RU\",\"potentialAction\":[{\"@type\":\"ReadAction\",\"target\":[\"https:\/\/happyinaknit.com\/produktas\/muud-carita-i\/\"]}]},{\"@type\":\"ImageObject\",\"inLanguage\":\"ru-RU\",\"@id\":\"https:\/\/happyinaknit.com\/produktas\/muud-carita-i\/#primaryimage\",\"url\":\"https:\/\/happyinaknit.com\/wp-content\/uploads\/2026\/03\/IMG_6939.webp\",\"contentUrl\":\"https:\/\/happyinaknit.com\/wp-content\/uploads\/2026\/03\/IMG_6939.webp\",\"width\":720,\"height\":1080},{\"@type\":\"BreadcrumbList\",\"@id\":\"https:\/\/happyinaknit.com\/produktas\/muud-carita-i\/#breadcrumb\",\"itemListElement\":[{\"@type\":\"ListItem\",\"position\":1,\"name\":\"Home\",\"item\":\"https:\/\/happyinaknit.com\/lt\/\"},{\"@type\":\"ListItem\",\"position\":2,\"name\":\"Parduotuv\u0117\",\"item\":\"https:\/\/happyinaknit.com\/lt\/parduotuve\/\"},{\"@type\":\"ListItem\",\"position\":3,\"name\":\"Muud Carita I\"}]},{\"@type\":\"WebSite\",\"@id\":\"https:\/\/happyinaknit.com\/lt\/#website\",\"url\":\"https:\/\/happyinaknit.com\/lt\/\",\"name\":\"Happyinaknit.com\",\"description\":\"\",\"potentialAction\":[{\"@type\":\"SearchAction\",\"target\":{\"@type\":\"EntryPoint\",\"urlTemplate\":\"https:\/\/happyinaknit.com\/lt\/?s={search_term_string}\"},\"query-input\":{\"@type\":\"PropertyValueSpecification\",\"valueRequired\":true,\"valueName\":\"search_term_string\"}}],\"inLanguage\":\"ru-RU\"}]}<\/script>\n<!-- \/ Yoast SEO plugin. -->","yoast_head_json":{"title":"Muud Carita I - Happyinaknit.com","robots":{"index":"index","follow":"follow","max-snippet":"max-snippet:-1","max-image-preview":"max-image-preview:large","max-video-preview":"max-video-preview:-1"},"canonical":"https:\/\/happyinaknit.com\/ru\/product\/muud-carita-i\/","og_locale":"ru_RU","og_type":"article","og_title":"Muud Carita I - Happyinaknit.com","og_description":"Muud Carita I \u2013 nuimamas odinis d\u0117klas prisukamiems virbalams Carita I \u2013 tai stilingas ir prakti\u0161kas odinis d\u0117klas, skirtas patogiai laikyti prisukamiems virbalams Kompakti\u0161kas ir funkcionalus dizainas padeda tvarkingai susid\u0117ti virbalus bei apsaugoti juos eleganti\u0161kame ir patvariame d\u0117kle. D\u0117klas yra nuimamas, tod\u0117l j\u012f galima naudoti atskirai arba pritvirtinti prie Carita d\u0117klo specialiais apvaliais metaliniais \u017eiedais [&hellip;]","og_url":"https:\/\/happyinaknit.com\/ru\/product\/muud-carita-i\/","og_site_name":"Happyinaknit.com","article_modified_time":"2026-03-11T21:58:41+00:00","og_image":[{"width":720,"height":1080,"url":"https:\/\/happyinaknit.com\/wp-content\/uploads\/2026\/03\/IMG_6939.webp","type":"image\/webp"}],"twitter_card":"summary_large_image","twitter_misc":{"\u041f\u0440\u0438\u043c\u0435\u0440\u043d\u043e\u0435 \u0432\u0440\u0435\u043c\u044f \u0434\u043b\u044f \u0447\u0442\u0435\u043d\u0438\u044f":"2 \u043c\u0438\u043d\u0443\u0442\u044b"},"schema":{"@context":"https:\/\/schema.org","@graph":[{"@type":"WebPage","@id":"https:\/\/happyinaknit.com\/produktas\/muud-carita-i\/","url":"https:\/\/happyinaknit.com\/produktas\/muud-carita-i\/","name":"Muud Carita I - Happyinaknit.com","isPartOf":{"@id":"https:\/\/happyinaknit.com\/lt\/#website"},"primaryImageOfPage":{"@id":"https:\/\/happyinaknit.com\/produktas\/muud-carita-i\/#primaryimage"},"image":{"@id":"https:\/\/happyinaknit.com\/produktas\/muud-carita-i\/#primaryimage"},"thumbnailUrl":"https:\/\/happyinaknit.com\/wp-content\/uploads\/2026\/03\/IMG_6939.webp","datePublished":"2026-03-11T15:58:33+00:00","dateModified":"2026-03-11T21:58:41+00:00","breadcrumb":{"@id":"https:\/\/happyinaknit.com\/produktas\/muud-carita-i\/#breadcrumb"},"inLanguage":"ru-RU","potentialAction":[{"@type":"ReadAction","target":["https:\/\/happyinaknit.com\/produktas\/muud-carita-i\/"]}]},{"@type":"ImageObject","inLanguage":"ru-RU","@id":"https:\/\/happyinaknit.com\/produktas\/muud-carita-i\/#primaryimage","url":"https:\/\/happyinaknit.com\/wp-content\/uploads\/2026\/03\/IMG_6939.webp","contentUrl":"https:\/\/happyinaknit.com\/wp-content\/uploads\/2026\/03\/IMG_6939.webp","width":720,"height":1080},{"@type":"BreadcrumbList","@id":"https:\/\/happyinaknit.com\/produktas\/muud-carita-i\/#breadcrumb","itemListElement":[{"@type":"ListItem","position":1,"name":"Home","item":"https:\/\/happyinaknit.com\/lt\/"},{"@type":"ListItem","position":2,"name":"Parduotuv\u0117","item":"https:\/\/happyinaknit.com\/lt\/parduotuve\/"},{"@type":"ListItem","position":3,"name":"Muud Carita I"}]},{"@type":"WebSite","@id":"https:\/\/happyinaknit.com\/lt\/#website","url":"https:\/\/happyinaknit.com\/lt\/","name":"Happyinaknit.com","description":"","potentialAction":[{"@type":"SearchAction","target":{"@type":"EntryPoint","urlTemplate":"https:\/\/happyinaknit.com\/lt\/?s={search_term_string}"},"query-input":{"@type":"PropertyValueSpecification","valueRequired":true,"valueName":"search_term_string"}}],"inLanguage":"ru-RU"}]}},"_links":{"self":[{"href":"https:\/\/happyinaknit.com\/ru\/wp-json\/wp\/v2\/product\/8201","targetHints":{"allow":["GET"]}}],"collection":[{"href":"https:\/\/happyinaknit.com\/ru\/wp-json\/wp\/v2\/product"}],"about":[{"href":"https:\/\/happyinaknit.com\/ru\/wp-json\/wp\/v2\/types\/product"}],"replies":[{"embeddable":true,"href":"https:\/\/happyinaknit.com\/ru\/wp-json\/wp\/v2\/comments?post=8201"}],"wp:featuredmedia":[{"embeddable":true,"href":"https:\/\/happyinaknit.com\/ru\/wp-json\/wp\/v2\/media\/8184"}],"wp:attachment":[{"href":"https:\/\/happyinaknit.com\/ru\/wp-json\/wp\/v2\/media?parent=8201"}],"wp:term":[{"taxonomy":"product_brand","embeddable":true,"href":"https:\/\/happyinaknit.com\/ru\/wp-json\/wp\/v2\/product_brand?post=8201"},{"taxonomy":"product_cat","embeddable":true,"href":"https:\/\/happyinaknit.com\/ru\/wp-json\/wp\/v2\/product_cat?post=8201"},{"taxonomy":"product_tag","embeddable":true,"href":"https:\/\/happyinaknit.com\/ru\/wp-json\/wp\/v2\/product_tag?post=8201"},{"taxonomy":"pro-kategorijos","embeddable":true,"href":"https:\/\/happyinaknit.com\/ru\/wp-json\/wp\/v2\/pro-kategorijos?post=8201"}],"curies":[{"name":"wp","href":"https:\/\/api.w.org\/{rel}","templated":true}]}}