{"id":8088,"date":"2026-02-17T11:59:08","date_gmt":"2026-02-17T11:59:08","guid":{"rendered":"https:\/\/happyinaknit.com\/?post_type=product&#038;p=8088"},"modified":"2026-03-02T11:17:35","modified_gmt":"2026-03-02T11:17:35","slug":"chiaogoo-prisukamu-virbalu-uzverzejas-sirdele","status":"publish","type":"product","link":"https:\/\/happyinaknit.com\/ru\/product\/chiaogoo-prisukamu-virbalu-uzverzejas-sirdele\/","title":{"rendered":"ChiaoGoo \u0441\u0438\u043b\u0438\u043a\u043e\u043d\u043e\u0432\u043e\u0435 \u201e\u0421\u0435\u0440\u0434\u0446\u0435\u201c \u0434\u043b\u044f \u0437\u0430\u043a\u0440\u0443\u0447\u0438\u0432\u0430\u043d\u0438\u044f \u0442\u0440\u043e\u0441\u0438\u043a\u043e\u0432"},"content":{"rendered":"<p><b>ChiaoGoo \u0441\u0438\u043b\u0438\u043a\u043e\u043d\u043e\u0432\u043e\u0435 \u201e\u0421\u0435\u0440\u0434\u0446\u0435\u201c \u0434\u043b\u044f \u0437\u0430\u043a\u0440\u0443\u0447\u0438\u0432\u0430\u043d\u0438\u044f \u0442\u0440\u043e\u0441\u0438\u043a\u043e\u0432<\/b> - \u044d\u0442\u043e \u0443\u0434\u043e\u0431\u043d\u044b\u0439 \u0430\u043a\u0441\u0435\u0441\u0441\u0443\u0430\u0440, \u043a\u043e\u0442\u043e\u0440\u044b\u0439 \u043f\u043e\u043c\u043e\u0436\u0435\u0442 \u0432\u0430\u043c \u043b\u0435\u0433\u043a\u043e \u0438 \u043f\u0440\u043e\u0447\u043d\u043e \u043f\u0440\u0438\u043a\u0440\u0443\u0442\u0438\u0442\u044c \u043b\u0435\u0441\u043a\u0443 \u043a \u0440\u0430\u0437\u044a\u0435\u043c\u043d\u044b\u043c \u0441\u043f\u0438\u0446\u0430\u043c. \u0421\u0435\u0440\u0434\u0435\u0447\u043a\u043e \u0443\u043b\u0443\u0447\u0448\u0430\u0435\u0442 \u0437\u0430\u0445\u0432\u0430\u0442, \u043f\u043e\u044d\u0442\u043e\u043c\u0443 \u043f\u0430\u043b\u044c\u0446\u044b \u043d\u0435 \u0441\u043e\u0441\u043a\u0430\u043b\u044c\u0437\u044b\u0432\u0430\u044e\u0442, \u0430 \u0441\u043e\u0435\u0434\u0438\u043d\u0435\u043d\u0438\u0435 \u043f\u043e\u043b\u0443\u0447\u0430\u0435\u0442\u0441\u044f \u043d\u0430\u0434\u0435\u0436\u043d\u044b\u043c \u0438 \u0431\u0435\u0437\u043e\u043f\u0430\u0441\u043d\u044b\u043c.<\/p>\n<p><b>\u0424\u0443\u043d\u043a\u0446\u0438\u0438:<\/b><b><\/b><\/p>\n<p>- \u041f\u043e\u0437\u0432\u043e\u043b\u044f\u0435\u0442 \u043b\u0435\u0433\u043a\u043e \u043f\u0440\u0438\u043a\u0440\u0443\u0447\u0438\u0432\u0430\u0442\u044c \u043b\u0435\u0441\u043a\u0443 \u043a \u0441\u043f\u0438\u0446\u0430\u043c<\/p>\n<p>- \u041e\u0431\u0435\u0441\u043f\u0435\u0447\u0438\u0432\u0430\u0435\u0442 \u043b\u0443\u0447\u0448\u0438\u0439 \u0437\u0430\u0445\u0432\u0430\u0442 - \u043f\u0430\u043b\u044c\u0446\u044b \u043d\u0435 \u0441\u043e\u0441\u043a\u0430\u043b\u044c\u0437\u044b\u0432\u0430\u044e\u0442 \u043f\u0440\u0438 \u0437\u0430\u0432\u0438\u043d\u0447\u0438\u0432\u0430\u043d\u0438\u0438.<\/p>\n<p>- \u041a\u043e\u043c\u043f\u0430\u043a\u0442\u043d\u044b\u0439, \u043b\u0435\u0433\u043a\u0438\u0439 \u0438 \u043f\u0440\u043e\u0441\u0442\u043e\u0439 \u0432 \u0438\u0441\u043f\u043e\u043b\u044c\u0437\u043e\u0432\u0430\u043d\u0438\u0438<\/p>\n<p><b>\u0420\u0430\u0437\u043c\u0435\u0440:<\/b> 5 \u00d7 3,2 \u0441\u043c<\/p>\n<p><b>\u041a\u043e\u043b\u0438\u0447\u0435\u0441\u0442\u0432\u043e \u0432 \u0443\u043f\u0430\u043a\u043e\u0432\u043a\u0435:<\/b> 2 \u0448\u0442.<\/p>","protected":false},"excerpt":{"rendered":"<p>ChiaoGoo prisukam\u0173 virbal\u0173 u\u017ever\u017e\u0117jas \u201e\u0160irdel\u0117\u201c \u2013 tai patogus aksesuaras, skirtas pad\u0117ti lengvai ir tvirtai prisukti val\u0105 prie prisukam\u0173 virbal\u0173. U\u017ever\u017e\u0117jas pagerina sukibim\u0105, tod\u0117l pir\u0161tai neslysta, o sujungimas tampa saugus ir patikimas. Savyb\u0117s: \u2022 Padeda lengvai prisukti val\u0105 prie virbal\u0173 \u2022 U\u017etikrina geresn\u012f sukibim\u0105 \u2013 pir\u0161tai neslysta prisukimo metu \u2022 Kompakti\u0161kas, lengvas ir patogus naudoti Dydis: [&hellip;]<\/p>\n","protected":false},"featured_media":8089,"comment_status":"open","ping_status":"closed","template":"","meta":{"_acf_changed":false},"product_brand":[166],"product_cat":[15,867,19],"product_tag":[],"pro-kategorijos":[],"class_list":{"0":"post-8088","1":"product","2":"type-product","3":"status-publish","4":"has-post-thumbnail","6":"product_brand-chiaogoo","7":"product_cat-visi-produktai","8":"product_cat-jungtys-ir-kt-priedai","9":"product_cat-mezgimo-priemones","11":"first","12":"instock","13":"shipping-taxable","14":"purchasable","15":"product-type-simple"},"acf":[],"yoast_head":"<!-- This site is optimized with the Yoast SEO plugin v26.8 - https:\/\/yoast.com\/product\/yoast-seo-wordpress\/ -->\n<title>ChiaoGoo prisukam\u0173 virbal\u0173 u\u017ever\u017e\u0117jas \u201e\u0160irdel\u0117\u201c - Happyinaknit.com<\/title>\n<meta name=\"robots\" content=\"index, follow, max-snippet:-1, max-image-preview:large, max-video-preview:-1\" \/>\n<link rel=\"canonical\" href=\"https:\/\/happyinaknit.com\/ru\/product\/chiaogoo-prisukamu-virbalu-uzverzejas-sirdele\/\" \/>\n<meta property=\"og:locale\" content=\"ru_RU\" \/>\n<meta property=\"og:type\" content=\"article\" \/>\n<meta property=\"og:title\" content=\"ChiaoGoo prisukam\u0173 virbal\u0173 u\u017ever\u017e\u0117jas \u201e\u0160irdel\u0117\u201c - Happyinaknit.com\" \/>\n<meta property=\"og:description\" content=\"ChiaoGoo prisukam\u0173 virbal\u0173 u\u017ever\u017e\u0117jas \u201e\u0160irdel\u0117\u201c \u2013 tai patogus aksesuaras, skirtas pad\u0117ti lengvai ir tvirtai prisukti val\u0105 prie prisukam\u0173 virbal\u0173. U\u017ever\u017e\u0117jas pagerina sukibim\u0105, tod\u0117l pir\u0161tai neslysta, o sujungimas tampa saugus ir patikimas. Savyb\u0117s: \u2022 Padeda lengvai prisukti val\u0105 prie virbal\u0173 \u2022 U\u017etikrina geresn\u012f sukibim\u0105 \u2013 pir\u0161tai neslysta prisukimo metu \u2022 Kompakti\u0161kas, lengvas ir patogus naudoti Dydis: [&hellip;]\" \/>\n<meta property=\"og:url\" content=\"https:\/\/happyinaknit.com\/ru\/product\/chiaogoo-prisukamu-virbalu-uzverzejas-sirdele\/\" \/>\n<meta property=\"og:site_name\" content=\"Happyinaknit.com\" \/>\n<meta property=\"article:modified_time\" content=\"2026-03-02T11:17:35+00:00\" \/>\n<meta property=\"og:image\" content=\"https:\/\/happyinaknit.com\/wp-content\/uploads\/2026\/02\/ChiaoGoo-prisukamu-virbalu-uzverzejas-\u2018\u2018Sirdele\u2018\u2018-430x430-1.webp\" \/>\n\t<meta property=\"og:image:width\" content=\"430\" \/>\n\t<meta property=\"og:image:height\" content=\"430\" \/>\n\t<meta property=\"og:image:type\" content=\"image\/webp\" \/>\n<meta name=\"twitter:card\" content=\"summary_large_image\" \/>\n<meta name=\"twitter:label1\" content=\"\u041f\u0440\u0438\u043c\u0435\u0440\u043d\u043e\u0435 \u0432\u0440\u0435\u043c\u044f \u0434\u043b\u044f \u0447\u0442\u0435\u043d\u0438\u044f\" \/>\n\t<meta name=\"twitter:data1\" content=\"1 \u043c\u0438\u043d\u0443\u0442\u0430\" \/>\n<script type=\"application\/ld+json\" class=\"yoast-schema-graph\">{\"@context\":\"https:\/\/schema.org\",\"@graph\":[{\"@type\":\"WebPage\",\"@id\":\"https:\/\/happyinaknit.com\/produktas\/chiaogoo-prisukamu-virbalu-uzverzejas-sirdele\/\",\"url\":\"https:\/\/happyinaknit.com\/produktas\/chiaogoo-prisukamu-virbalu-uzverzejas-sirdele\/\",\"name\":\"ChiaoGoo prisukam\u0173 virbal\u0173 u\u017ever\u017e\u0117jas \u201e\u0160irdel\u0117\u201c - Happyinaknit.com\",\"isPartOf\":{\"@id\":\"https:\/\/happyinaknit.com\/lt\/#website\"},\"primaryImageOfPage\":{\"@id\":\"https:\/\/happyinaknit.com\/produktas\/chiaogoo-prisukamu-virbalu-uzverzejas-sirdele\/#primaryimage\"},\"image\":{\"@id\":\"https:\/\/happyinaknit.com\/produktas\/chiaogoo-prisukamu-virbalu-uzverzejas-sirdele\/#primaryimage\"},\"thumbnailUrl\":\"https:\/\/happyinaknit.com\/wp-content\/uploads\/2026\/02\/ChiaoGoo-prisukamu-virbalu-uzverzejas-\u2018\u2018Sirdele\u2018\u2018-430x430-1.webp\",\"datePublished\":\"2026-02-17T11:59:08+00:00\",\"dateModified\":\"2026-03-02T11:17:35+00:00\",\"breadcrumb\":{\"@id\":\"https:\/\/happyinaknit.com\/produktas\/chiaogoo-prisukamu-virbalu-uzverzejas-sirdele\/#breadcrumb\"},\"inLanguage\":\"ru-RU\",\"potentialAction\":[{\"@type\":\"ReadAction\",\"target\":[\"https:\/\/happyinaknit.com\/produktas\/chiaogoo-prisukamu-virbalu-uzverzejas-sirdele\/\"]}]},{\"@type\":\"ImageObject\",\"inLanguage\":\"ru-RU\",\"@id\":\"https:\/\/happyinaknit.com\/produktas\/chiaogoo-prisukamu-virbalu-uzverzejas-sirdele\/#primaryimage\",\"url\":\"https:\/\/happyinaknit.com\/wp-content\/uploads\/2026\/02\/ChiaoGoo-prisukamu-virbalu-uzverzejas-\u2018\u2018Sirdele\u2018\u2018-430x430-1.webp\",\"contentUrl\":\"https:\/\/happyinaknit.com\/wp-content\/uploads\/2026\/02\/ChiaoGoo-prisukamu-virbalu-uzverzejas-\u2018\u2018Sirdele\u2018\u2018-430x430-1.webp\",\"width\":430,\"height\":430},{\"@type\":\"BreadcrumbList\",\"@id\":\"https:\/\/happyinaknit.com\/produktas\/chiaogoo-prisukamu-virbalu-uzverzejas-sirdele\/#breadcrumb\",\"itemListElement\":[{\"@type\":\"ListItem\",\"position\":1,\"name\":\"Home\",\"item\":\"https:\/\/happyinaknit.com\/lt\/\"},{\"@type\":\"ListItem\",\"position\":2,\"name\":\"Parduotuv\u0117\",\"item\":\"https:\/\/happyinaknit.com\/lt\/parduotuve\/\"},{\"@type\":\"ListItem\",\"position\":3,\"name\":\"ChiaoGoo prisukam\u0173 virbal\u0173 u\u017ever\u017e\u0117jas \u201e\u0160irdel\u0117\u201c\"}]},{\"@type\":\"WebSite\",\"@id\":\"https:\/\/happyinaknit.com\/lt\/#website\",\"url\":\"https:\/\/happyinaknit.com\/lt\/\",\"name\":\"Happyinaknit.com\",\"description\":\"\",\"potentialAction\":[{\"@type\":\"SearchAction\",\"target\":{\"@type\":\"EntryPoint\",\"urlTemplate\":\"https:\/\/happyinaknit.com\/lt\/?s={search_term_string}\"},\"query-input\":{\"@type\":\"PropertyValueSpecification\",\"valueRequired\":true,\"valueName\":\"search_term_string\"}}],\"inLanguage\":\"ru-RU\"}]}<\/script>\n<!-- \/ Yoast SEO plugin. -->","yoast_head_json":{"title":"ChiaoGoo prisukam\u0173 virbal\u0173 u\u017ever\u017e\u0117jas \u201e\u0160irdel\u0117\u201c - Happyinaknit.com","robots":{"index":"index","follow":"follow","max-snippet":"max-snippet:-1","max-image-preview":"max-image-preview:large","max-video-preview":"max-video-preview:-1"},"canonical":"https:\/\/happyinaknit.com\/ru\/product\/chiaogoo-prisukamu-virbalu-uzverzejas-sirdele\/","og_locale":"ru_RU","og_type":"article","og_title":"ChiaoGoo prisukam\u0173 virbal\u0173 u\u017ever\u017e\u0117jas \u201e\u0160irdel\u0117\u201c - Happyinaknit.com","og_description":"ChiaoGoo prisukam\u0173 virbal\u0173 u\u017ever\u017e\u0117jas \u201e\u0160irdel\u0117\u201c \u2013 tai patogus aksesuaras, skirtas pad\u0117ti lengvai ir tvirtai prisukti val\u0105 prie prisukam\u0173 virbal\u0173. U\u017ever\u017e\u0117jas pagerina sukibim\u0105, tod\u0117l pir\u0161tai neslysta, o sujungimas tampa saugus ir patikimas. Savyb\u0117s: \u2022 Padeda lengvai prisukti val\u0105 prie virbal\u0173 \u2022 U\u017etikrina geresn\u012f sukibim\u0105 \u2013 pir\u0161tai neslysta prisukimo metu \u2022 Kompakti\u0161kas, lengvas ir patogus naudoti Dydis: [&hellip;]","og_url":"https:\/\/happyinaknit.com\/ru\/product\/chiaogoo-prisukamu-virbalu-uzverzejas-sirdele\/","og_site_name":"Happyinaknit.com","article_modified_time":"2026-03-02T11:17:35+00:00","og_image":[{"width":430,"height":430,"url":"https:\/\/happyinaknit.com\/wp-content\/uploads\/2026\/02\/ChiaoGoo-prisukamu-virbalu-uzverzejas-\u2018\u2018Sirdele\u2018\u2018-430x430-1.webp","type":"image\/webp"}],"twitter_card":"summary_large_image","twitter_misc":{"\u041f\u0440\u0438\u043c\u0435\u0440\u043d\u043e\u0435 \u0432\u0440\u0435\u043c\u044f \u0434\u043b\u044f \u0447\u0442\u0435\u043d\u0438\u044f":"1 \u043c\u0438\u043d\u0443\u0442\u0430"},"schema":{"@context":"https:\/\/schema.org","@graph":[{"@type":"WebPage","@id":"https:\/\/happyinaknit.com\/produktas\/chiaogoo-prisukamu-virbalu-uzverzejas-sirdele\/","url":"https:\/\/happyinaknit.com\/produktas\/chiaogoo-prisukamu-virbalu-uzverzejas-sirdele\/","name":"ChiaoGoo prisukam\u0173 virbal\u0173 u\u017ever\u017e\u0117jas \u201e\u0160irdel\u0117\u201c - Happyinaknit.com","isPartOf":{"@id":"https:\/\/happyinaknit.com\/lt\/#website"},"primaryImageOfPage":{"@id":"https:\/\/happyinaknit.com\/produktas\/chiaogoo-prisukamu-virbalu-uzverzejas-sirdele\/#primaryimage"},"image":{"@id":"https:\/\/happyinaknit.com\/produktas\/chiaogoo-prisukamu-virbalu-uzverzejas-sirdele\/#primaryimage"},"thumbnailUrl":"https:\/\/happyinaknit.com\/wp-content\/uploads\/2026\/02\/ChiaoGoo-prisukamu-virbalu-uzverzejas-\u2018\u2018Sirdele\u2018\u2018-430x430-1.webp","datePublished":"2026-02-17T11:59:08+00:00","dateModified":"2026-03-02T11:17:35+00:00","breadcrumb":{"@id":"https:\/\/happyinaknit.com\/produktas\/chiaogoo-prisukamu-virbalu-uzverzejas-sirdele\/#breadcrumb"},"inLanguage":"ru-RU","potentialAction":[{"@type":"ReadAction","target":["https:\/\/happyinaknit.com\/produktas\/chiaogoo-prisukamu-virbalu-uzverzejas-sirdele\/"]}]},{"@type":"ImageObject","inLanguage":"ru-RU","@id":"https:\/\/happyinaknit.com\/produktas\/chiaogoo-prisukamu-virbalu-uzverzejas-sirdele\/#primaryimage","url":"https:\/\/happyinaknit.com\/wp-content\/uploads\/2026\/02\/ChiaoGoo-prisukamu-virbalu-uzverzejas-\u2018\u2018Sirdele\u2018\u2018-430x430-1.webp","contentUrl":"https:\/\/happyinaknit.com\/wp-content\/uploads\/2026\/02\/ChiaoGoo-prisukamu-virbalu-uzverzejas-\u2018\u2018Sirdele\u2018\u2018-430x430-1.webp","width":430,"height":430},{"@type":"BreadcrumbList","@id":"https:\/\/happyinaknit.com\/produktas\/chiaogoo-prisukamu-virbalu-uzverzejas-sirdele\/#breadcrumb","itemListElement":[{"@type":"ListItem","position":1,"name":"Home","item":"https:\/\/happyinaknit.com\/lt\/"},{"@type":"ListItem","position":2,"name":"Parduotuv\u0117","item":"https:\/\/happyinaknit.com\/lt\/parduotuve\/"},{"@type":"ListItem","position":3,"name":"ChiaoGoo prisukam\u0173 virbal\u0173 u\u017ever\u017e\u0117jas \u201e\u0160irdel\u0117\u201c"}]},{"@type":"WebSite","@id":"https:\/\/happyinaknit.com\/lt\/#website","url":"https:\/\/happyinaknit.com\/lt\/","name":"Happyinaknit.com","description":"","potentialAction":[{"@type":"SearchAction","target":{"@type":"EntryPoint","urlTemplate":"https:\/\/happyinaknit.com\/lt\/?s={search_term_string}"},"query-input":{"@type":"PropertyValueSpecification","valueRequired":true,"valueName":"search_term_string"}}],"inLanguage":"ru-RU"}]}},"_links":{"self":[{"href":"https:\/\/happyinaknit.com\/ru\/wp-json\/wp\/v2\/product\/8088","targetHints":{"allow":["GET"]}}],"collection":[{"href":"https:\/\/happyinaknit.com\/ru\/wp-json\/wp\/v2\/product"}],"about":[{"href":"https:\/\/happyinaknit.com\/ru\/wp-json\/wp\/v2\/types\/product"}],"replies":[{"embeddable":true,"href":"https:\/\/happyinaknit.com\/ru\/wp-json\/wp\/v2\/comments?post=8088"}],"wp:featuredmedia":[{"embeddable":true,"href":"https:\/\/happyinaknit.com\/ru\/wp-json\/wp\/v2\/media\/8089"}],"wp:attachment":[{"href":"https:\/\/happyinaknit.com\/ru\/wp-json\/wp\/v2\/media?parent=8088"}],"wp:term":[{"taxonomy":"product_brand","embeddable":true,"href":"https:\/\/happyinaknit.com\/ru\/wp-json\/wp\/v2\/product_brand?post=8088"},{"taxonomy":"product_cat","embeddable":true,"href":"https:\/\/happyinaknit.com\/ru\/wp-json\/wp\/v2\/product_cat?post=8088"},{"taxonomy":"product_tag","embeddable":true,"href":"https:\/\/happyinaknit.com\/ru\/wp-json\/wp\/v2\/product_tag?post=8088"},{"taxonomy":"pro-kategorijos","embeddable":true,"href":"https:\/\/happyinaknit.com\/ru\/wp-json\/wp\/v2\/pro-kategorijos?post=8088"}],"curies":[{"name":"wp","href":"https:\/\/api.w.org\/{rel}","templated":true}]}}