{"id":8081,"date":"2026-02-16T18:56:51","date_gmt":"2026-02-16T18:56:51","guid":{"rendered":"https:\/\/happyinaknit.com\/?post_type=product&#038;p=8081"},"modified":"2026-02-16T19:15:27","modified_gmt":"2026-02-16T19:15:27","slug":"chiaogoo-deklas-virbalams-su-valu","status":"publish","type":"product","link":"https:\/\/happyinaknit.com\/ru\/product\/chiaogoo-deklas-virbalams-su-valu\/","title":{"rendered":"ChiaoGoo \u0447\u0435\u0445\u043e\u043b \u0434\u043b\u044f \u043a\u0440\u0443\u0433\u043e\u0432\u044b\u0445 \u0441\u043f\u0438\u0446"},"content":{"rendered":"<p><b>ChiaoGoo \u0447\u0435\u0445\u043e\u043b \u0434\u043b\u044f \u043a\u0440\u0443\u0433\u043e\u0432\u044b\u0445 \u0441\u043f\u0438\u0446<\/b> - \u0443\u0434\u043e\u0431\u043d\u043e\u0435 \u0438 \u0444\u0443\u043d\u043a\u0446\u0438\u043e\u043d\u0430\u043b\u044c\u043d\u043e\u0435 \u0440\u0435\u0448\u0435\u043d\u0438\u0435 \u0434\u043b\u044f \u0430\u043a\u043a\u0443\u0440\u0430\u0442\u043d\u043e\u0433\u043e \u0445\u0440\u0430\u043d\u0435\u043d\u0438\u044f \u0448\u043f\u0443\u043b\u044c \u0438 \u0430\u043a\u0441\u0435\u0441\u0441\u0443\u0430\u0440\u043e\u0432 \u0434\u043b\u044f \u0432\u044f\u0437\u0430\u043d\u0438\u044f. \u0424\u0443\u0442\u043b\u044f\u0440 \u043f\u043e\u043c\u043e\u0433\u0430\u0435\u0442 \u0437\u0430\u0449\u0438\u0442\u0438\u0442\u044c \u0448\u043f\u0443\u043b\u044c\u043a\u0438 \u043e\u0442 \u043f\u043e\u0432\u0440\u0435\u0436\u0434\u0435\u043d\u0438\u0439 \u0438 \u0433\u0430\u0440\u0430\u043d\u0442\u0438\u0440\u0443\u0435\u0442, \u0447\u0442\u043e \u0432\u0441\u0435 \u043d\u0435\u043e\u0431\u0445\u043e\u0434\u0438\u043c\u044b\u0435 \u0438\u043d\u0441\u0442\u0440\u0443\u043c\u0435\u043d\u0442\u044b \u0432\u0441\u0435\u0433\u0434\u0430 \u0431\u0443\u0434\u0443\u0442 \u0432 \u043e\u0434\u043d\u043e\u043c \u043c\u0435\u0441\u0442\u0435.<\/p>\n<p><b>\u0424\u0443\u043d\u043a\u0446\u0438\u0438: <\/b><b><\/b>\u0414\u043b\u044f \u0445\u0440\u0430\u043d\u0435\u043d\u0438\u044f \u043a\u0430\u043d\u0430\u0442\u043e\u0432 \u0438 \u043f\u0440\u0438\u043d\u0430\u0434\u043b\u0435\u0436\u043d\u043e\u0441\u0442\u0435\u0439<\/p>\n<p>-16 \u043e\u0442\u0434\u0435\u043b\u044c\u043d\u044b\u0445 \u043e\u0442\u0434\u0435\u043b\u0435\u043d\u0438\u0439 \u0434\u043b\u044f \u0443\u0434\u043e\u0431\u043d\u043e\u0433\u043e \u0445\u0440\u0430\u043d\u0435\u043d\u0438\u044f \u0438 \u0441\u043e\u0440\u0442\u0438\u0440\u043e\u0432\u043a\u0438 \u0432\u0435\u0440\u0435\u0432\u043e\u043a \u0438 \u0440\u0443\u043b\u043e\u043d\u043e\u0432<\/p>\n<p>-\u0414\u043e\u043f\u043e\u043b\u043d\u0438\u0442\u0435\u043b\u044c\u043d\u044b\u0439 \u0431\u043e\u043a\u043e\u0432\u043e\u0439 \u043a\u0430\u0440\u043c\u0430\u043d \u043d\u0430 \u043c\u043e\u043b\u043d\u0438\u0438 \u0434\u043b\u044f \u043c\u0435\u043b\u043a\u0438\u0445 \u0432\u044f\u0437\u0430\u043b\u044c\u043d\u044b\u0445 \u043f\u0440\u0438\u043d\u0430\u0434\u043b\u0435\u0436\u043d\u043e\u0441\u0442\u0435\u0439<\/p>\n<p>-\u041f\u043e\u0434\u0434\u043e\u043d \u0441 \u043c\u043e\u043b\u043d\u0438\u0435\u0439 \u0434\u043b\u044f \u0431\u0435\u0437\u043e\u043f\u0430\u0441\u043d\u043e\u0433\u043e \u0445\u0440\u0430\u043d\u0435\u043d\u0438\u044f \u0438 \u0443\u0434\u043e\u0431\u043d\u043e\u0433\u043e \u0438\u0441\u043f\u043e\u043b\u044c\u0437\u043e\u0432\u0430\u043d\u0438\u044f<\/p>\n<p>-\u041a\u043e\u043c\u043f\u0430\u043a\u0442\u043d\u044b\u0439 \u0438 \u0443\u0434\u043e\u0431\u043d\u044b\u0439 \u0434\u043b\u044f \u0438\u0441\u043f\u043e\u043b\u044c\u0437\u043e\u0432\u0430\u043d\u0438\u044f \u0434\u043e\u043c\u0430 \u0438\u043b\u0438 \u0432 \u0434\u043e\u0440\u043e\u0433\u0435<\/p>\n<p>-\u041f\u043e\u043c\u043e\u0433\u0430\u0435\u0442 \u043f\u043e\u0434\u0434\u0435\u0440\u0436\u0438\u0432\u0430\u0442\u044c \u043f\u043e\u0440\u044f\u0434\u043e\u043a \u0438 \u0437\u0430\u0449\u0438\u0449\u0430\u0435\u0442 \u0448\u043d\u0443\u0440\u044b \u043e\u0442 \u043f\u043e\u0432\u0440\u0435\u0436\u0434\u0435\u043d\u0438\u0439<\/p>\n<p><b>\u0420\u0430\u0437\u043c\u0435\u0440\u044b: <\/b><b><\/b>23 \u00d7 18 \u0441\u043c<\/p>\n<p><b>\u041c\u0430\u0442\u0435\u0440\u0438\u0430\u043b: <\/b><b><\/b>\u0422\u043a\u0430\u043d\u044c<\/p>\n<p><b>\u0426\u0435\u043b\u044c: <\/b><b><\/b>\u0414\u043b\u044f \u0445\u0440\u0430\u043d\u0435\u043d\u0438\u044f \u0448\u043f\u0443\u043b\u044c\u043a\u0438 \u0438 \u0432\u044f\u0437\u0430\u043b\u044c\u043d\u044b\u0445 \u043f\u0440\u0438\u043d\u0430\u0434\u043b\u0435\u0436\u043d\u043e\u0441\u0442\u0435\u0439<\/p>\n<p><b>\u041f\u0440\u0438\u043c\u0435\u0447\u0430\u043d\u0438\u0435:<\/b> \u0412\u0435\u0440\u0435\u0432\u043a\u0438 \u0441 \u0432\u0430\u043b\u043e\u043c \u0438 \u0430\u043a\u0441\u0435\u0441\u0441\u0443\u0430\u0440\u044b \u0432 \u043a\u043e\u043c\u043f\u043b\u0435\u043a\u0442 \u043d\u0435 \u0432\u0445\u043e\u0434\u044f\u0442.<\/p>","protected":false},"excerpt":{"rendered":"<p>ChiaoGoo d\u0117klas virbalams su valu \u2013 patogus ir funkcionalus sprendimas tvarkingai laikyti virbalus su valu bei mezgimo priedus. D\u0117klas padeda apsaugoti virbalus nuo pa\u017eeidim\u0173 ir u\u017etikrina, kad visi reikalingi \u012frankiai visada b\u016bt\u0173 vienoje vietoje. Savyb\u0117s: Skirtas virbalams su valu ir j\u0173 priedams laikyti \u202216 atskir\u0173 skyri\u0173 \u2013 patogiam virbal\u0173 su valu laikymui ir r\u016b\u0161iavimui \u2022Papildoma [&hellip;]<\/p>\n","protected":false},"featured_media":8077,"comment_status":"open","ping_status":"closed","template":"","meta":{"_acf_changed":false},"product_brand":[166],"product_cat":[15,1079,20],"product_tag":[],"pro-kategorijos":[],"class_list":{"0":"post-8081","1":"product","2":"type-product","3":"status-publish","4":"has-post-thumbnail","6":"product_brand-chiaogoo","7":"product_cat-visi-produktai","8":"product_cat-deklai","9":"product_cat-priedai-mezgimui","11":"first","12":"instock","13":"shipping-taxable","14":"purchasable","15":"product-type-simple"},"acf":[],"yoast_head":"<!-- This site is optimized with the Yoast SEO plugin v26.8 - https:\/\/yoast.com\/product\/yoast-seo-wordpress\/ -->\n<title>ChiaoGoo d\u0117klas virbalams su valu - Happyinaknit.com<\/title>\n<meta name=\"robots\" content=\"index, follow, max-snippet:-1, max-image-preview:large, max-video-preview:-1\" \/>\n<link rel=\"canonical\" href=\"https:\/\/happyinaknit.com\/ru\/product\/chiaogoo-deklas-virbalams-su-valu\/\" \/>\n<meta property=\"og:locale\" content=\"ru_RU\" \/>\n<meta property=\"og:type\" content=\"article\" \/>\n<meta property=\"og:title\" content=\"ChiaoGoo d\u0117klas virbalams su valu - Happyinaknit.com\" \/>\n<meta property=\"og:description\" content=\"ChiaoGoo d\u0117klas virbalams su valu \u2013 patogus ir funkcionalus sprendimas tvarkingai laikyti virbalus su valu bei mezgimo priedus. D\u0117klas padeda apsaugoti virbalus nuo pa\u017eeidim\u0173 ir u\u017etikrina, kad visi reikalingi \u012frankiai visada b\u016bt\u0173 vienoje vietoje. Savyb\u0117s: Skirtas virbalams su valu ir j\u0173 priedams laikyti \u202216 atskir\u0173 skyri\u0173 \u2013 patogiam virbal\u0173 su valu laikymui ir r\u016b\u0161iavimui \u2022Papildoma [&hellip;]\" \/>\n<meta property=\"og:url\" content=\"https:\/\/happyinaknit.com\/ru\/product\/chiaogoo-deklas-virbalams-su-valu\/\" \/>\n<meta property=\"og:site_name\" content=\"Happyinaknit.com\" \/>\n<meta property=\"article:modified_time\" content=\"2026-02-16T19:15:27+00:00\" \/>\n<meta property=\"og:image\" content=\"https:\/\/happyinaknit.com\/wp-content\/uploads\/2026\/02\/2575.jpg\" \/>\n\t<meta property=\"og:image:width\" content=\"400\" \/>\n\t<meta property=\"og:image:height\" content=\"401\" \/>\n\t<meta property=\"og:image:type\" content=\"image\/jpeg\" \/>\n<meta name=\"twitter:card\" content=\"summary_large_image\" \/>\n<meta name=\"twitter:label1\" content=\"\u041f\u0440\u0438\u043c\u0435\u0440\u043d\u043e\u0435 \u0432\u0440\u0435\u043c\u044f \u0434\u043b\u044f \u0447\u0442\u0435\u043d\u0438\u044f\" \/>\n\t<meta name=\"twitter:data1\" content=\"1 \u043c\u0438\u043d\u0443\u0442\u0430\" \/>\n<script type=\"application\/ld+json\" class=\"yoast-schema-graph\">{\"@context\":\"https:\/\/schema.org\",\"@graph\":[{\"@type\":\"WebPage\",\"@id\":\"https:\/\/happyinaknit.com\/produktas\/chiaogoo-deklas-virbalams-su-valu\/\",\"url\":\"https:\/\/happyinaknit.com\/produktas\/chiaogoo-deklas-virbalams-su-valu\/\",\"name\":\"ChiaoGoo d\u0117klas virbalams su valu - Happyinaknit.com\",\"isPartOf\":{\"@id\":\"https:\/\/happyinaknit.com\/lt\/#website\"},\"primaryImageOfPage\":{\"@id\":\"https:\/\/happyinaknit.com\/produktas\/chiaogoo-deklas-virbalams-su-valu\/#primaryimage\"},\"image\":{\"@id\":\"https:\/\/happyinaknit.com\/produktas\/chiaogoo-deklas-virbalams-su-valu\/#primaryimage\"},\"thumbnailUrl\":\"https:\/\/happyinaknit.com\/wp-content\/uploads\/2026\/02\/2575.jpg\",\"datePublished\":\"2026-02-16T18:56:51+00:00\",\"dateModified\":\"2026-02-16T19:15:27+00:00\",\"breadcrumb\":{\"@id\":\"https:\/\/happyinaknit.com\/produktas\/chiaogoo-deklas-virbalams-su-valu\/#breadcrumb\"},\"inLanguage\":\"ru-RU\",\"potentialAction\":[{\"@type\":\"ReadAction\",\"target\":[\"https:\/\/happyinaknit.com\/produktas\/chiaogoo-deklas-virbalams-su-valu\/\"]}]},{\"@type\":\"ImageObject\",\"inLanguage\":\"ru-RU\",\"@id\":\"https:\/\/happyinaknit.com\/produktas\/chiaogoo-deklas-virbalams-su-valu\/#primaryimage\",\"url\":\"https:\/\/happyinaknit.com\/wp-content\/uploads\/2026\/02\/2575.jpg\",\"contentUrl\":\"https:\/\/happyinaknit.com\/wp-content\/uploads\/2026\/02\/2575.jpg\",\"width\":400,\"height\":401},{\"@type\":\"BreadcrumbList\",\"@id\":\"https:\/\/happyinaknit.com\/produktas\/chiaogoo-deklas-virbalams-su-valu\/#breadcrumb\",\"itemListElement\":[{\"@type\":\"ListItem\",\"position\":1,\"name\":\"Home\",\"item\":\"https:\/\/happyinaknit.com\/lt\/\"},{\"@type\":\"ListItem\",\"position\":2,\"name\":\"Parduotuv\u0117\",\"item\":\"https:\/\/happyinaknit.com\/lt\/parduotuve\/\"},{\"@type\":\"ListItem\",\"position\":3,\"name\":\"ChiaoGoo d\u0117klas virbalams su valu\"}]},{\"@type\":\"WebSite\",\"@id\":\"https:\/\/happyinaknit.com\/lt\/#website\",\"url\":\"https:\/\/happyinaknit.com\/lt\/\",\"name\":\"Happyinaknit.com\",\"description\":\"\",\"potentialAction\":[{\"@type\":\"SearchAction\",\"target\":{\"@type\":\"EntryPoint\",\"urlTemplate\":\"https:\/\/happyinaknit.com\/lt\/?s={search_term_string}\"},\"query-input\":{\"@type\":\"PropertyValueSpecification\",\"valueRequired\":true,\"valueName\":\"search_term_string\"}}],\"inLanguage\":\"ru-RU\"}]}<\/script>\n<!-- \/ Yoast SEO plugin. -->","yoast_head_json":{"title":"ChiaoGoo d\u0117klas virbalams su valu - Happyinaknit.com","robots":{"index":"index","follow":"follow","max-snippet":"max-snippet:-1","max-image-preview":"max-image-preview:large","max-video-preview":"max-video-preview:-1"},"canonical":"https:\/\/happyinaknit.com\/ru\/product\/chiaogoo-deklas-virbalams-su-valu\/","og_locale":"ru_RU","og_type":"article","og_title":"ChiaoGoo d\u0117klas virbalams su valu - Happyinaknit.com","og_description":"ChiaoGoo d\u0117klas virbalams su valu \u2013 patogus ir funkcionalus sprendimas tvarkingai laikyti virbalus su valu bei mezgimo priedus. D\u0117klas padeda apsaugoti virbalus nuo pa\u017eeidim\u0173 ir u\u017etikrina, kad visi reikalingi \u012frankiai visada b\u016bt\u0173 vienoje vietoje. Savyb\u0117s: Skirtas virbalams su valu ir j\u0173 priedams laikyti \u202216 atskir\u0173 skyri\u0173 \u2013 patogiam virbal\u0173 su valu laikymui ir r\u016b\u0161iavimui \u2022Papildoma [&hellip;]","og_url":"https:\/\/happyinaknit.com\/ru\/product\/chiaogoo-deklas-virbalams-su-valu\/","og_site_name":"Happyinaknit.com","article_modified_time":"2026-02-16T19:15:27+00:00","og_image":[{"width":400,"height":401,"url":"https:\/\/happyinaknit.com\/wp-content\/uploads\/2026\/02\/2575.jpg","type":"image\/jpeg"}],"twitter_card":"summary_large_image","twitter_misc":{"\u041f\u0440\u0438\u043c\u0435\u0440\u043d\u043e\u0435 \u0432\u0440\u0435\u043c\u044f \u0434\u043b\u044f \u0447\u0442\u0435\u043d\u0438\u044f":"1 \u043c\u0438\u043d\u0443\u0442\u0430"},"schema":{"@context":"https:\/\/schema.org","@graph":[{"@type":"WebPage","@id":"https:\/\/happyinaknit.com\/produktas\/chiaogoo-deklas-virbalams-su-valu\/","url":"https:\/\/happyinaknit.com\/produktas\/chiaogoo-deklas-virbalams-su-valu\/","name":"ChiaoGoo d\u0117klas virbalams su valu - Happyinaknit.com","isPartOf":{"@id":"https:\/\/happyinaknit.com\/lt\/#website"},"primaryImageOfPage":{"@id":"https:\/\/happyinaknit.com\/produktas\/chiaogoo-deklas-virbalams-su-valu\/#primaryimage"},"image":{"@id":"https:\/\/happyinaknit.com\/produktas\/chiaogoo-deklas-virbalams-su-valu\/#primaryimage"},"thumbnailUrl":"https:\/\/happyinaknit.com\/wp-content\/uploads\/2026\/02\/2575.jpg","datePublished":"2026-02-16T18:56:51+00:00","dateModified":"2026-02-16T19:15:27+00:00","breadcrumb":{"@id":"https:\/\/happyinaknit.com\/produktas\/chiaogoo-deklas-virbalams-su-valu\/#breadcrumb"},"inLanguage":"ru-RU","potentialAction":[{"@type":"ReadAction","target":["https:\/\/happyinaknit.com\/produktas\/chiaogoo-deklas-virbalams-su-valu\/"]}]},{"@type":"ImageObject","inLanguage":"ru-RU","@id":"https:\/\/happyinaknit.com\/produktas\/chiaogoo-deklas-virbalams-su-valu\/#primaryimage","url":"https:\/\/happyinaknit.com\/wp-content\/uploads\/2026\/02\/2575.jpg","contentUrl":"https:\/\/happyinaknit.com\/wp-content\/uploads\/2026\/02\/2575.jpg","width":400,"height":401},{"@type":"BreadcrumbList","@id":"https:\/\/happyinaknit.com\/produktas\/chiaogoo-deklas-virbalams-su-valu\/#breadcrumb","itemListElement":[{"@type":"ListItem","position":1,"name":"Home","item":"https:\/\/happyinaknit.com\/lt\/"},{"@type":"ListItem","position":2,"name":"Parduotuv\u0117","item":"https:\/\/happyinaknit.com\/lt\/parduotuve\/"},{"@type":"ListItem","position":3,"name":"ChiaoGoo d\u0117klas virbalams su valu"}]},{"@type":"WebSite","@id":"https:\/\/happyinaknit.com\/lt\/#website","url":"https:\/\/happyinaknit.com\/lt\/","name":"Happyinaknit.com","description":"","potentialAction":[{"@type":"SearchAction","target":{"@type":"EntryPoint","urlTemplate":"https:\/\/happyinaknit.com\/lt\/?s={search_term_string}"},"query-input":{"@type":"PropertyValueSpecification","valueRequired":true,"valueName":"search_term_string"}}],"inLanguage":"ru-RU"}]}},"_links":{"self":[{"href":"https:\/\/happyinaknit.com\/ru\/wp-json\/wp\/v2\/product\/8081","targetHints":{"allow":["GET"]}}],"collection":[{"href":"https:\/\/happyinaknit.com\/ru\/wp-json\/wp\/v2\/product"}],"about":[{"href":"https:\/\/happyinaknit.com\/ru\/wp-json\/wp\/v2\/types\/product"}],"replies":[{"embeddable":true,"href":"https:\/\/happyinaknit.com\/ru\/wp-json\/wp\/v2\/comments?post=8081"}],"wp:featuredmedia":[{"embeddable":true,"href":"https:\/\/happyinaknit.com\/ru\/wp-json\/wp\/v2\/media\/8077"}],"wp:attachment":[{"href":"https:\/\/happyinaknit.com\/ru\/wp-json\/wp\/v2\/media?parent=8081"}],"wp:term":[{"taxonomy":"product_brand","embeddable":true,"href":"https:\/\/happyinaknit.com\/ru\/wp-json\/wp\/v2\/product_brand?post=8081"},{"taxonomy":"product_cat","embeddable":true,"href":"https:\/\/happyinaknit.com\/ru\/wp-json\/wp\/v2\/product_cat?post=8081"},{"taxonomy":"product_tag","embeddable":true,"href":"https:\/\/happyinaknit.com\/ru\/wp-json\/wp\/v2\/product_tag?post=8081"},{"taxonomy":"pro-kategorijos","embeddable":true,"href":"https:\/\/happyinaknit.com\/ru\/wp-json\/wp\/v2\/pro-kategorijos?post=8081"}],"curies":[{"name":"wp","href":"https:\/\/api.w.org\/{rel}","templated":true}]}}