{"id":8012,"date":"2026-02-06T23:21:29","date_gmt":"2026-02-06T23:21:29","guid":{"rendered":"https:\/\/happyinaknit.com\/?post_type=product&#038;p=8012"},"modified":"2026-03-04T16:31:14","modified_gmt":"2026-03-04T16:31:14","slug":"lang-yarns-cashmere-lace","status":"publish","type":"product","link":"https:\/\/happyinaknit.com\/ru\/product\/lang-yarns-cashmere-lace\/","title":{"rendered":"Lang Yarns CASHMERE LACE"},"content":{"rendered":"<p><b>CASHMERE LACE<\/b> - \u042d\u0442\u043e \u0443\u043b\u044c\u0442\u0440\u0430\u0432\u044b\u0441\u043e\u043a\u043e\u043a\u0430\u0447\u0435\u0441\u0442\u0432\u0435\u043d\u043d\u0430\u044f 4-\u043d\u0438\u0442\u043e\u0447\u043d\u0430\u044f \u043a\u0430\u0448\u0435\u043c\u0438\u0440\u043e\u0432\u0430\u044f \u043f\u0440\u044f\u0436\u0430 \u0434\u0432\u043e\u0439\u043d\u043e\u0433\u043e \u043a\u0440\u0443\u0447\u0435\u043d\u0438\u044f, \u0438\u0437\u0433\u043e\u0442\u043e\u0432\u043b\u0435\u043d\u043d\u0430\u044f \u0442\u043e\u043b\u044c\u043a\u043e \u0438\u0437 \u0441\u0430\u043c\u043e\u0433\u043e \u043b\u0443\u0447\u0448\u0435\u0433\u043e, \u0442\u0449\u0430\u0442\u0435\u043b\u044c\u043d\u043e \u043e\u0442\u043e\u0431\u0440\u0430\u043d\u043d\u043e\u0433\u043e \u043a\u0430\u0448\u0435\u043c\u0438\u0440\u0430. \u042d\u0442\u043e \u043e\u0434\u043d\u043e \u0438\u0437 \u0441\u0430\u043c\u044b\u0445 \u0432\u044b\u0441\u043e\u043a\u043e \u0446\u0435\u043d\u0438\u043c\u044b\u0445 \u0448\u0435\u0440\u0441\u0442\u044f\u043d\u044b\u0445 \u0432\u043e\u043b\u043e\u043a\u043e\u043d, \u043e\u0431\u043b\u0430\u0434\u0430\u044e\u0449\u0435\u0435 \u043d\u0435\u043e\u0431\u044b\u0447\u0430\u0439\u043d\u043e\u0439 \u043b\u0435\u0433\u043a\u043e\u0441\u0442\u044c\u044e, \u0432\u043e\u0437\u0434\u0443\u0445\u043e\u043f\u0440\u043e\u043d\u0438\u0446\u0430\u0435\u043c\u043e\u0441\u0442\u044c\u044e \u0438 \u043e\u0442\u043b\u0438\u0447\u043d\u043e\u0439 \u0442\u0435\u0440\u043c\u043e\u0440\u0435\u0433\u0443\u043b\u044f\u0446\u0438\u0435\u0439. \u201e\u041a\u0440\u0443\u0447\u0435\u043d\u0430\u044f \u0441\u0442\u0440\u0443\u043a\u0442\u0443\u0440\u0430 Lace \u043f\u043e\u0437\u0432\u043e\u043b\u044f\u0435\u0442 \u0432\u044f\u0437\u0430\u0442\u044c \u0447\u0440\u0435\u0437\u0432\u044b\u0447\u0430\u0439\u043d\u043e \u043b\u0435\u0433\u043a\u0438\u0435, \u044d\u043b\u0435\u0433\u0430\u043d\u0442\u043d\u044b\u0435 \u0438 \u0440\u043e\u0441\u043a\u043e\u0448\u043d\u044b\u0435 \u0432\u0435\u0449\u0438.<\/p>\n<p><b>\u0421\u043e\u0441\u0442\u0430\u0432: <\/b><b><\/b>100 % \u043a\u0430\u0448\u0435\u043c\u0438\u0440<\/p>\n<p><b>\u0412\u0435\u0441\/\u0414\u043b\u0438\u043d\u0430: <\/b><b><\/b>25 \u0433 - 165 \u043c<\/p>\n<p><b>\u0420\u0435\u043a\u043e\u043c\u0435\u043d\u0434\u0443\u0435\u043c\u044b\u0435 \u0441\u043f\u0438\u0446\u044b: <\/b>3-3,5 \u043c\u043c<\/p>\n<p><b>\u041f\u043b\u043e\u0442\u043d\u043e\u0441\u0442\u044c:<\/b><b><\/b>\u00a010 \u00d7 10 \u0441\u043c - 25 \u043f\u0435\u0442\u0435\u043b\u044c \u00d7 41 \u0440\u044f\u0434<\/p>\n<p><b>\u041f\u0440\u0438\u0431\u043b\u0438\u0437\u0438\u0442\u0435\u043b\u044c\u043d\u044b\u0439 \u0440\u0430\u0441\u0445\u043e\u0434<\/b><b><\/b><\/p>\n<p>\u0414\u043b\u044f \u0442\u043e\u043d\u043a\u0438\u0445 \u0448\u0430\u0440\u0444\u043e\u0432, \u043b\u0435\u0433\u043a\u0438\u0445 \u0441\u0432\u0438\u0442\u0435\u0440\u043e\u0432, \u0430\u0436\u0443\u0440\u043d\u044b\u0445 \u0438\u0437\u0434\u0435\u043b\u0438\u0439 \u0438 \u043c\u043d\u043e\u0433\u043e\u0441\u043b\u043e\u0439\u043d\u044b\u0445 \u0434\u0435\u0442\u0430\u043b\u0435\u0439. \u0420\u0430\u0441\u0445\u043e\u0434 \u0437\u0430\u0432\u0438\u0441\u0438\u0442 \u043e\u0442 \u0443\u0437\u043e\u0440\u0430 \u0438 \u043f\u043b\u043e\u0442\u043d\u043e\u0441\u0442\u0438 \u0432\u044f\u0437\u0430\u043d\u0438\u044f.<\/p>\n<p><b>\u0421\u043e\u0432\u0435\u0442\u044b \u043f\u043e \u0443\u0445\u043e\u0434\u0443<\/b><b><\/b><\/p>\n<p>\u0420\u0435\u043a\u043e\u043c\u0435\u043d\u0434\u0443\u0435\u0442\u0441\u044f \u0440\u0443\u0447\u043d\u0430\u044f \u0441\u0442\u0438\u0440\u043a\u0430 \u0432 \u0442\u0435\u043f\u043b\u043e\u0439 \u0432\u043e\u0434\u0435 \u0441 \u043c\u044f\u0433\u043a\u0438\u043c \u043c\u043e\u044e\u0449\u0438\u043c \u0441\u0440\u0435\u0434\u0441\u0442\u0432\u043e\u043c \u0434\u043b\u044f \u0448\u0435\u0440\u0441\u0442\u0438 Tenemoll.  \u041d\u0435 \u0441\u0443\u0448\u0438\u0442\u044c \u0432 \u0431\u0430\u0440\u0430\u0431\u0430\u043d\u0435, \u0441\u0443\u0448\u0438\u0442\u044c \u0432 \u0433\u043e\u0440\u0438\u0437\u043e\u043d\u0442\u0430\u043b\u044c\u043d\u043e\u043c \u043f\u043e\u043b\u043e\u0436\u0435\u043d\u0438\u0438.<\/p>\n<p><b>\u041f\u0440\u0438\u043c\u0435\u0447\u0430\u043d\u0438\u0435:<\/b> \u0426\u0432\u0435\u0442\u043e\u0432\u044b\u0435 \u043e\u0442\u0442\u0435\u043d\u043a\u0438 \u043c\u043e\u0433\u0443\u0442 \u043d\u0435\u0437\u043d\u0430\u0447\u0438\u0442\u0435\u043b\u044c\u043d\u043e \u043e\u0442\u043b\u0438\u0447\u0430\u0442\u044c\u0441\u044f \u0432 \u0437\u0430\u0432\u0438\u0441\u0438\u043c\u043e\u0441\u0442\u0438 \u043e\u0442 \u044d\u043a\u0440\u0430\u043d\u0430 \u0432\u0430\u0448\u0435\u0433\u043e \u0443\u0441\u0442\u0440\u043e\u0439\u0441\u0442\u0432\u0430.<\/p>","protected":false},"excerpt":{"rendered":"<p>CASHMERE LACE \u2013 tai itin auk\u0161tos kokyb\u0117s 4 gij\u0173, dvigubai susukti ka\u0161myro si\u016blai, pagaminti tik i\u0161 kruop\u0161\u010diai atrinkto, paties geriausio ka\u0161myro. Tai viena labiausiai vertinam\u0173 gyv\u016bnini\u0173 skaidul\u0173, pasi\u017eyminti nepaprastu lengvumu, laidumu orui ir puikia temperat\u016bros reguliacija. \u201eLace\u201c sukimo strukt\u016bra leid\u017eia megzti ypa\u010d lengvus, eleganti\u0161kus ir prabangius mezginius. Sud\u0117tis: 100 % ka\u0161myras Svoris \/ ilgis: 25 [&hellip;]<\/p>\n","protected":false},"featured_media":8013,"comment_status":"open","ping_status":"closed","template":"","meta":{"_acf_changed":false},"product_brand":[70],"product_cat":[15,182,18],"product_tag":[33],"pro-kategorijos":[46],"class_list":{"0":"post-8012","1":"product","2":"type-product","3":"status-publish","4":"has-post-thumbnail","6":"product_brand-lang-yarns","7":"product_cat-visi-produktai","8":"product_cat-ispardavimas","9":"product_cat-siulai","10":"product_tag-ispardavimas","11":"pro-kategorijos-kasmyras","13":"first","14":"outofstock","15":"sale","16":"shipping-taxable","17":"purchasable","18":"product-type-simple"},"acf":[],"yoast_head":"<!-- This site is optimized with the Yoast SEO plugin v26.8 - https:\/\/yoast.com\/product\/yoast-seo-wordpress\/ -->\n<title>Lang Yarns CASHMERE LACE - Happyinaknit.com<\/title>\n<meta name=\"robots\" content=\"index, follow, max-snippet:-1, max-image-preview:large, max-video-preview:-1\" \/>\n<link rel=\"canonical\" href=\"https:\/\/happyinaknit.com\/ru\/product\/lang-yarns-cashmere-lace\/\" \/>\n<meta property=\"og:locale\" content=\"ru_RU\" \/>\n<meta property=\"og:type\" content=\"article\" \/>\n<meta property=\"og:title\" content=\"Lang Yarns CASHMERE LACE - Happyinaknit.com\" \/>\n<meta property=\"og:description\" content=\"CASHMERE LACE \u2013 tai itin auk\u0161tos kokyb\u0117s 4 gij\u0173, dvigubai susukti ka\u0161myro si\u016blai, pagaminti tik i\u0161 kruop\u0161\u010diai atrinkto, paties geriausio ka\u0161myro. Tai viena labiausiai vertinam\u0173 gyv\u016bnini\u0173 skaidul\u0173, pasi\u017eyminti nepaprastu lengvumu, laidumu orui ir puikia temperat\u016bros reguliacija. \u201eLace\u201c sukimo strukt\u016bra leid\u017eia megzti ypa\u010d lengvus, eleganti\u0161kus ir prabangius mezginius. Sud\u0117tis: 100 % ka\u0161myras Svoris \/ ilgis: 25 [&hellip;]\" \/>\n<meta property=\"og:url\" content=\"https:\/\/happyinaknit.com\/ru\/product\/lang-yarns-cashmere-lace\/\" \/>\n<meta property=\"og:site_name\" content=\"Happyinaknit.com\" \/>\n<meta property=\"article:modified_time\" content=\"2026-03-04T16:31:14+00:00\" \/>\n<meta property=\"og:image\" content=\"https:\/\/happyinaknit.com\/wp-content\/uploads\/2026\/02\/883_0005_LANGYARNS_CashmereLace_800_B.jpg\" \/>\n\t<meta property=\"og:image:width\" content=\"800\" \/>\n\t<meta property=\"og:image:height\" content=\"800\" \/>\n\t<meta property=\"og:image:type\" content=\"image\/jpeg\" \/>\n<meta name=\"twitter:card\" content=\"summary_large_image\" \/>\n<meta name=\"twitter:label1\" content=\"\u041f\u0440\u0438\u043c\u0435\u0440\u043d\u043e\u0435 \u0432\u0440\u0435\u043c\u044f \u0434\u043b\u044f \u0447\u0442\u0435\u043d\u0438\u044f\" \/>\n\t<meta name=\"twitter:data1\" content=\"1 \u043c\u0438\u043d\u0443\u0442\u0430\" \/>\n<script type=\"application\/ld+json\" class=\"yoast-schema-graph\">{\"@context\":\"https:\/\/schema.org\",\"@graph\":[{\"@type\":\"WebPage\",\"@id\":\"https:\/\/happyinaknit.com\/produktas\/lang-yarns-cashmere-lace\/\",\"url\":\"https:\/\/happyinaknit.com\/produktas\/lang-yarns-cashmere-lace\/\",\"name\":\"Lang Yarns CASHMERE LACE - Happyinaknit.com\",\"isPartOf\":{\"@id\":\"https:\/\/happyinaknit.com\/lt\/#website\"},\"primaryImageOfPage\":{\"@id\":\"https:\/\/happyinaknit.com\/produktas\/lang-yarns-cashmere-lace\/#primaryimage\"},\"image\":{\"@id\":\"https:\/\/happyinaknit.com\/produktas\/lang-yarns-cashmere-lace\/#primaryimage\"},\"thumbnailUrl\":\"https:\/\/happyinaknit.com\/wp-content\/uploads\/2026\/02\/883_0005_LANGYARNS_CashmereLace_800_B.jpg\",\"datePublished\":\"2026-02-06T23:21:29+00:00\",\"dateModified\":\"2026-03-04T16:31:14+00:00\",\"breadcrumb\":{\"@id\":\"https:\/\/happyinaknit.com\/produktas\/lang-yarns-cashmere-lace\/#breadcrumb\"},\"inLanguage\":\"ru-RU\",\"potentialAction\":[{\"@type\":\"ReadAction\",\"target\":[\"https:\/\/happyinaknit.com\/produktas\/lang-yarns-cashmere-lace\/\"]}]},{\"@type\":\"ImageObject\",\"inLanguage\":\"ru-RU\",\"@id\":\"https:\/\/happyinaknit.com\/produktas\/lang-yarns-cashmere-lace\/#primaryimage\",\"url\":\"https:\/\/happyinaknit.com\/wp-content\/uploads\/2026\/02\/883_0005_LANGYARNS_CashmereLace_800_B.jpg\",\"contentUrl\":\"https:\/\/happyinaknit.com\/wp-content\/uploads\/2026\/02\/883_0005_LANGYARNS_CashmereLace_800_B.jpg\",\"width\":800,\"height\":800},{\"@type\":\"BreadcrumbList\",\"@id\":\"https:\/\/happyinaknit.com\/produktas\/lang-yarns-cashmere-lace\/#breadcrumb\",\"itemListElement\":[{\"@type\":\"ListItem\",\"position\":1,\"name\":\"Home\",\"item\":\"https:\/\/happyinaknit.com\/lt\/\"},{\"@type\":\"ListItem\",\"position\":2,\"name\":\"Parduotuv\u0117\",\"item\":\"https:\/\/happyinaknit.com\/lt\/parduotuve\/\"},{\"@type\":\"ListItem\",\"position\":3,\"name\":\"Lang Yarns CASHMERE LACE\"}]},{\"@type\":\"WebSite\",\"@id\":\"https:\/\/happyinaknit.com\/lt\/#website\",\"url\":\"https:\/\/happyinaknit.com\/lt\/\",\"name\":\"Happyinaknit.com\",\"description\":\"\",\"potentialAction\":[{\"@type\":\"SearchAction\",\"target\":{\"@type\":\"EntryPoint\",\"urlTemplate\":\"https:\/\/happyinaknit.com\/lt\/?s={search_term_string}\"},\"query-input\":{\"@type\":\"PropertyValueSpecification\",\"valueRequired\":true,\"valueName\":\"search_term_string\"}}],\"inLanguage\":\"ru-RU\"}]}<\/script>\n<!-- \/ Yoast SEO plugin. -->","yoast_head_json":{"title":"Lang Yarns CASHMERE LACE - Happyinaknit.com","robots":{"index":"index","follow":"follow","max-snippet":"max-snippet:-1","max-image-preview":"max-image-preview:large","max-video-preview":"max-video-preview:-1"},"canonical":"https:\/\/happyinaknit.com\/ru\/product\/lang-yarns-cashmere-lace\/","og_locale":"ru_RU","og_type":"article","og_title":"Lang Yarns CASHMERE LACE - Happyinaknit.com","og_description":"CASHMERE LACE \u2013 tai itin auk\u0161tos kokyb\u0117s 4 gij\u0173, dvigubai susukti ka\u0161myro si\u016blai, pagaminti tik i\u0161 kruop\u0161\u010diai atrinkto, paties geriausio ka\u0161myro. Tai viena labiausiai vertinam\u0173 gyv\u016bnini\u0173 skaidul\u0173, pasi\u017eyminti nepaprastu lengvumu, laidumu orui ir puikia temperat\u016bros reguliacija. \u201eLace\u201c sukimo strukt\u016bra leid\u017eia megzti ypa\u010d lengvus, eleganti\u0161kus ir prabangius mezginius. Sud\u0117tis: 100 % ka\u0161myras Svoris \/ ilgis: 25 [&hellip;]","og_url":"https:\/\/happyinaknit.com\/ru\/product\/lang-yarns-cashmere-lace\/","og_site_name":"Happyinaknit.com","article_modified_time":"2026-03-04T16:31:14+00:00","og_image":[{"width":800,"height":800,"url":"https:\/\/happyinaknit.com\/wp-content\/uploads\/2026\/02\/883_0005_LANGYARNS_CashmereLace_800_B.jpg","type":"image\/jpeg"}],"twitter_card":"summary_large_image","twitter_misc":{"\u041f\u0440\u0438\u043c\u0435\u0440\u043d\u043e\u0435 \u0432\u0440\u0435\u043c\u044f \u0434\u043b\u044f \u0447\u0442\u0435\u043d\u0438\u044f":"1 \u043c\u0438\u043d\u0443\u0442\u0430"},"schema":{"@context":"https:\/\/schema.org","@graph":[{"@type":"WebPage","@id":"https:\/\/happyinaknit.com\/produktas\/lang-yarns-cashmere-lace\/","url":"https:\/\/happyinaknit.com\/produktas\/lang-yarns-cashmere-lace\/","name":"Lang Yarns CASHMERE LACE - Happyinaknit.com","isPartOf":{"@id":"https:\/\/happyinaknit.com\/lt\/#website"},"primaryImageOfPage":{"@id":"https:\/\/happyinaknit.com\/produktas\/lang-yarns-cashmere-lace\/#primaryimage"},"image":{"@id":"https:\/\/happyinaknit.com\/produktas\/lang-yarns-cashmere-lace\/#primaryimage"},"thumbnailUrl":"https:\/\/happyinaknit.com\/wp-content\/uploads\/2026\/02\/883_0005_LANGYARNS_CashmereLace_800_B.jpg","datePublished":"2026-02-06T23:21:29+00:00","dateModified":"2026-03-04T16:31:14+00:00","breadcrumb":{"@id":"https:\/\/happyinaknit.com\/produktas\/lang-yarns-cashmere-lace\/#breadcrumb"},"inLanguage":"ru-RU","potentialAction":[{"@type":"ReadAction","target":["https:\/\/happyinaknit.com\/produktas\/lang-yarns-cashmere-lace\/"]}]},{"@type":"ImageObject","inLanguage":"ru-RU","@id":"https:\/\/happyinaknit.com\/produktas\/lang-yarns-cashmere-lace\/#primaryimage","url":"https:\/\/happyinaknit.com\/wp-content\/uploads\/2026\/02\/883_0005_LANGYARNS_CashmereLace_800_B.jpg","contentUrl":"https:\/\/happyinaknit.com\/wp-content\/uploads\/2026\/02\/883_0005_LANGYARNS_CashmereLace_800_B.jpg","width":800,"height":800},{"@type":"BreadcrumbList","@id":"https:\/\/happyinaknit.com\/produktas\/lang-yarns-cashmere-lace\/#breadcrumb","itemListElement":[{"@type":"ListItem","position":1,"name":"Home","item":"https:\/\/happyinaknit.com\/lt\/"},{"@type":"ListItem","position":2,"name":"Parduotuv\u0117","item":"https:\/\/happyinaknit.com\/lt\/parduotuve\/"},{"@type":"ListItem","position":3,"name":"Lang Yarns CASHMERE LACE"}]},{"@type":"WebSite","@id":"https:\/\/happyinaknit.com\/lt\/#website","url":"https:\/\/happyinaknit.com\/lt\/","name":"Happyinaknit.com","description":"","potentialAction":[{"@type":"SearchAction","target":{"@type":"EntryPoint","urlTemplate":"https:\/\/happyinaknit.com\/lt\/?s={search_term_string}"},"query-input":{"@type":"PropertyValueSpecification","valueRequired":true,"valueName":"search_term_string"}}],"inLanguage":"ru-RU"}]}},"_links":{"self":[{"href":"https:\/\/happyinaknit.com\/ru\/wp-json\/wp\/v2\/product\/8012","targetHints":{"allow":["GET"]}}],"collection":[{"href":"https:\/\/happyinaknit.com\/ru\/wp-json\/wp\/v2\/product"}],"about":[{"href":"https:\/\/happyinaknit.com\/ru\/wp-json\/wp\/v2\/types\/product"}],"replies":[{"embeddable":true,"href":"https:\/\/happyinaknit.com\/ru\/wp-json\/wp\/v2\/comments?post=8012"}],"wp:featuredmedia":[{"embeddable":true,"href":"https:\/\/happyinaknit.com\/ru\/wp-json\/wp\/v2\/media\/8013"}],"wp:attachment":[{"href":"https:\/\/happyinaknit.com\/ru\/wp-json\/wp\/v2\/media?parent=8012"}],"wp:term":[{"taxonomy":"product_brand","embeddable":true,"href":"https:\/\/happyinaknit.com\/ru\/wp-json\/wp\/v2\/product_brand?post=8012"},{"taxonomy":"product_cat","embeddable":true,"href":"https:\/\/happyinaknit.com\/ru\/wp-json\/wp\/v2\/product_cat?post=8012"},{"taxonomy":"product_tag","embeddable":true,"href":"https:\/\/happyinaknit.com\/ru\/wp-json\/wp\/v2\/product_tag?post=8012"},{"taxonomy":"pro-kategorijos","embeddable":true,"href":"https:\/\/happyinaknit.com\/ru\/wp-json\/wp\/v2\/pro-kategorijos?post=8012"}],"curies":[{"name":"wp","href":"https:\/\/api.w.org\/{rel}","templated":true}]}}