{"id":7810,"date":"2026-01-04T20:08:56","date_gmt":"2026-01-04T20:08:56","guid":{"rendered":"https:\/\/happyinaknit.com\/?post_type=product&#038;p=7810"},"modified":"2026-04-08T15:00:52","modified_gmt":"2026-04-08T15:00:52","slug":"chiaogoo-quads-lace-prisukami-virbalai-13-cm","status":"publish","type":"product","link":"https:\/\/happyinaknit.com\/ru\/product\/chiaogoo-quads-lace-prisukami-virbalai-13-cm\/","title":{"rendered":"Chiaogoo Quads Lace  \u0440\u0430\u0437\u044a\u0435\u043c\u043d\u044b\u0435 \u0441\u043f\u0438\u0446\u044b 13 cm"},"content":{"rendered":"<p><b>Naujiena nuo prek\u0117s \u017eenklo Chiaogoo \u00a013 cm ilgio\u00a0<\/b><\/p>\n<p>QUADS\u2122 \u2013 tai kvadratiniai, i\u0161 ner\u016bdijan\u010dio plieno pagaminti prisukami virbal\u0173 antgaliai, sukurti maksimaliai mezgimo ergonomikai. Plok\u0161\u010dios kra\u0161tin\u0117s su u\u017eapvalintais kampais suteikia saugesn\u012f sukibim\u0105, leid\u017eia rankoms labiau atsipalaiduoti ir reik\u0161mingai suma\u017eina rank\u0173, rie\u0161\u0173 bei pe\u010di\u0173 \u012ftamp\u0105.<\/p>\n<p><b>Sud\u0117tis<\/b><b><\/b><\/p>\n<p>\u2022Hipoalerginis ner\u016bdijantis plienas<\/p>\n<p><b>Savyb\u0117s<\/b><b><\/b><\/p>\n<p>\u2022Kvadratin\u0117 forma su u\u017eapvalintais kampais \u2013 patogesnis laikymas nei apvali\u0173 virbal\u0173<\/p>\n<p>\u2022Ma\u017eesn\u0117 rank\u0173, rie\u0161\u0173, pir\u0161t\u0173 ir pe\u010di\u0173 apkrova mezgant<\/p>\n<p>\u2022Vienodas aki\u0173 vaizdas ir ai\u0161ki ra\u0161to strukt\u016bra<\/p>\n<p>\u2022Identiskas svoris ir si\u016bl\u0173 slydimas kaip TWIST apvali\u0173 antgali\u0173<\/p>\n<p>\u2022Tiksliai sukalibruoti \u2013 <b>nereikia rinktis didesnio dyd\u017eio<\/b>, tankumas i\u0161lieka toks pats kaip mezgant apvaliais virbalais<\/p>\n<p>\u2022Plok\u0161\u010dios kra\u0161tin\u0117s palengvina prisukim\u0105 ir atsukim\u0105<\/p>\n<p><b>Galimi dyd\u017eiai: 3,2<\/b><b>5\u20138 mm<\/b>, \u012fskaitant <b>7 mm<\/b><b><\/b><\/p>\n<p><b>Rekomenduojami virbalai:<\/b><b><\/b><\/p>\n<p>\u2022Naudojami su <b>valais prisukamiems virbalams<\/b><b><\/b><\/p>\n<p>\u2022Suderinami su visais <b>ChiaoGoo (S) ir (L)<\/b> jungties valais: TWIST\/ Swiv360 (rotacinis valas)\/ SPIN<\/p>\n<p><b>Jung\u010di\u0173 suderinamumas:<\/b><b><\/b><\/p>\n<p>\u20222,75-5,0 mm \u2192 <b>[S] jungtis<span class=\"Apple-converted-space\">\u00a0<\/span><\/b><b><\/b><\/p>\n<p>\u20225,5 -10,0 mm \u2192 <b>[L] jungtis<span class=\"Apple-converted-space\">\u00a0<\/span><\/b><b><\/b><\/p>\n<p class=\"p1\">Virbalo ilgis (be valo): <span class=\"s1\"><b>13 cm<\/b><\/span>.<\/p>\n","protected":false},"excerpt":{"rendered":"<p>Naujiena nuo prek\u0117s \u017eenklo Chiaogoo \u00a013 cm ilgio\u00a0 QUADS\u2122 \u2013 tai kvadratiniai, i\u0161 ner\u016bdijan\u010dio plieno pagaminti prisukami virbal\u0173 antgaliai, sukurti maksimaliai mezgimo ergonomikai. Plok\u0161\u010dios kra\u0161tin\u0117s su u\u017eapvalintais kampais suteikia saugesn\u012f sukibim\u0105, leid\u017eia rankoms labiau atsipalaiduoti ir reik\u0161mingai suma\u017eina rank\u0173, rie\u0161\u0173 bei pe\u010di\u0173 \u012ftamp\u0105. Sud\u0117tis \u2022Hipoalerginis ner\u016bdijantis plienas Savyb\u0117s \u2022Kvadratin\u0117 forma su u\u017eapvalintais kampais \u2013 patogesnis [&hellip;]<\/p>\n","protected":false},"featured_media":7796,"comment_status":"open","ping_status":"closed","template":"","meta":{"_acf_changed":false},"product_brand":[166],"product_cat":[15,19,863],"product_tag":[],"pro-kategorijos":[],"class_list":{"0":"post-7810","1":"product","2":"type-product","3":"status-publish","4":"has-post-thumbnail","6":"product_brand-chiaogoo","7":"product_cat-visi-produktai","8":"product_cat-mezgimo-priemones","9":"product_cat-prisukami-virbalai","11":"first","12":"instock","13":"shipping-taxable","14":"purchasable","15":"product-type-variable"},"acf":[],"yoast_head":"<!-- This site is optimized with the Yoast SEO plugin v26.8 - https:\/\/yoast.com\/product\/yoast-seo-wordpress\/ -->\n<title>Chiaogoo Quads Lace prisukami virbalai 13 cm - Happyinaknit.com<\/title>\n<meta name=\"robots\" content=\"index, follow, max-snippet:-1, max-image-preview:large, max-video-preview:-1\" \/>\n<link rel=\"canonical\" href=\"https:\/\/happyinaknit.com\/ru\/product\/chiaogoo-quads-lace-prisukami-virbalai-13-cm\/\" \/>\n<meta property=\"og:locale\" content=\"ru_RU\" \/>\n<meta property=\"og:type\" content=\"article\" \/>\n<meta property=\"og:title\" content=\"Chiaogoo Quads Lace prisukami virbalai 13 cm - Happyinaknit.com\" \/>\n<meta property=\"og:description\" content=\"Naujiena nuo prek\u0117s \u017eenklo Chiaogoo \u00a013 cm ilgio\u00a0 QUADS\u2122 \u2013 tai kvadratiniai, i\u0161 ner\u016bdijan\u010dio plieno pagaminti prisukami virbal\u0173 antgaliai, sukurti maksimaliai mezgimo ergonomikai. Plok\u0161\u010dios kra\u0161tin\u0117s su u\u017eapvalintais kampais suteikia saugesn\u012f sukibim\u0105, leid\u017eia rankoms labiau atsipalaiduoti ir reik\u0161mingai suma\u017eina rank\u0173, rie\u0161\u0173 bei pe\u010di\u0173 \u012ftamp\u0105. Sud\u0117tis \u2022Hipoalerginis ner\u016bdijantis plienas Savyb\u0117s \u2022Kvadratin\u0117 forma su u\u017eapvalintais kampais \u2013 patogesnis [&hellip;]\" \/>\n<meta property=\"og:url\" content=\"https:\/\/happyinaknit.com\/ru\/product\/chiaogoo-quads-lace-prisukami-virbalai-13-cm\/\" \/>\n<meta property=\"og:site_name\" content=\"Happyinaknit.com\" \/>\n<meta property=\"article:modified_time\" content=\"2026-04-08T15:00:52+00:00\" \/>\n<meta property=\"og:image\" content=\"https:\/\/happyinaknit.com\/wp-content\/uploads\/2026\/01\/F5CA2AB6-8EEF-4EE2-972E-B79C7B2660CA.jpg\" \/>\n\t<meta property=\"og:image:width\" content=\"1320\" \/>\n\t<meta property=\"og:image:height\" content=\"2346\" \/>\n\t<meta property=\"og:image:type\" content=\"image\/jpeg\" \/>\n<meta name=\"twitter:card\" content=\"summary_large_image\" \/>\n<meta name=\"twitter:label1\" content=\"\u041f\u0440\u0438\u043c\u0435\u0440\u043d\u043e\u0435 \u0432\u0440\u0435\u043c\u044f \u0434\u043b\u044f \u0447\u0442\u0435\u043d\u0438\u044f\" \/>\n\t<meta name=\"twitter:data1\" content=\"2 \u043c\u0438\u043d\u0443\u0442\u044b\" \/>\n<script type=\"application\/ld+json\" class=\"yoast-schema-graph\">{\"@context\":\"https:\/\/schema.org\",\"@graph\":[{\"@type\":\"WebPage\",\"@id\":\"https:\/\/happyinaknit.com\/produktas\/chiaogoo-quads-lace-prisukami-virbalai-13-cm\/\",\"url\":\"https:\/\/happyinaknit.com\/produktas\/chiaogoo-quads-lace-prisukami-virbalai-13-cm\/\",\"name\":\"Chiaogoo Quads Lace prisukami virbalai 13 cm - Happyinaknit.com\",\"isPartOf\":{\"@id\":\"https:\/\/happyinaknit.com\/lt\/#website\"},\"primaryImageOfPage\":{\"@id\":\"https:\/\/happyinaknit.com\/produktas\/chiaogoo-quads-lace-prisukami-virbalai-13-cm\/#primaryimage\"},\"image\":{\"@id\":\"https:\/\/happyinaknit.com\/produktas\/chiaogoo-quads-lace-prisukami-virbalai-13-cm\/#primaryimage\"},\"thumbnailUrl\":\"https:\/\/happyinaknit.com\/wp-content\/uploads\/2026\/01\/F5CA2AB6-8EEF-4EE2-972E-B79C7B2660CA.jpg\",\"datePublished\":\"2026-01-04T20:08:56+00:00\",\"dateModified\":\"2026-04-08T15:00:52+00:00\",\"breadcrumb\":{\"@id\":\"https:\/\/happyinaknit.com\/produktas\/chiaogoo-quads-lace-prisukami-virbalai-13-cm\/#breadcrumb\"},\"inLanguage\":\"ru-RU\",\"potentialAction\":[{\"@type\":\"ReadAction\",\"target\":[\"https:\/\/happyinaknit.com\/produktas\/chiaogoo-quads-lace-prisukami-virbalai-13-cm\/\"]}]},{\"@type\":\"ImageObject\",\"inLanguage\":\"ru-RU\",\"@id\":\"https:\/\/happyinaknit.com\/produktas\/chiaogoo-quads-lace-prisukami-virbalai-13-cm\/#primaryimage\",\"url\":\"https:\/\/happyinaknit.com\/wp-content\/uploads\/2026\/01\/F5CA2AB6-8EEF-4EE2-972E-B79C7B2660CA.jpg\",\"contentUrl\":\"https:\/\/happyinaknit.com\/wp-content\/uploads\/2026\/01\/F5CA2AB6-8EEF-4EE2-972E-B79C7B2660CA.jpg\",\"width\":1320,\"height\":2346},{\"@type\":\"BreadcrumbList\",\"@id\":\"https:\/\/happyinaknit.com\/produktas\/chiaogoo-quads-lace-prisukami-virbalai-13-cm\/#breadcrumb\",\"itemListElement\":[{\"@type\":\"ListItem\",\"position\":1,\"name\":\"Home\",\"item\":\"https:\/\/happyinaknit.com\/lt\/\"},{\"@type\":\"ListItem\",\"position\":2,\"name\":\"Parduotuv\u0117\",\"item\":\"https:\/\/happyinaknit.com\/lt\/parduotuve\/\"},{\"@type\":\"ListItem\",\"position\":3,\"name\":\"Chiaogoo Quads Lace prisukami virbalai 13 cm\"}]},{\"@type\":\"WebSite\",\"@id\":\"https:\/\/happyinaknit.com\/lt\/#website\",\"url\":\"https:\/\/happyinaknit.com\/lt\/\",\"name\":\"Happyinaknit.com\",\"description\":\"\",\"potentialAction\":[{\"@type\":\"SearchAction\",\"target\":{\"@type\":\"EntryPoint\",\"urlTemplate\":\"https:\/\/happyinaknit.com\/lt\/?s={search_term_string}\"},\"query-input\":{\"@type\":\"PropertyValueSpecification\",\"valueRequired\":true,\"valueName\":\"search_term_string\"}}],\"inLanguage\":\"ru-RU\"}]}<\/script>\n<!-- \/ Yoast SEO plugin. -->","yoast_head_json":{"title":"Chiaogoo Quads Lace prisukami virbalai 13 cm - Happyinaknit.com","robots":{"index":"index","follow":"follow","max-snippet":"max-snippet:-1","max-image-preview":"max-image-preview:large","max-video-preview":"max-video-preview:-1"},"canonical":"https:\/\/happyinaknit.com\/ru\/product\/chiaogoo-quads-lace-prisukami-virbalai-13-cm\/","og_locale":"ru_RU","og_type":"article","og_title":"Chiaogoo Quads Lace prisukami virbalai 13 cm - Happyinaknit.com","og_description":"Naujiena nuo prek\u0117s \u017eenklo Chiaogoo \u00a013 cm ilgio\u00a0 QUADS\u2122 \u2013 tai kvadratiniai, i\u0161 ner\u016bdijan\u010dio plieno pagaminti prisukami virbal\u0173 antgaliai, sukurti maksimaliai mezgimo ergonomikai. Plok\u0161\u010dios kra\u0161tin\u0117s su u\u017eapvalintais kampais suteikia saugesn\u012f sukibim\u0105, leid\u017eia rankoms labiau atsipalaiduoti ir reik\u0161mingai suma\u017eina rank\u0173, rie\u0161\u0173 bei pe\u010di\u0173 \u012ftamp\u0105. Sud\u0117tis \u2022Hipoalerginis ner\u016bdijantis plienas Savyb\u0117s \u2022Kvadratin\u0117 forma su u\u017eapvalintais kampais \u2013 patogesnis [&hellip;]","og_url":"https:\/\/happyinaknit.com\/ru\/product\/chiaogoo-quads-lace-prisukami-virbalai-13-cm\/","og_site_name":"Happyinaknit.com","article_modified_time":"2026-04-08T15:00:52+00:00","og_image":[{"width":1320,"height":2346,"url":"https:\/\/happyinaknit.com\/wp-content\/uploads\/2026\/01\/F5CA2AB6-8EEF-4EE2-972E-B79C7B2660CA.jpg","type":"image\/jpeg"}],"twitter_card":"summary_large_image","twitter_misc":{"\u041f\u0440\u0438\u043c\u0435\u0440\u043d\u043e\u0435 \u0432\u0440\u0435\u043c\u044f \u0434\u043b\u044f \u0447\u0442\u0435\u043d\u0438\u044f":"2 \u043c\u0438\u043d\u0443\u0442\u044b"},"schema":{"@context":"https:\/\/schema.org","@graph":[{"@type":"WebPage","@id":"https:\/\/happyinaknit.com\/produktas\/chiaogoo-quads-lace-prisukami-virbalai-13-cm\/","url":"https:\/\/happyinaknit.com\/produktas\/chiaogoo-quads-lace-prisukami-virbalai-13-cm\/","name":"Chiaogoo Quads Lace prisukami virbalai 13 cm - Happyinaknit.com","isPartOf":{"@id":"https:\/\/happyinaknit.com\/lt\/#website"},"primaryImageOfPage":{"@id":"https:\/\/happyinaknit.com\/produktas\/chiaogoo-quads-lace-prisukami-virbalai-13-cm\/#primaryimage"},"image":{"@id":"https:\/\/happyinaknit.com\/produktas\/chiaogoo-quads-lace-prisukami-virbalai-13-cm\/#primaryimage"},"thumbnailUrl":"https:\/\/happyinaknit.com\/wp-content\/uploads\/2026\/01\/F5CA2AB6-8EEF-4EE2-972E-B79C7B2660CA.jpg","datePublished":"2026-01-04T20:08:56+00:00","dateModified":"2026-04-08T15:00:52+00:00","breadcrumb":{"@id":"https:\/\/happyinaknit.com\/produktas\/chiaogoo-quads-lace-prisukami-virbalai-13-cm\/#breadcrumb"},"inLanguage":"ru-RU","potentialAction":[{"@type":"ReadAction","target":["https:\/\/happyinaknit.com\/produktas\/chiaogoo-quads-lace-prisukami-virbalai-13-cm\/"]}]},{"@type":"ImageObject","inLanguage":"ru-RU","@id":"https:\/\/happyinaknit.com\/produktas\/chiaogoo-quads-lace-prisukami-virbalai-13-cm\/#primaryimage","url":"https:\/\/happyinaknit.com\/wp-content\/uploads\/2026\/01\/F5CA2AB6-8EEF-4EE2-972E-B79C7B2660CA.jpg","contentUrl":"https:\/\/happyinaknit.com\/wp-content\/uploads\/2026\/01\/F5CA2AB6-8EEF-4EE2-972E-B79C7B2660CA.jpg","width":1320,"height":2346},{"@type":"BreadcrumbList","@id":"https:\/\/happyinaknit.com\/produktas\/chiaogoo-quads-lace-prisukami-virbalai-13-cm\/#breadcrumb","itemListElement":[{"@type":"ListItem","position":1,"name":"Home","item":"https:\/\/happyinaknit.com\/lt\/"},{"@type":"ListItem","position":2,"name":"Parduotuv\u0117","item":"https:\/\/happyinaknit.com\/lt\/parduotuve\/"},{"@type":"ListItem","position":3,"name":"Chiaogoo Quads Lace prisukami virbalai 13 cm"}]},{"@type":"WebSite","@id":"https:\/\/happyinaknit.com\/lt\/#website","url":"https:\/\/happyinaknit.com\/lt\/","name":"Happyinaknit.com","description":"","potentialAction":[{"@type":"SearchAction","target":{"@type":"EntryPoint","urlTemplate":"https:\/\/happyinaknit.com\/lt\/?s={search_term_string}"},"query-input":{"@type":"PropertyValueSpecification","valueRequired":true,"valueName":"search_term_string"}}],"inLanguage":"ru-RU"}]}},"_links":{"self":[{"href":"https:\/\/happyinaknit.com\/ru\/wp-json\/wp\/v2\/product\/7810","targetHints":{"allow":["GET"]}}],"collection":[{"href":"https:\/\/happyinaknit.com\/ru\/wp-json\/wp\/v2\/product"}],"about":[{"href":"https:\/\/happyinaknit.com\/ru\/wp-json\/wp\/v2\/types\/product"}],"replies":[{"embeddable":true,"href":"https:\/\/happyinaknit.com\/ru\/wp-json\/wp\/v2\/comments?post=7810"}],"wp:featuredmedia":[{"embeddable":true,"href":"https:\/\/happyinaknit.com\/ru\/wp-json\/wp\/v2\/media\/7796"}],"wp:attachment":[{"href":"https:\/\/happyinaknit.com\/ru\/wp-json\/wp\/v2\/media?parent=7810"}],"wp:term":[{"taxonomy":"product_brand","embeddable":true,"href":"https:\/\/happyinaknit.com\/ru\/wp-json\/wp\/v2\/product_brand?post=7810"},{"taxonomy":"product_cat","embeddable":true,"href":"https:\/\/happyinaknit.com\/ru\/wp-json\/wp\/v2\/product_cat?post=7810"},{"taxonomy":"product_tag","embeddable":true,"href":"https:\/\/happyinaknit.com\/ru\/wp-json\/wp\/v2\/product_tag?post=7810"},{"taxonomy":"pro-kategorijos","embeddable":true,"href":"https:\/\/happyinaknit.com\/ru\/wp-json\/wp\/v2\/pro-kategorijos?post=7810"}],"curies":[{"name":"wp","href":"https:\/\/api.w.org\/{rel}","templated":true}]}}