{"id":7772,"date":"2026-01-04T19:34:17","date_gmt":"2026-01-04T19:34:17","guid":{"rendered":"https:\/\/happyinaknit.com\/?post_type=product&#038;p=7772"},"modified":"2026-03-23T15:24:37","modified_gmt":"2026-03-23T15:24:37","slug":"chiaogoo-forte-prisukami-virbalai-10-cm","status":"publish","type":"product","link":"https:\/\/happyinaknit.com\/ru\/product\/chiaogoo-forte-prisukami-virbalai-10-cm\/","title":{"rendered":"ChiaoGoo Forte \u0440\u0430\u0437\u044a\u0435\u043c\u043d\u044b\u0435 \u0441\u043f\u0438\u0446\u044b 10 \u0441\u043c"},"content":{"rendered":"<p><b>\u041d\u043e\u0432\u0438\u043d\u043a\u0430 \u043e\u0442 \u0431\u0440\u0435\u043d\u0434\u0430 Chiaogoo Forte \u0434\u043b\u0438\u043d\u043e\u0439 13 \u0441\u043c\u00a0<\/b><\/p>\n<p class=\"p1\">\u0421\u043f\u0438\u0446\u044b ChiaoGoo Forte \u0438\u0437\u0433\u043e\u0442\u043e\u0432\u043b\u0435\u043d\u044b \u0438\u0437 \u043d\u0435\u0440\u0436\u0430\u0432\u0435\u044e\u0449\u0435\u0439 \u0441\u0442\u0430\u043b\u0438 \u0438 \u0443\u0433\u043b\u0435\u0440\u043e\u0434\u043d\u043e\u0433\u043e \u0432\u043e\u043b\u043e\u043a\u043d\u0430, \u0447\u0442\u043e \u0434\u0435\u043b\u0430\u0435\u0442 \u0438\u0445 \u043f\u0440\u043e\u0447\u043d\u044b\u043c\u0438, \u0434\u043e\u043b\u0433\u043e\u0432\u0435\u0447\u043d\u044b\u043c\u0438 \u0438 \u043d\u0435\u0432\u0435\u0440\u043e\u044f\u0442\u043d\u043e \u0433\u043b\u0430\u0434\u043a\u0438\u043c\u0438. \u041f\u0435\u0440\u0435\u0445\u043e\u0434\u044b \u043c\u0435\u0436\u0434\u0443 \u043c\u0430\u0442\u0435\u0440\u0438\u0430\u043b\u0430\u043c\u0438 \u043d\u0435\u0437\u0430\u043c\u0435\u0442\u043d\u044b, \u0447\u0442\u043e \u0434\u0435\u043b\u0430\u0435\u0442 \u0432\u044f\u0437\u0430\u043d\u0438\u0435 \u043d\u0435\u0432\u0435\u0440\u043e\u044f\u0442\u043d\u043e \u043f\u043b\u0430\u0432\u043d\u044b\u043c.<\/p>\n<ul>\n<li>\n<p class=\"p1\"><span class=\"s1\">\u0421\u0434\u0435\u043b\u0430\u043d\u044b \u0438\u0437 <\/span><b>\u043d\u0435\u0440\u0436\u0430\u0432\u0435\u044e\u0449\u0435\u0439 \u0441\u0442\u0430\u043b\u0438 \u0438 \u0443\u0433\u043b\u0435\u0440\u043e\u0434\u043d\u043e\u0433\u043e \u0432\u043e\u043b\u043e\u043a\u043d\u0430 (\u043a\u0430\u0440\u0431\u043e\u043d)<\/b><span class=\"s1\">.<\/span><\/p>\n<\/li>\n<li>\n<p class=\"p1\"><span class=\"s1\"><b>\u041e\u0441\u0442\u0440\u044b\u0435 \u043a\u043e\u043d\u0447\u0438\u043a\u0438<\/b><\/span> \u043f\u043e\u0437\u0432\u043e\u043b\u044f\u0435\u0442 \u0443\u0434\u043e\u0431\u043d\u043e \u0443\u0434\u0435\u0440\u0436\u0438\u0432\u0430\u0442\u044c \u043d\u0438\u0442\u044c.<\/p>\n<\/li>\n<li>\n<p class=\"p1\">\u0420\u0430\u0437\u043c\u0435\u0440 (\u043c\u043c) <span class=\"s1\"><b>\u0432\u044b\u0433\u0440\u0430\u0432\u0438\u0440\u043e\u0432\u0430\u043d \u043d\u0430 \u043a\u043e\u043d\u0447\u0438\u043a\u0435<\/b><\/span> \u2013 \u043d\u0435 \u0441\u043e\u0442\u0440\u0435\u0442\u0441\u044f \u0432 \u043f\u0440\u043e\u0446\u0435\u0441\u0441\u0435 \u0438\u0441\u043f\u043e\u043b\u044c\u0437\u043e\u0432\u0430\u043d\u0438\u044f.<\/p>\n<\/li>\n<li>\n<p class=\"p1\"><span class=\"s1\">\u0421\u043e\u0432\u043c\u0435\u0441\u0442\u0438\u043c\u043e \u0441\u043e \u0432\u0441\u0435\u043c\u0438 \u0441\u0438\u0441\u0442\u0435\u043c\u0430\u043c\u0438 ChiaoGoo: <\/span><b>TWIST Red, TWIST Blue, SWIV360 Silver, SPIN Nylon.<\/b><b><\/b><\/p>\n<\/li>\n<li>\n<p class=\"p1\">\u0414\u043e\u0441\u0442\u0443\u043f\u043d\u044b <span class=\"s1\"><b>Small<\/b><\/span> \u0438 <span class=\"s1\"><b>Large<\/b><\/span> \u0442\u0438\u043f\u044b \u0441\u043e\u0435\u0434\u0438\u043d\u0435\u043d\u0438\u0439.<\/p>\n<\/li>\n<li>\n<p class=\"p1\">\u0414\u043b\u0438\u043d\u0430 \u0441\u043f\u0438\u0446\u044b (\u0431\u0435\u0437 \u043b\u0435\u0441\u043a\u0438): <span class=\"s1\"><b>10 \u0441\u043c<\/b><\/span>.<\/p>\n<\/li>\n<\/ul>","protected":false},"excerpt":{"rendered":"<p>Naujiena nuo prek\u0117s \u017eenklo Chiaogoo Forte 10 cm ilgio\u00a0 \u201eChiaoGoo Forte\u201c virbalai pagaminti i\u0161 ner\u016bdijan\u010dio plieno ir anglies pluo\u0161to, tod\u0117l yra tvirti, ilgaam\u017eiai ir ypatingai lyg\u016bs. Per\u0117jimai tarp med\u017eiag\u0173 nepastebimi, tad mezgimas tampa itin sklandus. Pagaminti i\u0161 ner\u016bdijan\u010dio plieno ir anglies pluo\u0161to. A\u0161tr\u016bs galiukai leid\u017eia patogiai suimti si\u016bl\u0105. Dydis (mm) i\u0161graviruotas ant galiuko \u2013 nenusitrins [&hellip;]<\/p>\n","protected":false},"featured_media":7778,"comment_status":"open","ping_status":"closed","template":"","meta":{"_acf_changed":false},"product_brand":[166],"product_cat":[15,19,863],"product_tag":[],"pro-kategorijos":[],"class_list":{"0":"post-7772","1":"product","2":"type-product","3":"status-publish","4":"has-post-thumbnail","6":"product_brand-chiaogoo","7":"product_cat-visi-produktai","8":"product_cat-mezgimo-priemones","9":"product_cat-prisukami-virbalai","11":"first","12":"instock","13":"shipping-taxable","14":"purchasable","15":"product-type-variable"},"acf":[],"yoast_head":"<!-- This site is optimized with the Yoast SEO plugin v26.8 - https:\/\/yoast.com\/product\/yoast-seo-wordpress\/ -->\n<title>ChiaoGoo Forte prisukami virbalai 10 cm - Happyinaknit.com<\/title>\n<meta name=\"robots\" content=\"index, follow, max-snippet:-1, max-image-preview:large, max-video-preview:-1\" \/>\n<link rel=\"canonical\" href=\"https:\/\/happyinaknit.com\/ru\/product\/chiaogoo-forte-prisukami-virbalai-10-cm\/\" \/>\n<meta property=\"og:locale\" content=\"ru_RU\" \/>\n<meta property=\"og:type\" content=\"article\" \/>\n<meta property=\"og:title\" content=\"ChiaoGoo Forte prisukami virbalai 10 cm - Happyinaknit.com\" \/>\n<meta property=\"og:description\" content=\"Naujiena nuo prek\u0117s \u017eenklo Chiaogoo Forte 10 cm ilgio\u00a0 \u201eChiaoGoo Forte\u201c virbalai pagaminti i\u0161 ner\u016bdijan\u010dio plieno ir anglies pluo\u0161to, tod\u0117l yra tvirti, ilgaam\u017eiai ir ypatingai lyg\u016bs. Per\u0117jimai tarp med\u017eiag\u0173 nepastebimi, tad mezgimas tampa itin sklandus. Pagaminti i\u0161 ner\u016bdijan\u010dio plieno ir anglies pluo\u0161to. A\u0161tr\u016bs galiukai leid\u017eia patogiai suimti si\u016bl\u0105. Dydis (mm) i\u0161graviruotas ant galiuko \u2013 nenusitrins [&hellip;]\" \/>\n<meta property=\"og:url\" content=\"https:\/\/happyinaknit.com\/ru\/product\/chiaogoo-forte-prisukami-virbalai-10-cm\/\" \/>\n<meta property=\"og:site_name\" content=\"Happyinaknit.com\" \/>\n<meta property=\"article:modified_time\" content=\"2026-03-23T15:24:37+00:00\" \/>\n<meta property=\"og:image\" content=\"https:\/\/happyinaknit.com\/wp-content\/uploads\/2026\/01\/0DFF89DA-6287-4451-B778-38649B1746CC.jpg\" \/>\n\t<meta property=\"og:image:width\" content=\"1320\" \/>\n\t<meta property=\"og:image:height\" content=\"2346\" \/>\n\t<meta property=\"og:image:type\" content=\"image\/jpeg\" \/>\n<meta name=\"twitter:card\" content=\"summary_large_image\" \/>\n<meta name=\"twitter:label1\" content=\"\u041f\u0440\u0438\u043c\u0435\u0440\u043d\u043e\u0435 \u0432\u0440\u0435\u043c\u044f \u0434\u043b\u044f \u0447\u0442\u0435\u043d\u0438\u044f\" \/>\n\t<meta name=\"twitter:data1\" content=\"1 \u043c\u0438\u043d\u0443\u0442\u0430\" \/>\n<script type=\"application\/ld+json\" class=\"yoast-schema-graph\">{\"@context\":\"https:\/\/schema.org\",\"@graph\":[{\"@type\":\"WebPage\",\"@id\":\"https:\/\/happyinaknit.com\/produktas\/chiaogoo-forte-prisukami-virbalai-10-cm\/\",\"url\":\"https:\/\/happyinaknit.com\/produktas\/chiaogoo-forte-prisukami-virbalai-10-cm\/\",\"name\":\"ChiaoGoo Forte prisukami virbalai 10 cm - Happyinaknit.com\",\"isPartOf\":{\"@id\":\"https:\/\/happyinaknit.com\/lt\/#website\"},\"primaryImageOfPage\":{\"@id\":\"https:\/\/happyinaknit.com\/produktas\/chiaogoo-forte-prisukami-virbalai-10-cm\/#primaryimage\"},\"image\":{\"@id\":\"https:\/\/happyinaknit.com\/produktas\/chiaogoo-forte-prisukami-virbalai-10-cm\/#primaryimage\"},\"thumbnailUrl\":\"https:\/\/happyinaknit.com\/wp-content\/uploads\/2026\/01\/0DFF89DA-6287-4451-B778-38649B1746CC.jpg\",\"datePublished\":\"2026-01-04T19:34:17+00:00\",\"dateModified\":\"2026-03-23T15:24:37+00:00\",\"breadcrumb\":{\"@id\":\"https:\/\/happyinaknit.com\/produktas\/chiaogoo-forte-prisukami-virbalai-10-cm\/#breadcrumb\"},\"inLanguage\":\"ru-RU\",\"potentialAction\":[{\"@type\":\"ReadAction\",\"target\":[\"https:\/\/happyinaknit.com\/produktas\/chiaogoo-forte-prisukami-virbalai-10-cm\/\"]}]},{\"@type\":\"ImageObject\",\"inLanguage\":\"ru-RU\",\"@id\":\"https:\/\/happyinaknit.com\/produktas\/chiaogoo-forte-prisukami-virbalai-10-cm\/#primaryimage\",\"url\":\"https:\/\/happyinaknit.com\/wp-content\/uploads\/2026\/01\/0DFF89DA-6287-4451-B778-38649B1746CC.jpg\",\"contentUrl\":\"https:\/\/happyinaknit.com\/wp-content\/uploads\/2026\/01\/0DFF89DA-6287-4451-B778-38649B1746CC.jpg\",\"width\":1320,\"height\":2346},{\"@type\":\"BreadcrumbList\",\"@id\":\"https:\/\/happyinaknit.com\/produktas\/chiaogoo-forte-prisukami-virbalai-10-cm\/#breadcrumb\",\"itemListElement\":[{\"@type\":\"ListItem\",\"position\":1,\"name\":\"Home\",\"item\":\"https:\/\/happyinaknit.com\/lt\/\"},{\"@type\":\"ListItem\",\"position\":2,\"name\":\"Parduotuv\u0117\",\"item\":\"https:\/\/happyinaknit.com\/lt\/parduotuve\/\"},{\"@type\":\"ListItem\",\"position\":3,\"name\":\"ChiaoGoo Forte prisukami virbalai 10 cm\"}]},{\"@type\":\"WebSite\",\"@id\":\"https:\/\/happyinaknit.com\/lt\/#website\",\"url\":\"https:\/\/happyinaknit.com\/lt\/\",\"name\":\"Happyinaknit.com\",\"description\":\"\",\"potentialAction\":[{\"@type\":\"SearchAction\",\"target\":{\"@type\":\"EntryPoint\",\"urlTemplate\":\"https:\/\/happyinaknit.com\/lt\/?s={search_term_string}\"},\"query-input\":{\"@type\":\"PropertyValueSpecification\",\"valueRequired\":true,\"valueName\":\"search_term_string\"}}],\"inLanguage\":\"ru-RU\"}]}<\/script>\n<!-- \/ Yoast SEO plugin. -->","yoast_head_json":{"title":"ChiaoGoo Forte prisukami virbalai 10 cm - Happyinaknit.com","robots":{"index":"index","follow":"follow","max-snippet":"max-snippet:-1","max-image-preview":"max-image-preview:large","max-video-preview":"max-video-preview:-1"},"canonical":"https:\/\/happyinaknit.com\/ru\/product\/chiaogoo-forte-prisukami-virbalai-10-cm\/","og_locale":"ru_RU","og_type":"article","og_title":"ChiaoGoo Forte prisukami virbalai 10 cm - Happyinaknit.com","og_description":"Naujiena nuo prek\u0117s \u017eenklo Chiaogoo Forte 10 cm ilgio\u00a0 \u201eChiaoGoo Forte\u201c virbalai pagaminti i\u0161 ner\u016bdijan\u010dio plieno ir anglies pluo\u0161to, tod\u0117l yra tvirti, ilgaam\u017eiai ir ypatingai lyg\u016bs. Per\u0117jimai tarp med\u017eiag\u0173 nepastebimi, tad mezgimas tampa itin sklandus. Pagaminti i\u0161 ner\u016bdijan\u010dio plieno ir anglies pluo\u0161to. A\u0161tr\u016bs galiukai leid\u017eia patogiai suimti si\u016bl\u0105. Dydis (mm) i\u0161graviruotas ant galiuko \u2013 nenusitrins [&hellip;]","og_url":"https:\/\/happyinaknit.com\/ru\/product\/chiaogoo-forte-prisukami-virbalai-10-cm\/","og_site_name":"Happyinaknit.com","article_modified_time":"2026-03-23T15:24:37+00:00","og_image":[{"width":1320,"height":2346,"url":"https:\/\/happyinaknit.com\/wp-content\/uploads\/2026\/01\/0DFF89DA-6287-4451-B778-38649B1746CC.jpg","type":"image\/jpeg"}],"twitter_card":"summary_large_image","twitter_misc":{"\u041f\u0440\u0438\u043c\u0435\u0440\u043d\u043e\u0435 \u0432\u0440\u0435\u043c\u044f \u0434\u043b\u044f \u0447\u0442\u0435\u043d\u0438\u044f":"1 \u043c\u0438\u043d\u0443\u0442\u0430"},"schema":{"@context":"https:\/\/schema.org","@graph":[{"@type":"WebPage","@id":"https:\/\/happyinaknit.com\/produktas\/chiaogoo-forte-prisukami-virbalai-10-cm\/","url":"https:\/\/happyinaknit.com\/produktas\/chiaogoo-forte-prisukami-virbalai-10-cm\/","name":"ChiaoGoo Forte prisukami virbalai 10 cm - Happyinaknit.com","isPartOf":{"@id":"https:\/\/happyinaknit.com\/lt\/#website"},"primaryImageOfPage":{"@id":"https:\/\/happyinaknit.com\/produktas\/chiaogoo-forte-prisukami-virbalai-10-cm\/#primaryimage"},"image":{"@id":"https:\/\/happyinaknit.com\/produktas\/chiaogoo-forte-prisukami-virbalai-10-cm\/#primaryimage"},"thumbnailUrl":"https:\/\/happyinaknit.com\/wp-content\/uploads\/2026\/01\/0DFF89DA-6287-4451-B778-38649B1746CC.jpg","datePublished":"2026-01-04T19:34:17+00:00","dateModified":"2026-03-23T15:24:37+00:00","breadcrumb":{"@id":"https:\/\/happyinaknit.com\/produktas\/chiaogoo-forte-prisukami-virbalai-10-cm\/#breadcrumb"},"inLanguage":"ru-RU","potentialAction":[{"@type":"ReadAction","target":["https:\/\/happyinaknit.com\/produktas\/chiaogoo-forte-prisukami-virbalai-10-cm\/"]}]},{"@type":"ImageObject","inLanguage":"ru-RU","@id":"https:\/\/happyinaknit.com\/produktas\/chiaogoo-forte-prisukami-virbalai-10-cm\/#primaryimage","url":"https:\/\/happyinaknit.com\/wp-content\/uploads\/2026\/01\/0DFF89DA-6287-4451-B778-38649B1746CC.jpg","contentUrl":"https:\/\/happyinaknit.com\/wp-content\/uploads\/2026\/01\/0DFF89DA-6287-4451-B778-38649B1746CC.jpg","width":1320,"height":2346},{"@type":"BreadcrumbList","@id":"https:\/\/happyinaknit.com\/produktas\/chiaogoo-forte-prisukami-virbalai-10-cm\/#breadcrumb","itemListElement":[{"@type":"ListItem","position":1,"name":"Home","item":"https:\/\/happyinaknit.com\/lt\/"},{"@type":"ListItem","position":2,"name":"Parduotuv\u0117","item":"https:\/\/happyinaknit.com\/lt\/parduotuve\/"},{"@type":"ListItem","position":3,"name":"ChiaoGoo Forte prisukami virbalai 10 cm"}]},{"@type":"WebSite","@id":"https:\/\/happyinaknit.com\/lt\/#website","url":"https:\/\/happyinaknit.com\/lt\/","name":"Happyinaknit.com","description":"","potentialAction":[{"@type":"SearchAction","target":{"@type":"EntryPoint","urlTemplate":"https:\/\/happyinaknit.com\/lt\/?s={search_term_string}"},"query-input":{"@type":"PropertyValueSpecification","valueRequired":true,"valueName":"search_term_string"}}],"inLanguage":"ru-RU"}]}},"_links":{"self":[{"href":"https:\/\/happyinaknit.com\/ru\/wp-json\/wp\/v2\/product\/7772","targetHints":{"allow":["GET"]}}],"collection":[{"href":"https:\/\/happyinaknit.com\/ru\/wp-json\/wp\/v2\/product"}],"about":[{"href":"https:\/\/happyinaknit.com\/ru\/wp-json\/wp\/v2\/types\/product"}],"replies":[{"embeddable":true,"href":"https:\/\/happyinaknit.com\/ru\/wp-json\/wp\/v2\/comments?post=7772"}],"wp:featuredmedia":[{"embeddable":true,"href":"https:\/\/happyinaknit.com\/ru\/wp-json\/wp\/v2\/media\/7778"}],"wp:attachment":[{"href":"https:\/\/happyinaknit.com\/ru\/wp-json\/wp\/v2\/media?parent=7772"}],"wp:term":[{"taxonomy":"product_brand","embeddable":true,"href":"https:\/\/happyinaknit.com\/ru\/wp-json\/wp\/v2\/product_brand?post=7772"},{"taxonomy":"product_cat","embeddable":true,"href":"https:\/\/happyinaknit.com\/ru\/wp-json\/wp\/v2\/product_cat?post=7772"},{"taxonomy":"product_tag","embeddable":true,"href":"https:\/\/happyinaknit.com\/ru\/wp-json\/wp\/v2\/product_tag?post=7772"},{"taxonomy":"pro-kategorijos","embeddable":true,"href":"https:\/\/happyinaknit.com\/ru\/wp-json\/wp\/v2\/pro-kategorijos?post=7772"}],"curies":[{"name":"wp","href":"https:\/\/api.w.org\/{rel}","templated":true}]}}