{"id":7592,"date":"2025-12-05T18:59:31","date_gmt":"2025-12-05T18:59:31","guid":{"rendered":"https:\/\/happyinaknit.com\/?post_type=product&#038;p=7592"},"modified":"2026-03-10T13:54:16","modified_gmt":"2026-03-10T13:54:16","slug":"virbalu-stabdziukai-megzti-drabuzeliai","status":"publish","type":"product","link":"https:\/\/happyinaknit.com\/ru\/product\/virbalu-stabdziukai-megzti-drabuzeliai\/","title":{"rendered":"Katia \u0441\u0442\u043e\u043f\u043f\u0435\u0440\u044b \u0434\u043b\u044f \u0441\u043f\u0438\u0446  \u201e\u0412\u044f\u0437\u0430\u043d\u0430\u044f \u043e\u0434\u0435\u0436\u0434\u0430\u201c"},"content":{"rendered":"<p>\u041e\u0447\u0430\u0440\u043e\u0432\u0430\u0442\u0435\u043b\u044c\u043d\u044b\u0435 \u0440\u0435\u0437\u0438\u043d\u043e\u0432\u044b\u0435  \u0441\u0442\u043e\u043f\u043f\u0435\u0440\u044b \u0434\u043b\u044f \u0441\u043f\u0438\u0446 \u0432 \u0432\u0438\u0434\u0435 \u043c\u0438\u043d\u0438\u0430\u0442\u044e\u0440\u043d\u044b\u0445 \u0432\u044f\u0437\u0430\u043d\u044b\u0445 \u0438\u0437\u0434\u0435\u043b\u0438\u0439 \u043d\u0435 \u0442\u043e\u043b\u044c\u043a\u043e \u0437\u0430\u0449\u0438\u0449\u0430\u044e\u0442 \u0432\u0430\u0448\u0438 \u0432\u044f\u0437\u0430\u043d\u044b\u0435 \u0438\u0437\u0434\u0435\u043b\u0438\u044f, \u043d\u043e \u0438 \u043f\u0440\u0438\u0434\u0430\u044e\u0442 \u0443\u044e\u0442\u043d\u044b\u0439 \u0432\u0438\u0434 \u043b\u044e\u0431\u043e\u043c\u0443 \u043f\u0440\u043e\u0435\u043a\u0442\u0443. \u0418\u0434\u0435\u0430\u043b\u044c\u043d\u043e \u043f\u043e\u0434\u0445\u043e\u0434\u044f\u0442 \u0434\u043b\u044f \u0445\u0440\u0430\u043d\u0435\u043d\u0438\u044f \u0441\u043f\u0438\u0446  \u0434\u043e\u043c\u0430 \u0438 \u0432 \u0434\u043e\u0440\u043e\u0433\u0435.<\/p>\n<p><b>\u041e\u043f\u0438\u0441\u0430\u043d\u0438\u0435<\/b><b><\/b><\/p>\n<p>\u041c\u044f\u0433\u043a\u0438\u0435 \u0441\u0442\u043e\u043f\u043f\u0435\u0440\u044b \u043f\u0430\u0441\u0442\u0435\u043b\u044c\u043d\u044b\u0445 \u0442\u043e\u043d\u043e\u0432 \u043d\u0435 \u0434\u0430\u044e\u0442 \u043f\u0435\u0442\u043b\u044f\u043c \u0441\u043e\u0441\u043a\u043e\u043b\u044c\u0437\u043d\u0443\u0442\u044c \u0441\u043e \u0441\u043f\u0438\u0446 \u0438 \u0437\u0430\u0449\u0438\u0449\u0430\u044e\u0442 \u043e\u0442 \u0441\u043b\u0443\u0447\u0430\u0439\u043d\u044b\u0445 \u043f\u0440\u043e\u043a\u043e\u043b\u043e\u0432 \u043f\u0440\u0438 \u0445\u0440\u0430\u043d\u0435\u043d\u0438\u0438. \u0412 \u043a\u0430\u0436\u0434\u043e\u043c \u043d\u0430\u0431\u043e\u0440\u0435 2 \u043e\u0434\u0438\u043d\u0430\u043a\u043e\u0432\u044b\u0445 \u0441\u0442\u043e\u043f\u043f\u0435\u0440\u0430. \u0414\u043e\u0441\u0442\u0443\u043f\u043d\u044b \u0442\u0440\u0438 \u0441\u0438\u043c\u043f\u0430\u0442\u0438\u0447\u043d\u044b\u0445 \u0434\u0438\u0437\u0430\u0439\u043d\u0430:<\/p>\n<p>- \u0436\u0438\u043b\u0435\u0442<\/p>\n<p>-\u043f\u0435\u0440\u0447\u0430\u0442\u043a\u0438<\/p>\n<p>-\u0448\u0430\u0440\u0444<\/p>\n<p><b>\u0425\u0430\u0440\u0430\u043a\u0442\u0435\u0440\u0438\u0441\u0442\u0438\u043a\u0438<\/b><b><\/b><\/p>\n<p>-\u041c\u0430\u0442\u0435\u0440\u0438\u0430\u043b: \u043c\u044f\u0433\u043a\u0430\u044f \u0440\u0435\u0437\u0438\u043d\u0430<\/p>\n<p>-\u041a\u043e\u043b\u0438\u0447\u0435\u0441\u0442\u0432\u043e  \u0432 \u043a\u043e\u043c\u043f\u043b\u0435\u043a\u0442\u0435: 2 \u0448\u0442.<\/p>\n<p>-\u041d\u0430\u0437\u043d\u0430\u0447\u0435\u043d\u0438\u0435: \u0444\u0438\u043a\u0441\u0430\u0446\u0438\u044f \u043f\u0435\u0442\u0435\u043b\u044c \u043d\u0430 \u0441\u043f\u0438\u0446\u0435, \u0437\u0430\u0449\u0438\u0442\u0430 \u043a\u043e\u043d\u0447\u0438\u043a\u043e\u0432 \u0441\u043f\u0438\u0446<\/p>\n<p>-\u0421\u043e\u0432\u043c\u0435\u0441\u0442\u0438\u043c\u043e\u0441\u0442\u044c: \u043f\u043e\u0434\u0445\u043e\u0434\u0438\u0442 \u0434\u043b\u044f \u0431\u043e\u043b\u044c\u0448\u0438\u043d\u0441\u0442\u0432\u0430 \u0441\u0442\u0430\u043d\u0434\u0430\u0440\u0442\u043d\u044b\u0445 \u0441\u043f\u0438\u0446<\/p>\n<p>-\u0424\u043e\u0440\u043c\u0430: \u0442\u0440\u0438\u043a\u043e\u0442\u0430\u0436\u043d\u044b\u0435 \u0438\u0437\u0434\u0435\u043b\u0438\u044f (\u0434\u0435\u043a\u043e\u0440\u0430\u0442\u0438\u0432\u043d\u043e\u0435)<\/p>\n<p><b>\u041f\u0440\u0435\u0438\u043c\u0443\u0449\u0435\u0441\u0442\u0432\u0430<\/b><b><\/b><\/p>\n<p>-\u041d\u0430\u0434\u0435\u0436\u043d\u043e \u0443\u0434\u0435\u0440\u0436\u0438\u0432\u0430\u0435\u0442 \u043f\u0435\u0442\u043b\u0438 \u043d\u0430 \u0441\u043f\u0438\u0446\u0435<\/p>\n<p>-\u0417\u0430\u0449\u0438\u0442\u0430 \u043e\u0442 \u043f\u0440\u043e\u043a\u043e\u043b\u043e\u0432 \u0432\u043e \u0432\u0440\u0435\u043c\u044f \u0445\u0440\u0430\u043d\u0435\u043d\u0438\u044f<\/p>\n<p>-\u041d\u0435 \u043f\u043e\u0432\u0440\u0435\u0436\u0434\u0430\u0435\u0442  \u0441\u043f\u0438\u0446\u044b \u0438 \u043f\u0440\u044f\u0436\u0443<\/p>\n<p>-\u041c\u044f\u0433\u043a\u0438\u0435, \u043b\u0435\u0433\u043a\u0438\u0435 \u0438 \u043f\u0440\u043e\u0441\u0442\u044b\u0435  \u0432 \u0438\u0441\u043f\u043e\u043b\u044c\u0437\u043e\u0432\u0430\u043d\u0438\u0438<\/p>\n<p>-\u041d\u0435\u0436\u043d\u044b\u0439 \u0438 \u043e\u0440\u0438\u0433\u0438\u043d\u0430\u043b\u044c\u043d\u044b\u0439 \u0430\u043a\u0441\u0435\u0441\u0441\u0443\u0430\u0440 \u0434\u043b\u044f \u0440\u0443\u043a\u043e\u0434\u0435\u043b\u0438\u044f<\/p>\n<p><b>\u041f\u043e\u043b\u043d\u044b\u0439<\/b><b><\/b><\/p>\n<p>-1 \u043a\u043e\u043c\u043f\u043b\u0435\u043a\u0442 = 2 \u043e\u0434\u0438\u043d\u0430\u043a\u043e\u0432\u044b\u0445 \u0441\u0442\u043e\u043f\u043f\u0435\u0440\u0430 \u0432\u044b\u0431\u0440\u0430\u043d\u043d\u043e\u0433\u043e \u0434\u0438\u0437\u0430\u0439\u043d\u0430<\/p>\n<p><b>\u0421\u043e\u0432\u0435\u0442\u044b \u043f\u043e \u0443\u0445\u043e\u0434\u0443<\/b><b><\/b><\/p>\n<p>\u041f\u0440\u0438 \u043d\u0435\u043e\u0431\u0445\u043e\u0434\u0438\u043c\u043e\u0441\u0442\u0438 \u043f\u0440\u043e\u0442\u0440\u0438\u0442\u0435 \u0432\u043b\u0430\u0436\u043d\u043e\u0439 \u0442\u043a\u0430\u043d\u044c\u044e. \u041d\u0435 \u0445\u0440\u0430\u043d\u0438\u0442\u0435 \u043f\u0440\u0438 \u0432\u044b\u0441\u043e\u043a\u0438\u0445 \u0442\u0435\u043c\u043f\u0435\u0440\u0430\u0442\u0443\u0440\u0430\u0445.<\/p>\n<p><b>\u041f\u0440\u0438\u043c\u0435\u0447\u0430\u043d\u0438\u0435:<\/b> \u0426\u0432\u0435\u0442\u043e\u0432\u044b\u0435 \u043e\u0442\u0442\u0435\u043d\u043a\u0438 \u043c\u043e\u0433\u0443\u0442 \u043d\u0435\u0437\u043d\u0430\u0447\u0438\u0442\u0435\u043b\u044c\u043d\u043e \u043e\u0442\u043b\u0438\u0447\u0430\u0442\u044c\u0441\u044f \u0432 \u0437\u0430\u0432\u0438\u0441\u0438\u043c\u043e\u0441\u0442\u0438 \u043e\u0442 \u044d\u043a\u0440\u0430\u043d\u0430 \u0432\u0430\u0448\u0435\u0433\u043e \u0443\u0441\u0442\u0440\u043e\u0439\u0441\u0442\u0432\u0430.<\/p>","protected":false},"excerpt":{"rendered":"<p>\u017dav\u016bs guminiai virbal\u0173 stabd\u017eiukai miniati\u016brini\u0173 megzt\u0173 drabu\u017e\u0117li\u0173 formos ne tik saugo j\u016bs\u0173 mezgin\u012f, bet ir suteikia jaukumo kiekvienam projektui. Puikiai tinka virbalams laikyti namuose ir kelion\u0117se. Apra\u0161ymas \u0160velni\u0173 pastelini\u0173 spalv\u0173 stabd\u017eiukai neleid\u017eia akims nuslysti nuo virbal\u0173 ir saugo nuo nety\u010dini\u0173 \u012fd\u016brim\u0173 laikymo metu. Kiekvien\u0105 rinkin\u012f sudaro 2 vienodi stabd\u017eiukai. Galimi trys mieli dizainai: \u2022liemen\u0117s \u2022pir\u0161tin\u0117s [&hellip;]<\/p>\n","protected":false},"featured_media":7590,"comment_status":"open","ping_status":"closed","template":"","meta":{"_acf_changed":false},"product_brand":[69],"product_cat":[15,868,19],"product_tag":[],"pro-kategorijos":[],"class_list":{"0":"post-7592","1":"product","2":"type-product","3":"status-publish","4":"has-post-thumbnail","6":"product_brand-concept-by-katia","7":"product_cat-visi-produktai","8":"product_cat-antgaliaistabdziukai","9":"product_cat-mezgimo-priemones","11":"first","12":"instock","13":"shipping-taxable","14":"purchasable","15":"product-type-variable"},"acf":[],"yoast_head":"<!-- This site is optimized with the Yoast SEO plugin v26.8 - https:\/\/yoast.com\/product\/yoast-seo-wordpress\/ -->\n<title>Katia Virbal\u0173 stabd\u017eiukai \u201eMegzti drabu\u017e\u0117liai\u201c - Happyinaknit.com<\/title>\n<meta name=\"robots\" content=\"index, follow, max-snippet:-1, max-image-preview:large, max-video-preview:-1\" \/>\n<link rel=\"canonical\" href=\"https:\/\/happyinaknit.com\/ru\/product\/virbalu-stabdziukai-megzti-drabuzeliai\/\" \/>\n<meta property=\"og:locale\" content=\"ru_RU\" \/>\n<meta property=\"og:type\" content=\"article\" \/>\n<meta property=\"og:title\" content=\"Katia Virbal\u0173 stabd\u017eiukai \u201eMegzti drabu\u017e\u0117liai\u201c - Happyinaknit.com\" \/>\n<meta property=\"og:description\" content=\"\u017dav\u016bs guminiai virbal\u0173 stabd\u017eiukai miniati\u016brini\u0173 megzt\u0173 drabu\u017e\u0117li\u0173 formos ne tik saugo j\u016bs\u0173 mezgin\u012f, bet ir suteikia jaukumo kiekvienam projektui. Puikiai tinka virbalams laikyti namuose ir kelion\u0117se. Apra\u0161ymas \u0160velni\u0173 pastelini\u0173 spalv\u0173 stabd\u017eiukai neleid\u017eia akims nuslysti nuo virbal\u0173 ir saugo nuo nety\u010dini\u0173 \u012fd\u016brim\u0173 laikymo metu. Kiekvien\u0105 rinkin\u012f sudaro 2 vienodi stabd\u017eiukai. Galimi trys mieli dizainai: \u2022liemen\u0117s \u2022pir\u0161tin\u0117s [&hellip;]\" \/>\n<meta property=\"og:url\" content=\"https:\/\/happyinaknit.com\/ru\/product\/virbalu-stabdziukai-megzti-drabuzeliai\/\" \/>\n<meta property=\"og:site_name\" content=\"Happyinaknit.com\" \/>\n<meta property=\"article:modified_time\" content=\"2026-03-10T13:54:16+00:00\" \/>\n<meta property=\"og:image\" content=\"https:\/\/happyinaknit.com\/wp-content\/uploads\/2025\/12\/IMG_2710.jpg\" \/>\n\t<meta property=\"og:image:width\" content=\"1302\" \/>\n\t<meta property=\"og:image:height\" content=\"1285\" \/>\n\t<meta property=\"og:image:type\" content=\"image\/jpeg\" \/>\n<meta name=\"twitter:card\" content=\"summary_large_image\" \/>\n<meta name=\"twitter:label1\" content=\"\u041f\u0440\u0438\u043c\u0435\u0440\u043d\u043e\u0435 \u0432\u0440\u0435\u043c\u044f \u0434\u043b\u044f \u0447\u0442\u0435\u043d\u0438\u044f\" \/>\n\t<meta name=\"twitter:data1\" content=\"1 \u043c\u0438\u043d\u0443\u0442\u0430\" \/>\n<script type=\"application\/ld+json\" class=\"yoast-schema-graph\">{\"@context\":\"https:\/\/schema.org\",\"@graph\":[{\"@type\":\"WebPage\",\"@id\":\"https:\/\/happyinaknit.com\/produktas\/virbalu-stabdziukai-megzti-drabuzeliai\/\",\"url\":\"https:\/\/happyinaknit.com\/produktas\/virbalu-stabdziukai-megzti-drabuzeliai\/\",\"name\":\"Katia Virbal\u0173 stabd\u017eiukai \u201eMegzti drabu\u017e\u0117liai\u201c - Happyinaknit.com\",\"isPartOf\":{\"@id\":\"https:\/\/happyinaknit.com\/lt\/#website\"},\"primaryImageOfPage\":{\"@id\":\"https:\/\/happyinaknit.com\/produktas\/virbalu-stabdziukai-megzti-drabuzeliai\/#primaryimage\"},\"image\":{\"@id\":\"https:\/\/happyinaknit.com\/produktas\/virbalu-stabdziukai-megzti-drabuzeliai\/#primaryimage\"},\"thumbnailUrl\":\"https:\/\/happyinaknit.com\/wp-content\/uploads\/2025\/12\/IMG_2710.jpg\",\"datePublished\":\"2025-12-05T18:59:31+00:00\",\"dateModified\":\"2026-03-10T13:54:16+00:00\",\"breadcrumb\":{\"@id\":\"https:\/\/happyinaknit.com\/produktas\/virbalu-stabdziukai-megzti-drabuzeliai\/#breadcrumb\"},\"inLanguage\":\"ru-RU\",\"potentialAction\":[{\"@type\":\"ReadAction\",\"target\":[\"https:\/\/happyinaknit.com\/produktas\/virbalu-stabdziukai-megzti-drabuzeliai\/\"]}]},{\"@type\":\"ImageObject\",\"inLanguage\":\"ru-RU\",\"@id\":\"https:\/\/happyinaknit.com\/produktas\/virbalu-stabdziukai-megzti-drabuzeliai\/#primaryimage\",\"url\":\"https:\/\/happyinaknit.com\/wp-content\/uploads\/2025\/12\/IMG_2710.jpg\",\"contentUrl\":\"https:\/\/happyinaknit.com\/wp-content\/uploads\/2025\/12\/IMG_2710.jpg\",\"width\":1302,\"height\":1285},{\"@type\":\"BreadcrumbList\",\"@id\":\"https:\/\/happyinaknit.com\/produktas\/virbalu-stabdziukai-megzti-drabuzeliai\/#breadcrumb\",\"itemListElement\":[{\"@type\":\"ListItem\",\"position\":1,\"name\":\"Home\",\"item\":\"https:\/\/happyinaknit.com\/lt\/\"},{\"@type\":\"ListItem\",\"position\":2,\"name\":\"Parduotuv\u0117\",\"item\":\"https:\/\/happyinaknit.com\/lt\/parduotuve\/\"},{\"@type\":\"ListItem\",\"position\":3,\"name\":\"Katia Virbal\u0173 stabd\u017eiukai \u201eMegzti drabu\u017e\u0117liai\u201c\"}]},{\"@type\":\"WebSite\",\"@id\":\"https:\/\/happyinaknit.com\/lt\/#website\",\"url\":\"https:\/\/happyinaknit.com\/lt\/\",\"name\":\"Happyinaknit.com\",\"description\":\"\",\"potentialAction\":[{\"@type\":\"SearchAction\",\"target\":{\"@type\":\"EntryPoint\",\"urlTemplate\":\"https:\/\/happyinaknit.com\/lt\/?s={search_term_string}\"},\"query-input\":{\"@type\":\"PropertyValueSpecification\",\"valueRequired\":true,\"valueName\":\"search_term_string\"}}],\"inLanguage\":\"ru-RU\"}]}<\/script>\n<!-- \/ Yoast SEO plugin. -->","yoast_head_json":{"title":"Katia Virbal\u0173 stabd\u017eiukai \u201eMegzti drabu\u017e\u0117liai\u201c - Happyinaknit.com","robots":{"index":"index","follow":"follow","max-snippet":"max-snippet:-1","max-image-preview":"max-image-preview:large","max-video-preview":"max-video-preview:-1"},"canonical":"https:\/\/happyinaknit.com\/ru\/product\/virbalu-stabdziukai-megzti-drabuzeliai\/","og_locale":"ru_RU","og_type":"article","og_title":"Katia Virbal\u0173 stabd\u017eiukai \u201eMegzti drabu\u017e\u0117liai\u201c - Happyinaknit.com","og_description":"\u017dav\u016bs guminiai virbal\u0173 stabd\u017eiukai miniati\u016brini\u0173 megzt\u0173 drabu\u017e\u0117li\u0173 formos ne tik saugo j\u016bs\u0173 mezgin\u012f, bet ir suteikia jaukumo kiekvienam projektui. Puikiai tinka virbalams laikyti namuose ir kelion\u0117se. Apra\u0161ymas \u0160velni\u0173 pastelini\u0173 spalv\u0173 stabd\u017eiukai neleid\u017eia akims nuslysti nuo virbal\u0173 ir saugo nuo nety\u010dini\u0173 \u012fd\u016brim\u0173 laikymo metu. Kiekvien\u0105 rinkin\u012f sudaro 2 vienodi stabd\u017eiukai. Galimi trys mieli dizainai: \u2022liemen\u0117s \u2022pir\u0161tin\u0117s [&hellip;]","og_url":"https:\/\/happyinaknit.com\/ru\/product\/virbalu-stabdziukai-megzti-drabuzeliai\/","og_site_name":"Happyinaknit.com","article_modified_time":"2026-03-10T13:54:16+00:00","og_image":[{"width":1302,"height":1285,"url":"https:\/\/happyinaknit.com\/wp-content\/uploads\/2025\/12\/IMG_2710.jpg","type":"image\/jpeg"}],"twitter_card":"summary_large_image","twitter_misc":{"\u041f\u0440\u0438\u043c\u0435\u0440\u043d\u043e\u0435 \u0432\u0440\u0435\u043c\u044f \u0434\u043b\u044f \u0447\u0442\u0435\u043d\u0438\u044f":"1 \u043c\u0438\u043d\u0443\u0442\u0430"},"schema":{"@context":"https:\/\/schema.org","@graph":[{"@type":"WebPage","@id":"https:\/\/happyinaknit.com\/produktas\/virbalu-stabdziukai-megzti-drabuzeliai\/","url":"https:\/\/happyinaknit.com\/produktas\/virbalu-stabdziukai-megzti-drabuzeliai\/","name":"Katia Virbal\u0173 stabd\u017eiukai \u201eMegzti drabu\u017e\u0117liai\u201c - Happyinaknit.com","isPartOf":{"@id":"https:\/\/happyinaknit.com\/lt\/#website"},"primaryImageOfPage":{"@id":"https:\/\/happyinaknit.com\/produktas\/virbalu-stabdziukai-megzti-drabuzeliai\/#primaryimage"},"image":{"@id":"https:\/\/happyinaknit.com\/produktas\/virbalu-stabdziukai-megzti-drabuzeliai\/#primaryimage"},"thumbnailUrl":"https:\/\/happyinaknit.com\/wp-content\/uploads\/2025\/12\/IMG_2710.jpg","datePublished":"2025-12-05T18:59:31+00:00","dateModified":"2026-03-10T13:54:16+00:00","breadcrumb":{"@id":"https:\/\/happyinaknit.com\/produktas\/virbalu-stabdziukai-megzti-drabuzeliai\/#breadcrumb"},"inLanguage":"ru-RU","potentialAction":[{"@type":"ReadAction","target":["https:\/\/happyinaknit.com\/produktas\/virbalu-stabdziukai-megzti-drabuzeliai\/"]}]},{"@type":"ImageObject","inLanguage":"ru-RU","@id":"https:\/\/happyinaknit.com\/produktas\/virbalu-stabdziukai-megzti-drabuzeliai\/#primaryimage","url":"https:\/\/happyinaknit.com\/wp-content\/uploads\/2025\/12\/IMG_2710.jpg","contentUrl":"https:\/\/happyinaknit.com\/wp-content\/uploads\/2025\/12\/IMG_2710.jpg","width":1302,"height":1285},{"@type":"BreadcrumbList","@id":"https:\/\/happyinaknit.com\/produktas\/virbalu-stabdziukai-megzti-drabuzeliai\/#breadcrumb","itemListElement":[{"@type":"ListItem","position":1,"name":"Home","item":"https:\/\/happyinaknit.com\/lt\/"},{"@type":"ListItem","position":2,"name":"Parduotuv\u0117","item":"https:\/\/happyinaknit.com\/lt\/parduotuve\/"},{"@type":"ListItem","position":3,"name":"Katia Virbal\u0173 stabd\u017eiukai \u201eMegzti drabu\u017e\u0117liai\u201c"}]},{"@type":"WebSite","@id":"https:\/\/happyinaknit.com\/lt\/#website","url":"https:\/\/happyinaknit.com\/lt\/","name":"Happyinaknit.com","description":"","potentialAction":[{"@type":"SearchAction","target":{"@type":"EntryPoint","urlTemplate":"https:\/\/happyinaknit.com\/lt\/?s={search_term_string}"},"query-input":{"@type":"PropertyValueSpecification","valueRequired":true,"valueName":"search_term_string"}}],"inLanguage":"ru-RU"}]}},"_links":{"self":[{"href":"https:\/\/happyinaknit.com\/ru\/wp-json\/wp\/v2\/product\/7592","targetHints":{"allow":["GET"]}}],"collection":[{"href":"https:\/\/happyinaknit.com\/ru\/wp-json\/wp\/v2\/product"}],"about":[{"href":"https:\/\/happyinaknit.com\/ru\/wp-json\/wp\/v2\/types\/product"}],"replies":[{"embeddable":true,"href":"https:\/\/happyinaknit.com\/ru\/wp-json\/wp\/v2\/comments?post=7592"}],"wp:featuredmedia":[{"embeddable":true,"href":"https:\/\/happyinaknit.com\/ru\/wp-json\/wp\/v2\/media\/7590"}],"wp:attachment":[{"href":"https:\/\/happyinaknit.com\/ru\/wp-json\/wp\/v2\/media?parent=7592"}],"wp:term":[{"taxonomy":"product_brand","embeddable":true,"href":"https:\/\/happyinaknit.com\/ru\/wp-json\/wp\/v2\/product_brand?post=7592"},{"taxonomy":"product_cat","embeddable":true,"href":"https:\/\/happyinaknit.com\/ru\/wp-json\/wp\/v2\/product_cat?post=7592"},{"taxonomy":"product_tag","embeddable":true,"href":"https:\/\/happyinaknit.com\/ru\/wp-json\/wp\/v2\/product_tag?post=7592"},{"taxonomy":"pro-kategorijos","embeddable":true,"href":"https:\/\/happyinaknit.com\/ru\/wp-json\/wp\/v2\/pro-kategorijos?post=7592"}],"curies":[{"name":"wp","href":"https:\/\/api.w.org\/{rel}","templated":true}]}}