{"id":7583,"date":"2025-12-04T20:15:04","date_gmt":"2025-12-04T20:15:04","guid":{"rendered":"https:\/\/happyinaknit.com\/?post_type=product&#038;p=7583"},"modified":"2026-01-06T07:01:10","modified_gmt":"2026-01-06T07:01:10","slug":"orphea-salvalana-lakstai-su-geliu-kvapu","status":"publish","type":"product","link":"https:\/\/happyinaknit.com\/ru\/product\/orphea-salvalana-lakstai-su-geliu-kvapu\/","title":{"rendered":"Orphea Salvalana \u0441 \u0446\u0432\u0435\u0442\u043e\u0447\u043d\u044b\u043c \u0430\u0440\u043e\u043c\u0430\u0442\u043e\u043c"},"content":{"rendered":"<p><b>Orphea Salvalana<\/b> \u0437\u0430\u0449\u0438\u0442\u043d\u044b\u0435 \u043f\u043e\u043b\u043e\u0441\u043a\u0438 \u0441 \u0446\u0432\u0435\u0442\u043e\u0447\u043d\u044b\u043c \u0430\u0440\u043e\u043c\u0430\u0442\u043e\u043c - \u0438\u0434\u0435\u0430\u043b\u044c\u043d\u043e\u0435 \u0440\u0435\u0448\u0435\u043d\u0438\u0435 \u0434\u043b\u044f \u0437\u0430\u0449\u0438\u0442\u044b \u0448\u0435\u0440\u0441\u0442\u0438 \u0438 \u0434\u0435\u043b\u0438\u043a\u0430\u0442\u043d\u044b\u0445 \u0442\u043a\u0430\u043d\u0435\u0439. \u041d\u0435\u0436\u043d\u043e \u043f\u0430\u0445\u043d\u0443\u0449\u0438\u0435 \u043f\u043e\u043b\u043e\u0441\u043a\u0438 \u044d\u0444\u0444\u0435\u043a\u0442\u0438\u0432\u043d\u043e \u043e\u0442\u043f\u0443\u0433\u0438\u0432\u0430\u044e\u0442 \u043c\u043e\u043b\u044c \u0438 \u043f\u0440\u0438\u0434\u0430\u044e\u0442 \u043f\u0440\u0438\u044f\u0442\u043d\u044b\u0439 \u0430\u0440\u043e\u043c\u0430\u0442 \u043e\u0434\u0435\u0436\u0434\u0435 \u0438 \u0433\u0430\u0440\u0434\u0435\u0440\u043e\u0431\u0443. \u041d\u0430\u0442\u0443\u0440\u0430\u043b\u044c\u043d\u044b\u0439 \u0441\u043e\u0441\u0442\u0430\u0432 \u0431\u0435\u0437\u043e\u043f\u0430\u0441\u0435\u043d \u0434\u043b\u044f \u0442\u043a\u0430\u043d\u0435\u0439, \u043f\u043e\u044d\u0442\u043e\u043c\u0443 \u0438\u0445 \u043c\u043e\u0436\u043d\u043e \u0438\u0441\u043f\u043e\u043b\u044c\u0437\u043e\u0432\u0430\u0442\u044c \u043a\u0430\u043a \u0434\u043b\u044f \u0441\u0435\u0437\u043e\u043d\u043d\u043e\u0433\u043e \u0445\u0440\u0430\u043d\u0435\u043d\u0438\u044f, \u0442\u0430\u043a \u0438 \u0432 \u043f\u043e\u0432\u0441\u0435\u0434\u043d\u0435\u0432\u043d\u043e\u043c \u0433\u0430\u0440\u0434\u0435\u0440\u043e\u0431\u0435.<\/p>\n<p><b>\u0421\u043e\u0441\u0442\u0430\u0432<\/b><b><\/b><\/p>\n<p>\u0410\u043a\u0442\u0438\u0432\u043d\u044b\u0435 \u0438\u043d\u0433\u0440\u0435\u0434\u0438\u0435\u043d\u0442\u044b \u043d\u0430\u0442\u0443\u0440\u0430\u043b\u044c\u043d\u043e\u0433\u043e \u043f\u0440\u043e\u0438\u0441\u0445\u043e\u0436\u0434\u0435\u043d\u0438\u044f, \u0446\u0432\u0435\u0442\u043e\u0447\u043d\u044b\u0435 \u0430\u0440\u043e\u043c\u0430\u0442\u0438\u0447\u0435\u0441\u043a\u0438\u0435 \u044d\u0441\u0441\u0435\u043d\u0446\u0438\u0438.<\/p>\n<p><b>\u041a\u043e\u043b\u0438\u0447\u0435\u0441\u0442\u0432\u043e<\/b><b><\/b><\/p>\n<p>12 \u0430\u0440\u043e\u043c\u0430\u0442\u0438\u0437\u0438\u0440\u043e\u0432\u0430\u043d\u043d\u044b\u0445 \u0437\u0430\u0449\u0438\u0442\u043d\u044b\u0445 \u043f\u043e\u043b\u043e\u0441\u043e\u043a \u0432 \u0443\u043f\u0430\u043a\u043e\u0432\u043a\u0435.<\/p>\n<p><b>\u0425\u0430\u0440\u0430\u043a\u0442\u0435\u0440\u0438\u0441\u0442\u0438\u043a\u0438<\/b><b><\/b><\/p>\n<p>-\u0417\u0430\u0449\u0438\u0449\u0430\u0435\u0442 \u0448\u0435\u0440\u0441\u0442\u044c \u0438 \u0434\u0440\u0443\u0433\u0438\u0435 \u0434\u0435\u043b\u0438\u043a\u0430\u0442\u043d\u044b\u0435 \u0442\u043a\u0430\u043d\u0438 \u043e\u0442 \u043c\u043e\u043b\u0438.<\/p>\n<p>-\u041f\u0440\u0438\u044f\u0442\u043d\u043e \u043f\u0430\u0445\u043d\u0435\u0442 \u0446\u0432\u0435\u0442\u0430\u043c\u0438.<\/p>\n<p>-\u0411\u0435\u0437\u043e\u043f\u0430\u0441\u043d\u043e \u0438 \u043d\u0435 \u0432\u0440\u0435\u0434\u0438\u0442 \u0442\u043a\u0430\u043d\u044f\u043c.<\/p>\n<p>-\u0414\u043b\u0438\u0442\u0435\u043b\u044c\u043d\u044b\u0439 \u044d\u0444\u0444\u0435\u043a\u0442 - \u043f\u043e\u0434\u0445\u043e\u0434\u0438\u0442 \u0434\u043b\u044f \u043e\u0434\u0435\u0436\u0434\u044b \u0441\u0435\u0437\u043e\u043d\u043d\u043e\u0433\u043e \u0445\u0440\u0430\u043d\u0435\u043d\u0438\u044f.<\/p>\n<p>-\u0423\u0434\u043e\u0431\u043d\u043e \u0438\u0441\u043f\u043e\u043b\u044c\u0437\u043e\u0432\u0430\u0442\u044c \u0432 \u0448\u043a\u0430\u0444\u0430\u0445, \u044f\u0449\u0438\u043a\u0430\u0445, \u043a\u043e\u0440\u0437\u0438\u043d\u0430\u0445 \u0434\u043b\u044f \u0445\u0440\u0430\u043d\u0435\u043d\u0438\u044f.<\/p>\n<p><b>\u0418\u0441\u043f\u043e\u043b\u044c\u0437\u043e\u0432\u0430\u043d\u0438\u0435<\/b><b><\/b><\/p>\n<p>\u041f\u043e\u043c\u0435\u0441\u0442\u0438\u0442\u0435 1-2 \u043f\u043e\u043b\u043e\u0441\u043a\u0438 \u0432 \u0448\u043a\u0430\u0444, \u044f\u0449\u0438\u043a \u0438\u043b\u0438 \u043a\u043e\u0440\u043e\u0431\u043a\u0443 \u0434\u043b\u044f \u0445\u0440\u0430\u043d\u0435\u043d\u0438\u044f. \u0417\u0430\u043c\u0435\u043d\u0438\u0442\u0435, \u043a\u043e\u0433\u0434\u0430 \u0437\u0430\u043f\u0430\u0445 \u0443\u043c\u0435\u043d\u044c\u0448\u0438\u0442\u0441\u044f.<\/p>\n<p><b>\u041f\u0440\u0438\u043c\u0435\u0447\u0430\u043d\u0438\u0435<\/b><b><\/b><\/p>\n<p>\u0426\u0432\u0435\u0442\u043e\u0432\u044b\u0435 \u043e\u0442\u0442\u0435\u043d\u043a\u0438 \u043c\u043e\u0433\u0443\u0442 \u043d\u0435\u0437\u043d\u0430\u0447\u0438\u0442\u0435\u043b\u044c\u043d\u043e \u043e\u0442\u043b\u0438\u0447\u0430\u0442\u044c\u0441\u044f \u0432 \u0437\u0430\u0432\u0438\u0441\u0438\u043c\u043e\u0441\u0442\u0438 \u043e\u0442 \u044d\u043a\u0440\u0430\u043d\u0430 \u0432\u0430\u0448\u0435\u0433\u043e \u0443\u0441\u0442\u0440\u043e\u0439\u0441\u0442\u0432\u0430.<\/p>","protected":false},"excerpt":{"rendered":"<p>Orphea Salvalana apsauginiai lak\u0161tai su g\u0117li\u0173 aromatu \u2013 puikus sprendimas vilnos ir jautri\u0173 audini\u0173 apsaugai. \u0160velniai kvepiantys lak\u0161tai veiksmingai atbaido kandis, o drabu\u017eiams ir spintos erdvei suteikia malon\u0173 aromat\u0105. Nat\u016brali sud\u0117tis yra saugi audiniams, tod\u0117l galite juos naudoti tiek sezoniniam laikymui, tiek kasdien\u0117je spintoje. Sud\u0117tis Nat\u016bralios kilm\u0117s veikliosios med\u017eiagos, g\u0117li\u0173 aromato kvapiosios esencijos. Kiekis 12 [&hellip;]<\/p>\n","protected":false},"featured_media":7584,"comment_status":"open","ping_status":"closed","template":"","meta":{"_acf_changed":false},"product_brand":[1480],"product_cat":[15,20,91],"product_tag":[],"pro-kategorijos":[],"class_list":{"0":"post-7583","1":"product","2":"type-product","3":"status-publish","4":"has-post-thumbnail","6":"product_brand-orphea","7":"product_cat-visi-produktai","8":"product_cat-priedai-mezgimui","9":"product_cat-skalbimo-priemones","11":"first","12":"outofstock","13":"shipping-taxable","14":"purchasable","15":"product-type-simple"},"acf":[],"yoast_head":"<!-- This site is optimized with the Yoast SEO plugin v26.8 - https:\/\/yoast.com\/product\/yoast-seo-wordpress\/ -->\n<title>Orphea Salvalana lak\u0161tai su g\u0117li\u0173 kvapu - Happyinaknit.com<\/title>\n<meta name=\"robots\" content=\"index, follow, max-snippet:-1, max-image-preview:large, max-video-preview:-1\" \/>\n<link rel=\"canonical\" href=\"https:\/\/happyinaknit.com\/ru\/product\/orphea-salvalana-lakstai-su-geliu-kvapu\/\" \/>\n<meta property=\"og:locale\" content=\"ru_RU\" \/>\n<meta property=\"og:type\" content=\"article\" \/>\n<meta property=\"og:title\" content=\"Orphea Salvalana lak\u0161tai su g\u0117li\u0173 kvapu - Happyinaknit.com\" \/>\n<meta property=\"og:description\" content=\"Orphea Salvalana apsauginiai lak\u0161tai su g\u0117li\u0173 aromatu \u2013 puikus sprendimas vilnos ir jautri\u0173 audini\u0173 apsaugai. \u0160velniai kvepiantys lak\u0161tai veiksmingai atbaido kandis, o drabu\u017eiams ir spintos erdvei suteikia malon\u0173 aromat\u0105. Nat\u016brali sud\u0117tis yra saugi audiniams, tod\u0117l galite juos naudoti tiek sezoniniam laikymui, tiek kasdien\u0117je spintoje. Sud\u0117tis Nat\u016bralios kilm\u0117s veikliosios med\u017eiagos, g\u0117li\u0173 aromato kvapiosios esencijos. Kiekis 12 [&hellip;]\" \/>\n<meta property=\"og:url\" content=\"https:\/\/happyinaknit.com\/ru\/product\/orphea-salvalana-lakstai-su-geliu-kvapu\/\" \/>\n<meta property=\"og:site_name\" content=\"Happyinaknit.com\" \/>\n<meta property=\"article:modified_time\" content=\"2026-01-06T07:01:10+00:00\" \/>\n<meta property=\"og:image\" content=\"https:\/\/happyinaknit.com\/wp-content\/uploads\/2025\/12\/orphea-salvalana-flower-scented-leaves-12-sheets.jpg.png\" \/>\n\t<meta property=\"og:image:width\" content=\"1000\" \/>\n\t<meta property=\"og:image:height\" content=\"1000\" \/>\n\t<meta property=\"og:image:type\" content=\"image\/png\" \/>\n<meta name=\"twitter:card\" content=\"summary_large_image\" \/>\n<meta name=\"twitter:label1\" content=\"\u041f\u0440\u0438\u043c\u0435\u0440\u043d\u043e\u0435 \u0432\u0440\u0435\u043c\u044f \u0434\u043b\u044f \u0447\u0442\u0435\u043d\u0438\u044f\" \/>\n\t<meta name=\"twitter:data1\" content=\"1 \u043c\u0438\u043d\u0443\u0442\u0430\" \/>\n<script type=\"application\/ld+json\" class=\"yoast-schema-graph\">{\"@context\":\"https:\/\/schema.org\",\"@graph\":[{\"@type\":\"WebPage\",\"@id\":\"https:\/\/happyinaknit.com\/produktas\/orphea-salvalana-lakstai-su-geliu-kvapu\/\",\"url\":\"https:\/\/happyinaknit.com\/produktas\/orphea-salvalana-lakstai-su-geliu-kvapu\/\",\"name\":\"Orphea Salvalana lak\u0161tai su g\u0117li\u0173 kvapu - Happyinaknit.com\",\"isPartOf\":{\"@id\":\"https:\/\/happyinaknit.com\/lt\/#website\"},\"primaryImageOfPage\":{\"@id\":\"https:\/\/happyinaknit.com\/produktas\/orphea-salvalana-lakstai-su-geliu-kvapu\/#primaryimage\"},\"image\":{\"@id\":\"https:\/\/happyinaknit.com\/produktas\/orphea-salvalana-lakstai-su-geliu-kvapu\/#primaryimage\"},\"thumbnailUrl\":\"https:\/\/happyinaknit.com\/wp-content\/uploads\/2025\/12\/orphea-salvalana-flower-scented-leaves-12-sheets.jpg.png\",\"datePublished\":\"2025-12-04T20:15:04+00:00\",\"dateModified\":\"2026-01-06T07:01:10+00:00\",\"breadcrumb\":{\"@id\":\"https:\/\/happyinaknit.com\/produktas\/orphea-salvalana-lakstai-su-geliu-kvapu\/#breadcrumb\"},\"inLanguage\":\"ru-RU\",\"potentialAction\":[{\"@type\":\"ReadAction\",\"target\":[\"https:\/\/happyinaknit.com\/produktas\/orphea-salvalana-lakstai-su-geliu-kvapu\/\"]}]},{\"@type\":\"ImageObject\",\"inLanguage\":\"ru-RU\",\"@id\":\"https:\/\/happyinaknit.com\/produktas\/orphea-salvalana-lakstai-su-geliu-kvapu\/#primaryimage\",\"url\":\"https:\/\/happyinaknit.com\/wp-content\/uploads\/2025\/12\/orphea-salvalana-flower-scented-leaves-12-sheets.jpg.png\",\"contentUrl\":\"https:\/\/happyinaknit.com\/wp-content\/uploads\/2025\/12\/orphea-salvalana-flower-scented-leaves-12-sheets.jpg.png\",\"width\":1000,\"height\":1000},{\"@type\":\"BreadcrumbList\",\"@id\":\"https:\/\/happyinaknit.com\/produktas\/orphea-salvalana-lakstai-su-geliu-kvapu\/#breadcrumb\",\"itemListElement\":[{\"@type\":\"ListItem\",\"position\":1,\"name\":\"Home\",\"item\":\"https:\/\/happyinaknit.com\/lt\/\"},{\"@type\":\"ListItem\",\"position\":2,\"name\":\"Parduotuv\u0117\",\"item\":\"https:\/\/happyinaknit.com\/lt\/parduotuve\/\"},{\"@type\":\"ListItem\",\"position\":3,\"name\":\"Orphea Salvalana lak\u0161tai su g\u0117li\u0173 kvapu\"}]},{\"@type\":\"WebSite\",\"@id\":\"https:\/\/happyinaknit.com\/lt\/#website\",\"url\":\"https:\/\/happyinaknit.com\/lt\/\",\"name\":\"Happyinaknit.com\",\"description\":\"\",\"potentialAction\":[{\"@type\":\"SearchAction\",\"target\":{\"@type\":\"EntryPoint\",\"urlTemplate\":\"https:\/\/happyinaknit.com\/lt\/?s={search_term_string}\"},\"query-input\":{\"@type\":\"PropertyValueSpecification\",\"valueRequired\":true,\"valueName\":\"search_term_string\"}}],\"inLanguage\":\"ru-RU\"}]}<\/script>\n<!-- \/ Yoast SEO plugin. -->","yoast_head_json":{"title":"Orphea Salvalana lak\u0161tai su g\u0117li\u0173 kvapu - Happyinaknit.com","robots":{"index":"index","follow":"follow","max-snippet":"max-snippet:-1","max-image-preview":"max-image-preview:large","max-video-preview":"max-video-preview:-1"},"canonical":"https:\/\/happyinaknit.com\/ru\/product\/orphea-salvalana-lakstai-su-geliu-kvapu\/","og_locale":"ru_RU","og_type":"article","og_title":"Orphea Salvalana lak\u0161tai su g\u0117li\u0173 kvapu - Happyinaknit.com","og_description":"Orphea Salvalana apsauginiai lak\u0161tai su g\u0117li\u0173 aromatu \u2013 puikus sprendimas vilnos ir jautri\u0173 audini\u0173 apsaugai. \u0160velniai kvepiantys lak\u0161tai veiksmingai atbaido kandis, o drabu\u017eiams ir spintos erdvei suteikia malon\u0173 aromat\u0105. Nat\u016brali sud\u0117tis yra saugi audiniams, tod\u0117l galite juos naudoti tiek sezoniniam laikymui, tiek kasdien\u0117je spintoje. Sud\u0117tis Nat\u016bralios kilm\u0117s veikliosios med\u017eiagos, g\u0117li\u0173 aromato kvapiosios esencijos. Kiekis 12 [&hellip;]","og_url":"https:\/\/happyinaknit.com\/ru\/product\/orphea-salvalana-lakstai-su-geliu-kvapu\/","og_site_name":"Happyinaknit.com","article_modified_time":"2026-01-06T07:01:10+00:00","og_image":[{"width":1000,"height":1000,"url":"https:\/\/happyinaknit.com\/wp-content\/uploads\/2025\/12\/orphea-salvalana-flower-scented-leaves-12-sheets.jpg.png","type":"image\/png"}],"twitter_card":"summary_large_image","twitter_misc":{"\u041f\u0440\u0438\u043c\u0435\u0440\u043d\u043e\u0435 \u0432\u0440\u0435\u043c\u044f \u0434\u043b\u044f \u0447\u0442\u0435\u043d\u0438\u044f":"1 \u043c\u0438\u043d\u0443\u0442\u0430"},"schema":{"@context":"https:\/\/schema.org","@graph":[{"@type":"WebPage","@id":"https:\/\/happyinaknit.com\/produktas\/orphea-salvalana-lakstai-su-geliu-kvapu\/","url":"https:\/\/happyinaknit.com\/produktas\/orphea-salvalana-lakstai-su-geliu-kvapu\/","name":"Orphea Salvalana lak\u0161tai su g\u0117li\u0173 kvapu - Happyinaknit.com","isPartOf":{"@id":"https:\/\/happyinaknit.com\/lt\/#website"},"primaryImageOfPage":{"@id":"https:\/\/happyinaknit.com\/produktas\/orphea-salvalana-lakstai-su-geliu-kvapu\/#primaryimage"},"image":{"@id":"https:\/\/happyinaknit.com\/produktas\/orphea-salvalana-lakstai-su-geliu-kvapu\/#primaryimage"},"thumbnailUrl":"https:\/\/happyinaknit.com\/wp-content\/uploads\/2025\/12\/orphea-salvalana-flower-scented-leaves-12-sheets.jpg.png","datePublished":"2025-12-04T20:15:04+00:00","dateModified":"2026-01-06T07:01:10+00:00","breadcrumb":{"@id":"https:\/\/happyinaknit.com\/produktas\/orphea-salvalana-lakstai-su-geliu-kvapu\/#breadcrumb"},"inLanguage":"ru-RU","potentialAction":[{"@type":"ReadAction","target":["https:\/\/happyinaknit.com\/produktas\/orphea-salvalana-lakstai-su-geliu-kvapu\/"]}]},{"@type":"ImageObject","inLanguage":"ru-RU","@id":"https:\/\/happyinaknit.com\/produktas\/orphea-salvalana-lakstai-su-geliu-kvapu\/#primaryimage","url":"https:\/\/happyinaknit.com\/wp-content\/uploads\/2025\/12\/orphea-salvalana-flower-scented-leaves-12-sheets.jpg.png","contentUrl":"https:\/\/happyinaknit.com\/wp-content\/uploads\/2025\/12\/orphea-salvalana-flower-scented-leaves-12-sheets.jpg.png","width":1000,"height":1000},{"@type":"BreadcrumbList","@id":"https:\/\/happyinaknit.com\/produktas\/orphea-salvalana-lakstai-su-geliu-kvapu\/#breadcrumb","itemListElement":[{"@type":"ListItem","position":1,"name":"Home","item":"https:\/\/happyinaknit.com\/lt\/"},{"@type":"ListItem","position":2,"name":"Parduotuv\u0117","item":"https:\/\/happyinaknit.com\/lt\/parduotuve\/"},{"@type":"ListItem","position":3,"name":"Orphea Salvalana lak\u0161tai su g\u0117li\u0173 kvapu"}]},{"@type":"WebSite","@id":"https:\/\/happyinaknit.com\/lt\/#website","url":"https:\/\/happyinaknit.com\/lt\/","name":"Happyinaknit.com","description":"","potentialAction":[{"@type":"SearchAction","target":{"@type":"EntryPoint","urlTemplate":"https:\/\/happyinaknit.com\/lt\/?s={search_term_string}"},"query-input":{"@type":"PropertyValueSpecification","valueRequired":true,"valueName":"search_term_string"}}],"inLanguage":"ru-RU"}]}},"_links":{"self":[{"href":"https:\/\/happyinaknit.com\/ru\/wp-json\/wp\/v2\/product\/7583","targetHints":{"allow":["GET"]}}],"collection":[{"href":"https:\/\/happyinaknit.com\/ru\/wp-json\/wp\/v2\/product"}],"about":[{"href":"https:\/\/happyinaknit.com\/ru\/wp-json\/wp\/v2\/types\/product"}],"replies":[{"embeddable":true,"href":"https:\/\/happyinaknit.com\/ru\/wp-json\/wp\/v2\/comments?post=7583"}],"wp:featuredmedia":[{"embeddable":true,"href":"https:\/\/happyinaknit.com\/ru\/wp-json\/wp\/v2\/media\/7584"}],"wp:attachment":[{"href":"https:\/\/happyinaknit.com\/ru\/wp-json\/wp\/v2\/media?parent=7583"}],"wp:term":[{"taxonomy":"product_brand","embeddable":true,"href":"https:\/\/happyinaknit.com\/ru\/wp-json\/wp\/v2\/product_brand?post=7583"},{"taxonomy":"product_cat","embeddable":true,"href":"https:\/\/happyinaknit.com\/ru\/wp-json\/wp\/v2\/product_cat?post=7583"},{"taxonomy":"product_tag","embeddable":true,"href":"https:\/\/happyinaknit.com\/ru\/wp-json\/wp\/v2\/product_tag?post=7583"},{"taxonomy":"pro-kategorijos","embeddable":true,"href":"https:\/\/happyinaknit.com\/ru\/wp-json\/wp\/v2\/pro-kategorijos?post=7583"}],"curies":[{"name":"wp","href":"https:\/\/api.w.org\/{rel}","templated":true}]}}