{"id":7305,"date":"2025-11-12T08:49:35","date_gmt":"2025-11-12T08:49:35","guid":{"rendered":"https:\/\/happyinaknit.com\/?post_type=product&#038;p=7305"},"modified":"2026-01-02T18:01:29","modified_gmt":"2026-01-02T18:01:29","slug":"muud-betina-rich-brown","status":"publish","type":"product","link":"https:\/\/happyinaknit.com\/ru\/product\/muud-betina-rich-brown\/","title":{"rendered":"Muud Betina Rich Brown"},"content":{"rendered":"<p><i>Betina<\/i> - \u044d\u043b\u0435\u0433\u0430\u043d\u0442\u043d\u044b\u0439 \u0438 \u043f\u0440\u0430\u043a\u0442\u0438\u0447\u043d\u044b\u0439 <i>Muud<\/i> \u0447\u0435\u0445\u043e\u043b, \u0441\u043e\u0437\u0434\u0430\u043d\u043d\u044b\u0439 \u0434\u043b\u044f \u0442\u0435\u0445, \u043a\u0442\u043e \u0445\u043e\u0447\u0435\u0442 \u0430\u043a\u043a\u0443\u0440\u0430\u0442\u043d\u043e \u0445\u0440\u0430\u043d\u0438\u0442\u044c \u0441\u0432\u043e\u0438 \u0440\u0430\u0437\u044a\u0435\u043c\u043d\u044b\u0435 \u0441\u043f\u0438\u0446\u044b \u0438 \u043b\u0435\u0441\u043a\u0438  \u043a\u0430\u043a \u0434\u043e\u043c\u0430, \u0442\u0430\u043a \u0438 \u0432 \u0434\u043e\u0440\u043e\u0433\u0435. \u0412 \u044d\u0442\u043e\u043c \u0447\u0435\u0445\u043b\u0435 \u0432\u0441\u0435 \u0432\u0430\u0448\u0438 \u0430\u043a\u0441\u0435\u0441\u0441\u0443\u0430\u0440\u044b \u0431\u0443\u0434\u0443\u0442 \u0432 \u043f\u043e\u0440\u044f\u0434\u043a\u0435 \u0438 \u043f\u043e\u0434 \u0440\u0443\u043a\u043e\u0439, \u0430 \u0435\u0433\u043e \u043e\u0440\u0438\u0433\u0438\u043d\u0430\u043b\u044c\u043d\u044b\u0439 \u0434\u0438\u0437\u0430\u0439\u043d \u043f\u043e\u0437\u0432\u043e\u043b\u0438\u0442 \u0432\u0430\u043c \u043d\u0430\u0441\u043b\u0430\u0436\u0434\u0430\u0442\u044c\u0441\u044f \u0444\u0443\u043d\u043a\u0446\u0438\u043e\u043d\u0430\u043b\u044c\u043d\u043e\u0441\u0442\u044c\u044e, \u043d\u0435 \u0436\u0435\u0440\u0442\u0432\u0443\u044f \u0441\u0442\u0438\u043b\u0435\u043c.<\/p>\n<p>\u0418\u0437\u0433\u043e\u0442\u043e\u0432\u043b\u0435\u043d\u043d\u044b\u0439 \u0432\u0440\u0443\u0447\u043d\u0443\u044e \u0438\u0437 \u043c\u044f\u0433\u043a\u043e\u0439 \u0432\u044b\u0441\u043e\u043a\u043e\u043a\u0430\u0447\u0435\u0441\u0442\u0432\u0435\u043d\u043d\u043e\u0439 \u043d\u0430\u0442\u0443\u0440\u0430\u043b\u044c\u043d\u043e\u0439 \u043a\u043e\u0436\u0438, \u0447\u0435\u0445\u043e\u043b \u0441\u043e \u0432\u0440\u0435\u043c\u0435\u043d\u0435\u043c \u043f\u0440\u0438\u043e\u0431\u0440\u0435\u0442\u0430\u0435\u0442 \u0435\u0449\u0435 \u0431\u043e\u043b\u044c\u0448\u0435\u0435 \u043e\u0447\u0430\u0440\u043e\u0432\u0430\u043d\u0438\u0435. \u0412\u043d\u0443\u0442\u0440\u0438 9 \u043f\u0440\u0430\u043a\u0442\u0438\u0447\u043d\u044b\u0445 \u043e\u0442\u0434\u0435\u043b\u0435\u043d\u0438\u0439 \u0441 \u0431\u043e\u043b\u044c\u0448\u0438\u043c \u043a\u043e\u043b\u0438\u0447\u0435\u0441\u0442\u0432\u043e\u043c \u043c\u0435\u0441\u0442\u0430 \u0434\u043b\u044f \u0441\u043f\u0438\u0446 \u0438 \u043b\u0435\u0441\u043a\u043e\u043a. \u0427\u0435\u0445\u043e\u043b \u0437\u0430\u0441\u0442\u0435\u0433\u0438\u0432\u0430\u0435\u0442\u0441\u044f \u043d\u0430 \u043a\u043d\u043e\u043f\u043a\u0443, \u043a\u043e\u0442\u043e\u0440\u0430\u044f \u043c\u043e\u0436\u0435\u0442 \u0431\u044b\u0442\u044c \u0437\u0430\u043a\u0440\u044b\u0442\u0430 \u0432 \u0434\u0432\u0443\u0445 \u043f\u043e\u043b\u043e\u0436\u0435\u043d\u0438\u044f\u0445 \u0434\u043b\u044f \u0443\u0434\u043e\u0431\u043d\u043e\u0433\u043e \u0440\u0430\u0441\u043f\u043e\u043b\u043e\u0436\u0435\u043d\u0438\u044f \u0441\u043e\u0434\u0435\u0440\u0436\u0438\u043c\u043e\u0433\u043e.<\/p>\n<p><b>\u0424\u0443\u043d\u043a\u0446\u0438\u0438:<\/b><b><\/b><\/p>\n<p>-\u0412\u044b\u0441\u043e\u043a\u043e\u043a\u0430\u0447\u0435\u0441\u0442\u0432\u0435\u043d\u043d\u0430\u044f \u043d\u0430\u0442\u0443\u0440\u0430\u043b\u044c\u043d\u0430\u044f \u043a\u043e\u0436\u0430<\/p>\n<p>-14 \u043d\u0435\u0431\u043e\u043b\u044c\u0448\u0438\u0445 \u043e\u0442\u0434\u0435\u043b\u0435\u043d\u0438\u0439 \u0434\u043b\u044f \u0440\u0430\u0437\u044a\u0435\u043c\u043d\u044b\u0445 \u0441\u043f\u0438\u0446<\/p>\n<p>-11 \u0431\u043e\u043b\u044c\u0448\u0438\u0445 \u043e\u0442\u0434\u0435\u043b\u0435\u043d\u0438\u0439 \u0434\u043b\u044f \u043b\u0435\u0441\u043e\u043a<\/p>\n<p>-\u0417\u0430\u0441\u0442\u0435\u0436\u043a\u0430 \u043d\u0430 \u043a\u043d\u043e\u043f\u043a\u0443 (2 \u043f\u043e\u043b\u043e\u0436\u0435\u043d\u0438\u044f)<\/p>\n<p>-\u041a\u043e\u043c\u043f\u0430\u043a\u0442\u043d\u044b\u0439, \u0443\u0434\u043e\u0431\u043d\u044b\u0439 \u0434\u043b\u044f \u043f\u0443\u0442\u0435\u0448\u0435\u0441\u0442\u0432\u0438\u0439<\/p>\n<p><b>\u0418\u0437\u043c\u0435\u0440\u0435\u043d\u0438\u044f:<\/b><b><\/b><\/p>\n<p>\u0412\u044b\u0441\u043e\u0442\u0430 - 15 \u0441\u043c<\/p>\n<p>\u0414\u043b\u0438\u043d\u0430 - 13 \u0441\u043c<\/p>\n<p>\u0412\u044b\u0441\u043e\u0442\u0430 \u043a\u0430\u0440\u043c\u0430\u043d\u043e\u0432 - 11 \u0441\u043c<\/p>\n<p><b>\u041c\u0430\u0442\u0435\u0440\u0438\u0430\u043b:<\/b> \u043d\u0430\u0442\u0443\u0440\u0430\u043b\u044c\u043d\u0430\u044f \u043a\u043e\u0436\u0430<\/p>\n<p><b>\u041f\u043e\u0434\u043a\u043b\u0430\u0434\u043a\u0430:<\/b> \u041f\u043e\u043b\u0438\u0434\u0440\u0438\u043b\u043e\u0432\u0430\u044f \u0442\u043a\u0430\u043d\u044c \u0441 \u0433\u043b\u0430\u0434\u043a\u043e\u0439 \u043f\u043e\u0432\u0435\u0440\u0445\u043d\u043e\u0441\u0442\u044c\u044e, \u043b\u0435\u0433\u043a\u0430\u044f \u0432 \u0443\u0445\u043e\u0434\u0435<\/p>\n<p><b>\u041f\u0440\u0438\u043c\u0435\u0447\u0430\u043d\u0438\u0435:<\/b> \u0426\u0432\u0435\u0442\u043e\u0432\u044b\u0435 \u043e\u0442\u0442\u0435\u043d\u043a\u0438 \u043c\u043e\u0433\u0443\u0442 \u043d\u0435\u0437\u043d\u0430\u0447\u0438\u0442\u0435\u043b\u044c\u043d\u043e \u043e\u0442\u043b\u0438\u0447\u0430\u0442\u044c\u0441\u044f \u0432 \u0437\u0430\u0432\u0438\u0441\u0438\u043c\u043e\u0441\u0442\u0438 \u043e\u0442 \u044d\u043a\u0440\u0430\u043d\u0430 \u0432\u0430\u0448\u0435\u0433\u043e \u0443\u0441\u0442\u0440\u043e\u0439\u0441\u0442\u0432\u0430.<\/p>","protected":false},"excerpt":{"rendered":"<p>Betina \u2013 tai eleganti\u0161kas ir prakti\u0161kas muud d\u0117klas, sukurtas toms, kurios nori tvarkingai laikyti prisukamus virbalus ir valus prisukamiems virbalams tiek namuose, tiek kelion\u0117je. \u0160is d\u0117klas pad\u0117s i\u0161laikyti visus reikmenis tvarkingus ir lengvai pasiekiamus, o jo i\u0161skirtinis dizainas leis m\u0117gautis funkcionalumu neprarandant stiliaus. Pagamintas rankomis i\u0161 mink\u0161tos, auk\u0161tos kokyb\u0117s nat\u016bralios odos, d\u0117klas laikui b\u0117gant \u012fgauna [&hellip;]<\/p>\n","protected":false},"featured_media":7300,"comment_status":"open","ping_status":"closed","template":"","meta":{"_acf_changed":false},"product_brand":[613],"product_cat":[15,1079,20],"product_tag":[],"pro-kategorijos":[],"class_list":{"0":"post-7305","1":"product","2":"type-product","3":"status-publish","4":"has-post-thumbnail","6":"product_brand-muud","7":"product_cat-visi-produktai","8":"product_cat-deklai","9":"product_cat-priedai-mezgimui","11":"first","12":"outofstock","13":"shipping-taxable","14":"purchasable","15":"product-type-simple"},"acf":[],"yoast_head":"<!-- This site is optimized with the Yoast SEO plugin v26.8 - https:\/\/yoast.com\/product\/yoast-seo-wordpress\/ -->\n<title>Muud Betina Rich Brown - Happyinaknit.com<\/title>\n<meta name=\"robots\" content=\"index, follow, max-snippet:-1, max-image-preview:large, max-video-preview:-1\" \/>\n<link rel=\"canonical\" href=\"https:\/\/happyinaknit.com\/ru\/product\/muud-betina-rich-brown\/\" \/>\n<meta property=\"og:locale\" content=\"ru_RU\" \/>\n<meta property=\"og:type\" content=\"article\" \/>\n<meta property=\"og:title\" content=\"Muud Betina Rich Brown - Happyinaknit.com\" \/>\n<meta property=\"og:description\" content=\"Betina \u2013 tai eleganti\u0161kas ir prakti\u0161kas muud d\u0117klas, sukurtas toms, kurios nori tvarkingai laikyti prisukamus virbalus ir valus prisukamiems virbalams tiek namuose, tiek kelion\u0117je. \u0160is d\u0117klas pad\u0117s i\u0161laikyti visus reikmenis tvarkingus ir lengvai pasiekiamus, o jo i\u0161skirtinis dizainas leis m\u0117gautis funkcionalumu neprarandant stiliaus. Pagamintas rankomis i\u0161 mink\u0161tos, auk\u0161tos kokyb\u0117s nat\u016bralios odos, d\u0117klas laikui b\u0117gant \u012fgauna [&hellip;]\" \/>\n<meta property=\"og:url\" content=\"https:\/\/happyinaknit.com\/ru\/product\/muud-betina-rich-brown\/\" \/>\n<meta property=\"og:site_name\" content=\"Happyinaknit.com\" \/>\n<meta property=\"article:modified_time\" content=\"2026-01-02T18:01:29+00:00\" \/>\n<meta property=\"og:image\" content=\"https:\/\/happyinaknit.com\/wp-content\/uploads\/2025\/11\/Betina_RichBrown_AFront_1080x.jpg.webp\" \/>\n\t<meta property=\"og:image:width\" content=\"1080\" \/>\n\t<meta property=\"og:image:height\" content=\"1620\" \/>\n\t<meta property=\"og:image:type\" content=\"image\/webp\" \/>\n<meta name=\"twitter:card\" content=\"summary_large_image\" \/>\n<meta name=\"twitter:label1\" content=\"\u041f\u0440\u0438\u043c\u0435\u0440\u043d\u043e\u0435 \u0432\u0440\u0435\u043c\u044f \u0434\u043b\u044f \u0447\u0442\u0435\u043d\u0438\u044f\" \/>\n\t<meta name=\"twitter:data1\" content=\"1 \u043c\u0438\u043d\u0443\u0442\u0430\" \/>\n<script type=\"application\/ld+json\" class=\"yoast-schema-graph\">{\"@context\":\"https:\/\/schema.org\",\"@graph\":[{\"@type\":\"WebPage\",\"@id\":\"https:\/\/happyinaknit.com\/produktas\/muud-betina-rich-brown\/\",\"url\":\"https:\/\/happyinaknit.com\/produktas\/muud-betina-rich-brown\/\",\"name\":\"Muud Betina Rich Brown - Happyinaknit.com\",\"isPartOf\":{\"@id\":\"https:\/\/happyinaknit.com\/lt\/#website\"},\"primaryImageOfPage\":{\"@id\":\"https:\/\/happyinaknit.com\/produktas\/muud-betina-rich-brown\/#primaryimage\"},\"image\":{\"@id\":\"https:\/\/happyinaknit.com\/produktas\/muud-betina-rich-brown\/#primaryimage\"},\"thumbnailUrl\":\"https:\/\/happyinaknit.com\/wp-content\/uploads\/2025\/11\/Betina_RichBrown_AFront_1080x.jpg.webp\",\"datePublished\":\"2025-11-12T08:49:35+00:00\",\"dateModified\":\"2026-01-02T18:01:29+00:00\",\"breadcrumb\":{\"@id\":\"https:\/\/happyinaknit.com\/produktas\/muud-betina-rich-brown\/#breadcrumb\"},\"inLanguage\":\"ru-RU\",\"potentialAction\":[{\"@type\":\"ReadAction\",\"target\":[\"https:\/\/happyinaknit.com\/produktas\/muud-betina-rich-brown\/\"]}]},{\"@type\":\"ImageObject\",\"inLanguage\":\"ru-RU\",\"@id\":\"https:\/\/happyinaknit.com\/produktas\/muud-betina-rich-brown\/#primaryimage\",\"url\":\"https:\/\/happyinaknit.com\/wp-content\/uploads\/2025\/11\/Betina_RichBrown_AFront_1080x.jpg.webp\",\"contentUrl\":\"https:\/\/happyinaknit.com\/wp-content\/uploads\/2025\/11\/Betina_RichBrown_AFront_1080x.jpg.webp\",\"width\":1080,\"height\":1620},{\"@type\":\"BreadcrumbList\",\"@id\":\"https:\/\/happyinaknit.com\/produktas\/muud-betina-rich-brown\/#breadcrumb\",\"itemListElement\":[{\"@type\":\"ListItem\",\"position\":1,\"name\":\"Home\",\"item\":\"https:\/\/happyinaknit.com\/lt\/\"},{\"@type\":\"ListItem\",\"position\":2,\"name\":\"Parduotuv\u0117\",\"item\":\"https:\/\/happyinaknit.com\/lt\/parduotuve\/\"},{\"@type\":\"ListItem\",\"position\":3,\"name\":\"Muud Betina Rich Brown\"}]},{\"@type\":\"WebSite\",\"@id\":\"https:\/\/happyinaknit.com\/lt\/#website\",\"url\":\"https:\/\/happyinaknit.com\/lt\/\",\"name\":\"Happyinaknit.com\",\"description\":\"\",\"potentialAction\":[{\"@type\":\"SearchAction\",\"target\":{\"@type\":\"EntryPoint\",\"urlTemplate\":\"https:\/\/happyinaknit.com\/lt\/?s={search_term_string}\"},\"query-input\":{\"@type\":\"PropertyValueSpecification\",\"valueRequired\":true,\"valueName\":\"search_term_string\"}}],\"inLanguage\":\"ru-RU\"}]}<\/script>\n<!-- \/ Yoast SEO plugin. -->","yoast_head_json":{"title":"Muud Betina Rich Brown - Happyinaknit.com","robots":{"index":"index","follow":"follow","max-snippet":"max-snippet:-1","max-image-preview":"max-image-preview:large","max-video-preview":"max-video-preview:-1"},"canonical":"https:\/\/happyinaknit.com\/ru\/product\/muud-betina-rich-brown\/","og_locale":"ru_RU","og_type":"article","og_title":"Muud Betina Rich Brown - Happyinaknit.com","og_description":"Betina \u2013 tai eleganti\u0161kas ir prakti\u0161kas muud d\u0117klas, sukurtas toms, kurios nori tvarkingai laikyti prisukamus virbalus ir valus prisukamiems virbalams tiek namuose, tiek kelion\u0117je. \u0160is d\u0117klas pad\u0117s i\u0161laikyti visus reikmenis tvarkingus ir lengvai pasiekiamus, o jo i\u0161skirtinis dizainas leis m\u0117gautis funkcionalumu neprarandant stiliaus. Pagamintas rankomis i\u0161 mink\u0161tos, auk\u0161tos kokyb\u0117s nat\u016bralios odos, d\u0117klas laikui b\u0117gant \u012fgauna [&hellip;]","og_url":"https:\/\/happyinaknit.com\/ru\/product\/muud-betina-rich-brown\/","og_site_name":"Happyinaknit.com","article_modified_time":"2026-01-02T18:01:29+00:00","og_image":[{"width":1080,"height":1620,"url":"https:\/\/happyinaknit.com\/wp-content\/uploads\/2025\/11\/Betina_RichBrown_AFront_1080x.jpg.webp","type":"image\/webp"}],"twitter_card":"summary_large_image","twitter_misc":{"\u041f\u0440\u0438\u043c\u0435\u0440\u043d\u043e\u0435 \u0432\u0440\u0435\u043c\u044f \u0434\u043b\u044f \u0447\u0442\u0435\u043d\u0438\u044f":"1 \u043c\u0438\u043d\u0443\u0442\u0430"},"schema":{"@context":"https:\/\/schema.org","@graph":[{"@type":"WebPage","@id":"https:\/\/happyinaknit.com\/produktas\/muud-betina-rich-brown\/","url":"https:\/\/happyinaknit.com\/produktas\/muud-betina-rich-brown\/","name":"Muud Betina Rich Brown - Happyinaknit.com","isPartOf":{"@id":"https:\/\/happyinaknit.com\/lt\/#website"},"primaryImageOfPage":{"@id":"https:\/\/happyinaknit.com\/produktas\/muud-betina-rich-brown\/#primaryimage"},"image":{"@id":"https:\/\/happyinaknit.com\/produktas\/muud-betina-rich-brown\/#primaryimage"},"thumbnailUrl":"https:\/\/happyinaknit.com\/wp-content\/uploads\/2025\/11\/Betina_RichBrown_AFront_1080x.jpg.webp","datePublished":"2025-11-12T08:49:35+00:00","dateModified":"2026-01-02T18:01:29+00:00","breadcrumb":{"@id":"https:\/\/happyinaknit.com\/produktas\/muud-betina-rich-brown\/#breadcrumb"},"inLanguage":"ru-RU","potentialAction":[{"@type":"ReadAction","target":["https:\/\/happyinaknit.com\/produktas\/muud-betina-rich-brown\/"]}]},{"@type":"ImageObject","inLanguage":"ru-RU","@id":"https:\/\/happyinaknit.com\/produktas\/muud-betina-rich-brown\/#primaryimage","url":"https:\/\/happyinaknit.com\/wp-content\/uploads\/2025\/11\/Betina_RichBrown_AFront_1080x.jpg.webp","contentUrl":"https:\/\/happyinaknit.com\/wp-content\/uploads\/2025\/11\/Betina_RichBrown_AFront_1080x.jpg.webp","width":1080,"height":1620},{"@type":"BreadcrumbList","@id":"https:\/\/happyinaknit.com\/produktas\/muud-betina-rich-brown\/#breadcrumb","itemListElement":[{"@type":"ListItem","position":1,"name":"Home","item":"https:\/\/happyinaknit.com\/lt\/"},{"@type":"ListItem","position":2,"name":"Parduotuv\u0117","item":"https:\/\/happyinaknit.com\/lt\/parduotuve\/"},{"@type":"ListItem","position":3,"name":"Muud Betina Rich Brown"}]},{"@type":"WebSite","@id":"https:\/\/happyinaknit.com\/lt\/#website","url":"https:\/\/happyinaknit.com\/lt\/","name":"Happyinaknit.com","description":"","potentialAction":[{"@type":"SearchAction","target":{"@type":"EntryPoint","urlTemplate":"https:\/\/happyinaknit.com\/lt\/?s={search_term_string}"},"query-input":{"@type":"PropertyValueSpecification","valueRequired":true,"valueName":"search_term_string"}}],"inLanguage":"ru-RU"}]}},"_links":{"self":[{"href":"https:\/\/happyinaknit.com\/ru\/wp-json\/wp\/v2\/product\/7305","targetHints":{"allow":["GET"]}}],"collection":[{"href":"https:\/\/happyinaknit.com\/ru\/wp-json\/wp\/v2\/product"}],"about":[{"href":"https:\/\/happyinaknit.com\/ru\/wp-json\/wp\/v2\/types\/product"}],"replies":[{"embeddable":true,"href":"https:\/\/happyinaknit.com\/ru\/wp-json\/wp\/v2\/comments?post=7305"}],"wp:featuredmedia":[{"embeddable":true,"href":"https:\/\/happyinaknit.com\/ru\/wp-json\/wp\/v2\/media\/7300"}],"wp:attachment":[{"href":"https:\/\/happyinaknit.com\/ru\/wp-json\/wp\/v2\/media?parent=7305"}],"wp:term":[{"taxonomy":"product_brand","embeddable":true,"href":"https:\/\/happyinaknit.com\/ru\/wp-json\/wp\/v2\/product_brand?post=7305"},{"taxonomy":"product_cat","embeddable":true,"href":"https:\/\/happyinaknit.com\/ru\/wp-json\/wp\/v2\/product_cat?post=7305"},{"taxonomy":"product_tag","embeddable":true,"href":"https:\/\/happyinaknit.com\/ru\/wp-json\/wp\/v2\/product_tag?post=7305"},{"taxonomy":"pro-kategorijos","embeddable":true,"href":"https:\/\/happyinaknit.com\/ru\/wp-json\/wp\/v2\/pro-kategorijos?post=7305"}],"curies":[{"name":"wp","href":"https:\/\/api.w.org\/{rel}","templated":true}]}}