{"id":7295,"date":"2025-11-12T08:37:01","date_gmt":"2025-11-12T08:37:01","guid":{"rendered":"https:\/\/happyinaknit.com\/?post_type=product&#038;p=7295"},"modified":"2025-11-17T15:26:26","modified_gmt":"2025-11-17T15:26:26","slug":"muud-billie-whisky","status":"publish","type":"product","link":"https:\/\/happyinaknit.com\/ru\/product\/muud-billie-whisky\/","title":{"rendered":"Muud Billie Whisky"},"content":{"rendered":"<p>Billie - \u044d\u0442\u043e \u0441\u0442\u0438\u043b\u044c\u043d\u044b\u0439 \u0438 \u0444\u0443\u043d\u043a\u0446\u0438\u043e\u043d\u0430\u043b\u044c\u043d\u044b\u0439 \u0447\u0435\u0445\u043e\u043b \u043e\u0442 \u0431\u0440\u0435\u043d\u0434\u0430 <i>Muud<\/i>\u0434\u043b\u044f \u0440\u0443\u043a\u043e\u0434\u0435\u043b\u044c\u043d\u0438\u0446,  \u043a\u043e\u0442\u043e\u0440\u044b\u0435 \u0446\u0435\u043d\u044f\u0442 \u043f\u043e\u0440\u044f\u0434\u043e\u043a, \u043a\u0430\u0447\u0435\u0441\u0442\u0432\u043e \u0438 \u044d\u0441\u0442\u0435\u0442\u0438\u043a\u0443. \u0418\u0437\u0433\u043e\u0442\u043e\u0432\u043b\u0435\u043d\u043d\u044b\u0439 \u0438\u0437 \u0432\u044b\u0441\u043e\u043a\u043e\u043a\u0430\u0447\u0435\u0441\u0442\u0432\u0435\u043d\u043d\u043e\u0439 \u043d\u0430\u0442\u0443\u0440\u0430\u043b\u044c\u043d\u043e\u0439 \u043a\u043e\u0436\u0438, \u044d\u0442\u043e\u0442 \u0447\u0435\u0445\u043e\u043b \u043f\u043e\u043c\u043e\u0436\u0435\u0442 \u0432\u0430\u043c \u0443\u0434\u043e\u0431\u043d\u043e \u0438 \u044d\u043b\u0435\u0433\u0430\u043d\u0442\u043d\u043e \u0445\u0440\u0430\u043d\u0438\u0442\u044c \u0432\u0441\u0435 \u043d\u0435\u043e\u0431\u0445\u043e\u0434\u0438\u043c\u044b\u0435 \u0438\u043d\u0441\u0442\u0440\u0443\u043c\u0435\u043d\u0442\u044b, \u043e\u0442 \u0441\u043f\u0438\u0446  \u0434\u043e \u043c\u0435\u043b\u043a\u0438\u0445 \u0430\u043a\u0441\u0435\u0441\u0441\u0443\u0430\u0440\u043e\u0432.<\/p>\n<p>\u0412\u043d\u0443\u0442\u0440\u0438 \u0432\u044b \u043d\u0430\u0439\u0434\u0435\u0442\u0435 \u043c\u043d\u043e\u0436\u0435\u0441\u0442\u0432\u043e \u043f\u0440\u0430\u043a\u0442\u0438\u0447\u043d\u044b\u0445 \u043e\u0442\u0434\u0435\u043b\u0435\u043d\u0438\u0439 \u0438 \u043a\u0430\u0440\u043c\u0430\u043d\u043e\u0432, \u0432 \u043a\u043e\u0442\u043e\u0440\u044b\u0445 \u0443\u0434\u043e\u0431\u043d\u043e \u0445\u0440\u0430\u043d\u0438\u0442\u044c \u0441\u043f\u0438\u0446\u044b, \u043a\u0440\u044e\u0447\u043a\u0438, \u043b\u0435\u0441\u043a\u0438 \u0434\u043b\u044f \u0441\u043f\u0438\u0446, \u043d\u043e\u0436\u043d\u0438\u0446\u044b, \u0438\u0437\u043c\u0435\u0440\u0438\u0442\u0435\u043b\u044c\u043d\u0443\u044e \u043b\u0435\u043d\u0442\u0443, \u043c\u0430\u0440\u043a\u0435\u0440\u044b \u0438 \u0434\u0440\u0443\u0433\u0438\u0435 \u043c\u0435\u043b\u043a\u0438\u0435 \u0430\u043a\u0441\u0435\u0441\u0441\u0443\u0430\u0440\u044b. \u0414\u0432\u0430 \u043a\u0430\u0440\u043c\u0430\u043d\u0430 \u043d\u0430 \u043c\u043e\u043b\u043d\u0438\u0438 \u043e\u0431\u0435\u0441\u043f\u0435\u0447\u0438\u0432\u0430\u044e\u0442 \u0434\u043e\u043f\u043e\u043b\u043d\u0438\u0442\u0435\u043b\u044c\u043d\u043e\u0435 \u043c\u0435\u0441\u0442\u043e \u0434\u043b\u044f \u0431\u043e\u043b\u0435\u0435 \u043a\u0440\u0443\u043f\u043d\u044b\u0445 \u0438\u043d\u0441\u0442\u0440\u0443\u043c\u0435\u043d\u0442\u043e\u0432.<\/p>\n<p>\u0420\u0430\u0437\u043c\u0435\u0440\u044b \u0447\u0435\u0445\u043b\u0430  \u0432 \u043e\u0442\u043a\u0440\u044b\u0442\u043e\u043c \u0441\u043e\u0441\u0442\u043e\u044f\u043d\u0438\u0438 \u0441\u043e\u0441\u0442\u0430\u0432\u043b\u044f\u0435\u0442 38 \u00d7 28 \u0441\u043c, \u0430 \u0437\u0430\u043a\u0440\u044b\u0432\u0430\u0435\u0442\u0441\u044f \u043e\u043d \u0441 \u043f\u043e\u043c\u043e\u0449\u044c\u044e  \u043a\u043d\u043e\u043f\u043a\u0438 \u0432 \u0434\u0432\u0443\u0445 \u043f\u043e\u043b\u043e\u0436\u0435\u043d\u0438\u044f\u0445.<\/p>\n<p><b>\u0424\u0443\u043d\u043a\u0446\u0438\u0438:<\/b><b><\/b><\/p>\n<p>-\u0412\u044b\u0441\u043e\u043a\u043e\u043a\u0430\u0447\u0435\u0441\u0442\u0432\u0435\u043d\u043d\u0430\u044f \u043d\u0430\u0442\u0443\u0440\u0430\u043b\u044c\u043d\u0430\u044f \u043a\u043e\u0436\u0430<\/p>\n<p>-\u0417\u0430\u0441\u0442\u0435\u0436\u043a\u0430 \u043d\u0430 \u043a\u043d\u043e\u043f\u043a\u0435<\/p>\n<p>-19 \u043e\u0442\u0434\u0435\u043b\u0435\u043d\u0438\u0439 \u0434\u043b\u044f \u0441\u043f\u0438\u0446 \u0438 \u043a\u0440\u044e\u0447\u043a\u043e\u0432<\/p>\n<p>-\u041f\u043e\u0434\u0445\u043e\u0434\u0438\u0442 \u0434\u043b\u044f \u0441\u043f\u0438\u0446 \u043e\u0442 3 \u043c\u043c \u0434\u043e 15 \u043c\u043c<\/p>\n<p>-2 \u0432\u043d\u0443\u0442\u0440\u0435\u043d\u043d\u0438\u0445 \u043a\u0430\u0440\u043c\u0430\u043d\u0430 \u043d\u0430 \u043a\u043d\u043e\u043f\u043a\u0435<\/p>\n<p>-\u041c\u0430\u043b\u0435\u043d\u044c\u043a\u0438\u0435 \u043e\u0442\u0432\u0435\u0440\u0441\u0442\u0438\u044f \u0434\u043b\u044f \u0438\u0433\u043b<\/p>\n<p>-2 \u0431\u043e\u043b\u044c\u0448\u0438\u0445 \u043a\u0430\u0440\u043c\u0430\u043d\u0430 \u043d\u0430 \u043c\u043e\u043b\u043d\u0438\u0438<\/p>\n<p><b>\u0418\u0437\u043c\u0435\u0440\u0435\u043d\u0438\u044f:<\/b><b><\/b><\/p>\n<p><b>\u041e\u0442\u043a\u0440\u044b\u0442\u0438\u0435:<\/b> \u0432\u044b\u0441\u043e\u0442\u0430 - 38 \u0441\u043c, \u0434\u043b\u0438\u043d\u0430 - 28 \u0441\u043c<\/p>\n<p><b>\u041f\u043e\u0441\u043b\u0435 \u0437\u0430\u043a\u0440\u044b\u0442\u0438\u044f:<\/b> \u0432\u044b\u0441\u043e\u0442\u0430 - 19 \u0441\u043c, \u0434\u043b\u0438\u043d\u0430 - 14 \u0441\u043c<\/p>\n<p><b>\u041f\u043b\u0435\u0447\u0435\u0432\u043e\u0439 \u0440\u0435\u043c\u0435\u043d\u044c:<\/b> \u043d\u0435\u0434\u043e\u0441\u0442\u0443\u043f\u043d\u043e<\/p>\n<p><b>\u041c\u0430\u0442\u0435\u0440\u0438\u0430\u043b:<\/b> \u043d\u0430\u0442\u0443\u0440\u0430\u043b\u044c\u043d\u0430\u044f \u043a\u043e\u0436\u0430<\/p>\n<p><b>\u041f\u0440\u0438\u043c\u0435\u0447\u0430\u043d\u0438\u0435:<\/b> \u0426\u0432\u0435\u0442\u043e\u0432\u044b\u0435 \u043e\u0442\u0442\u0435\u043d\u043a\u0438 \u043c\u043e\u0433\u0443\u0442 \u043d\u0435\u0437\u043d\u0430\u0447\u0438\u0442\u0435\u043b\u044c\u043d\u043e \u043e\u0442\u043b\u0438\u0447\u0430\u0442\u044c\u0441\u044f \u0432 \u0437\u0430\u0432\u0438\u0441\u0438\u043c\u043e\u0441\u0442\u0438 \u043e\u0442 \u044d\u043a\u0440\u0430\u043d\u0430 \u0432\u0430\u0448\u0435\u0433\u043e \u0443\u0441\u0442\u0440\u043e\u0439\u0441\u0442\u0432\u0430.<\/p>","protected":false},"excerpt":{"rendered":"<p>Billie \u2013 tai stilingas ir funkcionalus d\u0117klas i\u0161 muud, skirtas megz\u0117joms ir n\u0117r\u0117joms, kurios vertina tvark\u0105, kokyb\u0119 ir estetik\u0105. Pagamintas i\u0161 auk\u0161tos kokyb\u0117s nat\u016bralios odos, \u0161is d\u0117klas pad\u0117s patogiai ir eleganti\u0161kai laikyti visus svarbiausius \u012frankius \u2013 nuo virbal\u0173 iki ma\u017e\u0173 pried\u0173. Viduje rasite daugyb\u0119 prakti\u0161k\u0173 skyri\u0173 ir ki\u0161en\u0117li\u0173, kurie leis patogiai susid\u0117ti mezgimo virbalus, v\u0105\u0161elius, [&hellip;]<\/p>\n","protected":false},"featured_media":7301,"comment_status":"open","ping_status":"closed","template":"","meta":{"_acf_changed":false},"product_brand":[613],"product_cat":[15,1079,20],"product_tag":[],"pro-kategorijos":[],"class_list":{"0":"post-7295","1":"product","2":"type-product","3":"status-publish","4":"has-post-thumbnail","6":"product_brand-muud","7":"product_cat-visi-produktai","8":"product_cat-deklai","9":"product_cat-priedai-mezgimui","11":"first","12":"outofstock","13":"shipping-taxable","14":"purchasable","15":"product-type-simple"},"acf":[],"yoast_head":"<!-- This site is optimized with the Yoast SEO plugin v26.8 - https:\/\/yoast.com\/product\/yoast-seo-wordpress\/ -->\n<title>Muud Billie Whisky - Happyinaknit.com<\/title>\n<meta name=\"robots\" content=\"index, follow, max-snippet:-1, max-image-preview:large, max-video-preview:-1\" \/>\n<link rel=\"canonical\" href=\"https:\/\/happyinaknit.com\/ru\/product\/muud-billie-whisky\/\" \/>\n<meta property=\"og:locale\" content=\"ru_RU\" \/>\n<meta property=\"og:type\" content=\"article\" \/>\n<meta property=\"og:title\" content=\"Muud Billie Whisky - Happyinaknit.com\" \/>\n<meta property=\"og:description\" content=\"Billie \u2013 tai stilingas ir funkcionalus d\u0117klas i\u0161 muud, skirtas megz\u0117joms ir n\u0117r\u0117joms, kurios vertina tvark\u0105, kokyb\u0119 ir estetik\u0105. Pagamintas i\u0161 auk\u0161tos kokyb\u0117s nat\u016bralios odos, \u0161is d\u0117klas pad\u0117s patogiai ir eleganti\u0161kai laikyti visus svarbiausius \u012frankius \u2013 nuo virbal\u0173 iki ma\u017e\u0173 pried\u0173. Viduje rasite daugyb\u0119 prakti\u0161k\u0173 skyri\u0173 ir ki\u0161en\u0117li\u0173, kurie leis patogiai susid\u0117ti mezgimo virbalus, v\u0105\u0161elius, [&hellip;]\" \/>\n<meta property=\"og:url\" content=\"https:\/\/happyinaknit.com\/ru\/product\/muud-billie-whisky\/\" \/>\n<meta property=\"og:site_name\" content=\"Happyinaknit.com\" \/>\n<meta property=\"article:modified_time\" content=\"2025-11-17T15:26:26+00:00\" \/>\n<meta property=\"og:image\" content=\"https:\/\/happyinaknit.com\/wp-content\/uploads\/2025\/11\/Billie-News-QB-4442R1-Whisky_1800x1800_c24313dc-bdf8-4120-b425-d7b2f26e18ef.webp.jpeg\" \/>\n\t<meta property=\"og:image:width\" content=\"1200\" \/>\n\t<meta property=\"og:image:height\" content=\"1800\" \/>\n\t<meta property=\"og:image:type\" content=\"image\/jpeg\" \/>\n<meta name=\"twitter:card\" content=\"summary_large_image\" \/>\n<meta name=\"twitter:label1\" content=\"\u041f\u0440\u0438\u043c\u0435\u0440\u043d\u043e\u0435 \u0432\u0440\u0435\u043c\u044f \u0434\u043b\u044f \u0447\u0442\u0435\u043d\u0438\u044f\" \/>\n\t<meta name=\"twitter:data1\" content=\"1 \u043c\u0438\u043d\u0443\u0442\u0430\" \/>\n<script type=\"application\/ld+json\" class=\"yoast-schema-graph\">{\"@context\":\"https:\/\/schema.org\",\"@graph\":[{\"@type\":\"WebPage\",\"@id\":\"https:\/\/happyinaknit.com\/produktas\/muud-billie-whisky\/\",\"url\":\"https:\/\/happyinaknit.com\/produktas\/muud-billie-whisky\/\",\"name\":\"Muud Billie Whisky - Happyinaknit.com\",\"isPartOf\":{\"@id\":\"https:\/\/happyinaknit.com\/lt\/#website\"},\"primaryImageOfPage\":{\"@id\":\"https:\/\/happyinaknit.com\/produktas\/muud-billie-whisky\/#primaryimage\"},\"image\":{\"@id\":\"https:\/\/happyinaknit.com\/produktas\/muud-billie-whisky\/#primaryimage\"},\"thumbnailUrl\":\"https:\/\/happyinaknit.com\/wp-content\/uploads\/2025\/11\/Billie-News-QB-4442R1-Whisky_1800x1800_c24313dc-bdf8-4120-b425-d7b2f26e18ef.webp.jpeg\",\"datePublished\":\"2025-11-12T08:37:01+00:00\",\"dateModified\":\"2025-11-17T15:26:26+00:00\",\"breadcrumb\":{\"@id\":\"https:\/\/happyinaknit.com\/produktas\/muud-billie-whisky\/#breadcrumb\"},\"inLanguage\":\"ru-RU\",\"potentialAction\":[{\"@type\":\"ReadAction\",\"target\":[\"https:\/\/happyinaknit.com\/produktas\/muud-billie-whisky\/\"]}]},{\"@type\":\"ImageObject\",\"inLanguage\":\"ru-RU\",\"@id\":\"https:\/\/happyinaknit.com\/produktas\/muud-billie-whisky\/#primaryimage\",\"url\":\"https:\/\/happyinaknit.com\/wp-content\/uploads\/2025\/11\/Billie-News-QB-4442R1-Whisky_1800x1800_c24313dc-bdf8-4120-b425-d7b2f26e18ef.webp.jpeg\",\"contentUrl\":\"https:\/\/happyinaknit.com\/wp-content\/uploads\/2025\/11\/Billie-News-QB-4442R1-Whisky_1800x1800_c24313dc-bdf8-4120-b425-d7b2f26e18ef.webp.jpeg\",\"width\":1200,\"height\":1800},{\"@type\":\"BreadcrumbList\",\"@id\":\"https:\/\/happyinaknit.com\/produktas\/muud-billie-whisky\/#breadcrumb\",\"itemListElement\":[{\"@type\":\"ListItem\",\"position\":1,\"name\":\"Home\",\"item\":\"https:\/\/happyinaknit.com\/lt\/\"},{\"@type\":\"ListItem\",\"position\":2,\"name\":\"Parduotuv\u0117\",\"item\":\"https:\/\/happyinaknit.com\/lt\/parduotuve\/\"},{\"@type\":\"ListItem\",\"position\":3,\"name\":\"Muud Billie Whisky\"}]},{\"@type\":\"WebSite\",\"@id\":\"https:\/\/happyinaknit.com\/lt\/#website\",\"url\":\"https:\/\/happyinaknit.com\/lt\/\",\"name\":\"Happyinaknit.com\",\"description\":\"\",\"potentialAction\":[{\"@type\":\"SearchAction\",\"target\":{\"@type\":\"EntryPoint\",\"urlTemplate\":\"https:\/\/happyinaknit.com\/lt\/?s={search_term_string}\"},\"query-input\":{\"@type\":\"PropertyValueSpecification\",\"valueRequired\":true,\"valueName\":\"search_term_string\"}}],\"inLanguage\":\"ru-RU\"}]}<\/script>\n<!-- \/ Yoast SEO plugin. -->","yoast_head_json":{"title":"Muud Billie Whisky - Happyinaknit.com","robots":{"index":"index","follow":"follow","max-snippet":"max-snippet:-1","max-image-preview":"max-image-preview:large","max-video-preview":"max-video-preview:-1"},"canonical":"https:\/\/happyinaknit.com\/ru\/product\/muud-billie-whisky\/","og_locale":"ru_RU","og_type":"article","og_title":"Muud Billie Whisky - Happyinaknit.com","og_description":"Billie \u2013 tai stilingas ir funkcionalus d\u0117klas i\u0161 muud, skirtas megz\u0117joms ir n\u0117r\u0117joms, kurios vertina tvark\u0105, kokyb\u0119 ir estetik\u0105. Pagamintas i\u0161 auk\u0161tos kokyb\u0117s nat\u016bralios odos, \u0161is d\u0117klas pad\u0117s patogiai ir eleganti\u0161kai laikyti visus svarbiausius \u012frankius \u2013 nuo virbal\u0173 iki ma\u017e\u0173 pried\u0173. Viduje rasite daugyb\u0119 prakti\u0161k\u0173 skyri\u0173 ir ki\u0161en\u0117li\u0173, kurie leis patogiai susid\u0117ti mezgimo virbalus, v\u0105\u0161elius, [&hellip;]","og_url":"https:\/\/happyinaknit.com\/ru\/product\/muud-billie-whisky\/","og_site_name":"Happyinaknit.com","article_modified_time":"2025-11-17T15:26:26+00:00","og_image":[{"width":1200,"height":1800,"url":"https:\/\/happyinaknit.com\/wp-content\/uploads\/2025\/11\/Billie-News-QB-4442R1-Whisky_1800x1800_c24313dc-bdf8-4120-b425-d7b2f26e18ef.webp.jpeg","type":"image\/jpeg"}],"twitter_card":"summary_large_image","twitter_misc":{"\u041f\u0440\u0438\u043c\u0435\u0440\u043d\u043e\u0435 \u0432\u0440\u0435\u043c\u044f \u0434\u043b\u044f \u0447\u0442\u0435\u043d\u0438\u044f":"1 \u043c\u0438\u043d\u0443\u0442\u0430"},"schema":{"@context":"https:\/\/schema.org","@graph":[{"@type":"WebPage","@id":"https:\/\/happyinaknit.com\/produktas\/muud-billie-whisky\/","url":"https:\/\/happyinaknit.com\/produktas\/muud-billie-whisky\/","name":"Muud Billie Whisky - Happyinaknit.com","isPartOf":{"@id":"https:\/\/happyinaknit.com\/lt\/#website"},"primaryImageOfPage":{"@id":"https:\/\/happyinaknit.com\/produktas\/muud-billie-whisky\/#primaryimage"},"image":{"@id":"https:\/\/happyinaknit.com\/produktas\/muud-billie-whisky\/#primaryimage"},"thumbnailUrl":"https:\/\/happyinaknit.com\/wp-content\/uploads\/2025\/11\/Billie-News-QB-4442R1-Whisky_1800x1800_c24313dc-bdf8-4120-b425-d7b2f26e18ef.webp.jpeg","datePublished":"2025-11-12T08:37:01+00:00","dateModified":"2025-11-17T15:26:26+00:00","breadcrumb":{"@id":"https:\/\/happyinaknit.com\/produktas\/muud-billie-whisky\/#breadcrumb"},"inLanguage":"ru-RU","potentialAction":[{"@type":"ReadAction","target":["https:\/\/happyinaknit.com\/produktas\/muud-billie-whisky\/"]}]},{"@type":"ImageObject","inLanguage":"ru-RU","@id":"https:\/\/happyinaknit.com\/produktas\/muud-billie-whisky\/#primaryimage","url":"https:\/\/happyinaknit.com\/wp-content\/uploads\/2025\/11\/Billie-News-QB-4442R1-Whisky_1800x1800_c24313dc-bdf8-4120-b425-d7b2f26e18ef.webp.jpeg","contentUrl":"https:\/\/happyinaknit.com\/wp-content\/uploads\/2025\/11\/Billie-News-QB-4442R1-Whisky_1800x1800_c24313dc-bdf8-4120-b425-d7b2f26e18ef.webp.jpeg","width":1200,"height":1800},{"@type":"BreadcrumbList","@id":"https:\/\/happyinaknit.com\/produktas\/muud-billie-whisky\/#breadcrumb","itemListElement":[{"@type":"ListItem","position":1,"name":"Home","item":"https:\/\/happyinaknit.com\/lt\/"},{"@type":"ListItem","position":2,"name":"Parduotuv\u0117","item":"https:\/\/happyinaknit.com\/lt\/parduotuve\/"},{"@type":"ListItem","position":3,"name":"Muud Billie Whisky"}]},{"@type":"WebSite","@id":"https:\/\/happyinaknit.com\/lt\/#website","url":"https:\/\/happyinaknit.com\/lt\/","name":"Happyinaknit.com","description":"","potentialAction":[{"@type":"SearchAction","target":{"@type":"EntryPoint","urlTemplate":"https:\/\/happyinaknit.com\/lt\/?s={search_term_string}"},"query-input":{"@type":"PropertyValueSpecification","valueRequired":true,"valueName":"search_term_string"}}],"inLanguage":"ru-RU"}]}},"_links":{"self":[{"href":"https:\/\/happyinaknit.com\/ru\/wp-json\/wp\/v2\/product\/7295","targetHints":{"allow":["GET"]}}],"collection":[{"href":"https:\/\/happyinaknit.com\/ru\/wp-json\/wp\/v2\/product"}],"about":[{"href":"https:\/\/happyinaknit.com\/ru\/wp-json\/wp\/v2\/types\/product"}],"replies":[{"embeddable":true,"href":"https:\/\/happyinaknit.com\/ru\/wp-json\/wp\/v2\/comments?post=7295"}],"wp:featuredmedia":[{"embeddable":true,"href":"https:\/\/happyinaknit.com\/ru\/wp-json\/wp\/v2\/media\/7301"}],"wp:attachment":[{"href":"https:\/\/happyinaknit.com\/ru\/wp-json\/wp\/v2\/media?parent=7295"}],"wp:term":[{"taxonomy":"product_brand","embeddable":true,"href":"https:\/\/happyinaknit.com\/ru\/wp-json\/wp\/v2\/product_brand?post=7295"},{"taxonomy":"product_cat","embeddable":true,"href":"https:\/\/happyinaknit.com\/ru\/wp-json\/wp\/v2\/product_cat?post=7295"},{"taxonomy":"product_tag","embeddable":true,"href":"https:\/\/happyinaknit.com\/ru\/wp-json\/wp\/v2\/product_tag?post=7295"},{"taxonomy":"pro-kategorijos","embeddable":true,"href":"https:\/\/happyinaknit.com\/ru\/wp-json\/wp\/v2\/pro-kategorijos?post=7295"}],"curies":[{"name":"wp","href":"https:\/\/api.w.org\/{rel}","templated":true}]}}