{"id":7117,"date":"2025-10-28T22:00:00","date_gmt":"2025-10-28T22:00:00","guid":{"rendered":"https:\/\/happyinaknit.com\/?post_type=product&#038;p=7117"},"modified":"2025-10-28T22:00:01","modified_gmt":"2025-10-28T22:00:01","slug":"addi-paauksuotos-siuvinejimo-zirklutes-608-7","status":"publish","type":"product","link":"https:\/\/happyinaknit.com\/ru\/product\/addi-paauksuotos-siuvinejimo-zirklutes-608-7\/","title":{"rendered":"Addi \u043f\u043e\u0437\u043e\u043b\u043e\u0447\u0435\u043d\u043d\u044b\u0435  \u043d\u043e\u0436\u043d\u0438\u0446\u044b 608-7"},"content":{"rendered":"<p>\u042d\u043b\u0435\u0433\u0430\u043d\u0442\u043d\u044b\u0435 \u0438 \u043e\u0447\u0435\u043d\u044c \u043e\u0441\u0442\u0440\u044b\u0435 <b>Addi<\/b> \u043f\u043e\u0437\u043e\u043b\u043e\u0447\u0435\u043d\u043d\u044b\u0435 \u043d\u043e\u0436\u043d\u0438\u0446\u044b - \u043d\u0435\u0437\u0430\u043c\u0435\u043d\u0438\u043c\u044b\u0439 \u0430\u043a\u0441\u0435\u0441\u0441\u0443\u0430\u0440 \u0434\u043b\u044f \u043a\u0430\u0436\u0434\u043e\u0439 \u0432\u044f\u0437\u0430\u043b\u044c\u0449\u0438\u0446\u044b \u0438\u043b\u0438 \u043b\u044e\u0431\u0438\u0442\u0435\u043b\u044c\u043d\u0438\u0446\u044b \u0440\u0443\u043a\u043e\u0434\u0435\u043b\u0438\u044f. \u0422\u043e\u0447\u043d\u044b\u0435 \u043b\u0435\u0437\u0432\u0438\u044f \u0438 \u043e\u0440\u0438\u0433\u0438\u043d\u0430\u043b\u044c\u043d\u044b\u0439 \u0434\u0438\u0437\u0430\u0439\u043d \u0434\u0435\u043b\u0430\u044e\u0442 \u0438\u0445 \u0438\u0434\u0435\u0430\u043b\u044c\u043d\u044b\u043c\u0438 \u0434\u043b\u044f \u043e\u0431\u0440\u0435\u0437\u0430\u043d\u0438\u044f \u043f\u0440\u044f\u0436\u0438 \u0438 \u043a\u0440\u043e\u043f\u043e\u0442\u043b\u0438\u0432\u043e\u0439 \u0440\u0430\u0431\u043e\u0442\u044b.<\/p>\n<p><b>\u0424\u0443\u043d\u043a\u0446\u0438\u0438:<\/b><b><\/b><\/p>\n<p>\u0414\u043b\u0438\u043d\u0430 <b>6,5 \u0441\u043c<\/b><b><\/b><\/p>\n<p>-\u041e\u0441\u0442\u0440\u044b\u0435 \u0438 \u0442\u043e\u0447\u043d\u044b\u0435 \u043b\u0435\u0437\u0432\u0438\u044f \u0438\u0434\u0435\u0430\u043b\u044c\u043d\u043e \u043f\u043e\u0434\u0445\u043e\u0434\u044f\u0442 \u0434\u043b\u044f \u0440\u0435\u0437\u043a\u0438 \u043d\u0438\u0442\u043e\u043a.<\/p>\n<p>-\u0423\u0434\u043e\u0431\u043d\u044b\u0435 \u0440\u0443\u0447\u043a\u0438 \u0441 \u0437\u043e\u043b\u043e\u0442\u043e\u0439 \u043e\u0442\u0434\u0435\u043b\u043a\u043e\u0439.<\/p>\n<p>-\u041a\u043e\u043c\u043f\u0430\u043a\u0442\u043d\u044b\u0439 \u0440\u0430\u0437\u043c\u0435\u0440 - \u0443\u0434\u043e\u0431\u043d\u043e \u0431\u0440\u0430\u0442\u044c \u0441 \u0441\u043e\u0431\u043e\u0439.<\/p>\n<p>-\u0412\u044b\u0441\u043e\u043a\u043e\u0435 <b>Addi  (\u0413\u0435\u0440\u043c\u0430\u043d\u0438\u044f)<\/b> \u043a\u0430\u0447\u0435\u0441\u0442\u0432\u043e.<\/p>\n<p><b>\u041f\u0440\u0438\u043c\u0435\u0447\u0430\u043d\u0438\u0435:<\/b> \u0426\u0432\u0435\u0442\u043e\u0432\u044b\u0435 \u043e\u0442\u0442\u0435\u043d\u043a\u0438 \u043c\u043e\u0433\u0443\u0442 \u043d\u0435\u0437\u043d\u0430\u0447\u0438\u0442\u0435\u043b\u044c\u043d\u043e \u043e\u0442\u043b\u0438\u0447\u0430\u0442\u044c\u0441\u044f \u0432 \u0437\u0430\u0432\u0438\u0441\u0438\u043c\u043e\u0441\u0442\u0438 \u043e\u0442 \u044d\u043a\u0440\u0430\u043d\u0430 \u0432\u0430\u0448\u0435\u0433\u043e \u0443\u0441\u0442\u0440\u043e\u0439\u0441\u0442\u0432\u0430.<\/p>","protected":false},"excerpt":{"rendered":"<p>Eleganti\u0161kos ir itin a\u0161trios Addi paauksuotos \u017eirkl\u0117s \u2013 nepakei\u010diamas aksesuaras kiekvienai mezg\u0117jai ar rankdarbi\u0173 m\u0117g\u0117jai. D\u0117l tiksli\u0173 a\u0161men\u0173 ir i\u0161skirtinio dizaino jos puikiai tinka si\u016blams kirpti bei kruop\u0161tiems darbams atlikti. Savyb\u0117s: \u2022Ilgis: 6,5 cm \u2022A\u0161tr\u016bs ir tiksl\u016bs a\u0161menys \u2013 idealiai tinka si\u016blams kirpti. \u2022Patogios ranken\u0117l\u0117s su auksiniu pavir\u0161iumi. \u2022Kompakti\u0161kas dydis \u2013 patogu pasiimti su savimi. [&hellip;]<\/p>\n","protected":false},"featured_media":7119,"comment_status":"open","ping_status":"closed","template":"","meta":{"_acf_changed":false},"product_brand":[786],"product_cat":[15,20,90],"product_tag":[],"pro-kategorijos":[],"class_list":{"0":"post-7117","1":"product","2":"type-product","3":"status-publish","4":"has-post-thumbnail","6":"product_brand-addi","7":"product_cat-visi-produktai","8":"product_cat-priedai-mezgimui","9":"product_cat-zirkles","11":"first","12":"instock","13":"shipping-taxable","14":"purchasable","15":"product-type-simple"},"acf":[],"yoast_head":"<!-- This site is optimized with the Yoast SEO plugin v26.8 - https:\/\/yoast.com\/product\/yoast-seo-wordpress\/ -->\n<title>Addi paauksuotos siuvin\u0117jimo \u017eirklut\u0117s 608-7 - Happyinaknit.com<\/title>\n<meta name=\"robots\" content=\"index, follow, max-snippet:-1, max-image-preview:large, max-video-preview:-1\" \/>\n<link rel=\"canonical\" href=\"https:\/\/happyinaknit.com\/ru\/product\/addi-paauksuotos-siuvinejimo-zirklutes-608-7\/\" \/>\n<meta property=\"og:locale\" content=\"ru_RU\" \/>\n<meta property=\"og:type\" content=\"article\" \/>\n<meta property=\"og:title\" content=\"Addi paauksuotos siuvin\u0117jimo \u017eirklut\u0117s 608-7 - Happyinaknit.com\" \/>\n<meta property=\"og:description\" content=\"Eleganti\u0161kos ir itin a\u0161trios Addi paauksuotos \u017eirkl\u0117s \u2013 nepakei\u010diamas aksesuaras kiekvienai mezg\u0117jai ar rankdarbi\u0173 m\u0117g\u0117jai. D\u0117l tiksli\u0173 a\u0161men\u0173 ir i\u0161skirtinio dizaino jos puikiai tinka si\u016blams kirpti bei kruop\u0161tiems darbams atlikti. Savyb\u0117s: \u2022Ilgis: 6,5 cm \u2022A\u0161tr\u016bs ir tiksl\u016bs a\u0161menys \u2013 idealiai tinka si\u016blams kirpti. \u2022Patogios ranken\u0117l\u0117s su auksiniu pavir\u0161iumi. \u2022Kompakti\u0161kas dydis \u2013 patogu pasiimti su savimi. [&hellip;]\" \/>\n<meta property=\"og:url\" content=\"https:\/\/happyinaknit.com\/ru\/product\/addi-paauksuotos-siuvinejimo-zirklutes-608-7\/\" \/>\n<meta property=\"og:site_name\" content=\"Happyinaknit.com\" \/>\n<meta property=\"article:modified_time\" content=\"2025-10-28T22:00:01+00:00\" \/>\n<meta property=\"og:image\" content=\"https:\/\/happyinaknit.com\/wp-content\/uploads\/2025\/10\/388842.970.jpg\" \/>\n\t<meta property=\"og:image:width\" content=\"970\" \/>\n\t<meta property=\"og:image:height\" content=\"970\" \/>\n\t<meta property=\"og:image:type\" content=\"image\/jpeg\" \/>\n<meta name=\"twitter:card\" content=\"summary_large_image\" \/>\n<script type=\"application\/ld+json\" class=\"yoast-schema-graph\">{\"@context\":\"https:\/\/schema.org\",\"@graph\":[{\"@type\":\"WebPage\",\"@id\":\"https:\/\/happyinaknit.com\/produktas\/addi-paauksuotos-siuvinejimo-zirklutes-608-7\/\",\"url\":\"https:\/\/happyinaknit.com\/produktas\/addi-paauksuotos-siuvinejimo-zirklutes-608-7\/\",\"name\":\"Addi paauksuotos siuvin\u0117jimo \u017eirklut\u0117s 608-7 - Happyinaknit.com\",\"isPartOf\":{\"@id\":\"https:\/\/happyinaknit.com\/lt\/#website\"},\"primaryImageOfPage\":{\"@id\":\"https:\/\/happyinaknit.com\/produktas\/addi-paauksuotos-siuvinejimo-zirklutes-608-7\/#primaryimage\"},\"image\":{\"@id\":\"https:\/\/happyinaknit.com\/produktas\/addi-paauksuotos-siuvinejimo-zirklutes-608-7\/#primaryimage\"},\"thumbnailUrl\":\"https:\/\/happyinaknit.com\/wp-content\/uploads\/2025\/10\/388842.970.jpg\",\"datePublished\":\"2025-10-28T22:00:00+00:00\",\"dateModified\":\"2025-10-28T22:00:01+00:00\",\"breadcrumb\":{\"@id\":\"https:\/\/happyinaknit.com\/produktas\/addi-paauksuotos-siuvinejimo-zirklutes-608-7\/#breadcrumb\"},\"inLanguage\":\"ru-RU\",\"potentialAction\":[{\"@type\":\"ReadAction\",\"target\":[\"https:\/\/happyinaknit.com\/produktas\/addi-paauksuotos-siuvinejimo-zirklutes-608-7\/\"]}]},{\"@type\":\"ImageObject\",\"inLanguage\":\"ru-RU\",\"@id\":\"https:\/\/happyinaknit.com\/produktas\/addi-paauksuotos-siuvinejimo-zirklutes-608-7\/#primaryimage\",\"url\":\"https:\/\/happyinaknit.com\/wp-content\/uploads\/2025\/10\/388842.970.jpg\",\"contentUrl\":\"https:\/\/happyinaknit.com\/wp-content\/uploads\/2025\/10\/388842.970.jpg\",\"width\":970,\"height\":970},{\"@type\":\"BreadcrumbList\",\"@id\":\"https:\/\/happyinaknit.com\/produktas\/addi-paauksuotos-siuvinejimo-zirklutes-608-7\/#breadcrumb\",\"itemListElement\":[{\"@type\":\"ListItem\",\"position\":1,\"name\":\"Home\",\"item\":\"https:\/\/happyinaknit.com\/lt\/\"},{\"@type\":\"ListItem\",\"position\":2,\"name\":\"Parduotuv\u0117\",\"item\":\"https:\/\/happyinaknit.com\/lt\/parduotuve\/\"},{\"@type\":\"ListItem\",\"position\":3,\"name\":\"Addi paauksuotos siuvin\u0117jimo \u017eirklut\u0117s 608-7\"}]},{\"@type\":\"WebSite\",\"@id\":\"https:\/\/happyinaknit.com\/lt\/#website\",\"url\":\"https:\/\/happyinaknit.com\/lt\/\",\"name\":\"Happyinaknit.com\",\"description\":\"\",\"potentialAction\":[{\"@type\":\"SearchAction\",\"target\":{\"@type\":\"EntryPoint\",\"urlTemplate\":\"https:\/\/happyinaknit.com\/lt\/?s={search_term_string}\"},\"query-input\":{\"@type\":\"PropertyValueSpecification\",\"valueRequired\":true,\"valueName\":\"search_term_string\"}}],\"inLanguage\":\"ru-RU\"}]}<\/script>\n<!-- \/ Yoast SEO plugin. -->","yoast_head_json":{"title":"Addi paauksuotos siuvin\u0117jimo \u017eirklut\u0117s 608-7 - Happyinaknit.com","robots":{"index":"index","follow":"follow","max-snippet":"max-snippet:-1","max-image-preview":"max-image-preview:large","max-video-preview":"max-video-preview:-1"},"canonical":"https:\/\/happyinaknit.com\/ru\/product\/addi-paauksuotos-siuvinejimo-zirklutes-608-7\/","og_locale":"ru_RU","og_type":"article","og_title":"Addi paauksuotos siuvin\u0117jimo \u017eirklut\u0117s 608-7 - Happyinaknit.com","og_description":"Eleganti\u0161kos ir itin a\u0161trios Addi paauksuotos \u017eirkl\u0117s \u2013 nepakei\u010diamas aksesuaras kiekvienai mezg\u0117jai ar rankdarbi\u0173 m\u0117g\u0117jai. D\u0117l tiksli\u0173 a\u0161men\u0173 ir i\u0161skirtinio dizaino jos puikiai tinka si\u016blams kirpti bei kruop\u0161tiems darbams atlikti. Savyb\u0117s: \u2022Ilgis: 6,5 cm \u2022A\u0161tr\u016bs ir tiksl\u016bs a\u0161menys \u2013 idealiai tinka si\u016blams kirpti. \u2022Patogios ranken\u0117l\u0117s su auksiniu pavir\u0161iumi. \u2022Kompakti\u0161kas dydis \u2013 patogu pasiimti su savimi. [&hellip;]","og_url":"https:\/\/happyinaknit.com\/ru\/product\/addi-paauksuotos-siuvinejimo-zirklutes-608-7\/","og_site_name":"Happyinaknit.com","article_modified_time":"2025-10-28T22:00:01+00:00","og_image":[{"width":970,"height":970,"url":"https:\/\/happyinaknit.com\/wp-content\/uploads\/2025\/10\/388842.970.jpg","type":"image\/jpeg"}],"twitter_card":"summary_large_image","schema":{"@context":"https:\/\/schema.org","@graph":[{"@type":"WebPage","@id":"https:\/\/happyinaknit.com\/produktas\/addi-paauksuotos-siuvinejimo-zirklutes-608-7\/","url":"https:\/\/happyinaknit.com\/produktas\/addi-paauksuotos-siuvinejimo-zirklutes-608-7\/","name":"Addi paauksuotos siuvin\u0117jimo \u017eirklut\u0117s 608-7 - Happyinaknit.com","isPartOf":{"@id":"https:\/\/happyinaknit.com\/lt\/#website"},"primaryImageOfPage":{"@id":"https:\/\/happyinaknit.com\/produktas\/addi-paauksuotos-siuvinejimo-zirklutes-608-7\/#primaryimage"},"image":{"@id":"https:\/\/happyinaknit.com\/produktas\/addi-paauksuotos-siuvinejimo-zirklutes-608-7\/#primaryimage"},"thumbnailUrl":"https:\/\/happyinaknit.com\/wp-content\/uploads\/2025\/10\/388842.970.jpg","datePublished":"2025-10-28T22:00:00+00:00","dateModified":"2025-10-28T22:00:01+00:00","breadcrumb":{"@id":"https:\/\/happyinaknit.com\/produktas\/addi-paauksuotos-siuvinejimo-zirklutes-608-7\/#breadcrumb"},"inLanguage":"ru-RU","potentialAction":[{"@type":"ReadAction","target":["https:\/\/happyinaknit.com\/produktas\/addi-paauksuotos-siuvinejimo-zirklutes-608-7\/"]}]},{"@type":"ImageObject","inLanguage":"ru-RU","@id":"https:\/\/happyinaknit.com\/produktas\/addi-paauksuotos-siuvinejimo-zirklutes-608-7\/#primaryimage","url":"https:\/\/happyinaknit.com\/wp-content\/uploads\/2025\/10\/388842.970.jpg","contentUrl":"https:\/\/happyinaknit.com\/wp-content\/uploads\/2025\/10\/388842.970.jpg","width":970,"height":970},{"@type":"BreadcrumbList","@id":"https:\/\/happyinaknit.com\/produktas\/addi-paauksuotos-siuvinejimo-zirklutes-608-7\/#breadcrumb","itemListElement":[{"@type":"ListItem","position":1,"name":"Home","item":"https:\/\/happyinaknit.com\/lt\/"},{"@type":"ListItem","position":2,"name":"Parduotuv\u0117","item":"https:\/\/happyinaknit.com\/lt\/parduotuve\/"},{"@type":"ListItem","position":3,"name":"Addi paauksuotos siuvin\u0117jimo \u017eirklut\u0117s 608-7"}]},{"@type":"WebSite","@id":"https:\/\/happyinaknit.com\/lt\/#website","url":"https:\/\/happyinaknit.com\/lt\/","name":"Happyinaknit.com","description":"","potentialAction":[{"@type":"SearchAction","target":{"@type":"EntryPoint","urlTemplate":"https:\/\/happyinaknit.com\/lt\/?s={search_term_string}"},"query-input":{"@type":"PropertyValueSpecification","valueRequired":true,"valueName":"search_term_string"}}],"inLanguage":"ru-RU"}]}},"_links":{"self":[{"href":"https:\/\/happyinaknit.com\/ru\/wp-json\/wp\/v2\/product\/7117","targetHints":{"allow":["GET"]}}],"collection":[{"href":"https:\/\/happyinaknit.com\/ru\/wp-json\/wp\/v2\/product"}],"about":[{"href":"https:\/\/happyinaknit.com\/ru\/wp-json\/wp\/v2\/types\/product"}],"replies":[{"embeddable":true,"href":"https:\/\/happyinaknit.com\/ru\/wp-json\/wp\/v2\/comments?post=7117"}],"wp:featuredmedia":[{"embeddable":true,"href":"https:\/\/happyinaknit.com\/ru\/wp-json\/wp\/v2\/media\/7119"}],"wp:attachment":[{"href":"https:\/\/happyinaknit.com\/ru\/wp-json\/wp\/v2\/media?parent=7117"}],"wp:term":[{"taxonomy":"product_brand","embeddable":true,"href":"https:\/\/happyinaknit.com\/ru\/wp-json\/wp\/v2\/product_brand?post=7117"},{"taxonomy":"product_cat","embeddable":true,"href":"https:\/\/happyinaknit.com\/ru\/wp-json\/wp\/v2\/product_cat?post=7117"},{"taxonomy":"product_tag","embeddable":true,"href":"https:\/\/happyinaknit.com\/ru\/wp-json\/wp\/v2\/product_tag?post=7117"},{"taxonomy":"pro-kategorijos","embeddable":true,"href":"https:\/\/happyinaknit.com\/ru\/wp-json\/wp\/v2\/pro-kategorijos?post=7117"}],"curies":[{"name":"wp","href":"https:\/\/api.w.org\/{rel}","templated":true}]}}