{"id":7107,"date":"2025-10-28T14:49:10","date_gmt":"2025-10-28T14:49:10","guid":{"rendered":"https:\/\/happyinaknit.com\/?post_type=product&#038;p=7107"},"modified":"2025-10-28T14:50:23","modified_gmt":"2025-10-28T14:50:23","slug":"knitpro-nirvana-pom-ponu-gaminimo-rinkinys","status":"publish","type":"product","link":"https:\/\/happyinaknit.com\/ru\/product\/knitpro-nirvana-pom-ponu-gaminimo-rinkinys\/","title":{"rendered":"KnitPro Nirvana \u043d\u0430\u0431\u043e\u0440 \u0434\u043b\u044f \u0438\u0437\u0433\u043e\u0442\u043e\u0432\u043b\u0435\u043d\u0438\u044f \u043f\u043e\u043c\u043f\u043e\u043d\u043e\u0432"},"content":{"rendered":"<p>\u041a\u0440\u0435\u0430\u0442\u0438\u0432\u043d\u044b\u0439 \u0438 \u0443\u0434\u043e\u0431\u043d\u044b\u0439 <b>KnitPro Nirvana<\/b> \u043d\u0430\u0431\u043e\u0440 \u0434\u043b\u044f \u0438\u0437\u0433\u043e\u0442\u043e\u0432\u043b\u0435\u043d\u0438\u044f \u043f\u043e\u043c\u043f\u043e\u043d\u043e\u0432 \u043f\u043e\u0437\u0432\u043e\u043b\u044f\u0435\u0442 \u043b\u0435\u0433\u043a\u043e \u0441\u043e\u0437\u0434\u0430\u0432\u0430\u0442\u044c \u0438\u0434\u0435\u0430\u043b\u044c\u043d\u044b\u0435, \u0430\u043a\u043a\u0443\u0440\u0430\u0442\u043d\u044b\u0435 \u0438 \u043f\u0443\u0448\u0438\u0441\u0442\u044b\u0435 \u043f\u043e\u043c\u043f\u043e\u043d\u044b \u0438\u0437 \u043f\u0440\u044f\u0436\u0438. \u0423\u0434\u043e\u0431\u043d\u0430\u044f \u043a\u043e\u043d\u0441\u0442\u0440\u0443\u043a\u0446\u0438\u044f \u0434\u0435\u043b\u0430\u0435\u0442 \u043f\u0440\u043e\u0446\u0435\u0441\u0441 \u0438\u0437\u0433\u043e\u0442\u043e\u0432\u043b\u0435\u043d\u0438\u044f \u0431\u044b\u0441\u0442\u0440\u044b\u043c \u0438 \u043b\u0435\u0433\u043a\u0438\u043c - \u043f\u0440\u043e\u0441\u0442\u043e \u043e\u0431\u0435\u0440\u043d\u0438\u0442\u0435 \u043f\u0440\u044f\u0436\u0443 \u0432\u043e\u043a\u0440\u0443\u0433 \u0444\u043e\u0440\u043c\u044b, \u0437\u0430\u0432\u044f\u0436\u0438\u0442\u0435, \u043e\u0442\u0440\u0435\u0436\u044c\u0442\u0435 \u0438 \u043d\u0430\u0441\u043b\u0430\u0436\u0434\u0430\u0439\u0442\u0435\u0441\u044c \u0438\u0434\u0435\u0430\u043b\u044c\u043d\u044b\u043c \u0440\u0435\u0437\u0443\u043b\u044c\u0442\u0430\u0442\u043e\u043c!<\/p>\n<p>\u0418\u0434\u0435\u0430\u043b\u044c\u043d\u043e \u043f\u043e\u0434\u0445\u043e\u0434\u0438\u0442 \u0434\u043b\u044f \u0443\u043a\u0440\u0430\u0448\u0435\u043d\u0438\u044f \u0448\u0430\u043f\u043e\u043a, \u0448\u0430\u0440\u0444\u043e\u0432, \u0441\u0432\u0438\u0442\u0435\u0440\u043e\u0432, \u043e\u0434\u0435\u044f\u043b \u0438\u043b\u0438 \u0434\u0435\u043a\u043e\u0440\u0430\u0442\u0438\u0432\u043d\u044b\u0445 \u044d\u043b\u0435\u043c\u0435\u043d\u0442\u043e\u0432.<\/p>\n<p><b>\u0424\u0443\u043d\u043a\u0446\u0438\u0438:<\/b><b><\/b><\/p>\n<p>-\u0412\u043e\u0437\u043c\u043e\u0436\u043d\u043e \u0438\u0437\u0433\u043e\u0442\u043e\u0432\u043b\u0435\u043d\u0438\u0435 \u043f\u043e\u043c\u043f\u043e\u043d\u043e\u0432 \u0434\u0432\u0443\u0445 \u0440\u0430\u0437\u043c\u0435\u0440\u043e\u0432 (3,5 \u0441\u043c \u0438 4,5 \u0441\u043c)<\/p>\n<p>-\u041f\u0440\u043e\u0441\u0442\u043e\u0439, \u0443\u0434\u043e\u0431\u043d\u044b\u0439 \u0432 \u0438\u0441\u043f\u043e\u043b\u044c\u0437\u043e\u0432\u0430\u043d\u0438\u0438 \u0434\u0438\u0437\u0430\u0439\u043d<\/p>\n<p>-\u041f\u0440\u043e\u0447\u043d\u044b\u0439 \u0438 \u043b\u0435\u0433\u043a\u0438\u0439 \u043f\u043b\u0430\u0441\u0442\u0438\u043a<\/p>\n<p>-\u041e\u0442\u043b\u0438\u0447\u043d\u044b\u0439 \u0432\u044b\u0431\u043e\u0440 \u0434\u043b\u044f \u0442\u0432\u043e\u0440\u0447\u0435\u0441\u043a\u0438\u0445 \u043f\u0440\u043e\u0435\u043a\u0442\u043e\u0432 \u0438 \u0434\u0435\u0442\u0441\u043a\u043e\u0433\u043e \u0440\u0443\u043a\u043e\u0434\u0435\u043b\u0438\u044f<\/p>\n<p><b>\u041f\u0440\u043e\u0438\u0437\u0432\u043e\u0434\u0438\u0442\u0435\u043b\u044c:<\/b> KnitPro (\u0418\u043d\u0434\u0438\u044f)<\/p>\n<p><b>\u0412 \u043a\u043e\u043c\u043f\u043b\u0435\u043a\u0442 \u0432\u0445\u043e\u0434\u0438\u0442:<\/b> 2 \u043f\u043e\u043c\u043f\u043e\u043d\u0430 (3,5 \u0441\u043c \u0438 4,5 \u0441\u043c)<\/p>\n<p><b>\u041c\u0430\u0442\u0435\u0440\u0438\u0430\u043b:<\/b> \u043f\u043b\u0430\u0441\u0442\u0438\u043a<\/p>\n<p><b>\u041f\u0440\u0438\u043c\u0435\u0447\u0430\u043d\u0438\u0435:<\/b> \u0426\u0432\u0435\u0442\u043e\u0432\u044b\u0435 \u043e\u0442\u0442\u0435\u043d\u043a\u0438 \u043c\u043e\u0433\u0443\u0442 \u043d\u0435\u0437\u043d\u0430\u0447\u0438\u0442\u0435\u043b\u044c\u043d\u043e \u043e\u0442\u043b\u0438\u0447\u0430\u0442\u044c\u0441\u044f \u0432 \u0437\u0430\u0432\u0438\u0441\u0438\u043c\u043e\u0441\u0442\u0438 \u043e\u0442 \u044d\u043a\u0440\u0430\u043d\u0430 \u0432\u0430\u0448\u0435\u0433\u043e \u0443\u0441\u0442\u0440\u043e\u0439\u0441\u0442\u0432\u0430.<\/p>","protected":false},"excerpt":{"rendered":"<p>K\u016brybi\u0161kas ir patogus KnitPro Nirvana pom-pon\u0173 gaminimo rinkinys pad\u0117s lengvai sukurti tobulus, tvarkingus ir purius pom-ponus i\u0161 si\u016bl\u0173. D\u0117l patogios konstrukcijos gamyba tampa greita ir paprasta \u2013 tiesiog apvyniokite si\u016blus aplink form\u0105, suri\u0161kite, perkirpkite ir d\u017eiaukit\u0117s idealiu rezultatu! Puikiai tinka kepuri\u0173, \u0161alik\u0173, megztini\u0173, pled\u0173 ar dekoracij\u0173 puo\u0161imui. Savyb\u0117s: \u2022Leid\u017eia pagaminti dviej\u0173 dyd\u017ei\u0173 pom-ponus (3,5 cm [&hellip;]<\/p>\n","protected":false},"featured_media":7110,"comment_status":"open","ping_status":"closed","template":"","meta":{"_acf_changed":false},"product_brand":[1069],"product_cat":[15,57,52,20],"product_tag":[],"pro-kategorijos":[],"class_list":{"0":"post-7107","1":"product","2":"type-product","3":"status-publish","4":"has-post-thumbnail","6":"product_brand-knitpro","7":"product_cat-visi-produktai","8":"product_cat-aksesuarai","9":"product_cat-kiti-mezgimo-reikmenys","10":"product_cat-priedai-mezgimui","12":"first","13":"instock","14":"shipping-taxable","15":"purchasable","16":"product-type-simple"},"acf":[],"yoast_head":"<!-- This site is optimized with the Yoast SEO plugin v26.8 - https:\/\/yoast.com\/product\/yoast-seo-wordpress\/ -->\n<title>KnitPro Nirvana pom-pon\u0173 gaminimo rinkinys - Happyinaknit.com<\/title>\n<meta name=\"robots\" content=\"index, follow, max-snippet:-1, max-image-preview:large, max-video-preview:-1\" \/>\n<link rel=\"canonical\" href=\"https:\/\/happyinaknit.com\/ru\/product\/knitpro-nirvana-pom-ponu-gaminimo-rinkinys\/\" \/>\n<meta property=\"og:locale\" content=\"ru_RU\" \/>\n<meta property=\"og:type\" content=\"article\" \/>\n<meta property=\"og:title\" content=\"KnitPro Nirvana pom-pon\u0173 gaminimo rinkinys - Happyinaknit.com\" \/>\n<meta property=\"og:description\" content=\"K\u016brybi\u0161kas ir patogus KnitPro Nirvana pom-pon\u0173 gaminimo rinkinys pad\u0117s lengvai sukurti tobulus, tvarkingus ir purius pom-ponus i\u0161 si\u016bl\u0173. D\u0117l patogios konstrukcijos gamyba tampa greita ir paprasta \u2013 tiesiog apvyniokite si\u016blus aplink form\u0105, suri\u0161kite, perkirpkite ir d\u017eiaukit\u0117s idealiu rezultatu! Puikiai tinka kepuri\u0173, \u0161alik\u0173, megztini\u0173, pled\u0173 ar dekoracij\u0173 puo\u0161imui. Savyb\u0117s: \u2022Leid\u017eia pagaminti dviej\u0173 dyd\u017ei\u0173 pom-ponus (3,5 cm [&hellip;]\" \/>\n<meta property=\"og:url\" content=\"https:\/\/happyinaknit.com\/ru\/product\/knitpro-nirvana-pom-ponu-gaminimo-rinkinys\/\" \/>\n<meta property=\"og:site_name\" content=\"Happyinaknit.com\" \/>\n<meta property=\"article:modified_time\" content=\"2025-10-28T14:50:23+00:00\" \/>\n<meta property=\"og:image\" content=\"https:\/\/happyinaknit.com\/wp-content\/uploads\/2025\/10\/99c564dcfecfe33b6bb6cded75c4eb36aadba91e_910863_frilagd.png\" \/>\n\t<meta property=\"og:image:width\" content=\"1060\" \/>\n\t<meta property=\"og:image:height\" content=\"1060\" \/>\n\t<meta property=\"og:image:type\" content=\"image\/png\" \/>\n<meta name=\"twitter:card\" content=\"summary_large_image\" \/>\n<meta name=\"twitter:label1\" content=\"\u041f\u0440\u0438\u043c\u0435\u0440\u043d\u043e\u0435 \u0432\u0440\u0435\u043c\u044f \u0434\u043b\u044f \u0447\u0442\u0435\u043d\u0438\u044f\" \/>\n\t<meta name=\"twitter:data1\" content=\"1 \u043c\u0438\u043d\u0443\u0442\u0430\" \/>\n<script type=\"application\/ld+json\" class=\"yoast-schema-graph\">{\"@context\":\"https:\/\/schema.org\",\"@graph\":[{\"@type\":\"WebPage\",\"@id\":\"https:\/\/happyinaknit.com\/produktas\/knitpro-nirvana-pom-ponu-gaminimo-rinkinys\/\",\"url\":\"https:\/\/happyinaknit.com\/produktas\/knitpro-nirvana-pom-ponu-gaminimo-rinkinys\/\",\"name\":\"KnitPro Nirvana pom-pon\u0173 gaminimo rinkinys - Happyinaknit.com\",\"isPartOf\":{\"@id\":\"https:\/\/happyinaknit.com\/lt\/#website\"},\"primaryImageOfPage\":{\"@id\":\"https:\/\/happyinaknit.com\/produktas\/knitpro-nirvana-pom-ponu-gaminimo-rinkinys\/#primaryimage\"},\"image\":{\"@id\":\"https:\/\/happyinaknit.com\/produktas\/knitpro-nirvana-pom-ponu-gaminimo-rinkinys\/#primaryimage\"},\"thumbnailUrl\":\"https:\/\/happyinaknit.com\/wp-content\/uploads\/2025\/10\/99c564dcfecfe33b6bb6cded75c4eb36aadba91e_910863_frilagd.png\",\"datePublished\":\"2025-10-28T14:49:10+00:00\",\"dateModified\":\"2025-10-28T14:50:23+00:00\",\"breadcrumb\":{\"@id\":\"https:\/\/happyinaknit.com\/produktas\/knitpro-nirvana-pom-ponu-gaminimo-rinkinys\/#breadcrumb\"},\"inLanguage\":\"ru-RU\",\"potentialAction\":[{\"@type\":\"ReadAction\",\"target\":[\"https:\/\/happyinaknit.com\/produktas\/knitpro-nirvana-pom-ponu-gaminimo-rinkinys\/\"]}]},{\"@type\":\"ImageObject\",\"inLanguage\":\"ru-RU\",\"@id\":\"https:\/\/happyinaknit.com\/produktas\/knitpro-nirvana-pom-ponu-gaminimo-rinkinys\/#primaryimage\",\"url\":\"https:\/\/happyinaknit.com\/wp-content\/uploads\/2025\/10\/99c564dcfecfe33b6bb6cded75c4eb36aadba91e_910863_frilagd.png\",\"contentUrl\":\"https:\/\/happyinaknit.com\/wp-content\/uploads\/2025\/10\/99c564dcfecfe33b6bb6cded75c4eb36aadba91e_910863_frilagd.png\",\"width\":1060,\"height\":1060},{\"@type\":\"BreadcrumbList\",\"@id\":\"https:\/\/happyinaknit.com\/produktas\/knitpro-nirvana-pom-ponu-gaminimo-rinkinys\/#breadcrumb\",\"itemListElement\":[{\"@type\":\"ListItem\",\"position\":1,\"name\":\"Home\",\"item\":\"https:\/\/happyinaknit.com\/lt\/\"},{\"@type\":\"ListItem\",\"position\":2,\"name\":\"Parduotuv\u0117\",\"item\":\"https:\/\/happyinaknit.com\/lt\/parduotuve\/\"},{\"@type\":\"ListItem\",\"position\":3,\"name\":\"KnitPro Nirvana pom-pon\u0173 gaminimo rinkinys\"}]},{\"@type\":\"WebSite\",\"@id\":\"https:\/\/happyinaknit.com\/lt\/#website\",\"url\":\"https:\/\/happyinaknit.com\/lt\/\",\"name\":\"Happyinaknit.com\",\"description\":\"\",\"potentialAction\":[{\"@type\":\"SearchAction\",\"target\":{\"@type\":\"EntryPoint\",\"urlTemplate\":\"https:\/\/happyinaknit.com\/lt\/?s={search_term_string}\"},\"query-input\":{\"@type\":\"PropertyValueSpecification\",\"valueRequired\":true,\"valueName\":\"search_term_string\"}}],\"inLanguage\":\"ru-RU\"}]}<\/script>\n<!-- \/ Yoast SEO plugin. -->","yoast_head_json":{"title":"KnitPro Nirvana pom-pon\u0173 gaminimo rinkinys - Happyinaknit.com","robots":{"index":"index","follow":"follow","max-snippet":"max-snippet:-1","max-image-preview":"max-image-preview:large","max-video-preview":"max-video-preview:-1"},"canonical":"https:\/\/happyinaknit.com\/ru\/product\/knitpro-nirvana-pom-ponu-gaminimo-rinkinys\/","og_locale":"ru_RU","og_type":"article","og_title":"KnitPro Nirvana pom-pon\u0173 gaminimo rinkinys - Happyinaknit.com","og_description":"K\u016brybi\u0161kas ir patogus KnitPro Nirvana pom-pon\u0173 gaminimo rinkinys pad\u0117s lengvai sukurti tobulus, tvarkingus ir purius pom-ponus i\u0161 si\u016bl\u0173. D\u0117l patogios konstrukcijos gamyba tampa greita ir paprasta \u2013 tiesiog apvyniokite si\u016blus aplink form\u0105, suri\u0161kite, perkirpkite ir d\u017eiaukit\u0117s idealiu rezultatu! Puikiai tinka kepuri\u0173, \u0161alik\u0173, megztini\u0173, pled\u0173 ar dekoracij\u0173 puo\u0161imui. Savyb\u0117s: \u2022Leid\u017eia pagaminti dviej\u0173 dyd\u017ei\u0173 pom-ponus (3,5 cm [&hellip;]","og_url":"https:\/\/happyinaknit.com\/ru\/product\/knitpro-nirvana-pom-ponu-gaminimo-rinkinys\/","og_site_name":"Happyinaknit.com","article_modified_time":"2025-10-28T14:50:23+00:00","og_image":[{"width":1060,"height":1060,"url":"https:\/\/happyinaknit.com\/wp-content\/uploads\/2025\/10\/99c564dcfecfe33b6bb6cded75c4eb36aadba91e_910863_frilagd.png","type":"image\/png"}],"twitter_card":"summary_large_image","twitter_misc":{"\u041f\u0440\u0438\u043c\u0435\u0440\u043d\u043e\u0435 \u0432\u0440\u0435\u043c\u044f \u0434\u043b\u044f \u0447\u0442\u0435\u043d\u0438\u044f":"1 \u043c\u0438\u043d\u0443\u0442\u0430"},"schema":{"@context":"https:\/\/schema.org","@graph":[{"@type":"WebPage","@id":"https:\/\/happyinaknit.com\/produktas\/knitpro-nirvana-pom-ponu-gaminimo-rinkinys\/","url":"https:\/\/happyinaknit.com\/produktas\/knitpro-nirvana-pom-ponu-gaminimo-rinkinys\/","name":"KnitPro Nirvana pom-pon\u0173 gaminimo rinkinys - Happyinaknit.com","isPartOf":{"@id":"https:\/\/happyinaknit.com\/lt\/#website"},"primaryImageOfPage":{"@id":"https:\/\/happyinaknit.com\/produktas\/knitpro-nirvana-pom-ponu-gaminimo-rinkinys\/#primaryimage"},"image":{"@id":"https:\/\/happyinaknit.com\/produktas\/knitpro-nirvana-pom-ponu-gaminimo-rinkinys\/#primaryimage"},"thumbnailUrl":"https:\/\/happyinaknit.com\/wp-content\/uploads\/2025\/10\/99c564dcfecfe33b6bb6cded75c4eb36aadba91e_910863_frilagd.png","datePublished":"2025-10-28T14:49:10+00:00","dateModified":"2025-10-28T14:50:23+00:00","breadcrumb":{"@id":"https:\/\/happyinaknit.com\/produktas\/knitpro-nirvana-pom-ponu-gaminimo-rinkinys\/#breadcrumb"},"inLanguage":"ru-RU","potentialAction":[{"@type":"ReadAction","target":["https:\/\/happyinaknit.com\/produktas\/knitpro-nirvana-pom-ponu-gaminimo-rinkinys\/"]}]},{"@type":"ImageObject","inLanguage":"ru-RU","@id":"https:\/\/happyinaknit.com\/produktas\/knitpro-nirvana-pom-ponu-gaminimo-rinkinys\/#primaryimage","url":"https:\/\/happyinaknit.com\/wp-content\/uploads\/2025\/10\/99c564dcfecfe33b6bb6cded75c4eb36aadba91e_910863_frilagd.png","contentUrl":"https:\/\/happyinaknit.com\/wp-content\/uploads\/2025\/10\/99c564dcfecfe33b6bb6cded75c4eb36aadba91e_910863_frilagd.png","width":1060,"height":1060},{"@type":"BreadcrumbList","@id":"https:\/\/happyinaknit.com\/produktas\/knitpro-nirvana-pom-ponu-gaminimo-rinkinys\/#breadcrumb","itemListElement":[{"@type":"ListItem","position":1,"name":"Home","item":"https:\/\/happyinaknit.com\/lt\/"},{"@type":"ListItem","position":2,"name":"Parduotuv\u0117","item":"https:\/\/happyinaknit.com\/lt\/parduotuve\/"},{"@type":"ListItem","position":3,"name":"KnitPro Nirvana pom-pon\u0173 gaminimo rinkinys"}]},{"@type":"WebSite","@id":"https:\/\/happyinaknit.com\/lt\/#website","url":"https:\/\/happyinaknit.com\/lt\/","name":"Happyinaknit.com","description":"","potentialAction":[{"@type":"SearchAction","target":{"@type":"EntryPoint","urlTemplate":"https:\/\/happyinaknit.com\/lt\/?s={search_term_string}"},"query-input":{"@type":"PropertyValueSpecification","valueRequired":true,"valueName":"search_term_string"}}],"inLanguage":"ru-RU"}]}},"_links":{"self":[{"href":"https:\/\/happyinaknit.com\/ru\/wp-json\/wp\/v2\/product\/7107","targetHints":{"allow":["GET"]}}],"collection":[{"href":"https:\/\/happyinaknit.com\/ru\/wp-json\/wp\/v2\/product"}],"about":[{"href":"https:\/\/happyinaknit.com\/ru\/wp-json\/wp\/v2\/types\/product"}],"replies":[{"embeddable":true,"href":"https:\/\/happyinaknit.com\/ru\/wp-json\/wp\/v2\/comments?post=7107"}],"wp:featuredmedia":[{"embeddable":true,"href":"https:\/\/happyinaknit.com\/ru\/wp-json\/wp\/v2\/media\/7110"}],"wp:attachment":[{"href":"https:\/\/happyinaknit.com\/ru\/wp-json\/wp\/v2\/media?parent=7107"}],"wp:term":[{"taxonomy":"product_brand","embeddable":true,"href":"https:\/\/happyinaknit.com\/ru\/wp-json\/wp\/v2\/product_brand?post=7107"},{"taxonomy":"product_cat","embeddable":true,"href":"https:\/\/happyinaknit.com\/ru\/wp-json\/wp\/v2\/product_cat?post=7107"},{"taxonomy":"product_tag","embeddable":true,"href":"https:\/\/happyinaknit.com\/ru\/wp-json\/wp\/v2\/product_tag?post=7107"},{"taxonomy":"pro-kategorijos","embeddable":true,"href":"https:\/\/happyinaknit.com\/ru\/wp-json\/wp\/v2\/pro-kategorijos?post=7107"}],"curies":[{"name":"wp","href":"https:\/\/api.w.org\/{rel}","templated":true}]}}