{"id":7102,"date":"2025-10-28T14:14:58","date_gmt":"2025-10-28T14:14:58","guid":{"rendered":"https:\/\/happyinaknit.com\/?post_type=product&#038;p=7102"},"modified":"2026-04-06T17:06:11","modified_gmt":"2026-04-06T17:06:11","slug":"addi-akiu-laikiklis","status":"publish","type":"product","link":"https:\/\/happyinaknit.com\/ru\/product\/addi-akiu-laikiklis\/","title":{"rendered":"Addi \u0441\u0431\u043e\u0440\u0449\u0438\u043a \u043f\u0435\u0442\u0435\u043b\u044c"},"content":{"rendered":"<p>\u0423\u0434\u043e\u0431\u043d\u044b\u0439  \u0438 \u0432\u044b\u0441\u043e\u043a\u043e\u0433\u043e \u043a\u0430\u0447\u0435\u0441\u0442\u0432\u0430 <b>Addi<\/b> \u0441\u0431\u043e\u0440\u0449\u0438\u043a \u043f\u0435\u0442\u0435\u043b\u044c (\u043d\u0435\u043c. <i>Maschenraffer<\/i>) - \u043d\u0435\u0437\u0430\u043c\u0435\u043d\u0438\u043c\u044b\u0439 \u043f\u043e\u043c\u043e\u0449\u043d\u0438\u043a \u043f\u0440\u0438 \u0432\u044f\u0437\u0430\u043d\u0438\u0438. \u0421 \u0435\u0433\u043e \u043f\u043e\u043c\u043e\u0449\u044c\u044e \u043c\u043e\u0436\u043d\u043e \u0431\u0435\u0437\u043e\u043f\u0430\u0441\u043d\u043e \u043f\u0435\u0440\u0435\u043c\u0435\u0441\u0442\u0438\u0442\u044c \u0438\u043b\u0438 \u0432\u0440\u0435\u043c\u0435\u043d\u043d\u043e \u043e\u0442\u043b\u043e\u0436\u0438\u0442\u044c \u043f\u0435\u0442\u043b\u0438,  \u043a\u043e\u0433\u0434\u0430 \u043d\u0443\u0436\u043d\u043e \u043e\u0442\u043b\u043e\u0436\u0438\u0442\u044c \u0432\u044f\u0437\u0430\u043d\u0438\u0435 \u0438\u043b\u0438 \u0441\u043e\u0435\u0434\u0438\u043d\u0438\u0442\u044c \u0434\u0435\u0442\u0430\u043b\u0438.<\/p>\n<p>\u041f\u0440\u043e\u0447\u043d\u044b\u0439 \u0438 \u043f\u0440\u043e\u0441\u0442\u043e\u0439 \u0432 \u0438\u0441\u043f\u043e\u043b\u044c\u0437\u043e\u0432\u0430\u043d\u0438\u0438, \u044d\u0442\u043e\u0442 \u0434\u0435\u0440\u0436\u0430\u0442\u0435\u043b\u044c \u043d\u0435 \u043f\u043e\u0437\u0432\u043e\u043b\u0438\u0442 \u0432\u0430\u0448\u0438\u043c \u043f\u0435\u0442\u043b\u044f\u043c \u0443\u0431\u0435\u0436\u0430\u0442\u044c, \u0438 \u0432\u0430\u0448\u0430 \u0440\u0430\u0431\u043e\u0442\u0430 \u043e\u0441\u0442\u0430\u043d\u0435\u0442\u0441\u044f \u0430\u043a\u043a\u0443\u0440\u0430\u0442\u043d\u043e\u0439. \u0418\u0434\u0435\u0430\u043b\u044c\u043d\u043e \u043f\u043e\u0434\u0445\u043e\u0434\u0438\u0442 \u043a\u0430\u043a \u0434\u043b\u044f \u043d\u0430\u0447\u0438\u043d\u0430\u044e\u0449\u0438\u0445, \u0442\u0430\u043a \u0438 \u0434\u043b\u044f \u043e\u043f\u044b\u0442\u043d\u044b\u0445 \u0432\u044f\u0437\u0430\u043b\u044c\u0449\u0438\u0446.<\/p>\n<p><b>\u0424\u0443\u043d\u043a\u0446\u0438\u0438:<\/b><b><\/b><\/p>\n<p>-\u0418\u0437\u0433\u043e\u0442\u043e\u0432\u043b\u0435\u043d \u0438\u0437 \u043f\u0440\u043e\u0447\u043d\u043e\u0433\u043e \u043c\u0435\u0442\u0430\u043b\u043b\u0430<\/p>\n<p>-\u0423\u0434\u043e\u0431\u043d\u043e \u0434\u043b\u044f \u043f\u0435\u0440\u0435\u043c\u0435\u0449\u0435\u043d\u0438\u044f \u0438 \u0445\u0440\u0430\u043d\u0435\u043d\u0438\u044f \u043f\u0435\u0442\u0435\u043b\u044c<\/p>\n<p>-\u041e\u0431\u0435\u0441\u043f\u0435\u0447\u0438\u0432\u0430\u0435\u0442 \u043d\u0430\u0434\u0435\u0436\u043d\u0443\u044e \u0444\u0438\u043a\u0441\u0430\u0446\u0438\u044e \u0432\u044f\u0437\u0430\u043d\u043e\u0433\u043e \u0438\u0437\u0434\u0435\u043b\u0438\u044f<\/p>\n<p>-\u041b\u0435\u0433\u043a\u0438\u0439 \u0438 \u043a\u043e\u043c\u043f\u0430\u043a\u0442\u043d\u044b\u0439 - \u0443\u0434\u043e\u0431\u043d\u043e \u043d\u043e\u0441\u0438\u0442\u044c \u0432 \u0441\u0443\u043c\u043a\u0435 \u0434\u043b\u044f \u0432\u044f\u0437\u0430\u043d\u0438\u044f<\/p>\n<p><b>\u041f\u0440\u043e\u0438\u0437\u0432\u043e\u0434\u0438\u0442\u0435\u043b\u044c:<\/b> Addi  (\u0413\u0435\u0440\u043c\u0430\u043d\u0438\u044f)<\/p>\n<p><b>\u041a\u043e\u043b\u0438\u0447\u0435\u0441\u0442\u0432\u043e \u0432 \u0443\u043f\u0430\u043a\u043e\u0432\u043a\u0435:<\/b> 2 \u0448\u0442.<\/p>\n<p><b>\u041f\u0440\u0438\u043c\u0435\u0447\u0430\u043d\u0438\u0435:<\/b> \u0426\u0432\u0435\u0442\u043e\u0432\u044b\u0435 \u043e\u0442\u0442\u0435\u043d\u043a\u0438 \u043c\u043e\u0433\u0443\u0442 \u043d\u0435\u0437\u043d\u0430\u0447\u0438\u0442\u0435\u043b\u044c\u043d\u043e \u043e\u0442\u043b\u0438\u0447\u0430\u0442\u044c\u0441\u044f \u0432 \u0437\u0430\u0432\u0438\u0441\u0438\u043c\u043e\u0441\u0442\u0438 \u043e\u0442 \u044d\u043a\u0440\u0430\u043d\u0430 \u0432\u0430\u0448\u0435\u0433\u043e \u0443\u0441\u0442\u0440\u043e\u0439\u0441\u0442\u0432\u0430.<\/p>","protected":false},"excerpt":{"rendered":"<p>Patogus ir kokybi\u0161kas Addi aki\u0173 laikiklis (vok. Maschenraffer) \u2013 nepakei\u010diamas pagalbininkas mezgant. Jis padeda saugiai perkelti ar laikinai laikyti akis, kai reikia sustabdyti mezgimo darb\u0105 ar atlikti detali\u0173 jungim\u0105. Tvirtas ir patogus naudoti, \u0161is laikiklis u\u017etikrina, kad akys nei\u0161slys ir darbas i\u0161likt\u0173 tvarkingas. Puikiai tinka tiek pradedan\u010diosioms, tiek patyrusioms mezg\u0117joms. Savyb\u0117s: \u2022Pagamintas i\u0161 patvaraus metalo [&hellip;]<\/p>\n","protected":false},"featured_media":7105,"comment_status":"open","ping_status":"closed","template":"","meta":{"_acf_changed":false},"product_brand":[786],"product_cat":[15,1350,20],"product_tag":[],"pro-kategorijos":[],"class_list":{"0":"post-7102","1":"product","2":"type-product","3":"status-publish","4":"has-post-thumbnail","6":"product_brand-addi","7":"product_cat-visi-produktai","8":"product_cat-laikikliai","9":"product_cat-priedai-mezgimui","11":"first","12":"instock","13":"shipping-taxable","14":"purchasable","15":"product-type-simple"},"acf":[],"yoast_head":"<!-- This site is optimized with the Yoast SEO plugin v26.8 - https:\/\/yoast.com\/product\/yoast-seo-wordpress\/ -->\n<title>Addi aki\u0173 laikiklis - Happyinaknit.com<\/title>\n<meta name=\"robots\" content=\"index, follow, max-snippet:-1, max-image-preview:large, max-video-preview:-1\" \/>\n<link rel=\"canonical\" href=\"https:\/\/happyinaknit.com\/ru\/product\/addi-akiu-laikiklis\/\" \/>\n<meta property=\"og:locale\" content=\"ru_RU\" \/>\n<meta property=\"og:type\" content=\"article\" \/>\n<meta property=\"og:title\" content=\"Addi aki\u0173 laikiklis - Happyinaknit.com\" \/>\n<meta property=\"og:description\" content=\"Patogus ir kokybi\u0161kas Addi aki\u0173 laikiklis (vok. Maschenraffer) \u2013 nepakei\u010diamas pagalbininkas mezgant. Jis padeda saugiai perkelti ar laikinai laikyti akis, kai reikia sustabdyti mezgimo darb\u0105 ar atlikti detali\u0173 jungim\u0105. Tvirtas ir patogus naudoti, \u0161is laikiklis u\u017etikrina, kad akys nei\u0161slys ir darbas i\u0161likt\u0173 tvarkingas. Puikiai tinka tiek pradedan\u010diosioms, tiek patyrusioms mezg\u0117joms. Savyb\u0117s: \u2022Pagamintas i\u0161 patvaraus metalo [&hellip;]\" \/>\n<meta property=\"og:url\" content=\"https:\/\/happyinaknit.com\/ru\/product\/addi-akiu-laikiklis\/\" \/>\n<meta property=\"og:site_name\" content=\"Happyinaknit.com\" \/>\n<meta property=\"article:modified_time\" content=\"2026-04-06T17:06:11+00:00\" \/>\n<meta property=\"og:image\" content=\"https:\/\/happyinaknit.com\/wp-content\/uploads\/2025\/10\/182-7.jpg\" \/>\n\t<meta property=\"og:image:width\" content=\"1000\" \/>\n\t<meta property=\"og:image:height\" content=\"1000\" \/>\n\t<meta property=\"og:image:type\" content=\"image\/jpeg\" \/>\n<meta name=\"twitter:card\" content=\"summary_large_image\" \/>\n<meta name=\"twitter:label1\" content=\"\u041f\u0440\u0438\u043c\u0435\u0440\u043d\u043e\u0435 \u0432\u0440\u0435\u043c\u044f \u0434\u043b\u044f \u0447\u0442\u0435\u043d\u0438\u044f\" \/>\n\t<meta name=\"twitter:data1\" content=\"1 \u043c\u0438\u043d\u0443\u0442\u0430\" \/>\n<script type=\"application\/ld+json\" class=\"yoast-schema-graph\">{\"@context\":\"https:\/\/schema.org\",\"@graph\":[{\"@type\":\"WebPage\",\"@id\":\"https:\/\/happyinaknit.com\/produktas\/addi-akiu-laikiklis\/\",\"url\":\"https:\/\/happyinaknit.com\/produktas\/addi-akiu-laikiklis\/\",\"name\":\"Addi aki\u0173 laikiklis - Happyinaknit.com\",\"isPartOf\":{\"@id\":\"https:\/\/happyinaknit.com\/lt\/#website\"},\"primaryImageOfPage\":{\"@id\":\"https:\/\/happyinaknit.com\/produktas\/addi-akiu-laikiklis\/#primaryimage\"},\"image\":{\"@id\":\"https:\/\/happyinaknit.com\/produktas\/addi-akiu-laikiklis\/#primaryimage\"},\"thumbnailUrl\":\"https:\/\/happyinaknit.com\/wp-content\/uploads\/2025\/10\/182-7.jpg\",\"datePublished\":\"2025-10-28T14:14:58+00:00\",\"dateModified\":\"2026-04-06T17:06:11+00:00\",\"breadcrumb\":{\"@id\":\"https:\/\/happyinaknit.com\/produktas\/addi-akiu-laikiklis\/#breadcrumb\"},\"inLanguage\":\"ru-RU\",\"potentialAction\":[{\"@type\":\"ReadAction\",\"target\":[\"https:\/\/happyinaknit.com\/produktas\/addi-akiu-laikiklis\/\"]}]},{\"@type\":\"ImageObject\",\"inLanguage\":\"ru-RU\",\"@id\":\"https:\/\/happyinaknit.com\/produktas\/addi-akiu-laikiklis\/#primaryimage\",\"url\":\"https:\/\/happyinaknit.com\/wp-content\/uploads\/2025\/10\/182-7.jpg\",\"contentUrl\":\"https:\/\/happyinaknit.com\/wp-content\/uploads\/2025\/10\/182-7.jpg\",\"width\":1000,\"height\":1000},{\"@type\":\"BreadcrumbList\",\"@id\":\"https:\/\/happyinaknit.com\/produktas\/addi-akiu-laikiklis\/#breadcrumb\",\"itemListElement\":[{\"@type\":\"ListItem\",\"position\":1,\"name\":\"Home\",\"item\":\"https:\/\/happyinaknit.com\/lt\/\"},{\"@type\":\"ListItem\",\"position\":2,\"name\":\"Parduotuv\u0117\",\"item\":\"https:\/\/happyinaknit.com\/lt\/parduotuve\/\"},{\"@type\":\"ListItem\",\"position\":3,\"name\":\"Addi aki\u0173 laikiklis\"}]},{\"@type\":\"WebSite\",\"@id\":\"https:\/\/happyinaknit.com\/lt\/#website\",\"url\":\"https:\/\/happyinaknit.com\/lt\/\",\"name\":\"Happyinaknit.com\",\"description\":\"\",\"potentialAction\":[{\"@type\":\"SearchAction\",\"target\":{\"@type\":\"EntryPoint\",\"urlTemplate\":\"https:\/\/happyinaknit.com\/lt\/?s={search_term_string}\"},\"query-input\":{\"@type\":\"PropertyValueSpecification\",\"valueRequired\":true,\"valueName\":\"search_term_string\"}}],\"inLanguage\":\"ru-RU\"}]}<\/script>\n<!-- \/ Yoast SEO plugin. -->","yoast_head_json":{"title":"Addi aki\u0173 laikiklis - Happyinaknit.com","robots":{"index":"index","follow":"follow","max-snippet":"max-snippet:-1","max-image-preview":"max-image-preview:large","max-video-preview":"max-video-preview:-1"},"canonical":"https:\/\/happyinaknit.com\/ru\/product\/addi-akiu-laikiklis\/","og_locale":"ru_RU","og_type":"article","og_title":"Addi aki\u0173 laikiklis - Happyinaknit.com","og_description":"Patogus ir kokybi\u0161kas Addi aki\u0173 laikiklis (vok. Maschenraffer) \u2013 nepakei\u010diamas pagalbininkas mezgant. Jis padeda saugiai perkelti ar laikinai laikyti akis, kai reikia sustabdyti mezgimo darb\u0105 ar atlikti detali\u0173 jungim\u0105. Tvirtas ir patogus naudoti, \u0161is laikiklis u\u017etikrina, kad akys nei\u0161slys ir darbas i\u0161likt\u0173 tvarkingas. Puikiai tinka tiek pradedan\u010diosioms, tiek patyrusioms mezg\u0117joms. Savyb\u0117s: \u2022Pagamintas i\u0161 patvaraus metalo [&hellip;]","og_url":"https:\/\/happyinaknit.com\/ru\/product\/addi-akiu-laikiklis\/","og_site_name":"Happyinaknit.com","article_modified_time":"2026-04-06T17:06:11+00:00","og_image":[{"width":1000,"height":1000,"url":"https:\/\/happyinaknit.com\/wp-content\/uploads\/2025\/10\/182-7.jpg","type":"image\/jpeg"}],"twitter_card":"summary_large_image","twitter_misc":{"\u041f\u0440\u0438\u043c\u0435\u0440\u043d\u043e\u0435 \u0432\u0440\u0435\u043c\u044f \u0434\u043b\u044f \u0447\u0442\u0435\u043d\u0438\u044f":"1 \u043c\u0438\u043d\u0443\u0442\u0430"},"schema":{"@context":"https:\/\/schema.org","@graph":[{"@type":"WebPage","@id":"https:\/\/happyinaknit.com\/produktas\/addi-akiu-laikiklis\/","url":"https:\/\/happyinaknit.com\/produktas\/addi-akiu-laikiklis\/","name":"Addi aki\u0173 laikiklis - Happyinaknit.com","isPartOf":{"@id":"https:\/\/happyinaknit.com\/lt\/#website"},"primaryImageOfPage":{"@id":"https:\/\/happyinaknit.com\/produktas\/addi-akiu-laikiklis\/#primaryimage"},"image":{"@id":"https:\/\/happyinaknit.com\/produktas\/addi-akiu-laikiklis\/#primaryimage"},"thumbnailUrl":"https:\/\/happyinaknit.com\/wp-content\/uploads\/2025\/10\/182-7.jpg","datePublished":"2025-10-28T14:14:58+00:00","dateModified":"2026-04-06T17:06:11+00:00","breadcrumb":{"@id":"https:\/\/happyinaknit.com\/produktas\/addi-akiu-laikiklis\/#breadcrumb"},"inLanguage":"ru-RU","potentialAction":[{"@type":"ReadAction","target":["https:\/\/happyinaknit.com\/produktas\/addi-akiu-laikiklis\/"]}]},{"@type":"ImageObject","inLanguage":"ru-RU","@id":"https:\/\/happyinaknit.com\/produktas\/addi-akiu-laikiklis\/#primaryimage","url":"https:\/\/happyinaknit.com\/wp-content\/uploads\/2025\/10\/182-7.jpg","contentUrl":"https:\/\/happyinaknit.com\/wp-content\/uploads\/2025\/10\/182-7.jpg","width":1000,"height":1000},{"@type":"BreadcrumbList","@id":"https:\/\/happyinaknit.com\/produktas\/addi-akiu-laikiklis\/#breadcrumb","itemListElement":[{"@type":"ListItem","position":1,"name":"Home","item":"https:\/\/happyinaknit.com\/lt\/"},{"@type":"ListItem","position":2,"name":"Parduotuv\u0117","item":"https:\/\/happyinaknit.com\/lt\/parduotuve\/"},{"@type":"ListItem","position":3,"name":"Addi aki\u0173 laikiklis"}]},{"@type":"WebSite","@id":"https:\/\/happyinaknit.com\/lt\/#website","url":"https:\/\/happyinaknit.com\/lt\/","name":"Happyinaknit.com","description":"","potentialAction":[{"@type":"SearchAction","target":{"@type":"EntryPoint","urlTemplate":"https:\/\/happyinaknit.com\/lt\/?s={search_term_string}"},"query-input":{"@type":"PropertyValueSpecification","valueRequired":true,"valueName":"search_term_string"}}],"inLanguage":"ru-RU"}]}},"_links":{"self":[{"href":"https:\/\/happyinaknit.com\/ru\/wp-json\/wp\/v2\/product\/7102","targetHints":{"allow":["GET"]}}],"collection":[{"href":"https:\/\/happyinaknit.com\/ru\/wp-json\/wp\/v2\/product"}],"about":[{"href":"https:\/\/happyinaknit.com\/ru\/wp-json\/wp\/v2\/types\/product"}],"replies":[{"embeddable":true,"href":"https:\/\/happyinaknit.com\/ru\/wp-json\/wp\/v2\/comments?post=7102"}],"wp:featuredmedia":[{"embeddable":true,"href":"https:\/\/happyinaknit.com\/ru\/wp-json\/wp\/v2\/media\/7105"}],"wp:attachment":[{"href":"https:\/\/happyinaknit.com\/ru\/wp-json\/wp\/v2\/media?parent=7102"}],"wp:term":[{"taxonomy":"product_brand","embeddable":true,"href":"https:\/\/happyinaknit.com\/ru\/wp-json\/wp\/v2\/product_brand?post=7102"},{"taxonomy":"product_cat","embeddable":true,"href":"https:\/\/happyinaknit.com\/ru\/wp-json\/wp\/v2\/product_cat?post=7102"},{"taxonomy":"product_tag","embeddable":true,"href":"https:\/\/happyinaknit.com\/ru\/wp-json\/wp\/v2\/product_tag?post=7102"},{"taxonomy":"pro-kategorijos","embeddable":true,"href":"https:\/\/happyinaknit.com\/ru\/wp-json\/wp\/v2\/pro-kategorijos?post=7102"}],"curies":[{"name":"wp","href":"https:\/\/api.w.org\/{rel}","templated":true}]}}