{"id":7098,"date":"2025-10-28T13:58:38","date_gmt":"2025-10-28T13:58:38","guid":{"rendered":"https:\/\/happyinaknit.com\/?post_type=product&#038;p=7098"},"modified":"2025-10-28T13:58:38","modified_gmt":"2025-10-28T13:58:38","slug":"addi-premium-virbalai-su-valu-80-cm","status":"publish","type":"product","link":"https:\/\/happyinaknit.com\/ru\/product\/addi-premium-virbalai-su-valu-80-cm\/","title":{"rendered":"Addi Premium \u0441\u043f\u0438\u0446\u044b \u043d\u0430 \u043b\u0435\u0441\u043a\u0435  80 \u0441\u043c"},"content":{"rendered":"<p>\u0412\u044b\u0441\u043e\u043a\u043e\u043a\u0430\u0447\u0435\u0441\u0442\u0432\u0435\u043d\u043d\u044b\u0439 <b>Addi Premium<\/b> \u0441\u043f\u0438\u0446\u044b \u043d\u0430 \u043b\u0435\u0441\u043a\u0435  - \u043a\u043b\u0430\u0441\u0441\u0438\u0447\u0435\u0441\u043a\u0438\u0439 \u0432\u044b\u0431\u043e\u0440 \u043a\u0430\u043a \u0434\u043b\u044f \u043d\u0430\u0447\u0438\u043d\u0430\u044e\u0449\u0438\u0445, \u0442\u0430\u043a \u0438 \u0434\u043b\u044f \u043e\u043f\u044b\u0442\u043d\u044b\u0445 \u0432\u044f\u0437\u0430\u043b\u044c\u0449\u0438\u0446. \u0413\u043b\u0430\u0434\u043a\u0438\u0435 \u043b\u0430\u0442\u0443\u043d\u043d\u044b\u0435 \u043d\u0430\u043a\u043e\u043d\u0435\u0447\u043d\u0438\u043a\u0438 \u0438 \u0433\u0438\u0431\u043a\u0430\u044f \u043b\u0435\u0441\u043a\u0430 \u043e\u0431\u0435\u0441\u043f\u0435\u0447\u0438\u0432\u0430\u044e\u0442 \u043f\u043b\u0430\u0432\u043d\u043e\u0435 \u0441\u043a\u043e\u043b\u044c\u0436\u0435\u043d\u0438\u0435 \u0438 \u043f\u0440\u0438\u044f\u0442\u043d\u043e\u0435 \u043e\u0449\u0443\u0449\u0435\u043d\u0438\u0435 \u043e\u0442 \u0432\u044f\u0437\u0430\u043d\u0438\u044f. \u041f\u0440\u043e\u0447\u043d\u043e\u0435 \u0441\u043e\u0435\u0434\u0438\u043d\u0435\u043d\u0438\u0435 \u043c\u0435\u0436\u0434\u0443 \u0441\u043f\u0438\u0446\u0430\u043c\u0438  \u043e\u0431\u0435\u0441\u043f\u0435\u0447\u0438\u0432\u0430\u0435\u0442 \u043a\u043e\u043c\u0444\u043e\u0440\u0442\u043d\u0443\u044e \u0440\u0430\u0431\u043e\u0442\u0443 \u0431\u0435\u0437 \u0437\u0430\u0446\u0435\u043f\u043e\u043a.<\/p>\n<p>\u0418\u0434\u0435\u0430\u043b\u044c\u043d\u043e \u043f\u043e\u0434\u0445\u043e\u0434\u0438\u0442 \u0434\u043b\u044f \u0432\u044f\u0437\u0430\u043d\u0438\u044f \u0441\u0432\u0438\u0442\u0435\u0440\u043e\u0432, \u0448\u0430\u0440\u0444\u043e\u0432, \u0448\u0430\u043f\u043e\u043a \u0438 \u043b\u044e\u0431\u044b\u0445 \u0434\u0440\u0443\u0433\u0438\u0445 \u043f\u0440\u043e\u0435\u043a\u0442\u043e\u0432, \u0442\u0440\u0435\u0431\u0443\u044e\u0449\u0438\u0445 \u0431\u043e\u043b\u0435\u0435 \u0434\u043b\u0438\u0442\u0435\u043b\u044c\u043d\u043e\u0439 \u043b\u0435\u0441\u043a\u0438<\/p>\n<p><b>\u0424\u0443\u043d\u043a\u0446\u0438\u0438:<\/b><b><\/b><\/p>\n<p>-\u0413\u043b\u0430\u0434\u043a\u0438\u0435 \u043b\u0430\u0442\u0443\u043d\u043d\u044b\u0435 \u043d\u0430\u043a\u043e\u043d\u0435\u0447\u043d\u0438\u043a\u0438<\/p>\n<p>-\u0413\u0438\u0431\u043a\u0430\u044f, \u043f\u0440\u043e\u0447\u043d\u0430\u044f \u043b\u0435\u0441\u043a\u0430<\/p>\n<p>-\u041f\u0440\u043e\u0447\u043d\u043e\u0435 \u0438 \u0433\u043b\u0430\u0434\u043a\u043e\u0435 \u0441\u043e\u0435\u0434\u0438\u043d\u0435\u043d\u0438\u0435<\/p>\n<p>-\u0427\u0440\u0435\u0437\u0432\u044b\u0447\u0430\u0439\u043d\u043e \u0443\u0434\u043e\u0431\u0435\u043d \u0434\u043b\u044f \u0434\u043b\u0438\u0442\u0435\u043b\u044c\u043d\u044b\u0445 \u043f\u0440\u043e\u0435\u043a\u0442\u043e\u0432<\/p>\n<p><b>\u041e\u0431\u0449\u0430\u044f \u0434\u043b\u0438\u043d\u0430:<\/b> 80 \u0441\u043c<\/p>\n<p><b>\u041f\u0440\u0438\u043c\u0435\u0447\u0430\u043d\u0438\u0435:<\/b> \u0426\u0432\u0435\u0442\u043e\u0432\u044b\u0435 \u043e\u0442\u0442\u0435\u043d\u043a\u0438 \u043c\u043e\u0433\u0443\u0442 \u043d\u0435\u0437\u043d\u0430\u0447\u0438\u0442\u0435\u043b\u044c\u043d\u043e \u043e\u0442\u043b\u0438\u0447\u0430\u0442\u044c\u0441\u044f \u0432 \u0437\u0430\u0432\u0438\u0441\u0438\u043c\u043e\u0441\u0442\u0438 \u043e\u0442 \u044d\u043a\u0440\u0430\u043d\u0430 \u0432\u0430\u0448\u0435\u0433\u043e \u0443\u0441\u0442\u0440\u043e\u0439\u0441\u0442\u0432\u0430.<\/p>","protected":false},"excerpt":{"rendered":"<p>Auk\u0161tos kokyb\u0117s Addi Premium virbalai su valu \u2013 klasikinis pasirinkimas tiek pradedan\u010diosioms, tiek patyrusioms mezg\u0117joms. Glotn\u016bs \u017ealvariniai galiukai ir itin lankstus valas u\u017etikrina tolyg\u0173 aki\u0173 slydim\u0105 ir malon\u0173 mezgimo poj\u016bt\u012f. Tvirtas sujungimas tarp virbal\u0173 ir valo garantuoja patog\u0173 darb\u0105 be u\u017esikabinim\u0173. Puikiai tinka megzti megztinius, \u0161alikus, kepures ar bet kokius projektus, kuriems reikalingas ilgesnis valas. [&hellip;]<\/p>\n","protected":false},"featured_media":7100,"comment_status":"open","ping_status":"closed","template":"","meta":{"_acf_changed":false},"product_brand":[786],"product_cat":[15,19,862],"product_tag":[],"pro-kategorijos":[],"class_list":{"0":"post-7098","1":"product","2":"type-product","3":"status-publish","4":"has-post-thumbnail","6":"product_brand-addi","7":"product_cat-visi-produktai","8":"product_cat-mezgimo-priemones","9":"product_cat-virbalai-su-valu","11":"first","12":"instock","13":"shipping-taxable","14":"purchasable","15":"product-type-variable"},"acf":[],"yoast_head":"<!-- This site is optimized with the Yoast SEO plugin v26.8 - https:\/\/yoast.com\/product\/yoast-seo-wordpress\/ -->\n<title>Addi Premium virbalai su valu 80 cm - Happyinaknit.com<\/title>\n<meta name=\"robots\" content=\"index, follow, max-snippet:-1, max-image-preview:large, max-video-preview:-1\" \/>\n<link rel=\"canonical\" href=\"https:\/\/happyinaknit.com\/ru\/product\/addi-premium-virbalai-su-valu-80-cm\/\" \/>\n<meta property=\"og:locale\" content=\"ru_RU\" \/>\n<meta property=\"og:type\" content=\"article\" \/>\n<meta property=\"og:title\" content=\"Addi Premium virbalai su valu 80 cm - Happyinaknit.com\" \/>\n<meta property=\"og:description\" content=\"Auk\u0161tos kokyb\u0117s Addi Premium virbalai su valu \u2013 klasikinis pasirinkimas tiek pradedan\u010diosioms, tiek patyrusioms mezg\u0117joms. Glotn\u016bs \u017ealvariniai galiukai ir itin lankstus valas u\u017etikrina tolyg\u0173 aki\u0173 slydim\u0105 ir malon\u0173 mezgimo poj\u016bt\u012f. Tvirtas sujungimas tarp virbal\u0173 ir valo garantuoja patog\u0173 darb\u0105 be u\u017esikabinim\u0173. Puikiai tinka megzti megztinius, \u0161alikus, kepures ar bet kokius projektus, kuriems reikalingas ilgesnis valas. [&hellip;]\" \/>\n<meta property=\"og:url\" content=\"https:\/\/happyinaknit.com\/ru\/product\/addi-premium-virbalai-su-valu-80-cm\/\" \/>\n<meta property=\"og:site_name\" content=\"Happyinaknit.com\" \/>\n<meta property=\"og:image\" content=\"https:\/\/happyinaknit.com\/wp-content\/uploads\/2025\/10\/large_ADDI_\u043a\u0440\u0443\u0433\u043e\u0432\u044b\u0435_\u0441\u043f\u0438\u0446\u044b.jpg\" \/>\n\t<meta property=\"og:image:width\" content=\"480\" \/>\n\t<meta property=\"og:image:height\" content=\"480\" \/>\n\t<meta property=\"og:image:type\" content=\"image\/jpeg\" \/>\n<meta name=\"twitter:card\" content=\"summary_large_image\" \/>\n<script type=\"application\/ld+json\" class=\"yoast-schema-graph\">{\"@context\":\"https:\/\/schema.org\",\"@graph\":[{\"@type\":\"WebPage\",\"@id\":\"https:\/\/happyinaknit.com\/produktas\/addi-premium-virbalai-su-valu-80-cm\/\",\"url\":\"https:\/\/happyinaknit.com\/produktas\/addi-premium-virbalai-su-valu-80-cm\/\",\"name\":\"Addi Premium virbalai su valu 80 cm - Happyinaknit.com\",\"isPartOf\":{\"@id\":\"https:\/\/happyinaknit.com\/lt\/#website\"},\"primaryImageOfPage\":{\"@id\":\"https:\/\/happyinaknit.com\/produktas\/addi-premium-virbalai-su-valu-80-cm\/#primaryimage\"},\"image\":{\"@id\":\"https:\/\/happyinaknit.com\/produktas\/addi-premium-virbalai-su-valu-80-cm\/#primaryimage\"},\"thumbnailUrl\":\"https:\/\/happyinaknit.com\/wp-content\/uploads\/2025\/10\/large_ADDI_\u043a\u0440\u0443\u0433\u043e\u0432\u044b\u0435_\u0441\u043f\u0438\u0446\u044b.jpg\",\"datePublished\":\"2025-10-28T13:58:38+00:00\",\"breadcrumb\":{\"@id\":\"https:\/\/happyinaknit.com\/produktas\/addi-premium-virbalai-su-valu-80-cm\/#breadcrumb\"},\"inLanguage\":\"ru-RU\",\"potentialAction\":[{\"@type\":\"ReadAction\",\"target\":[\"https:\/\/happyinaknit.com\/produktas\/addi-premium-virbalai-su-valu-80-cm\/\"]}]},{\"@type\":\"ImageObject\",\"inLanguage\":\"ru-RU\",\"@id\":\"https:\/\/happyinaknit.com\/produktas\/addi-premium-virbalai-su-valu-80-cm\/#primaryimage\",\"url\":\"https:\/\/happyinaknit.com\/wp-content\/uploads\/2025\/10\/large_ADDI_\u043a\u0440\u0443\u0433\u043e\u0432\u044b\u0435_\u0441\u043f\u0438\u0446\u044b.jpg\",\"contentUrl\":\"https:\/\/happyinaknit.com\/wp-content\/uploads\/2025\/10\/large_ADDI_\u043a\u0440\u0443\u0433\u043e\u0432\u044b\u0435_\u0441\u043f\u0438\u0446\u044b.jpg\",\"width\":480,\"height\":480},{\"@type\":\"BreadcrumbList\",\"@id\":\"https:\/\/happyinaknit.com\/produktas\/addi-premium-virbalai-su-valu-80-cm\/#breadcrumb\",\"itemListElement\":[{\"@type\":\"ListItem\",\"position\":1,\"name\":\"Home\",\"item\":\"https:\/\/happyinaknit.com\/lt\/\"},{\"@type\":\"ListItem\",\"position\":2,\"name\":\"Parduotuv\u0117\",\"item\":\"https:\/\/happyinaknit.com\/lt\/parduotuve\/\"},{\"@type\":\"ListItem\",\"position\":3,\"name\":\"Addi Premium virbalai su valu 80 cm\"}]},{\"@type\":\"WebSite\",\"@id\":\"https:\/\/happyinaknit.com\/lt\/#website\",\"url\":\"https:\/\/happyinaknit.com\/lt\/\",\"name\":\"Happyinaknit.com\",\"description\":\"\",\"potentialAction\":[{\"@type\":\"SearchAction\",\"target\":{\"@type\":\"EntryPoint\",\"urlTemplate\":\"https:\/\/happyinaknit.com\/lt\/?s={search_term_string}\"},\"query-input\":{\"@type\":\"PropertyValueSpecification\",\"valueRequired\":true,\"valueName\":\"search_term_string\"}}],\"inLanguage\":\"ru-RU\"}]}<\/script>\n<!-- \/ Yoast SEO plugin. -->","yoast_head_json":{"title":"Addi Premium virbalai su valu 80 cm - Happyinaknit.com","robots":{"index":"index","follow":"follow","max-snippet":"max-snippet:-1","max-image-preview":"max-image-preview:large","max-video-preview":"max-video-preview:-1"},"canonical":"https:\/\/happyinaknit.com\/ru\/product\/addi-premium-virbalai-su-valu-80-cm\/","og_locale":"ru_RU","og_type":"article","og_title":"Addi Premium virbalai su valu 80 cm - Happyinaknit.com","og_description":"Auk\u0161tos kokyb\u0117s Addi Premium virbalai su valu \u2013 klasikinis pasirinkimas tiek pradedan\u010diosioms, tiek patyrusioms mezg\u0117joms. Glotn\u016bs \u017ealvariniai galiukai ir itin lankstus valas u\u017etikrina tolyg\u0173 aki\u0173 slydim\u0105 ir malon\u0173 mezgimo poj\u016bt\u012f. Tvirtas sujungimas tarp virbal\u0173 ir valo garantuoja patog\u0173 darb\u0105 be u\u017esikabinim\u0173. Puikiai tinka megzti megztinius, \u0161alikus, kepures ar bet kokius projektus, kuriems reikalingas ilgesnis valas. [&hellip;]","og_url":"https:\/\/happyinaknit.com\/ru\/product\/addi-premium-virbalai-su-valu-80-cm\/","og_site_name":"Happyinaknit.com","og_image":[{"width":480,"height":480,"url":"https:\/\/happyinaknit.com\/wp-content\/uploads\/2025\/10\/large_ADDI_\u043a\u0440\u0443\u0433\u043e\u0432\u044b\u0435_\u0441\u043f\u0438\u0446\u044b.jpg","type":"image\/jpeg"}],"twitter_card":"summary_large_image","schema":{"@context":"https:\/\/schema.org","@graph":[{"@type":"WebPage","@id":"https:\/\/happyinaknit.com\/produktas\/addi-premium-virbalai-su-valu-80-cm\/","url":"https:\/\/happyinaknit.com\/produktas\/addi-premium-virbalai-su-valu-80-cm\/","name":"Addi Premium virbalai su valu 80 cm - Happyinaknit.com","isPartOf":{"@id":"https:\/\/happyinaknit.com\/lt\/#website"},"primaryImageOfPage":{"@id":"https:\/\/happyinaknit.com\/produktas\/addi-premium-virbalai-su-valu-80-cm\/#primaryimage"},"image":{"@id":"https:\/\/happyinaknit.com\/produktas\/addi-premium-virbalai-su-valu-80-cm\/#primaryimage"},"thumbnailUrl":"https:\/\/happyinaknit.com\/wp-content\/uploads\/2025\/10\/large_ADDI_\u043a\u0440\u0443\u0433\u043e\u0432\u044b\u0435_\u0441\u043f\u0438\u0446\u044b.jpg","datePublished":"2025-10-28T13:58:38+00:00","breadcrumb":{"@id":"https:\/\/happyinaknit.com\/produktas\/addi-premium-virbalai-su-valu-80-cm\/#breadcrumb"},"inLanguage":"ru-RU","potentialAction":[{"@type":"ReadAction","target":["https:\/\/happyinaknit.com\/produktas\/addi-premium-virbalai-su-valu-80-cm\/"]}]},{"@type":"ImageObject","inLanguage":"ru-RU","@id":"https:\/\/happyinaknit.com\/produktas\/addi-premium-virbalai-su-valu-80-cm\/#primaryimage","url":"https:\/\/happyinaknit.com\/wp-content\/uploads\/2025\/10\/large_ADDI_\u043a\u0440\u0443\u0433\u043e\u0432\u044b\u0435_\u0441\u043f\u0438\u0446\u044b.jpg","contentUrl":"https:\/\/happyinaknit.com\/wp-content\/uploads\/2025\/10\/large_ADDI_\u043a\u0440\u0443\u0433\u043e\u0432\u044b\u0435_\u0441\u043f\u0438\u0446\u044b.jpg","width":480,"height":480},{"@type":"BreadcrumbList","@id":"https:\/\/happyinaknit.com\/produktas\/addi-premium-virbalai-su-valu-80-cm\/#breadcrumb","itemListElement":[{"@type":"ListItem","position":1,"name":"Home","item":"https:\/\/happyinaknit.com\/lt\/"},{"@type":"ListItem","position":2,"name":"Parduotuv\u0117","item":"https:\/\/happyinaknit.com\/lt\/parduotuve\/"},{"@type":"ListItem","position":3,"name":"Addi Premium virbalai su valu 80 cm"}]},{"@type":"WebSite","@id":"https:\/\/happyinaknit.com\/lt\/#website","url":"https:\/\/happyinaknit.com\/lt\/","name":"Happyinaknit.com","description":"","potentialAction":[{"@type":"SearchAction","target":{"@type":"EntryPoint","urlTemplate":"https:\/\/happyinaknit.com\/lt\/?s={search_term_string}"},"query-input":{"@type":"PropertyValueSpecification","valueRequired":true,"valueName":"search_term_string"}}],"inLanguage":"ru-RU"}]}},"_links":{"self":[{"href":"https:\/\/happyinaknit.com\/ru\/wp-json\/wp\/v2\/product\/7098","targetHints":{"allow":["GET"]}}],"collection":[{"href":"https:\/\/happyinaknit.com\/ru\/wp-json\/wp\/v2\/product"}],"about":[{"href":"https:\/\/happyinaknit.com\/ru\/wp-json\/wp\/v2\/types\/product"}],"replies":[{"embeddable":true,"href":"https:\/\/happyinaknit.com\/ru\/wp-json\/wp\/v2\/comments?post=7098"}],"wp:featuredmedia":[{"embeddable":true,"href":"https:\/\/happyinaknit.com\/ru\/wp-json\/wp\/v2\/media\/7100"}],"wp:attachment":[{"href":"https:\/\/happyinaknit.com\/ru\/wp-json\/wp\/v2\/media?parent=7098"}],"wp:term":[{"taxonomy":"product_brand","embeddable":true,"href":"https:\/\/happyinaknit.com\/ru\/wp-json\/wp\/v2\/product_brand?post=7098"},{"taxonomy":"product_cat","embeddable":true,"href":"https:\/\/happyinaknit.com\/ru\/wp-json\/wp\/v2\/product_cat?post=7098"},{"taxonomy":"product_tag","embeddable":true,"href":"https:\/\/happyinaknit.com\/ru\/wp-json\/wp\/v2\/product_tag?post=7098"},{"taxonomy":"pro-kategorijos","embeddable":true,"href":"https:\/\/happyinaknit.com\/ru\/wp-json\/wp\/v2\/pro-kategorijos?post=7098"}],"curies":[{"name":"wp","href":"https:\/\/api.w.org\/{rel}","templated":true}]}}