{"id":7092,"date":"2025-10-28T12:50:44","date_gmt":"2025-10-28T12:50:44","guid":{"rendered":"https:\/\/happyinaknit.com\/?post_type=product&#038;p=7092"},"modified":"2026-04-14T18:27:07","modified_gmt":"2026-04-14T18:27:07","slug":"lantern-moon-vaselis-taisymui","status":"publish","type":"product","link":"https:\/\/happyinaknit.com\/ru\/product\/lantern-moon-vaselis-taisymui\/","title":{"rendered":"Lantern Moon \u043a\u0440\u044e\u0447\u043e\u043a  \u0434\u043b\u044f \u0440\u0435\u043c\u043e\u043d\u0442\u0430"},"content":{"rendered":"<p>\u042d\u043b\u0435\u0433\u0430\u043d\u0442\u043d\u044b\u0439 \u0438 \u0444\u0443\u043d\u043a\u0446\u0438\u043e\u043d\u0430\u043b\u044c\u043d\u044b\u0439 Lantern Moon \u043a\u0440\u044e\u0447\u043e\u043a\u0434\u043b\u044f \u0440\u0435\u043c\u043e\u043d\u0442\u0430  \u0438\u0437\u0433\u043e\u0442\u043e\u0432\u043b\u0435\u043d \u0438\u0437 \u0432\u044b\u0441\u043e\u043a\u043e\u043a\u0430\u0447\u0435\u0441\u0442\u0432\u0435\u043d\u043d\u043e\u0433\u043e \u044d\u0431\u0435\u043d\u043e\u0432\u043e\u0433\u043e \u0434\u0435\u0440\u0435\u0432\u0430. \u042d\u0442\u043e \u043d\u0435\u0437\u0430\u043c\u0435\u043d\u0438\u043c\u044b\u0439 \u0438\u043d\u0441\u0442\u0440\u0443\u043c\u0435\u043d\u0442 \u0434\u043b\u044f \u043a\u0430\u0436\u0434\u043e\u0439 \u0432\u044f\u0437\u0430\u043b\u044c\u0449\u0438\u0446\u044b - \u0441 \u0435\u0433\u043e \u043f\u043e\u043c\u043e\u0449\u044c\u044e \u043b\u0435\u0433\u043a\u043e \u043f\u043e\u0434\u043d\u044f\u0442\u044c \u043f\u0435\u0442\u043b\u0438,  \u0438\u0441\u043f\u0440\u0430\u0432\u043b\u044f\u0442\u044c \u043e\u0448\u0438\u0431\u043a\u0438 \u0438\u043b\u0438 \u0432\u043d\u0435\u0441\u0442\u0438 \u043d\u0435\u0431\u043e\u043b\u044c\u0448\u0438\u0435 \u043a\u043e\u0440\u0440\u0435\u043a\u0442\u0438\u0432\u044b \u0432 \u0432\u044f\u0437\u0430\u043d\u043e\u0435 \u043f\u043e\u043b\u043e\u0442\u043d\u043e. \u0413\u043b\u0430\u0434\u043a\u0430\u044f, \u0435\u0441\u0442\u0435\u0441\u0442\u0432\u0435\u043d\u043d\u043e \u0442\u0435\u043f\u043b\u0430\u044f \u0442\u0435\u043a\u0441\u0442\u0443\u0440\u0430 \u0434\u0435\u0440\u0435\u0432\u0430 \u043e\u0431\u0435\u0441\u043f\u0435\u0447\u0438\u0432\u0430\u0435\u0442 \u043f\u0440\u0438\u044f\u0442\u043d\u044b\u0435 \u043e\u0449\u0443\u0449\u0435\u043d\u0438\u044f \u0438 \u0442\u043e\u0447\u043d\u043e\u0441\u0442\u044c \u0440\u0430\u0431\u043e\u0442\u044b.<\/p>\n<p><b>\u0424\u0443\u043d\u043a\u0446\u0438\u0438:<\/b><b><\/b><\/p>\n<p>-\u0418\u0437\u0433\u043e\u0442\u043e\u0432\u043b\u0435\u043d \u0438\u0437 \u043d\u0430\u0442\u0443\u0440\u0430\u043b\u044c\u043d\u043e\u0433\u043e \u044d\u0431\u0435\u043d\u043e\u0432\u043e\u0433\u043e \u0434\u0435\u0440\u0435\u0432\u0430<\/p>\n<p>-\u041b\u0435\u0433\u043a\u0438\u0439, \u043f\u0440\u043e\u0447\u043d\u044b\u0439 \u0438 \u043e\u0447\u0435\u043d\u044c \u043f\u0440\u0438\u044f\u0442\u043d\u044b\u0439 \u043d\u0430 \u043e\u0449\u0443\u043f\u044c.<\/p>\n<p>-\u0423\u0434\u043e\u0431\u0435\u043d \u0434\u043b\u044f \u0440\u0435\u043c\u043e\u043d\u0442\u0430 \u0448\u0432\u043e\u0432, \u043f\u043e\u0434\u043d\u044f\u0442\u0438\u044f \u043f\u0435\u0442\u0435\u043b\u044c \u0438\u043b\u0438 \u0437\u0430\u043f\u0440\u0430\u0432\u043b\u0435\u043d\u0438\u044f \u043a\u043e\u043d\u0447\u0438\u043a\u043e\u0432 \u043d\u0438\u0442\u0435\u0439<\/p>\n<p>-\u041a\u043e\u043c\u043f\u0430\u043a\u0442\u043d\u044b\u0439 \u0440\u0430\u0437\u043c\u0435\u0440 - \u0438\u0434\u0435\u0430\u043b\u044c\u043d\u043e \u043f\u043e\u0434\u0445\u043e\u0434\u0438\u0442 \u0434\u043b\u044f \u043d\u043e\u0448\u0435\u043d\u0438\u044f \u0432 \u0441\u0443\u043c\u043a\u0435 \u0434\u043b\u044f \u0432\u044f\u0437\u0430\u043d\u0438\u044f<\/p>\n<p><b>\u041f\u0440\u043e\u0438\u0437\u0432\u043e\u0434\u0438\u0442\u0435\u043b\u044c:<\/b> Lantern Moon<\/p>\n<p><b>\u041c\u0430\u0442\u0435\u0440\u0438\u0430\u043b:<\/b> \u0427\u0435\u0440\u043d\u043e\u0435 \u0434\u0435\u0440\u0435\u0432\u043e<\/p>\n<p><b>\u0414\u043b\u0438\u043d\u0430:<\/b> ~10 \u0441\u043c<\/p>\n<p><b>\u041f\u0440\u0438\u043c\u0435\u0447\u0430\u043d\u0438\u0435:<\/b> \u0426\u0432\u0435\u0442\u043e\u0432\u044b\u0435 \u043e\u0442\u0442\u0435\u043d\u043a\u0438 \u043c\u043e\u0433\u0443\u0442 \u043d\u0435\u0437\u043d\u0430\u0447\u0438\u0442\u0435\u043b\u044c\u043d\u043e \u043e\u0442\u043b\u0438\u0447\u0430\u0442\u044c\u0441\u044f \u0432 \u0437\u0430\u0432\u0438\u0441\u0438\u043c\u043e\u0441\u0442\u0438 \u043e\u0442 \u044d\u043a\u0440\u0430\u043d\u0430 \u0432\u0430\u0448\u0435\u0433\u043e \u0443\u0441\u0442\u0440\u043e\u0439\u0441\u0442\u0432\u0430.<\/p>\n<p>&nbsp;<\/p>","protected":false},"excerpt":{"rendered":"<p>Eleganti\u0161kas ir funkcionalus Lantern Moon va\u0161elis taisymui pagamintas i\u0161 auk\u0161tos kokyb\u0117s ebeninio med\u017eio. Tai nepakei\u010diamas \u012frankis kiekvienai mezg\u0117jai \u2013 padeda lengvai pakelti nukritusias akis, pataisyti klaidas ar atlikti smulkius taisymus megztoje med\u017eiagoje. Glotni, nat\u016braliai \u0161ilta med\u017eio tekst\u016bra suteikia malon\u0173 poj\u016bt\u012f ir tiksl\u0173 darb\u0105. Savyb\u0117s: \u2022Pagamintas i\u0161 nat\u016bralaus ebeninio med\u017eio \u2022Lengvas, patvarus ir itin malonus liesti [&hellip;]<\/p>\n","protected":false},"featured_media":7094,"comment_status":"open","ping_status":"closed","template":"","meta":{"_acf_changed":false},"product_brand":[787],"product_cat":[15,52,19,870,20],"product_tag":[],"pro-kategorijos":[],"class_list":{"0":"post-7092","1":"product","2":"type-product","3":"status-publish","4":"has-post-thumbnail","6":"product_brand-lantern-moon","7":"product_cat-visi-produktai","8":"product_cat-kiti-mezgimo-reikmenys","9":"product_cat-mezgimo-priemones","10":"product_cat-nerimo-vaseliai","11":"product_cat-priedai-mezgimui","13":"first","14":"outofstock","15":"shipping-taxable","16":"purchasable","17":"product-type-simple"},"acf":[],"yoast_head":"<!-- This site is optimized with the Yoast SEO plugin v26.8 - https:\/\/yoast.com\/product\/yoast-seo-wordpress\/ -->\n<title>Lantern Moon va\u0161elis taisymui - Happyinaknit.com<\/title>\n<meta name=\"robots\" content=\"index, follow, max-snippet:-1, max-image-preview:large, max-video-preview:-1\" \/>\n<link rel=\"canonical\" href=\"https:\/\/happyinaknit.com\/ru\/product\/lantern-moon-vaselis-taisymui\/\" \/>\n<meta property=\"og:locale\" content=\"ru_RU\" \/>\n<meta property=\"og:type\" content=\"article\" \/>\n<meta property=\"og:title\" content=\"Lantern Moon va\u0161elis taisymui - Happyinaknit.com\" \/>\n<meta property=\"og:description\" content=\"Eleganti\u0161kas ir funkcionalus Lantern Moon va\u0161elis taisymui pagamintas i\u0161 auk\u0161tos kokyb\u0117s ebeninio med\u017eio. Tai nepakei\u010diamas \u012frankis kiekvienai mezg\u0117jai \u2013 padeda lengvai pakelti nukritusias akis, pataisyti klaidas ar atlikti smulkius taisymus megztoje med\u017eiagoje. Glotni, nat\u016braliai \u0161ilta med\u017eio tekst\u016bra suteikia malon\u0173 poj\u016bt\u012f ir tiksl\u0173 darb\u0105. Savyb\u0117s: \u2022Pagamintas i\u0161 nat\u016bralaus ebeninio med\u017eio \u2022Lengvas, patvarus ir itin malonus liesti [&hellip;]\" \/>\n<meta property=\"og:url\" content=\"https:\/\/happyinaknit.com\/ru\/product\/lantern-moon-vaselis-taisymui\/\" \/>\n<meta property=\"og:site_name\" content=\"Happyinaknit.com\" \/>\n<meta property=\"article:modified_time\" content=\"2026-04-14T18:27:07+00:00\" \/>\n<meta property=\"og:image\" content=\"https:\/\/happyinaknit.com\/wp-content\/uploads\/2025\/10\/ProductPhotos1_6_f681a2e5-dc38-41aa-ab08-afb7726af73d.jpg.webp\" \/>\n\t<meta property=\"og:image:width\" content=\"1200\" \/>\n\t<meta property=\"og:image:height\" content=\"1200\" \/>\n\t<meta property=\"og:image:type\" content=\"image\/webp\" \/>\n<meta name=\"twitter:card\" content=\"summary_large_image\" \/>\n<meta name=\"twitter:label1\" content=\"\u041f\u0440\u0438\u043c\u0435\u0440\u043d\u043e\u0435 \u0432\u0440\u0435\u043c\u044f \u0434\u043b\u044f \u0447\u0442\u0435\u043d\u0438\u044f\" \/>\n\t<meta name=\"twitter:data1\" content=\"1 \u043c\u0438\u043d\u0443\u0442\u0430\" \/>\n<script type=\"application\/ld+json\" class=\"yoast-schema-graph\">{\"@context\":\"https:\/\/schema.org\",\"@graph\":[{\"@type\":\"WebPage\",\"@id\":\"https:\/\/happyinaknit.com\/produktas\/lantern-moon-vaselis-taisymui\/\",\"url\":\"https:\/\/happyinaknit.com\/produktas\/lantern-moon-vaselis-taisymui\/\",\"name\":\"Lantern Moon va\u0161elis taisymui - Happyinaknit.com\",\"isPartOf\":{\"@id\":\"https:\/\/happyinaknit.com\/lt\/#website\"},\"primaryImageOfPage\":{\"@id\":\"https:\/\/happyinaknit.com\/produktas\/lantern-moon-vaselis-taisymui\/#primaryimage\"},\"image\":{\"@id\":\"https:\/\/happyinaknit.com\/produktas\/lantern-moon-vaselis-taisymui\/#primaryimage\"},\"thumbnailUrl\":\"https:\/\/happyinaknit.com\/wp-content\/uploads\/2025\/10\/ProductPhotos1_6_f681a2e5-dc38-41aa-ab08-afb7726af73d.jpg.webp\",\"datePublished\":\"2025-10-28T12:50:44+00:00\",\"dateModified\":\"2026-04-14T18:27:07+00:00\",\"breadcrumb\":{\"@id\":\"https:\/\/happyinaknit.com\/produktas\/lantern-moon-vaselis-taisymui\/#breadcrumb\"},\"inLanguage\":\"ru-RU\",\"potentialAction\":[{\"@type\":\"ReadAction\",\"target\":[\"https:\/\/happyinaknit.com\/produktas\/lantern-moon-vaselis-taisymui\/\"]}]},{\"@type\":\"ImageObject\",\"inLanguage\":\"ru-RU\",\"@id\":\"https:\/\/happyinaknit.com\/produktas\/lantern-moon-vaselis-taisymui\/#primaryimage\",\"url\":\"https:\/\/happyinaknit.com\/wp-content\/uploads\/2025\/10\/ProductPhotos1_6_f681a2e5-dc38-41aa-ab08-afb7726af73d.jpg.webp\",\"contentUrl\":\"https:\/\/happyinaknit.com\/wp-content\/uploads\/2025\/10\/ProductPhotos1_6_f681a2e5-dc38-41aa-ab08-afb7726af73d.jpg.webp\",\"width\":1200,\"height\":1200},{\"@type\":\"BreadcrumbList\",\"@id\":\"https:\/\/happyinaknit.com\/produktas\/lantern-moon-vaselis-taisymui\/#breadcrumb\",\"itemListElement\":[{\"@type\":\"ListItem\",\"position\":1,\"name\":\"Home\",\"item\":\"https:\/\/happyinaknit.com\/lt\/\"},{\"@type\":\"ListItem\",\"position\":2,\"name\":\"Parduotuv\u0117\",\"item\":\"https:\/\/happyinaknit.com\/lt\/parduotuve\/\"},{\"@type\":\"ListItem\",\"position\":3,\"name\":\"Lantern Moon va\u0161elis taisymui\"}]},{\"@type\":\"WebSite\",\"@id\":\"https:\/\/happyinaknit.com\/lt\/#website\",\"url\":\"https:\/\/happyinaknit.com\/lt\/\",\"name\":\"Happyinaknit.com\",\"description\":\"\",\"potentialAction\":[{\"@type\":\"SearchAction\",\"target\":{\"@type\":\"EntryPoint\",\"urlTemplate\":\"https:\/\/happyinaknit.com\/lt\/?s={search_term_string}\"},\"query-input\":{\"@type\":\"PropertyValueSpecification\",\"valueRequired\":true,\"valueName\":\"search_term_string\"}}],\"inLanguage\":\"ru-RU\"}]}<\/script>\n<!-- \/ Yoast SEO plugin. -->","yoast_head_json":{"title":"Lantern Moon va\u0161elis taisymui - Happyinaknit.com","robots":{"index":"index","follow":"follow","max-snippet":"max-snippet:-1","max-image-preview":"max-image-preview:large","max-video-preview":"max-video-preview:-1"},"canonical":"https:\/\/happyinaknit.com\/ru\/product\/lantern-moon-vaselis-taisymui\/","og_locale":"ru_RU","og_type":"article","og_title":"Lantern Moon va\u0161elis taisymui - Happyinaknit.com","og_description":"Eleganti\u0161kas ir funkcionalus Lantern Moon va\u0161elis taisymui pagamintas i\u0161 auk\u0161tos kokyb\u0117s ebeninio med\u017eio. Tai nepakei\u010diamas \u012frankis kiekvienai mezg\u0117jai \u2013 padeda lengvai pakelti nukritusias akis, pataisyti klaidas ar atlikti smulkius taisymus megztoje med\u017eiagoje. Glotni, nat\u016braliai \u0161ilta med\u017eio tekst\u016bra suteikia malon\u0173 poj\u016bt\u012f ir tiksl\u0173 darb\u0105. Savyb\u0117s: \u2022Pagamintas i\u0161 nat\u016bralaus ebeninio med\u017eio \u2022Lengvas, patvarus ir itin malonus liesti [&hellip;]","og_url":"https:\/\/happyinaknit.com\/ru\/product\/lantern-moon-vaselis-taisymui\/","og_site_name":"Happyinaknit.com","article_modified_time":"2026-04-14T18:27:07+00:00","og_image":[{"width":1200,"height":1200,"url":"https:\/\/happyinaknit.com\/wp-content\/uploads\/2025\/10\/ProductPhotos1_6_f681a2e5-dc38-41aa-ab08-afb7726af73d.jpg.webp","type":"image\/webp"}],"twitter_card":"summary_large_image","twitter_misc":{"\u041f\u0440\u0438\u043c\u0435\u0440\u043d\u043e\u0435 \u0432\u0440\u0435\u043c\u044f \u0434\u043b\u044f \u0447\u0442\u0435\u043d\u0438\u044f":"1 \u043c\u0438\u043d\u0443\u0442\u0430"},"schema":{"@context":"https:\/\/schema.org","@graph":[{"@type":"WebPage","@id":"https:\/\/happyinaknit.com\/produktas\/lantern-moon-vaselis-taisymui\/","url":"https:\/\/happyinaknit.com\/produktas\/lantern-moon-vaselis-taisymui\/","name":"Lantern Moon va\u0161elis taisymui - Happyinaknit.com","isPartOf":{"@id":"https:\/\/happyinaknit.com\/lt\/#website"},"primaryImageOfPage":{"@id":"https:\/\/happyinaknit.com\/produktas\/lantern-moon-vaselis-taisymui\/#primaryimage"},"image":{"@id":"https:\/\/happyinaknit.com\/produktas\/lantern-moon-vaselis-taisymui\/#primaryimage"},"thumbnailUrl":"https:\/\/happyinaknit.com\/wp-content\/uploads\/2025\/10\/ProductPhotos1_6_f681a2e5-dc38-41aa-ab08-afb7726af73d.jpg.webp","datePublished":"2025-10-28T12:50:44+00:00","dateModified":"2026-04-14T18:27:07+00:00","breadcrumb":{"@id":"https:\/\/happyinaknit.com\/produktas\/lantern-moon-vaselis-taisymui\/#breadcrumb"},"inLanguage":"ru-RU","potentialAction":[{"@type":"ReadAction","target":["https:\/\/happyinaknit.com\/produktas\/lantern-moon-vaselis-taisymui\/"]}]},{"@type":"ImageObject","inLanguage":"ru-RU","@id":"https:\/\/happyinaknit.com\/produktas\/lantern-moon-vaselis-taisymui\/#primaryimage","url":"https:\/\/happyinaknit.com\/wp-content\/uploads\/2025\/10\/ProductPhotos1_6_f681a2e5-dc38-41aa-ab08-afb7726af73d.jpg.webp","contentUrl":"https:\/\/happyinaknit.com\/wp-content\/uploads\/2025\/10\/ProductPhotos1_6_f681a2e5-dc38-41aa-ab08-afb7726af73d.jpg.webp","width":1200,"height":1200},{"@type":"BreadcrumbList","@id":"https:\/\/happyinaknit.com\/produktas\/lantern-moon-vaselis-taisymui\/#breadcrumb","itemListElement":[{"@type":"ListItem","position":1,"name":"Home","item":"https:\/\/happyinaknit.com\/lt\/"},{"@type":"ListItem","position":2,"name":"Parduotuv\u0117","item":"https:\/\/happyinaknit.com\/lt\/parduotuve\/"},{"@type":"ListItem","position":3,"name":"Lantern Moon va\u0161elis taisymui"}]},{"@type":"WebSite","@id":"https:\/\/happyinaknit.com\/lt\/#website","url":"https:\/\/happyinaknit.com\/lt\/","name":"Happyinaknit.com","description":"","potentialAction":[{"@type":"SearchAction","target":{"@type":"EntryPoint","urlTemplate":"https:\/\/happyinaknit.com\/lt\/?s={search_term_string}"},"query-input":{"@type":"PropertyValueSpecification","valueRequired":true,"valueName":"search_term_string"}}],"inLanguage":"ru-RU"}]}},"_links":{"self":[{"href":"https:\/\/happyinaknit.com\/ru\/wp-json\/wp\/v2\/product\/7092","targetHints":{"allow":["GET"]}}],"collection":[{"href":"https:\/\/happyinaknit.com\/ru\/wp-json\/wp\/v2\/product"}],"about":[{"href":"https:\/\/happyinaknit.com\/ru\/wp-json\/wp\/v2\/types\/product"}],"replies":[{"embeddable":true,"href":"https:\/\/happyinaknit.com\/ru\/wp-json\/wp\/v2\/comments?post=7092"}],"wp:featuredmedia":[{"embeddable":true,"href":"https:\/\/happyinaknit.com\/ru\/wp-json\/wp\/v2\/media\/7094"}],"wp:attachment":[{"href":"https:\/\/happyinaknit.com\/ru\/wp-json\/wp\/v2\/media?parent=7092"}],"wp:term":[{"taxonomy":"product_brand","embeddable":true,"href":"https:\/\/happyinaknit.com\/ru\/wp-json\/wp\/v2\/product_brand?post=7092"},{"taxonomy":"product_cat","embeddable":true,"href":"https:\/\/happyinaknit.com\/ru\/wp-json\/wp\/v2\/product_cat?post=7092"},{"taxonomy":"product_tag","embeddable":true,"href":"https:\/\/happyinaknit.com\/ru\/wp-json\/wp\/v2\/product_tag?post=7092"},{"taxonomy":"pro-kategorijos","embeddable":true,"href":"https:\/\/happyinaknit.com\/ru\/wp-json\/wp\/v2\/pro-kategorijos?post=7092"}],"curies":[{"name":"wp","href":"https:\/\/api.w.org\/{rel}","templated":true}]}}