{"id":7047,"date":"2025-10-27T12:06:20","date_gmt":"2025-10-27T12:06:20","guid":{"rendered":"https:\/\/happyinaknit.com\/?post_type=product&#038;p=7047"},"modified":"2026-03-04T07:11:24","modified_gmt":"2026-03-04T07:11:24","slug":"addi-unicorn-lace-150-cm","status":"publish","type":"product","link":"https:\/\/happyinaknit.com\/ru\/product\/addi-unicorn-lace-150-cm\/","title":{"rendered":"Addi Unicorn Lace \u0441\u043f\u0438\u0446\u044b \u043d\u0430 \u043b\u0435\u0441\u043a\u0435 100 \u0441\u043c"},"content":{"rendered":"<p data-start=\"50\" data-end=\"391\">\u041d\u0430\u0439\u0434\u0438\u0442\u0435 <strong data-start=\"60\" data-end=\"81\">\u043c\u0430\u0433\u0438\u044e \u0435\u0434\u0438\u043d\u043e\u0440\u043e\u0433\u043e\u0432<\/strong>!<\/p>\n<p data-start=\"62\" data-end=\"450\">\u042d\u043b\u0435\u0433\u0430\u043d\u0442\u043d\u044b\u0435 <strong data-start=\"74\" data-end=\"95\">Addi Unicorn Lace<\/strong> \u0441\u043f\u0438\u0446\u044b \u0434\u043b\u044f \u0432\u044f\u0437\u0430\u043d\u0438\u044f \u2013 \u044d\u0442\u043e \u0441\u043e\u0447\u0435\u0442\u0430\u043d\u0438\u0435 \u043c\u0430\u0441\u0442\u0435\u0440\u0441\u0442\u0432\u0430 \u0438 \u043a\u0440\u0430\u0441\u043e\u0442\u044b. \u041e\u043d\u0438 \u0438\u0437\u0433\u043e\u0442\u043e\u0432\u043b\u0435\u043d\u044b \u0438\u0437 \u0432\u044b\u0441\u043e\u043a\u043e\u043a\u0430\u0447\u0435\u0441\u0442\u0432\u0435\u043d\u043d\u043e\u0439 \u043b\u0430\u0442\u0443\u043d\u0438 \u0441 \u043f\u043e\u043a\u0440\u044b\u0442\u0438\u0435\u043c \u0431\u0435\u043b\u043e\u0433\u043e \u0431\u0440\u043e\u043d\u0437\u043e\u0432\u043e\u0433\u043e \u043e\u0442\u0442\u0435\u043d\u043a\u0430, \u0430 \u0438\u0445 \u0441\u043f\u0438\u0440\u0430\u043b\u0435\u0432\u0438\u0434\u043d\u0430\u044f \u0444\u043e\u0440\u043c\u0430 \u043c\u044f\u0433\u043a\u043e \u043c\u0430\u0441\u0441\u0438\u0440\u0443\u0435\u0442 \u0440\u0443\u043a\u0438 \u0432\u043e \u0432\u0440\u0435\u043c\u044f \u0432\u044f\u0437\u0430\u043d\u0438\u044f. \u041e\u0441\u0442\u0440\u044b\u0435 \u043a\u043e\u043d\u0447\u0438\u043a\u0438 \"Lace\" \u043f\u043e\u0437\u0432\u043e\u043b\u044f\u044e\u0442 \u043b\u0435\u0433\u043a\u043e \u0432\u044f\u0437\u0430\u0442\u044c \u0430\u0436\u0443\u0440\u043d\u044b\u0435 \u0443\u0437\u043e\u0440\u044b, \u0430 \u0440\u043e\u0437\u043e\u0432\u0430\u044f \u043f\u043b\u0430\u0441\u0442\u0438\u043a\u043e\u0432\u0430\u044f \u043b\u0435\u0441\u043a\u0430 \u043f\u0440\u0438\u0434\u0430\u0451\u0442 \u043e\u0449\u0443\u0449\u0435\u043d\u0438\u0435 \u044d\u043a\u0441\u043a\u043b\u044e\u0437\u0438\u0432\u043d\u043e\u0441\u0442\u0438 \u0438 \u043d\u0435\u0436\u043d\u043e\u0439 \u044d\u043b\u0435\u0433\u0430\u043d\u0442\u043d\u043e\u0441\u0442\u0438.<\/p>\n<p data-start=\"452\" data-end=\"467\"><strong data-start=\"452\" data-end=\"465\">\u0424\u0443\u043d\u043a\u0446\u0438\u0438:<\/strong><\/p>\n<ul data-start=\"468\" data-end=\"859\">\n<li data-start=\"468\" data-end=\"531\">\n<p data-start=\"470\" data-end=\"531\">\u041c\u0430\u0442\u0435\u0440\u0438\u0430\u043b: \u043b\u0430\u0442\u0443\u043d\u043d\u044b\u0435 \u043d\u0430\u043a\u043e\u043d\u0435\u0447\u043d\u0438\u043a\u0438, \u0431\u0435\u043b\u0430\u044f \u0431\u0440\u043e\u043d\u0437\u0430<\/p>\n<\/li>\n<li data-start=\"532\" data-end=\"593\">\n<p data-start=\"534\" data-end=\"593\">\u0421\u043f\u0438\u0446\u044b: \u0441 \u043e\u0441\u0442\u0440\u044b\u043c\u0438 \u043a\u043e\u043d\u0447\u0438\u043a\u0430\u043c\u0438 \u201eLace\u201c (125 \u043c\u043c \u043a\u0430\u0436\u0434\u0430\u044f)<\/p>\n<\/li>\n<li data-start=\"594\" data-end=\"634\">\n<p data-start=\"596\" data-end=\"634\">\u041b\u0435\u0441\u043a\u0430: \u0440\u043e\u0437\u043e\u0432\u0430\u044f \u043f\u043b\u0430\u0441\u0442\u0438\u043a\u043e\u0432\u0430\u044f<\/p>\n<\/li>\n<li data-start=\"635\" data-end=\"724\">\n<p data-start=\"637\" data-end=\"724\">\u041f\u043e\u0432\u0435\u0440\u0445\u043d\u043e\u0441\u0442\u044c: \u0441\u043f\u0438\u0440\u0430\u043b\u044c\u043d\u0430\u044f \u0441\u0442\u0440\u0443\u043a\u0442\u0443\u0440\u0430 - \u043c\u0430\u0441\u0441\u0438\u0440\u0443\u0435\u0442 \u0440\u0443\u043a\u0438 \u0438 \u0441\u043f\u043e\u0441\u043e\u0431\u0441\u0442\u0432\u0443\u0435\u0442 \u043b\u0435\u0433\u043a\u043e\u043c\u0443  \u0441\u043a\u043e\u043b\u044c\u0436\u0435\u043d\u0438\u044e \u043d\u0438\u0442\u0438<\/p>\n<\/li>\n<li data-start=\"725\" data-end=\"789\">\n<p data-start=\"727\" data-end=\"789\">\u041f\u043e\u0434\u0445\u043e\u0434\u0438\u0442 \u043a\u0430\u043a \u0434\u043b\u044f \u0442\u043e\u043d\u043a\u0438\u0445 \u043d\u0438\u0442\u0435\u0439, \u0442\u0430\u043a \u0438 \u0434\u043b\u044f \u0430\u0436\u0443\u0440\u043d\u044b\u0445 \u0443\u0437\u043e\u0440\u043e\u0432<\/p>\n<\/li>\n<li data-start=\"790\" data-end=\"859\">\n<p data-start=\"792\" data-end=\"859\">\u0418\u0434\u0435\u0430\u043b\u044c\u043d\u043e \u043f\u043e\u0434\u0445\u043e\u0434\u0438\u0442 \u043a\u0430\u043a \u0434\u043b\u044f \u043d\u0430\u0447\u0438\u043d\u0430\u044e\u0449\u0438\u0445, \u0442\u0430\u043a \u0438 \u0434\u043b\u044f \u043e\u043f\u044b\u0442\u043d\u044b\u0445 \u0432\u044f\u0437\u0430\u043b\u044c\u0449\u0438\u0446<\/p>\n<\/li>\n<\/ul>\n<p data-start=\"861\" data-end=\"1008\">\u0421\u043f\u0438\u0440\u0430\u043b\u044c\u043d\u0430\u044f \u043f\u043e\u0432\u0435\u0440\u0445\u043d\u043e\u0441\u0442\u044c \u044d\u0442\u0438\u0445 \u0441\u043f\u0438\u0446 \u043e\u0431\u0435\u0441\u043f\u0435\u0447\u0438\u0432\u0430\u0435\u0442 \u0438\u0434\u0435\u0430\u043b\u044c\u043d\u044b\u0439 \u0431\u0430\u043b\u0430\u043d\u0441 \u043c\u0435\u0436\u0434\u0443 \u0441\u043a\u043e\u043b\u044c\u0436\u0435\u043d\u0438\u0435\u043c \u0438 \u0441\u0446\u0435\u043f\u043b\u0435\u043d\u0438\u0435\u043c, \u0430 \u044d\u0440\u0433\u043e\u043d\u043e\u043c\u0438\u0447\u043d\u0430\u044f \u0444\u043e\u0440\u043c\u0430 \u043f\u043e\u0437\u0432\u043e\u043b\u044f\u0435\u0442 \u043d\u0430\u0441\u043b\u0430\u0436\u0434\u0430\u0442\u044c\u0441\u044f \u0432\u044f\u0437\u0430\u043d\u0438\u0435\u043c, \u043d\u0435 \u043d\u0430\u043f\u0440\u044f\u0433\u0430\u044f \u0440\u0443\u043a\u0438.<\/p>\n<p data-start=\"1010\" data-end=\"1096\" data-is-last-node=\"\" data-is-only-node=\"\"><em data-start=\"1010\" data-end=\"1096\" data-is-last-node=\"\">\u041f\u0440\u0438\u043c\u0435\u0447\u0430\u043d\u0438\u0435: \u043e\u0442\u0442\u0435\u043d\u043a\u0438 \u0446\u0432\u0435\u0442\u043e\u0432 \u043c\u043e\u0433\u0443\u0442 \u043d\u0435\u0437\u043d\u0430\u0447\u0438\u0442\u0435\u043b\u044c\u043d\u043e \u043e\u0442\u043b\u0438\u0447\u0430\u0442\u044c\u0441\u044f \u0432 \u0437\u0430\u0432\u0438\u0441\u0438\u043c\u043e\u0441\u0442\u0438 \u043e\u0442 \u044d\u043a\u0440\u0430\u043d\u0430 \u0432\u0430\u0448\u0435\u0433\u043e \u0443\u0441\u0442\u0440\u043e\u0439\u0441\u0442\u0432\u0430.<\/em><\/p>","protected":false},"excerpt":{"rendered":"<p>Atraskite vienaragi\u0173 magij\u0105! Eleganti\u0161ki Addi Unicorn Lace virbalai \u2013 tai meistri\u0161kumo ir gro\u017eio derinys. \u0160ie virbalai sukurti i\u0161 auk\u0161tos kokyb\u0117s \u017ealvario, padengto baltu bronzos atspalviu, o j\u0173 spiral\u0117s formos strukt\u016bra \u0161velniai masa\u017euoja rankas mezgant. Du smail\u016bs \u201elace\u201c tipo galiukai leid\u017eia lengvai megzti a\u017e\u016brinius ra\u0161tus, o ro\u017einis plastikinis valas suteikia i\u0161skirtinumo bei \u0161velnios elegancijos poj\u016bt\u012f. Ypatyb\u0117s: [&hellip;]<\/p>\n","protected":false},"featured_media":3661,"comment_status":"open","ping_status":"closed","template":"","meta":{"_acf_changed":false},"product_brand":[786],"product_cat":[15,19,862],"product_tag":[],"pro-kategorijos":[],"class_list":{"0":"post-7047","1":"product","2":"type-product","3":"status-publish","4":"has-post-thumbnail","6":"product_brand-addi","7":"product_cat-visi-produktai","8":"product_cat-mezgimo-priemones","9":"product_cat-virbalai-su-valu","11":"first","12":"instock","13":"shipping-taxable","14":"purchasable","15":"product-type-variable"},"acf":[],"yoast_head":"<!-- This site is optimized with the Yoast SEO plugin v26.8 - https:\/\/yoast.com\/product\/yoast-seo-wordpress\/ -->\n<title>Addi Unicorn Lace virbalai su valu 100 cm - Happyinaknit.com<\/title>\n<meta name=\"robots\" content=\"index, follow, max-snippet:-1, max-image-preview:large, max-video-preview:-1\" \/>\n<link rel=\"canonical\" href=\"https:\/\/happyinaknit.com\/ru\/product\/addi-unicorn-lace-150-cm\/\" \/>\n<meta property=\"og:locale\" content=\"ru_RU\" \/>\n<meta property=\"og:type\" content=\"article\" \/>\n<meta property=\"og:title\" content=\"Addi Unicorn Lace virbalai su valu 100 cm - Happyinaknit.com\" \/>\n<meta property=\"og:description\" content=\"Atraskite vienaragi\u0173 magij\u0105! Eleganti\u0161ki Addi Unicorn Lace virbalai \u2013 tai meistri\u0161kumo ir gro\u017eio derinys. \u0160ie virbalai sukurti i\u0161 auk\u0161tos kokyb\u0117s \u017ealvario, padengto baltu bronzos atspalviu, o j\u0173 spiral\u0117s formos strukt\u016bra \u0161velniai masa\u017euoja rankas mezgant. Du smail\u016bs \u201elace\u201c tipo galiukai leid\u017eia lengvai megzti a\u017e\u016brinius ra\u0161tus, o ro\u017einis plastikinis valas suteikia i\u0161skirtinumo bei \u0161velnios elegancijos poj\u016bt\u012f. Ypatyb\u0117s: [&hellip;]\" \/>\n<meta property=\"og:url\" content=\"https:\/\/happyinaknit.com\/ru\/product\/addi-unicorn-lace-150-cm\/\" \/>\n<meta property=\"og:site_name\" content=\"Happyinaknit.com\" \/>\n<meta property=\"article:modified_time\" content=\"2026-03-04T07:11:24+00:00\" \/>\n<meta property=\"og:image\" content=\"https:\/\/happyinaknit.com\/wp-content\/uploads\/2025\/10\/Unicorn_Lace.png.webp\" \/>\n\t<meta property=\"og:image:width\" content=\"1080\" \/>\n\t<meta property=\"og:image:height\" content=\"1080\" \/>\n\t<meta property=\"og:image:type\" content=\"image\/webp\" \/>\n<meta name=\"twitter:card\" content=\"summary_large_image\" \/>\n<meta name=\"twitter:label1\" content=\"\u041f\u0440\u0438\u043c\u0435\u0440\u043d\u043e\u0435 \u0432\u0440\u0435\u043c\u044f \u0434\u043b\u044f \u0447\u0442\u0435\u043d\u0438\u044f\" \/>\n\t<meta name=\"twitter:data1\" content=\"1 \u043c\u0438\u043d\u0443\u0442\u0430\" \/>\n<script type=\"application\/ld+json\" class=\"yoast-schema-graph\">{\"@context\":\"https:\/\/schema.org\",\"@graph\":[{\"@type\":\"WebPage\",\"@id\":\"https:\/\/happyinaknit.com\/produktas\/addi-unicorn-lace-150-cm\/\",\"url\":\"https:\/\/happyinaknit.com\/produktas\/addi-unicorn-lace-150-cm\/\",\"name\":\"Addi Unicorn Lace virbalai su valu 100 cm - Happyinaknit.com\",\"isPartOf\":{\"@id\":\"https:\/\/happyinaknit.com\/lt\/#website\"},\"primaryImageOfPage\":{\"@id\":\"https:\/\/happyinaknit.com\/produktas\/addi-unicorn-lace-150-cm\/#primaryimage\"},\"image\":{\"@id\":\"https:\/\/happyinaknit.com\/produktas\/addi-unicorn-lace-150-cm\/#primaryimage\"},\"thumbnailUrl\":\"https:\/\/happyinaknit.com\/wp-content\/uploads\/2025\/10\/Unicorn_Lace.png.webp\",\"datePublished\":\"2025-10-27T12:06:20+00:00\",\"dateModified\":\"2026-03-04T07:11:24+00:00\",\"breadcrumb\":{\"@id\":\"https:\/\/happyinaknit.com\/produktas\/addi-unicorn-lace-150-cm\/#breadcrumb\"},\"inLanguage\":\"ru-RU\",\"potentialAction\":[{\"@type\":\"ReadAction\",\"target\":[\"https:\/\/happyinaknit.com\/produktas\/addi-unicorn-lace-150-cm\/\"]}]},{\"@type\":\"ImageObject\",\"inLanguage\":\"ru-RU\",\"@id\":\"https:\/\/happyinaknit.com\/produktas\/addi-unicorn-lace-150-cm\/#primaryimage\",\"url\":\"https:\/\/happyinaknit.com\/wp-content\/uploads\/2025\/10\/Unicorn_Lace.png.webp\",\"contentUrl\":\"https:\/\/happyinaknit.com\/wp-content\/uploads\/2025\/10\/Unicorn_Lace.png.webp\",\"width\":1080,\"height\":1080},{\"@type\":\"BreadcrumbList\",\"@id\":\"https:\/\/happyinaknit.com\/produktas\/addi-unicorn-lace-150-cm\/#breadcrumb\",\"itemListElement\":[{\"@type\":\"ListItem\",\"position\":1,\"name\":\"Home\",\"item\":\"https:\/\/happyinaknit.com\/lt\/\"},{\"@type\":\"ListItem\",\"position\":2,\"name\":\"Parduotuv\u0117\",\"item\":\"https:\/\/happyinaknit.com\/lt\/parduotuve\/\"},{\"@type\":\"ListItem\",\"position\":3,\"name\":\"Addi Unicorn Lace virbalai su valu 100 cm\"}]},{\"@type\":\"WebSite\",\"@id\":\"https:\/\/happyinaknit.com\/lt\/#website\",\"url\":\"https:\/\/happyinaknit.com\/lt\/\",\"name\":\"Happyinaknit.com\",\"description\":\"\",\"potentialAction\":[{\"@type\":\"SearchAction\",\"target\":{\"@type\":\"EntryPoint\",\"urlTemplate\":\"https:\/\/happyinaknit.com\/lt\/?s={search_term_string}\"},\"query-input\":{\"@type\":\"PropertyValueSpecification\",\"valueRequired\":true,\"valueName\":\"search_term_string\"}}],\"inLanguage\":\"ru-RU\"}]}<\/script>\n<!-- \/ Yoast SEO plugin. -->","yoast_head_json":{"title":"Addi Unicorn Lace virbalai su valu 100 cm - Happyinaknit.com","robots":{"index":"index","follow":"follow","max-snippet":"max-snippet:-1","max-image-preview":"max-image-preview:large","max-video-preview":"max-video-preview:-1"},"canonical":"https:\/\/happyinaknit.com\/ru\/product\/addi-unicorn-lace-150-cm\/","og_locale":"ru_RU","og_type":"article","og_title":"Addi Unicorn Lace virbalai su valu 100 cm - Happyinaknit.com","og_description":"Atraskite vienaragi\u0173 magij\u0105! Eleganti\u0161ki Addi Unicorn Lace virbalai \u2013 tai meistri\u0161kumo ir gro\u017eio derinys. \u0160ie virbalai sukurti i\u0161 auk\u0161tos kokyb\u0117s \u017ealvario, padengto baltu bronzos atspalviu, o j\u0173 spiral\u0117s formos strukt\u016bra \u0161velniai masa\u017euoja rankas mezgant. Du smail\u016bs \u201elace\u201c tipo galiukai leid\u017eia lengvai megzti a\u017e\u016brinius ra\u0161tus, o ro\u017einis plastikinis valas suteikia i\u0161skirtinumo bei \u0161velnios elegancijos poj\u016bt\u012f. Ypatyb\u0117s: [&hellip;]","og_url":"https:\/\/happyinaknit.com\/ru\/product\/addi-unicorn-lace-150-cm\/","og_site_name":"Happyinaknit.com","article_modified_time":"2026-03-04T07:11:24+00:00","og_image":[{"width":1080,"height":1080,"url":"https:\/\/happyinaknit.com\/wp-content\/uploads\/2025\/10\/Unicorn_Lace.png.webp","type":"image\/webp"}],"twitter_card":"summary_large_image","twitter_misc":{"\u041f\u0440\u0438\u043c\u0435\u0440\u043d\u043e\u0435 \u0432\u0440\u0435\u043c\u044f \u0434\u043b\u044f \u0447\u0442\u0435\u043d\u0438\u044f":"1 \u043c\u0438\u043d\u0443\u0442\u0430"},"schema":{"@context":"https:\/\/schema.org","@graph":[{"@type":"WebPage","@id":"https:\/\/happyinaknit.com\/produktas\/addi-unicorn-lace-150-cm\/","url":"https:\/\/happyinaknit.com\/produktas\/addi-unicorn-lace-150-cm\/","name":"Addi Unicorn Lace virbalai su valu 100 cm - Happyinaknit.com","isPartOf":{"@id":"https:\/\/happyinaknit.com\/lt\/#website"},"primaryImageOfPage":{"@id":"https:\/\/happyinaknit.com\/produktas\/addi-unicorn-lace-150-cm\/#primaryimage"},"image":{"@id":"https:\/\/happyinaknit.com\/produktas\/addi-unicorn-lace-150-cm\/#primaryimage"},"thumbnailUrl":"https:\/\/happyinaknit.com\/wp-content\/uploads\/2025\/10\/Unicorn_Lace.png.webp","datePublished":"2025-10-27T12:06:20+00:00","dateModified":"2026-03-04T07:11:24+00:00","breadcrumb":{"@id":"https:\/\/happyinaknit.com\/produktas\/addi-unicorn-lace-150-cm\/#breadcrumb"},"inLanguage":"ru-RU","potentialAction":[{"@type":"ReadAction","target":["https:\/\/happyinaknit.com\/produktas\/addi-unicorn-lace-150-cm\/"]}]},{"@type":"ImageObject","inLanguage":"ru-RU","@id":"https:\/\/happyinaknit.com\/produktas\/addi-unicorn-lace-150-cm\/#primaryimage","url":"https:\/\/happyinaknit.com\/wp-content\/uploads\/2025\/10\/Unicorn_Lace.png.webp","contentUrl":"https:\/\/happyinaknit.com\/wp-content\/uploads\/2025\/10\/Unicorn_Lace.png.webp","width":1080,"height":1080},{"@type":"BreadcrumbList","@id":"https:\/\/happyinaknit.com\/produktas\/addi-unicorn-lace-150-cm\/#breadcrumb","itemListElement":[{"@type":"ListItem","position":1,"name":"Home","item":"https:\/\/happyinaknit.com\/lt\/"},{"@type":"ListItem","position":2,"name":"Parduotuv\u0117","item":"https:\/\/happyinaknit.com\/lt\/parduotuve\/"},{"@type":"ListItem","position":3,"name":"Addi Unicorn Lace virbalai su valu 100 cm"}]},{"@type":"WebSite","@id":"https:\/\/happyinaknit.com\/lt\/#website","url":"https:\/\/happyinaknit.com\/lt\/","name":"Happyinaknit.com","description":"","potentialAction":[{"@type":"SearchAction","target":{"@type":"EntryPoint","urlTemplate":"https:\/\/happyinaknit.com\/lt\/?s={search_term_string}"},"query-input":{"@type":"PropertyValueSpecification","valueRequired":true,"valueName":"search_term_string"}}],"inLanguage":"ru-RU"}]}},"_links":{"self":[{"href":"https:\/\/happyinaknit.com\/ru\/wp-json\/wp\/v2\/product\/7047","targetHints":{"allow":["GET"]}}],"collection":[{"href":"https:\/\/happyinaknit.com\/ru\/wp-json\/wp\/v2\/product"}],"about":[{"href":"https:\/\/happyinaknit.com\/ru\/wp-json\/wp\/v2\/types\/product"}],"replies":[{"embeddable":true,"href":"https:\/\/happyinaknit.com\/ru\/wp-json\/wp\/v2\/comments?post=7047"}],"wp:featuredmedia":[{"embeddable":true,"href":"https:\/\/happyinaknit.com\/ru\/wp-json\/wp\/v2\/media\/3661"}],"wp:attachment":[{"href":"https:\/\/happyinaknit.com\/ru\/wp-json\/wp\/v2\/media?parent=7047"}],"wp:term":[{"taxonomy":"product_brand","embeddable":true,"href":"https:\/\/happyinaknit.com\/ru\/wp-json\/wp\/v2\/product_brand?post=7047"},{"taxonomy":"product_cat","embeddable":true,"href":"https:\/\/happyinaknit.com\/ru\/wp-json\/wp\/v2\/product_cat?post=7047"},{"taxonomy":"product_tag","embeddable":true,"href":"https:\/\/happyinaknit.com\/ru\/wp-json\/wp\/v2\/product_tag?post=7047"},{"taxonomy":"pro-kategorijos","embeddable":true,"href":"https:\/\/happyinaknit.com\/ru\/wp-json\/wp\/v2\/pro-kategorijos?post=7047"}],"curies":[{"name":"wp","href":"https:\/\/api.w.org\/{rel}","templated":true}]}}