{"id":6904,"date":"2025-10-20T12:10:29","date_gmt":"2025-10-20T12:10:29","guid":{"rendered":"https:\/\/happyinaknit.com\/?post_type=product&#038;p=6904"},"modified":"2026-02-19T07:44:30","modified_gmt":"2026-02-19T07:44:30","slug":"clover-siuvimo-adatos-su-karabino-tipo-auselemis-3160","status":"publish","type":"product","link":"https:\/\/happyinaknit.com\/ru\/product\/clover-siuvimo-adatos-su-karabino-tipo-auselemis-3160\/","title":{"rendered":"Clover \u0449\u0432\u0435\u0439\u043d\u044b\u0435 \u0438\u0433\u043b\u044b \u0441 \u0443\u0448\u043a\u043e\u043c \u0442\u0438\u043f\u0430 \u00ab\u043a\u0430\u0440\u0430\u0431\u0438\u043d\u00bb 3160"},"content":{"rendered":"<p>\u0423\u0434\u043e\u0431\u043d\u044b\u0435 <b>Clover  3160<\/b> \u0438\u0433\u043b\u044b \u0434\u043b\u044f \u0448\u0438\u0442\u044c\u044f \u0438\u043c\u0435\u044e\u0442 \u0441\u043f\u0435\u0446\u0438\u0430\u043b\u044c\u043d\u043e\u0435 \u0443\u0448\u043a\u043e \u0432 \u0444\u043e\u0440\u043c\u0435 \u043a\u0430\u0440\u0430\u0431\u0438\u043d\u0430, \u043a\u043e\u0442\u043e\u0440\u043e\u0435 \u043f\u043e\u0437\u0432\u043e\u043b\u044f\u0435\u0442 \u043b\u0435\u0433\u043a\u043e \u0432\u0434\u0435\u0432\u0430\u0442\u044c \u043d\u0438\u0442\u044c, \u0434\u0430\u0436\u0435 \u0435\u0441\u043b\u0438 \u043e\u043d\u0430 \u0441\u043b\u043e\u0436\u0435\u043d\u0430  \u0432 \u043d\u0435\u0441\u043a\u043e\u043b\u044c\u043a\u043e \u0441\u043b\u043e\u0451\u0432 \u0438\u043b\u0438 \u0438\u043c\u0435\u0435\u0442 \u043f\u043b\u043e\u0442\u043d\u0443\u044e \u0441\u0442\u0440\u0443\u043a\u0442\u0443\u0440\u0443. \u0418\u0434\u0435\u0430\u043b\u044c\u043d\u043e \u043f\u043e\u0434\u0445\u043e\u0434\u044f\u0442 \u0434\u043b\u044f \u0448\u0438\u0442\u044c\u044f, \u0441\u043e\u0435\u0434\u0438\u043d\u0435\u043d\u0438\u044f \u0432\u044f\u0437\u0430\u043d\u044b\u0445 \u0438\u0437\u0434\u0435\u043b\u0438\u0439 \u0438\u043b\u0438 \u0430\u043a\u043a\u0443\u0440\u0430\u0442\u043d\u043e\u0439 \u0438 \u044d\u0441\u0442\u0435\u0442\u0438\u0447\u043d\u043e\u0439 \u043e\u0442\u0434\u0435\u043b\u043a\u0438.<\/p>\n<p><b>\u0424\u0443\u043d\u043a\u0446\u0438\u0438:<\/b><b><\/b><\/p>\n<p>\u2022 \u0423\u0448\u043a\u043e \u043a\u0430\u0440\u0430\u0431\u0438\u043d\u043d\u043e\u0433\u043e \u0442\u0438\u043f\u0430 \u043e\u0431\u043b\u0435\u0433\u0447\u0430\u0435\u0442 \u0437\u0430\u043f\u0440\u0430\u0432\u043a\u0443 \u043d\u0438\u0442\u0438<\/p>\n<p>\u2022\u041f\u043e\u0434\u0445\u043e\u0434\u0438\u0442 \u0434\u043b\u044f \u0431\u043e\u043b\u0435\u0435 \u0442\u043e\u043b\u0441\u0442\u044b\u0445 \u0438\u043b\u0438 \u043c\u043d\u043e\u0433\u043e\u0441\u043b\u043e\u0439\u043d\u044b\u0445  \u043d\u0438\u0442\u0435\u0439<\/p>\n<p>\u2022 \u0413\u043b\u0430\u0434\u043a\u0430\u044f \u043f\u043e\u0432\u0435\u0440\u0445\u043d\u043e\u0441\u0442\u044c \u043e\u0431\u0435\u0441\u043f\u0435\u0447\u0438\u0432\u0430\u0435\u0442 \u043b\u0435\u0433\u043a\u043e\u0435 \u0441\u043a\u043e\u043b\u044c\u0436\u0435\u043d\u0438\u0435 \u043f\u043e \u0442\u043a\u0430\u043d\u0438 \u0438\u043b\u0438 \u0442\u0440\u0438\u043a\u043e\u0442\u0430\u0436\u0443.<\/p>\n<p>\u2022\u0418\u0437\u0433\u043e\u0442\u043e\u0432\u043b\u0435\u043d \u0438\u0437 \u043f\u0440\u043e\u0447\u043d\u043e\u0433\u043e, \u0434\u043e\u043b\u0433\u043e\u0432\u0435\u0447\u043d\u043e\u0433\u043e \u043c\u0435\u0442\u0430\u043b\u043b\u0430.<\/p>\n<p><b>\u0412 \u043a\u043e\u043c\u043f\u043b\u0435\u043a\u0442 \u0432\u0445\u043e\u0434\u0438\u0442:<\/b> 2 \u0448\u0442.<\/p>\n<p><b>\u0411\u0440\u0435\u043d\u0434:<\/b> Clover, \u042f\u043f\u043e\u043d\u0438\u044f<\/p>\n<p><b>\u0418\u0441\u043f\u043e\u043b\u044c\u0437\u043e\u0432\u0430\u043d\u0438\u0435:<\/b> \u0434\u043b\u044f \u0441\u0448\u0438\u0432\u0430\u043d\u0438\u044f, \u0441\u043e\u0435\u0434\u0438\u043d\u0435\u043d\u0438\u044f \u0432\u044f\u0437\u0430\u043d\u044b\u0445 \u0434\u0435\u0442\u0430\u043b\u0435\u0439, \u0441\u043e\u043a\u0440\u044b\u0442\u0438\u044f \u043a\u043e\u043d\u0446\u043e\u0432 \u043d\u0438\u0442\u043e\u043a.<\/p>","protected":false},"excerpt":{"rendered":"<p>Patogios Clover 3160 siuvimo adatos turi speciali\u0105 \u201ekarabino\u201c formos ausel\u0119, kuri leid\u017eia lengvai \u012fverti si\u016bl\u0105 net tada, kai jis sud\u0117tas keliais sluoksniais arba yra storesn\u0117s strukt\u016bros. Puikiai tinka si\u016bti, sujungti megztus gaminius ar u\u017ebaigti darbus tvarkingai ir esteti\u0161kai. Savyb\u0117s: \u2022\u201eKarabino\u201c tipo ausel\u0117 leid\u017eia lengvai \u012fverti si\u016bl\u0105 \u2022Tinka storesniems arba keli\u0173 gij\u0173 si\u016blams \u2022Glotnus pavir\u0161ius u\u017etikrina [&hellip;]<\/p>\n","protected":false},"featured_media":6905,"comment_status":"open","ping_status":"closed","template":"","meta":{"_acf_changed":false},"product_brand":[1074],"product_cat":[15,1080,20],"product_tag":[],"pro-kategorijos":[],"class_list":{"0":"post-6904","1":"product","2":"type-product","3":"status-publish","4":"has-post-thumbnail","6":"product_brand-clover","7":"product_cat-visi-produktai","8":"product_cat-adatos","9":"product_cat-priedai-mezgimui","11":"first","12":"instock","13":"shipping-taxable","14":"purchasable","15":"product-type-simple"},"acf":[],"yoast_head":"<!-- This site is optimized with the Yoast SEO plugin v26.8 - https:\/\/yoast.com\/product\/yoast-seo-wordpress\/ -->\n<title>Clover Siuvimo adatos su \u201ekarabino\u201c tipo ausel\u0117mis 3160 - Happyinaknit.com<\/title>\n<meta name=\"robots\" content=\"index, follow, max-snippet:-1, max-image-preview:large, max-video-preview:-1\" \/>\n<link rel=\"canonical\" href=\"https:\/\/happyinaknit.com\/ru\/product\/clover-siuvimo-adatos-su-karabino-tipo-auselemis-3160\/\" \/>\n<meta property=\"og:locale\" content=\"ru_RU\" \/>\n<meta property=\"og:type\" content=\"article\" \/>\n<meta property=\"og:title\" content=\"Clover Siuvimo adatos su \u201ekarabino\u201c tipo ausel\u0117mis 3160 - Happyinaknit.com\" \/>\n<meta property=\"og:description\" content=\"Patogios Clover 3160 siuvimo adatos turi speciali\u0105 \u201ekarabino\u201c formos ausel\u0119, kuri leid\u017eia lengvai \u012fverti si\u016bl\u0105 net tada, kai jis sud\u0117tas keliais sluoksniais arba yra storesn\u0117s strukt\u016bros. Puikiai tinka si\u016bti, sujungti megztus gaminius ar u\u017ebaigti darbus tvarkingai ir esteti\u0161kai. Savyb\u0117s: \u2022\u201eKarabino\u201c tipo ausel\u0117 leid\u017eia lengvai \u012fverti si\u016bl\u0105 \u2022Tinka storesniems arba keli\u0173 gij\u0173 si\u016blams \u2022Glotnus pavir\u0161ius u\u017etikrina [&hellip;]\" \/>\n<meta property=\"og:url\" content=\"https:\/\/happyinaknit.com\/ru\/product\/clover-siuvimo-adatos-su-karabino-tipo-auselemis-3160\/\" \/>\n<meta property=\"og:site_name\" content=\"Happyinaknit.com\" \/>\n<meta property=\"article:modified_time\" content=\"2026-02-19T07:44:30+00:00\" \/>\n<meta property=\"og:image\" content=\"https:\/\/happyinaknit.com\/wp-content\/uploads\/2025\/10\/3160.jpg.webp\" \/>\n\t<meta property=\"og:image:width\" content=\"580\" \/>\n\t<meta property=\"og:image:height\" content=\"580\" \/>\n\t<meta property=\"og:image:type\" content=\"image\/webp\" \/>\n<meta name=\"twitter:card\" content=\"summary_large_image\" \/>\n<script type=\"application\/ld+json\" class=\"yoast-schema-graph\">{\"@context\":\"https:\/\/schema.org\",\"@graph\":[{\"@type\":\"WebPage\",\"@id\":\"https:\/\/happyinaknit.com\/produktas\/clover-siuvimo-adatos-su-karabino-tipo-auselemis-3160\/\",\"url\":\"https:\/\/happyinaknit.com\/produktas\/clover-siuvimo-adatos-su-karabino-tipo-auselemis-3160\/\",\"name\":\"Clover Siuvimo adatos su \u201ekarabino\u201c tipo ausel\u0117mis 3160 - Happyinaknit.com\",\"isPartOf\":{\"@id\":\"https:\/\/happyinaknit.com\/lt\/#website\"},\"primaryImageOfPage\":{\"@id\":\"https:\/\/happyinaknit.com\/produktas\/clover-siuvimo-adatos-su-karabino-tipo-auselemis-3160\/#primaryimage\"},\"image\":{\"@id\":\"https:\/\/happyinaknit.com\/produktas\/clover-siuvimo-adatos-su-karabino-tipo-auselemis-3160\/#primaryimage\"},\"thumbnailUrl\":\"https:\/\/happyinaknit.com\/wp-content\/uploads\/2025\/10\/3160.jpg.webp\",\"datePublished\":\"2025-10-20T12:10:29+00:00\",\"dateModified\":\"2026-02-19T07:44:30+00:00\",\"breadcrumb\":{\"@id\":\"https:\/\/happyinaknit.com\/produktas\/clover-siuvimo-adatos-su-karabino-tipo-auselemis-3160\/#breadcrumb\"},\"inLanguage\":\"ru-RU\",\"potentialAction\":[{\"@type\":\"ReadAction\",\"target\":[\"https:\/\/happyinaknit.com\/produktas\/clover-siuvimo-adatos-su-karabino-tipo-auselemis-3160\/\"]}]},{\"@type\":\"ImageObject\",\"inLanguage\":\"ru-RU\",\"@id\":\"https:\/\/happyinaknit.com\/produktas\/clover-siuvimo-adatos-su-karabino-tipo-auselemis-3160\/#primaryimage\",\"url\":\"https:\/\/happyinaknit.com\/wp-content\/uploads\/2025\/10\/3160.jpg.webp\",\"contentUrl\":\"https:\/\/happyinaknit.com\/wp-content\/uploads\/2025\/10\/3160.jpg.webp\",\"width\":580,\"height\":580},{\"@type\":\"BreadcrumbList\",\"@id\":\"https:\/\/happyinaknit.com\/produktas\/clover-siuvimo-adatos-su-karabino-tipo-auselemis-3160\/#breadcrumb\",\"itemListElement\":[{\"@type\":\"ListItem\",\"position\":1,\"name\":\"Home\",\"item\":\"https:\/\/happyinaknit.com\/lt\/\"},{\"@type\":\"ListItem\",\"position\":2,\"name\":\"Parduotuv\u0117\",\"item\":\"https:\/\/happyinaknit.com\/lt\/parduotuve\/\"},{\"@type\":\"ListItem\",\"position\":3,\"name\":\"Clover Siuvimo adatos su \u201ekarabino\u201c tipo ausel\u0117mis 3160\"}]},{\"@type\":\"WebSite\",\"@id\":\"https:\/\/happyinaknit.com\/lt\/#website\",\"url\":\"https:\/\/happyinaknit.com\/lt\/\",\"name\":\"Happyinaknit.com\",\"description\":\"\",\"potentialAction\":[{\"@type\":\"SearchAction\",\"target\":{\"@type\":\"EntryPoint\",\"urlTemplate\":\"https:\/\/happyinaknit.com\/lt\/?s={search_term_string}\"},\"query-input\":{\"@type\":\"PropertyValueSpecification\",\"valueRequired\":true,\"valueName\":\"search_term_string\"}}],\"inLanguage\":\"ru-RU\"}]}<\/script>\n<!-- \/ Yoast SEO plugin. -->","yoast_head_json":{"title":"Clover Siuvimo adatos su \u201ekarabino\u201c tipo ausel\u0117mis 3160 - Happyinaknit.com","robots":{"index":"index","follow":"follow","max-snippet":"max-snippet:-1","max-image-preview":"max-image-preview:large","max-video-preview":"max-video-preview:-1"},"canonical":"https:\/\/happyinaknit.com\/ru\/product\/clover-siuvimo-adatos-su-karabino-tipo-auselemis-3160\/","og_locale":"ru_RU","og_type":"article","og_title":"Clover Siuvimo adatos su \u201ekarabino\u201c tipo ausel\u0117mis 3160 - Happyinaknit.com","og_description":"Patogios Clover 3160 siuvimo adatos turi speciali\u0105 \u201ekarabino\u201c formos ausel\u0119, kuri leid\u017eia lengvai \u012fverti si\u016bl\u0105 net tada, kai jis sud\u0117tas keliais sluoksniais arba yra storesn\u0117s strukt\u016bros. Puikiai tinka si\u016bti, sujungti megztus gaminius ar u\u017ebaigti darbus tvarkingai ir esteti\u0161kai. Savyb\u0117s: \u2022\u201eKarabino\u201c tipo ausel\u0117 leid\u017eia lengvai \u012fverti si\u016bl\u0105 \u2022Tinka storesniems arba keli\u0173 gij\u0173 si\u016blams \u2022Glotnus pavir\u0161ius u\u017etikrina [&hellip;]","og_url":"https:\/\/happyinaknit.com\/ru\/product\/clover-siuvimo-adatos-su-karabino-tipo-auselemis-3160\/","og_site_name":"Happyinaknit.com","article_modified_time":"2026-02-19T07:44:30+00:00","og_image":[{"width":580,"height":580,"url":"https:\/\/happyinaknit.com\/wp-content\/uploads\/2025\/10\/3160.jpg.webp","type":"image\/webp"}],"twitter_card":"summary_large_image","schema":{"@context":"https:\/\/schema.org","@graph":[{"@type":"WebPage","@id":"https:\/\/happyinaknit.com\/produktas\/clover-siuvimo-adatos-su-karabino-tipo-auselemis-3160\/","url":"https:\/\/happyinaknit.com\/produktas\/clover-siuvimo-adatos-su-karabino-tipo-auselemis-3160\/","name":"Clover Siuvimo adatos su \u201ekarabino\u201c tipo ausel\u0117mis 3160 - Happyinaknit.com","isPartOf":{"@id":"https:\/\/happyinaknit.com\/lt\/#website"},"primaryImageOfPage":{"@id":"https:\/\/happyinaknit.com\/produktas\/clover-siuvimo-adatos-su-karabino-tipo-auselemis-3160\/#primaryimage"},"image":{"@id":"https:\/\/happyinaknit.com\/produktas\/clover-siuvimo-adatos-su-karabino-tipo-auselemis-3160\/#primaryimage"},"thumbnailUrl":"https:\/\/happyinaknit.com\/wp-content\/uploads\/2025\/10\/3160.jpg.webp","datePublished":"2025-10-20T12:10:29+00:00","dateModified":"2026-02-19T07:44:30+00:00","breadcrumb":{"@id":"https:\/\/happyinaknit.com\/produktas\/clover-siuvimo-adatos-su-karabino-tipo-auselemis-3160\/#breadcrumb"},"inLanguage":"ru-RU","potentialAction":[{"@type":"ReadAction","target":["https:\/\/happyinaknit.com\/produktas\/clover-siuvimo-adatos-su-karabino-tipo-auselemis-3160\/"]}]},{"@type":"ImageObject","inLanguage":"ru-RU","@id":"https:\/\/happyinaknit.com\/produktas\/clover-siuvimo-adatos-su-karabino-tipo-auselemis-3160\/#primaryimage","url":"https:\/\/happyinaknit.com\/wp-content\/uploads\/2025\/10\/3160.jpg.webp","contentUrl":"https:\/\/happyinaknit.com\/wp-content\/uploads\/2025\/10\/3160.jpg.webp","width":580,"height":580},{"@type":"BreadcrumbList","@id":"https:\/\/happyinaknit.com\/produktas\/clover-siuvimo-adatos-su-karabino-tipo-auselemis-3160\/#breadcrumb","itemListElement":[{"@type":"ListItem","position":1,"name":"Home","item":"https:\/\/happyinaknit.com\/lt\/"},{"@type":"ListItem","position":2,"name":"Parduotuv\u0117","item":"https:\/\/happyinaknit.com\/lt\/parduotuve\/"},{"@type":"ListItem","position":3,"name":"Clover Siuvimo adatos su \u201ekarabino\u201c tipo ausel\u0117mis 3160"}]},{"@type":"WebSite","@id":"https:\/\/happyinaknit.com\/lt\/#website","url":"https:\/\/happyinaknit.com\/lt\/","name":"Happyinaknit.com","description":"","potentialAction":[{"@type":"SearchAction","target":{"@type":"EntryPoint","urlTemplate":"https:\/\/happyinaknit.com\/lt\/?s={search_term_string}"},"query-input":{"@type":"PropertyValueSpecification","valueRequired":true,"valueName":"search_term_string"}}],"inLanguage":"ru-RU"}]}},"_links":{"self":[{"href":"https:\/\/happyinaknit.com\/ru\/wp-json\/wp\/v2\/product\/6904","targetHints":{"allow":["GET"]}}],"collection":[{"href":"https:\/\/happyinaknit.com\/ru\/wp-json\/wp\/v2\/product"}],"about":[{"href":"https:\/\/happyinaknit.com\/ru\/wp-json\/wp\/v2\/types\/product"}],"replies":[{"embeddable":true,"href":"https:\/\/happyinaknit.com\/ru\/wp-json\/wp\/v2\/comments?post=6904"}],"wp:featuredmedia":[{"embeddable":true,"href":"https:\/\/happyinaknit.com\/ru\/wp-json\/wp\/v2\/media\/6905"}],"wp:attachment":[{"href":"https:\/\/happyinaknit.com\/ru\/wp-json\/wp\/v2\/media?parent=6904"}],"wp:term":[{"taxonomy":"product_brand","embeddable":true,"href":"https:\/\/happyinaknit.com\/ru\/wp-json\/wp\/v2\/product_brand?post=6904"},{"taxonomy":"product_cat","embeddable":true,"href":"https:\/\/happyinaknit.com\/ru\/wp-json\/wp\/v2\/product_cat?post=6904"},{"taxonomy":"product_tag","embeddable":true,"href":"https:\/\/happyinaknit.com\/ru\/wp-json\/wp\/v2\/product_tag?post=6904"},{"taxonomy":"pro-kategorijos","embeddable":true,"href":"https:\/\/happyinaknit.com\/ru\/wp-json\/wp\/v2\/pro-kategorijos?post=6904"}],"curies":[{"name":"wp","href":"https:\/\/api.w.org\/{rel}","templated":true}]}}