{"id":6881,"date":"2025-10-19T21:55:23","date_gmt":"2025-10-19T21:55:23","guid":{"rendered":"https:\/\/happyinaknit.com\/?post_type=product&#038;p=6881"},"modified":"2025-10-19T21:55:24","modified_gmt":"2025-10-19T21:55:24","slug":"chiaogoo-twist-lace-prisukami-virbalai-8-cm","status":"publish","type":"product","link":"https:\/\/happyinaknit.com\/ru\/product\/chiaogoo-twist-lace-prisukami-virbalai-8-cm\/","title":{"rendered":"ChiaoGoo TWIST \u0441\u043f\u0438\u0446\u044b \u0440\u0430\u0437\u044a\u0435\u043c\u043d\u044b\u0435 \u0434\u043b\u0438\u043d\u043e\u0439  8 \u0441\u043c"},"content":{"rendered":"<p><b>ChiaoGoo TWIST 8 \u0441\u043c<\/b> \u0440\u0430\u0437\u044a\u0435\u043c\u043d\u044b\u0435 \u0441\u043f\u0438\u0446\u044b \u2014 \u0441\u0430\u043c\u044b\u0435 \u043a\u043e\u0440\u043e\u0442\u043a\u0438\u0435 \u0432 \u044d\u0442\u043e\u0439 \u0441\u0435\u0440\u0438\u0438, \u0438\u0434\u0435\u0430\u043b\u044c\u043d\u043e \u043f\u043e\u0434\u0445\u043e\u0434\u044f\u0442 \u0434\u043b\u044f \u0432\u044f\u0437\u0430\u043d\u0438\u044f \u043d\u0435\u0431\u043e\u043b\u044c\u0448\u0438\u0445 \u043a\u0440\u0443\u0433\u043e\u0432\u044b\u0445 \u0438\u0437\u0434\u0435\u043b\u0438\u0439, \u0442\u0430\u043a\u0438\u0445 \u043a\u0430\u043a \u043d\u043e\u0441\u043a\u0438, \u0440\u0443\u043a\u0430\u0432\u0430 \u0438\u043b\u0438 \u0448\u0430\u043f\u043a\u0438. \u0418\u0437\u0433\u043e\u0442\u043e\u0432\u043b\u0435\u043d\u044b \u0438\u0437 <b>\u043d\u0435\u0440\u0436\u0430\u0432\u0435\u044e\u0449\u0435\u0439  \u0441\u0442\u0430\u043b\u0438<\/b>\u0438 \u0438\u043c\u0435\u044e\u0442 <b>\u0447\u0440\u0435\u0437\u0432\u044b\u0447\u0430\u0439\u043d\u043e \u0433\u043b\u0430\u0434\u043a\u0443\u044e, \u0431\u043b\u0435\u0441\u0442\u044f\u0449\u0443\u044e \u043f\u043e\u0432\u0435\u0440\u0445\u043d\u043e\u0441\u0442\u044c<\/b>, \u043e\u0431\u0435\u0441\u043f\u0435\u0447\u0438\u0432\u0430\u044f  \u0438\u0434\u0435\u0430\u043b\u044c\u043d\u043e\u0435 \u0441\u043a\u043e\u043b\u044c\u0436\u0435\u043d\u0438\u0435 \u043f\u0435\u0442\u0435\u043b\u044c.<\/p>\n<p>\u041d\u0430 \u043a\u0430\u0436\u0434\u043e\u0439 \u0441\u043f\u0438\u0446\u0435 \u2013 <b>\u0440\u0430\u0437\u043c\u0435\u0440  \u043d\u0430\u043d\u0435\u0441\u0435\u043d \u043b\u0430\u0437\u0435\u0440\u043e\u043c<\/b>, \u0441\u043e\u0435\u0434\u0438\u043d\u0435\u043d\u0438\u044f -  \u0433\u043b\u0430\u0434\u043a\u0438\u0435.<\/p>\n<p><b>\u041f\u043e\u0434\u0445\u043e\u0434\u0438\u0442 \u0442\u043e\u043b\u044c\u043a\u043e \u0434\u043b\u044f \u0441\u0438\u0441\u0442\u0435\u043c ChiaoGoo.<\/b><b><\/b><\/p>\n<p><b>\u041f\u043e\u0434\u0445\u043e\u0434\u0438\u0442 \u0434\u043b\u044f \u0441\u0438\u0441\u0442\u0435\u043c:<\/b><b><\/b><\/p>\n<p>\u2022\u0421\u043f\u0438\u0446\u044b <b>1,5-2,5 \u043c\u043c<\/b> - \u0441 <b>Mini  (\u041c)<\/b> \u043b\u0435\u0441\u043a\u043e\u0439<\/p>\n<p>\u2022\u0421\u043f\u0438\u0446\u044b <b>2,75-5,0 \u043c\u043c<\/b> - \u0441 <b>Small  (S)<\/b> \u043b\u0435\u0441\u043a\u043e\u0439<\/p>\n<p>\u2022\u0421\u043f\u0438\u0446\u044b <b>5,5-10,0 \u043c\u043c<\/b> - \u0441 <b>Large  (L)<\/b> \u043b\u0435\u0441\u043a\u043e\u0439<\/p>\n<p><b>\u0414\u043b\u0438\u043d\u0430:<\/b> 8 \u0441\u043c<\/p>\n<p><b>\u041f\u0440\u0438\u043c\u0435\u0447\u0430\u043d\u0438\u0435:<\/b> \u0426\u0432\u0435\u0442\u043e\u0432\u044b\u0435 \u043e\u0442\u0442\u0435\u043d\u043a\u0438 \u043c\u043e\u0433\u0443\u0442 \u043d\u0435\u0437\u043d\u0430\u0447\u0438\u0442\u0435\u043b\u044c\u043d\u043e \u043e\u0442\u043b\u0438\u0447\u0430\u0442\u044c\u0441\u044f \u0432 \u0437\u0430\u0432\u0438\u0441\u0438\u043c\u043e\u0441\u0442\u0438 \u043e\u0442 \u044d\u043a\u0440\u0430\u043d\u0430 \u0432\u0430\u0448\u0435\u0433\u043e \u0443\u0441\u0442\u0440\u043e\u0439\u0441\u0442\u0432\u0430.<\/p>","protected":false},"excerpt":{"rendered":"<p>ChiaoGoo TWIST Lace 8 cm prisukami virbalai \u2013 trumpiausi i\u0161 \u0161ios serijos, idealiai tinkantys ma\u017eiems apskritiems mezginiams, pavyzd\u017eiui, kojin\u0117ms, rankov\u0117ms ar kepur\u0117ms. Pagaminti i\u0161 ner\u016bdijan\u010dio plieno, turin\u010dio itin glotn\u0173, blizg\u0173 pavir\u0161i\u0173, u\u017etikrinant\u012f, kad akys slyst\u0173 be pasiprie\u0161inimo. Ant kiekvieno virbalo \u2013 lazeriu i\u0161graviruotas dydis, jungtys tvirtos ir ypa\u010d lygios. Tinka tik ChiaoGoo sistemoms. Tinka sistemoms: [&hellip;]<\/p>\n","protected":false},"featured_media":6842,"comment_status":"open","ping_status":"closed","template":"","meta":{"_acf_changed":false},"product_brand":[166],"product_cat":[15,19,863],"product_tag":[],"pro-kategorijos":[],"class_list":{"0":"post-6881","1":"product","2":"type-product","3":"status-publish","4":"has-post-thumbnail","6":"product_brand-chiaogoo","7":"product_cat-visi-produktai","8":"product_cat-mezgimo-priemones","9":"product_cat-prisukami-virbalai","11":"first","12":"instock","13":"shipping-taxable","14":"purchasable","15":"product-type-variable"},"acf":[],"yoast_head":"<!-- This site is optimized with the Yoast SEO plugin v26.8 - https:\/\/yoast.com\/product\/yoast-seo-wordpress\/ -->\n<title>ChiaoGoo TWIST Lace Prisukami Virbalai 8 cm - Happyinaknit.com<\/title>\n<meta name=\"robots\" content=\"index, follow, max-snippet:-1, max-image-preview:large, max-video-preview:-1\" \/>\n<link rel=\"canonical\" href=\"https:\/\/happyinaknit.com\/ru\/product\/chiaogoo-twist-lace-prisukami-virbalai-8-cm\/\" \/>\n<meta property=\"og:locale\" content=\"ru_RU\" \/>\n<meta property=\"og:type\" content=\"article\" \/>\n<meta property=\"og:title\" content=\"ChiaoGoo TWIST Lace Prisukami Virbalai 8 cm - Happyinaknit.com\" \/>\n<meta property=\"og:description\" content=\"ChiaoGoo TWIST Lace 8 cm prisukami virbalai \u2013 trumpiausi i\u0161 \u0161ios serijos, idealiai tinkantys ma\u017eiems apskritiems mezginiams, pavyzd\u017eiui, kojin\u0117ms, rankov\u0117ms ar kepur\u0117ms. Pagaminti i\u0161 ner\u016bdijan\u010dio plieno, turin\u010dio itin glotn\u0173, blizg\u0173 pavir\u0161i\u0173, u\u017etikrinant\u012f, kad akys slyst\u0173 be pasiprie\u0161inimo. Ant kiekvieno virbalo \u2013 lazeriu i\u0161graviruotas dydis, jungtys tvirtos ir ypa\u010d lygios. Tinka tik ChiaoGoo sistemoms. Tinka sistemoms: [&hellip;]\" \/>\n<meta property=\"og:url\" content=\"https:\/\/happyinaknit.com\/ru\/product\/chiaogoo-twist-lace-prisukami-virbalai-8-cm\/\" \/>\n<meta property=\"og:site_name\" content=\"Happyinaknit.com\" \/>\n<meta property=\"article:modified_time\" content=\"2025-10-19T21:55:24+00:00\" \/>\n<meta property=\"og:image\" content=\"https:\/\/happyinaknit.com\/wp-content\/uploads\/2025\/10\/cg7505_6.jpg\" \/>\n\t<meta property=\"og:image:width\" content=\"1000\" \/>\n\t<meta property=\"og:image:height\" content=\"1000\" \/>\n\t<meta property=\"og:image:type\" content=\"image\/jpeg\" \/>\n<meta name=\"twitter:card\" content=\"summary_large_image\" \/>\n<script type=\"application\/ld+json\" class=\"yoast-schema-graph\">{\"@context\":\"https:\/\/schema.org\",\"@graph\":[{\"@type\":\"WebPage\",\"@id\":\"https:\/\/happyinaknit.com\/produktas\/chiaogoo-twist-lace-prisukami-virbalai-8-cm\/\",\"url\":\"https:\/\/happyinaknit.com\/produktas\/chiaogoo-twist-lace-prisukami-virbalai-8-cm\/\",\"name\":\"ChiaoGoo TWIST Lace Prisukami Virbalai 8 cm - Happyinaknit.com\",\"isPartOf\":{\"@id\":\"https:\/\/happyinaknit.com\/lt\/#website\"},\"primaryImageOfPage\":{\"@id\":\"https:\/\/happyinaknit.com\/produktas\/chiaogoo-twist-lace-prisukami-virbalai-8-cm\/#primaryimage\"},\"image\":{\"@id\":\"https:\/\/happyinaknit.com\/produktas\/chiaogoo-twist-lace-prisukami-virbalai-8-cm\/#primaryimage\"},\"thumbnailUrl\":\"https:\/\/happyinaknit.com\/wp-content\/uploads\/2025\/10\/cg7505_6.jpg\",\"datePublished\":\"2025-10-19T21:55:23+00:00\",\"dateModified\":\"2025-10-19T21:55:24+00:00\",\"breadcrumb\":{\"@id\":\"https:\/\/happyinaknit.com\/produktas\/chiaogoo-twist-lace-prisukami-virbalai-8-cm\/#breadcrumb\"},\"inLanguage\":\"ru-RU\",\"potentialAction\":[{\"@type\":\"ReadAction\",\"target\":[\"https:\/\/happyinaknit.com\/produktas\/chiaogoo-twist-lace-prisukami-virbalai-8-cm\/\"]}]},{\"@type\":\"ImageObject\",\"inLanguage\":\"ru-RU\",\"@id\":\"https:\/\/happyinaknit.com\/produktas\/chiaogoo-twist-lace-prisukami-virbalai-8-cm\/#primaryimage\",\"url\":\"https:\/\/happyinaknit.com\/wp-content\/uploads\/2025\/10\/cg7505_6.jpg\",\"contentUrl\":\"https:\/\/happyinaknit.com\/wp-content\/uploads\/2025\/10\/cg7505_6.jpg\",\"width\":1000,\"height\":1000},{\"@type\":\"BreadcrumbList\",\"@id\":\"https:\/\/happyinaknit.com\/produktas\/chiaogoo-twist-lace-prisukami-virbalai-8-cm\/#breadcrumb\",\"itemListElement\":[{\"@type\":\"ListItem\",\"position\":1,\"name\":\"Home\",\"item\":\"https:\/\/happyinaknit.com\/lt\/\"},{\"@type\":\"ListItem\",\"position\":2,\"name\":\"Parduotuv\u0117\",\"item\":\"https:\/\/happyinaknit.com\/lt\/parduotuve\/\"},{\"@type\":\"ListItem\",\"position\":3,\"name\":\"ChiaoGoo TWIST Lace Prisukami Virbalai 8 cm\"}]},{\"@type\":\"WebSite\",\"@id\":\"https:\/\/happyinaknit.com\/lt\/#website\",\"url\":\"https:\/\/happyinaknit.com\/lt\/\",\"name\":\"Happyinaknit.com\",\"description\":\"\",\"potentialAction\":[{\"@type\":\"SearchAction\",\"target\":{\"@type\":\"EntryPoint\",\"urlTemplate\":\"https:\/\/happyinaknit.com\/lt\/?s={search_term_string}\"},\"query-input\":{\"@type\":\"PropertyValueSpecification\",\"valueRequired\":true,\"valueName\":\"search_term_string\"}}],\"inLanguage\":\"ru-RU\"}]}<\/script>\n<!-- \/ Yoast SEO plugin. -->","yoast_head_json":{"title":"ChiaoGoo TWIST Lace Prisukami Virbalai 8 cm - Happyinaknit.com","robots":{"index":"index","follow":"follow","max-snippet":"max-snippet:-1","max-image-preview":"max-image-preview:large","max-video-preview":"max-video-preview:-1"},"canonical":"https:\/\/happyinaknit.com\/ru\/product\/chiaogoo-twist-lace-prisukami-virbalai-8-cm\/","og_locale":"ru_RU","og_type":"article","og_title":"ChiaoGoo TWIST Lace Prisukami Virbalai 8 cm - Happyinaknit.com","og_description":"ChiaoGoo TWIST Lace 8 cm prisukami virbalai \u2013 trumpiausi i\u0161 \u0161ios serijos, idealiai tinkantys ma\u017eiems apskritiems mezginiams, pavyzd\u017eiui, kojin\u0117ms, rankov\u0117ms ar kepur\u0117ms. Pagaminti i\u0161 ner\u016bdijan\u010dio plieno, turin\u010dio itin glotn\u0173, blizg\u0173 pavir\u0161i\u0173, u\u017etikrinant\u012f, kad akys slyst\u0173 be pasiprie\u0161inimo. Ant kiekvieno virbalo \u2013 lazeriu i\u0161graviruotas dydis, jungtys tvirtos ir ypa\u010d lygios. Tinka tik ChiaoGoo sistemoms. Tinka sistemoms: [&hellip;]","og_url":"https:\/\/happyinaknit.com\/ru\/product\/chiaogoo-twist-lace-prisukami-virbalai-8-cm\/","og_site_name":"Happyinaknit.com","article_modified_time":"2025-10-19T21:55:24+00:00","og_image":[{"width":1000,"height":1000,"url":"https:\/\/happyinaknit.com\/wp-content\/uploads\/2025\/10\/cg7505_6.jpg","type":"image\/jpeg"}],"twitter_card":"summary_large_image","schema":{"@context":"https:\/\/schema.org","@graph":[{"@type":"WebPage","@id":"https:\/\/happyinaknit.com\/produktas\/chiaogoo-twist-lace-prisukami-virbalai-8-cm\/","url":"https:\/\/happyinaknit.com\/produktas\/chiaogoo-twist-lace-prisukami-virbalai-8-cm\/","name":"ChiaoGoo TWIST Lace Prisukami Virbalai 8 cm - Happyinaknit.com","isPartOf":{"@id":"https:\/\/happyinaknit.com\/lt\/#website"},"primaryImageOfPage":{"@id":"https:\/\/happyinaknit.com\/produktas\/chiaogoo-twist-lace-prisukami-virbalai-8-cm\/#primaryimage"},"image":{"@id":"https:\/\/happyinaknit.com\/produktas\/chiaogoo-twist-lace-prisukami-virbalai-8-cm\/#primaryimage"},"thumbnailUrl":"https:\/\/happyinaknit.com\/wp-content\/uploads\/2025\/10\/cg7505_6.jpg","datePublished":"2025-10-19T21:55:23+00:00","dateModified":"2025-10-19T21:55:24+00:00","breadcrumb":{"@id":"https:\/\/happyinaknit.com\/produktas\/chiaogoo-twist-lace-prisukami-virbalai-8-cm\/#breadcrumb"},"inLanguage":"ru-RU","potentialAction":[{"@type":"ReadAction","target":["https:\/\/happyinaknit.com\/produktas\/chiaogoo-twist-lace-prisukami-virbalai-8-cm\/"]}]},{"@type":"ImageObject","inLanguage":"ru-RU","@id":"https:\/\/happyinaknit.com\/produktas\/chiaogoo-twist-lace-prisukami-virbalai-8-cm\/#primaryimage","url":"https:\/\/happyinaknit.com\/wp-content\/uploads\/2025\/10\/cg7505_6.jpg","contentUrl":"https:\/\/happyinaknit.com\/wp-content\/uploads\/2025\/10\/cg7505_6.jpg","width":1000,"height":1000},{"@type":"BreadcrumbList","@id":"https:\/\/happyinaknit.com\/produktas\/chiaogoo-twist-lace-prisukami-virbalai-8-cm\/#breadcrumb","itemListElement":[{"@type":"ListItem","position":1,"name":"Home","item":"https:\/\/happyinaknit.com\/lt\/"},{"@type":"ListItem","position":2,"name":"Parduotuv\u0117","item":"https:\/\/happyinaknit.com\/lt\/parduotuve\/"},{"@type":"ListItem","position":3,"name":"ChiaoGoo TWIST Lace Prisukami Virbalai 8 cm"}]},{"@type":"WebSite","@id":"https:\/\/happyinaknit.com\/lt\/#website","url":"https:\/\/happyinaknit.com\/lt\/","name":"Happyinaknit.com","description":"","potentialAction":[{"@type":"SearchAction","target":{"@type":"EntryPoint","urlTemplate":"https:\/\/happyinaknit.com\/lt\/?s={search_term_string}"},"query-input":{"@type":"PropertyValueSpecification","valueRequired":true,"valueName":"search_term_string"}}],"inLanguage":"ru-RU"}]}},"_links":{"self":[{"href":"https:\/\/happyinaknit.com\/ru\/wp-json\/wp\/v2\/product\/6881","targetHints":{"allow":["GET"]}}],"collection":[{"href":"https:\/\/happyinaknit.com\/ru\/wp-json\/wp\/v2\/product"}],"about":[{"href":"https:\/\/happyinaknit.com\/ru\/wp-json\/wp\/v2\/types\/product"}],"replies":[{"embeddable":true,"href":"https:\/\/happyinaknit.com\/ru\/wp-json\/wp\/v2\/comments?post=6881"}],"wp:featuredmedia":[{"embeddable":true,"href":"https:\/\/happyinaknit.com\/ru\/wp-json\/wp\/v2\/media\/6842"}],"wp:attachment":[{"href":"https:\/\/happyinaknit.com\/ru\/wp-json\/wp\/v2\/media?parent=6881"}],"wp:term":[{"taxonomy":"product_brand","embeddable":true,"href":"https:\/\/happyinaknit.com\/ru\/wp-json\/wp\/v2\/product_brand?post=6881"},{"taxonomy":"product_cat","embeddable":true,"href":"https:\/\/happyinaknit.com\/ru\/wp-json\/wp\/v2\/product_cat?post=6881"},{"taxonomy":"product_tag","embeddable":true,"href":"https:\/\/happyinaknit.com\/ru\/wp-json\/wp\/v2\/product_tag?post=6881"},{"taxonomy":"pro-kategorijos","embeddable":true,"href":"https:\/\/happyinaknit.com\/ru\/wp-json\/wp\/v2\/pro-kategorijos?post=6881"}],"curies":[{"name":"wp","href":"https:\/\/api.w.org\/{rel}","templated":true}]}}