{"id":6811,"date":"2025-10-19T21:20:04","date_gmt":"2025-10-19T21:20:04","guid":{"rendered":"https:\/\/happyinaknit.com\/?post_type=product&#038;p=6811"},"modified":"2025-10-19T21:20:05","modified_gmt":"2025-10-19T21:20:05","slug":"chiaogoo-red-lace-virbalai-su-valu-60-cm","status":"publish","type":"product","link":"https:\/\/happyinaknit.com\/ru\/product\/chiaogoo-red-lace-virbalai-su-valu-60-cm\/","title":{"rendered":"ChiaoGoo Red Lace \u0441\u043f\u0438\u0446\u044b  \u043d\u0430  \u043b\u0435\u0441\u043a\u0435  60 \u0441\u043c"},"content":{"rendered":"<p><b>\u0421\u043f\u0438\u0446\u044b  ChiaoGoo Red Lace \u043d\u0430 \u043b\u0435\u0441\u043a\u0435<\/b> \u2013 \u044d\u0442\u043e \u0441\u0430\u043c\u0430\u044f \u043f\u043e\u043f\u0443\u043b\u044f\u0440\u043d\u0430\u044f \u0438 \u0432\u0441\u0435\u043c\u0438 \u043b\u044e\u0431\u0438\u043c\u0430\u044f <b>ChiaoGoo<\/b> \u0441\u0435\u0440\u0438\u044f. \u0421\u043f\u0438\u0446\u044b <b>\u043d\u0435\u0440\u0436\u0430\u0432\u0435\u044e\u0449\u0435\u0439  \u0441\u0442\u0430\u043b\u0438<\/b>,\u0441 \u0438\u0441\u043a\u043b\u044e\u0447\u0438\u0442\u0435\u043b\u044c\u043d\u043e  \u0433\u043b\u0430\u0434\u043a\u043e\u0439, \u0431\u043b\u0435\u0441\u0442\u044f\u0449\u0435\u0439 \u043f\u043e\u0432\u0435\u0440\u0445\u043d\u043e\u0441\u0442\u044c\u044e, \u0431\u043b\u0430\u0433\u043e\u0434\u0430\u0440\u044f \u0447\u0435\u043c\u0443 \u043f\u0435\u0442\u043b\u0438 \u0441\u043a\u043e\u043b\u044c\u0437\u044f\u0442 \u043f\u043b\u0430\u0432\u043d\u043e, \u0431\u0435\u0437 \u043f\u043e\u043c\u0435\u0445.<\/p>\n<p>\u0413\u0438\u0431\u043a\u0430\u044f, \u043c\u043d\u043e\u0433\u043e\u0441\u043b\u043e\u0439\u043d\u0430\u044f <b>\u0441\u0442\u0430\u043b\u044c\u043d\u0430\u044f \u043b\u0435\u0441\u043a\u0430<\/b>, \u043f\u043e\u043a\u0440\u044b\u0442\u0430\u044f \u043a\u0440\u0430\u0441\u043d\u044b\u043c \u043d\u0435\u0439\u043b\u043e\u043d\u043e\u043c, \u043d\u0435 \u0438\u043c\u0435\u0435\u0442 \u043f\u0430\u043c\u044f\u0442\u0438 \u2013 \u043d\u0435 \u0441\u043a\u0440\u0443\u0447\u0438\u0432\u0430\u0435\u0442\u0441\u044f \u0438 \u043e\u0441\u0442\u0430\u0435\u0442\u0441\u044f \u044d\u043b\u0430\u0441\u0442\u0438\u0447\u043d\u043e\u0439. <b>\u042d\u0440\u0433\u043e\u043d\u043e\u043c\u0438\u0447\u043d\u0430\u044f \u043a\u043e\u043d\u0441\u0442\u0440\u0443\u043a\u0446\u0438\u044f<\/b> \u0441\u043d\u0438\u0436\u0430\u0435\u0442 \u0443\u0442\u043e\u043c\u043b\u044f\u0435\u043c\u043e\u0441\u0442\u044c \u0440\u0443\u043a \u0434\u0430\u0436\u0435 \u043f\u0440\u0438 \u0434\u043b\u0438\u0442\u0435\u043b\u044c\u043d\u043e\u043c \u0432\u044f\u0437\u0430\u043d\u0438\u0438.<\/p>\n<p>\u041d\u0430 \u043a\u0430\u0436\u0434\u043e\u0439 \u0441\u043f\u0438\u0446\u0435 <b>\u0440\u0430\u0437\u043c\u0435\u0440  \u043d\u0430\u043d\u0435\u0441\u0435\u043d \u043b\u0430\u0437\u0435\u0440\u043e\u043c<\/b>, \u043a\u043e\u0442\u043e\u0440\u044b\u0439 \u043d\u0435 \u0441\u0442\u0438\u0440\u0430\u0435\u0442\u0441\u044f, \u0430 <b>\u0441\u043e\u0435\u0434\u0438\u043d\u0435\u043d\u0438\u044f \u0438\u0434\u0435\u0430\u043b\u044c\u043d\u043e \u0433\u043b\u0430\u0434\u043a\u0438\u0435<\/b>, \u0447\u0442\u043e \u0434\u0435\u043b\u0430\u0435\u0442 \u0432\u044f\u0437\u0430\u043d\u0438\u0435 \u043d\u0435\u043e\u0431\u044b\u0447\u0430\u0439\u043d\u043e \u043f\u0440\u0438\u044f\u0442\u043d\u044b\u043c.<\/p>\n<p><b>\u041e\u0431\u0449\u0430\u044f \u0434\u043b\u0438\u043d\u0430 \u0441 \u043b\u0435\u0441\u043a\u043e\u0439 60 \u0441\u043c.\u00a0<\/b><\/p>\n<p><b>\u041f\u0440\u0438\u043c\u0435\u0447\u0430\u043d\u0438\u0435:<\/b> \u0426\u0432\u0435\u0442\u043e\u0432\u044b\u0435 \u043e\u0442\u0442\u0435\u043d\u043a\u0438 \u043c\u043e\u0433\u0443\u0442 \u043d\u0435\u0437\u043d\u0430\u0447\u0438\u0442\u0435\u043b\u044c\u043d\u043e \u043e\u0442\u043b\u0438\u0447\u0430\u0442\u044c\u0441\u044f \u0432 \u0437\u0430\u0432\u0438\u0441\u0438\u043c\u043e\u0441\u0442\u0438 \u043e\u0442 \u044d\u043a\u0440\u0430\u043d\u0430 \u0432\u0430\u0448\u0435\u0433\u043e \u0443\u0441\u0442\u0440\u043e\u0439\u0441\u0442\u0432\u0430.<\/p>","protected":false},"excerpt":{"rendered":"<p>ChiaoGoo Red Lace virbalai su valu \u2013 tai populiariausia ir labiausiai vertinama ChiaoGoo serija. Virbalai pagaminti i\u0161 ner\u016bdijan\u010dio plieno, turin\u010dio itin glotn\u0173, blizg\u0173 pavir\u0161i\u0173, tod\u0117l akys slysta tolygiai, be trukd\u017ei\u0173. Lankstus, daugiasluoksnis plieninis valas, padengtas raudonu nailonu, neturi atminties \u2013 jis nesusisuka ir i\u0161lieka elastingas. Ergonomi\u0161ka konstrukcija suma\u017eina rank\u0173 nuovarg\u012f net mezgant ilg\u0105 laik\u0105. Ant [&hellip;]<\/p>\n","protected":false},"featured_media":6805,"comment_status":"open","ping_status":"closed","template":"","meta":{"_acf_changed":false},"product_brand":[166],"product_cat":[15,19,862],"product_tag":[],"pro-kategorijos":[],"class_list":{"0":"post-6811","1":"product","2":"type-product","3":"status-publish","4":"has-post-thumbnail","6":"product_brand-chiaogoo","7":"product_cat-visi-produktai","8":"product_cat-mezgimo-priemones","9":"product_cat-virbalai-su-valu","11":"first","12":"instock","13":"shipping-taxable","14":"purchasable","15":"product-type-variable"},"acf":[],"yoast_head":"<!-- This site is optimized with the Yoast SEO plugin v26.8 - https:\/\/yoast.com\/product\/yoast-seo-wordpress\/ -->\n<title>ChiaoGoo Red Lace Virbalai Su Valu 60 cm - Happyinaknit.com<\/title>\n<meta name=\"robots\" content=\"index, follow, max-snippet:-1, max-image-preview:large, max-video-preview:-1\" \/>\n<link rel=\"canonical\" href=\"https:\/\/happyinaknit.com\/ru\/product\/chiaogoo-red-lace-virbalai-su-valu-60-cm\/\" \/>\n<meta property=\"og:locale\" content=\"ru_RU\" \/>\n<meta property=\"og:type\" content=\"article\" \/>\n<meta property=\"og:title\" content=\"ChiaoGoo Red Lace Virbalai Su Valu 60 cm - Happyinaknit.com\" \/>\n<meta property=\"og:description\" content=\"ChiaoGoo Red Lace virbalai su valu \u2013 tai populiariausia ir labiausiai vertinama ChiaoGoo serija. Virbalai pagaminti i\u0161 ner\u016bdijan\u010dio plieno, turin\u010dio itin glotn\u0173, blizg\u0173 pavir\u0161i\u0173, tod\u0117l akys slysta tolygiai, be trukd\u017ei\u0173. Lankstus, daugiasluoksnis plieninis valas, padengtas raudonu nailonu, neturi atminties \u2013 jis nesusisuka ir i\u0161lieka elastingas. Ergonomi\u0161ka konstrukcija suma\u017eina rank\u0173 nuovarg\u012f net mezgant ilg\u0105 laik\u0105. Ant [&hellip;]\" \/>\n<meta property=\"og:url\" content=\"https:\/\/happyinaknit.com\/ru\/product\/chiaogoo-red-lace-virbalai-su-valu-60-cm\/\" \/>\n<meta property=\"og:site_name\" content=\"Happyinaknit.com\" \/>\n<meta property=\"article:modified_time\" content=\"2025-10-19T21:20:05+00:00\" \/>\n<meta property=\"og:image\" content=\"https:\/\/happyinaknit.com\/wp-content\/uploads\/2025\/10\/chiaogoo-red-lace-rundstricknadel.jpg\" \/>\n\t<meta property=\"og:image:width\" content=\"700\" \/>\n\t<meta property=\"og:image:height\" content=\"700\" \/>\n\t<meta property=\"og:image:type\" content=\"image\/jpeg\" \/>\n<meta name=\"twitter:card\" content=\"summary_large_image\" \/>\n<script type=\"application\/ld+json\" class=\"yoast-schema-graph\">{\"@context\":\"https:\/\/schema.org\",\"@graph\":[{\"@type\":\"WebPage\",\"@id\":\"https:\/\/happyinaknit.com\/produktas\/chiaogoo-red-lace-virbalai-su-valu-60-cm\/\",\"url\":\"https:\/\/happyinaknit.com\/produktas\/chiaogoo-red-lace-virbalai-su-valu-60-cm\/\",\"name\":\"ChiaoGoo Red Lace Virbalai Su Valu 60 cm - Happyinaknit.com\",\"isPartOf\":{\"@id\":\"https:\/\/happyinaknit.com\/lt\/#website\"},\"primaryImageOfPage\":{\"@id\":\"https:\/\/happyinaknit.com\/produktas\/chiaogoo-red-lace-virbalai-su-valu-60-cm\/#primaryimage\"},\"image\":{\"@id\":\"https:\/\/happyinaknit.com\/produktas\/chiaogoo-red-lace-virbalai-su-valu-60-cm\/#primaryimage\"},\"thumbnailUrl\":\"https:\/\/happyinaknit.com\/wp-content\/uploads\/2025\/10\/chiaogoo-red-lace-rundstricknadel.jpg\",\"datePublished\":\"2025-10-19T21:20:04+00:00\",\"dateModified\":\"2025-10-19T21:20:05+00:00\",\"breadcrumb\":{\"@id\":\"https:\/\/happyinaknit.com\/produktas\/chiaogoo-red-lace-virbalai-su-valu-60-cm\/#breadcrumb\"},\"inLanguage\":\"ru-RU\",\"potentialAction\":[{\"@type\":\"ReadAction\",\"target\":[\"https:\/\/happyinaknit.com\/produktas\/chiaogoo-red-lace-virbalai-su-valu-60-cm\/\"]}]},{\"@type\":\"ImageObject\",\"inLanguage\":\"ru-RU\",\"@id\":\"https:\/\/happyinaknit.com\/produktas\/chiaogoo-red-lace-virbalai-su-valu-60-cm\/#primaryimage\",\"url\":\"https:\/\/happyinaknit.com\/wp-content\/uploads\/2025\/10\/chiaogoo-red-lace-rundstricknadel.jpg\",\"contentUrl\":\"https:\/\/happyinaknit.com\/wp-content\/uploads\/2025\/10\/chiaogoo-red-lace-rundstricknadel.jpg\",\"width\":700,\"height\":700},{\"@type\":\"BreadcrumbList\",\"@id\":\"https:\/\/happyinaknit.com\/produktas\/chiaogoo-red-lace-virbalai-su-valu-60-cm\/#breadcrumb\",\"itemListElement\":[{\"@type\":\"ListItem\",\"position\":1,\"name\":\"Home\",\"item\":\"https:\/\/happyinaknit.com\/lt\/\"},{\"@type\":\"ListItem\",\"position\":2,\"name\":\"Parduotuv\u0117\",\"item\":\"https:\/\/happyinaknit.com\/lt\/parduotuve\/\"},{\"@type\":\"ListItem\",\"position\":3,\"name\":\"ChiaoGoo Red Lace Virbalai Su Valu 60 cm\"}]},{\"@type\":\"WebSite\",\"@id\":\"https:\/\/happyinaknit.com\/lt\/#website\",\"url\":\"https:\/\/happyinaknit.com\/lt\/\",\"name\":\"Happyinaknit.com\",\"description\":\"\",\"potentialAction\":[{\"@type\":\"SearchAction\",\"target\":{\"@type\":\"EntryPoint\",\"urlTemplate\":\"https:\/\/happyinaknit.com\/lt\/?s={search_term_string}\"},\"query-input\":{\"@type\":\"PropertyValueSpecification\",\"valueRequired\":true,\"valueName\":\"search_term_string\"}}],\"inLanguage\":\"ru-RU\"}]}<\/script>\n<!-- \/ Yoast SEO plugin. -->","yoast_head_json":{"title":"ChiaoGoo Red Lace Virbalai Su Valu 60 cm - Happyinaknit.com","robots":{"index":"index","follow":"follow","max-snippet":"max-snippet:-1","max-image-preview":"max-image-preview:large","max-video-preview":"max-video-preview:-1"},"canonical":"https:\/\/happyinaknit.com\/ru\/product\/chiaogoo-red-lace-virbalai-su-valu-60-cm\/","og_locale":"ru_RU","og_type":"article","og_title":"ChiaoGoo Red Lace Virbalai Su Valu 60 cm - Happyinaknit.com","og_description":"ChiaoGoo Red Lace virbalai su valu \u2013 tai populiariausia ir labiausiai vertinama ChiaoGoo serija. Virbalai pagaminti i\u0161 ner\u016bdijan\u010dio plieno, turin\u010dio itin glotn\u0173, blizg\u0173 pavir\u0161i\u0173, tod\u0117l akys slysta tolygiai, be trukd\u017ei\u0173. Lankstus, daugiasluoksnis plieninis valas, padengtas raudonu nailonu, neturi atminties \u2013 jis nesusisuka ir i\u0161lieka elastingas. Ergonomi\u0161ka konstrukcija suma\u017eina rank\u0173 nuovarg\u012f net mezgant ilg\u0105 laik\u0105. Ant [&hellip;]","og_url":"https:\/\/happyinaknit.com\/ru\/product\/chiaogoo-red-lace-virbalai-su-valu-60-cm\/","og_site_name":"Happyinaknit.com","article_modified_time":"2025-10-19T21:20:05+00:00","og_image":[{"width":700,"height":700,"url":"https:\/\/happyinaknit.com\/wp-content\/uploads\/2025\/10\/chiaogoo-red-lace-rundstricknadel.jpg","type":"image\/jpeg"}],"twitter_card":"summary_large_image","schema":{"@context":"https:\/\/schema.org","@graph":[{"@type":"WebPage","@id":"https:\/\/happyinaknit.com\/produktas\/chiaogoo-red-lace-virbalai-su-valu-60-cm\/","url":"https:\/\/happyinaknit.com\/produktas\/chiaogoo-red-lace-virbalai-su-valu-60-cm\/","name":"ChiaoGoo Red Lace Virbalai Su Valu 60 cm - Happyinaknit.com","isPartOf":{"@id":"https:\/\/happyinaknit.com\/lt\/#website"},"primaryImageOfPage":{"@id":"https:\/\/happyinaknit.com\/produktas\/chiaogoo-red-lace-virbalai-su-valu-60-cm\/#primaryimage"},"image":{"@id":"https:\/\/happyinaknit.com\/produktas\/chiaogoo-red-lace-virbalai-su-valu-60-cm\/#primaryimage"},"thumbnailUrl":"https:\/\/happyinaknit.com\/wp-content\/uploads\/2025\/10\/chiaogoo-red-lace-rundstricknadel.jpg","datePublished":"2025-10-19T21:20:04+00:00","dateModified":"2025-10-19T21:20:05+00:00","breadcrumb":{"@id":"https:\/\/happyinaknit.com\/produktas\/chiaogoo-red-lace-virbalai-su-valu-60-cm\/#breadcrumb"},"inLanguage":"ru-RU","potentialAction":[{"@type":"ReadAction","target":["https:\/\/happyinaknit.com\/produktas\/chiaogoo-red-lace-virbalai-su-valu-60-cm\/"]}]},{"@type":"ImageObject","inLanguage":"ru-RU","@id":"https:\/\/happyinaknit.com\/produktas\/chiaogoo-red-lace-virbalai-su-valu-60-cm\/#primaryimage","url":"https:\/\/happyinaknit.com\/wp-content\/uploads\/2025\/10\/chiaogoo-red-lace-rundstricknadel.jpg","contentUrl":"https:\/\/happyinaknit.com\/wp-content\/uploads\/2025\/10\/chiaogoo-red-lace-rundstricknadel.jpg","width":700,"height":700},{"@type":"BreadcrumbList","@id":"https:\/\/happyinaknit.com\/produktas\/chiaogoo-red-lace-virbalai-su-valu-60-cm\/#breadcrumb","itemListElement":[{"@type":"ListItem","position":1,"name":"Home","item":"https:\/\/happyinaknit.com\/lt\/"},{"@type":"ListItem","position":2,"name":"Parduotuv\u0117","item":"https:\/\/happyinaknit.com\/lt\/parduotuve\/"},{"@type":"ListItem","position":3,"name":"ChiaoGoo Red Lace Virbalai Su Valu 60 cm"}]},{"@type":"WebSite","@id":"https:\/\/happyinaknit.com\/lt\/#website","url":"https:\/\/happyinaknit.com\/lt\/","name":"Happyinaknit.com","description":"","potentialAction":[{"@type":"SearchAction","target":{"@type":"EntryPoint","urlTemplate":"https:\/\/happyinaknit.com\/lt\/?s={search_term_string}"},"query-input":{"@type":"PropertyValueSpecification","valueRequired":true,"valueName":"search_term_string"}}],"inLanguage":"ru-RU"}]}},"_links":{"self":[{"href":"https:\/\/happyinaknit.com\/ru\/wp-json\/wp\/v2\/product\/6811","targetHints":{"allow":["GET"]}}],"collection":[{"href":"https:\/\/happyinaknit.com\/ru\/wp-json\/wp\/v2\/product"}],"about":[{"href":"https:\/\/happyinaknit.com\/ru\/wp-json\/wp\/v2\/types\/product"}],"replies":[{"embeddable":true,"href":"https:\/\/happyinaknit.com\/ru\/wp-json\/wp\/v2\/comments?post=6811"}],"wp:featuredmedia":[{"embeddable":true,"href":"https:\/\/happyinaknit.com\/ru\/wp-json\/wp\/v2\/media\/6805"}],"wp:attachment":[{"href":"https:\/\/happyinaknit.com\/ru\/wp-json\/wp\/v2\/media?parent=6811"}],"wp:term":[{"taxonomy":"product_brand","embeddable":true,"href":"https:\/\/happyinaknit.com\/ru\/wp-json\/wp\/v2\/product_brand?post=6811"},{"taxonomy":"product_cat","embeddable":true,"href":"https:\/\/happyinaknit.com\/ru\/wp-json\/wp\/v2\/product_cat?post=6811"},{"taxonomy":"product_tag","embeddable":true,"href":"https:\/\/happyinaknit.com\/ru\/wp-json\/wp\/v2\/product_tag?post=6811"},{"taxonomy":"pro-kategorijos","embeddable":true,"href":"https:\/\/happyinaknit.com\/ru\/wp-json\/wp\/v2\/pro-kategorijos?post=6811"}],"curies":[{"name":"wp","href":"https:\/\/api.w.org\/{rel}","templated":true}]}}