{"id":6769,"date":"2025-10-19T20:35:44","date_gmt":"2025-10-19T20:35:44","guid":{"rendered":"https:\/\/happyinaknit.com\/?post_type=product&#038;p=6769"},"modified":"2026-03-30T11:50:19","modified_gmt":"2026-03-30T11:50:19","slug":"chiaogoo-spin-bambukiniai-prisukami-virbalai-10-cm-ir-13-cm","status":"publish","type":"product","link":"https:\/\/happyinaknit.com\/ru\/product\/chiaogoo-spin-bambukiniai-prisukami-virbalai-10-cm-ir-13-cm\/","title":{"rendered":"ChiaoGoo SPIN \u0431\u0430\u043c\u0431\u0443\u043a\u043e\u0432\u044b\u0435 \u0440\u0430\u0437\u044a\u0435\u043c\u043d\u044b\u0435 \u0441\u043f\u0438\u0446\u044b 10 \u0441\u043c \u0438 13 \u0441\u043c"},"content":{"rendered":"<p><b>\u0411\u0430\u043c\u0431\u0443\u043a\u043e\u0432\u044b\u0435 \u0440\u0430\u0437\u044a\u0435\u043c\u043d\u044b\u0435 \u0441\u043f\u0438\u0446\u044b ChiaoGoo SPIN<\/b> \u0438\u0437\u0433\u043e\u0442\u043e\u0432\u043b\u0435\u043d\u044b \u0432\u0440\u0443\u0447\u043d\u0443\u044e \u0438\u0437 \u0432\u044b\u0441\u043e\u043a\u043e\u043a\u0430\u0447\u0435\u0441\u0442\u0432\u0435\u043d\u043d\u043e\u0433\u043e \u0431\u0430\u043c\u0431\u0443\u043a\u0430 <b>moso<\/b>. \u0421\u0430\u043c\u0430 \u0441\u043f\u0438\u0446\u0430 \u043f\u0440\u043e\u0447\u043d\u043e \u0437\u0430\u0444\u0438\u043a\u0441\u0438\u0440\u043e\u0432\u0430\u043d\u0430 <b>\u0432 \u043d\u0438\u043a\u0435\u043b\u0438\u0440\u043e\u0432\u0430\u043d\u043d\u044b\u0445 \u043c\u0435\u0434\u043d\u044b\u0445 \u043f\u0430\u0442\u0440\u043e\u043d\u0430\u0445<\/b>, \u043e\u0431\u0435\u0441\u043f\u0435\u0447\u0438\u0432\u0430\u044f \u043f\u0440\u043e\u0447\u043d\u043e\u0441\u0442\u044c \u0438 \u0434\u043e\u043b\u0433\u043e\u0432\u0435\u0447\u043d\u043e\u0441\u0442\u044c. \u041d\u0430 \u043a\u0430\u0436\u0434\u043e\u0439  \u0441\u043f\u0438\u0446\u0435 <b>\u0440\u0430\u0437\u043c\u0435\u0440  \u043d\u0430\u043d\u0435\u0441\u0435\u043d \u043b\u0430\u0437\u0435\u0440\u043e\u043c<\/b>, \u043a\u043e\u0442\u043e\u0440\u044b\u0439 \u043d\u0435 \u0441\u0442\u0435\u0440\u0435\u0442\u0441\u044f  \u0432 \u043f\u0440\u043e\u0446\u0435\u0441\u0441\u0435 \u0438\u0441\u043f\u043e\u043b\u044c\u0437\u043e\u0432\u0430\u043d\u0438\u044f.<\/p>\n<p>\u042d\u0442\u0438 \u0441\u043f\u0438\u0446\u044b \u0441\u043e\u0432\u043c\u0435\u0441\u0442\u0438\u043c\u044b \u0441 \u0441\u0438\u0441\u0442\u0435\u043c\u0430\u043c\u0438 <b>TWIST<\/b>, \u0442\u0430\u043a\u0436\u0435 <b>\u0441 Spin<\/b> \u043b\u0435\u0441\u043a\u0430\u043c\u0438<\/p>\n<p><b>\u041f\u043e\u0434\u0445\u043e\u0434\u0438\u0442 \u0442\u043e\u043b\u044c\u043a\u043e \u0434\u043b\u044f \u0441\u0438\u0441\u0442\u0435\u043c ChiaoGoo.<\/b><b><\/b><\/p>\n<p><b>\u041f\u043e\u0434\u0445\u043e\u0434\u0438\u0442 \u0434\u043b\u044f \u0441\u0438\u0441\u0442\u0435\u043c:<\/b><b><\/b><\/p>\n<p>\u2022\u0421\u043f\u0438\u0446\u044b <b>2,75-5,0 \u043c\u043c<\/b> \u2013 \u0438\u0441\u043f\u043e\u043b\u044c\u0437\u0443\u0435\u0442\u0441\u044f \u0441 <b>S<\/b> \u0440\u0430\u0437\u043c\u0435\u0440 \u043b\u0435\u0441\u043a\u0438<\/p>\n<p>\u2022\u0421\u043f\u0438\u0446\u044b <b>5,5-10,0 \u043c\u043c<\/b> \u2013 \u0438\u0441\u043f\u043e\u043b\u044c\u0437\u0443\u0435\u0442\u0441\u044f \u0441 <b>L<\/b> \u0440\u0430\u0437\u043c\u0435\u0440 \u043b\u0435\u0441\u043a\u0438<\/p>\n<p><b>\u0412\u043e\u0437\u043c\u043e\u0436\u043d\u044b\u0435 \u0432\u0430\u0440\u0438\u0430\u043d\u0442\u044b:<\/b><b><\/b><\/p>\n<p>\u2022\u0421\u043f\u0438\u0446\u044b <b>13 \u0441\u043c (S)<\/b> \u2013 \u0441\u0442\u0430\u043d\u0434\u0430\u0440\u0442\u043d\u0430\u044f \u0434\u043b\u0438\u043d\u0430<\/p>\n<p>\u2022\u0421\u043f\u0438\u0446\u044b <b>10 \u0441\u043c<\/b> \u2013 \u0443\u043a\u043e\u0440\u043e\u0447\u0435\u043d\u043d\u044b\u0435 (\u043f\u043e\u0434\u0445\u043e\u0434\u0438\u0442 \u0434\u043b\u044f \u0432\u044f\u0437\u0430\u043d\u0438\u044f \u043c\u0430\u043b\u0435\u043d\u044c\u043a\u0438\u0445 \u0438\u0437\u0434\u0435\u043b\u0438\u0439)<\/p>\n<p><b>\u041f\u0440\u0438\u043c\u0435\u0447\u0430\u043d\u0438\u0435:<\/b> \u0426\u0432\u0435\u0442\u043e\u0432\u044b\u0435 \u043e\u0442\u0442\u0435\u043d\u043a\u0438 \u043c\u043e\u0433\u0443\u0442 \u043d\u0435\u0437\u043d\u0430\u0447\u0438\u0442\u0435\u043b\u044c\u043d\u043e \u043e\u0442\u043b\u0438\u0447\u0430\u0442\u044c\u0441\u044f \u0432 \u0437\u0430\u0432\u0438\u0441\u0438\u043c\u043e\u0441\u0442\u0438 \u043e\u0442 \u044d\u043a\u0440\u0430\u043d\u0430 \u0432\u0430\u0448\u0435\u0433\u043e \u0443\u0441\u0442\u0440\u043e\u0439\u0441\u0442\u0432\u0430.<\/p>","protected":false},"excerpt":{"rendered":"<p>ChiaoGoo SPIN bambukiniai prisukami virbalai pagaminti rankomis i\u0161 auk\u0161tos kokyb\u0117s Moso bambuko. Virbal\u0173 antgaliai tvirtai \u012ftvirtinti nikeliuotuose variniuose laikikliuose, u\u017etikrinan\u010diuose patvarum\u0105 ir ilgaam\u017ei\u0161kum\u0105. Ant kiekvieno virbalo yra lazeriu i\u0161graviruotas dydis, kuris nenusitrina naudojant. \u0160ie virbalai suderinami tiek su plieniniais TWIST, tiek su nailoniniais SPIN valais. Tinka tik ChiaoGoo sistemoms. Tinka sistemoms: \u2022Virbalai 2,75\u20135,0 mm \u2013 [&hellip;]<\/p>\n","protected":false},"featured_media":6771,"comment_status":"open","ping_status":"closed","template":"","meta":{"_acf_changed":false},"product_brand":[166],"product_cat":[15,19,863],"product_tag":[],"pro-kategorijos":[],"class_list":{"0":"post-6769","1":"product","2":"type-product","3":"status-publish","4":"has-post-thumbnail","6":"product_brand-chiaogoo","7":"product_cat-visi-produktai","8":"product_cat-mezgimo-priemones","9":"product_cat-prisukami-virbalai","11":"first","12":"instock","13":"shipping-taxable","14":"purchasable","15":"product-type-variable"},"acf":[],"yoast_head":"<!-- This site is optimized with the Yoast SEO plugin v26.8 - https:\/\/yoast.com\/product\/yoast-seo-wordpress\/ -->\n<title>ChiaoGoo SPIN bambukiniai prisukami virbalai 10 cm ir 13 cm - Happyinaknit.com<\/title>\n<meta name=\"robots\" content=\"index, follow, max-snippet:-1, max-image-preview:large, max-video-preview:-1\" \/>\n<link rel=\"canonical\" href=\"https:\/\/happyinaknit.com\/ru\/product\/chiaogoo-spin-bambukiniai-prisukami-virbalai-10-cm-ir-13-cm\/\" \/>\n<meta property=\"og:locale\" content=\"ru_RU\" \/>\n<meta property=\"og:type\" content=\"article\" \/>\n<meta property=\"og:title\" content=\"ChiaoGoo SPIN bambukiniai prisukami virbalai 10 cm ir 13 cm - Happyinaknit.com\" \/>\n<meta property=\"og:description\" content=\"ChiaoGoo SPIN bambukiniai prisukami virbalai pagaminti rankomis i\u0161 auk\u0161tos kokyb\u0117s Moso bambuko. Virbal\u0173 antgaliai tvirtai \u012ftvirtinti nikeliuotuose variniuose laikikliuose, u\u017etikrinan\u010diuose patvarum\u0105 ir ilgaam\u017ei\u0161kum\u0105. Ant kiekvieno virbalo yra lazeriu i\u0161graviruotas dydis, kuris nenusitrina naudojant. \u0160ie virbalai suderinami tiek su plieniniais TWIST, tiek su nailoniniais SPIN valais. Tinka tik ChiaoGoo sistemoms. Tinka sistemoms: \u2022Virbalai 2,75\u20135,0 mm \u2013 [&hellip;]\" \/>\n<meta property=\"og:url\" content=\"https:\/\/happyinaknit.com\/ru\/product\/chiaogoo-spin-bambukiniai-prisukami-virbalai-10-cm-ir-13-cm\/\" \/>\n<meta property=\"og:site_name\" content=\"Happyinaknit.com\" \/>\n<meta property=\"article:modified_time\" content=\"2026-03-30T11:50:19+00:00\" \/>\n<meta property=\"og:image\" content=\"https:\/\/happyinaknit.com\/wp-content\/uploads\/2025\/10\/spin-bamboo.png\" \/>\n\t<meta property=\"og:image:width\" content=\"491\" \/>\n\t<meta property=\"og:image:height\" content=\"479\" \/>\n\t<meta property=\"og:image:type\" content=\"image\/png\" \/>\n<meta name=\"twitter:card\" content=\"summary_large_image\" \/>\n<script type=\"application\/ld+json\" class=\"yoast-schema-graph\">{\"@context\":\"https:\/\/schema.org\",\"@graph\":[{\"@type\":\"WebPage\",\"@id\":\"https:\/\/happyinaknit.com\/produktas\/chiaogoo-spin-bambukiniai-prisukami-virbalai-10-cm-ir-13-cm\/\",\"url\":\"https:\/\/happyinaknit.com\/produktas\/chiaogoo-spin-bambukiniai-prisukami-virbalai-10-cm-ir-13-cm\/\",\"name\":\"ChiaoGoo SPIN bambukiniai prisukami virbalai 10 cm ir 13 cm - Happyinaknit.com\",\"isPartOf\":{\"@id\":\"https:\/\/happyinaknit.com\/lt\/#website\"},\"primaryImageOfPage\":{\"@id\":\"https:\/\/happyinaknit.com\/produktas\/chiaogoo-spin-bambukiniai-prisukami-virbalai-10-cm-ir-13-cm\/#primaryimage\"},\"image\":{\"@id\":\"https:\/\/happyinaknit.com\/produktas\/chiaogoo-spin-bambukiniai-prisukami-virbalai-10-cm-ir-13-cm\/#primaryimage\"},\"thumbnailUrl\":\"https:\/\/happyinaknit.com\/wp-content\/uploads\/2025\/10\/spin-bamboo.png\",\"datePublished\":\"2025-10-19T20:35:44+00:00\",\"dateModified\":\"2026-03-30T11:50:19+00:00\",\"breadcrumb\":{\"@id\":\"https:\/\/happyinaknit.com\/produktas\/chiaogoo-spin-bambukiniai-prisukami-virbalai-10-cm-ir-13-cm\/#breadcrumb\"},\"inLanguage\":\"ru-RU\",\"potentialAction\":[{\"@type\":\"ReadAction\",\"target\":[\"https:\/\/happyinaknit.com\/produktas\/chiaogoo-spin-bambukiniai-prisukami-virbalai-10-cm-ir-13-cm\/\"]}]},{\"@type\":\"ImageObject\",\"inLanguage\":\"ru-RU\",\"@id\":\"https:\/\/happyinaknit.com\/produktas\/chiaogoo-spin-bambukiniai-prisukami-virbalai-10-cm-ir-13-cm\/#primaryimage\",\"url\":\"https:\/\/happyinaknit.com\/wp-content\/uploads\/2025\/10\/spin-bamboo.png\",\"contentUrl\":\"https:\/\/happyinaknit.com\/wp-content\/uploads\/2025\/10\/spin-bamboo.png\",\"width\":491,\"height\":479},{\"@type\":\"BreadcrumbList\",\"@id\":\"https:\/\/happyinaknit.com\/produktas\/chiaogoo-spin-bambukiniai-prisukami-virbalai-10-cm-ir-13-cm\/#breadcrumb\",\"itemListElement\":[{\"@type\":\"ListItem\",\"position\":1,\"name\":\"Home\",\"item\":\"https:\/\/happyinaknit.com\/lt\/\"},{\"@type\":\"ListItem\",\"position\":2,\"name\":\"Parduotuv\u0117\",\"item\":\"https:\/\/happyinaknit.com\/lt\/parduotuve\/\"},{\"@type\":\"ListItem\",\"position\":3,\"name\":\"ChiaoGoo SPIN bambukiniai prisukami virbalai 10 cm ir 13 cm\"}]},{\"@type\":\"WebSite\",\"@id\":\"https:\/\/happyinaknit.com\/lt\/#website\",\"url\":\"https:\/\/happyinaknit.com\/lt\/\",\"name\":\"Happyinaknit.com\",\"description\":\"\",\"potentialAction\":[{\"@type\":\"SearchAction\",\"target\":{\"@type\":\"EntryPoint\",\"urlTemplate\":\"https:\/\/happyinaknit.com\/lt\/?s={search_term_string}\"},\"query-input\":{\"@type\":\"PropertyValueSpecification\",\"valueRequired\":true,\"valueName\":\"search_term_string\"}}],\"inLanguage\":\"ru-RU\"}]}<\/script>\n<!-- \/ Yoast SEO plugin. -->","yoast_head_json":{"title":"ChiaoGoo SPIN bambukiniai prisukami virbalai 10 cm ir 13 cm - Happyinaknit.com","robots":{"index":"index","follow":"follow","max-snippet":"max-snippet:-1","max-image-preview":"max-image-preview:large","max-video-preview":"max-video-preview:-1"},"canonical":"https:\/\/happyinaknit.com\/ru\/product\/chiaogoo-spin-bambukiniai-prisukami-virbalai-10-cm-ir-13-cm\/","og_locale":"ru_RU","og_type":"article","og_title":"ChiaoGoo SPIN bambukiniai prisukami virbalai 10 cm ir 13 cm - Happyinaknit.com","og_description":"ChiaoGoo SPIN bambukiniai prisukami virbalai pagaminti rankomis i\u0161 auk\u0161tos kokyb\u0117s Moso bambuko. Virbal\u0173 antgaliai tvirtai \u012ftvirtinti nikeliuotuose variniuose laikikliuose, u\u017etikrinan\u010diuose patvarum\u0105 ir ilgaam\u017ei\u0161kum\u0105. Ant kiekvieno virbalo yra lazeriu i\u0161graviruotas dydis, kuris nenusitrina naudojant. \u0160ie virbalai suderinami tiek su plieniniais TWIST, tiek su nailoniniais SPIN valais. Tinka tik ChiaoGoo sistemoms. Tinka sistemoms: \u2022Virbalai 2,75\u20135,0 mm \u2013 [&hellip;]","og_url":"https:\/\/happyinaknit.com\/ru\/product\/chiaogoo-spin-bambukiniai-prisukami-virbalai-10-cm-ir-13-cm\/","og_site_name":"Happyinaknit.com","article_modified_time":"2026-03-30T11:50:19+00:00","og_image":[{"width":491,"height":479,"url":"https:\/\/happyinaknit.com\/wp-content\/uploads\/2025\/10\/spin-bamboo.png","type":"image\/png"}],"twitter_card":"summary_large_image","schema":{"@context":"https:\/\/schema.org","@graph":[{"@type":"WebPage","@id":"https:\/\/happyinaknit.com\/produktas\/chiaogoo-spin-bambukiniai-prisukami-virbalai-10-cm-ir-13-cm\/","url":"https:\/\/happyinaknit.com\/produktas\/chiaogoo-spin-bambukiniai-prisukami-virbalai-10-cm-ir-13-cm\/","name":"ChiaoGoo SPIN bambukiniai prisukami virbalai 10 cm ir 13 cm - Happyinaknit.com","isPartOf":{"@id":"https:\/\/happyinaknit.com\/lt\/#website"},"primaryImageOfPage":{"@id":"https:\/\/happyinaknit.com\/produktas\/chiaogoo-spin-bambukiniai-prisukami-virbalai-10-cm-ir-13-cm\/#primaryimage"},"image":{"@id":"https:\/\/happyinaknit.com\/produktas\/chiaogoo-spin-bambukiniai-prisukami-virbalai-10-cm-ir-13-cm\/#primaryimage"},"thumbnailUrl":"https:\/\/happyinaknit.com\/wp-content\/uploads\/2025\/10\/spin-bamboo.png","datePublished":"2025-10-19T20:35:44+00:00","dateModified":"2026-03-30T11:50:19+00:00","breadcrumb":{"@id":"https:\/\/happyinaknit.com\/produktas\/chiaogoo-spin-bambukiniai-prisukami-virbalai-10-cm-ir-13-cm\/#breadcrumb"},"inLanguage":"ru-RU","potentialAction":[{"@type":"ReadAction","target":["https:\/\/happyinaknit.com\/produktas\/chiaogoo-spin-bambukiniai-prisukami-virbalai-10-cm-ir-13-cm\/"]}]},{"@type":"ImageObject","inLanguage":"ru-RU","@id":"https:\/\/happyinaknit.com\/produktas\/chiaogoo-spin-bambukiniai-prisukami-virbalai-10-cm-ir-13-cm\/#primaryimage","url":"https:\/\/happyinaknit.com\/wp-content\/uploads\/2025\/10\/spin-bamboo.png","contentUrl":"https:\/\/happyinaknit.com\/wp-content\/uploads\/2025\/10\/spin-bamboo.png","width":491,"height":479},{"@type":"BreadcrumbList","@id":"https:\/\/happyinaknit.com\/produktas\/chiaogoo-spin-bambukiniai-prisukami-virbalai-10-cm-ir-13-cm\/#breadcrumb","itemListElement":[{"@type":"ListItem","position":1,"name":"Home","item":"https:\/\/happyinaknit.com\/lt\/"},{"@type":"ListItem","position":2,"name":"Parduotuv\u0117","item":"https:\/\/happyinaknit.com\/lt\/parduotuve\/"},{"@type":"ListItem","position":3,"name":"ChiaoGoo SPIN bambukiniai prisukami virbalai 10 cm ir 13 cm"}]},{"@type":"WebSite","@id":"https:\/\/happyinaknit.com\/lt\/#website","url":"https:\/\/happyinaknit.com\/lt\/","name":"Happyinaknit.com","description":"","potentialAction":[{"@type":"SearchAction","target":{"@type":"EntryPoint","urlTemplate":"https:\/\/happyinaknit.com\/lt\/?s={search_term_string}"},"query-input":{"@type":"PropertyValueSpecification","valueRequired":true,"valueName":"search_term_string"}}],"inLanguage":"ru-RU"}]}},"_links":{"self":[{"href":"https:\/\/happyinaknit.com\/ru\/wp-json\/wp\/v2\/product\/6769","targetHints":{"allow":["GET"]}}],"collection":[{"href":"https:\/\/happyinaknit.com\/ru\/wp-json\/wp\/v2\/product"}],"about":[{"href":"https:\/\/happyinaknit.com\/ru\/wp-json\/wp\/v2\/types\/product"}],"replies":[{"embeddable":true,"href":"https:\/\/happyinaknit.com\/ru\/wp-json\/wp\/v2\/comments?post=6769"}],"wp:featuredmedia":[{"embeddable":true,"href":"https:\/\/happyinaknit.com\/ru\/wp-json\/wp\/v2\/media\/6771"}],"wp:attachment":[{"href":"https:\/\/happyinaknit.com\/ru\/wp-json\/wp\/v2\/media?parent=6769"}],"wp:term":[{"taxonomy":"product_brand","embeddable":true,"href":"https:\/\/happyinaknit.com\/ru\/wp-json\/wp\/v2\/product_brand?post=6769"},{"taxonomy":"product_cat","embeddable":true,"href":"https:\/\/happyinaknit.com\/ru\/wp-json\/wp\/v2\/product_cat?post=6769"},{"taxonomy":"product_tag","embeddable":true,"href":"https:\/\/happyinaknit.com\/ru\/wp-json\/wp\/v2\/product_tag?post=6769"},{"taxonomy":"pro-kategorijos","embeddable":true,"href":"https:\/\/happyinaknit.com\/ru\/wp-json\/wp\/v2\/pro-kategorijos?post=6769"}],"curies":[{"name":"wp","href":"https:\/\/api.w.org\/{rel}","templated":true}]}}