{"id":6721,"date":"2025-10-19T19:49:31","date_gmt":"2025-10-19T19:49:31","guid":{"rendered":"https:\/\/happyinaknit.com\/?post_type=product&#038;p=6721"},"modified":"2026-03-15T22:08:41","modified_gmt":"2026-03-15T22:08:41","slug":"chiaogoo-adapteriai-prisukamiems-virbalams","status":"publish","type":"product","link":"https:\/\/happyinaknit.com\/ru\/product\/chiaogoo-adapteriai-prisukamiems-virbalams\/","title":{"rendered":"\u0410\u0434\u0430\u043f\u0442\u0435\u0440\u044b ChiaoGoo"},"content":{"rendered":"<p><b>\u0410\u0434\u0430\u043f\u0442\u0435\u0440\u044b ChiaoGoo<\/b> \u043f\u043e\u0441\u0432\u044f\u0442\u0438\u0442\u044c <b>\u0434\u043b\u044f \u043d\u0430\u0432\u0438\u043d\u0447\u0438\u0432\u0430\u0435\u043c\u044b\u0445 \u0441\u0442\u0435\u0440\u0436\u043d\u0435\u0439<\/b> \u0438 \u043f\u043e\u0437\u0432\u043e\u043b\u044f\u0435\u0442 \u043a\u043e\u043c\u0431\u0438\u043d\u0438\u0440\u043e\u0432\u0430\u0442\u044c \u0440\u0430\u0437\u043d\u044b\u0435 \u0440\u0430\u0437\u043c\u0435\u0440\u044b <b>\u041b\u0438\u043d\u0438\u0438 ChiaoGoo \u0434\u043b\u044f \u0432\u0432\u0438\u043d\u0447\u0438\u0432\u0430\u0435\u043c\u044b\u0445 \u0441\u0442\u0435\u0440\u0436\u043d\u0435\u0439<\/b>\u0421 \u043f\u043e\u043c\u043e\u0449\u044c\u044e \u0430\u0434\u0430\u043f\u0442\u0435\u0440\u0430 \u043c\u043e\u0436\u043d\u043e \u0443\u0434\u043e\u0431\u043d\u043e \u0441\u043e\u0435\u0434\u0438\u043d\u044f\u0442\u044c \u0441\u043f\u0438\u0446\u044b \u0438 \u043b\u0435\u0441\u043a\u0438 \u0440\u0430\u0437\u043d\u044b\u0445 \u0441\u0438\u0441\u0442\u0435\u043c \u2014 \u0441\u043e\u0435\u0434\u0438\u043d\u0435\u043d\u0438\u0435 \u043f\u043e\u043b\u0443\u0447\u0430\u0435\u0442\u0441\u044f \u043f\u043b\u0430\u0432\u043d\u044b\u043c, \u043f\u0440\u043e\u0447\u043d\u044b\u043c \u0438 \u043d\u0435 \u0431\u0440\u043e\u0441\u0430\u0435\u0442\u0441\u044f \u0432 \u0433\u043b\u0430\u0437\u0430 \u0432\u043e \u0432\u0440\u0435\u043c\u044f \u0432\u044f\u0437\u0430\u043d\u0438\u044f.<\/p>\n<p><b>\u041f\u043e\u0434\u0445\u043e\u0434\u0438\u0442 \u0442\u043e\u043b\u044c\u043a\u043e \u0434\u043b\u044f \u0441\u0438\u0441\u0442\u0435\u043c ChiaoGoo.<\/b><b><\/b><\/p>\n<p><b>\u0426\u0435\u043b\u044c:<\/b> \u0441\u043e\u0435\u0434\u0438\u043d\u0438\u0442\u0435\u043b\u044c\u043d\u044b\u0435 \u0441\u0442\u0435\u0440\u0436\u043d\u0438 \u0438 \u0442\u0440\u043e\u0441\u044b \u0440\u0430\u0437\u043d\u044b\u0445 \u0440\u0430\u0437\u043c\u0435\u0440\u043e\u0432 \u0441\u0438\u0441\u0442\u0435\u043c ChiaoGoo<\/p>\n<p><b>\u0412\u0435\u0441:<\/b> 2 \u0448\u0442.<\/p>\n<p><b>\u0412\u043e\u0437\u043c\u043e\u0436\u043d\u044b\u0435 \u0432\u0430\u0440\u0438\u0430\u043d\u0442\u044b:<\/b><b><\/b><\/p>\n<p>\u2022<b>S \u2013 \u041c\u0438\u043d\u0438<\/b><\/p>\n<p>\u2022<b>\u041f\u043e\u043d\u0435\u0434\u0435\u043b\u044c\u043d\u0438\u043a - \u0421\u0443\u0431\u0431\u043e\u0442\u0430<\/b><\/p>\n<p><b>\u041f\u0440\u0438\u043c\u0435\u0447\u0430\u043d\u0438\u0435:<\/b> \u0426\u0432\u0435\u0442\u043e\u0432\u044b\u0435 \u043e\u0442\u0442\u0435\u043d\u043a\u0438 \u043c\u043e\u0433\u0443\u0442 \u043d\u0435\u0437\u043d\u0430\u0447\u0438\u0442\u0435\u043b\u044c\u043d\u043e \u043e\u0442\u043b\u0438\u0447\u0430\u0442\u044c\u0441\u044f \u0432 \u0437\u0430\u0432\u0438\u0441\u0438\u043c\u043e\u0441\u0442\u0438 \u043e\u0442 \u044d\u043a\u0440\u0430\u043d\u0430 \u0432\u0430\u0448\u0435\u0433\u043e \u0443\u0441\u0442\u0440\u043e\u0439\u0441\u0442\u0432\u0430.<\/p>","protected":false},"excerpt":{"rendered":"<p>ChiaoGoo adapteriai skirti prisukamiems virbalams ir leid\u017eia sujungti skirting\u0173 dyd\u017ei\u0173 ChiaoGoo valus prisukamiems virbalams. Naudojant adapter\u012f, galima patogiai jungti virbalus ir valus i\u0161 skirting\u0173 sistem\u0173 \u2013 jungtis lygi, tvirta ir negaudo aki\u0173 mezgant. Tinka tik ChiaoGoo sistemoms. Paskirtis: sujungti skirtingo dyd\u017eio ChiaoGoo sistem\u0173 virbalus ir valus Kiekis: 2 vnt. Galimi variantai: \u2022S \u2013 Mini \u2022L [&hellip;]<\/p>\n","protected":false},"featured_media":6724,"comment_status":"open","ping_status":"closed","template":"","meta":{"_acf_changed":false},"product_brand":[166],"product_cat":[15,867,19],"product_tag":[],"pro-kategorijos":[],"class_list":{"0":"post-6721","1":"product","2":"type-product","3":"status-publish","4":"has-post-thumbnail","6":"product_brand-chiaogoo","7":"product_cat-visi-produktai","8":"product_cat-jungtys-ir-kt-priedai","9":"product_cat-mezgimo-priemones","11":"first","12":"instock","13":"shipping-taxable","14":"purchasable","15":"product-type-variable"},"acf":[],"yoast_head":"<!-- This site is optimized with the Yoast SEO plugin v26.8 - https:\/\/yoast.com\/product\/yoast-seo-wordpress\/ -->\n<title>ChiaoGoo Adapteriai Prisukamiems Virbalams - Happyinaknit.com<\/title>\n<meta name=\"robots\" content=\"index, follow, max-snippet:-1, max-image-preview:large, max-video-preview:-1\" \/>\n<link rel=\"canonical\" href=\"https:\/\/happyinaknit.com\/ru\/product\/chiaogoo-adapteriai-prisukamiems-virbalams\/\" \/>\n<meta property=\"og:locale\" content=\"ru_RU\" \/>\n<meta property=\"og:type\" content=\"article\" \/>\n<meta property=\"og:title\" content=\"ChiaoGoo Adapteriai Prisukamiems Virbalams - Happyinaknit.com\" \/>\n<meta property=\"og:description\" content=\"ChiaoGoo adapteriai skirti prisukamiems virbalams ir leid\u017eia sujungti skirting\u0173 dyd\u017ei\u0173 ChiaoGoo valus prisukamiems virbalams. Naudojant adapter\u012f, galima patogiai jungti virbalus ir valus i\u0161 skirting\u0173 sistem\u0173 \u2013 jungtis lygi, tvirta ir negaudo aki\u0173 mezgant. Tinka tik ChiaoGoo sistemoms. Paskirtis: sujungti skirtingo dyd\u017eio ChiaoGoo sistem\u0173 virbalus ir valus Kiekis: 2 vnt. Galimi variantai: \u2022S \u2013 Mini \u2022L [&hellip;]\" \/>\n<meta property=\"og:url\" content=\"https:\/\/happyinaknit.com\/ru\/product\/chiaogoo-adapteriai-prisukamiems-virbalams\/\" \/>\n<meta property=\"og:site_name\" content=\"Happyinaknit.com\" \/>\n<meta property=\"article:modified_time\" content=\"2026-03-15T22:08:41+00:00\" \/>\n<meta property=\"og:image\" content=\"https:\/\/happyinaknit.com\/wp-content\/uploads\/2025\/10\/adapters-large-small-chiaogoo-840484.jpg.webp\" \/>\n\t<meta property=\"og:image:width\" content=\"800\" \/>\n\t<meta property=\"og:image:height\" content=\"800\" \/>\n\t<meta property=\"og:image:type\" content=\"image\/webp\" \/>\n<meta name=\"twitter:card\" content=\"summary_large_image\" \/>\n<script type=\"application\/ld+json\" class=\"yoast-schema-graph\">{\"@context\":\"https:\/\/schema.org\",\"@graph\":[{\"@type\":\"WebPage\",\"@id\":\"https:\/\/happyinaknit.com\/produktas\/chiaogoo-adapteriai-prisukamiems-virbalams\/\",\"url\":\"https:\/\/happyinaknit.com\/produktas\/chiaogoo-adapteriai-prisukamiems-virbalams\/\",\"name\":\"ChiaoGoo Adapteriai Prisukamiems Virbalams - Happyinaknit.com\",\"isPartOf\":{\"@id\":\"https:\/\/happyinaknit.com\/lt\/#website\"},\"primaryImageOfPage\":{\"@id\":\"https:\/\/happyinaknit.com\/produktas\/chiaogoo-adapteriai-prisukamiems-virbalams\/#primaryimage\"},\"image\":{\"@id\":\"https:\/\/happyinaknit.com\/produktas\/chiaogoo-adapteriai-prisukamiems-virbalams\/#primaryimage\"},\"thumbnailUrl\":\"https:\/\/happyinaknit.com\/wp-content\/uploads\/2025\/10\/adapters-large-small-chiaogoo-840484.jpg.webp\",\"datePublished\":\"2025-10-19T19:49:31+00:00\",\"dateModified\":\"2026-03-15T22:08:41+00:00\",\"breadcrumb\":{\"@id\":\"https:\/\/happyinaknit.com\/produktas\/chiaogoo-adapteriai-prisukamiems-virbalams\/#breadcrumb\"},\"inLanguage\":\"ru-RU\",\"potentialAction\":[{\"@type\":\"ReadAction\",\"target\":[\"https:\/\/happyinaknit.com\/produktas\/chiaogoo-adapteriai-prisukamiems-virbalams\/\"]}]},{\"@type\":\"ImageObject\",\"inLanguage\":\"ru-RU\",\"@id\":\"https:\/\/happyinaknit.com\/produktas\/chiaogoo-adapteriai-prisukamiems-virbalams\/#primaryimage\",\"url\":\"https:\/\/happyinaknit.com\/wp-content\/uploads\/2025\/10\/adapters-large-small-chiaogoo-840484.jpg.webp\",\"contentUrl\":\"https:\/\/happyinaknit.com\/wp-content\/uploads\/2025\/10\/adapters-large-small-chiaogoo-840484.jpg.webp\",\"width\":800,\"height\":800},{\"@type\":\"BreadcrumbList\",\"@id\":\"https:\/\/happyinaknit.com\/produktas\/chiaogoo-adapteriai-prisukamiems-virbalams\/#breadcrumb\",\"itemListElement\":[{\"@type\":\"ListItem\",\"position\":1,\"name\":\"Home\",\"item\":\"https:\/\/happyinaknit.com\/lt\/\"},{\"@type\":\"ListItem\",\"position\":2,\"name\":\"Parduotuv\u0117\",\"item\":\"https:\/\/happyinaknit.com\/lt\/parduotuve\/\"},{\"@type\":\"ListItem\",\"position\":3,\"name\":\"ChiaoGoo Adapteriai Prisukamiems Virbalams\"}]},{\"@type\":\"WebSite\",\"@id\":\"https:\/\/happyinaknit.com\/lt\/#website\",\"url\":\"https:\/\/happyinaknit.com\/lt\/\",\"name\":\"Happyinaknit.com\",\"description\":\"\",\"potentialAction\":[{\"@type\":\"SearchAction\",\"target\":{\"@type\":\"EntryPoint\",\"urlTemplate\":\"https:\/\/happyinaknit.com\/lt\/?s={search_term_string}\"},\"query-input\":{\"@type\":\"PropertyValueSpecification\",\"valueRequired\":true,\"valueName\":\"search_term_string\"}}],\"inLanguage\":\"ru-RU\"}]}<\/script>\n<!-- \/ Yoast SEO plugin. -->","yoast_head_json":{"title":"ChiaoGoo Adapteriai Prisukamiems Virbalams - Happyinaknit.com","robots":{"index":"index","follow":"follow","max-snippet":"max-snippet:-1","max-image-preview":"max-image-preview:large","max-video-preview":"max-video-preview:-1"},"canonical":"https:\/\/happyinaknit.com\/ru\/product\/chiaogoo-adapteriai-prisukamiems-virbalams\/","og_locale":"ru_RU","og_type":"article","og_title":"ChiaoGoo Adapteriai Prisukamiems Virbalams - Happyinaknit.com","og_description":"ChiaoGoo adapteriai skirti prisukamiems virbalams ir leid\u017eia sujungti skirting\u0173 dyd\u017ei\u0173 ChiaoGoo valus prisukamiems virbalams. Naudojant adapter\u012f, galima patogiai jungti virbalus ir valus i\u0161 skirting\u0173 sistem\u0173 \u2013 jungtis lygi, tvirta ir negaudo aki\u0173 mezgant. Tinka tik ChiaoGoo sistemoms. Paskirtis: sujungti skirtingo dyd\u017eio ChiaoGoo sistem\u0173 virbalus ir valus Kiekis: 2 vnt. Galimi variantai: \u2022S \u2013 Mini \u2022L [&hellip;]","og_url":"https:\/\/happyinaknit.com\/ru\/product\/chiaogoo-adapteriai-prisukamiems-virbalams\/","og_site_name":"Happyinaknit.com","article_modified_time":"2026-03-15T22:08:41+00:00","og_image":[{"width":800,"height":800,"url":"https:\/\/happyinaknit.com\/wp-content\/uploads\/2025\/10\/adapters-large-small-chiaogoo-840484.jpg.webp","type":"image\/webp"}],"twitter_card":"summary_large_image","schema":{"@context":"https:\/\/schema.org","@graph":[{"@type":"WebPage","@id":"https:\/\/happyinaknit.com\/produktas\/chiaogoo-adapteriai-prisukamiems-virbalams\/","url":"https:\/\/happyinaknit.com\/produktas\/chiaogoo-adapteriai-prisukamiems-virbalams\/","name":"ChiaoGoo Adapteriai Prisukamiems Virbalams - Happyinaknit.com","isPartOf":{"@id":"https:\/\/happyinaknit.com\/lt\/#website"},"primaryImageOfPage":{"@id":"https:\/\/happyinaknit.com\/produktas\/chiaogoo-adapteriai-prisukamiems-virbalams\/#primaryimage"},"image":{"@id":"https:\/\/happyinaknit.com\/produktas\/chiaogoo-adapteriai-prisukamiems-virbalams\/#primaryimage"},"thumbnailUrl":"https:\/\/happyinaknit.com\/wp-content\/uploads\/2025\/10\/adapters-large-small-chiaogoo-840484.jpg.webp","datePublished":"2025-10-19T19:49:31+00:00","dateModified":"2026-03-15T22:08:41+00:00","breadcrumb":{"@id":"https:\/\/happyinaknit.com\/produktas\/chiaogoo-adapteriai-prisukamiems-virbalams\/#breadcrumb"},"inLanguage":"ru-RU","potentialAction":[{"@type":"ReadAction","target":["https:\/\/happyinaknit.com\/produktas\/chiaogoo-adapteriai-prisukamiems-virbalams\/"]}]},{"@type":"ImageObject","inLanguage":"ru-RU","@id":"https:\/\/happyinaknit.com\/produktas\/chiaogoo-adapteriai-prisukamiems-virbalams\/#primaryimage","url":"https:\/\/happyinaknit.com\/wp-content\/uploads\/2025\/10\/adapters-large-small-chiaogoo-840484.jpg.webp","contentUrl":"https:\/\/happyinaknit.com\/wp-content\/uploads\/2025\/10\/adapters-large-small-chiaogoo-840484.jpg.webp","width":800,"height":800},{"@type":"BreadcrumbList","@id":"https:\/\/happyinaknit.com\/produktas\/chiaogoo-adapteriai-prisukamiems-virbalams\/#breadcrumb","itemListElement":[{"@type":"ListItem","position":1,"name":"Home","item":"https:\/\/happyinaknit.com\/lt\/"},{"@type":"ListItem","position":2,"name":"Parduotuv\u0117","item":"https:\/\/happyinaknit.com\/lt\/parduotuve\/"},{"@type":"ListItem","position":3,"name":"ChiaoGoo Adapteriai Prisukamiems Virbalams"}]},{"@type":"WebSite","@id":"https:\/\/happyinaknit.com\/lt\/#website","url":"https:\/\/happyinaknit.com\/lt\/","name":"Happyinaknit.com","description":"","potentialAction":[{"@type":"SearchAction","target":{"@type":"EntryPoint","urlTemplate":"https:\/\/happyinaknit.com\/lt\/?s={search_term_string}"},"query-input":{"@type":"PropertyValueSpecification","valueRequired":true,"valueName":"search_term_string"}}],"inLanguage":"ru-RU"}]}},"_links":{"self":[{"href":"https:\/\/happyinaknit.com\/ru\/wp-json\/wp\/v2\/product\/6721","targetHints":{"allow":["GET"]}}],"collection":[{"href":"https:\/\/happyinaknit.com\/ru\/wp-json\/wp\/v2\/product"}],"about":[{"href":"https:\/\/happyinaknit.com\/ru\/wp-json\/wp\/v2\/types\/product"}],"replies":[{"embeddable":true,"href":"https:\/\/happyinaknit.com\/ru\/wp-json\/wp\/v2\/comments?post=6721"}],"wp:featuredmedia":[{"embeddable":true,"href":"https:\/\/happyinaknit.com\/ru\/wp-json\/wp\/v2\/media\/6724"}],"wp:attachment":[{"href":"https:\/\/happyinaknit.com\/ru\/wp-json\/wp\/v2\/media?parent=6721"}],"wp:term":[{"taxonomy":"product_brand","embeddable":true,"href":"https:\/\/happyinaknit.com\/ru\/wp-json\/wp\/v2\/product_brand?post=6721"},{"taxonomy":"product_cat","embeddable":true,"href":"https:\/\/happyinaknit.com\/ru\/wp-json\/wp\/v2\/product_cat?post=6721"},{"taxonomy":"product_tag","embeddable":true,"href":"https:\/\/happyinaknit.com\/ru\/wp-json\/wp\/v2\/product_tag?post=6721"},{"taxonomy":"pro-kategorijos","embeddable":true,"href":"https:\/\/happyinaknit.com\/ru\/wp-json\/wp\/v2\/pro-kategorijos?post=6721"}],"curies":[{"name":"wp","href":"https:\/\/api.w.org\/{rel}","templated":true}]}}