{"id":6696,"date":"2025-10-19T19:34:01","date_gmt":"2025-10-19T19:34:01","guid":{"rendered":"https:\/\/happyinaknit.com\/?post_type=product&#038;p=6696"},"modified":"2026-04-15T10:54:18","modified_gmt":"2026-04-15T10:54:18","slug":"chiaogoo-rotacinis-valas-prisukamiems-virbalams-360","status":"publish","type":"product","link":"https:\/\/happyinaknit.com\/ru\/product\/chiaogoo-rotacinis-valas-prisukamiems-virbalams-360\/","title":{"rendered":"ChiaoGoo \u043a\u0440\u0443\u0442\u044f\u0449\u0438\u0439\u0441\u044f \u0442\u0440\u043e\u0441\u0438\u043a \u0434\u043b\u044f \u0441\u044a\u0435\u043c\u043d\u044b\u0445 \u0441\u043f\u0438\u0446  360\u00b0"},"content":{"rendered":"<p><b>\u0412\u0440\u0430\u0449\u0430\u044e\u0449\u0430\u044f\u0441\u044f \u043b\u0435\u0441\u043a\u0430  ChiaoGoo 360\u00b0 \u0434\u043b\u044f \u0440\u0430\u0437\u044a\u0435\u043c\u043d\u044b\u0445 \u0441\u043f\u0438\u0446<\/b> \u2013 \u0447\u0440\u0435\u0437\u0432\u044b\u0447\u0430\u0439\u043d\u043e \u0443\u0434\u043e\u0431\u043d\u0430\u044f \u043b\u0435\u0441\u043a\u0430 \u0441 \u0432\u0440\u0430\u0449\u0430\u044e\u0449\u0438\u043c\u0441\u044f \u0448\u0430\u0440\u043d\u0438\u0440\u043e\u043c, \u043f\u043e\u0437\u0432\u043e\u043b\u044f\u044e\u0449\u0438\u043c \u043b\u0435\u0441\u043a\u0435 \u0441\u0432\u043e\u0431\u043e\u0434\u043d\u043e \u0432\u0440\u0430\u0449\u0430\u0442\u044c\u0441\u044f \u0432\u043e\u043a\u0440\u0443\u0433 \u0441\u0432\u043e\u0435\u0439 \u043e\u0441\u0438. \u042d\u0442\u043e \u043f\u0440\u0435\u0434\u043e\u0442\u0432\u0440\u0430\u0449\u0430\u0435\u0442 \u0437\u0430\u043f\u0443\u0442\u044b\u0432\u0430\u043d\u0438\u0435 \u0438 \u043e\u0431\u0435\u0441\u043f\u0435\u0447\u0438\u0432\u0430\u0435\u0442 \u043f\u043b\u0430\u0432\u043d\u043e\u0435 \u0438 \u043f\u0440\u0438\u044f\u0442\u043d\u043e\u0435 \u0432\u044f\u0437\u0430\u043d\u0438\u0435.<\/p>\n<p>\u0418\u0437\u0433\u043e\u0442\u043e\u0432\u043b\u0435\u043d \u0438\u0437 \u043f\u0440\u043e\u0447\u043d\u043e\u0439, \u043d\u043e \u0433\u0438\u0431\u043a\u043e\u0439 \u0441\u0442\u0430\u043b\u044c\u043d\u043e\u0439 \u043f\u0440\u043e\u0432\u043e\u043b\u043e\u043a\u0438, \u043f\u043e\u043a\u0440\u044b\u0442\u043e\u0439 \u043f\u0440\u043e\u0437\u0440\u0430\u0447\u043d\u044b\u043c \u043d\u0435\u0439\u043b\u043e\u043d\u043e\u043c. \u041a\u0430\u0436\u0434\u0430\u044f \u043b\u0435\u0441\u043a\u0430 \u0438\u043c\u0435\u0435\u0442 <b>\u041c\u0435\u0445\u0430\u043d\u0438\u0437\u043c \u0432\u0440\u0430\u0449\u0435\u043d\u0438\u044f \u043d\u0430 360\u00b0<\/b>, \u0447\u0442\u043e \u043f\u043e\u0437\u0432\u043e\u043b\u044f\u0435\u0442 \u0440\u0435\u0437\u044c\u0431\u043e\u0432\u044b\u043c \u0441\u0442\u0435\u0440\u0436\u043d\u044f\u043c \u0441\u0432\u043e\u0431\u043e\u0434\u043d\u043e \u043f\u0435\u0440\u0435\u043c\u0435\u0449\u0430\u0442\u044c\u0441\u044f, \u0431\u0435\u0437 \u043d\u0430\u0442\u044f\u0436\u0435\u043d\u0438\u044f.<\/p>\n<p>\u042d\u0442\u0438 \u043b\u0435\u0441\u043a\u0438 \u0441\u043e\u0432\u043c\u0435\u0449\u0435\u043d\u044b <strong>\u0442\u043e\u043b\u044c\u043a\u043e<\/strong> \u00a0\u0441 <b>ChiaoGoo TWIST<\/b> \u0440\u0430\u0437\u044a\u0435\u043c\u043d\u044b\u043c\u0438 \u0441\u043f\u0438\u0446\u0430\u043c\u0438<\/p>\n<p><b>\u041f\u043e\u0434\u0445\u043e\u0434\u0438\u0442 \u0434\u043b\u044f \u0441\u0438\u0441\u0442\u0435\u043c:<\/b><b><\/b><\/p>\n<p>\u2022<b>Small  (S)<\/b> \u2013 \u043f\u043e\u0434\u0445\u043e\u0434\u0438\u0442 \u0434\u043b\u044f \u0441\u043f\u0438\u0446 2,75\u20135,0 \u043c\u043c<\/p>\n<p>\u2022<b>Large  (L)<\/b> \u2013 \u043f\u043e\u0434\u0445\u043e\u0434\u0438\u0442 \u0434\u043b\u044f \u0441\u043f\u0438\u0446 \u043e\u0442 5,5 \u043c\u043c \u0438 \u0431\u043e\u043b\u044c\u0448\u0435<\/p>\n<p><b>\u0426\u0435\u043b\u044c:<\/b> \u0438\u0441\u043f\u043e\u043b\u044c\u0437\u0443\u0435\u0442\u0441\u044f \u0441 \u0440\u0430\u0437\u044a\u0435\u043c\u043d\u044b\u043c\u0438  \u0441\u043f\u0438\u0446\u0430\u043c\u0438 \u0438 \u043e\u0431\u0435\u0441\u043f\u0435\u0447\u0438\u0432\u0430\u0435\u0442 \u043f\u0440\u0438\u044f\u0442\u043d\u043e\u0435 \u0432\u044f\u0437\u0430\u043d\u0438\u044f \u0431\u0435\u0437 \u0441\u043a\u0440\u0443\u0447\u0438\u0432\u0430\u043d\u0438\u044f<\/p>\n<p><b>\u041c\u0430\u0442\u0435\u0440\u0438\u0430\u043b:<\/b> \u0441\u0442\u0430\u043b\u044c\u043d\u0430\u044f \u043b\u0435\u0441\u043a\u0430 \u0441 \u043d\u0435\u0439\u043b\u043e\u043d\u043e\u0432\u044b\u043c \u043f\u043e\u043a\u0440\u044b\u0442\u0438\u0435\u043c<\/p>\n<p><b>\u0421\u0434\u0435\u043b\u0430\u043d\u043e:<\/b> \u0421\u0428\u0410<\/p>\n<p><b>\u041f\u0440\u0438\u043c\u0435\u0447\u0430\u043d\u0438\u0435:<\/b> \u0426\u0432\u0435\u0442\u043e\u0432\u044b\u0435 \u043e\u0442\u0442\u0435\u043d\u043a\u0438 \u043c\u043e\u0433\u0443\u0442 \u043d\u0435\u0437\u043d\u0430\u0447\u0438\u0442\u0435\u043b\u044c\u043d\u043e \u043e\u0442\u043b\u0438\u0447\u0430\u0442\u044c\u0441\u044f \u0432 \u0437\u0430\u0432\u0438\u0441\u0438\u043c\u043e\u0441\u0442\u0438 \u043e\u0442 \u044d\u043a\u0440\u0430\u043d\u0430 \u0432\u0430\u0448\u0435\u0433\u043e \u0443\u0441\u0442\u0440\u043e\u0439\u0441\u0442\u0432\u0430.<\/p>","protected":false},"excerpt":{"rendered":"<p>ChiaoGoo rotacinis valas prisukamiems virbalams 360\u00b0 \u2013 itin patogus valas su besisukan\u010diu sujungimu, leid\u017eian\u010diu valui laisvai suktis aplink savo a\u0161\u012f. Tai padeda i\u0161vengti susisukimo ir u\u017etikrina skland\u0173 bei malon\u0173 mezgim\u0105. Pagamintas i\u0161 tvirto, ta\u010diau lankstaus med\u017eiaginio plieno valo, padengto permatomu nailonu. Kiekvienas valas turi 360\u00b0 rotacin\u012f mechanizm\u0105, kuris leid\u017eia prisukamiems virbalams jud\u0117ti laisvai, be \u012ftampos. [&hellip;]<\/p>\n","protected":false},"featured_media":6698,"comment_status":"open","ping_status":"closed","template":"","meta":{"_acf_changed":false},"product_brand":[166],"product_cat":[15,19,864],"product_tag":[],"pro-kategorijos":[],"class_list":{"0":"post-6696","1":"product","2":"type-product","3":"status-publish","4":"has-post-thumbnail","6":"product_brand-chiaogoo","7":"product_cat-visi-produktai","8":"product_cat-mezgimo-priemones","9":"product_cat-valai-virbalams","11":"first","12":"instock","13":"shipping-taxable","14":"purchasable","15":"product-type-variable"},"acf":[],"yoast_head":"<!-- This site is optimized with the Yoast SEO plugin v26.8 - https:\/\/yoast.com\/product\/yoast-seo-wordpress\/ -->\n<title>ChiaoGoo Rotacinis Valas Prisukamiems Virbalams 360\u00b0 - Happyinaknit.com<\/title>\n<meta name=\"robots\" content=\"index, follow, max-snippet:-1, max-image-preview:large, max-video-preview:-1\" \/>\n<link rel=\"canonical\" href=\"https:\/\/happyinaknit.com\/ru\/product\/chiaogoo-rotacinis-valas-prisukamiems-virbalams-360\/\" \/>\n<meta property=\"og:locale\" content=\"ru_RU\" \/>\n<meta property=\"og:type\" content=\"article\" \/>\n<meta property=\"og:title\" content=\"ChiaoGoo Rotacinis Valas Prisukamiems Virbalams 360\u00b0 - Happyinaknit.com\" \/>\n<meta property=\"og:description\" content=\"ChiaoGoo rotacinis valas prisukamiems virbalams 360\u00b0 \u2013 itin patogus valas su besisukan\u010diu sujungimu, leid\u017eian\u010diu valui laisvai suktis aplink savo a\u0161\u012f. Tai padeda i\u0161vengti susisukimo ir u\u017etikrina skland\u0173 bei malon\u0173 mezgim\u0105. Pagamintas i\u0161 tvirto, ta\u010diau lankstaus med\u017eiaginio plieno valo, padengto permatomu nailonu. Kiekvienas valas turi 360\u00b0 rotacin\u012f mechanizm\u0105, kuris leid\u017eia prisukamiems virbalams jud\u0117ti laisvai, be \u012ftampos. [&hellip;]\" \/>\n<meta property=\"og:url\" content=\"https:\/\/happyinaknit.com\/ru\/product\/chiaogoo-rotacinis-valas-prisukamiems-virbalams-360\/\" \/>\n<meta property=\"og:site_name\" content=\"Happyinaknit.com\" \/>\n<meta property=\"article:modified_time\" content=\"2026-04-15T10:54:18+00:00\" \/>\n<meta property=\"og:image\" content=\"https:\/\/happyinaknit.com\/wp-content\/uploads\/2025\/10\/7708-L.webp\" \/>\n\t<meta property=\"og:image:width\" content=\"900\" \/>\n\t<meta property=\"og:image:height\" content=\"900\" \/>\n\t<meta property=\"og:image:type\" content=\"image\/webp\" \/>\n<meta name=\"twitter:card\" content=\"summary_large_image\" \/>\n<meta name=\"twitter:label1\" content=\"\u041f\u0440\u0438\u043c\u0435\u0440\u043d\u043e\u0435 \u0432\u0440\u0435\u043c\u044f \u0434\u043b\u044f \u0447\u0442\u0435\u043d\u0438\u044f\" \/>\n\t<meta name=\"twitter:data1\" content=\"1 \u043c\u0438\u043d\u0443\u0442\u0430\" \/>\n<script type=\"application\/ld+json\" class=\"yoast-schema-graph\">{\"@context\":\"https:\/\/schema.org\",\"@graph\":[{\"@type\":\"WebPage\",\"@id\":\"https:\/\/happyinaknit.com\/produktas\/chiaogoo-rotacinis-valas-prisukamiems-virbalams-360\/\",\"url\":\"https:\/\/happyinaknit.com\/produktas\/chiaogoo-rotacinis-valas-prisukamiems-virbalams-360\/\",\"name\":\"ChiaoGoo Rotacinis Valas Prisukamiems Virbalams 360\u00b0 - Happyinaknit.com\",\"isPartOf\":{\"@id\":\"https:\/\/happyinaknit.com\/lt\/#website\"},\"primaryImageOfPage\":{\"@id\":\"https:\/\/happyinaknit.com\/produktas\/chiaogoo-rotacinis-valas-prisukamiems-virbalams-360\/#primaryimage\"},\"image\":{\"@id\":\"https:\/\/happyinaknit.com\/produktas\/chiaogoo-rotacinis-valas-prisukamiems-virbalams-360\/#primaryimage\"},\"thumbnailUrl\":\"https:\/\/happyinaknit.com\/wp-content\/uploads\/2025\/10\/7708-L.webp\",\"datePublished\":\"2025-10-19T19:34:01+00:00\",\"dateModified\":\"2026-04-15T10:54:18+00:00\",\"breadcrumb\":{\"@id\":\"https:\/\/happyinaknit.com\/produktas\/chiaogoo-rotacinis-valas-prisukamiems-virbalams-360\/#breadcrumb\"},\"inLanguage\":\"ru-RU\",\"potentialAction\":[{\"@type\":\"ReadAction\",\"target\":[\"https:\/\/happyinaknit.com\/produktas\/chiaogoo-rotacinis-valas-prisukamiems-virbalams-360\/\"]}]},{\"@type\":\"ImageObject\",\"inLanguage\":\"ru-RU\",\"@id\":\"https:\/\/happyinaknit.com\/produktas\/chiaogoo-rotacinis-valas-prisukamiems-virbalams-360\/#primaryimage\",\"url\":\"https:\/\/happyinaknit.com\/wp-content\/uploads\/2025\/10\/7708-L.webp\",\"contentUrl\":\"https:\/\/happyinaknit.com\/wp-content\/uploads\/2025\/10\/7708-L.webp\",\"width\":900,\"height\":900},{\"@type\":\"BreadcrumbList\",\"@id\":\"https:\/\/happyinaknit.com\/produktas\/chiaogoo-rotacinis-valas-prisukamiems-virbalams-360\/#breadcrumb\",\"itemListElement\":[{\"@type\":\"ListItem\",\"position\":1,\"name\":\"Home\",\"item\":\"https:\/\/happyinaknit.com\/lt\/\"},{\"@type\":\"ListItem\",\"position\":2,\"name\":\"Parduotuv\u0117\",\"item\":\"https:\/\/happyinaknit.com\/lt\/parduotuve\/\"},{\"@type\":\"ListItem\",\"position\":3,\"name\":\"ChiaoGoo Rotacinis Valas Prisukamiems Virbalams 360\u00b0\"}]},{\"@type\":\"WebSite\",\"@id\":\"https:\/\/happyinaknit.com\/lt\/#website\",\"url\":\"https:\/\/happyinaknit.com\/lt\/\",\"name\":\"Happyinaknit.com\",\"description\":\"\",\"potentialAction\":[{\"@type\":\"SearchAction\",\"target\":{\"@type\":\"EntryPoint\",\"urlTemplate\":\"https:\/\/happyinaknit.com\/lt\/?s={search_term_string}\"},\"query-input\":{\"@type\":\"PropertyValueSpecification\",\"valueRequired\":true,\"valueName\":\"search_term_string\"}}],\"inLanguage\":\"ru-RU\"}]}<\/script>\n<!-- \/ Yoast SEO plugin. -->","yoast_head_json":{"title":"ChiaoGoo Rotacinis Valas Prisukamiems Virbalams 360\u00b0 - Happyinaknit.com","robots":{"index":"index","follow":"follow","max-snippet":"max-snippet:-1","max-image-preview":"max-image-preview:large","max-video-preview":"max-video-preview:-1"},"canonical":"https:\/\/happyinaknit.com\/ru\/product\/chiaogoo-rotacinis-valas-prisukamiems-virbalams-360\/","og_locale":"ru_RU","og_type":"article","og_title":"ChiaoGoo Rotacinis Valas Prisukamiems Virbalams 360\u00b0 - Happyinaknit.com","og_description":"ChiaoGoo rotacinis valas prisukamiems virbalams 360\u00b0 \u2013 itin patogus valas su besisukan\u010diu sujungimu, leid\u017eian\u010diu valui laisvai suktis aplink savo a\u0161\u012f. Tai padeda i\u0161vengti susisukimo ir u\u017etikrina skland\u0173 bei malon\u0173 mezgim\u0105. Pagamintas i\u0161 tvirto, ta\u010diau lankstaus med\u017eiaginio plieno valo, padengto permatomu nailonu. Kiekvienas valas turi 360\u00b0 rotacin\u012f mechanizm\u0105, kuris leid\u017eia prisukamiems virbalams jud\u0117ti laisvai, be \u012ftampos. [&hellip;]","og_url":"https:\/\/happyinaknit.com\/ru\/product\/chiaogoo-rotacinis-valas-prisukamiems-virbalams-360\/","og_site_name":"Happyinaknit.com","article_modified_time":"2026-04-15T10:54:18+00:00","og_image":[{"width":900,"height":900,"url":"https:\/\/happyinaknit.com\/wp-content\/uploads\/2025\/10\/7708-L.webp","type":"image\/webp"}],"twitter_card":"summary_large_image","twitter_misc":{"\u041f\u0440\u0438\u043c\u0435\u0440\u043d\u043e\u0435 \u0432\u0440\u0435\u043c\u044f \u0434\u043b\u044f \u0447\u0442\u0435\u043d\u0438\u044f":"1 \u043c\u0438\u043d\u0443\u0442\u0430"},"schema":{"@context":"https:\/\/schema.org","@graph":[{"@type":"WebPage","@id":"https:\/\/happyinaknit.com\/produktas\/chiaogoo-rotacinis-valas-prisukamiems-virbalams-360\/","url":"https:\/\/happyinaknit.com\/produktas\/chiaogoo-rotacinis-valas-prisukamiems-virbalams-360\/","name":"ChiaoGoo Rotacinis Valas Prisukamiems Virbalams 360\u00b0 - Happyinaknit.com","isPartOf":{"@id":"https:\/\/happyinaknit.com\/lt\/#website"},"primaryImageOfPage":{"@id":"https:\/\/happyinaknit.com\/produktas\/chiaogoo-rotacinis-valas-prisukamiems-virbalams-360\/#primaryimage"},"image":{"@id":"https:\/\/happyinaknit.com\/produktas\/chiaogoo-rotacinis-valas-prisukamiems-virbalams-360\/#primaryimage"},"thumbnailUrl":"https:\/\/happyinaknit.com\/wp-content\/uploads\/2025\/10\/7708-L.webp","datePublished":"2025-10-19T19:34:01+00:00","dateModified":"2026-04-15T10:54:18+00:00","breadcrumb":{"@id":"https:\/\/happyinaknit.com\/produktas\/chiaogoo-rotacinis-valas-prisukamiems-virbalams-360\/#breadcrumb"},"inLanguage":"ru-RU","potentialAction":[{"@type":"ReadAction","target":["https:\/\/happyinaknit.com\/produktas\/chiaogoo-rotacinis-valas-prisukamiems-virbalams-360\/"]}]},{"@type":"ImageObject","inLanguage":"ru-RU","@id":"https:\/\/happyinaknit.com\/produktas\/chiaogoo-rotacinis-valas-prisukamiems-virbalams-360\/#primaryimage","url":"https:\/\/happyinaknit.com\/wp-content\/uploads\/2025\/10\/7708-L.webp","contentUrl":"https:\/\/happyinaknit.com\/wp-content\/uploads\/2025\/10\/7708-L.webp","width":900,"height":900},{"@type":"BreadcrumbList","@id":"https:\/\/happyinaknit.com\/produktas\/chiaogoo-rotacinis-valas-prisukamiems-virbalams-360\/#breadcrumb","itemListElement":[{"@type":"ListItem","position":1,"name":"Home","item":"https:\/\/happyinaknit.com\/lt\/"},{"@type":"ListItem","position":2,"name":"Parduotuv\u0117","item":"https:\/\/happyinaknit.com\/lt\/parduotuve\/"},{"@type":"ListItem","position":3,"name":"ChiaoGoo Rotacinis Valas Prisukamiems Virbalams 360\u00b0"}]},{"@type":"WebSite","@id":"https:\/\/happyinaknit.com\/lt\/#website","url":"https:\/\/happyinaknit.com\/lt\/","name":"Happyinaknit.com","description":"","potentialAction":[{"@type":"SearchAction","target":{"@type":"EntryPoint","urlTemplate":"https:\/\/happyinaknit.com\/lt\/?s={search_term_string}"},"query-input":{"@type":"PropertyValueSpecification","valueRequired":true,"valueName":"search_term_string"}}],"inLanguage":"ru-RU"}]}},"_links":{"self":[{"href":"https:\/\/happyinaknit.com\/ru\/wp-json\/wp\/v2\/product\/6696","targetHints":{"allow":["GET"]}}],"collection":[{"href":"https:\/\/happyinaknit.com\/ru\/wp-json\/wp\/v2\/product"}],"about":[{"href":"https:\/\/happyinaknit.com\/ru\/wp-json\/wp\/v2\/types\/product"}],"replies":[{"embeddable":true,"href":"https:\/\/happyinaknit.com\/ru\/wp-json\/wp\/v2\/comments?post=6696"}],"wp:featuredmedia":[{"embeddable":true,"href":"https:\/\/happyinaknit.com\/ru\/wp-json\/wp\/v2\/media\/6698"}],"wp:attachment":[{"href":"https:\/\/happyinaknit.com\/ru\/wp-json\/wp\/v2\/media?parent=6696"}],"wp:term":[{"taxonomy":"product_brand","embeddable":true,"href":"https:\/\/happyinaknit.com\/ru\/wp-json\/wp\/v2\/product_brand?post=6696"},{"taxonomy":"product_cat","embeddable":true,"href":"https:\/\/happyinaknit.com\/ru\/wp-json\/wp\/v2\/product_cat?post=6696"},{"taxonomy":"product_tag","embeddable":true,"href":"https:\/\/happyinaknit.com\/ru\/wp-json\/wp\/v2\/product_tag?post=6696"},{"taxonomy":"pro-kategorijos","embeddable":true,"href":"https:\/\/happyinaknit.com\/ru\/wp-json\/wp\/v2\/pro-kategorijos?post=6696"}],"curies":[{"name":"wp","href":"https:\/\/api.w.org\/{rel}","templated":true}]}}