{"id":6693,"date":"2025-10-19T19:27:57","date_gmt":"2025-10-19T19:27:57","guid":{"rendered":"https:\/\/happyinaknit.com\/?post_type=product&#038;p=6693"},"modified":"2025-10-19T19:27:57","modified_gmt":"2025-10-19T19:27:57","slug":"chiaogoo-priedu-rinkinys-s-l","status":"publish","type":"product","link":"https:\/\/happyinaknit.com\/ru\/product\/chiaogoo-priedu-rinkinys-s-l\/","title":{"rendered":"ChiaoGoo S &amp; L \u043d\u0430\u0431\u043e\u0440 \u0430\u043a\u0441\u0435\u0441\u0441\u0443\u0430\u0440\u043e\u0432"},"content":{"rendered":"<p><b>\u041d\u0430\u0431\u043e\u0440 \u0430\u043a\u0441\u0435\u0441\u0441\u0443\u0430\u0440\u043e\u0432 ChiaoGoo TWIST Small &amp; Large<\/b> \u2013 \u0443\u043d\u0438\u0432\u0435\u0440\u0441\u0430\u043b\u044c\u043d\u043e\u0435 \u0432\u0441\u043f\u043e\u043c\u043e\u0433\u0430\u0442\u0435\u043b\u044c\u043d\u043e\u0435 \u0441\u0440\u0435\u0434\u0441\u0442\u0432\u043e \u0434\u043b\u044f \u0440\u0443\u043a\u043e\u0434\u0435\u043b\u044c\u043d\u0438\u0446, \u0438\u0441\u043f\u043e\u043b\u044c\u0437\u0443\u044e\u0449\u0438\u0445 \u0440\u0430\u0437\u044a\u0435\u043c\u043d\u044b\u0435 \u0441\u043f\u0438\u0446\u044b. \u041d\u0430\u0431\u043e\u0440 \u043f\u0440\u0435\u0434\u043d\u0430\u0437\u043d\u0430\u0447\u0435\u043d \u0434\u043b\u044f \u0438\u0441\u043f\u043e\u043b\u044c\u0437\u043e\u0432\u0430\u043d\u0438\u044f \u0441 <b>\u0441\u0438\u0441\u0442\u0435\u043c\u0430\u043c\u0438 ChiaoGoo TWIST S \u0438 L<\/b> \u0438 \u0432\u043a\u043b\u044e\u0447\u0430\u0435\u0442 \u0432 \u0441\u0435\u0431\u044f \u0432\u0441\u0435 \u043e\u0441\u043d\u043e\u0432\u043d\u044b\u0435 \u0438\u043d\u0441\u0442\u0440\u0443\u043c\u0435\u043d\u0442\u044b, \u043d\u0435\u043e\u0431\u0445\u043e\u0434\u0438\u043c\u044b\u0435 \u0434\u043b\u044f \u043a\u043e\u043c\u0444\u043e\u0440\u0442\u043d\u043e\u0433\u043e \u0438 \u0431\u0435\u0437\u043e\u043f\u0430\u0441\u043d\u043e\u0433\u043e \u0432\u044f\u0437\u0430\u043d\u0438\u044f.<\/p>\n<p>\u0412 \u043a\u043e\u043c\u043f\u043b\u0435\u043a\u0442 \u0432\u0445\u043e\u0434\u0438\u0442 \u0432\u0441\u0435 \u043d\u0435\u043e\u0431\u0445\u043e\u0434\u0438\u043c\u043e\u0435 \u0434\u043b\u044f \u0437\u0430\u043c\u0435\u043d\u044b \u0438\u043b\u0438 \u043f\u0440\u0438\u0441\u043e\u0435\u0434\u0438\u043d\u0435\u043d\u0438\u044f  \u043b\u0435\u0441\u043e\u043a, \u0444\u0438\u043a\u0441\u0430\u0446\u0438\u0438 \u043f\u0435\u0442\u0435\u043b\u044c \u0438\u043b\u0438 \u043a\u0440\u0435\u043f\u043b\u0435\u043d\u0438\u044f \u0441\u043f\u0438\u0446.<\/p>\n<p><b>\u0421\u043e\u0441\u0442\u0430\u0432 \u043a\u043e\u043c\u043f\u043b\u0435\u043a\u0442\u0430:<\/b><b><\/b><\/p>\n<p>\u20224 \u043a\u043e\u043d\u043d\u0435\u043a\u0442\u043e\u0440\u0430  (\u0434\u043b\u044f \u0441\u043e\u0435\u0434\u0438\u043d\u0435\u043d\u0438\u044f \u043b\u0435\u0441\u043e\u043a)<\/p>\n<p>\u20224 \u043d\u0430\u043a\u043e\u043d\u0435\u0447\u043d\u0438\u043a\u0430- \u0441\u0442\u043e\u043f\u043f\u0435\u0440\u0430<\/p>\n<p>\u20224  \u043a\u043b\u044e\u0447\u0430 (\u0434\u043b\u044f \u0437\u0430\u043a\u0440\u0443\u0447\u0438\u0432\u0430\u043d\u0438\u044f \u043b\u0435\u0441\u043e\u043a )<\/p>\n<p>\u20222 \u0438\u0433\u043b\u044b \u0441 \u0442\u0443\u043f\u044b\u043c\u0438 \u043a\u043e\u043d\u0447\u0438\u043a\u0430\u043c\u0438<\/p>\n<p>\u20222 \u0430\u0434\u0430\u043f\u0442\u0435\u0440\u0430 (\u0441 \u0440\u0430\u0437\u043c\u0435\u0440\u0430 L \u043d\u0430 S)<\/p>\n<p>\u202220 \u043c\u0430\u0440\u043a\u0435\u0440\u043e\u0432<\/p>\n<p>\u20222 \u0434\u0435\u0440\u0436\u0430\u0442\u0435\u043b\u044f \u0434\u043b\u044f \u043f\u0435\u0442\u0435\u043b\u044c<\/p>\n<p>\u20221 \u0441\u0438\u043b\u0438\u043a\u043e\u043d\u043e\u0432\u043e\u0435 \u0441\u0435\u0440\u0434\u0435\u0447\u043a\u043e  \u0434\u043b\u044f \u0437\u0430\u043a\u0440\u0443\u0447\u0438\u0432\u0430\u043d\u0438\u044f \u043b\u0435\u0441\u043e\u043a<\/p>\n<p><b>\u0420\u0430\u0437\u043c\u0435\u0440:<\/b> 6 \u00d7 4 \u0441\u043c<\/p>\n<p><b>\u041f\u0440\u0438\u043c\u0435\u0447\u0430\u043d\u0438\u0435:<\/b> \u0426\u0432\u0435\u0442\u043e\u0432\u044b\u0435 \u043e\u0442\u0442\u0435\u043d\u043a\u0438 \u043c\u043e\u0433\u0443\u0442 \u043d\u0435\u0437\u043d\u0430\u0447\u0438\u0442\u0435\u043b\u044c\u043d\u043e \u043e\u0442\u043b\u0438\u0447\u0430\u0442\u044c\u0441\u044f \u0432 \u0437\u0430\u0432\u0438\u0441\u0438\u043c\u043e\u0441\u0442\u0438 \u043e\u0442 \u044d\u043a\u0440\u0430\u043d\u0430 \u0432\u0430\u0448\u0435\u0433\u043e \u0443\u0441\u0442\u0440\u043e\u0439\u0441\u0442\u0432\u0430.<\/p>","protected":false},"excerpt":{"rendered":"<p>ChiaoGoo TWIST Small &amp; Large pried\u0173 rinkinys \u2013 tai universali pagalba mezg\u0117joms, naudojan\u010dioms prisukamus virbalus. Rinkinys sukurtas naudoti su ChiaoGoo TWIST S ir L sistemomis ir apima visus svarbiausius \u012frankius, reikalingus patogiam ir saugiam mezgimui. Rinkinyje rasite visk\u0105, ko gali prireikti kei\u010diant ar prijungiant valus, fiksuojant akis ar tvirtinant virbalus. Rinkinio sud\u0117tis: \u20224 jungtys (val\u0173 [&hellip;]<\/p>\n","protected":false},"featured_media":6695,"comment_status":"open","ping_status":"closed","template":"","meta":{"_acf_changed":false},"product_brand":[166],"product_cat":[15,868,867,52,19,20,1081],"product_tag":[],"pro-kategorijos":[],"class_list":{"0":"post-6693","1":"product","2":"type-product","3":"status-publish","4":"has-post-thumbnail","6":"product_brand-chiaogoo","7":"product_cat-visi-produktai","8":"product_cat-antgaliaistabdziukai","9":"product_cat-jungtys-ir-kt-priedai","10":"product_cat-kiti-mezgimo-reikmenys","11":"product_cat-mezgimo-priemones","12":"product_cat-priedai-mezgimui","13":"product_cat-zymekliai","15":"first","16":"instock","17":"shipping-taxable","18":"purchasable","19":"product-type-simple"},"acf":[],"yoast_head":"<!-- This site is optimized with the Yoast SEO plugin v26.8 - https:\/\/yoast.com\/product\/yoast-seo-wordpress\/ -->\n<title>ChiaoGoo Pried\u0173 Rinkinys S &amp; L - Happyinaknit.com<\/title>\n<meta name=\"robots\" content=\"index, follow, max-snippet:-1, max-image-preview:large, max-video-preview:-1\" \/>\n<link rel=\"canonical\" href=\"https:\/\/happyinaknit.com\/ru\/product\/chiaogoo-priedu-rinkinys-s-l\/\" \/>\n<meta property=\"og:locale\" content=\"ru_RU\" \/>\n<meta property=\"og:type\" content=\"article\" \/>\n<meta property=\"og:title\" content=\"ChiaoGoo Pried\u0173 Rinkinys S &amp; L - Happyinaknit.com\" \/>\n<meta property=\"og:description\" content=\"ChiaoGoo TWIST Small &amp; Large pried\u0173 rinkinys \u2013 tai universali pagalba mezg\u0117joms, naudojan\u010dioms prisukamus virbalus. Rinkinys sukurtas naudoti su ChiaoGoo TWIST S ir L sistemomis ir apima visus svarbiausius \u012frankius, reikalingus patogiam ir saugiam mezgimui. Rinkinyje rasite visk\u0105, ko gali prireikti kei\u010diant ar prijungiant valus, fiksuojant akis ar tvirtinant virbalus. Rinkinio sud\u0117tis: \u20224 jungtys (val\u0173 [&hellip;]\" \/>\n<meta property=\"og:url\" content=\"https:\/\/happyinaknit.com\/ru\/product\/chiaogoo-priedu-rinkinys-s-l\/\" \/>\n<meta property=\"og:site_name\" content=\"Happyinaknit.com\" \/>\n<meta property=\"og:image\" content=\"https:\/\/happyinaknit.com\/wp-content\/uploads\/2025\/10\/180-0007599-000001.jpg.webp\" \/>\n\t<meta property=\"og:image:width\" content=\"1320\" \/>\n\t<meta property=\"og:image:height\" content=\"1320\" \/>\n\t<meta property=\"og:image:type\" content=\"image\/webp\" \/>\n<meta name=\"twitter:card\" content=\"summary_large_image\" \/>\n<meta name=\"twitter:label1\" content=\"\u041f\u0440\u0438\u043c\u0435\u0440\u043d\u043e\u0435 \u0432\u0440\u0435\u043c\u044f \u0434\u043b\u044f \u0447\u0442\u0435\u043d\u0438\u044f\" \/>\n\t<meta name=\"twitter:data1\" content=\"1 \u043c\u0438\u043d\u0443\u0442\u0430\" \/>\n<script type=\"application\/ld+json\" class=\"yoast-schema-graph\">{\"@context\":\"https:\/\/schema.org\",\"@graph\":[{\"@type\":\"WebPage\",\"@id\":\"https:\/\/happyinaknit.com\/produktas\/chiaogoo-priedu-rinkinys-s-l\/\",\"url\":\"https:\/\/happyinaknit.com\/produktas\/chiaogoo-priedu-rinkinys-s-l\/\",\"name\":\"ChiaoGoo Pried\u0173 Rinkinys S & L - Happyinaknit.com\",\"isPartOf\":{\"@id\":\"https:\/\/happyinaknit.com\/lt\/#website\"},\"primaryImageOfPage\":{\"@id\":\"https:\/\/happyinaknit.com\/produktas\/chiaogoo-priedu-rinkinys-s-l\/#primaryimage\"},\"image\":{\"@id\":\"https:\/\/happyinaknit.com\/produktas\/chiaogoo-priedu-rinkinys-s-l\/#primaryimage\"},\"thumbnailUrl\":\"https:\/\/happyinaknit.com\/wp-content\/uploads\/2025\/10\/180-0007599-000001.jpg.webp\",\"datePublished\":\"2025-10-19T19:27:57+00:00\",\"breadcrumb\":{\"@id\":\"https:\/\/happyinaknit.com\/produktas\/chiaogoo-priedu-rinkinys-s-l\/#breadcrumb\"},\"inLanguage\":\"ru-RU\",\"potentialAction\":[{\"@type\":\"ReadAction\",\"target\":[\"https:\/\/happyinaknit.com\/produktas\/chiaogoo-priedu-rinkinys-s-l\/\"]}]},{\"@type\":\"ImageObject\",\"inLanguage\":\"ru-RU\",\"@id\":\"https:\/\/happyinaknit.com\/produktas\/chiaogoo-priedu-rinkinys-s-l\/#primaryimage\",\"url\":\"https:\/\/happyinaknit.com\/wp-content\/uploads\/2025\/10\/180-0007599-000001.jpg.webp\",\"contentUrl\":\"https:\/\/happyinaknit.com\/wp-content\/uploads\/2025\/10\/180-0007599-000001.jpg.webp\",\"width\":1320,\"height\":1320},{\"@type\":\"BreadcrumbList\",\"@id\":\"https:\/\/happyinaknit.com\/produktas\/chiaogoo-priedu-rinkinys-s-l\/#breadcrumb\",\"itemListElement\":[{\"@type\":\"ListItem\",\"position\":1,\"name\":\"Home\",\"item\":\"https:\/\/happyinaknit.com\/lt\/\"},{\"@type\":\"ListItem\",\"position\":2,\"name\":\"Parduotuv\u0117\",\"item\":\"https:\/\/happyinaknit.com\/lt\/parduotuve\/\"},{\"@type\":\"ListItem\",\"position\":3,\"name\":\"ChiaoGoo Pried\u0173 Rinkinys S &#038; L\"}]},{\"@type\":\"WebSite\",\"@id\":\"https:\/\/happyinaknit.com\/lt\/#website\",\"url\":\"https:\/\/happyinaknit.com\/lt\/\",\"name\":\"Happyinaknit.com\",\"description\":\"\",\"potentialAction\":[{\"@type\":\"SearchAction\",\"target\":{\"@type\":\"EntryPoint\",\"urlTemplate\":\"https:\/\/happyinaknit.com\/lt\/?s={search_term_string}\"},\"query-input\":{\"@type\":\"PropertyValueSpecification\",\"valueRequired\":true,\"valueName\":\"search_term_string\"}}],\"inLanguage\":\"ru-RU\"}]}<\/script>\n<!-- \/ Yoast SEO plugin. -->","yoast_head_json":{"title":"ChiaoGoo Pried\u0173 Rinkinys S & L - Happyinaknit.com","robots":{"index":"index","follow":"follow","max-snippet":"max-snippet:-1","max-image-preview":"max-image-preview:large","max-video-preview":"max-video-preview:-1"},"canonical":"https:\/\/happyinaknit.com\/ru\/product\/chiaogoo-priedu-rinkinys-s-l\/","og_locale":"ru_RU","og_type":"article","og_title":"ChiaoGoo Pried\u0173 Rinkinys S & L - Happyinaknit.com","og_description":"ChiaoGoo TWIST Small &amp; Large pried\u0173 rinkinys \u2013 tai universali pagalba mezg\u0117joms, naudojan\u010dioms prisukamus virbalus. Rinkinys sukurtas naudoti su ChiaoGoo TWIST S ir L sistemomis ir apima visus svarbiausius \u012frankius, reikalingus patogiam ir saugiam mezgimui. Rinkinyje rasite visk\u0105, ko gali prireikti kei\u010diant ar prijungiant valus, fiksuojant akis ar tvirtinant virbalus. Rinkinio sud\u0117tis: \u20224 jungtys (val\u0173 [&hellip;]","og_url":"https:\/\/happyinaknit.com\/ru\/product\/chiaogoo-priedu-rinkinys-s-l\/","og_site_name":"Happyinaknit.com","og_image":[{"width":1320,"height":1320,"url":"https:\/\/happyinaknit.com\/wp-content\/uploads\/2025\/10\/180-0007599-000001.jpg.webp","type":"image\/webp"}],"twitter_card":"summary_large_image","twitter_misc":{"\u041f\u0440\u0438\u043c\u0435\u0440\u043d\u043e\u0435 \u0432\u0440\u0435\u043c\u044f \u0434\u043b\u044f \u0447\u0442\u0435\u043d\u0438\u044f":"1 \u043c\u0438\u043d\u0443\u0442\u0430"},"schema":{"@context":"https:\/\/schema.org","@graph":[{"@type":"WebPage","@id":"https:\/\/happyinaknit.com\/produktas\/chiaogoo-priedu-rinkinys-s-l\/","url":"https:\/\/happyinaknit.com\/produktas\/chiaogoo-priedu-rinkinys-s-l\/","name":"ChiaoGoo Pried\u0173 Rinkinys S & L - Happyinaknit.com","isPartOf":{"@id":"https:\/\/happyinaknit.com\/lt\/#website"},"primaryImageOfPage":{"@id":"https:\/\/happyinaknit.com\/produktas\/chiaogoo-priedu-rinkinys-s-l\/#primaryimage"},"image":{"@id":"https:\/\/happyinaknit.com\/produktas\/chiaogoo-priedu-rinkinys-s-l\/#primaryimage"},"thumbnailUrl":"https:\/\/happyinaknit.com\/wp-content\/uploads\/2025\/10\/180-0007599-000001.jpg.webp","datePublished":"2025-10-19T19:27:57+00:00","breadcrumb":{"@id":"https:\/\/happyinaknit.com\/produktas\/chiaogoo-priedu-rinkinys-s-l\/#breadcrumb"},"inLanguage":"ru-RU","potentialAction":[{"@type":"ReadAction","target":["https:\/\/happyinaknit.com\/produktas\/chiaogoo-priedu-rinkinys-s-l\/"]}]},{"@type":"ImageObject","inLanguage":"ru-RU","@id":"https:\/\/happyinaknit.com\/produktas\/chiaogoo-priedu-rinkinys-s-l\/#primaryimage","url":"https:\/\/happyinaknit.com\/wp-content\/uploads\/2025\/10\/180-0007599-000001.jpg.webp","contentUrl":"https:\/\/happyinaknit.com\/wp-content\/uploads\/2025\/10\/180-0007599-000001.jpg.webp","width":1320,"height":1320},{"@type":"BreadcrumbList","@id":"https:\/\/happyinaknit.com\/produktas\/chiaogoo-priedu-rinkinys-s-l\/#breadcrumb","itemListElement":[{"@type":"ListItem","position":1,"name":"Home","item":"https:\/\/happyinaknit.com\/lt\/"},{"@type":"ListItem","position":2,"name":"Parduotuv\u0117","item":"https:\/\/happyinaknit.com\/lt\/parduotuve\/"},{"@type":"ListItem","position":3,"name":"ChiaoGoo Pried\u0173 Rinkinys S &#038; L"}]},{"@type":"WebSite","@id":"https:\/\/happyinaknit.com\/lt\/#website","url":"https:\/\/happyinaknit.com\/lt\/","name":"Happyinaknit.com","description":"","potentialAction":[{"@type":"SearchAction","target":{"@type":"EntryPoint","urlTemplate":"https:\/\/happyinaknit.com\/lt\/?s={search_term_string}"},"query-input":{"@type":"PropertyValueSpecification","valueRequired":true,"valueName":"search_term_string"}}],"inLanguage":"ru-RU"}]}},"_links":{"self":[{"href":"https:\/\/happyinaknit.com\/ru\/wp-json\/wp\/v2\/product\/6693","targetHints":{"allow":["GET"]}}],"collection":[{"href":"https:\/\/happyinaknit.com\/ru\/wp-json\/wp\/v2\/product"}],"about":[{"href":"https:\/\/happyinaknit.com\/ru\/wp-json\/wp\/v2\/types\/product"}],"replies":[{"embeddable":true,"href":"https:\/\/happyinaknit.com\/ru\/wp-json\/wp\/v2\/comments?post=6693"}],"wp:featuredmedia":[{"embeddable":true,"href":"https:\/\/happyinaknit.com\/ru\/wp-json\/wp\/v2\/media\/6695"}],"wp:attachment":[{"href":"https:\/\/happyinaknit.com\/ru\/wp-json\/wp\/v2\/media?parent=6693"}],"wp:term":[{"taxonomy":"product_brand","embeddable":true,"href":"https:\/\/happyinaknit.com\/ru\/wp-json\/wp\/v2\/product_brand?post=6693"},{"taxonomy":"product_cat","embeddable":true,"href":"https:\/\/happyinaknit.com\/ru\/wp-json\/wp\/v2\/product_cat?post=6693"},{"taxonomy":"product_tag","embeddable":true,"href":"https:\/\/happyinaknit.com\/ru\/wp-json\/wp\/v2\/product_tag?post=6693"},{"taxonomy":"pro-kategorijos","embeddable":true,"href":"https:\/\/happyinaknit.com\/ru\/wp-json\/wp\/v2\/pro-kategorijos?post=6693"}],"curies":[{"name":"wp","href":"https:\/\/api.w.org\/{rel}","templated":true}]}}