{"id":6684,"date":"2025-10-19T19:09:03","date_gmt":"2025-10-19T19:09:03","guid":{"rendered":"https:\/\/happyinaknit.com\/?post_type=product&#038;p=6684"},"modified":"2026-03-17T13:08:55","modified_gmt":"2026-03-17T13:08:55","slug":"chiaogoo-antgaliai-prisukamiems-pirbalams-stopperiai","status":"publish","type":"product","link":"https:\/\/happyinaknit.com\/ru\/product\/chiaogoo-antgaliai-prisukamiems-pirbalams-stopperiai\/","title":{"rendered":"ChiaoGoo  \u0441\u0442\u043e\u043f\u043f\u0435\u0440\u044b"},"content":{"rendered":"<p>\u041d\u0430\u0434\u0435\u0436\u043d\u044b\u0435 <b>\u0441\u0442\u043e\u043f\u043f\u0435\u0440\u044b  ChiaoGoo<\/b> \u2013 \u043d\u0435\u043e\u0431\u0445\u043e\u0434\u0438\u043c\u044b\u0439 \u0430\u043a\u0441\u0435\u0441\u0441\u0443\u0430\u0440 \u043f\u0440\u0438 \u0432\u044f\u0437\u0430\u043d\u0438\u0438 <b>\u0440\u0430\u0437\u044a\u0451\u043c\u043d\u044b\u043c\u0438 \u0441\u043f\u0438\u0446\u0430\u043c\u0438.<\/b>\u041e\u043d\u0438 \u043f\u043e\u0437\u0432\u043e\u043b\u044f\u044e\u0442 <b>\u0431\u0435\u0437\u043e\u043f\u0430\u0441\u043d\u043e \u0437\u0430\u043a\u0440\u044b\u0442\u044c \u043b\u0435\u0441\u043a\u0443<\/b>, \u043a\u043e\u0433\u0434\u0430 \u0441\u043f\u0438\u0446\u044b \u0441\u043d\u044f\u0442\u044b, \u0447\u0442\u043e\u0431\u044b \u043f\u0440\u0435\u0434\u043e\u0442\u0432\u0440\u0430\u0442\u0438\u0442\u044c \u0441\u043e\u0441\u043a\u0430\u043b\u044c\u0437\u044b\u0432\u0430\u043d\u0438\u0435 \u043f\u0435\u0442\u0435\u043b\u044c \u0441 \u0432\u044f\u0437\u0430\u043d\u0438\u044f. \u042d\u0442\u043e \u0438\u0434\u0435\u0430\u043b\u044c\u043d\u043e\u0435 \u0440\u0435\u0448\u0435\u043d\u0438\u0435 \u043f\u0440\u0438 \u043f\u0440\u0435\u0440\u044b\u0432\u0430\u043d\u0438\u0438 \u0440\u0430\u0431\u043e\u0442\u044b \u0438\u043b\u0438 \u0441\u043c\u0435\u043d\u0435 \u0440\u0430\u0437\u043c\u0435\u0440\u0430 \u0441\u043f\u0438\u0446.<\/p>\n<p>\u0421\u0434\u0435\u043b\u0430\u043d\u044b \u0438\u0437 <b>\u0432\u044b\u0441\u043e\u043a\u043e\u043a\u0430\u0447\u0435\u0441\u0442\u0432\u0435\u043d\u043d\u044b\u0439 \u043c\u0435\u0442\u0430\u043b\u043b\u0430.<\/b>\u042d\u0442\u0438 \u0441\u0442\u043e\u043f\u043f\u0435\u0440\u044b \u043f\u0440\u043e\u0447\u043d\u043e \u043f\u0440\u0438\u043a\u0440\u0443\u0447\u0438\u0432\u0430\u044e\u0442\u0441\u044f \u043d\u0430 \u043b\u0435\u0441\u043a\u0443 \u0438 \u043f\u043e\u043b\u043d\u043e\u0441\u0442\u044c\u044e \u0441\u043e\u0432\u043c\u0435\u0441\u0442\u0438\u043c\u044b \u0441 \u0441\u043e\u043e\u0442\u0432\u0435\u0442\u0441\u0442\u0432\u0443\u044e\u0449\u0435\u0439 <b>ChiaoGoo TWIST<\/b> \u0441\u0438\u0441\u0442\u0435\u043c\u043e\u0439<\/p>\n<p><b>\u041f\u043e\u0434\u0445\u043e\u0434\u0438\u0442 \u0434\u043b\u044f \u0441\u0438\u0441\u0442\u0435\u043c:<\/b><b><\/b><\/p>\n<p>\u2022<b>Mini  (\u041c)<\/b> \u2013 \u043a\u0440\u0430\u0441\u043d\u044b\u0435 \u0441\u0442\u043e\u043f\u043f\u0435\u0440\u044b \u2013 \u043f\u043e\u0434\u0445\u043e\u0434\u044f\u0442 \u0442\u043e\u043b\u044c\u043a\u043e \u0434\u043b\u044f \u043c\u0438\u043d\u0438-\u043b\u0435\u0441\u043e\u043a \u0438 \u0441\u043f\u0438\u0446<\/p>\n<p>\u2022<b>Small  (S)<\/b> \u2013 \u0431\u0435\u043b\u044b\u0435 \u0441\u0442\u043e\u043f\u043f\u0435\u0440\u044b \u2013 \u043f\u043e\u0434\u0445\u043e\u0434\u044f\u0442 \u0442\u043e\u043b\u044c\u043a\u043e \u0434\u043b\u044f S \u043b\u0435\u0441\u043e\u043a  \u0438 \u0441\u043f\u0438\u0446<\/p>\n<p>\u2022<b>Large  (L)<\/b> \u2013 \u0447\u0435\u0440\u043d\u044b\u0435 \u0441\u0442\u043e\u043f\u043f\u0435\u0440\u044b \u2013 \u043f\u043e\u0434\u0445\u043e\u0434\u044f\u0442 \u0442\u043e\u043b\u044c\u043a\u043e \u0434\u043b\u044f L \u043b\u0435\u0441\u043e\u043a  \u0438 \u0441\u043f\u0438\u0446<\/p>\n<p><b>\u0426\u0435\u043b\u044c:<\/b> \u0437\u0430\u043a\u0440\u0443\u0442\u0438\u0442\u044c \u043d\u0430  \u043b\u0435\u0441\u043a\u0443,  \u0447\u0442\u043e\u0431\u044b \u0432\u044f\u0437\u0430\u043d\u0438\u0435 \u043d\u0435 \u0440\u0430\u0441\u043f\u0443\u0441\u043a\u0430\u043b\u043e\u0441\u044c \u0431\u0435\u0437 \u0441\u043f\u0438\u0446<\/p>\n<p><b>\u0412\u0435\u0441:<\/b> 2 \u0448\u0442.<\/p>\n<p><b>\u041f\u0440\u0438\u043c\u0435\u0447\u0430\u043d\u0438\u0435:<\/b> \u0426\u0432\u0435\u0442\u043e\u0432\u044b\u0435 \u043e\u0442\u0442\u0435\u043d\u043a\u0438 \u043c\u043e\u0433\u0443\u0442 \u043d\u0435\u0437\u043d\u0430\u0447\u0438\u0442\u0435\u043b\u044c\u043d\u043e \u043e\u0442\u043b\u0438\u0447\u0430\u0442\u044c\u0441\u044f \u0432 \u0437\u0430\u0432\u0438\u0441\u0438\u043c\u043e\u0441\u0442\u0438 \u043e\u0442 \u044d\u043a\u0440\u0430\u043d\u0430 \u0432\u0430\u0448\u0435\u0433\u043e \u0443\u0441\u0442\u0440\u043e\u0439\u0441\u0442\u0432\u0430.<\/p>","protected":false},"excerpt":{"rendered":"<p>Patikimi ChiaoGoo antgaliai (stoppperiai) \u2013 b\u016btinas priedas mezgant su prisukamais virbalais. Jie leid\u017eia saugiai u\u017edaryti val\u0105, kai virbalai nuimami, kad akys nenuslyst\u0173 nuo mezginio. Tai idealus sprendimas pertraukiant darb\u0105 ar kei\u010diant virbal\u0173 dyd\u012f. Pagaminti i\u0161 auk\u0161tos kokyb\u0117s metalo, \u0161ie antgaliai tvirtai prisukami prie valo ir yra visi\u0161kai suderinami su atitinkama ChiaoGoo TWIST sistema. Tinka sistemoms: [&hellip;]<\/p>\n","protected":false},"featured_media":6687,"comment_status":"open","ping_status":"closed","template":"","meta":{"_acf_changed":false},"product_brand":[166],"product_cat":[15,868,19],"product_tag":[],"pro-kategorijos":[],"class_list":{"0":"post-6684","1":"product","2":"type-product","3":"status-publish","4":"has-post-thumbnail","6":"product_brand-chiaogoo","7":"product_cat-visi-produktai","8":"product_cat-antgaliaistabdziukai","9":"product_cat-mezgimo-priemones","11":"first","12":"instock","13":"shipping-taxable","14":"purchasable","15":"product-type-variable"},"acf":[],"yoast_head":"<!-- This site is optimized with the Yoast SEO plugin v26.8 - https:\/\/yoast.com\/product\/yoast-seo-wordpress\/ -->\n<title>ChiaoGoo Antgaliai Prisukamiems Virbalams (Stopperiai) - Happyinaknit.com<\/title>\n<meta name=\"robots\" content=\"index, follow, max-snippet:-1, max-image-preview:large, max-video-preview:-1\" \/>\n<link rel=\"canonical\" href=\"https:\/\/happyinaknit.com\/ru\/product\/chiaogoo-antgaliai-prisukamiems-pirbalams-stopperiai\/\" \/>\n<meta property=\"og:locale\" content=\"ru_RU\" \/>\n<meta property=\"og:type\" content=\"article\" \/>\n<meta property=\"og:title\" content=\"ChiaoGoo Antgaliai Prisukamiems Virbalams (Stopperiai) - Happyinaknit.com\" \/>\n<meta property=\"og:description\" content=\"Patikimi ChiaoGoo antgaliai (stoppperiai) \u2013 b\u016btinas priedas mezgant su prisukamais virbalais. Jie leid\u017eia saugiai u\u017edaryti val\u0105, kai virbalai nuimami, kad akys nenuslyst\u0173 nuo mezginio. Tai idealus sprendimas pertraukiant darb\u0105 ar kei\u010diant virbal\u0173 dyd\u012f. Pagaminti i\u0161 auk\u0161tos kokyb\u0117s metalo, \u0161ie antgaliai tvirtai prisukami prie valo ir yra visi\u0161kai suderinami su atitinkama ChiaoGoo TWIST sistema. Tinka sistemoms: [&hellip;]\" \/>\n<meta property=\"og:url\" content=\"https:\/\/happyinaknit.com\/ru\/product\/chiaogoo-antgaliai-prisukamiems-pirbalams-stopperiai\/\" \/>\n<meta property=\"og:site_name\" content=\"Happyinaknit.com\" \/>\n<meta property=\"article:modified_time\" content=\"2026-03-17T13:08:55+00:00\" \/>\n<meta property=\"og:image\" content=\"https:\/\/happyinaknit.com\/wp-content\/uploads\/2025\/10\/endstoppers.jpg\" \/>\n\t<meta property=\"og:image:width\" content=\"600\" \/>\n\t<meta property=\"og:image:height\" content=\"600\" \/>\n\t<meta property=\"og:image:type\" content=\"image\/jpeg\" \/>\n<meta name=\"twitter:card\" content=\"summary_large_image\" \/>\n<meta name=\"twitter:label1\" content=\"\u041f\u0440\u0438\u043c\u0435\u0440\u043d\u043e\u0435 \u0432\u0440\u0435\u043c\u044f \u0434\u043b\u044f \u0447\u0442\u0435\u043d\u0438\u044f\" \/>\n\t<meta name=\"twitter:data1\" content=\"1 \u043c\u0438\u043d\u0443\u0442\u0430\" \/>\n<script type=\"application\/ld+json\" class=\"yoast-schema-graph\">{\"@context\":\"https:\/\/schema.org\",\"@graph\":[{\"@type\":\"WebPage\",\"@id\":\"https:\/\/happyinaknit.com\/produktas\/chiaogoo-antgaliai-prisukamiems-pirbalams-stopperiai\/\",\"url\":\"https:\/\/happyinaknit.com\/produktas\/chiaogoo-antgaliai-prisukamiems-pirbalams-stopperiai\/\",\"name\":\"ChiaoGoo Antgaliai Prisukamiems Virbalams (Stopperiai) - Happyinaknit.com\",\"isPartOf\":{\"@id\":\"https:\/\/happyinaknit.com\/lt\/#website\"},\"primaryImageOfPage\":{\"@id\":\"https:\/\/happyinaknit.com\/produktas\/chiaogoo-antgaliai-prisukamiems-pirbalams-stopperiai\/#primaryimage\"},\"image\":{\"@id\":\"https:\/\/happyinaknit.com\/produktas\/chiaogoo-antgaliai-prisukamiems-pirbalams-stopperiai\/#primaryimage\"},\"thumbnailUrl\":\"https:\/\/happyinaknit.com\/wp-content\/uploads\/2025\/10\/endstoppers.jpg\",\"datePublished\":\"2025-10-19T19:09:03+00:00\",\"dateModified\":\"2026-03-17T13:08:55+00:00\",\"breadcrumb\":{\"@id\":\"https:\/\/happyinaknit.com\/produktas\/chiaogoo-antgaliai-prisukamiems-pirbalams-stopperiai\/#breadcrumb\"},\"inLanguage\":\"ru-RU\",\"potentialAction\":[{\"@type\":\"ReadAction\",\"target\":[\"https:\/\/happyinaknit.com\/produktas\/chiaogoo-antgaliai-prisukamiems-pirbalams-stopperiai\/\"]}]},{\"@type\":\"ImageObject\",\"inLanguage\":\"ru-RU\",\"@id\":\"https:\/\/happyinaknit.com\/produktas\/chiaogoo-antgaliai-prisukamiems-pirbalams-stopperiai\/#primaryimage\",\"url\":\"https:\/\/happyinaknit.com\/wp-content\/uploads\/2025\/10\/endstoppers.jpg\",\"contentUrl\":\"https:\/\/happyinaknit.com\/wp-content\/uploads\/2025\/10\/endstoppers.jpg\",\"width\":600,\"height\":600},{\"@type\":\"BreadcrumbList\",\"@id\":\"https:\/\/happyinaknit.com\/produktas\/chiaogoo-antgaliai-prisukamiems-pirbalams-stopperiai\/#breadcrumb\",\"itemListElement\":[{\"@type\":\"ListItem\",\"position\":1,\"name\":\"Home\",\"item\":\"https:\/\/happyinaknit.com\/lt\/\"},{\"@type\":\"ListItem\",\"position\":2,\"name\":\"Parduotuv\u0117\",\"item\":\"https:\/\/happyinaknit.com\/lt\/parduotuve\/\"},{\"@type\":\"ListItem\",\"position\":3,\"name\":\"ChiaoGoo Antgaliai Prisukamiems Virbalams (Stopperiai)\"}]},{\"@type\":\"WebSite\",\"@id\":\"https:\/\/happyinaknit.com\/lt\/#website\",\"url\":\"https:\/\/happyinaknit.com\/lt\/\",\"name\":\"Happyinaknit.com\",\"description\":\"\",\"potentialAction\":[{\"@type\":\"SearchAction\",\"target\":{\"@type\":\"EntryPoint\",\"urlTemplate\":\"https:\/\/happyinaknit.com\/lt\/?s={search_term_string}\"},\"query-input\":{\"@type\":\"PropertyValueSpecification\",\"valueRequired\":true,\"valueName\":\"search_term_string\"}}],\"inLanguage\":\"ru-RU\"}]}<\/script>\n<!-- \/ Yoast SEO plugin. -->","yoast_head_json":{"title":"ChiaoGoo Antgaliai Prisukamiems Virbalams (Stopperiai) - Happyinaknit.com","robots":{"index":"index","follow":"follow","max-snippet":"max-snippet:-1","max-image-preview":"max-image-preview:large","max-video-preview":"max-video-preview:-1"},"canonical":"https:\/\/happyinaknit.com\/ru\/product\/chiaogoo-antgaliai-prisukamiems-pirbalams-stopperiai\/","og_locale":"ru_RU","og_type":"article","og_title":"ChiaoGoo Antgaliai Prisukamiems Virbalams (Stopperiai) - Happyinaknit.com","og_description":"Patikimi ChiaoGoo antgaliai (stoppperiai) \u2013 b\u016btinas priedas mezgant su prisukamais virbalais. Jie leid\u017eia saugiai u\u017edaryti val\u0105, kai virbalai nuimami, kad akys nenuslyst\u0173 nuo mezginio. Tai idealus sprendimas pertraukiant darb\u0105 ar kei\u010diant virbal\u0173 dyd\u012f. Pagaminti i\u0161 auk\u0161tos kokyb\u0117s metalo, \u0161ie antgaliai tvirtai prisukami prie valo ir yra visi\u0161kai suderinami su atitinkama ChiaoGoo TWIST sistema. Tinka sistemoms: [&hellip;]","og_url":"https:\/\/happyinaknit.com\/ru\/product\/chiaogoo-antgaliai-prisukamiems-pirbalams-stopperiai\/","og_site_name":"Happyinaknit.com","article_modified_time":"2026-03-17T13:08:55+00:00","og_image":[{"width":600,"height":600,"url":"https:\/\/happyinaknit.com\/wp-content\/uploads\/2025\/10\/endstoppers.jpg","type":"image\/jpeg"}],"twitter_card":"summary_large_image","twitter_misc":{"\u041f\u0440\u0438\u043c\u0435\u0440\u043d\u043e\u0435 \u0432\u0440\u0435\u043c\u044f \u0434\u043b\u044f \u0447\u0442\u0435\u043d\u0438\u044f":"1 \u043c\u0438\u043d\u0443\u0442\u0430"},"schema":{"@context":"https:\/\/schema.org","@graph":[{"@type":"WebPage","@id":"https:\/\/happyinaknit.com\/produktas\/chiaogoo-antgaliai-prisukamiems-pirbalams-stopperiai\/","url":"https:\/\/happyinaknit.com\/produktas\/chiaogoo-antgaliai-prisukamiems-pirbalams-stopperiai\/","name":"ChiaoGoo Antgaliai Prisukamiems Virbalams (Stopperiai) - Happyinaknit.com","isPartOf":{"@id":"https:\/\/happyinaknit.com\/lt\/#website"},"primaryImageOfPage":{"@id":"https:\/\/happyinaknit.com\/produktas\/chiaogoo-antgaliai-prisukamiems-pirbalams-stopperiai\/#primaryimage"},"image":{"@id":"https:\/\/happyinaknit.com\/produktas\/chiaogoo-antgaliai-prisukamiems-pirbalams-stopperiai\/#primaryimage"},"thumbnailUrl":"https:\/\/happyinaknit.com\/wp-content\/uploads\/2025\/10\/endstoppers.jpg","datePublished":"2025-10-19T19:09:03+00:00","dateModified":"2026-03-17T13:08:55+00:00","breadcrumb":{"@id":"https:\/\/happyinaknit.com\/produktas\/chiaogoo-antgaliai-prisukamiems-pirbalams-stopperiai\/#breadcrumb"},"inLanguage":"ru-RU","potentialAction":[{"@type":"ReadAction","target":["https:\/\/happyinaknit.com\/produktas\/chiaogoo-antgaliai-prisukamiems-pirbalams-stopperiai\/"]}]},{"@type":"ImageObject","inLanguage":"ru-RU","@id":"https:\/\/happyinaknit.com\/produktas\/chiaogoo-antgaliai-prisukamiems-pirbalams-stopperiai\/#primaryimage","url":"https:\/\/happyinaknit.com\/wp-content\/uploads\/2025\/10\/endstoppers.jpg","contentUrl":"https:\/\/happyinaknit.com\/wp-content\/uploads\/2025\/10\/endstoppers.jpg","width":600,"height":600},{"@type":"BreadcrumbList","@id":"https:\/\/happyinaknit.com\/produktas\/chiaogoo-antgaliai-prisukamiems-pirbalams-stopperiai\/#breadcrumb","itemListElement":[{"@type":"ListItem","position":1,"name":"Home","item":"https:\/\/happyinaknit.com\/lt\/"},{"@type":"ListItem","position":2,"name":"Parduotuv\u0117","item":"https:\/\/happyinaknit.com\/lt\/parduotuve\/"},{"@type":"ListItem","position":3,"name":"ChiaoGoo Antgaliai Prisukamiems Virbalams (Stopperiai)"}]},{"@type":"WebSite","@id":"https:\/\/happyinaknit.com\/lt\/#website","url":"https:\/\/happyinaknit.com\/lt\/","name":"Happyinaknit.com","description":"","potentialAction":[{"@type":"SearchAction","target":{"@type":"EntryPoint","urlTemplate":"https:\/\/happyinaknit.com\/lt\/?s={search_term_string}"},"query-input":{"@type":"PropertyValueSpecification","valueRequired":true,"valueName":"search_term_string"}}],"inLanguage":"ru-RU"}]}},"_links":{"self":[{"href":"https:\/\/happyinaknit.com\/ru\/wp-json\/wp\/v2\/product\/6684","targetHints":{"allow":["GET"]}}],"collection":[{"href":"https:\/\/happyinaknit.com\/ru\/wp-json\/wp\/v2\/product"}],"about":[{"href":"https:\/\/happyinaknit.com\/ru\/wp-json\/wp\/v2\/types\/product"}],"replies":[{"embeddable":true,"href":"https:\/\/happyinaknit.com\/ru\/wp-json\/wp\/v2\/comments?post=6684"}],"wp:featuredmedia":[{"embeddable":true,"href":"https:\/\/happyinaknit.com\/ru\/wp-json\/wp\/v2\/media\/6687"}],"wp:attachment":[{"href":"https:\/\/happyinaknit.com\/ru\/wp-json\/wp\/v2\/media?parent=6684"}],"wp:term":[{"taxonomy":"product_brand","embeddable":true,"href":"https:\/\/happyinaknit.com\/ru\/wp-json\/wp\/v2\/product_brand?post=6684"},{"taxonomy":"product_cat","embeddable":true,"href":"https:\/\/happyinaknit.com\/ru\/wp-json\/wp\/v2\/product_cat?post=6684"},{"taxonomy":"product_tag","embeddable":true,"href":"https:\/\/happyinaknit.com\/ru\/wp-json\/wp\/v2\/product_tag?post=6684"},{"taxonomy":"pro-kategorijos","embeddable":true,"href":"https:\/\/happyinaknit.com\/ru\/wp-json\/wp\/v2\/pro-kategorijos?post=6684"}],"curies":[{"name":"wp","href":"https:\/\/api.w.org\/{rel}","templated":true}]}}