{"id":6679,"date":"2025-10-19T18:56:00","date_gmt":"2025-10-19T18:56:00","guid":{"rendered":"https:\/\/happyinaknit.com\/?post_type=product&#038;p=6679"},"modified":"2026-01-27T14:20:15","modified_gmt":"2026-01-27T14:20:15","slug":"chiaogoo-twist-blue-x-flex-valas-prisukamiems-virbalams-20-cm","status":"publish","type":"product","link":"https:\/\/happyinaknit.com\/ru\/product\/chiaogoo-twist-blue-x-flex-valas-prisukamiems-virbalams-20-cm\/","title":{"rendered":"ChiaoGoo TWIST Blue X-Flex \u043b\u0435\u0441\u043a\u0430 \u0434\u043b\u044f \u0440\u0430\u0437\u044a\u0435\u043c\u043d\u044b\u0445 \u0441\u043f\u0438\u0446 20 cm"},"content":{"rendered":"<p>ChiaoGoo TWIST Blue X-Flex \u2014 \u044d\u0442\u043e \u0435\u0449\u0451 \u0431\u043e\u043b\u0435\u0435 \u0443\u0434\u043e\u0431\u043d\u0430\u044f \u0432\u0435\u0440\u0441\u0438\u044f \u00ab\u043a\u0440\u0430\u0441\u043d\u043e\u0439 TWIST\u00bb \u0441 \u0435\u0449\u0451 \u0431\u043e\u043b\u044c\u0448\u0435\u0439 \u0433\u0438\u0431\u043a\u043e\u0441\u0442\u044c\u044e. \u0418\u0434\u0435\u0430\u043b\u044c\u043d\u043e \u043f\u043e\u0434\u0445\u043e\u0434\u0438\u0442 \u0434\u043b\u044f \u0432\u044f\u0437\u0430\u043d\u0438\u044f \u043c\u0435\u043b\u043a\u0438\u0445 \u0434\u0435\u0442\u0430\u043b\u0435\u0439 \u2014 \u0440\u0443\u043a\u0430\u0432\u043e\u0432, \u0432\u043e\u0440\u043e\u0442\u043d\u0438\u043a\u043e\u0432, \u0434\u0435\u0442\u0441\u043a\u0438\u0445 \u0448\u0430\u043f\u043e\u0447\u0435\u043a \u2014 \u0438\u043b\u0438 \u0432 \u043a\u0430\u0447\u0435\u0441\u0442\u0432\u0435 \u0434\u043e\u043f\u043e\u043b\u043d\u0438\u0442\u0435\u043b\u044c\u043d\u043e\u0439 \u043b\u0435\u0441\u043a\u0438 \u0434\u043b\u044f \u0443\u0432\u0435\u043b\u0438\u0447\u0435\u043d\u0438\u044f \u0434\u043b\u0438\u043d\u044b \u0431\u043e\u043b\u0435\u0435 \u043a\u0440\u0443\u043f\u043d\u044b\u0445 \u0438\u0437\u0434\u0435\u043b\u0438\u0439.<\/p>\n<p>\u041b\u0435\u0441\u043a\u0430 \u0438\u0437\u0433\u043e\u0442\u043e\u0432\u043b\u0435\u043d\u0430 \u0438\u0437 \u043f\u0440\u043e\u0447\u043d\u043e\u0433\u043e \u0441\u0442\u0430\u043b\u044c\u043d\u043e\u0433\u043e \u0442\u0440\u043e\u0441\u0430, \u043f\u043e\u043a\u0440\u044b\u0442\u043e\u0433\u043e \u043d\u0435\u0439\u043b\u043e\u043d\u043e\u043c, \u0431\u043b\u0430\u0433\u043e\u0434\u0430\u0440\u044f \u0447\u0435\u043c\u0443 \u043d\u0435 \u043f\u0435\u0440\u0435\u043a\u0440\u0443\u0447\u0438\u0432\u0430\u0435\u0442\u0441\u044f \u0438 \u043e\u0441\u0442\u0430\u0435\u0442\u0441\u044f \u0447\u0440\u0435\u0437\u0432\u044b\u0447\u0430\u0439\u043d\u043e \u0433\u043b\u0430\u0434\u043a\u043e\u0439.<\/p>\n<p><b>\u0414\u043b\u0438\u043d\u0430:<\/b> 20 \u0441\u043c<\/p>\n<p><b>\u0426\u0432\u0435\u0442:<\/b> \u0441\u0438\u043d\u0438\u0439<\/p>\n<p><b>\u0422\u0438\u043f:<\/b> TWIST Blue X-Flex (\u043e\u0447\u0435\u043d\u044c \u0433\u0438\u0431\u043a\u0438\u0439)<\/p>\n<p><b>\u041f\u043e\u0434\u0445\u043e\u0434\u0438\u0442 \u0434\u043b\u044f \u0441\u0438\u0441\u0442\u0435\u043c\u044b:<\/b> <i>ChiaoGoo TWIST<\/i> \u0440\u0430\u0437\u044a\u0435\u043c\u043d\u044b\u0435 \u0441\u043f\u0438\u0446\u044b<\/p>\n<p><b>\u0418\u0441\u043f\u043e\u043b\u044c\u0437\u043e\u0432\u0430\u043d\u0438\u0435:<\/b> \u0434\u043b\u044f \u043d\u0435\u0431\u043e\u043b\u044c\u0448\u0438\u0445 \u0434\u0435\u0442\u0430\u043b\u0435\u0439 \u0438\u043b\u0438 \u043a\u0430\u043a \u0441\u043e\u0435\u0434\u0438\u043d\u0438\u0442\u0435\u043b\u044c\u043d\u0430\u044f \u0447\u0430\u0441\u0442\u044c \u0434\u043b\u044f \u0443\u0432\u0435\u043b\u0438\u0447\u0435\u043d\u0438\u044f \u0434\u043b\u0438\u043d\u044b<\/p>\n<p><b>\u041f\u0440\u0438\u043c\u0435\u0447\u0430\u043d\u0438\u0435:<\/b> \u0426\u0432\u0435\u0442\u043e\u0432\u044b\u0435 \u043e\u0442\u0442\u0435\u043d\u043a\u0438 \u043c\u043e\u0433\u0443\u0442 \u043d\u0435\u0437\u043d\u0430\u0447\u0438\u0442\u0435\u043b\u044c\u043d\u043e \u043e\u0442\u043b\u0438\u0447\u0430\u0442\u044c\u0441\u044f \u0432 \u0437\u0430\u0432\u0438\u0441\u0438\u043c\u043e\u0441\u0442\u0438 \u043e\u0442 \u044d\u043a\u0440\u0430\u043d\u0430 \u0432\u0430\u0448\u0435\u0433\u043e \u0443\u0441\u0442\u0440\u043e\u0439\u0441\u0442\u0432\u0430.<\/p>","protected":false},"excerpt":{"rendered":"<p>Lankstusis ChiaoGoo TWIST Blue X-Flex valas \u2013 tai dar patogesn\u0117 \u201eraudonojo TWIST\u201c versija, pasi\u017eyminti dar didesniu lankstumu. Puikiai tinka ma\u017eoms mezgimo detal\u0117ms \u2013 rankov\u0117ms, apykakl\u0117ms, k\u016bdiki\u0173 kepur\u0117l\u0117ms \u2013 arba kaip papildomas valas ilgio prailginimui stambesniems projektams. Pagaminta i\u0161 patvaraus plieninio troselio, dengto nailonu, tod\u0117l valas nesusisuka ir i\u0161lieka ypatingai lygus. Ilgis: 20 cm Spalva: m\u0117lyna [&hellip;]<\/p>\n","protected":false},"featured_media":6680,"comment_status":"open","ping_status":"closed","template":"","meta":{"_acf_changed":false},"product_brand":[166],"product_cat":[15,19,864],"product_tag":[],"pro-kategorijos":[],"class_list":{"0":"post-6679","1":"product","2":"type-product","3":"status-publish","4":"has-post-thumbnail","6":"product_brand-chiaogoo","7":"product_cat-visi-produktai","8":"product_cat-mezgimo-priemones","9":"product_cat-valai-virbalams","11":"first","12":"outofstock","13":"shipping-taxable","14":"purchasable","15":"product-type-simple"},"acf":[],"yoast_head":"<!-- This site is optimized with the Yoast SEO plugin v26.8 - https:\/\/yoast.com\/product\/yoast-seo-wordpress\/ -->\n<title>ChiaoGoo TWIST Blue X-Flex Valas Prisukamiems Virbalams 20 cm - Happyinaknit.com<\/title>\n<meta name=\"robots\" content=\"index, follow, max-snippet:-1, max-image-preview:large, max-video-preview:-1\" \/>\n<link rel=\"canonical\" href=\"https:\/\/happyinaknit.com\/ru\/product\/chiaogoo-twist-blue-x-flex-valas-prisukamiems-virbalams-20-cm\/\" \/>\n<meta property=\"og:locale\" content=\"ru_RU\" \/>\n<meta property=\"og:type\" content=\"article\" \/>\n<meta property=\"og:title\" content=\"ChiaoGoo TWIST Blue X-Flex Valas Prisukamiems Virbalams 20 cm - Happyinaknit.com\" \/>\n<meta property=\"og:description\" content=\"Lankstusis ChiaoGoo TWIST Blue X-Flex valas \u2013 tai dar patogesn\u0117 \u201eraudonojo TWIST\u201c versija, pasi\u017eyminti dar didesniu lankstumu. Puikiai tinka ma\u017eoms mezgimo detal\u0117ms \u2013 rankov\u0117ms, apykakl\u0117ms, k\u016bdiki\u0173 kepur\u0117l\u0117ms \u2013 arba kaip papildomas valas ilgio prailginimui stambesniems projektams. Pagaminta i\u0161 patvaraus plieninio troselio, dengto nailonu, tod\u0117l valas nesusisuka ir i\u0161lieka ypatingai lygus. Ilgis: 20 cm Spalva: m\u0117lyna [&hellip;]\" \/>\n<meta property=\"og:url\" content=\"https:\/\/happyinaknit.com\/ru\/product\/chiaogoo-twist-blue-x-flex-valas-prisukamiems-virbalams-20-cm\/\" \/>\n<meta property=\"og:site_name\" content=\"Happyinaknit.com\" \/>\n<meta property=\"article:modified_time\" content=\"2026-01-27T14:20:15+00:00\" \/>\n<meta property=\"og:image\" content=\"https:\/\/happyinaknit.com\/wp-content\/uploads\/2025\/10\/madolaine-produits-laine-ShortiesBlueXFlexCable.png.webp\" \/>\n\t<meta property=\"og:image:width\" content=\"1000\" \/>\n\t<meta property=\"og:image:height\" content=\"1000\" \/>\n\t<meta property=\"og:image:type\" content=\"image\/webp\" \/>\n<meta name=\"twitter:card\" content=\"summary_large_image\" \/>\n<meta name=\"twitter:label1\" content=\"\u041f\u0440\u0438\u043c\u0435\u0440\u043d\u043e\u0435 \u0432\u0440\u0435\u043c\u044f \u0434\u043b\u044f \u0447\u0442\u0435\u043d\u0438\u044f\" \/>\n\t<meta name=\"twitter:data1\" content=\"1 \u043c\u0438\u043d\u0443\u0442\u0430\" \/>\n<script type=\"application\/ld+json\" class=\"yoast-schema-graph\">{\"@context\":\"https:\/\/schema.org\",\"@graph\":[{\"@type\":\"WebPage\",\"@id\":\"https:\/\/happyinaknit.com\/produktas\/chiaogoo-twist-blue-x-flex-valas-prisukamiems-virbalams-20-cm\/\",\"url\":\"https:\/\/happyinaknit.com\/produktas\/chiaogoo-twist-blue-x-flex-valas-prisukamiems-virbalams-20-cm\/\",\"name\":\"ChiaoGoo TWIST Blue X-Flex Valas Prisukamiems Virbalams 20 cm - Happyinaknit.com\",\"isPartOf\":{\"@id\":\"https:\/\/happyinaknit.com\/lt\/#website\"},\"primaryImageOfPage\":{\"@id\":\"https:\/\/happyinaknit.com\/produktas\/chiaogoo-twist-blue-x-flex-valas-prisukamiems-virbalams-20-cm\/#primaryimage\"},\"image\":{\"@id\":\"https:\/\/happyinaknit.com\/produktas\/chiaogoo-twist-blue-x-flex-valas-prisukamiems-virbalams-20-cm\/#primaryimage\"},\"thumbnailUrl\":\"https:\/\/happyinaknit.com\/wp-content\/uploads\/2025\/10\/madolaine-produits-laine-ShortiesBlueXFlexCable.png.webp\",\"datePublished\":\"2025-10-19T18:56:00+00:00\",\"dateModified\":\"2026-01-27T14:20:15+00:00\",\"breadcrumb\":{\"@id\":\"https:\/\/happyinaknit.com\/produktas\/chiaogoo-twist-blue-x-flex-valas-prisukamiems-virbalams-20-cm\/#breadcrumb\"},\"inLanguage\":\"ru-RU\",\"potentialAction\":[{\"@type\":\"ReadAction\",\"target\":[\"https:\/\/happyinaknit.com\/produktas\/chiaogoo-twist-blue-x-flex-valas-prisukamiems-virbalams-20-cm\/\"]}]},{\"@type\":\"ImageObject\",\"inLanguage\":\"ru-RU\",\"@id\":\"https:\/\/happyinaknit.com\/produktas\/chiaogoo-twist-blue-x-flex-valas-prisukamiems-virbalams-20-cm\/#primaryimage\",\"url\":\"https:\/\/happyinaknit.com\/wp-content\/uploads\/2025\/10\/madolaine-produits-laine-ShortiesBlueXFlexCable.png.webp\",\"contentUrl\":\"https:\/\/happyinaknit.com\/wp-content\/uploads\/2025\/10\/madolaine-produits-laine-ShortiesBlueXFlexCable.png.webp\",\"width\":1000,\"height\":1000},{\"@type\":\"BreadcrumbList\",\"@id\":\"https:\/\/happyinaknit.com\/produktas\/chiaogoo-twist-blue-x-flex-valas-prisukamiems-virbalams-20-cm\/#breadcrumb\",\"itemListElement\":[{\"@type\":\"ListItem\",\"position\":1,\"name\":\"Home\",\"item\":\"https:\/\/happyinaknit.com\/lt\/\"},{\"@type\":\"ListItem\",\"position\":2,\"name\":\"Parduotuv\u0117\",\"item\":\"https:\/\/happyinaknit.com\/lt\/parduotuve\/\"},{\"@type\":\"ListItem\",\"position\":3,\"name\":\"ChiaoGoo TWIST Blue X-Flex Valas Prisukamiems Virbalams 20 cm\"}]},{\"@type\":\"WebSite\",\"@id\":\"https:\/\/happyinaknit.com\/lt\/#website\",\"url\":\"https:\/\/happyinaknit.com\/lt\/\",\"name\":\"Happyinaknit.com\",\"description\":\"\",\"potentialAction\":[{\"@type\":\"SearchAction\",\"target\":{\"@type\":\"EntryPoint\",\"urlTemplate\":\"https:\/\/happyinaknit.com\/lt\/?s={search_term_string}\"},\"query-input\":{\"@type\":\"PropertyValueSpecification\",\"valueRequired\":true,\"valueName\":\"search_term_string\"}}],\"inLanguage\":\"ru-RU\"}]}<\/script>\n<!-- \/ Yoast SEO plugin. -->","yoast_head_json":{"title":"ChiaoGoo TWIST Blue X-Flex Valas Prisukamiems Virbalams 20 cm - Happyinaknit.com","robots":{"index":"index","follow":"follow","max-snippet":"max-snippet:-1","max-image-preview":"max-image-preview:large","max-video-preview":"max-video-preview:-1"},"canonical":"https:\/\/happyinaknit.com\/ru\/product\/chiaogoo-twist-blue-x-flex-valas-prisukamiems-virbalams-20-cm\/","og_locale":"ru_RU","og_type":"article","og_title":"ChiaoGoo TWIST Blue X-Flex Valas Prisukamiems Virbalams 20 cm - Happyinaknit.com","og_description":"Lankstusis ChiaoGoo TWIST Blue X-Flex valas \u2013 tai dar patogesn\u0117 \u201eraudonojo TWIST\u201c versija, pasi\u017eyminti dar didesniu lankstumu. Puikiai tinka ma\u017eoms mezgimo detal\u0117ms \u2013 rankov\u0117ms, apykakl\u0117ms, k\u016bdiki\u0173 kepur\u0117l\u0117ms \u2013 arba kaip papildomas valas ilgio prailginimui stambesniems projektams. Pagaminta i\u0161 patvaraus plieninio troselio, dengto nailonu, tod\u0117l valas nesusisuka ir i\u0161lieka ypatingai lygus. Ilgis: 20 cm Spalva: m\u0117lyna [&hellip;]","og_url":"https:\/\/happyinaknit.com\/ru\/product\/chiaogoo-twist-blue-x-flex-valas-prisukamiems-virbalams-20-cm\/","og_site_name":"Happyinaknit.com","article_modified_time":"2026-01-27T14:20:15+00:00","og_image":[{"width":1000,"height":1000,"url":"https:\/\/happyinaknit.com\/wp-content\/uploads\/2025\/10\/madolaine-produits-laine-ShortiesBlueXFlexCable.png.webp","type":"image\/webp"}],"twitter_card":"summary_large_image","twitter_misc":{"\u041f\u0440\u0438\u043c\u0435\u0440\u043d\u043e\u0435 \u0432\u0440\u0435\u043c\u044f \u0434\u043b\u044f \u0447\u0442\u0435\u043d\u0438\u044f":"1 \u043c\u0438\u043d\u0443\u0442\u0430"},"schema":{"@context":"https:\/\/schema.org","@graph":[{"@type":"WebPage","@id":"https:\/\/happyinaknit.com\/produktas\/chiaogoo-twist-blue-x-flex-valas-prisukamiems-virbalams-20-cm\/","url":"https:\/\/happyinaknit.com\/produktas\/chiaogoo-twist-blue-x-flex-valas-prisukamiems-virbalams-20-cm\/","name":"ChiaoGoo TWIST Blue X-Flex Valas Prisukamiems Virbalams 20 cm - Happyinaknit.com","isPartOf":{"@id":"https:\/\/happyinaknit.com\/lt\/#website"},"primaryImageOfPage":{"@id":"https:\/\/happyinaknit.com\/produktas\/chiaogoo-twist-blue-x-flex-valas-prisukamiems-virbalams-20-cm\/#primaryimage"},"image":{"@id":"https:\/\/happyinaknit.com\/produktas\/chiaogoo-twist-blue-x-flex-valas-prisukamiems-virbalams-20-cm\/#primaryimage"},"thumbnailUrl":"https:\/\/happyinaknit.com\/wp-content\/uploads\/2025\/10\/madolaine-produits-laine-ShortiesBlueXFlexCable.png.webp","datePublished":"2025-10-19T18:56:00+00:00","dateModified":"2026-01-27T14:20:15+00:00","breadcrumb":{"@id":"https:\/\/happyinaknit.com\/produktas\/chiaogoo-twist-blue-x-flex-valas-prisukamiems-virbalams-20-cm\/#breadcrumb"},"inLanguage":"ru-RU","potentialAction":[{"@type":"ReadAction","target":["https:\/\/happyinaknit.com\/produktas\/chiaogoo-twist-blue-x-flex-valas-prisukamiems-virbalams-20-cm\/"]}]},{"@type":"ImageObject","inLanguage":"ru-RU","@id":"https:\/\/happyinaknit.com\/produktas\/chiaogoo-twist-blue-x-flex-valas-prisukamiems-virbalams-20-cm\/#primaryimage","url":"https:\/\/happyinaknit.com\/wp-content\/uploads\/2025\/10\/madolaine-produits-laine-ShortiesBlueXFlexCable.png.webp","contentUrl":"https:\/\/happyinaknit.com\/wp-content\/uploads\/2025\/10\/madolaine-produits-laine-ShortiesBlueXFlexCable.png.webp","width":1000,"height":1000},{"@type":"BreadcrumbList","@id":"https:\/\/happyinaknit.com\/produktas\/chiaogoo-twist-blue-x-flex-valas-prisukamiems-virbalams-20-cm\/#breadcrumb","itemListElement":[{"@type":"ListItem","position":1,"name":"Home","item":"https:\/\/happyinaknit.com\/lt\/"},{"@type":"ListItem","position":2,"name":"Parduotuv\u0117","item":"https:\/\/happyinaknit.com\/lt\/parduotuve\/"},{"@type":"ListItem","position":3,"name":"ChiaoGoo TWIST Blue X-Flex Valas Prisukamiems Virbalams 20 cm"}]},{"@type":"WebSite","@id":"https:\/\/happyinaknit.com\/lt\/#website","url":"https:\/\/happyinaknit.com\/lt\/","name":"Happyinaknit.com","description":"","potentialAction":[{"@type":"SearchAction","target":{"@type":"EntryPoint","urlTemplate":"https:\/\/happyinaknit.com\/lt\/?s={search_term_string}"},"query-input":{"@type":"PropertyValueSpecification","valueRequired":true,"valueName":"search_term_string"}}],"inLanguage":"ru-RU"}]}},"_links":{"self":[{"href":"https:\/\/happyinaknit.com\/ru\/wp-json\/wp\/v2\/product\/6679","targetHints":{"allow":["GET"]}}],"collection":[{"href":"https:\/\/happyinaknit.com\/ru\/wp-json\/wp\/v2\/product"}],"about":[{"href":"https:\/\/happyinaknit.com\/ru\/wp-json\/wp\/v2\/types\/product"}],"replies":[{"embeddable":true,"href":"https:\/\/happyinaknit.com\/ru\/wp-json\/wp\/v2\/comments?post=6679"}],"wp:featuredmedia":[{"embeddable":true,"href":"https:\/\/happyinaknit.com\/ru\/wp-json\/wp\/v2\/media\/6680"}],"wp:attachment":[{"href":"https:\/\/happyinaknit.com\/ru\/wp-json\/wp\/v2\/media?parent=6679"}],"wp:term":[{"taxonomy":"product_brand","embeddable":true,"href":"https:\/\/happyinaknit.com\/ru\/wp-json\/wp\/v2\/product_brand?post=6679"},{"taxonomy":"product_cat","embeddable":true,"href":"https:\/\/happyinaknit.com\/ru\/wp-json\/wp\/v2\/product_cat?post=6679"},{"taxonomy":"product_tag","embeddable":true,"href":"https:\/\/happyinaknit.com\/ru\/wp-json\/wp\/v2\/product_tag?post=6679"},{"taxonomy":"pro-kategorijos","embeddable":true,"href":"https:\/\/happyinaknit.com\/ru\/wp-json\/wp\/v2\/pro-kategorijos?post=6679"}],"curies":[{"name":"wp","href":"https:\/\/api.w.org\/{rel}","templated":true}]}}