{"id":6663,"date":"2025-10-19T16:46:43","date_gmt":"2025-10-19T16:46:43","guid":{"rendered":"https:\/\/happyinaknit.com\/?post_type=product&#038;p=6663"},"modified":"2025-10-19T16:47:06","modified_gmt":"2025-10-19T16:47:06","slug":"knitpro-kojiniu-blokatoriai","status":"publish","type":"product","link":"https:\/\/happyinaknit.com\/ru\/product\/knitpro-kojiniu-blokatoriai\/","title":{"rendered":"KnitPro \u0431\u043b\u043e\u043a\u0430\u0442\u043e\u0440\u044b \u0434\u043b\u044f  \u043d\u043e\u0441\u043a\u043e\u0432"},"content":{"rendered":"<p>\u0423\u0434\u043e\u0431\u043d\u044b\u0439 \u0438 \u043f\u0440\u043e\u0447\u043d\u044b\u0439 <b>KnitPro<\/b> \u0431\u043b\u043e\u043a\u0430\u0442\u043e\u0440 \u0434\u043b\u044f \u043d\u043e\u0441\u043a\u043e\u0432 \u2014 \u043d\u0435\u0437\u0430\u043c\u0435\u043d\u0438\u043c\u044b\u0439 \u043f\u043e\u043c\u043e\u0449\u043d\u0438\u043a \u0434\u043b\u044f \u0442\u0435\u0445, \u043a\u0442\u043e \u0432\u044f\u0436\u0435\u0442 \u043d\u043e\u0441\u043a\u0438. \u041e\u043d \u043f\u043e\u043c\u043e\u0433\u0430\u0435\u0442 <b>\u043f\u043e\u0434\u0434\u0435\u0440\u0436\u0438\u0432\u0430\u0442\u044c \u043f\u0440\u0430\u0432\u0438\u043b\u044c\u043d\u0443\u044e \u0444\u043e\u0440\u043c\u0443 \u0438 \u0440\u0430\u0437\u043c\u0435\u0440<\/b> \u043f\u0440\u0438 \u0441\u0443\u0448\u043a\u0435 \u043f\u043e\u0441\u0442\u0438\u0440\u0430\u043d\u043d\u044b\u0445 \u043d\u043e\u0441\u043a\u043e\u0432, \u0447\u0442\u043e\u0431\u044b \u0432\u044f\u0437\u0430\u043d\u044b\u0435 \u0438\u0437\u0434\u0435\u043b\u0438\u044f \u0432\u044b\u0433\u043b\u044f\u0434\u0435\u043b\u0438 \u0430\u043a\u043a\u0443\u0440\u0430\u0442\u043d\u043e \u0438 \u043a\u0440\u0430\u0441\u0438\u0432\u043e.<\/p>\n<p>\u0421\u0434\u0435\u043b\u0430\u043d\u044b \u0438\u0437 <b>\u0432\u043b\u0430\u0433\u043e\u0441\u0442\u043e\u0439\u043a\u043e\u0433\u043e \u043f\u043b\u0430\u0441\u0442\u0438\u043a\u0430<\/b>, \u044d\u0442\u0438 \u0431\u043b\u043e\u043a\u0438\u0440\u0430\u0442\u043e\u0440\u044b \u043b\u0435\u0433\u043a\u0438\u0435, \u043f\u0440\u043e\u0447\u043d\u044b\u0435 \u0438 \u0434\u043e\u043b\u0433\u043e\u0432\u0435\u0447\u043d\u044b\u0435.<\/p>\n<p>\u0421\u0434\u0435\u043b\u0430\u043d\u043e \u0432 \u0418\u043d\u0434\u0438\u0438.<\/p>\n<p><b>\u041c\u0430\u0442\u0435\u0440\u0438\u0430\u043b:<\/b> \u043f\u043b\u0430\u0441\u0442\u0438\u043a (\u0432\u043b\u0430\u0433\u043e\u0441\u0442\u043e\u0439\u043a\u0438\u0439)<\/p>\n<p><b>\u0426\u0435\u043b\u044c:<\/b> \u0434\u043b\u044f \u0444\u043e\u0440\u043c\u0438\u0440\u043e\u0432\u0430\u043d\u0438\u044f \u0438 \u0441\u0443\u0448\u043a\u0438 \u0442\u0440\u0438\u043a\u043e\u0442\u0430\u0436\u043d\u044b\u0445 \u0438\u0437\u0434\u0435\u043b\u0438\u0439<\/p>\n<p><b>\u0412\u043a\u043b\u044e\u0447\u0435\u043d\u043e:<\/b> 2 \u0448\u0442. (\u043f\u0430\u0440\u0430)<\/p>\n<p><b>\u041f\u0440\u0438\u043c\u0435\u0447\u0430\u043d\u0438\u0435:<\/b> \u0426\u0432\u0435\u0442\u043e\u0432\u044b\u0435 \u043e\u0442\u0442\u0435\u043d\u043a\u0438 \u043c\u043e\u0433\u0443\u0442 \u043d\u0435\u0437\u043d\u0430\u0447\u0438\u0442\u0435\u043b\u044c\u043d\u043e \u043e\u0442\u043b\u0438\u0447\u0430\u0442\u044c\u0441\u044f \u0432 \u0437\u0430\u0432\u0438\u0441\u0438\u043c\u043e\u0441\u0442\u0438 \u043e\u0442 \u044d\u043a\u0440\u0430\u043d\u0430 \u0432\u0430\u0448\u0435\u0433\u043e \u0443\u0441\u0442\u0440\u043e\u0439\u0441\u0442\u0432\u0430.<\/p>","protected":false},"excerpt":{"rendered":"<p>Patog\u016bs ir ilgaam\u017eiai KnitPro kojini\u0173 blokatoriai \u2013 b\u016btinas \u012frankis tiems, kas mezga kojines. Jie padeda i\u0161laikyti tinkam\u0105 form\u0105 ir dyd\u012f d\u017eiovinant i\u0161skalbtas kojines, kad mezginys atrodyt\u0173 tvarkingai ir profesionaliai. Pagaminti i\u0161 dr\u0117gmei atsparaus plastiko, \u0161ie blokatoriai yra lengvi, tvirti ir patvar\u016bs. Pagaminta Indijoje. Med\u017eiaga: plastikas (atsparus dr\u0117gmei) Paskirtis: mezgini\u0173 formavimui ir d\u017eiovinimui Komplekte: 2 vnt. [&hellip;]<\/p>\n","protected":false},"featured_media":6664,"comment_status":"open","ping_status":"closed","template":"","meta":{"_acf_changed":false},"product_brand":[1069],"product_cat":[15,1082,20],"product_tag":[],"pro-kategorijos":[],"class_list":{"0":"post-6663","1":"product","2":"type-product","3":"status-publish","4":"has-post-thumbnail","6":"product_brand-knitpro","7":"product_cat-visi-produktai","8":"product_cat-blokavimo-priemones","9":"product_cat-priedai-mezgimui","11":"first","12":"instock","13":"shipping-taxable","14":"purchasable","15":"product-type-variable"},"acf":[],"yoast_head":"<!-- This site is optimized with the Yoast SEO plugin v26.8 - https:\/\/yoast.com\/product\/yoast-seo-wordpress\/ -->\n<title>KnitPro Kojini\u0173 Blokatoriai - Happyinaknit.com<\/title>\n<meta name=\"robots\" content=\"index, follow, max-snippet:-1, max-image-preview:large, max-video-preview:-1\" \/>\n<link rel=\"canonical\" href=\"https:\/\/happyinaknit.com\/ru\/product\/knitpro-kojiniu-blokatoriai\/\" \/>\n<meta property=\"og:locale\" content=\"ru_RU\" \/>\n<meta property=\"og:type\" content=\"article\" \/>\n<meta property=\"og:title\" content=\"KnitPro Kojini\u0173 Blokatoriai - Happyinaknit.com\" \/>\n<meta property=\"og:description\" content=\"Patog\u016bs ir ilgaam\u017eiai KnitPro kojini\u0173 blokatoriai \u2013 b\u016btinas \u012frankis tiems, kas mezga kojines. Jie padeda i\u0161laikyti tinkam\u0105 form\u0105 ir dyd\u012f d\u017eiovinant i\u0161skalbtas kojines, kad mezginys atrodyt\u0173 tvarkingai ir profesionaliai. Pagaminti i\u0161 dr\u0117gmei atsparaus plastiko, \u0161ie blokatoriai yra lengvi, tvirti ir patvar\u016bs. Pagaminta Indijoje. Med\u017eiaga: plastikas (atsparus dr\u0117gmei) Paskirtis: mezgini\u0173 formavimui ir d\u017eiovinimui Komplekte: 2 vnt. [&hellip;]\" \/>\n<meta property=\"og:url\" content=\"https:\/\/happyinaknit.com\/ru\/product\/knitpro-kojiniu-blokatoriai\/\" \/>\n<meta property=\"og:site_name\" content=\"Happyinaknit.com\" \/>\n<meta property=\"article:modified_time\" content=\"2025-10-19T16:47:06+00:00\" \/>\n<meta property=\"og:image\" content=\"https:\/\/happyinaknit.com\/wp-content\/uploads\/2025\/10\/aquasockblocker_h7zcmocawj8g5bbo.webp\" \/>\n\t<meta property=\"og:image:width\" content=\"500\" \/>\n\t<meta property=\"og:image:height\" content=\"500\" \/>\n\t<meta property=\"og:image:type\" content=\"image\/webp\" \/>\n<meta name=\"twitter:card\" content=\"summary_large_image\" \/>\n<script type=\"application\/ld+json\" class=\"yoast-schema-graph\">{\"@context\":\"https:\/\/schema.org\",\"@graph\":[{\"@type\":\"WebPage\",\"@id\":\"https:\/\/happyinaknit.com\/produktas\/knitpro-kojiniu-blokatoriai\/\",\"url\":\"https:\/\/happyinaknit.com\/produktas\/knitpro-kojiniu-blokatoriai\/\",\"name\":\"KnitPro Kojini\u0173 Blokatoriai - Happyinaknit.com\",\"isPartOf\":{\"@id\":\"https:\/\/happyinaknit.com\/lt\/#website\"},\"primaryImageOfPage\":{\"@id\":\"https:\/\/happyinaknit.com\/produktas\/knitpro-kojiniu-blokatoriai\/#primaryimage\"},\"image\":{\"@id\":\"https:\/\/happyinaknit.com\/produktas\/knitpro-kojiniu-blokatoriai\/#primaryimage\"},\"thumbnailUrl\":\"https:\/\/happyinaknit.com\/wp-content\/uploads\/2025\/10\/aquasockblocker_h7zcmocawj8g5bbo.webp\",\"datePublished\":\"2025-10-19T16:46:43+00:00\",\"dateModified\":\"2025-10-19T16:47:06+00:00\",\"breadcrumb\":{\"@id\":\"https:\/\/happyinaknit.com\/produktas\/knitpro-kojiniu-blokatoriai\/#breadcrumb\"},\"inLanguage\":\"ru-RU\",\"potentialAction\":[{\"@type\":\"ReadAction\",\"target\":[\"https:\/\/happyinaknit.com\/produktas\/knitpro-kojiniu-blokatoriai\/\"]}]},{\"@type\":\"ImageObject\",\"inLanguage\":\"ru-RU\",\"@id\":\"https:\/\/happyinaknit.com\/produktas\/knitpro-kojiniu-blokatoriai\/#primaryimage\",\"url\":\"https:\/\/happyinaknit.com\/wp-content\/uploads\/2025\/10\/aquasockblocker_h7zcmocawj8g5bbo.webp\",\"contentUrl\":\"https:\/\/happyinaknit.com\/wp-content\/uploads\/2025\/10\/aquasockblocker_h7zcmocawj8g5bbo.webp\",\"width\":500,\"height\":500},{\"@type\":\"BreadcrumbList\",\"@id\":\"https:\/\/happyinaknit.com\/produktas\/knitpro-kojiniu-blokatoriai\/#breadcrumb\",\"itemListElement\":[{\"@type\":\"ListItem\",\"position\":1,\"name\":\"Home\",\"item\":\"https:\/\/happyinaknit.com\/lt\/\"},{\"@type\":\"ListItem\",\"position\":2,\"name\":\"Parduotuv\u0117\",\"item\":\"https:\/\/happyinaknit.com\/lt\/parduotuve\/\"},{\"@type\":\"ListItem\",\"position\":3,\"name\":\"KnitPro Kojini\u0173 Blokatoriai\"}]},{\"@type\":\"WebSite\",\"@id\":\"https:\/\/happyinaknit.com\/lt\/#website\",\"url\":\"https:\/\/happyinaknit.com\/lt\/\",\"name\":\"Happyinaknit.com\",\"description\":\"\",\"potentialAction\":[{\"@type\":\"SearchAction\",\"target\":{\"@type\":\"EntryPoint\",\"urlTemplate\":\"https:\/\/happyinaknit.com\/lt\/?s={search_term_string}\"},\"query-input\":{\"@type\":\"PropertyValueSpecification\",\"valueRequired\":true,\"valueName\":\"search_term_string\"}}],\"inLanguage\":\"ru-RU\"}]}<\/script>\n<!-- \/ Yoast SEO plugin. -->","yoast_head_json":{"title":"KnitPro Kojini\u0173 Blokatoriai - Happyinaknit.com","robots":{"index":"index","follow":"follow","max-snippet":"max-snippet:-1","max-image-preview":"max-image-preview:large","max-video-preview":"max-video-preview:-1"},"canonical":"https:\/\/happyinaknit.com\/ru\/product\/knitpro-kojiniu-blokatoriai\/","og_locale":"ru_RU","og_type":"article","og_title":"KnitPro Kojini\u0173 Blokatoriai - Happyinaknit.com","og_description":"Patog\u016bs ir ilgaam\u017eiai KnitPro kojini\u0173 blokatoriai \u2013 b\u016btinas \u012frankis tiems, kas mezga kojines. Jie padeda i\u0161laikyti tinkam\u0105 form\u0105 ir dyd\u012f d\u017eiovinant i\u0161skalbtas kojines, kad mezginys atrodyt\u0173 tvarkingai ir profesionaliai. Pagaminti i\u0161 dr\u0117gmei atsparaus plastiko, \u0161ie blokatoriai yra lengvi, tvirti ir patvar\u016bs. Pagaminta Indijoje. Med\u017eiaga: plastikas (atsparus dr\u0117gmei) Paskirtis: mezgini\u0173 formavimui ir d\u017eiovinimui Komplekte: 2 vnt. [&hellip;]","og_url":"https:\/\/happyinaknit.com\/ru\/product\/knitpro-kojiniu-blokatoriai\/","og_site_name":"Happyinaknit.com","article_modified_time":"2025-10-19T16:47:06+00:00","og_image":[{"width":500,"height":500,"url":"https:\/\/happyinaknit.com\/wp-content\/uploads\/2025\/10\/aquasockblocker_h7zcmocawj8g5bbo.webp","type":"image\/webp"}],"twitter_card":"summary_large_image","schema":{"@context":"https:\/\/schema.org","@graph":[{"@type":"WebPage","@id":"https:\/\/happyinaknit.com\/produktas\/knitpro-kojiniu-blokatoriai\/","url":"https:\/\/happyinaknit.com\/produktas\/knitpro-kojiniu-blokatoriai\/","name":"KnitPro Kojini\u0173 Blokatoriai - Happyinaknit.com","isPartOf":{"@id":"https:\/\/happyinaknit.com\/lt\/#website"},"primaryImageOfPage":{"@id":"https:\/\/happyinaknit.com\/produktas\/knitpro-kojiniu-blokatoriai\/#primaryimage"},"image":{"@id":"https:\/\/happyinaknit.com\/produktas\/knitpro-kojiniu-blokatoriai\/#primaryimage"},"thumbnailUrl":"https:\/\/happyinaknit.com\/wp-content\/uploads\/2025\/10\/aquasockblocker_h7zcmocawj8g5bbo.webp","datePublished":"2025-10-19T16:46:43+00:00","dateModified":"2025-10-19T16:47:06+00:00","breadcrumb":{"@id":"https:\/\/happyinaknit.com\/produktas\/knitpro-kojiniu-blokatoriai\/#breadcrumb"},"inLanguage":"ru-RU","potentialAction":[{"@type":"ReadAction","target":["https:\/\/happyinaknit.com\/produktas\/knitpro-kojiniu-blokatoriai\/"]}]},{"@type":"ImageObject","inLanguage":"ru-RU","@id":"https:\/\/happyinaknit.com\/produktas\/knitpro-kojiniu-blokatoriai\/#primaryimage","url":"https:\/\/happyinaknit.com\/wp-content\/uploads\/2025\/10\/aquasockblocker_h7zcmocawj8g5bbo.webp","contentUrl":"https:\/\/happyinaknit.com\/wp-content\/uploads\/2025\/10\/aquasockblocker_h7zcmocawj8g5bbo.webp","width":500,"height":500},{"@type":"BreadcrumbList","@id":"https:\/\/happyinaknit.com\/produktas\/knitpro-kojiniu-blokatoriai\/#breadcrumb","itemListElement":[{"@type":"ListItem","position":1,"name":"Home","item":"https:\/\/happyinaknit.com\/lt\/"},{"@type":"ListItem","position":2,"name":"Parduotuv\u0117","item":"https:\/\/happyinaknit.com\/lt\/parduotuve\/"},{"@type":"ListItem","position":3,"name":"KnitPro Kojini\u0173 Blokatoriai"}]},{"@type":"WebSite","@id":"https:\/\/happyinaknit.com\/lt\/#website","url":"https:\/\/happyinaknit.com\/lt\/","name":"Happyinaknit.com","description":"","potentialAction":[{"@type":"SearchAction","target":{"@type":"EntryPoint","urlTemplate":"https:\/\/happyinaknit.com\/lt\/?s={search_term_string}"},"query-input":{"@type":"PropertyValueSpecification","valueRequired":true,"valueName":"search_term_string"}}],"inLanguage":"ru-RU"}]}},"_links":{"self":[{"href":"https:\/\/happyinaknit.com\/ru\/wp-json\/wp\/v2\/product\/6663","targetHints":{"allow":["GET"]}}],"collection":[{"href":"https:\/\/happyinaknit.com\/ru\/wp-json\/wp\/v2\/product"}],"about":[{"href":"https:\/\/happyinaknit.com\/ru\/wp-json\/wp\/v2\/types\/product"}],"replies":[{"embeddable":true,"href":"https:\/\/happyinaknit.com\/ru\/wp-json\/wp\/v2\/comments?post=6663"}],"wp:featuredmedia":[{"embeddable":true,"href":"https:\/\/happyinaknit.com\/ru\/wp-json\/wp\/v2\/media\/6664"}],"wp:attachment":[{"href":"https:\/\/happyinaknit.com\/ru\/wp-json\/wp\/v2\/media?parent=6663"}],"wp:term":[{"taxonomy":"product_brand","embeddable":true,"href":"https:\/\/happyinaknit.com\/ru\/wp-json\/wp\/v2\/product_brand?post=6663"},{"taxonomy":"product_cat","embeddable":true,"href":"https:\/\/happyinaknit.com\/ru\/wp-json\/wp\/v2\/product_cat?post=6663"},{"taxonomy":"product_tag","embeddable":true,"href":"https:\/\/happyinaknit.com\/ru\/wp-json\/wp\/v2\/product_tag?post=6663"},{"taxonomy":"pro-kategorijos","embeddable":true,"href":"https:\/\/happyinaknit.com\/ru\/wp-json\/wp\/v2\/pro-kategorijos?post=6663"}],"curies":[{"name":"wp","href":"https:\/\/api.w.org\/{rel}","templated":true}]}}