{"id":6644,"date":"2025-10-19T16:25:42","date_gmt":"2025-10-19T16:25:42","guid":{"rendered":"https:\/\/happyinaknit.com\/?post_type=product&#038;p=6644"},"modified":"2025-11-01T19:50:16","modified_gmt":"2025-11-01T19:50:16","slug":"knitpro-eiliu-skaiciuokle-ziedo-formos","status":"publish","type":"product","link":"https:\/\/happyinaknit.com\/ru\/product\/knitpro-eiliu-skaiciuokle-ziedo-formos\/","title":{"rendered":"KnitPro \u0441\u0447\u0435\u0442\u0447\u0438\u043a  \u0440\u044f\u0434\u043e\u0432  \u0432 \u0432\u0438\u0434\u0435 \u043a\u043e\u043b\u044c\u0446\u0430"},"content":{"rendered":"<p>\u0418\u0437\u044b\u0441\u043a\u0430\u043d\u043d\u0430\u044f <b>KnitPro<\/b> \u0441\u0447\u0435\u0442\u0447\u0438\u043a \u0440\u044f\u0434\u043e\u0432 \u0432 \u0444\u043e\u0440\u043c\u0435 \u043a\u043e\u043b\u044c\u0446\u0430 - \u0441\u0442\u0438\u043b\u044c\u043d\u044b\u0439 \u0438 \u043f\u0440\u0430\u043a\u0442\u0438\u0447\u043d\u044b\u0439 \u0430\u043a\u0441\u0435\u0441\u0441\u0443\u0430\u0440 \u0434\u043b\u044f \u0432\u044f\u0437\u0430\u043d\u0438\u044f, \u043f\u043e\u0437\u0432\u043e\u043b\u044f\u044e\u0449\u0438\u0439 <b>\u043e\u0442\u0441\u043b\u0435\u0436\u0438\u0432\u0430\u0442\u044c \u043a\u043e\u043b\u0438\u0447\u0435\u0441\u0442\u0432\u043e \u043f\u0440\u043e\u0432\u044f\u0437\u0430\u043d\u043d\u044b\u0445 \u0440\u044f\u0434\u043e\u0432<\/b> \u043f\u0440\u044f\u043c\u043e \u043d\u0430 \u043f\u0430\u043b\u044c\u0446\u0435! \u0421\u0434\u0435\u043b\u0430\u043d\u043e \u0438\u0437 <b>\u0432\u044b\u0441\u043e\u043a\u043e\u043a\u0430\u0447\u0435\u0441\u0442\u0432\u0435\u043d\u043d\u043e\u0439  \u043d\u0435\u0440\u0436\u0430\u0432\u0435\u044e\u0449\u0435\u0439 \u0441\u0442\u0430\u043b\u0438<\/b>, \u044d\u0442\u043e \u043a\u043e\u043b\u044c\u0446\u043e <b>\u0433\u0438\u043f\u043e\u0430\u043b\u043b\u0435\u0440\u0433\u0435\u043d\u043d\u043e\u0435<\/b> \u0438 \u0431\u0435\u0437\u043e\u043f\u0430\u0441\u043d\u043e \u0434\u043b\u044f \u043a\u043e\u0436\u0438.<\/p>\n<p>\u041f\u0440\u043e\u0441\u0442\u043e \u043f\u043e\u0432\u0435\u0440\u043d\u0438\u0442\u0435 \u0447\u0430\u0441\u0442\u044c \u043a\u043e\u043b\u044c\u0446\u0430, \u0438 \u0432\u044b \u043b\u0435\u0433\u043a\u043e \u0441\u043c\u043e\u0436\u0435\u0442\u0435 \u043e\u0442\u043c\u0435\u0442\u0438\u0442\u044c, \u0441\u043a\u043e\u043b\u044c\u043a\u043e \u0440\u044f\u0434\u043e\u0432 \u0432\u044b \u0441\u0432\u044f\u0437\u0430\u043b\u0438. \u0423\u0434\u043e\u0431\u043d\u043e \u043d\u0430\u0434\u0435\u0432\u0430\u0435\u0442\u0441\u044f \u043d\u0430 <b>\u0443\u043a\u0430\u0437\u0430\u0442\u0435\u043b\u044c\u043d\u044b\u0439<\/b> \u0438\u043b\u0438 <b>\u0431\u043e\u043b\u044c\u0448\u043e\u0439<\/b> \u043f\u0430\u043b\u0435\u0446.<\/p>\n<p><b>\u041c\u0430\u0442\u0435\u0440\u0438\u0430\u043b:<\/b> \u043d\u0435\u0440\u0436\u0430\u0432\u0435\u044e\u0449\u0430\u044f \u0441\u0442\u0430\u043b\u044c, \u0441\u043f\u0435\u0446\u0438\u0430\u043b\u044c\u043d\u043e\u0435 \u0440\u0430\u0434\u0443\u0436\u043d\u043e\u0435 \u043f\u043e\u043a\u0440\u044b\u0442\u0438\u0435<\/p>\n<p><b>\u0426\u0432\u0435\u0442:<\/b> \u0440\u0430\u0434\u0443\u0436\u043d\u044b\u0439  \u0438 \u0447\u0435\u0440\u043d\u044b\u0439<\/p>\n<p><b>\u0424\u0443\u043d\u043a\u0446\u0438\u0438:<\/b> \u0433\u0438\u043f\u043e\u0430\u043b\u043b\u0435\u0440\u0433\u0435\u043d\u043d\u044b\u0439, \u043f\u0440\u043e\u0447\u043d\u044b\u0439, \u0444\u0443\u043d\u043a\u0446\u0438\u043e\u043d\u0430\u043b\u044c\u043d\u044b\u0439, \u0441\u0442\u0438\u043b\u044c\u043d\u044b\u0439<\/p>\n<p><b>\u0414\u043e\u0441\u0442\u0443\u043f\u043d\u044b\u0435 \u0440\u0430\u0437\u043c\u0435\u0440\u044b:<\/b><b><\/b><\/p>\n<p>\u2022\u0420\u0430\u0437\u043c\u0435\u0440 8 \u2013 \u0432\u043d\u0443\u0442\u0440\u0435\u043d\u043d\u0438\u0439 \u0434\u0438\u0430\u043c\u0435\u0442\u0440 18,2 \u043c\u043c<\/p>\n<p>\u2022\u0420\u0430\u0437\u043c\u0435\u0440 9 \u2013 \u0432\u043d\u0443\u0442\u0440\u0435\u043d\u043d\u0438\u0439 \u0434\u0438\u0430\u043c\u0435\u0442\u0440 19,0 \u043c\u043c<\/p>\n<p>\u2022\u0420\u0430\u0437\u043c\u0435\u0440 10 \u2013 \u0432\u043d\u0443\u0442\u0440\u0435\u043d\u043d\u0438\u0439 \u0434\u0438\u0430\u043c\u0435\u0442\u0440 19,8 \u043c\u043c<\/p>\n<p>\u2022\u0420\u0430\u0437\u043c\u0435\u0440 11 \u2013 \u0432\u043d\u0443\u0442\u0440\u0435\u043d\u043d\u0438\u0439 \u0434\u0438\u0430\u043c\u0435\u0442\u0440 20,6 \u043c\u043c<\/p>\n<p><b>\u041a\u0430\u043a \u0438\u0437\u043c\u0435\u0440\u0438\u0442\u044c \u0440\u0430\u0437\u043c\u0435\u0440 \u043f\u0430\u043b\u044c\u0446\u0430 \u0434\u043b\u044f \u043a\u043e\u043b\u044c\u0446\u0430:<\/b><b><\/b><\/p>\n<p>\u041e\u0431\u0435\u0440\u043d\u0438\u0442\u0435 \u0442\u043e\u043d\u043a\u0443\u044e \u043d\u0438\u0442\u044c \u0438\u043b\u0438 \u043f\u043e\u043b\u043e\u0441\u043a\u0443 \u0431\u0443\u043c\u0430\u0433\u0438 \u0432\u043e\u043a\u0440\u0443\u0433 \u043f\u0430\u043b\u044c\u0446\u0430, \u043e\u0442\u043c\u0435\u0442\u044c\u0442\u0435, \u0433\u0434\u0435 \u0441\u0445\u043e\u0434\u044f\u0442\u0441\u044f \u043a\u043e\u043d\u0446\u044b, \u0438 \u0438\u0437\u043c\u0435\u0440\u044c\u0442\u0435 \u0434\u043b\u0438\u043d\u0443 \u0432 \u043c\u0438\u043b\u043b\u0438\u043c\u0435\u0442\u0440\u0430\u0445. \u0420\u0430\u0437\u0434\u0435\u043b\u0438\u0442\u0435 \u043f\u043e\u043b\u0443\u0447\u0435\u043d\u043d\u043e\u0435 \u0447\u0438\u0441\u043b\u043e \u043d\u0430 <b>3,14<\/b> \u2013 \u044d\u0442\u043e \u0431\u0443\u0434\u0435\u0442 \u0432\u0430\u0448 <b>\u0432\u043d\u0443\u0442\u0440\u0435\u043d\u043d\u0438\u0439 \u0434\u0438\u0430\u043c\u0435\u0442\u0440 (\u043c\u043c)<\/b>.<\/p>\n<p><b>\u041f\u0440\u0438\u043c\u0435\u0447\u0430\u043d\u0438\u0435:<\/b> \u0426\u0432\u0435\u0442\u043e\u0432\u044b\u0435 \u043e\u0442\u0442\u0435\u043d\u043a\u0438 \u043c\u043e\u0433\u0443\u0442 \u043d\u0435\u0437\u043d\u0430\u0447\u0438\u0442\u0435\u043b\u044c\u043d\u043e \u043e\u0442\u043b\u0438\u0447\u0430\u0442\u044c\u0441\u044f \u0432 \u0437\u0430\u0432\u0438\u0441\u0438\u043c\u043e\u0441\u0442\u0438 \u043e\u0442 \u044d\u043a\u0440\u0430\u043d\u0430 \u0432\u0430\u0448\u0435\u0433\u043e \u0443\u0441\u0442\u0440\u043e\u0439\u0441\u0442\u0432\u0430.<\/p>","protected":false},"excerpt":{"rendered":"<p>I\u0161skirtin\u0117 KnitPro eili\u0173 skai\u010diuokl\u0117 \u017eiedo formos \u2013 stilingas ir prakti\u0161kas mezgimo aksesuaras, leid\u017eiantis sekti mezgimo eiles tiesiog ant pir\u0161to! Pagamintas i\u0161 auk\u0161tos kokyb\u0117s ner\u016bdijan\u010dio plieno, \u0161is \u017eiedas yra hipoalerginis ir saugus odai. Tiesiog pasukite \u017eiedo dal\u012f \u2013 ir gal\u0117site lengvai pa\u017eym\u0117ti, kiek eili\u0173 jau numegzta. Patogiai u\u017esimauna ant rodomojo arba nyk\u0161\u010dio pir\u0161to. Med\u017eiaga: ner\u016bdijantis plienas, [&hellip;]<\/p>\n","protected":false},"featured_media":6649,"comment_status":"open","ping_status":"closed","template":"","meta":{"_acf_changed":false},"product_brand":[1069],"product_cat":[15,92,20],"product_tag":[],"pro-kategorijos":[],"class_list":{"0":"post-6644","1":"product","2":"type-product","3":"status-publish","4":"has-post-thumbnail","6":"product_brand-knitpro","7":"product_cat-visi-produktai","8":"product_cat-matavimo-priemones","9":"product_cat-priedai-mezgimui","11":"first","12":"instock","13":"shipping-taxable","14":"purchasable","15":"product-type-variable"},"acf":[],"yoast_head":"<!-- This site is optimized with the Yoast SEO plugin v26.8 - https:\/\/yoast.com\/product\/yoast-seo-wordpress\/ -->\n<title>KnitPro Eili\u0173 Skai\u010diuokl\u0117 \u017diedo Formos - Happyinaknit.com<\/title>\n<meta name=\"robots\" content=\"index, follow, max-snippet:-1, max-image-preview:large, max-video-preview:-1\" \/>\n<link rel=\"canonical\" href=\"https:\/\/happyinaknit.com\/ru\/product\/knitpro-eiliu-skaiciuokle-ziedo-formos\/\" \/>\n<meta property=\"og:locale\" content=\"ru_RU\" \/>\n<meta property=\"og:type\" content=\"article\" \/>\n<meta property=\"og:title\" content=\"KnitPro Eili\u0173 Skai\u010diuokl\u0117 \u017diedo Formos - Happyinaknit.com\" \/>\n<meta property=\"og:description\" content=\"I\u0161skirtin\u0117 KnitPro eili\u0173 skai\u010diuokl\u0117 \u017eiedo formos \u2013 stilingas ir prakti\u0161kas mezgimo aksesuaras, leid\u017eiantis sekti mezgimo eiles tiesiog ant pir\u0161to! Pagamintas i\u0161 auk\u0161tos kokyb\u0117s ner\u016bdijan\u010dio plieno, \u0161is \u017eiedas yra hipoalerginis ir saugus odai. Tiesiog pasukite \u017eiedo dal\u012f \u2013 ir gal\u0117site lengvai pa\u017eym\u0117ti, kiek eili\u0173 jau numegzta. Patogiai u\u017esimauna ant rodomojo arba nyk\u0161\u010dio pir\u0161to. Med\u017eiaga: ner\u016bdijantis plienas, [&hellip;]\" \/>\n<meta property=\"og:url\" content=\"https:\/\/happyinaknit.com\/ru\/product\/knitpro-eiliu-skaiciuokle-ziedo-formos\/\" \/>\n<meta property=\"og:site_name\" content=\"Happyinaknit.com\" \/>\n<meta property=\"article:modified_time\" content=\"2025-11-01T19:50:16+00:00\" \/>\n<meta property=\"og:image\" content=\"https:\/\/happyinaknit.com\/wp-content\/uploads\/2025\/10\/s-l40067.jpg\" \/>\n\t<meta property=\"og:image:width\" content=\"400\" \/>\n\t<meta property=\"og:image:height\" content=\"400\" \/>\n\t<meta property=\"og:image:type\" content=\"image\/jpeg\" \/>\n<meta name=\"twitter:card\" content=\"summary_large_image\" \/>\n<meta name=\"twitter:label1\" content=\"\u041f\u0440\u0438\u043c\u0435\u0440\u043d\u043e\u0435 \u0432\u0440\u0435\u043c\u044f \u0434\u043b\u044f \u0447\u0442\u0435\u043d\u0438\u044f\" \/>\n\t<meta name=\"twitter:data1\" content=\"1 \u043c\u0438\u043d\u0443\u0442\u0430\" \/>\n<script type=\"application\/ld+json\" class=\"yoast-schema-graph\">{\"@context\":\"https:\/\/schema.org\",\"@graph\":[{\"@type\":\"WebPage\",\"@id\":\"https:\/\/happyinaknit.com\/produktas\/knitpro-eiliu-skaiciuokle-ziedo-formos\/\",\"url\":\"https:\/\/happyinaknit.com\/produktas\/knitpro-eiliu-skaiciuokle-ziedo-formos\/\",\"name\":\"KnitPro Eili\u0173 Skai\u010diuokl\u0117 \u017diedo Formos - Happyinaknit.com\",\"isPartOf\":{\"@id\":\"https:\/\/happyinaknit.com\/lt\/#website\"},\"primaryImageOfPage\":{\"@id\":\"https:\/\/happyinaknit.com\/produktas\/knitpro-eiliu-skaiciuokle-ziedo-formos\/#primaryimage\"},\"image\":{\"@id\":\"https:\/\/happyinaknit.com\/produktas\/knitpro-eiliu-skaiciuokle-ziedo-formos\/#primaryimage\"},\"thumbnailUrl\":\"https:\/\/happyinaknit.com\/wp-content\/uploads\/2025\/10\/s-l40067.jpg\",\"datePublished\":\"2025-10-19T16:25:42+00:00\",\"dateModified\":\"2025-11-01T19:50:16+00:00\",\"breadcrumb\":{\"@id\":\"https:\/\/happyinaknit.com\/produktas\/knitpro-eiliu-skaiciuokle-ziedo-formos\/#breadcrumb\"},\"inLanguage\":\"ru-RU\",\"potentialAction\":[{\"@type\":\"ReadAction\",\"target\":[\"https:\/\/happyinaknit.com\/produktas\/knitpro-eiliu-skaiciuokle-ziedo-formos\/\"]}]},{\"@type\":\"ImageObject\",\"inLanguage\":\"ru-RU\",\"@id\":\"https:\/\/happyinaknit.com\/produktas\/knitpro-eiliu-skaiciuokle-ziedo-formos\/#primaryimage\",\"url\":\"https:\/\/happyinaknit.com\/wp-content\/uploads\/2025\/10\/s-l40067.jpg\",\"contentUrl\":\"https:\/\/happyinaknit.com\/wp-content\/uploads\/2025\/10\/s-l40067.jpg\",\"width\":400,\"height\":400},{\"@type\":\"BreadcrumbList\",\"@id\":\"https:\/\/happyinaknit.com\/produktas\/knitpro-eiliu-skaiciuokle-ziedo-formos\/#breadcrumb\",\"itemListElement\":[{\"@type\":\"ListItem\",\"position\":1,\"name\":\"Home\",\"item\":\"https:\/\/happyinaknit.com\/lt\/\"},{\"@type\":\"ListItem\",\"position\":2,\"name\":\"Parduotuv\u0117\",\"item\":\"https:\/\/happyinaknit.com\/lt\/parduotuve\/\"},{\"@type\":\"ListItem\",\"position\":3,\"name\":\"KnitPro Eili\u0173 Skai\u010diuokl\u0117 \u017diedo Formos\"}]},{\"@type\":\"WebSite\",\"@id\":\"https:\/\/happyinaknit.com\/lt\/#website\",\"url\":\"https:\/\/happyinaknit.com\/lt\/\",\"name\":\"Happyinaknit.com\",\"description\":\"\",\"potentialAction\":[{\"@type\":\"SearchAction\",\"target\":{\"@type\":\"EntryPoint\",\"urlTemplate\":\"https:\/\/happyinaknit.com\/lt\/?s={search_term_string}\"},\"query-input\":{\"@type\":\"PropertyValueSpecification\",\"valueRequired\":true,\"valueName\":\"search_term_string\"}}],\"inLanguage\":\"ru-RU\"}]}<\/script>\n<!-- \/ Yoast SEO plugin. -->","yoast_head_json":{"title":"KnitPro Eili\u0173 Skai\u010diuokl\u0117 \u017diedo Formos - Happyinaknit.com","robots":{"index":"index","follow":"follow","max-snippet":"max-snippet:-1","max-image-preview":"max-image-preview:large","max-video-preview":"max-video-preview:-1"},"canonical":"https:\/\/happyinaknit.com\/ru\/product\/knitpro-eiliu-skaiciuokle-ziedo-formos\/","og_locale":"ru_RU","og_type":"article","og_title":"KnitPro Eili\u0173 Skai\u010diuokl\u0117 \u017diedo Formos - Happyinaknit.com","og_description":"I\u0161skirtin\u0117 KnitPro eili\u0173 skai\u010diuokl\u0117 \u017eiedo formos \u2013 stilingas ir prakti\u0161kas mezgimo aksesuaras, leid\u017eiantis sekti mezgimo eiles tiesiog ant pir\u0161to! Pagamintas i\u0161 auk\u0161tos kokyb\u0117s ner\u016bdijan\u010dio plieno, \u0161is \u017eiedas yra hipoalerginis ir saugus odai. Tiesiog pasukite \u017eiedo dal\u012f \u2013 ir gal\u0117site lengvai pa\u017eym\u0117ti, kiek eili\u0173 jau numegzta. Patogiai u\u017esimauna ant rodomojo arba nyk\u0161\u010dio pir\u0161to. Med\u017eiaga: ner\u016bdijantis plienas, [&hellip;]","og_url":"https:\/\/happyinaknit.com\/ru\/product\/knitpro-eiliu-skaiciuokle-ziedo-formos\/","og_site_name":"Happyinaknit.com","article_modified_time":"2025-11-01T19:50:16+00:00","og_image":[{"width":400,"height":400,"url":"https:\/\/happyinaknit.com\/wp-content\/uploads\/2025\/10\/s-l40067.jpg","type":"image\/jpeg"}],"twitter_card":"summary_large_image","twitter_misc":{"\u041f\u0440\u0438\u043c\u0435\u0440\u043d\u043e\u0435 \u0432\u0440\u0435\u043c\u044f \u0434\u043b\u044f \u0447\u0442\u0435\u043d\u0438\u044f":"1 \u043c\u0438\u043d\u0443\u0442\u0430"},"schema":{"@context":"https:\/\/schema.org","@graph":[{"@type":"WebPage","@id":"https:\/\/happyinaknit.com\/produktas\/knitpro-eiliu-skaiciuokle-ziedo-formos\/","url":"https:\/\/happyinaknit.com\/produktas\/knitpro-eiliu-skaiciuokle-ziedo-formos\/","name":"KnitPro Eili\u0173 Skai\u010diuokl\u0117 \u017diedo Formos - Happyinaknit.com","isPartOf":{"@id":"https:\/\/happyinaknit.com\/lt\/#website"},"primaryImageOfPage":{"@id":"https:\/\/happyinaknit.com\/produktas\/knitpro-eiliu-skaiciuokle-ziedo-formos\/#primaryimage"},"image":{"@id":"https:\/\/happyinaknit.com\/produktas\/knitpro-eiliu-skaiciuokle-ziedo-formos\/#primaryimage"},"thumbnailUrl":"https:\/\/happyinaknit.com\/wp-content\/uploads\/2025\/10\/s-l40067.jpg","datePublished":"2025-10-19T16:25:42+00:00","dateModified":"2025-11-01T19:50:16+00:00","breadcrumb":{"@id":"https:\/\/happyinaknit.com\/produktas\/knitpro-eiliu-skaiciuokle-ziedo-formos\/#breadcrumb"},"inLanguage":"ru-RU","potentialAction":[{"@type":"ReadAction","target":["https:\/\/happyinaknit.com\/produktas\/knitpro-eiliu-skaiciuokle-ziedo-formos\/"]}]},{"@type":"ImageObject","inLanguage":"ru-RU","@id":"https:\/\/happyinaknit.com\/produktas\/knitpro-eiliu-skaiciuokle-ziedo-formos\/#primaryimage","url":"https:\/\/happyinaknit.com\/wp-content\/uploads\/2025\/10\/s-l40067.jpg","contentUrl":"https:\/\/happyinaknit.com\/wp-content\/uploads\/2025\/10\/s-l40067.jpg","width":400,"height":400},{"@type":"BreadcrumbList","@id":"https:\/\/happyinaknit.com\/produktas\/knitpro-eiliu-skaiciuokle-ziedo-formos\/#breadcrumb","itemListElement":[{"@type":"ListItem","position":1,"name":"Home","item":"https:\/\/happyinaknit.com\/lt\/"},{"@type":"ListItem","position":2,"name":"Parduotuv\u0117","item":"https:\/\/happyinaknit.com\/lt\/parduotuve\/"},{"@type":"ListItem","position":3,"name":"KnitPro Eili\u0173 Skai\u010diuokl\u0117 \u017diedo Formos"}]},{"@type":"WebSite","@id":"https:\/\/happyinaknit.com\/lt\/#website","url":"https:\/\/happyinaknit.com\/lt\/","name":"Happyinaknit.com","description":"","potentialAction":[{"@type":"SearchAction","target":{"@type":"EntryPoint","urlTemplate":"https:\/\/happyinaknit.com\/lt\/?s={search_term_string}"},"query-input":{"@type":"PropertyValueSpecification","valueRequired":true,"valueName":"search_term_string"}}],"inLanguage":"ru-RU"}]}},"_links":{"self":[{"href":"https:\/\/happyinaknit.com\/ru\/wp-json\/wp\/v2\/product\/6644","targetHints":{"allow":["GET"]}}],"collection":[{"href":"https:\/\/happyinaknit.com\/ru\/wp-json\/wp\/v2\/product"}],"about":[{"href":"https:\/\/happyinaknit.com\/ru\/wp-json\/wp\/v2\/types\/product"}],"replies":[{"embeddable":true,"href":"https:\/\/happyinaknit.com\/ru\/wp-json\/wp\/v2\/comments?post=6644"}],"wp:featuredmedia":[{"embeddable":true,"href":"https:\/\/happyinaknit.com\/ru\/wp-json\/wp\/v2\/media\/6649"}],"wp:attachment":[{"href":"https:\/\/happyinaknit.com\/ru\/wp-json\/wp\/v2\/media?parent=6644"}],"wp:term":[{"taxonomy":"product_brand","embeddable":true,"href":"https:\/\/happyinaknit.com\/ru\/wp-json\/wp\/v2\/product_brand?post=6644"},{"taxonomy":"product_cat","embeddable":true,"href":"https:\/\/happyinaknit.com\/ru\/wp-json\/wp\/v2\/product_cat?post=6644"},{"taxonomy":"product_tag","embeddable":true,"href":"https:\/\/happyinaknit.com\/ru\/wp-json\/wp\/v2\/product_tag?post=6644"},{"taxonomy":"pro-kategorijos","embeddable":true,"href":"https:\/\/happyinaknit.com\/ru\/wp-json\/wp\/v2\/pro-kategorijos?post=6644"}],"curies":[{"name":"wp","href":"https:\/\/api.w.org\/{rel}","templated":true}]}}