{"id":6641,"date":"2025-10-19T16:14:24","date_gmt":"2025-10-19T16:14:24","guid":{"rendered":"https:\/\/happyinaknit.com\/?post_type=product&#038;p=6641"},"modified":"2025-10-28T13:13:27","modified_gmt":"2025-10-28T13:13:27","slug":"knitpro-drambliukas-liniuote-virbalu-dydziui-ir-tankumui-matuoti","status":"publish","type":"product","link":"https:\/\/happyinaknit.com\/ru\/product\/knitpro-drambliukas-liniuote-virbalu-dydziui-ir-tankumui-matuoti\/","title":{"rendered":"KnitPro \u043b\u0438\u043d\u0435\u0439\u043a\u0430  \u00ab\u0421\u043b\u043e\u043d\u00bb \u0434\u043b\u044f \u0438\u0437\u043c\u0435\u0440\u0435\u043d\u0438\u044f \u0440\u0430\u0437\u043c\u0435\u0440\u0430 \u0441\u043f\u0438\u0446 \u0438 \u043f\u043b\u043e\u0442\u043d\u043e\u0441\u0442\u0438 \u0432\u044f\u0437\u0430\u043d\u0438\u044f"},"content":{"rendered":"<p>\u0418\u0433\u0440\u0438\u0432\u0430\u044f \u0438 \u0444\u0443\u043d\u043a\u0446\u0438\u043e\u043d\u0430\u043b\u044c\u043d\u0430\u044f <b>KnitPro &quot;\u0421\u043b\u043e\u043d&quot;<\/b> \u043b\u0438\u043d\u0435\u0439\u043a\u0430 \u2014 \u043e\u0442\u043b\u0438\u0447\u043d\u044b\u0439 \u0438\u043d\u0441\u0442\u0440\u0443\u043c\u0435\u043d\u0442 \u0434\u043b\u044f \u043a\u0430\u0436\u0434\u043e\u0439 \u0440\u0443\u043a\u043e\u0434\u0435\u043b\u044c\u043d\u0438\u0446\u044b! \u041e\u043d\u0430 \u043f\u043e\u0437\u0432\u043e\u043b\u044f\u0435\u0442 <b>\u043e\u043f\u0440\u0435\u0434\u0435\u043b\u0438\u0442\u044c \u0440\u0430\u0437\u043c\u0435\u0440 \u0441\u043f\u0438\u0446,<\/b> \u0438 <b>\u0438\u0437\u043c\u0435\u0440\u0438\u0442\u044c \u043f\u043b\u043e\u0442\u043d\u043e\u0441\u0442\u044c \u0432\u044f\u0437\u0430\u043d\u0438\u044f<\/b>,\u0430 \u0442\u0430\u043a \u0436\u0435  \u0434\u043e\u043f\u043e\u043b\u043d\u0438\u0442\u0435\u043b\u044c\u043d\u044b\u0439 <b>\u043d\u0438\u0442\u0435\u043e\u0431\u0440\u0435\u0437\u0430\u0442\u0435\u043b\u044c<\/b> \u043e\u0431\u0435\u0441\u043f\u0435\u0447\u0438\u0432\u0430\u0435\u0442 \u0435\u0449\u0435 \u0431\u043e\u043b\u044c\u0448\u0435 \u0443\u0434\u043e\u0431\u0441\u0442\u0432\u0430 \u0432 \u0440\u0430\u0431\u043e\u0442\u0435.<\/p>\n<p>\u0418\u0437\u0433\u043e\u0442\u043e\u0432\u043b\u0435\u043d\u043d\u0430\u044f \u0438\u0437 \u043f\u0440\u043e\u0447\u043d\u043e\u0433\u043e \u043f\u043b\u0430\u0441\u0442\u0438\u043a\u0430 \u0441 \u043c\u0435\u0442\u0430\u043b\u043b\u0438\u0447\u0435\u0441\u043a\u0438\u043c \u0440\u0435\u0436\u0443\u0449\u0438\u043c \u044d\u043b\u0435\u043c\u0435\u043d\u0442\u043e\u043c, \u044d\u0442\u0430 \u043b\u0438\u043d\u0435\u0439\u043a\u0430 \u043b\u0435\u0433\u043a\u0430\u044f, \u0434\u043e\u043b\u0433\u043e\u0432\u0435\u0447\u043d\u0430\u044f \u0438 \u043f\u0440\u0438\u044f\u0442\u043d\u0430\u044f \u0432 \u0438\u0441\u043f\u043e\u043b\u044c\u0437\u043e\u0432\u0430\u043d\u0438\u0438.<\/p>\n<p>\u0414\u043e\u0441\u0442\u0443\u043f\u043d\u044b \u0434\u0432\u0430 \u0432\u0430\u0440\u0438\u0430\u043d\u0442\u0430 \u0446\u0432\u0435\u0442\u0430: <b>\u0440\u043e\u0437\u043e\u0432\u044b\u0439<\/b> \u0438 <b>\u043b\u0430\u0432\u0430\u043d\u0434\u0430<\/b>.<\/p>\n<p>\u0421\u0434\u0435\u043b\u0430\u043d\u043e \u0432 \u0418\u043d\u0434\u0438\u0438.<\/p>\n<p><b>\u041c\u0430\u0442\u0435\u0440\u0438\u0430\u043b:<\/b> \u043f\u043b\u0430\u0441\u0442\u0438\u043a + \u043c\u0435\u0442\u0430\u043b\u043b<\/p>\n<p><b>\u0424\u0443\u043d\u043a\u0446\u0438\u0438:<\/b> \u0438\u0437\u043c\u0435\u0440\u0435\u043d\u0438\u0435 \u0440\u0430\u0437\u043c\u0435\u0440\u0430 \u0441\u043f\u0438\u0446, \u0440\u0430\u0441\u0447\u0435\u0442 \u043f\u043b\u043e\u0442\u043d\u043e\u0441\u0442\u0438, \u043e\u0431\u0440\u0435\u0437\u043a\u0430 \u043d\u0438\u0442\u0438<\/p>\n<p><b>\u041f\u0440\u0438\u043c\u0435\u0447\u0430\u043d\u0438\u0435:<\/b> \u0426\u0432\u0435\u0442\u043e\u0432\u044b\u0435 \u043e\u0442\u0442\u0435\u043d\u043a\u0438 \u043c\u043e\u0433\u0443\u0442 \u043d\u0435\u0437\u043d\u0430\u0447\u0438\u0442\u0435\u043b\u044c\u043d\u043e \u043e\u0442\u043b\u0438\u0447\u0430\u0442\u044c\u0441\u044f \u0432 \u0437\u0430\u0432\u0438\u0441\u0438\u043c\u043e\u0441\u0442\u0438 \u043e\u0442 \u044d\u043a\u0440\u0430\u043d\u0430 \u0432\u0430\u0448\u0435\u0433\u043e \u0443\u0441\u0442\u0440\u043e\u0439\u0441\u0442\u0432\u0430.<\/p>","protected":false},"excerpt":{"rendered":"<p>\u017daisminga ir funkcionali KnitPro \u201eDrambliukas\u201c liniuot\u0117 \u2013 puikus \u012frankis kiekvienai mezg\u0117jai! Ji leid\u017eia nustatyti virbal\u0173 dyd\u012f ir i\u0161matuoti mezgimo tankum\u0105, o integruotas si\u016bl\u0173 pjaustytuvas suteikia dar daugiau patogumo darbui. Pagaminta i\u0161 tvirto plastiko su metaliniu pjovimo elementu, \u0161i liniuot\u0117 yra lengva, patvari ir maloni naudoti. Galimi du spalv\u0173 variantai \u2013 ro\u017ein\u0117 ir levand\u0173. Pagaminta Indijoje. [&hellip;]<\/p>\n","protected":false},"featured_media":6637,"comment_status":"open","ping_status":"closed","template":"","meta":{"_acf_changed":false},"product_brand":[1069],"product_cat":[15,92,20],"product_tag":[],"pro-kategorijos":[],"class_list":{"0":"post-6641","1":"product","2":"type-product","3":"status-publish","4":"has-post-thumbnail","6":"product_brand-knitpro","7":"product_cat-visi-produktai","8":"product_cat-matavimo-priemones","9":"product_cat-priedai-mezgimui","11":"first","12":"instock","13":"shipping-taxable","14":"purchasable","15":"product-type-variable"},"acf":[],"yoast_head":"<!-- This site is optimized with the Yoast SEO plugin v26.8 - https:\/\/yoast.com\/product\/yoast-seo-wordpress\/ -->\n<title>KnitPro \u201eDrambliukas\u201c Liniuot\u0117 Virbal\u0173 Dyd\u017eiui Ir Tankumui Matuoti - Happyinaknit.com<\/title>\n<meta name=\"robots\" content=\"index, follow, max-snippet:-1, max-image-preview:large, max-video-preview:-1\" \/>\n<link rel=\"canonical\" href=\"https:\/\/happyinaknit.com\/ru\/product\/knitpro-drambliukas-liniuote-virbalu-dydziui-ir-tankumui-matuoti\/\" \/>\n<meta property=\"og:locale\" content=\"ru_RU\" \/>\n<meta property=\"og:type\" content=\"article\" \/>\n<meta property=\"og:title\" content=\"KnitPro \u201eDrambliukas\u201c Liniuot\u0117 Virbal\u0173 Dyd\u017eiui Ir Tankumui Matuoti - Happyinaknit.com\" \/>\n<meta property=\"og:description\" content=\"\u017daisminga ir funkcionali KnitPro \u201eDrambliukas\u201c liniuot\u0117 \u2013 puikus \u012frankis kiekvienai mezg\u0117jai! Ji leid\u017eia nustatyti virbal\u0173 dyd\u012f ir i\u0161matuoti mezgimo tankum\u0105, o integruotas si\u016bl\u0173 pjaustytuvas suteikia dar daugiau patogumo darbui. Pagaminta i\u0161 tvirto plastiko su metaliniu pjovimo elementu, \u0161i liniuot\u0117 yra lengva, patvari ir maloni naudoti. Galimi du spalv\u0173 variantai \u2013 ro\u017ein\u0117 ir levand\u0173. Pagaminta Indijoje. [&hellip;]\" \/>\n<meta property=\"og:url\" content=\"https:\/\/happyinaknit.com\/ru\/product\/knitpro-drambliukas-liniuote-virbalu-dydziui-ir-tankumui-matuoti\/\" \/>\n<meta property=\"og:site_name\" content=\"Happyinaknit.com\" \/>\n<meta property=\"article:modified_time\" content=\"2025-10-28T13:13:27+00:00\" \/>\n<meta property=\"og:image\" content=\"https:\/\/happyinaknit.com\/wp-content\/uploads\/2025\/10\/knitters-pride-knitters-pride-needle-and-crochet-g.jpg\" \/>\n\t<meta property=\"og:image:width\" content=\"1652\" \/>\n\t<meta property=\"og:image:height\" content=\"1652\" \/>\n\t<meta property=\"og:image:type\" content=\"image\/jpeg\" \/>\n<meta name=\"twitter:card\" content=\"summary_large_image\" \/>\n<script type=\"application\/ld+json\" class=\"yoast-schema-graph\">{\"@context\":\"https:\/\/schema.org\",\"@graph\":[{\"@type\":\"WebPage\",\"@id\":\"https:\/\/happyinaknit.com\/produktas\/knitpro-drambliukas-liniuote-virbalu-dydziui-ir-tankumui-matuoti\/\",\"url\":\"https:\/\/happyinaknit.com\/produktas\/knitpro-drambliukas-liniuote-virbalu-dydziui-ir-tankumui-matuoti\/\",\"name\":\"KnitPro \u201eDrambliukas\u201c Liniuot\u0117 Virbal\u0173 Dyd\u017eiui Ir Tankumui Matuoti - Happyinaknit.com\",\"isPartOf\":{\"@id\":\"https:\/\/happyinaknit.com\/lt\/#website\"},\"primaryImageOfPage\":{\"@id\":\"https:\/\/happyinaknit.com\/produktas\/knitpro-drambliukas-liniuote-virbalu-dydziui-ir-tankumui-matuoti\/#primaryimage\"},\"image\":{\"@id\":\"https:\/\/happyinaknit.com\/produktas\/knitpro-drambliukas-liniuote-virbalu-dydziui-ir-tankumui-matuoti\/#primaryimage\"},\"thumbnailUrl\":\"https:\/\/happyinaknit.com\/wp-content\/uploads\/2025\/10\/knitters-pride-knitters-pride-needle-and-crochet-g.jpg\",\"datePublished\":\"2025-10-19T16:14:24+00:00\",\"dateModified\":\"2025-10-28T13:13:27+00:00\",\"breadcrumb\":{\"@id\":\"https:\/\/happyinaknit.com\/produktas\/knitpro-drambliukas-liniuote-virbalu-dydziui-ir-tankumui-matuoti\/#breadcrumb\"},\"inLanguage\":\"ru-RU\",\"potentialAction\":[{\"@type\":\"ReadAction\",\"target\":[\"https:\/\/happyinaknit.com\/produktas\/knitpro-drambliukas-liniuote-virbalu-dydziui-ir-tankumui-matuoti\/\"]}]},{\"@type\":\"ImageObject\",\"inLanguage\":\"ru-RU\",\"@id\":\"https:\/\/happyinaknit.com\/produktas\/knitpro-drambliukas-liniuote-virbalu-dydziui-ir-tankumui-matuoti\/#primaryimage\",\"url\":\"https:\/\/happyinaknit.com\/wp-content\/uploads\/2025\/10\/knitters-pride-knitters-pride-needle-and-crochet-g.jpg\",\"contentUrl\":\"https:\/\/happyinaknit.com\/wp-content\/uploads\/2025\/10\/knitters-pride-knitters-pride-needle-and-crochet-g.jpg\",\"width\":1652,\"height\":1652},{\"@type\":\"BreadcrumbList\",\"@id\":\"https:\/\/happyinaknit.com\/produktas\/knitpro-drambliukas-liniuote-virbalu-dydziui-ir-tankumui-matuoti\/#breadcrumb\",\"itemListElement\":[{\"@type\":\"ListItem\",\"position\":1,\"name\":\"Home\",\"item\":\"https:\/\/happyinaknit.com\/lt\/\"},{\"@type\":\"ListItem\",\"position\":2,\"name\":\"Parduotuv\u0117\",\"item\":\"https:\/\/happyinaknit.com\/lt\/parduotuve\/\"},{\"@type\":\"ListItem\",\"position\":3,\"name\":\"KnitPro \u201eDrambliukas\u201c Liniuot\u0117 Virbal\u0173 Dyd\u017eiui Ir Tankumui Matuoti\"}]},{\"@type\":\"WebSite\",\"@id\":\"https:\/\/happyinaknit.com\/lt\/#website\",\"url\":\"https:\/\/happyinaknit.com\/lt\/\",\"name\":\"Happyinaknit.com\",\"description\":\"\",\"potentialAction\":[{\"@type\":\"SearchAction\",\"target\":{\"@type\":\"EntryPoint\",\"urlTemplate\":\"https:\/\/happyinaknit.com\/lt\/?s={search_term_string}\"},\"query-input\":{\"@type\":\"PropertyValueSpecification\",\"valueRequired\":true,\"valueName\":\"search_term_string\"}}],\"inLanguage\":\"ru-RU\"}]}<\/script>\n<!-- \/ Yoast SEO plugin. -->","yoast_head_json":{"title":"KnitPro \u201eDrambliukas\u201c Liniuot\u0117 Virbal\u0173 Dyd\u017eiui Ir Tankumui Matuoti - Happyinaknit.com","robots":{"index":"index","follow":"follow","max-snippet":"max-snippet:-1","max-image-preview":"max-image-preview:large","max-video-preview":"max-video-preview:-1"},"canonical":"https:\/\/happyinaknit.com\/ru\/product\/knitpro-drambliukas-liniuote-virbalu-dydziui-ir-tankumui-matuoti\/","og_locale":"ru_RU","og_type":"article","og_title":"KnitPro \u201eDrambliukas\u201c Liniuot\u0117 Virbal\u0173 Dyd\u017eiui Ir Tankumui Matuoti - Happyinaknit.com","og_description":"\u017daisminga ir funkcionali KnitPro \u201eDrambliukas\u201c liniuot\u0117 \u2013 puikus \u012frankis kiekvienai mezg\u0117jai! Ji leid\u017eia nustatyti virbal\u0173 dyd\u012f ir i\u0161matuoti mezgimo tankum\u0105, o integruotas si\u016bl\u0173 pjaustytuvas suteikia dar daugiau patogumo darbui. Pagaminta i\u0161 tvirto plastiko su metaliniu pjovimo elementu, \u0161i liniuot\u0117 yra lengva, patvari ir maloni naudoti. Galimi du spalv\u0173 variantai \u2013 ro\u017ein\u0117 ir levand\u0173. Pagaminta Indijoje. [&hellip;]","og_url":"https:\/\/happyinaknit.com\/ru\/product\/knitpro-drambliukas-liniuote-virbalu-dydziui-ir-tankumui-matuoti\/","og_site_name":"Happyinaknit.com","article_modified_time":"2025-10-28T13:13:27+00:00","og_image":[{"width":1652,"height":1652,"url":"https:\/\/happyinaknit.com\/wp-content\/uploads\/2025\/10\/knitters-pride-knitters-pride-needle-and-crochet-g.jpg","type":"image\/jpeg"}],"twitter_card":"summary_large_image","schema":{"@context":"https:\/\/schema.org","@graph":[{"@type":"WebPage","@id":"https:\/\/happyinaknit.com\/produktas\/knitpro-drambliukas-liniuote-virbalu-dydziui-ir-tankumui-matuoti\/","url":"https:\/\/happyinaknit.com\/produktas\/knitpro-drambliukas-liniuote-virbalu-dydziui-ir-tankumui-matuoti\/","name":"KnitPro \u201eDrambliukas\u201c Liniuot\u0117 Virbal\u0173 Dyd\u017eiui Ir Tankumui Matuoti - Happyinaknit.com","isPartOf":{"@id":"https:\/\/happyinaknit.com\/lt\/#website"},"primaryImageOfPage":{"@id":"https:\/\/happyinaknit.com\/produktas\/knitpro-drambliukas-liniuote-virbalu-dydziui-ir-tankumui-matuoti\/#primaryimage"},"image":{"@id":"https:\/\/happyinaknit.com\/produktas\/knitpro-drambliukas-liniuote-virbalu-dydziui-ir-tankumui-matuoti\/#primaryimage"},"thumbnailUrl":"https:\/\/happyinaknit.com\/wp-content\/uploads\/2025\/10\/knitters-pride-knitters-pride-needle-and-crochet-g.jpg","datePublished":"2025-10-19T16:14:24+00:00","dateModified":"2025-10-28T13:13:27+00:00","breadcrumb":{"@id":"https:\/\/happyinaknit.com\/produktas\/knitpro-drambliukas-liniuote-virbalu-dydziui-ir-tankumui-matuoti\/#breadcrumb"},"inLanguage":"ru-RU","potentialAction":[{"@type":"ReadAction","target":["https:\/\/happyinaknit.com\/produktas\/knitpro-drambliukas-liniuote-virbalu-dydziui-ir-tankumui-matuoti\/"]}]},{"@type":"ImageObject","inLanguage":"ru-RU","@id":"https:\/\/happyinaknit.com\/produktas\/knitpro-drambliukas-liniuote-virbalu-dydziui-ir-tankumui-matuoti\/#primaryimage","url":"https:\/\/happyinaknit.com\/wp-content\/uploads\/2025\/10\/knitters-pride-knitters-pride-needle-and-crochet-g.jpg","contentUrl":"https:\/\/happyinaknit.com\/wp-content\/uploads\/2025\/10\/knitters-pride-knitters-pride-needle-and-crochet-g.jpg","width":1652,"height":1652},{"@type":"BreadcrumbList","@id":"https:\/\/happyinaknit.com\/produktas\/knitpro-drambliukas-liniuote-virbalu-dydziui-ir-tankumui-matuoti\/#breadcrumb","itemListElement":[{"@type":"ListItem","position":1,"name":"Home","item":"https:\/\/happyinaknit.com\/lt\/"},{"@type":"ListItem","position":2,"name":"Parduotuv\u0117","item":"https:\/\/happyinaknit.com\/lt\/parduotuve\/"},{"@type":"ListItem","position":3,"name":"KnitPro \u201eDrambliukas\u201c Liniuot\u0117 Virbal\u0173 Dyd\u017eiui Ir Tankumui Matuoti"}]},{"@type":"WebSite","@id":"https:\/\/happyinaknit.com\/lt\/#website","url":"https:\/\/happyinaknit.com\/lt\/","name":"Happyinaknit.com","description":"","potentialAction":[{"@type":"SearchAction","target":{"@type":"EntryPoint","urlTemplate":"https:\/\/happyinaknit.com\/lt\/?s={search_term_string}"},"query-input":{"@type":"PropertyValueSpecification","valueRequired":true,"valueName":"search_term_string"}}],"inLanguage":"ru-RU"}]}},"_links":{"self":[{"href":"https:\/\/happyinaknit.com\/ru\/wp-json\/wp\/v2\/product\/6641","targetHints":{"allow":["GET"]}}],"collection":[{"href":"https:\/\/happyinaknit.com\/ru\/wp-json\/wp\/v2\/product"}],"about":[{"href":"https:\/\/happyinaknit.com\/ru\/wp-json\/wp\/v2\/types\/product"}],"replies":[{"embeddable":true,"href":"https:\/\/happyinaknit.com\/ru\/wp-json\/wp\/v2\/comments?post=6641"}],"wp:featuredmedia":[{"embeddable":true,"href":"https:\/\/happyinaknit.com\/ru\/wp-json\/wp\/v2\/media\/6637"}],"wp:attachment":[{"href":"https:\/\/happyinaknit.com\/ru\/wp-json\/wp\/v2\/media?parent=6641"}],"wp:term":[{"taxonomy":"product_brand","embeddable":true,"href":"https:\/\/happyinaknit.com\/ru\/wp-json\/wp\/v2\/product_brand?post=6641"},{"taxonomy":"product_cat","embeddable":true,"href":"https:\/\/happyinaknit.com\/ru\/wp-json\/wp\/v2\/product_cat?post=6641"},{"taxonomy":"product_tag","embeddable":true,"href":"https:\/\/happyinaknit.com\/ru\/wp-json\/wp\/v2\/product_tag?post=6641"},{"taxonomy":"pro-kategorijos","embeddable":true,"href":"https:\/\/happyinaknit.com\/ru\/wp-json\/wp\/v2\/pro-kategorijos?post=6641"}],"curies":[{"name":"wp","href":"https:\/\/api.w.org\/{rel}","templated":true}]}}