{"id":6631,"date":"2025-10-19T16:06:41","date_gmt":"2025-10-19T16:06:41","guid":{"rendered":"https:\/\/happyinaknit.com\/?post_type=product&#038;p=6631"},"modified":"2026-02-08T14:21:35","modified_gmt":"2026-02-08T14:21:35","slug":"knitpro-aliuminis-nerimo-vaselis-su-juoda-rankenele","status":"publish","type":"product","link":"https:\/\/happyinaknit.com\/ru\/product\/knitpro-aliuminis-nerimo-vaselis-su-juoda-rankenele\/","title":{"rendered":"KnitPro  \u0410\u043b\u044e\u043c\u0438\u043d\u0438\u0435\u0432\u044b\u0439 \u043a\u0440\u044e\u0447\u043e\u043a \u0434\u043b\u044f \u0432\u044f\u0437\u0430\u043d\u0438\u044f \u0441 \u0447\u0435\u0440\u043d\u043e\u0439 \u0440\u0443\u0447\u043a\u043e\u0439"},"content":{"rendered":"<p>\u0421\u043e\u0432\u0440\u0435\u043c\u0435\u043d\u043d\u044b\u0439 \u0438 \u044d\u0440\u0433\u043e\u043d\u043e\u043c\u0438\u0447\u043d\u044b\u0439 <b>KnitPro<\/b> \u0430\u043b\u044e\u043c\u0438\u043d\u0438\u0435\u0432\u044b\u0439 \u043a\u0440\u044e\u0447\u043e\u043a \u0434\u043b\u044f \u0432\u044f\u0437\u0430\u043d\u0438\u044f \u0441 <b>\u0447\u0435\u0440\u043d\u043e\u0439 \u043c\u044f\u0433\u043a\u043e\u0439 \u0440\u0443\u0447\u043a\u043e\u0439<\/b> \u00a0\u043e\u0442\u043b\u0438\u0447\u043d\u044b\u0439 \u0432\u044b\u0431\u043e\u0440 \u043a\u0430\u043a \u0434\u043b\u044f \u043d\u043e\u0432\u0438\u0447\u043a\u043e\u0432, \u0442\u0430\u043a \u0438 \u0434\u043b\u044f \u043e\u043f\u044b\u0442\u043d\u044b\u0445 \u0440\u0443\u043a\u043e\u0434\u0435\u043b\u044c\u043d\u0438\u0446<\/p>\n<p>\u041b\u0435\u0433\u043a\u0438\u0439 \u0430\u043b\u044e\u043c\u0438\u043d\u0438\u0435\u0432\u044b\u0439 \u043a\u043e\u0440\u043f\u0443\u0441 \u0438 \u043c\u044f\u0433\u043a\u0430\u044f \u0443\u0434\u043e\u0431\u043d\u0430\u044f \u0440\u0443\u0447\u043a\u0430 \u0441\u043d\u0438\u0436\u0430\u044e\u0442 \u0443\u0441\u0442\u0430\u043b\u043e\u0441\u0442\u044c \u0440\u0443\u043a \u0434\u0430\u0436\u0435 \u043f\u0440\u0438 \u0434\u043b\u0438\u0442\u0435\u043b\u044c\u043d\u043e\u043c \u0438\u0441\u043f\u043e\u043b\u044c\u0437\u043e\u0432\u0430\u043d\u0438\u0438, \u0430 \u0442\u0430\u043a\u0436\u0435 <b>\u0437\u043e\u043b\u043e\u0442\u043e\u0439 \u043d\u0430\u043a\u043e\u043d\u0435\u0447\u043d\u0438\u043a<\/b> \u043e\u043d \u043d\u0435 \u0442\u043e\u043b\u044c\u043a\u043e \u0441\u0442\u0438\u043b\u044c\u043d\u043e \u0432\u044b\u0433\u043b\u044f\u0434\u0438\u0442, \u043d\u043e \u0438 \u043e\u0431\u0435\u0441\u043f\u0435\u0447\u0438\u0432\u0430\u0435\u0442 \u043e\u0442\u043b\u0438\u0447\u043d\u0443\u044e \u0432\u0438\u0434\u0438\u043c\u043e\u0441\u0442\u044c \u043f\u0440\u0438 \u0440\u0430\u0431\u043e\u0442\u0435 \u0441 \u0440\u0430\u0437\u043d\u043e\u0446\u0432\u0435\u0442\u043d\u044b\u043c\u0438 \u043d\u0438\u0442\u043a\u0430\u043c\u0438. \u042d\u0442\u043e\u0442 \u043a\u0440\u044e\u0447\u043e\u043a \u0441\u0442\u0430\u043d\u0435\u0442 \u043d\u0435\u0437\u0430\u043c\u0435\u043d\u0438\u043c\u044b\u043c \u043f\u043e\u043c\u043e\u0449\u043d\u0438\u043a\u043e\u043c \u0432 \u0432\u0430\u0448\u0435\u043c \u0442\u0432\u043e\u0440\u0447\u0435\u0441\u0442\u0432\u0435.<\/p>\n<p>\u0421\u0434\u0435\u043b\u0430\u043d\u043e \u0432 \u0418\u043d\u0434\u0438\u0438.<\/p>\n<p><b>\u041c\u0430\u0442\u0435\u0440\u0438\u0430\u043b:<\/b> \u0430\u043b\u044e\u043c\u0438\u043d\u0438\u0439, \u043f\u043b\u0430\u0441\u0442\u0438\u043a\u043e\u0432\u0430\u044f \u044d\u0440\u0433\u043e\u043d\u043e\u043c\u0438\u0447\u043d\u0430\u044f \u0440\u0443\u0447\u043a\u0430<\/p>\n<p><b>\u041f\u0440\u0438\u043c\u0435\u0447\u0430\u043d\u0438\u0435:<\/b> \u0426\u0432\u0435\u0442\u043e\u0432\u044b\u0435 \u043e\u0442\u0442\u0435\u043d\u043a\u0438 \u043c\u043e\u0433\u0443\u0442 \u043d\u0435\u0437\u043d\u0430\u0447\u0438\u0442\u0435\u043b\u044c\u043d\u043e \u043e\u0442\u043b\u0438\u0447\u0430\u0442\u044c\u0441\u044f \u0432 \u0437\u0430\u0432\u0438\u0441\u0438\u043c\u043e\u0441\u0442\u0438 \u043e\u0442 \u044d\u043a\u0440\u0430\u043d\u0430 \u0432\u0430\u0448\u0435\u0433\u043e \u0443\u0441\u0442\u0440\u043e\u0439\u0441\u0442\u0432\u0430.<\/p>","protected":false},"excerpt":{"rendered":"<p>Modernus ir ergonomi\u0161kas KnitPro aliuminis n\u0117rimo v\u0105\u0161elis su juoda mink\u0161ta ranken\u0117le \u00a0puikus pasirinkimas tiek pradedantiesiems, tiek patyrusiems n\u0117r\u0117jams. Lengvas aliuminio korpusas ir \u0161velni, patogi ranken\u0117l\u0117 suma\u017eina rank\u0173 nuovarg\u012f net ilgai dirbant, o auksinis galiukas ne tik atrodo stilingai, bet ir suteikia puik\u0173 matomum\u0105 dirbant su \u012fvairi\u0173 spalv\u0173 si\u016blais. \u0160is v\u0105\u0161elis \u2013 nepakei\u010diamas pagalbininkas j\u016bs\u0173 k\u016bryboje. [&hellip;]<\/p>\n","protected":false},"featured_media":6632,"comment_status":"open","ping_status":"closed","template":"","meta":{"_acf_changed":false},"product_brand":[1069],"product_cat":[15,19,870],"product_tag":[],"pro-kategorijos":[],"class_list":{"0":"post-6631","1":"product","2":"type-product","3":"status-publish","4":"has-post-thumbnail","6":"product_brand-knitpro","7":"product_cat-visi-produktai","8":"product_cat-mezgimo-priemones","9":"product_cat-nerimo-vaseliai","11":"first","12":"instock","13":"shipping-taxable","14":"purchasable","15":"product-type-variable"},"acf":[],"yoast_head":"<!-- This site is optimized with the Yoast SEO plugin v26.8 - https:\/\/yoast.com\/product\/yoast-seo-wordpress\/ -->\n<title>KnitPro Aliuminis N\u0117rimo V\u0105\u0161elis su juoda ranken\u0117le - Happyinaknit.com<\/title>\n<meta name=\"robots\" content=\"index, follow, max-snippet:-1, max-image-preview:large, max-video-preview:-1\" \/>\n<link rel=\"canonical\" href=\"https:\/\/happyinaknit.com\/ru\/product\/knitpro-aliuminis-nerimo-vaselis-su-juoda-rankenele\/\" \/>\n<meta property=\"og:locale\" content=\"ru_RU\" \/>\n<meta property=\"og:type\" content=\"article\" \/>\n<meta property=\"og:title\" content=\"KnitPro Aliuminis N\u0117rimo V\u0105\u0161elis su juoda ranken\u0117le - Happyinaknit.com\" \/>\n<meta property=\"og:description\" content=\"Modernus ir ergonomi\u0161kas KnitPro aliuminis n\u0117rimo v\u0105\u0161elis su juoda mink\u0161ta ranken\u0117le \u00a0puikus pasirinkimas tiek pradedantiesiems, tiek patyrusiems n\u0117r\u0117jams. Lengvas aliuminio korpusas ir \u0161velni, patogi ranken\u0117l\u0117 suma\u017eina rank\u0173 nuovarg\u012f net ilgai dirbant, o auksinis galiukas ne tik atrodo stilingai, bet ir suteikia puik\u0173 matomum\u0105 dirbant su \u012fvairi\u0173 spalv\u0173 si\u016blais. \u0160is v\u0105\u0161elis \u2013 nepakei\u010diamas pagalbininkas j\u016bs\u0173 k\u016bryboje. [&hellip;]\" \/>\n<meta property=\"og:url\" content=\"https:\/\/happyinaknit.com\/ru\/product\/knitpro-aliuminis-nerimo-vaselis-su-juoda-rankenele\/\" \/>\n<meta property=\"og:site_name\" content=\"Happyinaknit.com\" \/>\n<meta property=\"article:modified_time\" content=\"2026-02-08T14:21:35+00:00\" \/>\n<meta property=\"og:image\" content=\"https:\/\/happyinaknit.com\/wp-content\/uploads\/2025\/10\/51jRDmmiJKL._UF8941000_QL80_.jpg\" \/>\n\t<meta property=\"og:image:width\" content=\"894\" \/>\n\t<meta property=\"og:image:height\" content=\"894\" \/>\n\t<meta property=\"og:image:type\" content=\"image\/jpeg\" \/>\n<meta name=\"twitter:card\" content=\"summary_large_image\" \/>\n<script type=\"application\/ld+json\" class=\"yoast-schema-graph\">{\"@context\":\"https:\/\/schema.org\",\"@graph\":[{\"@type\":\"WebPage\",\"@id\":\"https:\/\/happyinaknit.com\/produktas\/knitpro-aliuminis-nerimo-vaselis-su-juoda-rankenele\/\",\"url\":\"https:\/\/happyinaknit.com\/produktas\/knitpro-aliuminis-nerimo-vaselis-su-juoda-rankenele\/\",\"name\":\"KnitPro Aliuminis N\u0117rimo V\u0105\u0161elis su juoda ranken\u0117le - Happyinaknit.com\",\"isPartOf\":{\"@id\":\"https:\/\/happyinaknit.com\/lt\/#website\"},\"primaryImageOfPage\":{\"@id\":\"https:\/\/happyinaknit.com\/produktas\/knitpro-aliuminis-nerimo-vaselis-su-juoda-rankenele\/#primaryimage\"},\"image\":{\"@id\":\"https:\/\/happyinaknit.com\/produktas\/knitpro-aliuminis-nerimo-vaselis-su-juoda-rankenele\/#primaryimage\"},\"thumbnailUrl\":\"https:\/\/happyinaknit.com\/wp-content\/uploads\/2025\/10\/51jRDmmiJKL._UF8941000_QL80_.jpg\",\"datePublished\":\"2025-10-19T16:06:41+00:00\",\"dateModified\":\"2026-02-08T14:21:35+00:00\",\"breadcrumb\":{\"@id\":\"https:\/\/happyinaknit.com\/produktas\/knitpro-aliuminis-nerimo-vaselis-su-juoda-rankenele\/#breadcrumb\"},\"inLanguage\":\"ru-RU\",\"potentialAction\":[{\"@type\":\"ReadAction\",\"target\":[\"https:\/\/happyinaknit.com\/produktas\/knitpro-aliuminis-nerimo-vaselis-su-juoda-rankenele\/\"]}]},{\"@type\":\"ImageObject\",\"inLanguage\":\"ru-RU\",\"@id\":\"https:\/\/happyinaknit.com\/produktas\/knitpro-aliuminis-nerimo-vaselis-su-juoda-rankenele\/#primaryimage\",\"url\":\"https:\/\/happyinaknit.com\/wp-content\/uploads\/2025\/10\/51jRDmmiJKL._UF8941000_QL80_.jpg\",\"contentUrl\":\"https:\/\/happyinaknit.com\/wp-content\/uploads\/2025\/10\/51jRDmmiJKL._UF8941000_QL80_.jpg\",\"width\":894,\"height\":894},{\"@type\":\"BreadcrumbList\",\"@id\":\"https:\/\/happyinaknit.com\/produktas\/knitpro-aliuminis-nerimo-vaselis-su-juoda-rankenele\/#breadcrumb\",\"itemListElement\":[{\"@type\":\"ListItem\",\"position\":1,\"name\":\"Home\",\"item\":\"https:\/\/happyinaknit.com\/lt\/\"},{\"@type\":\"ListItem\",\"position\":2,\"name\":\"Parduotuv\u0117\",\"item\":\"https:\/\/happyinaknit.com\/lt\/parduotuve\/\"},{\"@type\":\"ListItem\",\"position\":3,\"name\":\"KnitPro Aliuminis N\u0117rimo V\u0105\u0161elis su juoda ranken\u0117le\"}]},{\"@type\":\"WebSite\",\"@id\":\"https:\/\/happyinaknit.com\/lt\/#website\",\"url\":\"https:\/\/happyinaknit.com\/lt\/\",\"name\":\"Happyinaknit.com\",\"description\":\"\",\"potentialAction\":[{\"@type\":\"SearchAction\",\"target\":{\"@type\":\"EntryPoint\",\"urlTemplate\":\"https:\/\/happyinaknit.com\/lt\/?s={search_term_string}\"},\"query-input\":{\"@type\":\"PropertyValueSpecification\",\"valueRequired\":true,\"valueName\":\"search_term_string\"}}],\"inLanguage\":\"ru-RU\"}]}<\/script>\n<!-- \/ Yoast SEO plugin. -->","yoast_head_json":{"title":"KnitPro Aliuminis N\u0117rimo V\u0105\u0161elis su juoda ranken\u0117le - Happyinaknit.com","robots":{"index":"index","follow":"follow","max-snippet":"max-snippet:-1","max-image-preview":"max-image-preview:large","max-video-preview":"max-video-preview:-1"},"canonical":"https:\/\/happyinaknit.com\/ru\/product\/knitpro-aliuminis-nerimo-vaselis-su-juoda-rankenele\/","og_locale":"ru_RU","og_type":"article","og_title":"KnitPro Aliuminis N\u0117rimo V\u0105\u0161elis su juoda ranken\u0117le - Happyinaknit.com","og_description":"Modernus ir ergonomi\u0161kas KnitPro aliuminis n\u0117rimo v\u0105\u0161elis su juoda mink\u0161ta ranken\u0117le \u00a0puikus pasirinkimas tiek pradedantiesiems, tiek patyrusiems n\u0117r\u0117jams. Lengvas aliuminio korpusas ir \u0161velni, patogi ranken\u0117l\u0117 suma\u017eina rank\u0173 nuovarg\u012f net ilgai dirbant, o auksinis galiukas ne tik atrodo stilingai, bet ir suteikia puik\u0173 matomum\u0105 dirbant su \u012fvairi\u0173 spalv\u0173 si\u016blais. \u0160is v\u0105\u0161elis \u2013 nepakei\u010diamas pagalbininkas j\u016bs\u0173 k\u016bryboje. [&hellip;]","og_url":"https:\/\/happyinaknit.com\/ru\/product\/knitpro-aliuminis-nerimo-vaselis-su-juoda-rankenele\/","og_site_name":"Happyinaknit.com","article_modified_time":"2026-02-08T14:21:35+00:00","og_image":[{"width":894,"height":894,"url":"https:\/\/happyinaknit.com\/wp-content\/uploads\/2025\/10\/51jRDmmiJKL._UF8941000_QL80_.jpg","type":"image\/jpeg"}],"twitter_card":"summary_large_image","schema":{"@context":"https:\/\/schema.org","@graph":[{"@type":"WebPage","@id":"https:\/\/happyinaknit.com\/produktas\/knitpro-aliuminis-nerimo-vaselis-su-juoda-rankenele\/","url":"https:\/\/happyinaknit.com\/produktas\/knitpro-aliuminis-nerimo-vaselis-su-juoda-rankenele\/","name":"KnitPro Aliuminis N\u0117rimo V\u0105\u0161elis su juoda ranken\u0117le - Happyinaknit.com","isPartOf":{"@id":"https:\/\/happyinaknit.com\/lt\/#website"},"primaryImageOfPage":{"@id":"https:\/\/happyinaknit.com\/produktas\/knitpro-aliuminis-nerimo-vaselis-su-juoda-rankenele\/#primaryimage"},"image":{"@id":"https:\/\/happyinaknit.com\/produktas\/knitpro-aliuminis-nerimo-vaselis-su-juoda-rankenele\/#primaryimage"},"thumbnailUrl":"https:\/\/happyinaknit.com\/wp-content\/uploads\/2025\/10\/51jRDmmiJKL._UF8941000_QL80_.jpg","datePublished":"2025-10-19T16:06:41+00:00","dateModified":"2026-02-08T14:21:35+00:00","breadcrumb":{"@id":"https:\/\/happyinaknit.com\/produktas\/knitpro-aliuminis-nerimo-vaselis-su-juoda-rankenele\/#breadcrumb"},"inLanguage":"ru-RU","potentialAction":[{"@type":"ReadAction","target":["https:\/\/happyinaknit.com\/produktas\/knitpro-aliuminis-nerimo-vaselis-su-juoda-rankenele\/"]}]},{"@type":"ImageObject","inLanguage":"ru-RU","@id":"https:\/\/happyinaknit.com\/produktas\/knitpro-aliuminis-nerimo-vaselis-su-juoda-rankenele\/#primaryimage","url":"https:\/\/happyinaknit.com\/wp-content\/uploads\/2025\/10\/51jRDmmiJKL._UF8941000_QL80_.jpg","contentUrl":"https:\/\/happyinaknit.com\/wp-content\/uploads\/2025\/10\/51jRDmmiJKL._UF8941000_QL80_.jpg","width":894,"height":894},{"@type":"BreadcrumbList","@id":"https:\/\/happyinaknit.com\/produktas\/knitpro-aliuminis-nerimo-vaselis-su-juoda-rankenele\/#breadcrumb","itemListElement":[{"@type":"ListItem","position":1,"name":"Home","item":"https:\/\/happyinaknit.com\/lt\/"},{"@type":"ListItem","position":2,"name":"Parduotuv\u0117","item":"https:\/\/happyinaknit.com\/lt\/parduotuve\/"},{"@type":"ListItem","position":3,"name":"KnitPro Aliuminis N\u0117rimo V\u0105\u0161elis su juoda ranken\u0117le"}]},{"@type":"WebSite","@id":"https:\/\/happyinaknit.com\/lt\/#website","url":"https:\/\/happyinaknit.com\/lt\/","name":"Happyinaknit.com","description":"","potentialAction":[{"@type":"SearchAction","target":{"@type":"EntryPoint","urlTemplate":"https:\/\/happyinaknit.com\/lt\/?s={search_term_string}"},"query-input":{"@type":"PropertyValueSpecification","valueRequired":true,"valueName":"search_term_string"}}],"inLanguage":"ru-RU"}]}},"_links":{"self":[{"href":"https:\/\/happyinaknit.com\/ru\/wp-json\/wp\/v2\/product\/6631","targetHints":{"allow":["GET"]}}],"collection":[{"href":"https:\/\/happyinaknit.com\/ru\/wp-json\/wp\/v2\/product"}],"about":[{"href":"https:\/\/happyinaknit.com\/ru\/wp-json\/wp\/v2\/types\/product"}],"replies":[{"embeddable":true,"href":"https:\/\/happyinaknit.com\/ru\/wp-json\/wp\/v2\/comments?post=6631"}],"wp:featuredmedia":[{"embeddable":true,"href":"https:\/\/happyinaknit.com\/ru\/wp-json\/wp\/v2\/media\/6632"}],"wp:attachment":[{"href":"https:\/\/happyinaknit.com\/ru\/wp-json\/wp\/v2\/media?parent=6631"}],"wp:term":[{"taxonomy":"product_brand","embeddable":true,"href":"https:\/\/happyinaknit.com\/ru\/wp-json\/wp\/v2\/product_brand?post=6631"},{"taxonomy":"product_cat","embeddable":true,"href":"https:\/\/happyinaknit.com\/ru\/wp-json\/wp\/v2\/product_cat?post=6631"},{"taxonomy":"product_tag","embeddable":true,"href":"https:\/\/happyinaknit.com\/ru\/wp-json\/wp\/v2\/product_tag?post=6631"},{"taxonomy":"pro-kategorijos","embeddable":true,"href":"https:\/\/happyinaknit.com\/ru\/wp-json\/wp\/v2\/pro-kategorijos?post=6631"}],"curies":[{"name":"wp","href":"https:\/\/api.w.org\/{rel}","templated":true}]}}