{"id":6579,"date":"2025-10-19T15:16:21","date_gmt":"2025-10-19T15:16:21","guid":{"rendered":"https:\/\/happyinaknit.com\/?post_type=product&#038;p=6579"},"modified":"2025-10-24T18:37:12","modified_gmt":"2025-10-24T18:37:12","slug":"knitpro-nova-cubics-metaliniai-kvadratiniai-virbalai-su-valu-40-cm-60-cm","status":"publish","type":"product","link":"https:\/\/happyinaknit.com\/ru\/product\/knitpro-nova-cubics-metaliniai-kvadratiniai-virbalai-su-valu-40-cm-60-cm\/","title":{"rendered":"KnitPro Nova Cubics \u043c\u0435\u0442\u0430\u043b\u043b\u0438\u0447\u0435\u0441\u043a\u0438\u0435 \u043a\u0432\u0430\u0434\u0440\u0430\u0442\u043d\u044b\u0435 \u0441\u043f\u0438\u0446\u044b  \u043d\u0430 \u043b\u0435\u0441\u043a\u0435  40 \u0441\u043c \/ 60 \u0441\u043c"},"content":{"rendered":"<p><b>KnitPro Nova Cubics<\/b>\u00a0\u2013 \u043e\u043d\u0438 \u0443\u043d\u0438\u043a\u0430\u043b\u044c\u043d\u044b <b>\u043a\u0432\u0430\u0434\u0440\u0430\u0442\u043d\u044b\u0435 \u043c\u0435\u0442\u0430\u043b\u043b\u0438\u0447\u0435\u0441\u043a\u0438\u0435 \u0441\u043f\u0438\u0446\u044b<\/b>, \u0440\u0430\u0437\u0440\u0430\u0431\u043e\u0442\u0430\u043d\u043d\u0430\u044f \u0434\u043b\u044f \u043c\u0430\u043a\u0441\u0438\u043c\u0430\u043b\u044c\u043d\u043e\u0433\u043e \u043a\u043e\u043c\u0444\u043e\u0440\u0442\u0430 \u0438 \u0440\u0430\u0432\u043d\u043e\u043c\u0435\u0440\u043d\u043e\u0433\u043e \u0440\u0438\u0442\u043c\u0430 \u0432\u044f\u0437\u0430\u043d\u0438\u044f. \u041a\u0432\u0430\u0434\u0440\u0430\u0442\u043d\u0430\u044f \u0444\u043e\u0440\u043c\u0430 \u043f\u043e\u0437\u0432\u043e\u043b\u044f\u0435\u0442 \u0443\u0434\u043e\u0431\u043d\u043e \u0434\u0435\u0440\u0436\u0430\u0442\u044c \u0441\u043f\u0438\u0446\u044b \u0432 \u0440\u0443\u043a\u0430\u0445, \u0443\u043c\u0435\u043d\u044c\u0448\u0430\u0435\u0442 \u043d\u0430\u043f\u0440\u044f\u0436\u0435\u043d\u0438\u0435 \u0432 \u043f\u0430\u043b\u044c\u0446\u0430\u0445 \u0438 \u0441\u043f\u043e\u0441\u043e\u0431\u0441\u0442\u0432\u0443\u0435\u0442 \u0440\u0430\u0432\u043d\u043e\u043c\u0435\u0440\u043d\u043e\u0439 \u043f\u043b\u043e\u0442\u043d\u043e\u0441\u0442\u0438 \u0432\u044f\u0437\u0430\u043d\u0438\u044f \u043e\u0442 \u043f\u0435\u0442\u043b\u0438 \u043a \u043f\u0435\u0442\u043b\u0435.<\/p>\n<p>\u0418\u0437\u0433\u043e\u0442\u043e\u0432\u043b\u0435\u043d\u043d\u044b\u0435 \u0438\u0437 \u043f\u0440\u043e\u0447\u043d\u043e\u0433\u043e, \u043d\u043e \u043b\u0435\u0433\u043a\u043e\u0433\u043e \u043c\u0435\u0442\u0430\u043b\u043b\u0430, \u044d\u0442\u0438 \u0441\u043f\u0438\u0446\u044b \u043e\u0431\u0435\u0441\u043f\u0435\u0447\u0438\u0432\u0430\u044e\u0442 <b>\u043e\u0442\u043b\u0438\u0447\u043d\u043e\u0435 \u0441\u043a\u043e\u043b\u044c\u0436\u0435\u043d\u0438\u0435 \u043f\u0440\u044f\u0436\u0438<\/b>, \u0430 \u043f\u043b\u0430\u0432\u043d\u044b\u0439 \u043f\u0435\u0440\u0435\u0445\u043e\u0434 \u043a \u043b\u0435\u0441\u043a\u0435 \u043f\u043e\u0437\u0432\u043e\u043b\u044f\u0435\u0442 \u0432\u044f\u0437\u0430\u043d\u0438\u044e \u0434\u0432\u0438\u0433\u0430\u0442\u044c\u0441\u044f \u0431\u0435\u0437 \u043f\u043e\u043c\u0435\u0445.<\/p>\n<p>\u0421\u0434\u0435\u043b\u0430\u043d\u043e \u0432 \u0418\u043d\u0434\u0438\u0438.<\/p>\n<p><b>\u041c\u0430\u0442\u0435\u0440\u0438\u0430\u043b:<\/b> \u043c\u0435\u0442\u0430\u043b\u043b<\/p>\n<p><b>\u0424\u043e\u0440\u043c\u0430:<\/b> \u043a\u0432\u0430\u0434\u0440\u0430\u0442<\/p>\n<p><b>\u041e\u0431\u0449\u0430\u044f \u0434\u043b\u0438\u043d\u0430:<\/b> 40\u0441\u043c \u0438 60\u0441\u043c<\/p>\n<p><b>\u041b\u0435\u0441\u043a\u0430:<\/b> \u0433\u0438\u0431\u043a\u0430\u044f \u043f\u043b\u0430\u0441\u0442\u0438\u043a\u043e\u0432\u0430\u044f<\/p>\n<p><b>\u0424\u0443\u043d\u043a\u0446\u0438\u0438:<\/b> \u044d\u0440\u0433\u043e\u043d\u043e\u043c\u0438\u0447\u043d\u044b\u0439, \u043b\u0435\u0433\u043a\u0438\u0435, \u0441\u043d\u0438\u0436\u0430\u044e\u0442 \u043d\u0430\u0433\u0440\u0443\u0437\u043a\u0443 \u043d\u0430 \u0440\u0443\u043a\u0443, \u0440\u0430\u0432\u043d\u043e\u043c\u0435\u0440\u043d\u043e\u0435 \u0432\u044f\u0437\u0430\u043d\u0438\u0435, \u043f\u043b\u0430\u0432\u043d\u044b\u0439 \u043f\u0435\u0440\u0435\u0445\u043e\u0434<\/p>\n<p><b>\u041f\u0440\u0438\u043c\u0435\u0447\u0430\u043d\u0438\u0435:<\/b> \u0426\u0432\u0435\u0442\u043e\u0432\u044b\u0435 \u043e\u0442\u0442\u0435\u043d\u043a\u0438 \u043c\u043e\u0433\u0443\u0442 \u043d\u0435\u0437\u043d\u0430\u0447\u0438\u0442\u0435\u043b\u044c\u043d\u043e \u043e\u0442\u043b\u0438\u0447\u0430\u0442\u044c\u0441\u044f \u0432 \u0437\u0430\u0432\u0438\u0441\u0438\u043c\u043e\u0441\u0442\u0438 \u043e\u0442 \u044d\u043a\u0440\u0430\u043d\u0430 \u0432\u0430\u0448\u0435\u0433\u043e \u0443\u0441\u0442\u0440\u043e\u0439\u0441\u0442\u0432\u0430.<\/p>","protected":false},"excerpt":{"rendered":"<p>KnitPro Nova Cubics\u00a0\u2013 tai unikal\u016bs kvadratinio skerspj\u016bvio metaliniai virbalai, sukurti maksimaliam patogumui ir tolygiam mezgimo ritmui. Kvadratin\u0117 forma leid\u017eia virbalus patogiai laikyti rankose, suma\u017eina pir\u0161t\u0173 \u012ftamp\u0105 ir padeda i\u0161laikyti vienod\u0105 mezgimo tankum\u0105 \u2013 kilpel\u0117 prie kilpel\u0117s. Pagaminti i\u0161 tvirto, bet lengvo metalo, \u0161ie virbalai u\u017etikrina puik\u0173 si\u016bl\u0173 slydim\u0105, o lygus per\u0117jimas prie valo leid\u017eia mezginiui [&hellip;]<\/p>\n","protected":false},"featured_media":6591,"comment_status":"open","ping_status":"closed","template":"","meta":{"_acf_changed":false},"product_brand":[1069],"product_cat":[15,19,862],"product_tag":[],"pro-kategorijos":[],"class_list":{"0":"post-6579","1":"product","2":"type-product","3":"status-publish","4":"has-post-thumbnail","6":"product_brand-knitpro","7":"product_cat-visi-produktai","8":"product_cat-mezgimo-priemones","9":"product_cat-virbalai-su-valu","11":"first","12":"instock","13":"shipping-taxable","14":"purchasable","15":"product-type-variable"},"acf":[],"yoast_head":"<!-- This site is optimized with the Yoast SEO plugin v26.8 - https:\/\/yoast.com\/product\/yoast-seo-wordpress\/ -->\n<title>KnitPro Nova Cubics metaliniai kvadratiniai virbalai su valu 40 cm \/ 60 cm - Happyinaknit.com<\/title>\n<meta name=\"robots\" content=\"index, follow, max-snippet:-1, max-image-preview:large, max-video-preview:-1\" \/>\n<link rel=\"canonical\" href=\"https:\/\/happyinaknit.com\/ru\/product\/knitpro-nova-cubics-metaliniai-kvadratiniai-virbalai-su-valu-40-cm-60-cm\/\" \/>\n<meta property=\"og:locale\" content=\"ru_RU\" \/>\n<meta property=\"og:type\" content=\"article\" \/>\n<meta property=\"og:title\" content=\"KnitPro Nova Cubics metaliniai kvadratiniai virbalai su valu 40 cm \/ 60 cm - Happyinaknit.com\" \/>\n<meta property=\"og:description\" content=\"KnitPro Nova Cubics\u00a0\u2013 tai unikal\u016bs kvadratinio skerspj\u016bvio metaliniai virbalai, sukurti maksimaliam patogumui ir tolygiam mezgimo ritmui. Kvadratin\u0117 forma leid\u017eia virbalus patogiai laikyti rankose, suma\u017eina pir\u0161t\u0173 \u012ftamp\u0105 ir padeda i\u0161laikyti vienod\u0105 mezgimo tankum\u0105 \u2013 kilpel\u0117 prie kilpel\u0117s. Pagaminti i\u0161 tvirto, bet lengvo metalo, \u0161ie virbalai u\u017etikrina puik\u0173 si\u016bl\u0173 slydim\u0105, o lygus per\u0117jimas prie valo leid\u017eia mezginiui [&hellip;]\" \/>\n<meta property=\"og:url\" content=\"https:\/\/happyinaknit.com\/ru\/product\/knitpro-nova-cubics-metaliniai-kvadratiniai-virbalai-su-valu-40-cm-60-cm\/\" \/>\n<meta property=\"og:site_name\" content=\"Happyinaknit.com\" \/>\n<meta property=\"article:modified_time\" content=\"2025-10-24T18:37:12+00:00\" \/>\n<meta property=\"og:image\" content=\"https:\/\/happyinaknit.com\/wp-content\/uploads\/2025\/10\/s-l40011.png\" \/>\n\t<meta property=\"og:image:width\" content=\"400\" \/>\n\t<meta property=\"og:image:height\" content=\"400\" \/>\n\t<meta property=\"og:image:type\" content=\"image\/png\" \/>\n<meta name=\"twitter:card\" content=\"summary_large_image\" \/>\n<meta name=\"twitter:label1\" content=\"\u041f\u0440\u0438\u043c\u0435\u0440\u043d\u043e\u0435 \u0432\u0440\u0435\u043c\u044f \u0434\u043b\u044f \u0447\u0442\u0435\u043d\u0438\u044f\" \/>\n\t<meta name=\"twitter:data1\" content=\"1 \u043c\u0438\u043d\u0443\u0442\u0430\" \/>\n<script type=\"application\/ld+json\" class=\"yoast-schema-graph\">{\"@context\":\"https:\/\/schema.org\",\"@graph\":[{\"@type\":\"WebPage\",\"@id\":\"https:\/\/happyinaknit.com\/produktas\/knitpro-nova-cubics-metaliniai-kvadratiniai-virbalai-su-valu-40-cm-60-cm\/\",\"url\":\"https:\/\/happyinaknit.com\/produktas\/knitpro-nova-cubics-metaliniai-kvadratiniai-virbalai-su-valu-40-cm-60-cm\/\",\"name\":\"KnitPro Nova Cubics metaliniai kvadratiniai virbalai su valu 40 cm \/ 60 cm - Happyinaknit.com\",\"isPartOf\":{\"@id\":\"https:\/\/happyinaknit.com\/lt\/#website\"},\"primaryImageOfPage\":{\"@id\":\"https:\/\/happyinaknit.com\/produktas\/knitpro-nova-cubics-metaliniai-kvadratiniai-virbalai-su-valu-40-cm-60-cm\/#primaryimage\"},\"image\":{\"@id\":\"https:\/\/happyinaknit.com\/produktas\/knitpro-nova-cubics-metaliniai-kvadratiniai-virbalai-su-valu-40-cm-60-cm\/#primaryimage\"},\"thumbnailUrl\":\"https:\/\/happyinaknit.com\/wp-content\/uploads\/2025\/10\/s-l40011.png\",\"datePublished\":\"2025-10-19T15:16:21+00:00\",\"dateModified\":\"2025-10-24T18:37:12+00:00\",\"breadcrumb\":{\"@id\":\"https:\/\/happyinaknit.com\/produktas\/knitpro-nova-cubics-metaliniai-kvadratiniai-virbalai-su-valu-40-cm-60-cm\/#breadcrumb\"},\"inLanguage\":\"ru-RU\",\"potentialAction\":[{\"@type\":\"ReadAction\",\"target\":[\"https:\/\/happyinaknit.com\/produktas\/knitpro-nova-cubics-metaliniai-kvadratiniai-virbalai-su-valu-40-cm-60-cm\/\"]}]},{\"@type\":\"ImageObject\",\"inLanguage\":\"ru-RU\",\"@id\":\"https:\/\/happyinaknit.com\/produktas\/knitpro-nova-cubics-metaliniai-kvadratiniai-virbalai-su-valu-40-cm-60-cm\/#primaryimage\",\"url\":\"https:\/\/happyinaknit.com\/wp-content\/uploads\/2025\/10\/s-l40011.png\",\"contentUrl\":\"https:\/\/happyinaknit.com\/wp-content\/uploads\/2025\/10\/s-l40011.png\",\"width\":400,\"height\":400},{\"@type\":\"BreadcrumbList\",\"@id\":\"https:\/\/happyinaknit.com\/produktas\/knitpro-nova-cubics-metaliniai-kvadratiniai-virbalai-su-valu-40-cm-60-cm\/#breadcrumb\",\"itemListElement\":[{\"@type\":\"ListItem\",\"position\":1,\"name\":\"Home\",\"item\":\"https:\/\/happyinaknit.com\/lt\/\"},{\"@type\":\"ListItem\",\"position\":2,\"name\":\"Parduotuv\u0117\",\"item\":\"https:\/\/happyinaknit.com\/lt\/parduotuve\/\"},{\"@type\":\"ListItem\",\"position\":3,\"name\":\"KnitPro Nova Cubics metaliniai kvadratiniai virbalai su valu 40 cm \/ 60 cm\"}]},{\"@type\":\"WebSite\",\"@id\":\"https:\/\/happyinaknit.com\/lt\/#website\",\"url\":\"https:\/\/happyinaknit.com\/lt\/\",\"name\":\"Happyinaknit.com\",\"description\":\"\",\"potentialAction\":[{\"@type\":\"SearchAction\",\"target\":{\"@type\":\"EntryPoint\",\"urlTemplate\":\"https:\/\/happyinaknit.com\/lt\/?s={search_term_string}\"},\"query-input\":{\"@type\":\"PropertyValueSpecification\",\"valueRequired\":true,\"valueName\":\"search_term_string\"}}],\"inLanguage\":\"ru-RU\"}]}<\/script>\n<!-- \/ Yoast SEO plugin. -->","yoast_head_json":{"title":"KnitPro Nova Cubics metaliniai kvadratiniai virbalai su valu 40 cm \/ 60 cm - Happyinaknit.com","robots":{"index":"index","follow":"follow","max-snippet":"max-snippet:-1","max-image-preview":"max-image-preview:large","max-video-preview":"max-video-preview:-1"},"canonical":"https:\/\/happyinaknit.com\/ru\/product\/knitpro-nova-cubics-metaliniai-kvadratiniai-virbalai-su-valu-40-cm-60-cm\/","og_locale":"ru_RU","og_type":"article","og_title":"KnitPro Nova Cubics metaliniai kvadratiniai virbalai su valu 40 cm \/ 60 cm - Happyinaknit.com","og_description":"KnitPro Nova Cubics\u00a0\u2013 tai unikal\u016bs kvadratinio skerspj\u016bvio metaliniai virbalai, sukurti maksimaliam patogumui ir tolygiam mezgimo ritmui. Kvadratin\u0117 forma leid\u017eia virbalus patogiai laikyti rankose, suma\u017eina pir\u0161t\u0173 \u012ftamp\u0105 ir padeda i\u0161laikyti vienod\u0105 mezgimo tankum\u0105 \u2013 kilpel\u0117 prie kilpel\u0117s. Pagaminti i\u0161 tvirto, bet lengvo metalo, \u0161ie virbalai u\u017etikrina puik\u0173 si\u016bl\u0173 slydim\u0105, o lygus per\u0117jimas prie valo leid\u017eia mezginiui [&hellip;]","og_url":"https:\/\/happyinaknit.com\/ru\/product\/knitpro-nova-cubics-metaliniai-kvadratiniai-virbalai-su-valu-40-cm-60-cm\/","og_site_name":"Happyinaknit.com","article_modified_time":"2025-10-24T18:37:12+00:00","og_image":[{"width":400,"height":400,"url":"https:\/\/happyinaknit.com\/wp-content\/uploads\/2025\/10\/s-l40011.png","type":"image\/png"}],"twitter_card":"summary_large_image","twitter_misc":{"\u041f\u0440\u0438\u043c\u0435\u0440\u043d\u043e\u0435 \u0432\u0440\u0435\u043c\u044f \u0434\u043b\u044f \u0447\u0442\u0435\u043d\u0438\u044f":"1 \u043c\u0438\u043d\u0443\u0442\u0430"},"schema":{"@context":"https:\/\/schema.org","@graph":[{"@type":"WebPage","@id":"https:\/\/happyinaknit.com\/produktas\/knitpro-nova-cubics-metaliniai-kvadratiniai-virbalai-su-valu-40-cm-60-cm\/","url":"https:\/\/happyinaknit.com\/produktas\/knitpro-nova-cubics-metaliniai-kvadratiniai-virbalai-su-valu-40-cm-60-cm\/","name":"KnitPro Nova Cubics metaliniai kvadratiniai virbalai su valu 40 cm \/ 60 cm - Happyinaknit.com","isPartOf":{"@id":"https:\/\/happyinaknit.com\/lt\/#website"},"primaryImageOfPage":{"@id":"https:\/\/happyinaknit.com\/produktas\/knitpro-nova-cubics-metaliniai-kvadratiniai-virbalai-su-valu-40-cm-60-cm\/#primaryimage"},"image":{"@id":"https:\/\/happyinaknit.com\/produktas\/knitpro-nova-cubics-metaliniai-kvadratiniai-virbalai-su-valu-40-cm-60-cm\/#primaryimage"},"thumbnailUrl":"https:\/\/happyinaknit.com\/wp-content\/uploads\/2025\/10\/s-l40011.png","datePublished":"2025-10-19T15:16:21+00:00","dateModified":"2025-10-24T18:37:12+00:00","breadcrumb":{"@id":"https:\/\/happyinaknit.com\/produktas\/knitpro-nova-cubics-metaliniai-kvadratiniai-virbalai-su-valu-40-cm-60-cm\/#breadcrumb"},"inLanguage":"ru-RU","potentialAction":[{"@type":"ReadAction","target":["https:\/\/happyinaknit.com\/produktas\/knitpro-nova-cubics-metaliniai-kvadratiniai-virbalai-su-valu-40-cm-60-cm\/"]}]},{"@type":"ImageObject","inLanguage":"ru-RU","@id":"https:\/\/happyinaknit.com\/produktas\/knitpro-nova-cubics-metaliniai-kvadratiniai-virbalai-su-valu-40-cm-60-cm\/#primaryimage","url":"https:\/\/happyinaknit.com\/wp-content\/uploads\/2025\/10\/s-l40011.png","contentUrl":"https:\/\/happyinaknit.com\/wp-content\/uploads\/2025\/10\/s-l40011.png","width":400,"height":400},{"@type":"BreadcrumbList","@id":"https:\/\/happyinaknit.com\/produktas\/knitpro-nova-cubics-metaliniai-kvadratiniai-virbalai-su-valu-40-cm-60-cm\/#breadcrumb","itemListElement":[{"@type":"ListItem","position":1,"name":"Home","item":"https:\/\/happyinaknit.com\/lt\/"},{"@type":"ListItem","position":2,"name":"Parduotuv\u0117","item":"https:\/\/happyinaknit.com\/lt\/parduotuve\/"},{"@type":"ListItem","position":3,"name":"KnitPro Nova Cubics metaliniai kvadratiniai virbalai su valu 40 cm \/ 60 cm"}]},{"@type":"WebSite","@id":"https:\/\/happyinaknit.com\/lt\/#website","url":"https:\/\/happyinaknit.com\/lt\/","name":"Happyinaknit.com","description":"","potentialAction":[{"@type":"SearchAction","target":{"@type":"EntryPoint","urlTemplate":"https:\/\/happyinaknit.com\/lt\/?s={search_term_string}"},"query-input":{"@type":"PropertyValueSpecification","valueRequired":true,"valueName":"search_term_string"}}],"inLanguage":"ru-RU"}]}},"_links":{"self":[{"href":"https:\/\/happyinaknit.com\/ru\/wp-json\/wp\/v2\/product\/6579","targetHints":{"allow":["GET"]}}],"collection":[{"href":"https:\/\/happyinaknit.com\/ru\/wp-json\/wp\/v2\/product"}],"about":[{"href":"https:\/\/happyinaknit.com\/ru\/wp-json\/wp\/v2\/types\/product"}],"replies":[{"embeddable":true,"href":"https:\/\/happyinaknit.com\/ru\/wp-json\/wp\/v2\/comments?post=6579"}],"wp:featuredmedia":[{"embeddable":true,"href":"https:\/\/happyinaknit.com\/ru\/wp-json\/wp\/v2\/media\/6591"}],"wp:attachment":[{"href":"https:\/\/happyinaknit.com\/ru\/wp-json\/wp\/v2\/media?parent=6579"}],"wp:term":[{"taxonomy":"product_brand","embeddable":true,"href":"https:\/\/happyinaknit.com\/ru\/wp-json\/wp\/v2\/product_brand?post=6579"},{"taxonomy":"product_cat","embeddable":true,"href":"https:\/\/happyinaknit.com\/ru\/wp-json\/wp\/v2\/product_cat?post=6579"},{"taxonomy":"product_tag","embeddable":true,"href":"https:\/\/happyinaknit.com\/ru\/wp-json\/wp\/v2\/product_tag?post=6579"},{"taxonomy":"pro-kategorijos","embeddable":true,"href":"https:\/\/happyinaknit.com\/ru\/wp-json\/wp\/v2\/pro-kategorijos?post=6579"}],"curies":[{"name":"wp","href":"https:\/\/api.w.org\/{rel}","templated":true}]}}