{"id":6561,"date":"2025-10-19T14:57:38","date_gmt":"2025-10-19T14:57:38","guid":{"rendered":"https:\/\/happyinaknit.com\/?post_type=product&#038;p=6561"},"modified":"2025-10-19T14:57:39","modified_gmt":"2025-10-19T14:57:39","slug":"knitpro-smartstix-aliumininiai-virbalai-su-valu-80-cm","status":"publish","type":"product","link":"https:\/\/happyinaknit.com\/ru\/product\/knitpro-smartstix-aliumininiai-virbalai-su-valu-80-cm\/","title":{"rendered":"KnitPro SmartStix \u0430\u043b\u044e\u043c\u0438\u043d\u0438\u0435\u0432\u044b\u0435 \u0441\u043f\u0438\u0446\u044b \u043d\u0430 \u043b\u0435\u0441\u043a\u0435 80 \u0441\u043c"},"content":{"rendered":"<p>\u0413\u0435\u043d\u0438\u0430\u043b\u044c\u043d\u044b\u0435 <b>KnitPro SmartStix<\/b> \u0441\u043f\u0438\u0446\u044b \u043d\u0430 \u043b\u0435\u0441\u043a\u0435\u2013 \u0438\u043d\u0441\u0442\u0440\u0443\u043c\u0435\u043d\u0442 \u0434\u043b\u044f \u0432\u044f\u0437\u0430\u043d\u0438\u044f \u0438 \u043b\u0438\u043d\u0435\u0439\u043a\u0430 \u0432 \u043e\u0434\u043d\u043e\u043c! \u041d\u0430  \u043b\u0435\u0441\u043a\u0435 \u0438  \u0441\u043f\u0438\u0446\u0435 \u043d\u0430\u043d\u0435\u0441\u0435\u043d\u0430 <b>\u0438\u0437\u043c\u0435\u0440\u0438\u0442\u0435\u043b\u044c\u043d\u0430\u044f \u043b\u0435\u043d\u0442\u0430 \u043a\u0430\u0436\u0434\u044b\u0435 2 \u0441\u043c<\/b>, \u043f\u043e\u044d\u0442\u043e\u043c\u0443 \u0432\u044b \u043c\u043e\u0436\u0435\u0442\u0435 \u043b\u0435\u0433\u043a\u043e \u0438\u0437\u043c\u0435\u0440\u0438\u0442\u044c \u0442\u0440\u0438\u043a\u043e\u0442\u0430\u0436\u043d\u043e\u0435 \u0438\u0437\u0434\u0435\u043b\u0438\u0435 \u0432\u043e \u0432\u0440\u0435\u043c\u044f \u0440\u0430\u0431\u043e\u0442\u044b \u2014 \u0431\u0435\u0437 \u0438\u0441\u043f\u043e\u043b\u044c\u0437\u043e\u0432\u0430\u043d\u0438\u044f \u0434\u043e\u043f\u043e\u043b\u043d\u0438\u0442\u0435\u043b\u044c\u043d\u044b\u0445 \u0438\u043d\u0441\u0442\u0440\u0443\u043c\u0435\u043d\u0442\u043e\u0432.<\/p>\n<p>\u0421\u0434\u0435\u043b\u0430\u043d\u044b \u0438\u0437 <b>\u0432\u044b\u0441\u043e\u043a\u043e\u043a\u0430\u0447\u0435\u0441\u0442\u0432\u0435\u043d\u043d\u044b\u0439 \u0430\u043b\u044e\u043c\u0438\u043d\u0438\u0439<\/b>, \u044d\u0442\u0438 \u0441\u043f\u0438\u0446\u044b <b>\u043b\u0435\u0433\u043a\u0438\u0435, \u043f\u0440\u043e\u0447\u043d\u044b\u0435<\/b> \u0438 \u0438\u043c\u0435\u0442\u044c <b>\u043e\u0441\u043e\u0431\u0435\u043d\u043d\u043e \u0433\u043b\u0430\u0434\u043a\u0430\u044f \u043f\u043e\u0432\u0435\u0440\u0445\u043d\u043e\u0441\u0442\u044c<\/b>, \u043e\u0431\u0435\u0441\u043f\u0435\u0447\u0438\u0432\u0430\u044f \u043f\u043b\u0430\u0432\u043d\u043e\u0435 \u0441\u043a\u043e\u043b\u044c\u0436\u0435\u043d\u0438\u0435 \u043f\u0440\u044f\u0436\u0438. \u0418\u0434\u0435\u0430\u043b\u044c\u043d\u043e \u043f\u043e\u0434\u0445\u043e\u0434\u0438\u0442 \u043a\u0430\u043a \u0434\u043b\u044f \u043d\u0430\u0447\u0438\u043d\u0430\u044e\u0449\u0438\u0445, \u0442\u0430\u043a \u0438 \u0434\u043b\u044f \u043e\u043f\u044b\u0442\u043d\u044b\u0445 \u0432\u044f\u0437\u0430\u043b\u044c\u0449\u0438\u0446, \u0446\u0435\u043d\u044f\u0449\u0438\u0445 \u0444\u0443\u043d\u043a\u0446\u0438\u043e\u043d\u0430\u043b\u044c\u043d\u043e\u0441\u0442\u044c \u0438 \u0442\u043e\u0447\u043d\u043e\u0441\u0442\u044c.<\/p>\n<p>\u0421\u0434\u0435\u043b\u0430\u043d\u043e \u0432 \u0418\u043d\u0434\u0438\u0438.<\/p>\n<p><b>\u041c\u0430\u0442\u0435\u0440\u0438\u0430\u043b:<\/b> \u0430\u043b\u044e\u043c\u0438\u043d\u0438\u0439<\/p>\n<p><b>\u0424\u0443\u043d\u043a\u0446\u0438\u0438:<\/b><b><\/b><\/p>\n<p>\u2022\u043e\u0442\u043c\u0435\u0447\u0435\u043d\u043d\u0430\u044f \u043a\u0430\u043b\u0438\u0431\u0440\u043e\u0432\u043a\u0430 \u043a\u0430\u0436\u0434\u044b\u0435 2 \u0441\u043c (\u043d\u0430 \u0441\u043f\u0438\u0446\u0435  \u0438 \u043b\u0435\u0441\u043a\u0435)<\/p>\n<p>\u2022\u043b\u0435\u0433\u043a\u0438\u0435 \u0438 \u043f\u0440\u043e\u0447\u043d\u044b\u0435<\/p>\n<p>\u2022\u0433\u043b\u0430\u0434\u043a\u0430\u044f \u043f\u043e\u0432\u0435\u0440\u0445\u043d\u043e\u0441\u0442\u044c<\/p>\n<p>\u2022\u044f\u0440\u043a\u0438\u0439, \u0441\u043e\u0432\u0440\u0435\u043c\u0435\u043d\u043d\u044b\u0439 \u0434\u0438\u0437\u0430\u0439\u043d<\/p>\n<p><b>\u041b\u0435\u0441\u043a\u0430:<\/b> \u0433\u0438\u0431\u043a\u0430\u044f \u043f\u043b\u0430\u0441\u0442\u0438\u043a\u043e\u0432\u0430\u044f<\/p>\n<p><b>\u041f\u043e\u0434\u0445\u043e\u0434\u0438\u0442 \u0434\u043b\u044f:<\/b> \u0434\u043b\u044f \u0432\u0441\u0435\u0445 \u0432\u044f\u0437\u0430\u043b\u044c\u043d\u044b\u0445 \u043f\u0440\u043e\u0435\u043a\u0442\u043e\u0432, \u043a\u043e\u0433\u0434\u0430 \u0432\u044b \u0445\u043e\u0442\u0438\u0442\u0435 \u0438\u0437\u043c\u0435\u0440\u044f\u0442\u044c \u043f\u043e \u0445\u043e\u0434\u0443 \u0434\u0435\u043b\u0430<\/p>\n<p><b>\u041f\u0440\u0438\u043c\u0435\u0447\u0430\u043d\u0438\u0435:<\/b> \u0426\u0432\u0435\u0442\u043e\u0432\u044b\u0435 \u043e\u0442\u0442\u0435\u043d\u043a\u0438 \u043c\u043e\u0433\u0443\u0442 \u043d\u0435\u0437\u043d\u0430\u0447\u0438\u0442\u0435\u043b\u044c\u043d\u043e \u043e\u0442\u043b\u0438\u0447\u0430\u0442\u044c\u0441\u044f \u0432 \u0437\u0430\u0432\u0438\u0441\u0438\u043c\u043e\u0441\u0442\u0438 \u043e\u0442 \u044d\u043a\u0440\u0430\u043d\u0430 \u0432\u0430\u0448\u0435\u0433\u043e \u0443\u0441\u0442\u0440\u043e\u0439\u0441\u0442\u0432\u0430.<\/p>","protected":false},"excerpt":{"rendered":"<p>I\u0161radingieji KnitPro SmartStix virbalai su valu \u2013 tai mezgimo \u012frankis ir liniuot\u0117 viename! Ant virbal\u0173 ir valo pa\u017eym\u0117ta matuokl\u0117 kas 2 cm, tod\u0117l galite lengvai matuoti mezgin\u012f tiesiog darbo metu \u2013 be papildom\u0173 priemoni\u0173. Pagaminti i\u0161 auk\u0161tos kokyb\u0117s aliuminio, \u0161ie virbalai yra lengvi, tvirti ir turi ypa\u010d lyg\u0173 pavir\u0161i\u0173, leid\u017eiant\u012f si\u016blams slysti tolygiai. Puikiai tinka [&hellip;]<\/p>\n","protected":false},"featured_media":6562,"comment_status":"open","ping_status":"closed","template":"","meta":{"_acf_changed":false},"product_brand":[1069],"product_cat":[15,19,862],"product_tag":[],"pro-kategorijos":[],"class_list":{"0":"post-6561","1":"product","2":"type-product","3":"status-publish","4":"has-post-thumbnail","6":"product_brand-knitpro","7":"product_cat-visi-produktai","8":"product_cat-mezgimo-priemones","9":"product_cat-virbalai-su-valu","11":"first","12":"instock","13":"shipping-taxable","14":"purchasable","15":"product-type-variable"},"acf":[],"yoast_head":"<!-- This site is optimized with the Yoast SEO plugin v26.8 - https:\/\/yoast.com\/product\/yoast-seo-wordpress\/ -->\n<title>KnitPro SmartStix Aliumininiai Virbalai Su Valu 80 cm - Happyinaknit.com<\/title>\n<meta name=\"robots\" content=\"index, follow, max-snippet:-1, max-image-preview:large, max-video-preview:-1\" \/>\n<link rel=\"canonical\" href=\"https:\/\/happyinaknit.com\/ru\/product\/knitpro-smartstix-aliumininiai-virbalai-su-valu-80-cm\/\" \/>\n<meta property=\"og:locale\" content=\"ru_RU\" \/>\n<meta property=\"og:type\" content=\"article\" \/>\n<meta property=\"og:title\" content=\"KnitPro SmartStix Aliumininiai Virbalai Su Valu 80 cm - Happyinaknit.com\" \/>\n<meta property=\"og:description\" content=\"I\u0161radingieji KnitPro SmartStix virbalai su valu \u2013 tai mezgimo \u012frankis ir liniuot\u0117 viename! Ant virbal\u0173 ir valo pa\u017eym\u0117ta matuokl\u0117 kas 2 cm, tod\u0117l galite lengvai matuoti mezgin\u012f tiesiog darbo metu \u2013 be papildom\u0173 priemoni\u0173. Pagaminti i\u0161 auk\u0161tos kokyb\u0117s aliuminio, \u0161ie virbalai yra lengvi, tvirti ir turi ypa\u010d lyg\u0173 pavir\u0161i\u0173, leid\u017eiant\u012f si\u016blams slysti tolygiai. Puikiai tinka [&hellip;]\" \/>\n<meta property=\"og:url\" content=\"https:\/\/happyinaknit.com\/ru\/product\/knitpro-smartstix-aliumininiai-virbalai-su-valu-80-cm\/\" \/>\n<meta property=\"og:site_name\" content=\"Happyinaknit.com\" \/>\n<meta property=\"article:modified_time\" content=\"2025-10-19T14:57:39+00:00\" \/>\n<meta property=\"og:image\" content=\"https:\/\/happyinaknit.com\/wp-content\/uploads\/2025\/10\/knitpro-smartstix-rundstricknadel-80cm-4187_0.jpg\" \/>\n\t<meta property=\"og:image:width\" content=\"650\" \/>\n\t<meta property=\"og:image:height\" content=\"650\" \/>\n\t<meta property=\"og:image:type\" content=\"image\/jpeg\" \/>\n<meta name=\"twitter:card\" content=\"summary_large_image\" \/>\n<meta name=\"twitter:label1\" content=\"\u041f\u0440\u0438\u043c\u0435\u0440\u043d\u043e\u0435 \u0432\u0440\u0435\u043c\u044f \u0434\u043b\u044f \u0447\u0442\u0435\u043d\u0438\u044f\" \/>\n\t<meta name=\"twitter:data1\" content=\"1 \u043c\u0438\u043d\u0443\u0442\u0430\" \/>\n<script type=\"application\/ld+json\" class=\"yoast-schema-graph\">{\"@context\":\"https:\/\/schema.org\",\"@graph\":[{\"@type\":\"WebPage\",\"@id\":\"https:\/\/happyinaknit.com\/produktas\/knitpro-smartstix-aliumininiai-virbalai-su-valu-80-cm\/\",\"url\":\"https:\/\/happyinaknit.com\/produktas\/knitpro-smartstix-aliumininiai-virbalai-su-valu-80-cm\/\",\"name\":\"KnitPro SmartStix Aliumininiai Virbalai Su Valu 80 cm - Happyinaknit.com\",\"isPartOf\":{\"@id\":\"https:\/\/happyinaknit.com\/lt\/#website\"},\"primaryImageOfPage\":{\"@id\":\"https:\/\/happyinaknit.com\/produktas\/knitpro-smartstix-aliumininiai-virbalai-su-valu-80-cm\/#primaryimage\"},\"image\":{\"@id\":\"https:\/\/happyinaknit.com\/produktas\/knitpro-smartstix-aliumininiai-virbalai-su-valu-80-cm\/#primaryimage\"},\"thumbnailUrl\":\"https:\/\/happyinaknit.com\/wp-content\/uploads\/2025\/10\/knitpro-smartstix-rundstricknadel-80cm-4187_0.jpg\",\"datePublished\":\"2025-10-19T14:57:38+00:00\",\"dateModified\":\"2025-10-19T14:57:39+00:00\",\"breadcrumb\":{\"@id\":\"https:\/\/happyinaknit.com\/produktas\/knitpro-smartstix-aliumininiai-virbalai-su-valu-80-cm\/#breadcrumb\"},\"inLanguage\":\"ru-RU\",\"potentialAction\":[{\"@type\":\"ReadAction\",\"target\":[\"https:\/\/happyinaknit.com\/produktas\/knitpro-smartstix-aliumininiai-virbalai-su-valu-80-cm\/\"]}]},{\"@type\":\"ImageObject\",\"inLanguage\":\"ru-RU\",\"@id\":\"https:\/\/happyinaknit.com\/produktas\/knitpro-smartstix-aliumininiai-virbalai-su-valu-80-cm\/#primaryimage\",\"url\":\"https:\/\/happyinaknit.com\/wp-content\/uploads\/2025\/10\/knitpro-smartstix-rundstricknadel-80cm-4187_0.jpg\",\"contentUrl\":\"https:\/\/happyinaknit.com\/wp-content\/uploads\/2025\/10\/knitpro-smartstix-rundstricknadel-80cm-4187_0.jpg\",\"width\":650,\"height\":650},{\"@type\":\"BreadcrumbList\",\"@id\":\"https:\/\/happyinaknit.com\/produktas\/knitpro-smartstix-aliumininiai-virbalai-su-valu-80-cm\/#breadcrumb\",\"itemListElement\":[{\"@type\":\"ListItem\",\"position\":1,\"name\":\"Home\",\"item\":\"https:\/\/happyinaknit.com\/lt\/\"},{\"@type\":\"ListItem\",\"position\":2,\"name\":\"Parduotuv\u0117\",\"item\":\"https:\/\/happyinaknit.com\/lt\/parduotuve\/\"},{\"@type\":\"ListItem\",\"position\":3,\"name\":\"KnitPro SmartStix Aliumininiai Virbalai Su Valu 80 cm\"}]},{\"@type\":\"WebSite\",\"@id\":\"https:\/\/happyinaknit.com\/lt\/#website\",\"url\":\"https:\/\/happyinaknit.com\/lt\/\",\"name\":\"Happyinaknit.com\",\"description\":\"\",\"potentialAction\":[{\"@type\":\"SearchAction\",\"target\":{\"@type\":\"EntryPoint\",\"urlTemplate\":\"https:\/\/happyinaknit.com\/lt\/?s={search_term_string}\"},\"query-input\":{\"@type\":\"PropertyValueSpecification\",\"valueRequired\":true,\"valueName\":\"search_term_string\"}}],\"inLanguage\":\"ru-RU\"}]}<\/script>\n<!-- \/ Yoast SEO plugin. -->","yoast_head_json":{"title":"KnitPro SmartStix Aliumininiai Virbalai Su Valu 80 cm - Happyinaknit.com","robots":{"index":"index","follow":"follow","max-snippet":"max-snippet:-1","max-image-preview":"max-image-preview:large","max-video-preview":"max-video-preview:-1"},"canonical":"https:\/\/happyinaknit.com\/ru\/product\/knitpro-smartstix-aliumininiai-virbalai-su-valu-80-cm\/","og_locale":"ru_RU","og_type":"article","og_title":"KnitPro SmartStix Aliumininiai Virbalai Su Valu 80 cm - Happyinaknit.com","og_description":"I\u0161radingieji KnitPro SmartStix virbalai su valu \u2013 tai mezgimo \u012frankis ir liniuot\u0117 viename! Ant virbal\u0173 ir valo pa\u017eym\u0117ta matuokl\u0117 kas 2 cm, tod\u0117l galite lengvai matuoti mezgin\u012f tiesiog darbo metu \u2013 be papildom\u0173 priemoni\u0173. Pagaminti i\u0161 auk\u0161tos kokyb\u0117s aliuminio, \u0161ie virbalai yra lengvi, tvirti ir turi ypa\u010d lyg\u0173 pavir\u0161i\u0173, leid\u017eiant\u012f si\u016blams slysti tolygiai. Puikiai tinka [&hellip;]","og_url":"https:\/\/happyinaknit.com\/ru\/product\/knitpro-smartstix-aliumininiai-virbalai-su-valu-80-cm\/","og_site_name":"Happyinaknit.com","article_modified_time":"2025-10-19T14:57:39+00:00","og_image":[{"width":650,"height":650,"url":"https:\/\/happyinaknit.com\/wp-content\/uploads\/2025\/10\/knitpro-smartstix-rundstricknadel-80cm-4187_0.jpg","type":"image\/jpeg"}],"twitter_card":"summary_large_image","twitter_misc":{"\u041f\u0440\u0438\u043c\u0435\u0440\u043d\u043e\u0435 \u0432\u0440\u0435\u043c\u044f \u0434\u043b\u044f \u0447\u0442\u0435\u043d\u0438\u044f":"1 \u043c\u0438\u043d\u0443\u0442\u0430"},"schema":{"@context":"https:\/\/schema.org","@graph":[{"@type":"WebPage","@id":"https:\/\/happyinaknit.com\/produktas\/knitpro-smartstix-aliumininiai-virbalai-su-valu-80-cm\/","url":"https:\/\/happyinaknit.com\/produktas\/knitpro-smartstix-aliumininiai-virbalai-su-valu-80-cm\/","name":"KnitPro SmartStix Aliumininiai Virbalai Su Valu 80 cm - Happyinaknit.com","isPartOf":{"@id":"https:\/\/happyinaknit.com\/lt\/#website"},"primaryImageOfPage":{"@id":"https:\/\/happyinaknit.com\/produktas\/knitpro-smartstix-aliumininiai-virbalai-su-valu-80-cm\/#primaryimage"},"image":{"@id":"https:\/\/happyinaknit.com\/produktas\/knitpro-smartstix-aliumininiai-virbalai-su-valu-80-cm\/#primaryimage"},"thumbnailUrl":"https:\/\/happyinaknit.com\/wp-content\/uploads\/2025\/10\/knitpro-smartstix-rundstricknadel-80cm-4187_0.jpg","datePublished":"2025-10-19T14:57:38+00:00","dateModified":"2025-10-19T14:57:39+00:00","breadcrumb":{"@id":"https:\/\/happyinaknit.com\/produktas\/knitpro-smartstix-aliumininiai-virbalai-su-valu-80-cm\/#breadcrumb"},"inLanguage":"ru-RU","potentialAction":[{"@type":"ReadAction","target":["https:\/\/happyinaknit.com\/produktas\/knitpro-smartstix-aliumininiai-virbalai-su-valu-80-cm\/"]}]},{"@type":"ImageObject","inLanguage":"ru-RU","@id":"https:\/\/happyinaknit.com\/produktas\/knitpro-smartstix-aliumininiai-virbalai-su-valu-80-cm\/#primaryimage","url":"https:\/\/happyinaknit.com\/wp-content\/uploads\/2025\/10\/knitpro-smartstix-rundstricknadel-80cm-4187_0.jpg","contentUrl":"https:\/\/happyinaknit.com\/wp-content\/uploads\/2025\/10\/knitpro-smartstix-rundstricknadel-80cm-4187_0.jpg","width":650,"height":650},{"@type":"BreadcrumbList","@id":"https:\/\/happyinaknit.com\/produktas\/knitpro-smartstix-aliumininiai-virbalai-su-valu-80-cm\/#breadcrumb","itemListElement":[{"@type":"ListItem","position":1,"name":"Home","item":"https:\/\/happyinaknit.com\/lt\/"},{"@type":"ListItem","position":2,"name":"Parduotuv\u0117","item":"https:\/\/happyinaknit.com\/lt\/parduotuve\/"},{"@type":"ListItem","position":3,"name":"KnitPro SmartStix Aliumininiai Virbalai Su Valu 80 cm"}]},{"@type":"WebSite","@id":"https:\/\/happyinaknit.com\/lt\/#website","url":"https:\/\/happyinaknit.com\/lt\/","name":"Happyinaknit.com","description":"","potentialAction":[{"@type":"SearchAction","target":{"@type":"EntryPoint","urlTemplate":"https:\/\/happyinaknit.com\/lt\/?s={search_term_string}"},"query-input":{"@type":"PropertyValueSpecification","valueRequired":true,"valueName":"search_term_string"}}],"inLanguage":"ru-RU"}]}},"_links":{"self":[{"href":"https:\/\/happyinaknit.com\/ru\/wp-json\/wp\/v2\/product\/6561","targetHints":{"allow":["GET"]}}],"collection":[{"href":"https:\/\/happyinaknit.com\/ru\/wp-json\/wp\/v2\/product"}],"about":[{"href":"https:\/\/happyinaknit.com\/ru\/wp-json\/wp\/v2\/types\/product"}],"replies":[{"embeddable":true,"href":"https:\/\/happyinaknit.com\/ru\/wp-json\/wp\/v2\/comments?post=6561"}],"wp:featuredmedia":[{"embeddable":true,"href":"https:\/\/happyinaknit.com\/ru\/wp-json\/wp\/v2\/media\/6562"}],"wp:attachment":[{"href":"https:\/\/happyinaknit.com\/ru\/wp-json\/wp\/v2\/media?parent=6561"}],"wp:term":[{"taxonomy":"product_brand","embeddable":true,"href":"https:\/\/happyinaknit.com\/ru\/wp-json\/wp\/v2\/product_brand?post=6561"},{"taxonomy":"product_cat","embeddable":true,"href":"https:\/\/happyinaknit.com\/ru\/wp-json\/wp\/v2\/product_cat?post=6561"},{"taxonomy":"product_tag","embeddable":true,"href":"https:\/\/happyinaknit.com\/ru\/wp-json\/wp\/v2\/product_tag?post=6561"},{"taxonomy":"pro-kategorijos","embeddable":true,"href":"https:\/\/happyinaknit.com\/ru\/wp-json\/wp\/v2\/pro-kategorijos?post=6561"}],"curies":[{"name":"wp","href":"https:\/\/api.w.org\/{rel}","templated":true}]}}