{"id":6536,"date":"2025-10-19T14:46:15","date_gmt":"2025-10-19T14:46:15","guid":{"rendered":"https:\/\/happyinaknit.com\/?post_type=product&#038;p=6536"},"modified":"2025-10-28T13:40:01","modified_gmt":"2025-10-28T13:40:01","slug":"knitpro-symfonie-mediniai-virbalai-su-valu-40-cm-60-cm","status":"publish","type":"product","link":"https:\/\/happyinaknit.com\/ru\/product\/knitpro-symfonie-mediniai-virbalai-su-valu-40-cm-60-cm\/","title":{"rendered":"\u0414\u0435\u0440\u0435\u0432\u044f\u043d\u043d\u044b\u0435 \u0441\u043f\u0438\u0446\u044b KnitPro Symfonie \u043d\u0430 \u043b\u0435\u0441\u043a\u0435 40 \u0441\u043c \/ 60 \u0441\u043c"},"content":{"rendered":"<p>\u041d\u0430\u0442\u0443\u0440\u0430\u043b\u044c\u043d\u044b\u0435 \u0438 \u044d\u043b\u0435\u0433\u0430\u043d\u0442\u043d\u044b\u0435 <b>KnitPro Symfonie<\/b> \u0434\u0435\u0440\u0435\u0432\u044f\u043d\u043d\u044b\u0435 \u0441\u043f\u0438\u0446\u044b \u043d\u0430 \u043b\u0435\u0441\u043a\u0435 \u2014 \u043e\u0442\u043b\u0438\u0447\u043d\u044b\u0439 \u0432\u044b\u0431\u043e\u0440 \u0434\u043b\u044f \u0442\u0435\u0445, \u043a\u0442\u043e \u0446\u0435\u043d\u0438\u0442 \u043a\u043e\u043c\u0444\u043e\u0440\u0442, \u043c\u044f\u0433\u043a\u043e\u0441\u0442\u044c \u0438 \u0433\u0430\u0440\u043c\u043e\u043d\u0438\u0447\u043d\u044b\u0439 \u0440\u0438\u0442\u043c \u0432\u044f\u0437\u0430\u043d\u0438\u044f. \u0418\u0437\u0433\u043e\u0442\u043e\u0432\u043b\u0435\u043d\u044b \u0438\u0437 <b>\u0432\u044b\u0441\u043e\u043a\u043e\u043a\u0430\u0447\u0435\u0441\u0442\u0432\u0435\u043d\u043d\u043e\u0439 \u0431\u0435\u0440\u0435\u0437\u044b<\/b>, \u044d\u0442\u0438 \u0441\u043f\u0438\u0446\u044b <b>\u0442\u0435\u043f\u043b\u044b\u0435, \u043b\u0435\u0433\u043a\u0438\u0435 \u0438 \u043f\u0440\u0438\u044f\u0442\u043d\u044b\u0435 \u043d\u0430 \u043e\u0449\u0443\u043f\u044c<\/b>, \u0438 \u0442\u0449\u0430\u0442\u0435\u043b\u044c\u043d\u043e \u043e\u0442\u043f\u043e\u043b\u0438\u0440\u043e\u0432\u0430\u043d\u043d\u0430\u044f \u043f\u043e\u0432\u0435\u0440\u0445\u043d\u043e\u0441\u0442\u044c \u043f\u043e\u0437\u0432\u043e\u043b\u044f\u0435\u0442 \u043f\u0440\u044f\u0436\u0435 \u0441\u043a\u043e\u043b\u044c\u0437\u0438\u0442\u044c \u043f\u043b\u0430\u0432\u043d\u043e.<\/p>\n<p>\u0418\u0434\u0435\u0430\u043b\u044c\u043d\u043e \u043f\u043e\u0434\u0445\u043e\u0434\u0438\u0442 \u0434\u043b\u044f \u0448\u0430\u043f\u043e\u043a, \u0440\u0443\u043a\u0430\u0432\u043e\u0432, \u0434\u0435\u0442\u0441\u043a\u043e\u0439 \u043e\u0434\u0435\u0436\u0434\u044b \u0438 \u0434\u0440\u0443\u0433\u0438\u0445 \u043d\u0435\u0431\u043e\u043b\u044c\u0448\u0438\u0445 \u043f\u0440\u043e\u0435\u043a\u0442\u043e\u0432.<\/p>\n<p>\u0421\u0434\u0435\u043b\u0430\u043d\u043e \u0432 \u0418\u043d\u0434\u0438\u0438.<\/p>\n<p><b>\u041c\u0430\u0442\u0435\u0440\u0438\u0430\u043b:<\/b> \u0431\u0435\u0440\u0435\u0437\u0430<\/p>\n<p><b>\u041e\u0431\u0449\u0430\u044f \u0434\u043b\u0438\u043d\u0430:<\/b> 40\u0441\u043c \u0438 60\u0441\u043c<\/p>\n<p><b>\u041b\u0435\u0441\u043a\u0430:<\/b> \u0433\u0438\u0431\u043a\u0430\u044f \u043f\u043b\u0430\u0441\u0442\u0438\u043a\u043e\u0432\u0430\u044f<\/p>\n<p><b>\u041f\u0440\u0438\u043c\u0435\u0447\u0430\u043d\u0438\u0435:<\/b> \u0426\u0432\u0435\u0442\u043e\u0432\u044b\u0435 \u043e\u0442\u0442\u0435\u043d\u043a\u0438 \u043c\u043e\u0433\u0443\u0442 \u043d\u0435\u0437\u043d\u0430\u0447\u0438\u0442\u0435\u043b\u044c\u043d\u043e \u043e\u0442\u043b\u0438\u0447\u0430\u0442\u044c\u0441\u044f \u0432 \u0437\u0430\u0432\u0438\u0441\u0438\u043c\u043e\u0441\u0442\u0438 \u043e\u0442 \u044d\u043a\u0440\u0430\u043d\u0430 \u0432\u0430\u0448\u0435\u0433\u043e \u0443\u0441\u0442\u0440\u043e\u0439\u0441\u0442\u0432\u0430.<\/p>","protected":false},"excerpt":{"rendered":"<p>Nat\u016bral\u016bs ir eleganti\u0161ki KnitPro Symfonie mediniai virbalai su valu \u2013 tai puikus pasirinkimas tiems, kurie vertina komfort\u0105, \u0161veln\u0173 prisilietim\u0105 ir harmoning\u0105 mezgimo ritm\u0105. Pagaminti i\u0161 auk\u0161tos kokyb\u0117s ber\u017eo medienos, \u0161ie virbalai yra \u0161ilti, lengvi ir malon\u016bs rankai, o kruop\u0161\u010diai nu\u0161lifuotas pavir\u0161ius leid\u017eia si\u016blams slysti skland\u017eiai. Puikiai tinka kepur\u0117ms, rankov\u0117ms, vaik\u0173 drabu\u017e\u0117liams ir kitiems smulkesniems projektams. [&hellip;]<\/p>\n","protected":false},"featured_media":6537,"comment_status":"open","ping_status":"closed","template":"","meta":{"_acf_changed":false},"product_brand":[1069],"product_cat":[15,19,862],"product_tag":[],"pro-kategorijos":[],"class_list":{"0":"post-6536","1":"product","2":"type-product","3":"status-publish","4":"has-post-thumbnail","6":"product_brand-knitpro","7":"product_cat-visi-produktai","8":"product_cat-mezgimo-priemones","9":"product_cat-virbalai-su-valu","11":"first","12":"instock","13":"shipping-taxable","14":"purchasable","15":"product-type-variable"},"acf":[],"yoast_head":"<!-- This site is optimized with the Yoast SEO plugin v26.8 - https:\/\/yoast.com\/product\/yoast-seo-wordpress\/ -->\n<title>KnitPro Symfonie Mediniai Virbalai Su Valu 40 cm \/ 60 cm - Happyinaknit.com<\/title>\n<meta name=\"robots\" content=\"index, follow, max-snippet:-1, max-image-preview:large, max-video-preview:-1\" \/>\n<link rel=\"canonical\" href=\"https:\/\/happyinaknit.com\/ru\/product\/knitpro-symfonie-mediniai-virbalai-su-valu-40-cm-60-cm\/\" \/>\n<meta property=\"og:locale\" content=\"ru_RU\" \/>\n<meta property=\"og:type\" content=\"article\" \/>\n<meta property=\"og:title\" content=\"KnitPro Symfonie Mediniai Virbalai Su Valu 40 cm \/ 60 cm - Happyinaknit.com\" \/>\n<meta property=\"og:description\" content=\"Nat\u016bral\u016bs ir eleganti\u0161ki KnitPro Symfonie mediniai virbalai su valu \u2013 tai puikus pasirinkimas tiems, kurie vertina komfort\u0105, \u0161veln\u0173 prisilietim\u0105 ir harmoning\u0105 mezgimo ritm\u0105. Pagaminti i\u0161 auk\u0161tos kokyb\u0117s ber\u017eo medienos, \u0161ie virbalai yra \u0161ilti, lengvi ir malon\u016bs rankai, o kruop\u0161\u010diai nu\u0161lifuotas pavir\u0161ius leid\u017eia si\u016blams slysti skland\u017eiai. Puikiai tinka kepur\u0117ms, rankov\u0117ms, vaik\u0173 drabu\u017e\u0117liams ir kitiems smulkesniems projektams. [&hellip;]\" \/>\n<meta property=\"og:url\" content=\"https:\/\/happyinaknit.com\/ru\/product\/knitpro-symfonie-mediniai-virbalai-su-valu-40-cm-60-cm\/\" \/>\n<meta property=\"og:site_name\" content=\"Happyinaknit.com\" \/>\n<meta property=\"article:modified_time\" content=\"2025-10-28T13:40:01+00:00\" \/>\n<meta property=\"og:image\" content=\"https:\/\/happyinaknit.com\/wp-content\/uploads\/2025\/10\/233914369-scaled.webp\" \/>\n\t<meta property=\"og:image:width\" content=\"2560\" \/>\n\t<meta property=\"og:image:height\" content=\"2560\" \/>\n\t<meta property=\"og:image:type\" content=\"image\/webp\" \/>\n<meta name=\"twitter:card\" content=\"summary_large_image\" \/>\n<script type=\"application\/ld+json\" class=\"yoast-schema-graph\">{\"@context\":\"https:\/\/schema.org\",\"@graph\":[{\"@type\":\"WebPage\",\"@id\":\"https:\/\/happyinaknit.com\/produktas\/knitpro-symfonie-mediniai-virbalai-su-valu-40-cm-60-cm\/\",\"url\":\"https:\/\/happyinaknit.com\/produktas\/knitpro-symfonie-mediniai-virbalai-su-valu-40-cm-60-cm\/\",\"name\":\"KnitPro Symfonie Mediniai Virbalai Su Valu 40 cm \/ 60 cm - Happyinaknit.com\",\"isPartOf\":{\"@id\":\"https:\/\/happyinaknit.com\/lt\/#website\"},\"primaryImageOfPage\":{\"@id\":\"https:\/\/happyinaknit.com\/produktas\/knitpro-symfonie-mediniai-virbalai-su-valu-40-cm-60-cm\/#primaryimage\"},\"image\":{\"@id\":\"https:\/\/happyinaknit.com\/produktas\/knitpro-symfonie-mediniai-virbalai-su-valu-40-cm-60-cm\/#primaryimage\"},\"thumbnailUrl\":\"https:\/\/happyinaknit.com\/wp-content\/uploads\/2025\/10\/233914369-scaled.webp\",\"datePublished\":\"2025-10-19T14:46:15+00:00\",\"dateModified\":\"2025-10-28T13:40:01+00:00\",\"breadcrumb\":{\"@id\":\"https:\/\/happyinaknit.com\/produktas\/knitpro-symfonie-mediniai-virbalai-su-valu-40-cm-60-cm\/#breadcrumb\"},\"inLanguage\":\"ru-RU\",\"potentialAction\":[{\"@type\":\"ReadAction\",\"target\":[\"https:\/\/happyinaknit.com\/produktas\/knitpro-symfonie-mediniai-virbalai-su-valu-40-cm-60-cm\/\"]}]},{\"@type\":\"ImageObject\",\"inLanguage\":\"ru-RU\",\"@id\":\"https:\/\/happyinaknit.com\/produktas\/knitpro-symfonie-mediniai-virbalai-su-valu-40-cm-60-cm\/#primaryimage\",\"url\":\"https:\/\/happyinaknit.com\/wp-content\/uploads\/2025\/10\/233914369-scaled.webp\",\"contentUrl\":\"https:\/\/happyinaknit.com\/wp-content\/uploads\/2025\/10\/233914369-scaled.webp\",\"width\":2560,\"height\":2560},{\"@type\":\"BreadcrumbList\",\"@id\":\"https:\/\/happyinaknit.com\/produktas\/knitpro-symfonie-mediniai-virbalai-su-valu-40-cm-60-cm\/#breadcrumb\",\"itemListElement\":[{\"@type\":\"ListItem\",\"position\":1,\"name\":\"Home\",\"item\":\"https:\/\/happyinaknit.com\/lt\/\"},{\"@type\":\"ListItem\",\"position\":2,\"name\":\"Parduotuv\u0117\",\"item\":\"https:\/\/happyinaknit.com\/lt\/parduotuve\/\"},{\"@type\":\"ListItem\",\"position\":3,\"name\":\"KnitPro Symfonie Mediniai Virbalai Su Valu 40 cm \/ 60 cm\"}]},{\"@type\":\"WebSite\",\"@id\":\"https:\/\/happyinaknit.com\/lt\/#website\",\"url\":\"https:\/\/happyinaknit.com\/lt\/\",\"name\":\"Happyinaknit.com\",\"description\":\"\",\"potentialAction\":[{\"@type\":\"SearchAction\",\"target\":{\"@type\":\"EntryPoint\",\"urlTemplate\":\"https:\/\/happyinaknit.com\/lt\/?s={search_term_string}\"},\"query-input\":{\"@type\":\"PropertyValueSpecification\",\"valueRequired\":true,\"valueName\":\"search_term_string\"}}],\"inLanguage\":\"ru-RU\"}]}<\/script>\n<!-- \/ Yoast SEO plugin. -->","yoast_head_json":{"title":"KnitPro Symfonie Mediniai Virbalai Su Valu 40 cm \/ 60 cm - Happyinaknit.com","robots":{"index":"index","follow":"follow","max-snippet":"max-snippet:-1","max-image-preview":"max-image-preview:large","max-video-preview":"max-video-preview:-1"},"canonical":"https:\/\/happyinaknit.com\/ru\/product\/knitpro-symfonie-mediniai-virbalai-su-valu-40-cm-60-cm\/","og_locale":"ru_RU","og_type":"article","og_title":"KnitPro Symfonie Mediniai Virbalai Su Valu 40 cm \/ 60 cm - Happyinaknit.com","og_description":"Nat\u016bral\u016bs ir eleganti\u0161ki KnitPro Symfonie mediniai virbalai su valu \u2013 tai puikus pasirinkimas tiems, kurie vertina komfort\u0105, \u0161veln\u0173 prisilietim\u0105 ir harmoning\u0105 mezgimo ritm\u0105. Pagaminti i\u0161 auk\u0161tos kokyb\u0117s ber\u017eo medienos, \u0161ie virbalai yra \u0161ilti, lengvi ir malon\u016bs rankai, o kruop\u0161\u010diai nu\u0161lifuotas pavir\u0161ius leid\u017eia si\u016blams slysti skland\u017eiai. Puikiai tinka kepur\u0117ms, rankov\u0117ms, vaik\u0173 drabu\u017e\u0117liams ir kitiems smulkesniems projektams. [&hellip;]","og_url":"https:\/\/happyinaknit.com\/ru\/product\/knitpro-symfonie-mediniai-virbalai-su-valu-40-cm-60-cm\/","og_site_name":"Happyinaknit.com","article_modified_time":"2025-10-28T13:40:01+00:00","og_image":[{"width":2560,"height":2560,"url":"https:\/\/happyinaknit.com\/wp-content\/uploads\/2025\/10\/233914369-scaled.webp","type":"image\/webp"}],"twitter_card":"summary_large_image","schema":{"@context":"https:\/\/schema.org","@graph":[{"@type":"WebPage","@id":"https:\/\/happyinaknit.com\/produktas\/knitpro-symfonie-mediniai-virbalai-su-valu-40-cm-60-cm\/","url":"https:\/\/happyinaknit.com\/produktas\/knitpro-symfonie-mediniai-virbalai-su-valu-40-cm-60-cm\/","name":"KnitPro Symfonie Mediniai Virbalai Su Valu 40 cm \/ 60 cm - Happyinaknit.com","isPartOf":{"@id":"https:\/\/happyinaknit.com\/lt\/#website"},"primaryImageOfPage":{"@id":"https:\/\/happyinaknit.com\/produktas\/knitpro-symfonie-mediniai-virbalai-su-valu-40-cm-60-cm\/#primaryimage"},"image":{"@id":"https:\/\/happyinaknit.com\/produktas\/knitpro-symfonie-mediniai-virbalai-su-valu-40-cm-60-cm\/#primaryimage"},"thumbnailUrl":"https:\/\/happyinaknit.com\/wp-content\/uploads\/2025\/10\/233914369-scaled.webp","datePublished":"2025-10-19T14:46:15+00:00","dateModified":"2025-10-28T13:40:01+00:00","breadcrumb":{"@id":"https:\/\/happyinaknit.com\/produktas\/knitpro-symfonie-mediniai-virbalai-su-valu-40-cm-60-cm\/#breadcrumb"},"inLanguage":"ru-RU","potentialAction":[{"@type":"ReadAction","target":["https:\/\/happyinaknit.com\/produktas\/knitpro-symfonie-mediniai-virbalai-su-valu-40-cm-60-cm\/"]}]},{"@type":"ImageObject","inLanguage":"ru-RU","@id":"https:\/\/happyinaknit.com\/produktas\/knitpro-symfonie-mediniai-virbalai-su-valu-40-cm-60-cm\/#primaryimage","url":"https:\/\/happyinaknit.com\/wp-content\/uploads\/2025\/10\/233914369-scaled.webp","contentUrl":"https:\/\/happyinaknit.com\/wp-content\/uploads\/2025\/10\/233914369-scaled.webp","width":2560,"height":2560},{"@type":"BreadcrumbList","@id":"https:\/\/happyinaknit.com\/produktas\/knitpro-symfonie-mediniai-virbalai-su-valu-40-cm-60-cm\/#breadcrumb","itemListElement":[{"@type":"ListItem","position":1,"name":"Home","item":"https:\/\/happyinaknit.com\/lt\/"},{"@type":"ListItem","position":2,"name":"Parduotuv\u0117","item":"https:\/\/happyinaknit.com\/lt\/parduotuve\/"},{"@type":"ListItem","position":3,"name":"KnitPro Symfonie Mediniai Virbalai Su Valu 40 cm \/ 60 cm"}]},{"@type":"WebSite","@id":"https:\/\/happyinaknit.com\/lt\/#website","url":"https:\/\/happyinaknit.com\/lt\/","name":"Happyinaknit.com","description":"","potentialAction":[{"@type":"SearchAction","target":{"@type":"EntryPoint","urlTemplate":"https:\/\/happyinaknit.com\/lt\/?s={search_term_string}"},"query-input":{"@type":"PropertyValueSpecification","valueRequired":true,"valueName":"search_term_string"}}],"inLanguage":"ru-RU"}]}},"_links":{"self":[{"href":"https:\/\/happyinaknit.com\/ru\/wp-json\/wp\/v2\/product\/6536","targetHints":{"allow":["GET"]}}],"collection":[{"href":"https:\/\/happyinaknit.com\/ru\/wp-json\/wp\/v2\/product"}],"about":[{"href":"https:\/\/happyinaknit.com\/ru\/wp-json\/wp\/v2\/types\/product"}],"replies":[{"embeddable":true,"href":"https:\/\/happyinaknit.com\/ru\/wp-json\/wp\/v2\/comments?post=6536"}],"wp:featuredmedia":[{"embeddable":true,"href":"https:\/\/happyinaknit.com\/ru\/wp-json\/wp\/v2\/media\/6537"}],"wp:attachment":[{"href":"https:\/\/happyinaknit.com\/ru\/wp-json\/wp\/v2\/media?parent=6536"}],"wp:term":[{"taxonomy":"product_brand","embeddable":true,"href":"https:\/\/happyinaknit.com\/ru\/wp-json\/wp\/v2\/product_brand?post=6536"},{"taxonomy":"product_cat","embeddable":true,"href":"https:\/\/happyinaknit.com\/ru\/wp-json\/wp\/v2\/product_cat?post=6536"},{"taxonomy":"product_tag","embeddable":true,"href":"https:\/\/happyinaknit.com\/ru\/wp-json\/wp\/v2\/product_tag?post=6536"},{"taxonomy":"pro-kategorijos","embeddable":true,"href":"https:\/\/happyinaknit.com\/ru\/wp-json\/wp\/v2\/pro-kategorijos?post=6536"}],"curies":[{"name":"wp","href":"https:\/\/api.w.org\/{rel}","templated":true}]}}