{"id":6530,"date":"2025-10-19T14:38:39","date_gmt":"2025-10-19T14:38:39","guid":{"rendered":"https:\/\/happyinaknit.com\/?post_type=product&#038;p=6530"},"modified":"2026-01-15T14:33:10","modified_gmt":"2026-01-15T14:33:10","slug":"knitpro-symfonie-kojininiai-mediniai-virbalai-15-cm","status":"publish","type":"product","link":"https:\/\/happyinaknit.com\/ru\/product\/knitpro-symfonie-kojininiai-mediniai-virbalai-15-cm\/","title":{"rendered":"KnitPro Symfonie \u0434\u0435\u0440\u0435\u0432\u044f\u043d\u043d\u044b\u0435 \u0447\u0443\u043b\u043e\u0447\u043d\u044b\u0435 \u0441\u043f\u0438\u0446\u044b  15 \u0441\u043c"},"content":{"rendered":"<p>\u0412\u044b\u0441\u043e\u043a\u043e\u043a\u0430\u0447\u0435\u0441\u0442\u0432\u0435\u043d\u043d\u044b\u0439 <b>KnitPro Symfonie<\/b> \u0434\u0435\u0440\u0435\u0432\u044f\u043d\u043d\u044b\u0435 \u0441\u043f\u0438\u0446\u044b \u2014 \u043e\u0442\u043b\u0438\u0447\u043d\u044b\u0439 \u0432\u044b\u0431\u043e\u0440 \u0434\u043b\u044f \u0432\u044f\u0437\u0430\u043d\u0438\u044f: <b>\u043d\u043e\u0441\u043a\u043e\u0432, \u043f\u0435\u0440\u0447\u0430\u0442\u043e\u043a, \u0448\u0430\u043f\u043e\u043a \u0438\u043b\u0438 \u0434\u0440\u0443\u0433\u0438\u0445 \u043c\u0435\u043b\u043a\u0438\u0445 \u043f\u0440\u0435\u0434\u043c\u0435\u0442\u043e\u0432.<\/b>\u0412 \u043a\u043e\u043c\u043f\u043b\u0435\u043a\u0442 \u0432\u0445\u043e\u0434\u0438\u0442: <b>5 \u0441\u043f\u0438\u0446<\/b>, \u0438\u0437\u0433\u043e\u0442\u043e\u0432\u043b\u0435\u043d\u043d\u044b\u0445 \u0438\u0437 \u0442\u0449\u0430\u0442\u0435\u043b\u044c\u043d\u043e \u043e\u0442\u043f\u043e\u043b\u0438\u0440\u043e\u0432\u0430\u043d\u043d\u043e\u0439 <b>\u0431\u0435\u0440\u0435\u0437\u044b<\/b>, \u043a\u043e\u0442\u043e\u0440\u044b\u0435  \u043b\u0435\u0433\u043a\u0438\u0435 \u0438 \u043f\u0440\u0438\u044f\u0442\u043d\u044b\u0435 \u043d\u0430 \u043e\u0449\u0443\u043f\u044c.<\/p>\n<p>\u042d\u0442\u0438 \u0441\u043f\u0438\u0446\u044b \u043e\u0431\u0435\u0441\u043f\u0435\u0447\u0438\u0432\u0430\u044e\u0442 \u043f\u043b\u0430\u0432\u043d\u043e\u0435 \u0441\u043a\u043e\u043b\u044c\u0436\u0435\u043d\u0438\u0435 \u043f\u0440\u044f\u0436\u0438, \u043d\u043e \u043d\u0435 \u043f\u043e\u0437\u0432\u043e\u043b\u044f\u044e\u0442 \u0435\u0439 \u0441\u043e\u0441\u043a\u0430\u043b\u044c\u0437\u044b\u0432\u0430\u0442\u044c \u0441\u043b\u0438\u0448\u043a\u043e\u043c \u0431\u044b\u0441\u0442\u0440\u043e \u2014 \u043f\u043e\u044d\u0442\u043e\u043c\u0443 \u0432\u044f\u0437\u0430\u043d\u0438\u0435 \u043e\u0441\u0442\u0430\u0435\u0442\u0441\u044f \u0440\u043e\u0432\u043d\u044b\u043c \u0438 \u043a\u043e\u043c\u0444\u043e\u0440\u0442\u043d\u044b\u043c \u0434\u0430\u0436\u0435 \u0432 \u0442\u0435\u0447\u0435\u043d\u0438\u0435 \u0434\u043b\u0438\u0442\u0435\u043b\u044c\u043d\u043e\u0433\u043e \u043f\u0435\u0440\u0438\u043e\u0434\u0430 \u0432\u0440\u0435\u043c\u0435\u043d\u0438.<\/p>\n<p>\u0421\u0434\u0435\u043b\u0430\u043d\u043e \u0432 \u0418\u043d\u0434\u0438\u0438.<\/p>\n<p><b>\u041c\u0430\u0442\u0435\u0440\u0438\u0430\u043b:<\/b> \u0431\u0435\u0440\u0435\u0437\u0430<\/p>\n<p><b>\u0414\u043b\u0438\u043d\u0430 \u0438\u0433\u043b\u044b:<\/b> 15 \u0441\u043c<\/p>\n<p><b>\u041a\u043e\u043b\u0438\u0447\u0435\u0441\u0442\u0432\u043e \u0432 \u043d\u0430\u0431\u043e\u0440\u0435:<\/b> 5 \u0441\u043f\u0438\u0446<\/p>\n<p><b>\u0424\u0443\u043d\u043a\u0446\u0438\u0438:<\/b> \u043b\u0435\u0433\u043a\u0438\u0435, \u043d\u0430\u0442\u0443\u0440\u0430\u043b\u044c\u043d\u044b\u0435, \u0433\u043b\u0430\u0434\u043a\u043e \u043e\u0442\u043f\u043e\u043b\u0438\u0440\u043e\u0432\u0430\u043d\u043d\u044b<\/p>\n<p><b>\u041f\u0440\u0438\u043c\u0435\u0447\u0430\u043d\u0438\u0435:<\/b> \u0426\u0432\u0435\u0442\u043e\u0432\u044b\u0435 \u043e\u0442\u0442\u0435\u043d\u043a\u0438 \u043c\u043e\u0433\u0443\u0442 \u043d\u0435\u0437\u043d\u0430\u0447\u0438\u0442\u0435\u043b\u044c\u043d\u043e \u043e\u0442\u043b\u0438\u0447\u0430\u0442\u044c\u0441\u044f \u0432 \u0437\u0430\u0432\u0438\u0441\u0438\u043c\u043e\u0441\u0442\u0438 \u043e\u0442 \u044d\u043a\u0440\u0430\u043d\u0430 \u0432\u0430\u0448\u0435\u0433\u043e \u0443\u0441\u0442\u0440\u043e\u0439\u0441\u0442\u0432\u0430.<\/p>","protected":false},"excerpt":{"rendered":"<p>Auk\u0161tos kokyb\u0117s KnitPro Symfonie mediniai virbalai \u2013 puikus pasirinkimas mezgant kojines, pir\u0161tines, kepures ar kitus ma\u017eos apimties gaminius. Rinkinyje yra 5 virbalai, pagaminti i\u0161 kruop\u0161\u010diai nu\u0161lifuoto ber\u017eo med\u017eio, kuris yra \u0161iltas, lengvas ir malonus rankai. \u0160ie virbalai u\u017etikrina skland\u0173 si\u016bl\u0173 slydim\u0105, ta\u010diau neleid\u017eia jiems slysti per greitai \u2013 tod\u0117l mezgimas i\u0161lieka tolygus ir patogus net [&hellip;]<\/p>\n","protected":false},"featured_media":6531,"comment_status":"open","ping_status":"closed","template":"","meta":{"_acf_changed":false},"product_brand":[1069],"product_cat":[15,19,865],"product_tag":[],"pro-kategorijos":[],"class_list":{"0":"post-6530","1":"product","2":"type-product","3":"status-publish","4":"has-post-thumbnail","6":"product_brand-knitpro","7":"product_cat-visi-produktai","8":"product_cat-mezgimo-priemones","9":"product_cat-virbalai-kojinems","11":"first","12":"instock","13":"shipping-taxable","14":"purchasable","15":"product-type-variable"},"acf":[],"yoast_head":"<!-- This site is optimized with the Yoast SEO plugin v26.8 - https:\/\/yoast.com\/product\/yoast-seo-wordpress\/ -->\n<title>KnitPro Symfonie Kojininiai Mediniai Virbalai 15 cm - Happyinaknit.com<\/title>\n<meta name=\"robots\" content=\"index, follow, max-snippet:-1, max-image-preview:large, max-video-preview:-1\" \/>\n<link rel=\"canonical\" href=\"https:\/\/happyinaknit.com\/ru\/product\/knitpro-symfonie-kojininiai-mediniai-virbalai-15-cm\/\" \/>\n<meta property=\"og:locale\" content=\"ru_RU\" \/>\n<meta property=\"og:type\" content=\"article\" \/>\n<meta property=\"og:title\" content=\"KnitPro Symfonie Kojininiai Mediniai Virbalai 15 cm - Happyinaknit.com\" \/>\n<meta property=\"og:description\" content=\"Auk\u0161tos kokyb\u0117s KnitPro Symfonie mediniai virbalai \u2013 puikus pasirinkimas mezgant kojines, pir\u0161tines, kepures ar kitus ma\u017eos apimties gaminius. Rinkinyje yra 5 virbalai, pagaminti i\u0161 kruop\u0161\u010diai nu\u0161lifuoto ber\u017eo med\u017eio, kuris yra \u0161iltas, lengvas ir malonus rankai. \u0160ie virbalai u\u017etikrina skland\u0173 si\u016bl\u0173 slydim\u0105, ta\u010diau neleid\u017eia jiems slysti per greitai \u2013 tod\u0117l mezgimas i\u0161lieka tolygus ir patogus net [&hellip;]\" \/>\n<meta property=\"og:url\" content=\"https:\/\/happyinaknit.com\/ru\/product\/knitpro-symfonie-kojininiai-mediniai-virbalai-15-cm\/\" \/>\n<meta property=\"og:site_name\" content=\"Happyinaknit.com\" \/>\n<meta property=\"article:modified_time\" content=\"2026-01-15T14:33:10+00:00\" \/>\n<meta property=\"og:image\" content=\"https:\/\/happyinaknit.com\/wp-content\/uploads\/2025\/10\/1573751396.jpg\" \/>\n\t<meta property=\"og:image:width\" content=\"1200\" \/>\n\t<meta property=\"og:image:height\" content=\"1200\" \/>\n\t<meta property=\"og:image:type\" content=\"image\/jpeg\" \/>\n<meta name=\"twitter:card\" content=\"summary_large_image\" \/>\n<meta name=\"twitter:label1\" content=\"\u041f\u0440\u0438\u043c\u0435\u0440\u043d\u043e\u0435 \u0432\u0440\u0435\u043c\u044f \u0434\u043b\u044f \u0447\u0442\u0435\u043d\u0438\u044f\" \/>\n\t<meta name=\"twitter:data1\" content=\"1 \u043c\u0438\u043d\u0443\u0442\u0430\" \/>\n<script type=\"application\/ld+json\" class=\"yoast-schema-graph\">{\"@context\":\"https:\/\/schema.org\",\"@graph\":[{\"@type\":\"WebPage\",\"@id\":\"https:\/\/happyinaknit.com\/produktas\/knitpro-symfonie-kojininiai-mediniai-virbalai-15-cm\/\",\"url\":\"https:\/\/happyinaknit.com\/produktas\/knitpro-symfonie-kojininiai-mediniai-virbalai-15-cm\/\",\"name\":\"KnitPro Symfonie Kojininiai Mediniai Virbalai 15 cm - Happyinaknit.com\",\"isPartOf\":{\"@id\":\"https:\/\/happyinaknit.com\/lt\/#website\"},\"primaryImageOfPage\":{\"@id\":\"https:\/\/happyinaknit.com\/produktas\/knitpro-symfonie-kojininiai-mediniai-virbalai-15-cm\/#primaryimage\"},\"image\":{\"@id\":\"https:\/\/happyinaknit.com\/produktas\/knitpro-symfonie-kojininiai-mediniai-virbalai-15-cm\/#primaryimage\"},\"thumbnailUrl\":\"https:\/\/happyinaknit.com\/wp-content\/uploads\/2025\/10\/1573751396.jpg\",\"datePublished\":\"2025-10-19T14:38:39+00:00\",\"dateModified\":\"2026-01-15T14:33:10+00:00\",\"breadcrumb\":{\"@id\":\"https:\/\/happyinaknit.com\/produktas\/knitpro-symfonie-kojininiai-mediniai-virbalai-15-cm\/#breadcrumb\"},\"inLanguage\":\"ru-RU\",\"potentialAction\":[{\"@type\":\"ReadAction\",\"target\":[\"https:\/\/happyinaknit.com\/produktas\/knitpro-symfonie-kojininiai-mediniai-virbalai-15-cm\/\"]}]},{\"@type\":\"ImageObject\",\"inLanguage\":\"ru-RU\",\"@id\":\"https:\/\/happyinaknit.com\/produktas\/knitpro-symfonie-kojininiai-mediniai-virbalai-15-cm\/#primaryimage\",\"url\":\"https:\/\/happyinaknit.com\/wp-content\/uploads\/2025\/10\/1573751396.jpg\",\"contentUrl\":\"https:\/\/happyinaknit.com\/wp-content\/uploads\/2025\/10\/1573751396.jpg\",\"width\":1200,\"height\":1200},{\"@type\":\"BreadcrumbList\",\"@id\":\"https:\/\/happyinaknit.com\/produktas\/knitpro-symfonie-kojininiai-mediniai-virbalai-15-cm\/#breadcrumb\",\"itemListElement\":[{\"@type\":\"ListItem\",\"position\":1,\"name\":\"Home\",\"item\":\"https:\/\/happyinaknit.com\/lt\/\"},{\"@type\":\"ListItem\",\"position\":2,\"name\":\"Parduotuv\u0117\",\"item\":\"https:\/\/happyinaknit.com\/lt\/parduotuve\/\"},{\"@type\":\"ListItem\",\"position\":3,\"name\":\"KnitPro Symfonie Kojininiai Mediniai Virbalai 15 cm\"}]},{\"@type\":\"WebSite\",\"@id\":\"https:\/\/happyinaknit.com\/lt\/#website\",\"url\":\"https:\/\/happyinaknit.com\/lt\/\",\"name\":\"Happyinaknit.com\",\"description\":\"\",\"potentialAction\":[{\"@type\":\"SearchAction\",\"target\":{\"@type\":\"EntryPoint\",\"urlTemplate\":\"https:\/\/happyinaknit.com\/lt\/?s={search_term_string}\"},\"query-input\":{\"@type\":\"PropertyValueSpecification\",\"valueRequired\":true,\"valueName\":\"search_term_string\"}}],\"inLanguage\":\"ru-RU\"}]}<\/script>\n<!-- \/ Yoast SEO plugin. -->","yoast_head_json":{"title":"KnitPro Symfonie Kojininiai Mediniai Virbalai 15 cm - Happyinaknit.com","robots":{"index":"index","follow":"follow","max-snippet":"max-snippet:-1","max-image-preview":"max-image-preview:large","max-video-preview":"max-video-preview:-1"},"canonical":"https:\/\/happyinaknit.com\/ru\/product\/knitpro-symfonie-kojininiai-mediniai-virbalai-15-cm\/","og_locale":"ru_RU","og_type":"article","og_title":"KnitPro Symfonie Kojininiai Mediniai Virbalai 15 cm - Happyinaknit.com","og_description":"Auk\u0161tos kokyb\u0117s KnitPro Symfonie mediniai virbalai \u2013 puikus pasirinkimas mezgant kojines, pir\u0161tines, kepures ar kitus ma\u017eos apimties gaminius. Rinkinyje yra 5 virbalai, pagaminti i\u0161 kruop\u0161\u010diai nu\u0161lifuoto ber\u017eo med\u017eio, kuris yra \u0161iltas, lengvas ir malonus rankai. \u0160ie virbalai u\u017etikrina skland\u0173 si\u016bl\u0173 slydim\u0105, ta\u010diau neleid\u017eia jiems slysti per greitai \u2013 tod\u0117l mezgimas i\u0161lieka tolygus ir patogus net [&hellip;]","og_url":"https:\/\/happyinaknit.com\/ru\/product\/knitpro-symfonie-kojininiai-mediniai-virbalai-15-cm\/","og_site_name":"Happyinaknit.com","article_modified_time":"2026-01-15T14:33:10+00:00","og_image":[{"width":1200,"height":1200,"url":"https:\/\/happyinaknit.com\/wp-content\/uploads\/2025\/10\/1573751396.jpg","type":"image\/jpeg"}],"twitter_card":"summary_large_image","twitter_misc":{"\u041f\u0440\u0438\u043c\u0435\u0440\u043d\u043e\u0435 \u0432\u0440\u0435\u043c\u044f \u0434\u043b\u044f \u0447\u0442\u0435\u043d\u0438\u044f":"1 \u043c\u0438\u043d\u0443\u0442\u0430"},"schema":{"@context":"https:\/\/schema.org","@graph":[{"@type":"WebPage","@id":"https:\/\/happyinaknit.com\/produktas\/knitpro-symfonie-kojininiai-mediniai-virbalai-15-cm\/","url":"https:\/\/happyinaknit.com\/produktas\/knitpro-symfonie-kojininiai-mediniai-virbalai-15-cm\/","name":"KnitPro Symfonie Kojininiai Mediniai Virbalai 15 cm - Happyinaknit.com","isPartOf":{"@id":"https:\/\/happyinaknit.com\/lt\/#website"},"primaryImageOfPage":{"@id":"https:\/\/happyinaknit.com\/produktas\/knitpro-symfonie-kojininiai-mediniai-virbalai-15-cm\/#primaryimage"},"image":{"@id":"https:\/\/happyinaknit.com\/produktas\/knitpro-symfonie-kojininiai-mediniai-virbalai-15-cm\/#primaryimage"},"thumbnailUrl":"https:\/\/happyinaknit.com\/wp-content\/uploads\/2025\/10\/1573751396.jpg","datePublished":"2025-10-19T14:38:39+00:00","dateModified":"2026-01-15T14:33:10+00:00","breadcrumb":{"@id":"https:\/\/happyinaknit.com\/produktas\/knitpro-symfonie-kojininiai-mediniai-virbalai-15-cm\/#breadcrumb"},"inLanguage":"ru-RU","potentialAction":[{"@type":"ReadAction","target":["https:\/\/happyinaknit.com\/produktas\/knitpro-symfonie-kojininiai-mediniai-virbalai-15-cm\/"]}]},{"@type":"ImageObject","inLanguage":"ru-RU","@id":"https:\/\/happyinaknit.com\/produktas\/knitpro-symfonie-kojininiai-mediniai-virbalai-15-cm\/#primaryimage","url":"https:\/\/happyinaknit.com\/wp-content\/uploads\/2025\/10\/1573751396.jpg","contentUrl":"https:\/\/happyinaknit.com\/wp-content\/uploads\/2025\/10\/1573751396.jpg","width":1200,"height":1200},{"@type":"BreadcrumbList","@id":"https:\/\/happyinaknit.com\/produktas\/knitpro-symfonie-kojininiai-mediniai-virbalai-15-cm\/#breadcrumb","itemListElement":[{"@type":"ListItem","position":1,"name":"Home","item":"https:\/\/happyinaknit.com\/lt\/"},{"@type":"ListItem","position":2,"name":"Parduotuv\u0117","item":"https:\/\/happyinaknit.com\/lt\/parduotuve\/"},{"@type":"ListItem","position":3,"name":"KnitPro Symfonie Kojininiai Mediniai Virbalai 15 cm"}]},{"@type":"WebSite","@id":"https:\/\/happyinaknit.com\/lt\/#website","url":"https:\/\/happyinaknit.com\/lt\/","name":"Happyinaknit.com","description":"","potentialAction":[{"@type":"SearchAction","target":{"@type":"EntryPoint","urlTemplate":"https:\/\/happyinaknit.com\/lt\/?s={search_term_string}"},"query-input":{"@type":"PropertyValueSpecification","valueRequired":true,"valueName":"search_term_string"}}],"inLanguage":"ru-RU"}]}},"_links":{"self":[{"href":"https:\/\/happyinaknit.com\/ru\/wp-json\/wp\/v2\/product\/6530","targetHints":{"allow":["GET"]}}],"collection":[{"href":"https:\/\/happyinaknit.com\/ru\/wp-json\/wp\/v2\/product"}],"about":[{"href":"https:\/\/happyinaknit.com\/ru\/wp-json\/wp\/v2\/types\/product"}],"replies":[{"embeddable":true,"href":"https:\/\/happyinaknit.com\/ru\/wp-json\/wp\/v2\/comments?post=6530"}],"wp:featuredmedia":[{"embeddable":true,"href":"https:\/\/happyinaknit.com\/ru\/wp-json\/wp\/v2\/media\/6531"}],"wp:attachment":[{"href":"https:\/\/happyinaknit.com\/ru\/wp-json\/wp\/v2\/media?parent=6530"}],"wp:term":[{"taxonomy":"product_brand","embeddable":true,"href":"https:\/\/happyinaknit.com\/ru\/wp-json\/wp\/v2\/product_brand?post=6530"},{"taxonomy":"product_cat","embeddable":true,"href":"https:\/\/happyinaknit.com\/ru\/wp-json\/wp\/v2\/product_cat?post=6530"},{"taxonomy":"product_tag","embeddable":true,"href":"https:\/\/happyinaknit.com\/ru\/wp-json\/wp\/v2\/product_tag?post=6530"},{"taxonomy":"pro-kategorijos","embeddable":true,"href":"https:\/\/happyinaknit.com\/ru\/wp-json\/wp\/v2\/pro-kategorijos?post=6530"}],"curies":[{"name":"wp","href":"https:\/\/api.w.org\/{rel}","templated":true}]}}