{"id":6509,"date":"2025-10-19T14:14:00","date_gmt":"2025-10-19T14:14:00","guid":{"rendered":"https:\/\/happyinaknit.com\/?post_type=product&#038;p=6509"},"modified":"2026-04-06T12:57:39","modified_gmt":"2026-04-06T12:57:39","slug":"addi-sockenwunder-virbalai-su-valu-25-cm","status":"publish","type":"product","link":"https:\/\/happyinaknit.com\/ru\/product\/addi-sockenwunder-virbalai-su-valu-25-cm\/","title":{"rendered":"Addi Sockenwunder \u0441\u043f\u0438\u0446\u044b \u043d\u0430  \u043b\u0435\u0441\u043a\u0435  25 \u0441\u043c"},"content":{"rendered":"<p>\u0418\u043d\u043d\u043e\u0432\u0430\u0446\u0438\u043e\u043d\u043d\u044b\u0435 \u0441\u043f\u0438\u0446\u044b <b>Addi Sockenwunder<\/b> \u2014 \u043d\u0430\u0441\u0442\u043e\u044f\u0449\u0430\u044f \u0440\u0435\u0432\u043e\u043b\u044e\u0446\u0438\u044f \u0432 \u0432\u044f\u0437\u0430\u043d\u0438\u0438 \u043d\u043e\u0441\u043a\u043e\u0432, \u043f\u0435\u0440\u0447\u0430\u0442\u043e\u043a \u0438\u043b\u0438 \u0440\u0443\u043a\u0430\u0432\u043e\u0432 \u043f\u043e \u043a\u0440\u0443\u0433\u0443! \u042d\u0442\u0438 \u0441\u043f\u0438\u0446\u044b \u0440\u0430\u0437\u0440\u0430\u0431\u043e\u0442\u0430\u043d\u044b \u0442\u0430\u043a\u0438\u043c \u043e\u0431\u0440\u0430\u0437\u043e\u043c, \u0447\u0442\u043e \u0441\u043f\u0438\u0446\u044b <b>\u0440\u0430\u0437\u043d\u043e\u0439 \u0434\u043b\u0438\u043d\u044b<\/b> \u2013 \u043e\u0434\u043d\u0430 \u043a\u043e\u0440\u043e\u0447\u0435 (4,5 \u0441\u043c), \u0434\u0440\u0443\u0433\u0430\u044f \u0434\u043b\u0438\u043d\u043d\u0435\u0435 (7 \u0441\u043c). \u0422\u0430\u043a\u043e\u0435 \u0441\u043e\u0447\u0435\u0442\u0430\u043d\u0438\u0435 \u043e\u0431\u0435\u0441\u043f\u0435\u0447\u0438\u0432\u0430\u0435\u0442 \u0431\u043e\u043b\u044c\u0448\u0438\u0439 \u043a\u043e\u043c\u0444\u043e\u0440\u0442 \u043f\u0440\u0438 \u0432\u044f\u0437\u0430\u043d\u0438\u0438 \u043d\u0435\u0431\u043e\u043b\u044c\u0448\u0438\u0445 \u043e\u0431\u044a\u0451\u043c\u043e\u0432, \u043f\u043e\u0441\u043a\u043e\u043b\u044c\u043a\u0443 \u043f\u043e\u0437\u0432\u043e\u043b\u044f\u0435\u0442 \u0434\u0435\u0440\u0436\u0430\u0442\u044c \u0441\u043f\u0438\u0446\u044b \u0435\u0441\u0442\u0435\u0441\u0442\u0432\u0435\u043d\u043d\u043e \u0438 \u0441\u043d\u0438\u0436\u0430\u0435\u0442 \u043d\u0430\u043f\u0440\u044f\u0436\u0435\u043d\u0438\u0435 \u0432 \u0440\u0443\u043a\u0430\u0445.<\/p>\n<p>\u041a\u0430\u043a \u0438 \u0432\u0441\u0435 \u043e\u0441\u0442\u0430\u043b\u044c\u043d\u044b\u0435 <b>Addi<\/b> \u0438\u043d\u0441\u0442\u0440\u0443\u043c\u0435\u043d\u0442\u044b, \u044d\u0442\u0438 \u0441\u043f\u0438\u0446\u044b \u0445\u0430\u0440\u0430\u043a\u0442\u0435\u0440\u0438\u0437\u0443\u044e\u0442\u0441\u044f <b>\u043e\u0441\u043e\u0431\u0435\u043d\u043d\u043e \u0433\u043b\u0430\u0434\u043a\u043e\u0439 \u043f\u043e\u0432\u0435\u0440\u0445\u043d\u043e\u0441\u0442\u044c\u044e<\/b>, <b>\u0438\u0434\u0435\u0430\u043b\u044c\u043d\u044b\u043c \u043f\u0435\u0440\u0435\u0445\u043e\u0434\u043e\u043c<\/b> \u043e\u0442 \u0441\u043f\u0438\u0446\u044b \u043a \u043b\u0435\u0441\u043a\u0435 \u0438 <b>\u0441 \u043f\u0440\u043e\u0447\u043d\u043e\u0439, \u0433\u0438\u0431\u043a\u043e\u0439 \u043b\u0435\u0441\u043a\u043e\u0439<\/b>, \u043a\u043e\u0442\u043e\u0440\u0430\u044f \u043d\u0435 \u0441\u043a\u0440\u0443\u0447\u0438\u0432\u0430\u0435\u0442\u0441\u044f  \u0438 \u043d\u0435 \u0440\u0430\u0441\u0442\u044f\u0433\u0438\u0432\u0430\u0435\u0442 \u0438\u0437\u0434\u0435\u043b\u0438\u0435.<\/p>\n<p>\u0421\u0434\u0435\u043b\u0430\u043d\u043e \u0432 \u0413\u0435\u0440\u043c\u0430\u043d\u0438\u0438.<\/p>\n<p><b>\u041c\u0430\u0442\u0435\u0440\u0438\u0430\u043b:<\/b> \u043b\u0430\u0442\u0443\u043d\u044c, \u043d\u0438\u043a\u0435\u043b\u0438\u0440\u043e\u0432\u0430\u043d\u043d\u0430\u044f<\/p>\n<p><b>\u0426\u0432\u0435\u0442:<\/b> \u0441\u0435\u0440\u0435\u0431\u0440\u0438\u0441\u0442\u044b\u0439 \u043c\u0435\u0442\u0430\u043b\u043b\u0438\u043a<\/p>\n<p><b>\u041e\u0431\u0449\u0430\u044f \u0434\u043b\u0438\u043d\u0430:<\/b> 25 \u0441\u043c<\/p>\n<p><b>\u0414\u043b\u0438\u043d\u0430 \u0438\u0433\u043b\u044b:<\/b> 4,5 \u0441\u043c (\u043a\u043e\u0440\u043e\u0447\u0435) \u0438 7 \u0441\u043c (\u0434\u043b\u0438\u043d\u043d\u0435\u0435)<\/p>\n<p><b>\u041b\u0435\u0441\u043a\u0430:<\/b> \u0433\u0438\u0431\u043a\u0430\u044f \u043f\u043b\u0430\u0441\u0442\u0438\u043a\u043e\u0432\u0430\u044f<\/p>\n<p><b>\u0424\u0443\u043d\u043a\u0446\u0438\u0438:<\/b> \u0447\u0440\u0435\u0437\u0432\u044b\u0447\u0430\u0439\u043d\u043e \u043f\u043b\u0430\u0432\u043d\u043e\u0435 \u0441\u043a\u043e\u043b\u044c\u0436\u0435\u043d\u0438\u0435, \u044d\u0440\u0433\u043e\u043d\u043e\u043c\u0438\u0447\u043d\u0430\u044f \u0444\u0438\u043a\u0441\u0430\u0446\u0438\u044f, \u043f\u043e\u0434\u0445\u043e\u0434\u0438\u0442 \u0434\u043b\u044f \u043d\u0435\u0431\u043e\u043b\u044c\u0448\u0438\u0445 \u043e\u0431\u044a\u0435\u043c\u043e\u0432 - \u043d\u043e\u0441\u043a\u043e\u0432, \u043f\u0435\u0440\u0447\u0430\u0442\u043e\u043a, \u0440\u0443\u043a\u0430\u0432\u043e\u0432<\/p>\n<p><b>\u041f\u0440\u0438\u043c\u0435\u0447\u0430\u043d\u0438\u0435:<\/b> \u0426\u0432\u0435\u0442\u043e\u0432\u044b\u0435 \u043e\u0442\u0442\u0435\u043d\u043a\u0438 \u043c\u043e\u0433\u0443\u0442 \u043d\u0435\u0437\u043d\u0430\u0447\u0438\u0442\u0435\u043b\u044c\u043d\u043e \u043e\u0442\u043b\u0438\u0447\u0430\u0442\u044c\u0441\u044f \u0432 \u0437\u0430\u0432\u0438\u0441\u0438\u043c\u043e\u0441\u0442\u0438 \u043e\u0442 \u044d\u043a\u0440\u0430\u043d\u0430 \u0432\u0430\u0448\u0435\u0433\u043e \u0443\u0441\u0442\u0440\u043e\u0439\u0441\u0442\u0432\u0430.<\/p>","protected":false},"excerpt":{"rendered":"<p>Inovatyv\u016bs Addi Sockenwunder virbalai su valu \u2013 tikra revoliucija mezgant kojines, pir\u0161tines ar rankoves ratu! \u0160ie virbalai sukurti taip, kad viena spygli\u0173 pora b\u016bt\u0173 skirtingo ilgio \u2013 viena trumpesn\u0117 (4,5 cm), kita ilgesn\u0117 (7 cm). Toks derinys suteikia didesn\u012f patogum\u0105 mezgant ma\u017eas apimtis, nes leid\u017eia nat\u016braliai laikyti virbalus ir suma\u017eina \u012ftamp\u0105 rankose. Kaip ir visi [&hellip;]<\/p>\n","protected":false},"featured_media":6512,"comment_status":"open","ping_status":"closed","template":"","meta":{"_acf_changed":false},"product_brand":[786],"product_cat":[15,19,865,862],"product_tag":[],"pro-kategorijos":[],"class_list":{"0":"post-6509","1":"product","2":"type-product","3":"status-publish","4":"has-post-thumbnail","6":"product_brand-addi","7":"product_cat-visi-produktai","8":"product_cat-mezgimo-priemones","9":"product_cat-virbalai-kojinems","10":"product_cat-virbalai-su-valu","12":"first","13":"instock","14":"shipping-taxable","15":"purchasable","16":"product-type-variable"},"acf":[],"yoast_head":"<!-- This site is optimized with the Yoast SEO plugin v26.8 - https:\/\/yoast.com\/product\/yoast-seo-wordpress\/ -->\n<title>Addi Sockenwunder virbalai su valu 25 cm - Happyinaknit.com<\/title>\n<meta name=\"robots\" content=\"index, follow, max-snippet:-1, max-image-preview:large, max-video-preview:-1\" \/>\n<link rel=\"canonical\" href=\"https:\/\/happyinaknit.com\/ru\/product\/addi-sockenwunder-virbalai-su-valu-25-cm\/\" \/>\n<meta property=\"og:locale\" content=\"ru_RU\" \/>\n<meta property=\"og:type\" content=\"article\" \/>\n<meta property=\"og:title\" content=\"Addi Sockenwunder virbalai su valu 25 cm - Happyinaknit.com\" \/>\n<meta property=\"og:description\" content=\"Inovatyv\u016bs Addi Sockenwunder virbalai su valu \u2013 tikra revoliucija mezgant kojines, pir\u0161tines ar rankoves ratu! \u0160ie virbalai sukurti taip, kad viena spygli\u0173 pora b\u016bt\u0173 skirtingo ilgio \u2013 viena trumpesn\u0117 (4,5 cm), kita ilgesn\u0117 (7 cm). Toks derinys suteikia didesn\u012f patogum\u0105 mezgant ma\u017eas apimtis, nes leid\u017eia nat\u016braliai laikyti virbalus ir suma\u017eina \u012ftamp\u0105 rankose. Kaip ir visi [&hellip;]\" \/>\n<meta property=\"og:url\" content=\"https:\/\/happyinaknit.com\/ru\/product\/addi-sockenwunder-virbalai-su-valu-25-cm\/\" \/>\n<meta property=\"og:site_name\" content=\"Happyinaknit.com\" \/>\n<meta property=\"article:modified_time\" content=\"2026-04-06T12:57:39+00:00\" \/>\n<meta property=\"og:image\" content=\"https:\/\/happyinaknit.com\/wp-content\/uploads\/2025\/10\/addi-sockwonder-2_1.jpg.webp\" \/>\n\t<meta property=\"og:image:width\" content=\"900\" \/>\n\t<meta property=\"og:image:height\" content=\"900\" \/>\n\t<meta property=\"og:image:type\" content=\"image\/webp\" \/>\n<meta name=\"twitter:card\" content=\"summary_large_image\" \/>\n<meta name=\"twitter:label1\" content=\"\u041f\u0440\u0438\u043c\u0435\u0440\u043d\u043e\u0435 \u0432\u0440\u0435\u043c\u044f \u0434\u043b\u044f \u0447\u0442\u0435\u043d\u0438\u044f\" \/>\n\t<meta name=\"twitter:data1\" content=\"1 \u043c\u0438\u043d\u0443\u0442\u0430\" \/>\n<script type=\"application\/ld+json\" class=\"yoast-schema-graph\">{\"@context\":\"https:\/\/schema.org\",\"@graph\":[{\"@type\":\"WebPage\",\"@id\":\"https:\/\/happyinaknit.com\/produktas\/addi-sockenwunder-virbalai-su-valu-25-cm\/\",\"url\":\"https:\/\/happyinaknit.com\/produktas\/addi-sockenwunder-virbalai-su-valu-25-cm\/\",\"name\":\"Addi Sockenwunder virbalai su valu 25 cm - Happyinaknit.com\",\"isPartOf\":{\"@id\":\"https:\/\/happyinaknit.com\/lt\/#website\"},\"primaryImageOfPage\":{\"@id\":\"https:\/\/happyinaknit.com\/produktas\/addi-sockenwunder-virbalai-su-valu-25-cm\/#primaryimage\"},\"image\":{\"@id\":\"https:\/\/happyinaknit.com\/produktas\/addi-sockenwunder-virbalai-su-valu-25-cm\/#primaryimage\"},\"thumbnailUrl\":\"https:\/\/happyinaknit.com\/wp-content\/uploads\/2025\/10\/addi-sockwonder-2_1.jpg.webp\",\"datePublished\":\"2025-10-19T14:14:00+00:00\",\"dateModified\":\"2026-04-06T12:57:39+00:00\",\"breadcrumb\":{\"@id\":\"https:\/\/happyinaknit.com\/produktas\/addi-sockenwunder-virbalai-su-valu-25-cm\/#breadcrumb\"},\"inLanguage\":\"ru-RU\",\"potentialAction\":[{\"@type\":\"ReadAction\",\"target\":[\"https:\/\/happyinaknit.com\/produktas\/addi-sockenwunder-virbalai-su-valu-25-cm\/\"]}]},{\"@type\":\"ImageObject\",\"inLanguage\":\"ru-RU\",\"@id\":\"https:\/\/happyinaknit.com\/produktas\/addi-sockenwunder-virbalai-su-valu-25-cm\/#primaryimage\",\"url\":\"https:\/\/happyinaknit.com\/wp-content\/uploads\/2025\/10\/addi-sockwonder-2_1.jpg.webp\",\"contentUrl\":\"https:\/\/happyinaknit.com\/wp-content\/uploads\/2025\/10\/addi-sockwonder-2_1.jpg.webp\",\"width\":900,\"height\":900},{\"@type\":\"BreadcrumbList\",\"@id\":\"https:\/\/happyinaknit.com\/produktas\/addi-sockenwunder-virbalai-su-valu-25-cm\/#breadcrumb\",\"itemListElement\":[{\"@type\":\"ListItem\",\"position\":1,\"name\":\"Home\",\"item\":\"https:\/\/happyinaknit.com\/lt\/\"},{\"@type\":\"ListItem\",\"position\":2,\"name\":\"Parduotuv\u0117\",\"item\":\"https:\/\/happyinaknit.com\/lt\/parduotuve\/\"},{\"@type\":\"ListItem\",\"position\":3,\"name\":\"Addi Sockenwunder virbalai su valu 25 cm\"}]},{\"@type\":\"WebSite\",\"@id\":\"https:\/\/happyinaknit.com\/lt\/#website\",\"url\":\"https:\/\/happyinaknit.com\/lt\/\",\"name\":\"Happyinaknit.com\",\"description\":\"\",\"potentialAction\":[{\"@type\":\"SearchAction\",\"target\":{\"@type\":\"EntryPoint\",\"urlTemplate\":\"https:\/\/happyinaknit.com\/lt\/?s={search_term_string}\"},\"query-input\":{\"@type\":\"PropertyValueSpecification\",\"valueRequired\":true,\"valueName\":\"search_term_string\"}}],\"inLanguage\":\"ru-RU\"}]}<\/script>\n<!-- \/ Yoast SEO plugin. -->","yoast_head_json":{"title":"Addi Sockenwunder virbalai su valu 25 cm - Happyinaknit.com","robots":{"index":"index","follow":"follow","max-snippet":"max-snippet:-1","max-image-preview":"max-image-preview:large","max-video-preview":"max-video-preview:-1"},"canonical":"https:\/\/happyinaknit.com\/ru\/product\/addi-sockenwunder-virbalai-su-valu-25-cm\/","og_locale":"ru_RU","og_type":"article","og_title":"Addi Sockenwunder virbalai su valu 25 cm - Happyinaknit.com","og_description":"Inovatyv\u016bs Addi Sockenwunder virbalai su valu \u2013 tikra revoliucija mezgant kojines, pir\u0161tines ar rankoves ratu! \u0160ie virbalai sukurti taip, kad viena spygli\u0173 pora b\u016bt\u0173 skirtingo ilgio \u2013 viena trumpesn\u0117 (4,5 cm), kita ilgesn\u0117 (7 cm). Toks derinys suteikia didesn\u012f patogum\u0105 mezgant ma\u017eas apimtis, nes leid\u017eia nat\u016braliai laikyti virbalus ir suma\u017eina \u012ftamp\u0105 rankose. Kaip ir visi [&hellip;]","og_url":"https:\/\/happyinaknit.com\/ru\/product\/addi-sockenwunder-virbalai-su-valu-25-cm\/","og_site_name":"Happyinaknit.com","article_modified_time":"2026-04-06T12:57:39+00:00","og_image":[{"width":900,"height":900,"url":"https:\/\/happyinaknit.com\/wp-content\/uploads\/2025\/10\/addi-sockwonder-2_1.jpg.webp","type":"image\/webp"}],"twitter_card":"summary_large_image","twitter_misc":{"\u041f\u0440\u0438\u043c\u0435\u0440\u043d\u043e\u0435 \u0432\u0440\u0435\u043c\u044f \u0434\u043b\u044f \u0447\u0442\u0435\u043d\u0438\u044f":"1 \u043c\u0438\u043d\u0443\u0442\u0430"},"schema":{"@context":"https:\/\/schema.org","@graph":[{"@type":"WebPage","@id":"https:\/\/happyinaknit.com\/produktas\/addi-sockenwunder-virbalai-su-valu-25-cm\/","url":"https:\/\/happyinaknit.com\/produktas\/addi-sockenwunder-virbalai-su-valu-25-cm\/","name":"Addi Sockenwunder virbalai su valu 25 cm - Happyinaknit.com","isPartOf":{"@id":"https:\/\/happyinaknit.com\/lt\/#website"},"primaryImageOfPage":{"@id":"https:\/\/happyinaknit.com\/produktas\/addi-sockenwunder-virbalai-su-valu-25-cm\/#primaryimage"},"image":{"@id":"https:\/\/happyinaknit.com\/produktas\/addi-sockenwunder-virbalai-su-valu-25-cm\/#primaryimage"},"thumbnailUrl":"https:\/\/happyinaknit.com\/wp-content\/uploads\/2025\/10\/addi-sockwonder-2_1.jpg.webp","datePublished":"2025-10-19T14:14:00+00:00","dateModified":"2026-04-06T12:57:39+00:00","breadcrumb":{"@id":"https:\/\/happyinaknit.com\/produktas\/addi-sockenwunder-virbalai-su-valu-25-cm\/#breadcrumb"},"inLanguage":"ru-RU","potentialAction":[{"@type":"ReadAction","target":["https:\/\/happyinaknit.com\/produktas\/addi-sockenwunder-virbalai-su-valu-25-cm\/"]}]},{"@type":"ImageObject","inLanguage":"ru-RU","@id":"https:\/\/happyinaknit.com\/produktas\/addi-sockenwunder-virbalai-su-valu-25-cm\/#primaryimage","url":"https:\/\/happyinaknit.com\/wp-content\/uploads\/2025\/10\/addi-sockwonder-2_1.jpg.webp","contentUrl":"https:\/\/happyinaknit.com\/wp-content\/uploads\/2025\/10\/addi-sockwonder-2_1.jpg.webp","width":900,"height":900},{"@type":"BreadcrumbList","@id":"https:\/\/happyinaknit.com\/produktas\/addi-sockenwunder-virbalai-su-valu-25-cm\/#breadcrumb","itemListElement":[{"@type":"ListItem","position":1,"name":"Home","item":"https:\/\/happyinaknit.com\/lt\/"},{"@type":"ListItem","position":2,"name":"Parduotuv\u0117","item":"https:\/\/happyinaknit.com\/lt\/parduotuve\/"},{"@type":"ListItem","position":3,"name":"Addi Sockenwunder virbalai su valu 25 cm"}]},{"@type":"WebSite","@id":"https:\/\/happyinaknit.com\/lt\/#website","url":"https:\/\/happyinaknit.com\/lt\/","name":"Happyinaknit.com","description":"","potentialAction":[{"@type":"SearchAction","target":{"@type":"EntryPoint","urlTemplate":"https:\/\/happyinaknit.com\/lt\/?s={search_term_string}"},"query-input":{"@type":"PropertyValueSpecification","valueRequired":true,"valueName":"search_term_string"}}],"inLanguage":"ru-RU"}]}},"_links":{"self":[{"href":"https:\/\/happyinaknit.com\/ru\/wp-json\/wp\/v2\/product\/6509","targetHints":{"allow":["GET"]}}],"collection":[{"href":"https:\/\/happyinaknit.com\/ru\/wp-json\/wp\/v2\/product"}],"about":[{"href":"https:\/\/happyinaknit.com\/ru\/wp-json\/wp\/v2\/types\/product"}],"replies":[{"embeddable":true,"href":"https:\/\/happyinaknit.com\/ru\/wp-json\/wp\/v2\/comments?post=6509"}],"wp:featuredmedia":[{"embeddable":true,"href":"https:\/\/happyinaknit.com\/ru\/wp-json\/wp\/v2\/media\/6512"}],"wp:attachment":[{"href":"https:\/\/happyinaknit.com\/ru\/wp-json\/wp\/v2\/media?parent=6509"}],"wp:term":[{"taxonomy":"product_brand","embeddable":true,"href":"https:\/\/happyinaknit.com\/ru\/wp-json\/wp\/v2\/product_brand?post=6509"},{"taxonomy":"product_cat","embeddable":true,"href":"https:\/\/happyinaknit.com\/ru\/wp-json\/wp\/v2\/product_cat?post=6509"},{"taxonomy":"product_tag","embeddable":true,"href":"https:\/\/happyinaknit.com\/ru\/wp-json\/wp\/v2\/product_tag?post=6509"},{"taxonomy":"pro-kategorijos","embeddable":true,"href":"https:\/\/happyinaknit.com\/ru\/wp-json\/wp\/v2\/pro-kategorijos?post=6509"}],"curies":[{"name":"wp","href":"https:\/\/api.w.org\/{rel}","templated":true}]}}