{"id":6482,"date":"2025-10-19T13:48:10","date_gmt":"2025-10-19T13:48:10","guid":{"rendered":"https:\/\/happyinaknit.com\/?post_type=product&#038;p=6482"},"modified":"2026-03-22T10:30:42","modified_gmt":"2026-03-22T10:30:42","slug":"addi-crasy-trio-virbalai-21-cm","status":"publish","type":"product","link":"https:\/\/happyinaknit.com\/ru\/product\/addi-crasy-trio-virbalai-21-cm\/","title":{"rendered":"Addi CraSy Trio \u0441\u043f\u0438\u0446\u044b 21 \u0441\u043c"},"content":{"rendered":"<p>\u0418\u043d\u043d\u043e\u0432\u0430\u0446\u0438\u043e\u043d\u043d\u044b\u0435 \u0441\u043f\u0438\u0446\u044b <b>Addi CraSy Trio<\/b> \u2013 \u044d\u0442\u043e \u043a\u0440\u0443\u0433\u043e\u0432\u044b\u0435 \u0441\u043f\u0438\u0446\u044b, \u043f\u0440\u0435\u0434\u043d\u0430\u0437\u043d\u0430\u0447\u0435\u043d\u043d\u044b\u0435 \u0434\u043b\u044f \u043c\u0430\u043a\u0441\u0438\u043c\u0430\u043b\u044c\u043d\u043e\u0433\u043e<span class=\"Apple-converted-space\"> \u00a0<\/span>\u0443\u0434\u043e\u0431\u0441\u0442\u0432\u0430 \u0432\u044f\u0437\u0430\u043d\u0438\u044f \u0438\u0437\u0434\u0435\u043b\u0438\u0439 \u043d\u0435\u0431\u043e\u043b\u044c\u0448\u043e\u0433\u043e \u0434\u0438\u0430\u043c\u0435\u0442\u0440\u0430, \u0442\u0430\u043a\u0438\u0445 \u043a\u0430\u043a \u043d\u043e\u0441\u043a\u0438, \u043f\u0435\u0440\u0447\u0430\u0442\u043a\u0438 \u0438\u043b\u0438 \u0440\u0443\u043a\u0430\u0432\u0430. \u0412 \u043d\u0430\u0431\u043e\u0440 \u0432\u0445\u043e\u0434\u0438\u0442: <b>3 \u043e\u0434\u0438\u043d\u0430\u043a\u043e\u0432\u044b\u0435 \u0441\u043f\u0438\u0446\u044b<\/b>, \u043a\u0430\u0436\u0434\u0430\u044f \u0438\u0437 \u043a\u043e\u0442\u043e\u0440\u044b\u0445 \u0438\u043c\u0435\u0435\u0442 \u043a\u043e\u0440\u043e\u0442\u043a\u0443\u044e \u0433\u0438\u0431\u043a\u0443\u044e \u043b\u0435\u0441\u043a\u0443 \u043c\u0435\u0436\u0434\u0443 \u0434\u0432\u0443\u043c\u044f \u0441\u043f\u0438\u0446\u0430\u043c\u0438 \u0434\u043b\u0438\u043d\u043e\u0439 8,5 \u0441\u043c. \u0422\u0430\u043a\u0430\u044f \u043a\u043e\u043d\u0441\u0442\u0440\u0443\u043a\u0446\u0438\u044f \u043e\u0431\u0435\u0441\u043f\u0435\u0447\u0438\u0432\u0430\u0435\u0442 \u0431\u043e\u043b\u044c\u0448\u0443\u044e \u043f\u043e\u0434\u0432\u0438\u0436\u043d\u043e\u0441\u0442\u044c, \u0441\u043d\u0438\u0436\u0430\u0435\u0442 \u043d\u0430\u0433\u0440\u0443\u0437\u043a\u0443 \u043d\u0430 \u0437\u0430\u043f\u044f\u0441\u0442\u044c\u044f \u0438 \u043f\u043e\u0437\u0432\u043e\u043b\u044f\u0435\u0442 \u0432\u044f\u0437\u0430\u0442\u044c \u0431\u044b\u0441\u0442\u0440\u0435\u0435 \u0438 \u043f\u043b\u0430\u0432\u043d\u0435\u0435.<\/p>\n<p>\u0421\u0434\u0435\u043b\u0430\u043d\u043e \u0432 \u0413\u0435\u0440\u043c\u0430\u043d\u0438\u0438.<\/p>\n<p><b>\u041c\u0430\u0442\u0435\u0440\u0438\u0430\u043b:<\/b> \u043c\u0435\u0442\u0430\u043b\u043b<\/p>\n<p><b>\u041e\u0431\u0449\u0430\u044f \u0434\u043b\u0438\u043d\u0430:<\/b> 21 \u0441\u043c<\/p>\n<p><b>\u0414\u043b\u0438\u043d\u0430 \u0441\u043f\u0438\u0446\u044b:<\/b> 8,5 \u0441\u043c<\/p>\n<p><b>\u041b\u0435\u0441\u043a\u0430:<\/b> \u043a\u043e\u0440\u043e\u0442\u043a\u0430\u044f \u0433\u0438\u0431\u043a\u0430\u044f \u043f\u043b\u0430\u0441\u0442\u0438\u043a\u043e\u0432\u0430\u044f \u043b\u0438\u043d\u0438\u044f, \u0441\u043e\u0435\u0434\u0438\u043d\u044f\u044e\u0449\u0430\u044f \u0441\u043f\u0438\u0446\u044b<\/p>\n<p><b>\u041a\u043e\u043b\u0438\u0447\u0435\u0441\u0442\u0432\u043e \u0432 \u043d\u0430\u0431\u043e\u0440\u0435:<\/b> 3 \u0441\u043f\u0438\u0446\u044b (\u043e\u0434\u0438\u043d\u0430\u043a\u043e\u0432\u043e\u0433\u043e \u0440\u0430\u0437\u043c\u0435\u0440\u0430)<\/p>\n<p><b>\u0424\u0443\u043d\u043a\u0446\u0438\u0438:<\/b> \u0433\u0438\u0431\u043a\u0430\u044f, \u0443\u0434\u043e\u0431\u043d\u0430\u044f, \u0438\u0434\u0435\u0430\u043b\u044c\u043d\u043e \u043f\u043e\u0434\u0445\u043e\u0434\u0438\u0442 \u0434\u043b\u044f \u043d\u0435\u0431\u043e\u043b\u044c\u0448\u0438\u0445 \u043f\u0440\u043e\u0435\u043a\u0442\u043e\u0432 (\u043d\u043e\u0441\u043a\u0438, \u0440\u0443\u043a\u0430\u0432\u0430, \u043f\u0435\u0440\u0447\u0430\u0442\u043a\u0438)<\/p>\n<p><b>\u041f\u0440\u0438\u043c\u0435\u0447\u0430\u043d\u0438\u0435:<\/b> \u0426\u0432\u0435\u0442\u043e\u0432\u044b\u0435 \u043e\u0442\u0442\u0435\u043d\u043a\u0438 \u043c\u043e\u0433\u0443\u0442 \u043d\u0435\u0437\u043d\u0430\u0447\u0438\u0442\u0435\u043b\u044c\u043d\u043e \u043e\u0442\u043b\u0438\u0447\u0430\u0442\u044c\u0441\u044f \u0432 \u0437\u0430\u0432\u0438\u0441\u0438\u043c\u043e\u0441\u0442\u0438 \u043e\u0442 \u044d\u043a\u0440\u0430\u043d\u0430 \u0432\u0430\u0448\u0435\u0433\u043e \u0443\u0441\u0442\u0440\u043e\u0439\u0441\u0442\u0432\u0430.<\/p>","protected":false},"excerpt":{"rendered":"<p>Inovatyv\u016bs Addi CraSy Trio \u2013 tai apskritieji virbalai, sukurti maksimaliam \u00a0patogumui mezgant ma\u017eo diametro gaminius, tokius kaip kojin\u0117s, pir\u0161tin\u0117s ar rankov\u0117s. Rinkin\u012f sudaro 3 vienodi virbalai, kiekvienas su trumpu, lanks\u010diu valu tarp dviej\u0173 8,5 cm ilgio antgali\u0173. Tokia konstrukcija suteikia didesn\u012f judrum\u0105, ma\u017eina \u012ftamp\u0105 rie\u0161uose ir leid\u017eia megzti grei\u010diau bei tolygiau. Pagaminta Vokietijoje. Med\u017eiaga: metalas [&hellip;]<\/p>\n","protected":false},"featured_media":6486,"comment_status":"open","ping_status":"closed","template":"","meta":{"_acf_changed":false},"product_brand":[786],"product_cat":[15,19,865],"product_tag":[],"pro-kategorijos":[],"class_list":{"0":"post-6482","1":"product","2":"type-product","3":"status-publish","4":"has-post-thumbnail","6":"product_brand-addi","7":"product_cat-visi-produktai","8":"product_cat-mezgimo-priemones","9":"product_cat-virbalai-kojinems","11":"first","12":"instock","13":"shipping-taxable","14":"purchasable","15":"product-type-variable"},"acf":[],"yoast_head":"<!-- This site is optimized with the Yoast SEO plugin v26.8 - https:\/\/yoast.com\/product\/yoast-seo-wordpress\/ -->\n<title>Addi CraSy Trio virbalai 21 cm - Happyinaknit.com<\/title>\n<meta name=\"robots\" content=\"index, follow, max-snippet:-1, max-image-preview:large, max-video-preview:-1\" \/>\n<link rel=\"canonical\" href=\"https:\/\/happyinaknit.com\/ru\/product\/addi-crasy-trio-virbalai-21-cm\/\" \/>\n<meta property=\"og:locale\" content=\"ru_RU\" \/>\n<meta property=\"og:type\" content=\"article\" \/>\n<meta property=\"og:title\" content=\"Addi CraSy Trio virbalai 21 cm - Happyinaknit.com\" \/>\n<meta property=\"og:description\" content=\"Inovatyv\u016bs Addi CraSy Trio \u2013 tai apskritieji virbalai, sukurti maksimaliam \u00a0patogumui mezgant ma\u017eo diametro gaminius, tokius kaip kojin\u0117s, pir\u0161tin\u0117s ar rankov\u0117s. Rinkin\u012f sudaro 3 vienodi virbalai, kiekvienas su trumpu, lanks\u010diu valu tarp dviej\u0173 8,5 cm ilgio antgali\u0173. Tokia konstrukcija suteikia didesn\u012f judrum\u0105, ma\u017eina \u012ftamp\u0105 rie\u0161uose ir leid\u017eia megzti grei\u010diau bei tolygiau. Pagaminta Vokietijoje. Med\u017eiaga: metalas [&hellip;]\" \/>\n<meta property=\"og:url\" content=\"https:\/\/happyinaknit.com\/ru\/product\/addi-crasy-trio-virbalai-21-cm\/\" \/>\n<meta property=\"og:site_name\" content=\"Happyinaknit.com\" \/>\n<meta property=\"article:modified_time\" content=\"2026-03-22T10:30:42+00:00\" \/>\n<meta property=\"og:image\" content=\"https:\/\/happyinaknit.com\/wp-content\/uploads\/2025\/10\/63119394766496.jpeg\" \/>\n\t<meta property=\"og:image:width\" content=\"536\" \/>\n\t<meta property=\"og:image:height\" content=\"536\" \/>\n\t<meta property=\"og:image:type\" content=\"image\/jpeg\" \/>\n<meta name=\"twitter:card\" content=\"summary_large_image\" \/>\n<meta name=\"twitter:label1\" content=\"\u041f\u0440\u0438\u043c\u0435\u0440\u043d\u043e\u0435 \u0432\u0440\u0435\u043c\u044f \u0434\u043b\u044f \u0447\u0442\u0435\u043d\u0438\u044f\" \/>\n\t<meta name=\"twitter:data1\" content=\"1 \u043c\u0438\u043d\u0443\u0442\u0430\" \/>\n<script type=\"application\/ld+json\" class=\"yoast-schema-graph\">{\"@context\":\"https:\/\/schema.org\",\"@graph\":[{\"@type\":\"WebPage\",\"@id\":\"https:\/\/happyinaknit.com\/produktas\/addi-crasy-trio-virbalai-21-cm\/\",\"url\":\"https:\/\/happyinaknit.com\/produktas\/addi-crasy-trio-virbalai-21-cm\/\",\"name\":\"Addi CraSy Trio virbalai 21 cm - Happyinaknit.com\",\"isPartOf\":{\"@id\":\"https:\/\/happyinaknit.com\/lt\/#website\"},\"primaryImageOfPage\":{\"@id\":\"https:\/\/happyinaknit.com\/produktas\/addi-crasy-trio-virbalai-21-cm\/#primaryimage\"},\"image\":{\"@id\":\"https:\/\/happyinaknit.com\/produktas\/addi-crasy-trio-virbalai-21-cm\/#primaryimage\"},\"thumbnailUrl\":\"https:\/\/happyinaknit.com\/wp-content\/uploads\/2025\/10\/63119394766496.jpeg\",\"datePublished\":\"2025-10-19T13:48:10+00:00\",\"dateModified\":\"2026-03-22T10:30:42+00:00\",\"breadcrumb\":{\"@id\":\"https:\/\/happyinaknit.com\/produktas\/addi-crasy-trio-virbalai-21-cm\/#breadcrumb\"},\"inLanguage\":\"ru-RU\",\"potentialAction\":[{\"@type\":\"ReadAction\",\"target\":[\"https:\/\/happyinaknit.com\/produktas\/addi-crasy-trio-virbalai-21-cm\/\"]}]},{\"@type\":\"ImageObject\",\"inLanguage\":\"ru-RU\",\"@id\":\"https:\/\/happyinaknit.com\/produktas\/addi-crasy-trio-virbalai-21-cm\/#primaryimage\",\"url\":\"https:\/\/happyinaknit.com\/wp-content\/uploads\/2025\/10\/63119394766496.jpeg\",\"contentUrl\":\"https:\/\/happyinaknit.com\/wp-content\/uploads\/2025\/10\/63119394766496.jpeg\",\"width\":536,\"height\":536},{\"@type\":\"BreadcrumbList\",\"@id\":\"https:\/\/happyinaknit.com\/produktas\/addi-crasy-trio-virbalai-21-cm\/#breadcrumb\",\"itemListElement\":[{\"@type\":\"ListItem\",\"position\":1,\"name\":\"Home\",\"item\":\"https:\/\/happyinaknit.com\/lt\/\"},{\"@type\":\"ListItem\",\"position\":2,\"name\":\"Parduotuv\u0117\",\"item\":\"https:\/\/happyinaknit.com\/lt\/parduotuve\/\"},{\"@type\":\"ListItem\",\"position\":3,\"name\":\"Addi CraSy Trio virbalai 21 cm\"}]},{\"@type\":\"WebSite\",\"@id\":\"https:\/\/happyinaknit.com\/lt\/#website\",\"url\":\"https:\/\/happyinaknit.com\/lt\/\",\"name\":\"Happyinaknit.com\",\"description\":\"\",\"potentialAction\":[{\"@type\":\"SearchAction\",\"target\":{\"@type\":\"EntryPoint\",\"urlTemplate\":\"https:\/\/happyinaknit.com\/lt\/?s={search_term_string}\"},\"query-input\":{\"@type\":\"PropertyValueSpecification\",\"valueRequired\":true,\"valueName\":\"search_term_string\"}}],\"inLanguage\":\"ru-RU\"}]}<\/script>\n<!-- \/ Yoast SEO plugin. -->","yoast_head_json":{"title":"Addi CraSy Trio virbalai 21 cm - Happyinaknit.com","robots":{"index":"index","follow":"follow","max-snippet":"max-snippet:-1","max-image-preview":"max-image-preview:large","max-video-preview":"max-video-preview:-1"},"canonical":"https:\/\/happyinaknit.com\/ru\/product\/addi-crasy-trio-virbalai-21-cm\/","og_locale":"ru_RU","og_type":"article","og_title":"Addi CraSy Trio virbalai 21 cm - Happyinaknit.com","og_description":"Inovatyv\u016bs Addi CraSy Trio \u2013 tai apskritieji virbalai, sukurti maksimaliam \u00a0patogumui mezgant ma\u017eo diametro gaminius, tokius kaip kojin\u0117s, pir\u0161tin\u0117s ar rankov\u0117s. Rinkin\u012f sudaro 3 vienodi virbalai, kiekvienas su trumpu, lanks\u010diu valu tarp dviej\u0173 8,5 cm ilgio antgali\u0173. Tokia konstrukcija suteikia didesn\u012f judrum\u0105, ma\u017eina \u012ftamp\u0105 rie\u0161uose ir leid\u017eia megzti grei\u010diau bei tolygiau. Pagaminta Vokietijoje. Med\u017eiaga: metalas [&hellip;]","og_url":"https:\/\/happyinaknit.com\/ru\/product\/addi-crasy-trio-virbalai-21-cm\/","og_site_name":"Happyinaknit.com","article_modified_time":"2026-03-22T10:30:42+00:00","og_image":[{"width":536,"height":536,"url":"https:\/\/happyinaknit.com\/wp-content\/uploads\/2025\/10\/63119394766496.jpeg","type":"image\/jpeg"}],"twitter_card":"summary_large_image","twitter_misc":{"\u041f\u0440\u0438\u043c\u0435\u0440\u043d\u043e\u0435 \u0432\u0440\u0435\u043c\u044f \u0434\u043b\u044f \u0447\u0442\u0435\u043d\u0438\u044f":"1 \u043c\u0438\u043d\u0443\u0442\u0430"},"schema":{"@context":"https:\/\/schema.org","@graph":[{"@type":"WebPage","@id":"https:\/\/happyinaknit.com\/produktas\/addi-crasy-trio-virbalai-21-cm\/","url":"https:\/\/happyinaknit.com\/produktas\/addi-crasy-trio-virbalai-21-cm\/","name":"Addi CraSy Trio virbalai 21 cm - Happyinaknit.com","isPartOf":{"@id":"https:\/\/happyinaknit.com\/lt\/#website"},"primaryImageOfPage":{"@id":"https:\/\/happyinaknit.com\/produktas\/addi-crasy-trio-virbalai-21-cm\/#primaryimage"},"image":{"@id":"https:\/\/happyinaknit.com\/produktas\/addi-crasy-trio-virbalai-21-cm\/#primaryimage"},"thumbnailUrl":"https:\/\/happyinaknit.com\/wp-content\/uploads\/2025\/10\/63119394766496.jpeg","datePublished":"2025-10-19T13:48:10+00:00","dateModified":"2026-03-22T10:30:42+00:00","breadcrumb":{"@id":"https:\/\/happyinaknit.com\/produktas\/addi-crasy-trio-virbalai-21-cm\/#breadcrumb"},"inLanguage":"ru-RU","potentialAction":[{"@type":"ReadAction","target":["https:\/\/happyinaknit.com\/produktas\/addi-crasy-trio-virbalai-21-cm\/"]}]},{"@type":"ImageObject","inLanguage":"ru-RU","@id":"https:\/\/happyinaknit.com\/produktas\/addi-crasy-trio-virbalai-21-cm\/#primaryimage","url":"https:\/\/happyinaknit.com\/wp-content\/uploads\/2025\/10\/63119394766496.jpeg","contentUrl":"https:\/\/happyinaknit.com\/wp-content\/uploads\/2025\/10\/63119394766496.jpeg","width":536,"height":536},{"@type":"BreadcrumbList","@id":"https:\/\/happyinaknit.com\/produktas\/addi-crasy-trio-virbalai-21-cm\/#breadcrumb","itemListElement":[{"@type":"ListItem","position":1,"name":"Home","item":"https:\/\/happyinaknit.com\/lt\/"},{"@type":"ListItem","position":2,"name":"Parduotuv\u0117","item":"https:\/\/happyinaknit.com\/lt\/parduotuve\/"},{"@type":"ListItem","position":3,"name":"Addi CraSy Trio virbalai 21 cm"}]},{"@type":"WebSite","@id":"https:\/\/happyinaknit.com\/lt\/#website","url":"https:\/\/happyinaknit.com\/lt\/","name":"Happyinaknit.com","description":"","potentialAction":[{"@type":"SearchAction","target":{"@type":"EntryPoint","urlTemplate":"https:\/\/happyinaknit.com\/lt\/?s={search_term_string}"},"query-input":{"@type":"PropertyValueSpecification","valueRequired":true,"valueName":"search_term_string"}}],"inLanguage":"ru-RU"}]}},"_links":{"self":[{"href":"https:\/\/happyinaknit.com\/ru\/wp-json\/wp\/v2\/product\/6482","targetHints":{"allow":["GET"]}}],"collection":[{"href":"https:\/\/happyinaknit.com\/ru\/wp-json\/wp\/v2\/product"}],"about":[{"href":"https:\/\/happyinaknit.com\/ru\/wp-json\/wp\/v2\/types\/product"}],"replies":[{"embeddable":true,"href":"https:\/\/happyinaknit.com\/ru\/wp-json\/wp\/v2\/comments?post=6482"}],"wp:featuredmedia":[{"embeddable":true,"href":"https:\/\/happyinaknit.com\/ru\/wp-json\/wp\/v2\/media\/6486"}],"wp:attachment":[{"href":"https:\/\/happyinaknit.com\/ru\/wp-json\/wp\/v2\/media?parent=6482"}],"wp:term":[{"taxonomy":"product_brand","embeddable":true,"href":"https:\/\/happyinaknit.com\/ru\/wp-json\/wp\/v2\/product_brand?post=6482"},{"taxonomy":"product_cat","embeddable":true,"href":"https:\/\/happyinaknit.com\/ru\/wp-json\/wp\/v2\/product_cat?post=6482"},{"taxonomy":"product_tag","embeddable":true,"href":"https:\/\/happyinaknit.com\/ru\/wp-json\/wp\/v2\/product_tag?post=6482"},{"taxonomy":"pro-kategorijos","embeddable":true,"href":"https:\/\/happyinaknit.com\/ru\/wp-json\/wp\/v2\/pro-kategorijos?post=6482"}],"curies":[{"name":"wp","href":"https:\/\/api.w.org\/{rel}","templated":true}]}}