{"id":6465,"date":"2025-10-19T13:40:39","date_gmt":"2025-10-19T13:40:39","guid":{"rendered":"https:\/\/happyinaknit.com\/?post_type=product&#038;p=6465"},"modified":"2026-03-09T11:27:36","modified_gmt":"2026-03-09T11:27:36","slug":"addi-crasy-square-dance-virbalai-su-valu-60-80-100-cm","status":"publish","type":"product","link":"https:\/\/happyinaknit.com\/ru\/product\/addi-crasy-square-dance-virbalai-su-valu-60-80-100-cm\/","title":{"rendered":"Addi CraSy Square Dance \u0441\u043f\u0438\u0446\u044b \u043d\u0430 \u043b\u0435\u0441\u043a\u0435 60\/80\/100 \u0441\u043c"},"content":{"rendered":"<p>\u0421\u043f\u0438\u0446\u044b Addi CraSy Square Dance \u2013 \u044d\u0442\u043e \u0438\u043d\u043d\u043e\u0432\u0430\u0446\u0438\u043e\u043d\u043d\u044b\u0435 \u0441\u043f\u0438\u0446\u044b \u043a\u0432\u0430\u0434\u0440\u0430\u0442\u043d\u043e\u0439 \u0444\u043e\u0440\u043c\u044b \u0441 <b>\u0441 \u0437\u0430\u043a\u0440\u0443\u0433\u043b\u0435\u043d\u043d\u044b\u043c\u0438 \u043a\u0440\u0430\u044f\u043c\u0438<\/b> \u0438 <b>\u0441\u0442\u0440\u0443\u043a\u0442\u0443\u0440\u0438\u0440\u043e\u0432\u0430\u043d\u043d\u0430\u044f \u043f\u043e\u0432\u0435\u0440\u0445\u043d\u043e\u0441\u0442\u044c\u044e<\/b>, \u043a\u043e\u0442\u043e\u0440\u044b\u0435 \u043e\u0431\u0435\u0441\u043f\u0435\u0447\u0438\u0432\u0430\u044e\u0442 \u043e\u0441\u043e\u0431\u0435\u043d\u043d\u043e \u0440\u0430\u0432\u043d\u043e\u043c\u0435\u0440\u043d\u0443\u044e \u043f\u043b\u043e\u0442\u043d\u043e\u0441\u0442\u044c \u0432\u044f\u0437\u0430\u043d\u0438\u044f \u0438 \u043a\u043e\u043c\u0444\u043e\u0440\u0442. \u0423\u043d\u0438\u043a\u0430\u043b\u044c\u043d\u0430\u044f \u0444\u043e\u0440\u043c\u0430 \u0441\u043d\u0438\u0436\u0430\u0435\u0442 \u0443\u0441\u0442\u0430\u043b\u043e\u0441\u0442\u044c \u043f\u0430\u043b\u044c\u0446\u0435\u0432 \u0438 \u043e\u0431\u0435\u0441\u043f\u0435\u0447\u0438\u0432\u0430\u0435\u0442 \u0430\u043a\u043a\u0443\u0440\u0430\u0442\u043d\u043e\u0435 \u0440\u0430\u0441\u043f\u043e\u043b\u043e\u0436\u0435\u043d\u0438\u0435 \u043f\u0435\u0442\u0435\u043b\u044c. \u0422\u043e\u043d\u043a\u0430\u044f \u043b\u0435\u0441\u043a\u0430 \u0438 \u043f\u043b\u0430\u0432\u043d\u044b\u0439 \u043f\u0435\u0440\u0435\u0445\u043e\u0434 \u043c\u0435\u0436\u0434\u0443 \u0441\u043f\u0438\u0446\u0435\u0439 \u0438 \u043b\u0435\u0441\u043a\u043e\u0439 \u043e\u0431\u0435\u0441\u043f\u0435\u0447\u0438\u0432\u0430\u044e\u0442 \u043b\u0451\u0433\u043a\u043e\u0435 \u0441\u043a\u043e\u043b\u044c\u0436\u0435\u043d\u0438\u0435 \u0432\u044f\u0437\u0430\u043d\u0438\u044f.<\/p>\n<p>\u041a\u0440\u043e\u043c\u0435 \u0442\u043e\u0433\u043e, \u044d\u0442\u0438 \u0438\u0433\u043b\u044b \u0438\u043c\u0435\u044e\u0442 <b>\u0437\u0430\u043f\u0430\u0442\u0435\u043d\u0442\u043e\u0432\u0430\u043d\u043d\u0430\u044f \u043b\u0438\u043d\u0438\u044f SOS<\/b>, \u0447\u0442\u043e \u043f\u043e\u0437\u0432\u043e\u043b\u044f\u0435\u0442 \u0432\u0430\u043c \u0432\u0441\u0442\u0430\u0432\u0438\u0442\u044c \u0434\u043e\u043f\u043e\u043b\u043d\u0438\u0442\u0435\u043b\u044c\u043d\u0443\u044e \u043d\u0438\u0442\u044c \u0432 \u043b\u044e\u0431\u043e\u0435 \u043c\u0435\u0441\u0442\u043e \u0432\u044f\u0437\u0430\u043d\u0438\u044f, \u0438 \u0432\u044b \u0441\u043c\u043e\u0436\u0435\u0442\u0435 \u043b\u0435\u0433\u043a\u043e \u0440\u0430\u0441\u043f\u0443\u0441\u0442\u0438\u0442\u044c \u0438\u043c\u0435\u043d\u043d\u043e \u0442\u0443 \u0447\u0430\u0441\u0442\u044c, \u043a\u043e\u0442\u043e\u0440\u0430\u044f \u0432\u0430\u043c \u043d\u0443\u0436\u043d\u0430, \u0431\u0435\u0437 \u043a\u0430\u043a\u0438\u0445-\u043b\u0438\u0431\u043e \u0445\u043b\u043e\u043f\u043e\u0442.<\/p>\n<p>\u0421\u0434\u0435\u043b\u0430\u043d\u043e \u0432 \u0413\u0435\u0440\u043c\u0430\u043d\u0438\u0438.<\/p>\n<p><b>\u0424\u043e\u0440\u043c\u0430:<\/b> \u043a\u0432\u0430\u0434\u0440\u0430\u0442\u043d\u044b\u0439, \u0441 \u0437\u0430\u043a\u0440\u0443\u0433\u043b\u0435\u043d\u043d\u044b\u043c\u0438 \u043a\u0440\u0430\u044f\u043c\u0438<\/p>\n<p><b>\u041f\u043e\u0432\u0435\u0440\u0445\u043d\u043e\u0441\u0442\u044c:<\/b> \u0441\u0442\u0440\u0443\u043a\u0442\u0443\u0440\u0438\u0440\u043e\u0432\u0430\u043d\u043d\u044b\u0439, \u043d\u0435\u0441\u043a\u043e\u043b\u044c\u0437\u044f\u0449\u0438\u0439<\/p>\n<p><b>\u041c\u0430\u0442\u0435\u0440\u0438\u0430\u043b:<\/b> \u043c\u0435\u0442\u0430\u043b\u043b + \u043f\u043b\u0430\u0441\u0442\u0438\u043a<\/p>\n<p><b>\u0424\u0443\u043d\u043a\u0446\u0438\u0438:<\/b> \u044d\u0440\u0433\u043e\u043d\u043e\u043c\u0438\u0447\u043d\u044b\u0439, \u0443\u0434\u043e\u0431\u043d\u044b\u0439, \u043f\u043b\u0430\u0432\u043d\u044b\u0439 \u043f\u0435\u0440\u0435\u0445\u043e\u0434, \u0441\u043d\u0438\u0436\u0430\u0435\u0442 \u043d\u0430\u0433\u0440\u0443\u0437\u043a\u0443 \u043d\u0430 \u0440\u0443\u043a\u0443<\/p>\n<p><b>\u041f\u0440\u0438\u043c\u0435\u0447\u0430\u043d\u0438\u0435:<\/b> \u0426\u0432\u0435\u0442\u043e\u0432\u044b\u0435 \u043e\u0442\u0442\u0435\u043d\u043a\u0438 \u043c\u043e\u0433\u0443\u0442 \u043d\u0435\u0437\u043d\u0430\u0447\u0438\u0442\u0435\u043b\u044c\u043d\u043e \u043e\u0442\u043b\u0438\u0447\u0430\u0442\u044c\u0441\u044f \u0432 \u0437\u0430\u0432\u0438\u0441\u0438\u043c\u043e\u0441\u0442\u0438 \u043e\u0442 \u044d\u043a\u0440\u0430\u043d\u0430 \u0432\u0430\u0448\u0435\u0433\u043e \u0443\u0441\u0442\u0440\u043e\u0439\u0441\u0442\u0432\u0430.<\/p>","protected":false},"excerpt":{"rendered":"<p>\u201eAddi CraSy Square Dance\u201c virbalai \u2013 tai inovatyv\u016bs kvadratin\u0117s formos virbalai su suapvalintais kra\u0161tais ir strukt\u016bruotu pavir\u0161iumi, kurie u\u017etikrina ypa\u010d tolyg\u0173 mezgimo tankum\u0105 ir komfort\u0105. D\u0117l i\u0161skirtin\u0117s formos pir\u0161tai ma\u017eiau pavargsta, o kilpos i\u0161sid\u0117sto tvarkingai. Plonas valas ir sklandus per\u0117jimas tarp virbalo ir valo leid\u017eia mezginiui lengvai slysti. Be to, \u0161ie virbalai turi patentuot\u0105 SOS [&hellip;]<\/p>\n","protected":false},"featured_media":6466,"comment_status":"open","ping_status":"closed","template":"","meta":{"_acf_changed":false},"product_brand":[786],"product_cat":[15,19,862],"product_tag":[],"pro-kategorijos":[],"class_list":{"0":"post-6465","1":"product","2":"type-product","3":"status-publish","4":"has-post-thumbnail","6":"product_brand-addi","7":"product_cat-visi-produktai","8":"product_cat-mezgimo-priemones","9":"product_cat-virbalai-su-valu","11":"first","12":"instock","13":"shipping-taxable","14":"purchasable","15":"product-type-variable"},"acf":[],"yoast_head":"<!-- This site is optimized with the Yoast SEO plugin v26.8 - https:\/\/yoast.com\/product\/yoast-seo-wordpress\/ -->\n<title>Addi CraSy Square Dance Virbalai Su Valu 60\/80\/100 cm - Happyinaknit.com<\/title>\n<meta name=\"robots\" content=\"index, follow, max-snippet:-1, max-image-preview:large, max-video-preview:-1\" \/>\n<link rel=\"canonical\" href=\"https:\/\/happyinaknit.com\/ru\/product\/addi-crasy-square-dance-virbalai-su-valu-60-80-100-cm\/\" \/>\n<meta property=\"og:locale\" content=\"ru_RU\" \/>\n<meta property=\"og:type\" content=\"article\" \/>\n<meta property=\"og:title\" content=\"Addi CraSy Square Dance Virbalai Su Valu 60\/80\/100 cm - Happyinaknit.com\" \/>\n<meta property=\"og:description\" content=\"\u201eAddi CraSy Square Dance\u201c virbalai \u2013 tai inovatyv\u016bs kvadratin\u0117s formos virbalai su suapvalintais kra\u0161tais ir strukt\u016bruotu pavir\u0161iumi, kurie u\u017etikrina ypa\u010d tolyg\u0173 mezgimo tankum\u0105 ir komfort\u0105. D\u0117l i\u0161skirtin\u0117s formos pir\u0161tai ma\u017eiau pavargsta, o kilpos i\u0161sid\u0117sto tvarkingai. Plonas valas ir sklandus per\u0117jimas tarp virbalo ir valo leid\u017eia mezginiui lengvai slysti. Be to, \u0161ie virbalai turi patentuot\u0105 SOS [&hellip;]\" \/>\n<meta property=\"og:url\" content=\"https:\/\/happyinaknit.com\/ru\/product\/addi-crasy-square-dance-virbalai-su-valu-60-80-100-cm\/\" \/>\n<meta property=\"og:site_name\" content=\"Happyinaknit.com\" \/>\n<meta property=\"article:modified_time\" content=\"2026-03-09T11:27:36+00:00\" \/>\n<meta property=\"og:image\" content=\"https:\/\/happyinaknit.com\/wp-content\/uploads\/2025\/10\/169340_Product.jpg\" \/>\n\t<meta property=\"og:image:width\" content=\"880\" \/>\n\t<meta property=\"og:image:height\" content=\"880\" \/>\n\t<meta property=\"og:image:type\" content=\"image\/jpeg\" \/>\n<meta name=\"twitter:card\" content=\"summary_large_image\" \/>\n<meta name=\"twitter:label1\" content=\"\u041f\u0440\u0438\u043c\u0435\u0440\u043d\u043e\u0435 \u0432\u0440\u0435\u043c\u044f \u0434\u043b\u044f \u0447\u0442\u0435\u043d\u0438\u044f\" \/>\n\t<meta name=\"twitter:data1\" content=\"1 \u043c\u0438\u043d\u0443\u0442\u0430\" \/>\n<script type=\"application\/ld+json\" class=\"yoast-schema-graph\">{\"@context\":\"https:\/\/schema.org\",\"@graph\":[{\"@type\":\"WebPage\",\"@id\":\"https:\/\/happyinaknit.com\/produktas\/addi-crasy-square-dance-virbalai-su-valu-60-80-100-cm\/\",\"url\":\"https:\/\/happyinaknit.com\/produktas\/addi-crasy-square-dance-virbalai-su-valu-60-80-100-cm\/\",\"name\":\"Addi CraSy Square Dance Virbalai Su Valu 60\/80\/100 cm - Happyinaknit.com\",\"isPartOf\":{\"@id\":\"https:\/\/happyinaknit.com\/lt\/#website\"},\"primaryImageOfPage\":{\"@id\":\"https:\/\/happyinaknit.com\/produktas\/addi-crasy-square-dance-virbalai-su-valu-60-80-100-cm\/#primaryimage\"},\"image\":{\"@id\":\"https:\/\/happyinaknit.com\/produktas\/addi-crasy-square-dance-virbalai-su-valu-60-80-100-cm\/#primaryimage\"},\"thumbnailUrl\":\"https:\/\/happyinaknit.com\/wp-content\/uploads\/2025\/10\/169340_Product.jpg\",\"datePublished\":\"2025-10-19T13:40:39+00:00\",\"dateModified\":\"2026-03-09T11:27:36+00:00\",\"breadcrumb\":{\"@id\":\"https:\/\/happyinaknit.com\/produktas\/addi-crasy-square-dance-virbalai-su-valu-60-80-100-cm\/#breadcrumb\"},\"inLanguage\":\"ru-RU\",\"potentialAction\":[{\"@type\":\"ReadAction\",\"target\":[\"https:\/\/happyinaknit.com\/produktas\/addi-crasy-square-dance-virbalai-su-valu-60-80-100-cm\/\"]}]},{\"@type\":\"ImageObject\",\"inLanguage\":\"ru-RU\",\"@id\":\"https:\/\/happyinaknit.com\/produktas\/addi-crasy-square-dance-virbalai-su-valu-60-80-100-cm\/#primaryimage\",\"url\":\"https:\/\/happyinaknit.com\/wp-content\/uploads\/2025\/10\/169340_Product.jpg\",\"contentUrl\":\"https:\/\/happyinaknit.com\/wp-content\/uploads\/2025\/10\/169340_Product.jpg\",\"width\":880,\"height\":880},{\"@type\":\"BreadcrumbList\",\"@id\":\"https:\/\/happyinaknit.com\/produktas\/addi-crasy-square-dance-virbalai-su-valu-60-80-100-cm\/#breadcrumb\",\"itemListElement\":[{\"@type\":\"ListItem\",\"position\":1,\"name\":\"Home\",\"item\":\"https:\/\/happyinaknit.com\/lt\/\"},{\"@type\":\"ListItem\",\"position\":2,\"name\":\"Parduotuv\u0117\",\"item\":\"https:\/\/happyinaknit.com\/lt\/parduotuve\/\"},{\"@type\":\"ListItem\",\"position\":3,\"name\":\"Addi CraSy Square Dance Virbalai Su Valu 60\/80\/100 cm\"}]},{\"@type\":\"WebSite\",\"@id\":\"https:\/\/happyinaknit.com\/lt\/#website\",\"url\":\"https:\/\/happyinaknit.com\/lt\/\",\"name\":\"Happyinaknit.com\",\"description\":\"\",\"potentialAction\":[{\"@type\":\"SearchAction\",\"target\":{\"@type\":\"EntryPoint\",\"urlTemplate\":\"https:\/\/happyinaknit.com\/lt\/?s={search_term_string}\"},\"query-input\":{\"@type\":\"PropertyValueSpecification\",\"valueRequired\":true,\"valueName\":\"search_term_string\"}}],\"inLanguage\":\"ru-RU\"}]}<\/script>\n<!-- \/ Yoast SEO plugin. -->","yoast_head_json":{"title":"Addi CraSy Square Dance Virbalai Su Valu 60\/80\/100 cm - Happyinaknit.com","robots":{"index":"index","follow":"follow","max-snippet":"max-snippet:-1","max-image-preview":"max-image-preview:large","max-video-preview":"max-video-preview:-1"},"canonical":"https:\/\/happyinaknit.com\/ru\/product\/addi-crasy-square-dance-virbalai-su-valu-60-80-100-cm\/","og_locale":"ru_RU","og_type":"article","og_title":"Addi CraSy Square Dance Virbalai Su Valu 60\/80\/100 cm - Happyinaknit.com","og_description":"\u201eAddi CraSy Square Dance\u201c virbalai \u2013 tai inovatyv\u016bs kvadratin\u0117s formos virbalai su suapvalintais kra\u0161tais ir strukt\u016bruotu pavir\u0161iumi, kurie u\u017etikrina ypa\u010d tolyg\u0173 mezgimo tankum\u0105 ir komfort\u0105. D\u0117l i\u0161skirtin\u0117s formos pir\u0161tai ma\u017eiau pavargsta, o kilpos i\u0161sid\u0117sto tvarkingai. Plonas valas ir sklandus per\u0117jimas tarp virbalo ir valo leid\u017eia mezginiui lengvai slysti. Be to, \u0161ie virbalai turi patentuot\u0105 SOS [&hellip;]","og_url":"https:\/\/happyinaknit.com\/ru\/product\/addi-crasy-square-dance-virbalai-su-valu-60-80-100-cm\/","og_site_name":"Happyinaknit.com","article_modified_time":"2026-03-09T11:27:36+00:00","og_image":[{"width":880,"height":880,"url":"https:\/\/happyinaknit.com\/wp-content\/uploads\/2025\/10\/169340_Product.jpg","type":"image\/jpeg"}],"twitter_card":"summary_large_image","twitter_misc":{"\u041f\u0440\u0438\u043c\u0435\u0440\u043d\u043e\u0435 \u0432\u0440\u0435\u043c\u044f \u0434\u043b\u044f \u0447\u0442\u0435\u043d\u0438\u044f":"1 \u043c\u0438\u043d\u0443\u0442\u0430"},"schema":{"@context":"https:\/\/schema.org","@graph":[{"@type":"WebPage","@id":"https:\/\/happyinaknit.com\/produktas\/addi-crasy-square-dance-virbalai-su-valu-60-80-100-cm\/","url":"https:\/\/happyinaknit.com\/produktas\/addi-crasy-square-dance-virbalai-su-valu-60-80-100-cm\/","name":"Addi CraSy Square Dance Virbalai Su Valu 60\/80\/100 cm - Happyinaknit.com","isPartOf":{"@id":"https:\/\/happyinaknit.com\/lt\/#website"},"primaryImageOfPage":{"@id":"https:\/\/happyinaknit.com\/produktas\/addi-crasy-square-dance-virbalai-su-valu-60-80-100-cm\/#primaryimage"},"image":{"@id":"https:\/\/happyinaknit.com\/produktas\/addi-crasy-square-dance-virbalai-su-valu-60-80-100-cm\/#primaryimage"},"thumbnailUrl":"https:\/\/happyinaknit.com\/wp-content\/uploads\/2025\/10\/169340_Product.jpg","datePublished":"2025-10-19T13:40:39+00:00","dateModified":"2026-03-09T11:27:36+00:00","breadcrumb":{"@id":"https:\/\/happyinaknit.com\/produktas\/addi-crasy-square-dance-virbalai-su-valu-60-80-100-cm\/#breadcrumb"},"inLanguage":"ru-RU","potentialAction":[{"@type":"ReadAction","target":["https:\/\/happyinaknit.com\/produktas\/addi-crasy-square-dance-virbalai-su-valu-60-80-100-cm\/"]}]},{"@type":"ImageObject","inLanguage":"ru-RU","@id":"https:\/\/happyinaknit.com\/produktas\/addi-crasy-square-dance-virbalai-su-valu-60-80-100-cm\/#primaryimage","url":"https:\/\/happyinaknit.com\/wp-content\/uploads\/2025\/10\/169340_Product.jpg","contentUrl":"https:\/\/happyinaknit.com\/wp-content\/uploads\/2025\/10\/169340_Product.jpg","width":880,"height":880},{"@type":"BreadcrumbList","@id":"https:\/\/happyinaknit.com\/produktas\/addi-crasy-square-dance-virbalai-su-valu-60-80-100-cm\/#breadcrumb","itemListElement":[{"@type":"ListItem","position":1,"name":"Home","item":"https:\/\/happyinaknit.com\/lt\/"},{"@type":"ListItem","position":2,"name":"Parduotuv\u0117","item":"https:\/\/happyinaknit.com\/lt\/parduotuve\/"},{"@type":"ListItem","position":3,"name":"Addi CraSy Square Dance Virbalai Su Valu 60\/80\/100 cm"}]},{"@type":"WebSite","@id":"https:\/\/happyinaknit.com\/lt\/#website","url":"https:\/\/happyinaknit.com\/lt\/","name":"Happyinaknit.com","description":"","potentialAction":[{"@type":"SearchAction","target":{"@type":"EntryPoint","urlTemplate":"https:\/\/happyinaknit.com\/lt\/?s={search_term_string}"},"query-input":{"@type":"PropertyValueSpecification","valueRequired":true,"valueName":"search_term_string"}}],"inLanguage":"ru-RU"}]}},"_links":{"self":[{"href":"https:\/\/happyinaknit.com\/ru\/wp-json\/wp\/v2\/product\/6465","targetHints":{"allow":["GET"]}}],"collection":[{"href":"https:\/\/happyinaknit.com\/ru\/wp-json\/wp\/v2\/product"}],"about":[{"href":"https:\/\/happyinaknit.com\/ru\/wp-json\/wp\/v2\/types\/product"}],"replies":[{"embeddable":true,"href":"https:\/\/happyinaknit.com\/ru\/wp-json\/wp\/v2\/comments?post=6465"}],"wp:featuredmedia":[{"embeddable":true,"href":"https:\/\/happyinaknit.com\/ru\/wp-json\/wp\/v2\/media\/6466"}],"wp:attachment":[{"href":"https:\/\/happyinaknit.com\/ru\/wp-json\/wp\/v2\/media?parent=6465"}],"wp:term":[{"taxonomy":"product_brand","embeddable":true,"href":"https:\/\/happyinaknit.com\/ru\/wp-json\/wp\/v2\/product_brand?post=6465"},{"taxonomy":"product_cat","embeddable":true,"href":"https:\/\/happyinaknit.com\/ru\/wp-json\/wp\/v2\/product_cat?post=6465"},{"taxonomy":"product_tag","embeddable":true,"href":"https:\/\/happyinaknit.com\/ru\/wp-json\/wp\/v2\/product_tag?post=6465"},{"taxonomy":"pro-kategorijos","embeddable":true,"href":"https:\/\/happyinaknit.com\/ru\/wp-json\/wp\/v2\/pro-kategorijos?post=6465"}],"curies":[{"name":"wp","href":"https:\/\/api.w.org\/{rel}","templated":true}]}}