{"id":6411,"date":"2025-10-19T12:42:57","date_gmt":"2025-10-19T12:42:57","guid":{"rendered":"https:\/\/happyinaknit.com\/?post_type=product&#038;p=6411"},"modified":"2026-02-23T13:10:18","modified_gmt":"2026-02-23T13:10:18","slug":"addi-nerimo-vaseliai","status":"publish","type":"product","link":"https:\/\/happyinaknit.com\/ru\/product\/addi-nerimo-vaseliai\/","title":{"rendered":"Addi \u043a\u0440\u044e\u0447\u043a\u0438 \u0434\u043b\u044f \u0432\u044f\u0437\u0430\u043d\u0438\u044f"},"content":{"rendered":"<p>\u0423\u0434\u043e\u0431\u043d\u044b\u0435 \u0438 \u043a\u0430\u0447\u0435\u0441\u0442\u0432\u0435\u043d\u043d\u044b\u0435 \u043a\u0440\u044e\u0447\u043a\u0438 \u00abAddi\u00bb \u2014 \u043e\u0442\u043b\u0438\u0447\u043d\u044b\u0439 \u0432\u044b\u0431\u043e\u0440 \u043a\u0430\u043a \u0434\u043b\u044f \u043d\u0430\u0447\u0438\u043d\u0430\u044e\u0449\u0438\u0445, \u0442\u0430\u043a \u0438 \u0434\u043b\u044f \u043e\u043f\u044b\u0442\u043d\u044b\u0445 \u0432\u044f\u0437\u0430\u043b\u044c\u0449\u0438\u0446. \u041d\u0438\u043a\u0435\u043b\u0438\u0440\u043e\u0432\u0430\u043d\u043d\u043e\u0435 \u043f\u043e\u043a\u0440\u044b\u0442\u0438\u0435 \u043e\u0431\u0435\u0441\u043f\u0435\u0447\u0438\u0432\u0430\u0435\u0442 \u0438\u0441\u043a\u043b\u044e\u0447\u0438\u0442\u0435\u043b\u044c\u043d\u043e \u043b\u0451\u0433\u043a\u043e\u0435 \u0441\u043a\u043e\u043b\u044c\u0436\u0435\u043d\u0438\u0435 \u043d\u0438\u0442\u0438, \u0430 \u044d\u0440\u0433\u043e\u043d\u043e\u043c\u0438\u0447\u043d\u0430\u044f \u043f\u043b\u0430\u0441\u0442\u0438\u043a\u043e\u0432\u0430\u044f \u0440\u0443\u0447\u043a\u0430 \u043f\u043e\u0437\u0432\u043e\u043b\u044f\u0435\u0442 \u0440\u0430\u0431\u043e\u0442\u0430\u0442\u044c \u0434\u043e\u043b\u0433\u043e\u0435 \u0432\u0440\u0435\u043c\u044f \u0431\u0435\u0437 \u0443\u0441\u0442\u0430\u043b\u043e\u0441\u0442\u0438.<\/p>\n<p>\u0421\u0434\u0435\u043b\u0430\u043d\u043e \u0432 \u0413\u0435\u0440\u043c\u0430\u043d\u0438\u0438.<\/p>\n<p><b>\u041c\u0430\u0442\u0435\u0440\u0438\u0430\u043b:<\/b> \u043c\u0435\u0442\u0430\u043b\u043b \u0441 \u043d\u0438\u043a\u0435\u043b\u0438\u0440\u043e\u0432\u0430\u043d\u043d\u044b\u043c \u043f\u043e\u043a\u0440\u044b\u0442\u0438\u0435\u043c, \u043f\u043b\u0430\u0441\u0442\u0438\u043a\u043e\u0432\u0430\u044f \u0440\u0443\u0447\u043a\u0430 (\u043d\u0435\u043a\u043e\u0442\u043e\u0440\u044b\u0435 \u0440\u0430\u0437\u043c\u0435\u0440\u044b \u0431\u0435\u0437 \u0440\u0443\u0447\u043a\u0438)<\/p>\n<p><b>\u0414\u043b\u0438\u043d\u0430:<\/b> 15 \u0441\u043c<\/p>\n<p><b>\u0414\u043e\u0441\u0442\u0443\u043f\u043d\u044b\u0435 \u0440\u0430\u0437\u043c\u0435\u0440\u044b<\/b><b><\/b><\/p>\n<p>\u20220,6 \u043c\u043c \u00a0<i>\u0431\u0435\u0437 \u043f\u043b\u0430\u0441\u0442\u0438\u043a\u043e\u0432\u043e\u0439 \u0440\u0443\u0447\u043a\u0438<\/i><i><\/i><\/p>\n<p>\u20220,75 \u043c\u043c \u00a0<i>\u0431\u0435\u0437 \u043f\u043b\u0430\u0441\u0442\u0438\u043a\u043e\u0432\u043e\u0439 \u0440\u0443\u0447\u043a\u0438<\/i><i><\/i><\/p>\n<p>\u20221,25 \u043c\u043c <i>\u0431\u0435\u0437 \u043f\u043b\u0430\u0441\u0442\u0438\u043a\u043e\u0432\u043e\u0439 \u0440\u0443\u0447\u043a\u0438<\/i><i><\/i><\/p>\n<p>\u20223,75 \u043c\u043c <em>\u0441<\/em><i>\u00a0\u043f\u043b\u0430\u0441\u0442\u0438\u043a\u043e\u0432\u043e\u0439 \u0440\u0443\u0447\u043a\u043e\u0439<\/i><\/p>\n<p>\u20225,0 \u043c\u043c <em>\u0441<\/em><i>\u00a0\u043f\u043b\u0430\u0441\u0442\u0438\u043a\u043e\u0432\u043e\u0439 \u0440\u0443\u0447\u043a\u043e\u0439<\/i><\/p>\n<p><b>\u041f\u0440\u0438\u043c\u0435\u0447\u0430\u043d\u0438\u0435:<\/b> \u0426\u0432\u0435\u0442\u043e\u0432\u044b\u0435 \u043e\u0442\u0442\u0435\u043d\u043a\u0438 \u043c\u043e\u0433\u0443\u0442 \u043d\u0435\u0437\u043d\u0430\u0447\u0438\u0442\u0435\u043b\u044c\u043d\u043e \u043e\u0442\u043b\u0438\u0447\u0430\u0442\u044c\u0441\u044f \u0432 \u0437\u0430\u0432\u0438\u0441\u0438\u043c\u043e\u0441\u0442\u0438 \u043e\u0442 \u044d\u043a\u0440\u0430\u043d\u0430 \u0432\u0430\u0448\u0435\u0433\u043e \u0443\u0441\u0442\u0440\u043e\u0439\u0441\u0442\u0432\u0430.<\/p>","protected":false},"excerpt":{"rendered":"<p>Patog\u016bs ir kokybi\u0161ki \u201eAddi\u201c v\u0105\u0161eliai \u2013 puikus pasirinkimas tiek pradedantiesiems, tiek patyrusiems n\u0117r\u0117jams. Nikeliuota danga u\u017etikrina ypatingai lengv\u0105 si\u016bl\u0173 slydim\u0105, o ergonomi\u0161ka plastikin\u0117 ranken\u0117l\u0117 leid\u017eia dirbti ilgai be nuovargio. Pagaminta Vokietijoje. Med\u017eiaga: metalas su nikeliuota danga, plastikin\u0117 ranken\u0117l\u0117 (kai kuriuose dyd\u017eiuose be ranken\u0117l\u0117s) Ilgis: 15 cm Turimi dyd\u017eiai \u20220,6 mm \u00a0be plastikin\u0117s ranken\u0117l\u0117s \u20220,75 mm [&hellip;]<\/p>\n","protected":false},"featured_media":6420,"comment_status":"open","ping_status":"closed","template":"","meta":{"_acf_changed":false},"product_brand":[786],"product_cat":[15,870],"product_tag":[],"pro-kategorijos":[],"class_list":{"0":"post-6411","1":"product","2":"type-product","3":"status-publish","4":"has-post-thumbnail","6":"product_brand-addi","7":"product_cat-visi-produktai","8":"product_cat-nerimo-vaseliai","10":"first","11":"instock","12":"shipping-taxable","13":"purchasable","14":"product-type-variable"},"acf":[],"yoast_head":"<!-- This site is optimized with the Yoast SEO plugin v26.8 - https:\/\/yoast.com\/product\/yoast-seo-wordpress\/ -->\n<title>Addi N\u0117rimo V\u0105\u0161eliai - Happyinaknit.com<\/title>\n<meta name=\"robots\" content=\"index, follow, max-snippet:-1, max-image-preview:large, max-video-preview:-1\" \/>\n<link rel=\"canonical\" href=\"https:\/\/happyinaknit.com\/ru\/product\/addi-nerimo-vaseliai\/\" \/>\n<meta property=\"og:locale\" content=\"ru_RU\" \/>\n<meta property=\"og:type\" content=\"article\" \/>\n<meta property=\"og:title\" content=\"Addi N\u0117rimo V\u0105\u0161eliai - Happyinaknit.com\" \/>\n<meta property=\"og:description\" content=\"Patog\u016bs ir kokybi\u0161ki \u201eAddi\u201c v\u0105\u0161eliai \u2013 puikus pasirinkimas tiek pradedantiesiems, tiek patyrusiems n\u0117r\u0117jams. Nikeliuota danga u\u017etikrina ypatingai lengv\u0105 si\u016bl\u0173 slydim\u0105, o ergonomi\u0161ka plastikin\u0117 ranken\u0117l\u0117 leid\u017eia dirbti ilgai be nuovargio. Pagaminta Vokietijoje. Med\u017eiaga: metalas su nikeliuota danga, plastikin\u0117 ranken\u0117l\u0117 (kai kuriuose dyd\u017eiuose be ranken\u0117l\u0117s) Ilgis: 15 cm Turimi dyd\u017eiai \u20220,6 mm \u00a0be plastikin\u0117s ranken\u0117l\u0117s \u20220,75 mm [&hellip;]\" \/>\n<meta property=\"og:url\" content=\"https:\/\/happyinaknit.com\/ru\/product\/addi-nerimo-vaseliai\/\" \/>\n<meta property=\"og:site_name\" content=\"Happyinaknit.com\" \/>\n<meta property=\"article:modified_time\" content=\"2026-02-23T13:10:18+00:00\" \/>\n<meta property=\"og:image\" content=\"https:\/\/happyinaknit.com\/wp-content\/uploads\/2025\/10\/image_ad0271d3-30f3-4888-ad4d-3ac182606153_1280x.jpg.webp\" \/>\n\t<meta property=\"og:image:width\" content=\"1280\" \/>\n\t<meta property=\"og:image:height\" content=\"1280\" \/>\n\t<meta property=\"og:image:type\" content=\"image\/webp\" \/>\n<meta name=\"twitter:card\" content=\"summary_large_image\" \/>\n<meta name=\"twitter:label1\" content=\"\u041f\u0440\u0438\u043c\u0435\u0440\u043d\u043e\u0435 \u0432\u0440\u0435\u043c\u044f \u0434\u043b\u044f \u0447\u0442\u0435\u043d\u0438\u044f\" \/>\n\t<meta name=\"twitter:data1\" content=\"1 \u043c\u0438\u043d\u0443\u0442\u0430\" \/>\n<script type=\"application\/ld+json\" class=\"yoast-schema-graph\">{\"@context\":\"https:\/\/schema.org\",\"@graph\":[{\"@type\":\"WebPage\",\"@id\":\"https:\/\/happyinaknit.com\/produktas\/addi-nerimo-vaseliai\/\",\"url\":\"https:\/\/happyinaknit.com\/produktas\/addi-nerimo-vaseliai\/\",\"name\":\"Addi N\u0117rimo V\u0105\u0161eliai - Happyinaknit.com\",\"isPartOf\":{\"@id\":\"https:\/\/happyinaknit.com\/lt\/#website\"},\"primaryImageOfPage\":{\"@id\":\"https:\/\/happyinaknit.com\/produktas\/addi-nerimo-vaseliai\/#primaryimage\"},\"image\":{\"@id\":\"https:\/\/happyinaknit.com\/produktas\/addi-nerimo-vaseliai\/#primaryimage\"},\"thumbnailUrl\":\"https:\/\/happyinaknit.com\/wp-content\/uploads\/2025\/10\/image_ad0271d3-30f3-4888-ad4d-3ac182606153_1280x.jpg.webp\",\"datePublished\":\"2025-10-19T12:42:57+00:00\",\"dateModified\":\"2026-02-23T13:10:18+00:00\",\"breadcrumb\":{\"@id\":\"https:\/\/happyinaknit.com\/produktas\/addi-nerimo-vaseliai\/#breadcrumb\"},\"inLanguage\":\"ru-RU\",\"potentialAction\":[{\"@type\":\"ReadAction\",\"target\":[\"https:\/\/happyinaknit.com\/produktas\/addi-nerimo-vaseliai\/\"]}]},{\"@type\":\"ImageObject\",\"inLanguage\":\"ru-RU\",\"@id\":\"https:\/\/happyinaknit.com\/produktas\/addi-nerimo-vaseliai\/#primaryimage\",\"url\":\"https:\/\/happyinaknit.com\/wp-content\/uploads\/2025\/10\/image_ad0271d3-30f3-4888-ad4d-3ac182606153_1280x.jpg.webp\",\"contentUrl\":\"https:\/\/happyinaknit.com\/wp-content\/uploads\/2025\/10\/image_ad0271d3-30f3-4888-ad4d-3ac182606153_1280x.jpg.webp\",\"width\":1280,\"height\":1280},{\"@type\":\"BreadcrumbList\",\"@id\":\"https:\/\/happyinaknit.com\/produktas\/addi-nerimo-vaseliai\/#breadcrumb\",\"itemListElement\":[{\"@type\":\"ListItem\",\"position\":1,\"name\":\"Home\",\"item\":\"https:\/\/happyinaknit.com\/lt\/\"},{\"@type\":\"ListItem\",\"position\":2,\"name\":\"Parduotuv\u0117\",\"item\":\"https:\/\/happyinaknit.com\/lt\/parduotuve\/\"},{\"@type\":\"ListItem\",\"position\":3,\"name\":\"Addi N\u0117rimo V\u0105\u0161eliai\"}]},{\"@type\":\"WebSite\",\"@id\":\"https:\/\/happyinaknit.com\/lt\/#website\",\"url\":\"https:\/\/happyinaknit.com\/lt\/\",\"name\":\"Happyinaknit.com\",\"description\":\"\",\"potentialAction\":[{\"@type\":\"SearchAction\",\"target\":{\"@type\":\"EntryPoint\",\"urlTemplate\":\"https:\/\/happyinaknit.com\/lt\/?s={search_term_string}\"},\"query-input\":{\"@type\":\"PropertyValueSpecification\",\"valueRequired\":true,\"valueName\":\"search_term_string\"}}],\"inLanguage\":\"ru-RU\"}]}<\/script>\n<!-- \/ Yoast SEO plugin. -->","yoast_head_json":{"title":"Addi N\u0117rimo V\u0105\u0161eliai - Happyinaknit.com","robots":{"index":"index","follow":"follow","max-snippet":"max-snippet:-1","max-image-preview":"max-image-preview:large","max-video-preview":"max-video-preview:-1"},"canonical":"https:\/\/happyinaknit.com\/ru\/product\/addi-nerimo-vaseliai\/","og_locale":"ru_RU","og_type":"article","og_title":"Addi N\u0117rimo V\u0105\u0161eliai - Happyinaknit.com","og_description":"Patog\u016bs ir kokybi\u0161ki \u201eAddi\u201c v\u0105\u0161eliai \u2013 puikus pasirinkimas tiek pradedantiesiems, tiek patyrusiems n\u0117r\u0117jams. Nikeliuota danga u\u017etikrina ypatingai lengv\u0105 si\u016bl\u0173 slydim\u0105, o ergonomi\u0161ka plastikin\u0117 ranken\u0117l\u0117 leid\u017eia dirbti ilgai be nuovargio. Pagaminta Vokietijoje. Med\u017eiaga: metalas su nikeliuota danga, plastikin\u0117 ranken\u0117l\u0117 (kai kuriuose dyd\u017eiuose be ranken\u0117l\u0117s) Ilgis: 15 cm Turimi dyd\u017eiai \u20220,6 mm \u00a0be plastikin\u0117s ranken\u0117l\u0117s \u20220,75 mm [&hellip;]","og_url":"https:\/\/happyinaknit.com\/ru\/product\/addi-nerimo-vaseliai\/","og_site_name":"Happyinaknit.com","article_modified_time":"2026-02-23T13:10:18+00:00","og_image":[{"width":1280,"height":1280,"url":"https:\/\/happyinaknit.com\/wp-content\/uploads\/2025\/10\/image_ad0271d3-30f3-4888-ad4d-3ac182606153_1280x.jpg.webp","type":"image\/webp"}],"twitter_card":"summary_large_image","twitter_misc":{"\u041f\u0440\u0438\u043c\u0435\u0440\u043d\u043e\u0435 \u0432\u0440\u0435\u043c\u044f \u0434\u043b\u044f \u0447\u0442\u0435\u043d\u0438\u044f":"1 \u043c\u0438\u043d\u0443\u0442\u0430"},"schema":{"@context":"https:\/\/schema.org","@graph":[{"@type":"WebPage","@id":"https:\/\/happyinaknit.com\/produktas\/addi-nerimo-vaseliai\/","url":"https:\/\/happyinaknit.com\/produktas\/addi-nerimo-vaseliai\/","name":"Addi N\u0117rimo V\u0105\u0161eliai - Happyinaknit.com","isPartOf":{"@id":"https:\/\/happyinaknit.com\/lt\/#website"},"primaryImageOfPage":{"@id":"https:\/\/happyinaknit.com\/produktas\/addi-nerimo-vaseliai\/#primaryimage"},"image":{"@id":"https:\/\/happyinaknit.com\/produktas\/addi-nerimo-vaseliai\/#primaryimage"},"thumbnailUrl":"https:\/\/happyinaknit.com\/wp-content\/uploads\/2025\/10\/image_ad0271d3-30f3-4888-ad4d-3ac182606153_1280x.jpg.webp","datePublished":"2025-10-19T12:42:57+00:00","dateModified":"2026-02-23T13:10:18+00:00","breadcrumb":{"@id":"https:\/\/happyinaknit.com\/produktas\/addi-nerimo-vaseliai\/#breadcrumb"},"inLanguage":"ru-RU","potentialAction":[{"@type":"ReadAction","target":["https:\/\/happyinaknit.com\/produktas\/addi-nerimo-vaseliai\/"]}]},{"@type":"ImageObject","inLanguage":"ru-RU","@id":"https:\/\/happyinaknit.com\/produktas\/addi-nerimo-vaseliai\/#primaryimage","url":"https:\/\/happyinaknit.com\/wp-content\/uploads\/2025\/10\/image_ad0271d3-30f3-4888-ad4d-3ac182606153_1280x.jpg.webp","contentUrl":"https:\/\/happyinaknit.com\/wp-content\/uploads\/2025\/10\/image_ad0271d3-30f3-4888-ad4d-3ac182606153_1280x.jpg.webp","width":1280,"height":1280},{"@type":"BreadcrumbList","@id":"https:\/\/happyinaknit.com\/produktas\/addi-nerimo-vaseliai\/#breadcrumb","itemListElement":[{"@type":"ListItem","position":1,"name":"Home","item":"https:\/\/happyinaknit.com\/lt\/"},{"@type":"ListItem","position":2,"name":"Parduotuv\u0117","item":"https:\/\/happyinaknit.com\/lt\/parduotuve\/"},{"@type":"ListItem","position":3,"name":"Addi N\u0117rimo V\u0105\u0161eliai"}]},{"@type":"WebSite","@id":"https:\/\/happyinaknit.com\/lt\/#website","url":"https:\/\/happyinaknit.com\/lt\/","name":"Happyinaknit.com","description":"","potentialAction":[{"@type":"SearchAction","target":{"@type":"EntryPoint","urlTemplate":"https:\/\/happyinaknit.com\/lt\/?s={search_term_string}"},"query-input":{"@type":"PropertyValueSpecification","valueRequired":true,"valueName":"search_term_string"}}],"inLanguage":"ru-RU"}]}},"_links":{"self":[{"href":"https:\/\/happyinaknit.com\/ru\/wp-json\/wp\/v2\/product\/6411","targetHints":{"allow":["GET"]}}],"collection":[{"href":"https:\/\/happyinaknit.com\/ru\/wp-json\/wp\/v2\/product"}],"about":[{"href":"https:\/\/happyinaknit.com\/ru\/wp-json\/wp\/v2\/types\/product"}],"replies":[{"embeddable":true,"href":"https:\/\/happyinaknit.com\/ru\/wp-json\/wp\/v2\/comments?post=6411"}],"wp:featuredmedia":[{"embeddable":true,"href":"https:\/\/happyinaknit.com\/ru\/wp-json\/wp\/v2\/media\/6420"}],"wp:attachment":[{"href":"https:\/\/happyinaknit.com\/ru\/wp-json\/wp\/v2\/media?parent=6411"}],"wp:term":[{"taxonomy":"product_brand","embeddable":true,"href":"https:\/\/happyinaknit.com\/ru\/wp-json\/wp\/v2\/product_brand?post=6411"},{"taxonomy":"product_cat","embeddable":true,"href":"https:\/\/happyinaknit.com\/ru\/wp-json\/wp\/v2\/product_cat?post=6411"},{"taxonomy":"product_tag","embeddable":true,"href":"https:\/\/happyinaknit.com\/ru\/wp-json\/wp\/v2\/product_tag?post=6411"},{"taxonomy":"pro-kategorijos","embeddable":true,"href":"https:\/\/happyinaknit.com\/ru\/wp-json\/wp\/v2\/pro-kategorijos?post=6411"}],"curies":[{"name":"wp","href":"https:\/\/api.w.org\/{rel}","templated":true}]}}