{"id":6365,"date":"2025-10-19T12:08:47","date_gmt":"2025-10-19T12:08:47","guid":{"rendered":"https:\/\/happyinaknit.com\/?post_type=product&#038;p=6365"},"modified":"2026-03-06T13:57:24","modified_gmt":"2026-03-06T13:57:24","slug":"addi-christmas-virbalai-su-valu","status":"publish","type":"product","link":"https:\/\/happyinaknit.com\/ru\/product\/addi-christmas-virbalai-su-valu\/","title":{"rendered":"Addi Christmas \u0441\u043f\u0438\u0446\u044b \u043d\u0430 \u043b\u0435\u0441\u043a\u0435  80\/100 \u0441\u043c"},"content":{"rendered":"<p>\u041f\u0440\u0430\u0437\u0434\u043d\u0438\u0447\u043d\u043e\u0435 \u043f\u0440\u0435\u0434\u043b\u043e\u0436\u0435\u043d\u0438\u0435 \u043b\u0438\u043c\u0438\u0442\u0438\u0440\u043e\u0432\u0430\u043d\u043d\u043e\u0439 \u0441\u0435\u0440\u0438\u0438 \u2014 \u0438\u0434\u0435\u0430\u043b\u044c\u043d\u044b\u0439 \u043f\u043e\u0434\u0430\u0440\u043e\u043a \u0434\u043b\u044f \u0432\u0441\u0435\u0445 \u043b\u044e\u0431\u0438\u0442\u0435\u043b\u0435\u0439 \u0432\u044f\u0437\u0430\u043d\u0438\u044f! \u041f\u0440\u0438\u043e\u0431\u0440\u0435\u0442\u0430\u044f \u044d\u0442\u0443 \u043e\u0441\u043e\u0431\u0435\u043d\u043d\u0443\u044e \u0440\u043e\u0436\u0434\u0435\u0441\u0442\u0432\u0435\u043d\u0441\u043a\u0443\u044e \u043f\u0430\u0440\u0443 Addi, \u0432\u044b \u043d\u0435 \u0442\u043e\u043b\u044c\u043a\u043e \u043f\u043e\u043b\u0443\u0447\u0430\u0435\u0442\u0435 \u044d\u043a\u0441\u043a\u043b\u044e\u0437\u0438\u0432\u043d\u044b\u0435 \u0441\u043f\u0438\u0446\u044b, \u043d\u043e \u0438 \u0432\u043d\u043e\u0441\u0438\u0442\u0435 \u0441\u0432\u043e\u0439 \u0432\u043a\u043b\u0430\u0434 \u0432 \u0431\u043b\u0430\u0433\u043e\u0442\u0432\u043e\u0440\u0438\u0442\u0435\u043b\u044c\u043d\u043e\u0441\u0442\u044c: \u0441 \u043a\u0430\u0436\u0434\u043e\u0439 \u043f\u0440\u043e\u0434\u0430\u043d\u043d\u043e\u0439 \u043f\u0430\u0440\u044b Addi \u0436\u0435\u0440\u0442\u0432\u0443\u0435\u0442 0,50 \u0435\u0432\u0440\u043e \u0432 \u0434\u0435\u0442\u0441\u043a\u0438\u0439 \u0438 \u044e\u043d\u043e\u0448\u0435\u0441\u043a\u0438\u0439 \u0445\u043e\u0441\u043f\u0438\u0441. <b>\u0411\u0430\u043b\u044c\u0442\u0430\u0437\u0430\u0440 \u041e\u043b\u044c\u043f\u0435<\/b> (\u0417\u0430\u0443\u044d\u0440\u043b\u0430\u043d\u0434, \u0413\u0435\u0440\u043c\u0430\u043d\u0438\u044f). \u0414\u0432\u043e\u0439\u043d\u043e\u0439 \u043f\u043e\u0434\u0430\u0440\u043e\u043a \u043a \u043f\u0440\u0430\u0437\u0434\u043d\u0438\u043a\u0443 \u2014 \u0440\u0430\u0434\u043e\u0441\u0442\u044c \u0432\u044f\u0437\u0430\u043d\u0438\u044f \u0438 \u0434\u043e\u0431\u0440\u043e\u0435 \u0441\u0435\u0440\u0434\u0446\u0435.<\/p>\n<p>\u041a\u043e\u043d\u0435\u0447\u043d\u043e, <b>\u0441\u0434\u0435\u043b\u0430\u043d\u043e \u0432 \u0413\u0435\u0440\u043c\u0430\u043d\u0438\u0438<\/b>.<\/p>\n<p><b>\u041c\u0430\u0442\u0435\u0440\u0438\u0430\u043b:<\/b> \u041d\u0430\u043a\u043e\u043d\u0435\u0447\u043d\u0438\u043a\u0438 \u0438\u0437 \u0430\u043d\u043e\u0434\u0438\u0440\u043e\u0432\u0430\u043d\u043d\u043e\u0433\u043e \u0430\u043b\u044e\u043c\u0438\u043d\u0438\u044f (125 \u043c\u043c, \u0442\u0432\u0435\u0440\u0434\u044b\u0435) \u0441 \u043b\u0430\u0437\u0435\u0440\u043d\u043e\u0439 \u0433\u0440\u0430\u0432\u0438\u0440\u043e\u0432\u043a\u043e\u0439 \u0438 \u043a\u0440\u0430\u0441\u043d\u043e\u0439 \u043b\u0435\u0441\u043a\u043e\u0439 (\u043f\u043b\u0430\u0441\u0442\u0438\u043a).<\/p>\n<p><b>\u041f\u0440\u0438\u043c\u0435\u0447\u0430\u043d\u0438\u0435:<\/b> \u0426\u0432\u0435\u0442\u043e\u0432\u044b\u0435 \u043e\u0442\u0442\u0435\u043d\u043a\u0438 \u043c\u043e\u0433\u0443\u0442 \u043d\u0435\u0437\u043d\u0430\u0447\u0438\u0442\u0435\u043b\u044c\u043d\u043e \u043e\u0442\u043b\u0438\u0447\u0430\u0442\u044c\u0441\u044f \u0432 \u0437\u0430\u0432\u0438\u0441\u0438\u043c\u043e\u0441\u0442\u0438 \u043e\u0442 \u044d\u043a\u0440\u0430\u043d\u0430 \u0432\u0430\u0448\u0435\u0433\u043e \u0443\u0441\u0442\u0440\u043e\u0439\u0441\u0442\u0432\u0430.<\/p>","protected":false},"excerpt":{"rendered":"<p>\u0160ventinis riboto leidimo pasi\u016blymas \u2013 puiki dovana visiems mezgimo myl\u0117tojams! Pirkdami \u0161i\u0105 speciali\u0105 \u201eAddi Christmas\u201c por\u0105, j\u016bs ne tik gaunate i\u0161skirtinius virbalus, bet ir prisidedate prie gerumo: u\u017e kiekvien\u0105 parduot\u0105 por\u0105 \u201eAddi\u201c paaukoja 0,50 \u20ac vaik\u0173 ir jaunimo hospisui Balthasar Olpe (Sauerland regione, Vokietijoje). Dviguba \u0161ventin\u0117 dovana \u2013 mezgimo d\u017eiaugsmas ir gera \u0161irdis. \u017dinoma, pagaminta [&hellip;]<\/p>\n","protected":false},"featured_media":6369,"comment_status":"open","ping_status":"closed","template":"","meta":{"_acf_changed":false},"product_brand":[786],"product_cat":[15,19,862],"product_tag":[],"pro-kategorijos":[],"class_list":{"0":"post-6365","1":"product","2":"type-product","3":"status-publish","4":"has-post-thumbnail","6":"product_brand-addi","7":"product_cat-visi-produktai","8":"product_cat-mezgimo-priemones","9":"product_cat-virbalai-su-valu","11":"first","12":"instock","13":"shipping-taxable","14":"purchasable","15":"product-type-variable"},"acf":[],"yoast_head":"<!-- This site is optimized with the Yoast SEO plugin v26.8 - https:\/\/yoast.com\/product\/yoast-seo-wordpress\/ -->\n<title>Addi Christmas Virbalai Su Valu 80\/100 cm - Happyinaknit.com<\/title>\n<meta name=\"robots\" content=\"index, follow, max-snippet:-1, max-image-preview:large, max-video-preview:-1\" \/>\n<link rel=\"canonical\" href=\"https:\/\/happyinaknit.com\/ru\/product\/addi-christmas-virbalai-su-valu\/\" \/>\n<meta property=\"og:locale\" content=\"ru_RU\" \/>\n<meta property=\"og:type\" content=\"article\" \/>\n<meta property=\"og:title\" content=\"Addi Christmas Virbalai Su Valu 80\/100 cm - Happyinaknit.com\" \/>\n<meta property=\"og:description\" content=\"\u0160ventinis riboto leidimo pasi\u016blymas \u2013 puiki dovana visiems mezgimo myl\u0117tojams! Pirkdami \u0161i\u0105 speciali\u0105 \u201eAddi Christmas\u201c por\u0105, j\u016bs ne tik gaunate i\u0161skirtinius virbalus, bet ir prisidedate prie gerumo: u\u017e kiekvien\u0105 parduot\u0105 por\u0105 \u201eAddi\u201c paaukoja 0,50 \u20ac vaik\u0173 ir jaunimo hospisui Balthasar Olpe (Sauerland regione, Vokietijoje). Dviguba \u0161ventin\u0117 dovana \u2013 mezgimo d\u017eiaugsmas ir gera \u0161irdis. \u017dinoma, pagaminta [&hellip;]\" \/>\n<meta property=\"og:url\" content=\"https:\/\/happyinaknit.com\/ru\/product\/addi-christmas-virbalai-su-valu\/\" \/>\n<meta property=\"og:site_name\" content=\"Happyinaknit.com\" \/>\n<meta property=\"article:modified_time\" content=\"2026-03-06T13:57:24+00:00\" \/>\n<meta property=\"og:image\" content=\"https:\/\/happyinaknit.com\/wp-content\/uploads\/2025\/10\/AD7052060-4.00-1.jpg.webp\" \/>\n\t<meta property=\"og:image:width\" content=\"1000\" \/>\n\t<meta property=\"og:image:height\" content=\"1000\" \/>\n\t<meta property=\"og:image:type\" content=\"image\/webp\" \/>\n<meta name=\"twitter:card\" content=\"summary_large_image\" \/>\n<script type=\"application\/ld+json\" class=\"yoast-schema-graph\">{\"@context\":\"https:\/\/schema.org\",\"@graph\":[{\"@type\":\"WebPage\",\"@id\":\"https:\/\/happyinaknit.com\/produktas\/addi-christmas-virbalai-su-valu\/\",\"url\":\"https:\/\/happyinaknit.com\/produktas\/addi-christmas-virbalai-su-valu\/\",\"name\":\"Addi Christmas Virbalai Su Valu 80\/100 cm - Happyinaknit.com\",\"isPartOf\":{\"@id\":\"https:\/\/happyinaknit.com\/lt\/#website\"},\"primaryImageOfPage\":{\"@id\":\"https:\/\/happyinaknit.com\/produktas\/addi-christmas-virbalai-su-valu\/#primaryimage\"},\"image\":{\"@id\":\"https:\/\/happyinaknit.com\/produktas\/addi-christmas-virbalai-su-valu\/#primaryimage\"},\"thumbnailUrl\":\"https:\/\/happyinaknit.com\/wp-content\/uploads\/2025\/10\/AD7052060-4.00-1.jpg.webp\",\"datePublished\":\"2025-10-19T12:08:47+00:00\",\"dateModified\":\"2026-03-06T13:57:24+00:00\",\"breadcrumb\":{\"@id\":\"https:\/\/happyinaknit.com\/produktas\/addi-christmas-virbalai-su-valu\/#breadcrumb\"},\"inLanguage\":\"ru-RU\",\"potentialAction\":[{\"@type\":\"ReadAction\",\"target\":[\"https:\/\/happyinaknit.com\/produktas\/addi-christmas-virbalai-su-valu\/\"]}]},{\"@type\":\"ImageObject\",\"inLanguage\":\"ru-RU\",\"@id\":\"https:\/\/happyinaknit.com\/produktas\/addi-christmas-virbalai-su-valu\/#primaryimage\",\"url\":\"https:\/\/happyinaknit.com\/wp-content\/uploads\/2025\/10\/AD7052060-4.00-1.jpg.webp\",\"contentUrl\":\"https:\/\/happyinaknit.com\/wp-content\/uploads\/2025\/10\/AD7052060-4.00-1.jpg.webp\",\"width\":1000,\"height\":1000},{\"@type\":\"BreadcrumbList\",\"@id\":\"https:\/\/happyinaknit.com\/produktas\/addi-christmas-virbalai-su-valu\/#breadcrumb\",\"itemListElement\":[{\"@type\":\"ListItem\",\"position\":1,\"name\":\"Home\",\"item\":\"https:\/\/happyinaknit.com\/lt\/\"},{\"@type\":\"ListItem\",\"position\":2,\"name\":\"Parduotuv\u0117\",\"item\":\"https:\/\/happyinaknit.com\/lt\/parduotuve\/\"},{\"@type\":\"ListItem\",\"position\":3,\"name\":\"Addi Christmas Virbalai Su Valu 80\/100 cm\"}]},{\"@type\":\"WebSite\",\"@id\":\"https:\/\/happyinaknit.com\/lt\/#website\",\"url\":\"https:\/\/happyinaknit.com\/lt\/\",\"name\":\"Happyinaknit.com\",\"description\":\"\",\"potentialAction\":[{\"@type\":\"SearchAction\",\"target\":{\"@type\":\"EntryPoint\",\"urlTemplate\":\"https:\/\/happyinaknit.com\/lt\/?s={search_term_string}\"},\"query-input\":{\"@type\":\"PropertyValueSpecification\",\"valueRequired\":true,\"valueName\":\"search_term_string\"}}],\"inLanguage\":\"ru-RU\"}]}<\/script>\n<!-- \/ Yoast SEO plugin. -->","yoast_head_json":{"title":"Addi Christmas Virbalai Su Valu 80\/100 cm - Happyinaknit.com","robots":{"index":"index","follow":"follow","max-snippet":"max-snippet:-1","max-image-preview":"max-image-preview:large","max-video-preview":"max-video-preview:-1"},"canonical":"https:\/\/happyinaknit.com\/ru\/product\/addi-christmas-virbalai-su-valu\/","og_locale":"ru_RU","og_type":"article","og_title":"Addi Christmas Virbalai Su Valu 80\/100 cm - Happyinaknit.com","og_description":"\u0160ventinis riboto leidimo pasi\u016blymas \u2013 puiki dovana visiems mezgimo myl\u0117tojams! Pirkdami \u0161i\u0105 speciali\u0105 \u201eAddi Christmas\u201c por\u0105, j\u016bs ne tik gaunate i\u0161skirtinius virbalus, bet ir prisidedate prie gerumo: u\u017e kiekvien\u0105 parduot\u0105 por\u0105 \u201eAddi\u201c paaukoja 0,50 \u20ac vaik\u0173 ir jaunimo hospisui Balthasar Olpe (Sauerland regione, Vokietijoje). Dviguba \u0161ventin\u0117 dovana \u2013 mezgimo d\u017eiaugsmas ir gera \u0161irdis. \u017dinoma, pagaminta [&hellip;]","og_url":"https:\/\/happyinaknit.com\/ru\/product\/addi-christmas-virbalai-su-valu\/","og_site_name":"Happyinaknit.com","article_modified_time":"2026-03-06T13:57:24+00:00","og_image":[{"width":1000,"height":1000,"url":"https:\/\/happyinaknit.com\/wp-content\/uploads\/2025\/10\/AD7052060-4.00-1.jpg.webp","type":"image\/webp"}],"twitter_card":"summary_large_image","schema":{"@context":"https:\/\/schema.org","@graph":[{"@type":"WebPage","@id":"https:\/\/happyinaknit.com\/produktas\/addi-christmas-virbalai-su-valu\/","url":"https:\/\/happyinaknit.com\/produktas\/addi-christmas-virbalai-su-valu\/","name":"Addi Christmas Virbalai Su Valu 80\/100 cm - Happyinaknit.com","isPartOf":{"@id":"https:\/\/happyinaknit.com\/lt\/#website"},"primaryImageOfPage":{"@id":"https:\/\/happyinaknit.com\/produktas\/addi-christmas-virbalai-su-valu\/#primaryimage"},"image":{"@id":"https:\/\/happyinaknit.com\/produktas\/addi-christmas-virbalai-su-valu\/#primaryimage"},"thumbnailUrl":"https:\/\/happyinaknit.com\/wp-content\/uploads\/2025\/10\/AD7052060-4.00-1.jpg.webp","datePublished":"2025-10-19T12:08:47+00:00","dateModified":"2026-03-06T13:57:24+00:00","breadcrumb":{"@id":"https:\/\/happyinaknit.com\/produktas\/addi-christmas-virbalai-su-valu\/#breadcrumb"},"inLanguage":"ru-RU","potentialAction":[{"@type":"ReadAction","target":["https:\/\/happyinaknit.com\/produktas\/addi-christmas-virbalai-su-valu\/"]}]},{"@type":"ImageObject","inLanguage":"ru-RU","@id":"https:\/\/happyinaknit.com\/produktas\/addi-christmas-virbalai-su-valu\/#primaryimage","url":"https:\/\/happyinaknit.com\/wp-content\/uploads\/2025\/10\/AD7052060-4.00-1.jpg.webp","contentUrl":"https:\/\/happyinaknit.com\/wp-content\/uploads\/2025\/10\/AD7052060-4.00-1.jpg.webp","width":1000,"height":1000},{"@type":"BreadcrumbList","@id":"https:\/\/happyinaknit.com\/produktas\/addi-christmas-virbalai-su-valu\/#breadcrumb","itemListElement":[{"@type":"ListItem","position":1,"name":"Home","item":"https:\/\/happyinaknit.com\/lt\/"},{"@type":"ListItem","position":2,"name":"Parduotuv\u0117","item":"https:\/\/happyinaknit.com\/lt\/parduotuve\/"},{"@type":"ListItem","position":3,"name":"Addi Christmas Virbalai Su Valu 80\/100 cm"}]},{"@type":"WebSite","@id":"https:\/\/happyinaknit.com\/lt\/#website","url":"https:\/\/happyinaknit.com\/lt\/","name":"Happyinaknit.com","description":"","potentialAction":[{"@type":"SearchAction","target":{"@type":"EntryPoint","urlTemplate":"https:\/\/happyinaknit.com\/lt\/?s={search_term_string}"},"query-input":{"@type":"PropertyValueSpecification","valueRequired":true,"valueName":"search_term_string"}}],"inLanguage":"ru-RU"}]}},"_links":{"self":[{"href":"https:\/\/happyinaknit.com\/ru\/wp-json\/wp\/v2\/product\/6365","targetHints":{"allow":["GET"]}}],"collection":[{"href":"https:\/\/happyinaknit.com\/ru\/wp-json\/wp\/v2\/product"}],"about":[{"href":"https:\/\/happyinaknit.com\/ru\/wp-json\/wp\/v2\/types\/product"}],"replies":[{"embeddable":true,"href":"https:\/\/happyinaknit.com\/ru\/wp-json\/wp\/v2\/comments?post=6365"}],"wp:featuredmedia":[{"embeddable":true,"href":"https:\/\/happyinaknit.com\/ru\/wp-json\/wp\/v2\/media\/6369"}],"wp:attachment":[{"href":"https:\/\/happyinaknit.com\/ru\/wp-json\/wp\/v2\/media?parent=6365"}],"wp:term":[{"taxonomy":"product_brand","embeddable":true,"href":"https:\/\/happyinaknit.com\/ru\/wp-json\/wp\/v2\/product_brand?post=6365"},{"taxonomy":"product_cat","embeddable":true,"href":"https:\/\/happyinaknit.com\/ru\/wp-json\/wp\/v2\/product_cat?post=6365"},{"taxonomy":"product_tag","embeddable":true,"href":"https:\/\/happyinaknit.com\/ru\/wp-json\/wp\/v2\/product_tag?post=6365"},{"taxonomy":"pro-kategorijos","embeddable":true,"href":"https:\/\/happyinaknit.com\/ru\/wp-json\/wp\/v2\/pro-kategorijos?post=6365"}],"curies":[{"name":"wp","href":"https:\/\/api.w.org\/{rel}","templated":true}]}}