{"id":6352,"date":"2025-10-19T11:42:33","date_gmt":"2025-10-19T11:42:33","guid":{"rendered":"https:\/\/happyinaknit.com\/?post_type=product&#038;p=6352"},"modified":"2025-12-29T21:09:39","modified_gmt":"2025-12-29T21:09:39","slug":"wolle-rodel-prisukami-virbalai-115-cm","status":"publish","type":"product","link":"https:\/\/happyinaknit.com\/ru\/product\/wolle-rodel-prisukami-virbalai-115-cm\/","title":{"rendered":"Wolle R\u00f6del \u0440\u0430\u0437\u044a\u0435\u043c\u043d\u044b\u0435 \u0441\u043f\u0438\u0446\u044b  11.5 cm"},"content":{"rendered":"<p>\u0412\u044b\u0441\u043e\u043a\u043e\u0433\u043e \u043a\u0430\u0447\u0435\u0441\u0442\u0432\u0430 \u0440\u0430\u0437\u044a\u0435\u043c\u043d\u044b\u0435 \u0441\u043f\u0438\u0446\u044b  \u043e\u0442 Wolle R\u00f6del, \u0438\u0437\u0433\u043e\u0442\u043e\u0432\u043b\u0435\u043d\u043d\u044b \u0438\u0437 \u0431\u0435\u0440\u0435\u0437\u044b. \u041b\u0435\u0433\u043a\u0438\u0435, \u0442\u0435\u043f\u043b\u044b\u0435 \u0438 \u043f\u0440\u0438\u044f\u0442\u043d\u044b\u0435 \u043d\u0430 \u043e\u0449\u0443\u043f\u044c, \u043d\u0430 \u043d\u0438\u0445 \u0432\u044f\u0437\u0430\u043d\u0438\u0435 \u043a\u043e\u043c\u0444\u043e\u0440\u0442\u043d\u043e\u0435  \u0438 \u043f\u043b\u0430\u0432\u043d\u043e\u0435 \u0441\u043a\u043e\u043b\u044c\u0436\u0435\u043d\u0438\u0435.<\/p>\n<p>\u0421\u043f\u0438\u0446\u044b \u0434\u043b\u0438\u043d\u043e\u0439 11,5 \u0441\u043c \u0438\u0434\u0435\u0430\u043b\u044c\u043d\u043e \u043f\u043e\u0434\u0445\u043e\u0434\u044f\u0442 \u0434\u043b\u044f \u043d\u0435\u0431\u043e\u043b\u044c\u0448\u0438\u0445 \u0438 \u0441\u0440\u0435\u0434\u043d\u0438\u0445 \u043f\u0440\u043e\u0435\u043a\u0442\u043e\u0432 \u0438 \u0441\u043e\u0432\u043c\u0435\u0441\u0442\u0438\u043c\u044b \u0441 \u043b\u0435\u0441\u043a\u0430\u043c\u0438 \u043e\u0442 KnitPro, LYKKE, The Mindful Collection \u0438 Lantern Moon.<\/p>\n<p><strong>\u041c\u0430\u0442\u0435\u0440\u0438\u0430\u043b:<\/strong>: \u0431\u0435\u0440\u0435\u0437\u0430<\/p>\n<p><b>\u0414\u043b\u0438\u043d\u0430:<\/b> 11,5 \u0441\u043c<\/p>\n<p><b>\u041a\u043e\u043b\u0438\u0447\u0435\u0441\u0442\u0432\u043e \u0432 \u0443\u043f\u0430\u043a\u043e\u0432\u043a\u0435:<\/b> 1 \u043f\u0430\u0440\u0430<\/p>\n<p><b>\u0421\u043e\u0432\u043c\u0435\u0441\u0442\u0438\u043c\u043e\u0441\u0442\u044c:<\/b> KnitPro, LYKKE, The Mindful Collection, Lantern Moon<\/p>\n<p><b>\u041f\u0440\u0438\u043c\u0435\u0447\u0430\u043d\u0438\u0435:<\/b> \u0426\u0432\u0435\u0442\u043e\u0432\u044b\u0435 \u043e\u0442\u0442\u0435\u043d\u043a\u0438 \u043c\u043e\u0433\u0443\u0442 \u043d\u0435\u0437\u043d\u0430\u0447\u0438\u0442\u0435\u043b\u044c\u043d\u043e \u043e\u0442\u043b\u0438\u0447\u0430\u0442\u044c\u0441\u044f \u0432 \u0437\u0430\u0432\u0438\u0441\u0438\u043c\u043e\u0441\u0442\u0438 \u043e\u0442 \u044d\u043a\u0440\u0430\u043d\u0430 \u0432\u0430\u0448\u0435\u0433\u043e \u0443\u0441\u0442\u0440\u043e\u0439\u0441\u0442\u0432\u0430.<\/p>","protected":false},"excerpt":{"rendered":"<p>Auk\u0161tos kokyb\u0117s prisukami virbalai i\u0161 Wolle R\u00f6del, pagaminti i\u0161 nat\u016bralios ber\u017eo medienos. Lengvi, \u0161ilti ir malon\u016bs liesti, \u0161ie virbalai u\u017etikrina patog\u0173 mezgim\u0105 ir tolyg\u0173 si\u016bl\u0173 slydim\u0105. 11,5 cm ilgio virbalai yra ideal\u016bs tiek ma\u017eesniems, tiek vidutinio dyd\u017eio projektams ir suderinami su valais prisukamiems virbalams i\u0161 KnitPro, LYKKE, The Mindful Collection ir Lantern Moon. Med\u017eiaga: ber\u017eas [&hellip;]<\/p>\n","protected":false},"featured_media":6333,"comment_status":"open","ping_status":"closed","template":"","meta":{"_acf_changed":false},"product_brand":[68,1070],"product_cat":[15,19,863],"product_tag":[],"pro-kategorijos":[],"class_list":{"0":"post-6352","1":"product","2":"type-product","3":"status-publish","4":"has-post-thumbnail","6":"product_brand-rico-design","7":"product_brand-wolle-rodel","8":"product_cat-visi-produktai","9":"product_cat-mezgimo-priemones","10":"product_cat-prisukami-virbalai","12":"first","13":"instock","14":"shipping-taxable","15":"purchasable","16":"product-type-variable"},"acf":[],"yoast_head":"<!-- This site is optimized with the Yoast SEO plugin v26.8 - https:\/\/yoast.com\/product\/yoast-seo-wordpress\/ -->\n<title>Wolle R\u00f6del Prisukami Virbalai 11,5 cm - Happyinaknit.com<\/title>\n<meta name=\"robots\" content=\"index, follow, max-snippet:-1, max-image-preview:large, max-video-preview:-1\" \/>\n<link rel=\"canonical\" href=\"https:\/\/happyinaknit.com\/ru\/product\/wolle-rodel-prisukami-virbalai-115-cm\/\" \/>\n<meta property=\"og:locale\" content=\"ru_RU\" \/>\n<meta property=\"og:type\" content=\"article\" \/>\n<meta property=\"og:title\" content=\"Wolle R\u00f6del Prisukami Virbalai 11,5 cm - Happyinaknit.com\" \/>\n<meta property=\"og:description\" content=\"Auk\u0161tos kokyb\u0117s prisukami virbalai i\u0161 Wolle R\u00f6del, pagaminti i\u0161 nat\u016bralios ber\u017eo medienos. Lengvi, \u0161ilti ir malon\u016bs liesti, \u0161ie virbalai u\u017etikrina patog\u0173 mezgim\u0105 ir tolyg\u0173 si\u016bl\u0173 slydim\u0105. 11,5 cm ilgio virbalai yra ideal\u016bs tiek ma\u017eesniems, tiek vidutinio dyd\u017eio projektams ir suderinami su valais prisukamiems virbalams i\u0161 KnitPro, LYKKE, The Mindful Collection ir Lantern Moon. Med\u017eiaga: ber\u017eas [&hellip;]\" \/>\n<meta property=\"og:url\" content=\"https:\/\/happyinaknit.com\/ru\/product\/wolle-rodel-prisukami-virbalai-115-cm\/\" \/>\n<meta property=\"og:site_name\" content=\"Happyinaknit.com\" \/>\n<meta property=\"article:modified_time\" content=\"2025-12-29T21:09:39+00:00\" \/>\n<meta property=\"og:image\" content=\"https:\/\/happyinaknit.com\/wp-content\/uploads\/2025\/10\/562468-3022.00.55_2.jpg\" \/>\n\t<meta property=\"og:image:width\" content=\"1500\" \/>\n\t<meta property=\"og:image:height\" content=\"1500\" \/>\n\t<meta property=\"og:image:type\" content=\"image\/jpeg\" \/>\n<meta name=\"twitter:card\" content=\"summary_large_image\" \/>\n<script type=\"application\/ld+json\" class=\"yoast-schema-graph\">{\"@context\":\"https:\/\/schema.org\",\"@graph\":[{\"@type\":\"WebPage\",\"@id\":\"https:\/\/happyinaknit.com\/produktas\/wolle-rodel-prisukami-virbalai-115-cm\/\",\"url\":\"https:\/\/happyinaknit.com\/produktas\/wolle-rodel-prisukami-virbalai-115-cm\/\",\"name\":\"Wolle R\u00f6del Prisukami Virbalai 11,5 cm - Happyinaknit.com\",\"isPartOf\":{\"@id\":\"https:\/\/happyinaknit.com\/lt\/#website\"},\"primaryImageOfPage\":{\"@id\":\"https:\/\/happyinaknit.com\/produktas\/wolle-rodel-prisukami-virbalai-115-cm\/#primaryimage\"},\"image\":{\"@id\":\"https:\/\/happyinaknit.com\/produktas\/wolle-rodel-prisukami-virbalai-115-cm\/#primaryimage\"},\"thumbnailUrl\":\"https:\/\/happyinaknit.com\/wp-content\/uploads\/2025\/10\/562468-3022.00.55_2.jpg\",\"datePublished\":\"2025-10-19T11:42:33+00:00\",\"dateModified\":\"2025-12-29T21:09:39+00:00\",\"breadcrumb\":{\"@id\":\"https:\/\/happyinaknit.com\/produktas\/wolle-rodel-prisukami-virbalai-115-cm\/#breadcrumb\"},\"inLanguage\":\"ru-RU\",\"potentialAction\":[{\"@type\":\"ReadAction\",\"target\":[\"https:\/\/happyinaknit.com\/produktas\/wolle-rodel-prisukami-virbalai-115-cm\/\"]}]},{\"@type\":\"ImageObject\",\"inLanguage\":\"ru-RU\",\"@id\":\"https:\/\/happyinaknit.com\/produktas\/wolle-rodel-prisukami-virbalai-115-cm\/#primaryimage\",\"url\":\"https:\/\/happyinaknit.com\/wp-content\/uploads\/2025\/10\/562468-3022.00.55_2.jpg\",\"contentUrl\":\"https:\/\/happyinaknit.com\/wp-content\/uploads\/2025\/10\/562468-3022.00.55_2.jpg\",\"width\":1500,\"height\":1500},{\"@type\":\"BreadcrumbList\",\"@id\":\"https:\/\/happyinaknit.com\/produktas\/wolle-rodel-prisukami-virbalai-115-cm\/#breadcrumb\",\"itemListElement\":[{\"@type\":\"ListItem\",\"position\":1,\"name\":\"Home\",\"item\":\"https:\/\/happyinaknit.com\/lt\/\"},{\"@type\":\"ListItem\",\"position\":2,\"name\":\"Parduotuv\u0117\",\"item\":\"https:\/\/happyinaknit.com\/lt\/parduotuve\/\"},{\"@type\":\"ListItem\",\"position\":3,\"name\":\"Wolle R\u00f6del Prisukami Virbalai 11,5 cm\"}]},{\"@type\":\"WebSite\",\"@id\":\"https:\/\/happyinaknit.com\/lt\/#website\",\"url\":\"https:\/\/happyinaknit.com\/lt\/\",\"name\":\"Happyinaknit.com\",\"description\":\"\",\"potentialAction\":[{\"@type\":\"SearchAction\",\"target\":{\"@type\":\"EntryPoint\",\"urlTemplate\":\"https:\/\/happyinaknit.com\/lt\/?s={search_term_string}\"},\"query-input\":{\"@type\":\"PropertyValueSpecification\",\"valueRequired\":true,\"valueName\":\"search_term_string\"}}],\"inLanguage\":\"ru-RU\"}]}<\/script>\n<!-- \/ Yoast SEO plugin. -->","yoast_head_json":{"title":"Wolle R\u00f6del Prisukami Virbalai 11,5 cm - Happyinaknit.com","robots":{"index":"index","follow":"follow","max-snippet":"max-snippet:-1","max-image-preview":"max-image-preview:large","max-video-preview":"max-video-preview:-1"},"canonical":"https:\/\/happyinaknit.com\/ru\/product\/wolle-rodel-prisukami-virbalai-115-cm\/","og_locale":"ru_RU","og_type":"article","og_title":"Wolle R\u00f6del Prisukami Virbalai 11,5 cm - Happyinaknit.com","og_description":"Auk\u0161tos kokyb\u0117s prisukami virbalai i\u0161 Wolle R\u00f6del, pagaminti i\u0161 nat\u016bralios ber\u017eo medienos. Lengvi, \u0161ilti ir malon\u016bs liesti, \u0161ie virbalai u\u017etikrina patog\u0173 mezgim\u0105 ir tolyg\u0173 si\u016bl\u0173 slydim\u0105. 11,5 cm ilgio virbalai yra ideal\u016bs tiek ma\u017eesniems, tiek vidutinio dyd\u017eio projektams ir suderinami su valais prisukamiems virbalams i\u0161 KnitPro, LYKKE, The Mindful Collection ir Lantern Moon. Med\u017eiaga: ber\u017eas [&hellip;]","og_url":"https:\/\/happyinaknit.com\/ru\/product\/wolle-rodel-prisukami-virbalai-115-cm\/","og_site_name":"Happyinaknit.com","article_modified_time":"2025-12-29T21:09:39+00:00","og_image":[{"width":1500,"height":1500,"url":"https:\/\/happyinaknit.com\/wp-content\/uploads\/2025\/10\/562468-3022.00.55_2.jpg","type":"image\/jpeg"}],"twitter_card":"summary_large_image","schema":{"@context":"https:\/\/schema.org","@graph":[{"@type":"WebPage","@id":"https:\/\/happyinaknit.com\/produktas\/wolle-rodel-prisukami-virbalai-115-cm\/","url":"https:\/\/happyinaknit.com\/produktas\/wolle-rodel-prisukami-virbalai-115-cm\/","name":"Wolle R\u00f6del Prisukami Virbalai 11,5 cm - Happyinaknit.com","isPartOf":{"@id":"https:\/\/happyinaknit.com\/lt\/#website"},"primaryImageOfPage":{"@id":"https:\/\/happyinaknit.com\/produktas\/wolle-rodel-prisukami-virbalai-115-cm\/#primaryimage"},"image":{"@id":"https:\/\/happyinaknit.com\/produktas\/wolle-rodel-prisukami-virbalai-115-cm\/#primaryimage"},"thumbnailUrl":"https:\/\/happyinaknit.com\/wp-content\/uploads\/2025\/10\/562468-3022.00.55_2.jpg","datePublished":"2025-10-19T11:42:33+00:00","dateModified":"2025-12-29T21:09:39+00:00","breadcrumb":{"@id":"https:\/\/happyinaknit.com\/produktas\/wolle-rodel-prisukami-virbalai-115-cm\/#breadcrumb"},"inLanguage":"ru-RU","potentialAction":[{"@type":"ReadAction","target":["https:\/\/happyinaknit.com\/produktas\/wolle-rodel-prisukami-virbalai-115-cm\/"]}]},{"@type":"ImageObject","inLanguage":"ru-RU","@id":"https:\/\/happyinaknit.com\/produktas\/wolle-rodel-prisukami-virbalai-115-cm\/#primaryimage","url":"https:\/\/happyinaknit.com\/wp-content\/uploads\/2025\/10\/562468-3022.00.55_2.jpg","contentUrl":"https:\/\/happyinaknit.com\/wp-content\/uploads\/2025\/10\/562468-3022.00.55_2.jpg","width":1500,"height":1500},{"@type":"BreadcrumbList","@id":"https:\/\/happyinaknit.com\/produktas\/wolle-rodel-prisukami-virbalai-115-cm\/#breadcrumb","itemListElement":[{"@type":"ListItem","position":1,"name":"Home","item":"https:\/\/happyinaknit.com\/lt\/"},{"@type":"ListItem","position":2,"name":"Parduotuv\u0117","item":"https:\/\/happyinaknit.com\/lt\/parduotuve\/"},{"@type":"ListItem","position":3,"name":"Wolle R\u00f6del Prisukami Virbalai 11,5 cm"}]},{"@type":"WebSite","@id":"https:\/\/happyinaknit.com\/lt\/#website","url":"https:\/\/happyinaknit.com\/lt\/","name":"Happyinaknit.com","description":"","potentialAction":[{"@type":"SearchAction","target":{"@type":"EntryPoint","urlTemplate":"https:\/\/happyinaknit.com\/lt\/?s={search_term_string}"},"query-input":{"@type":"PropertyValueSpecification","valueRequired":true,"valueName":"search_term_string"}}],"inLanguage":"ru-RU"}]}},"_links":{"self":[{"href":"https:\/\/happyinaknit.com\/ru\/wp-json\/wp\/v2\/product\/6352","targetHints":{"allow":["GET"]}}],"collection":[{"href":"https:\/\/happyinaknit.com\/ru\/wp-json\/wp\/v2\/product"}],"about":[{"href":"https:\/\/happyinaknit.com\/ru\/wp-json\/wp\/v2\/types\/product"}],"replies":[{"embeddable":true,"href":"https:\/\/happyinaknit.com\/ru\/wp-json\/wp\/v2\/comments?post=6352"}],"wp:featuredmedia":[{"embeddable":true,"href":"https:\/\/happyinaknit.com\/ru\/wp-json\/wp\/v2\/media\/6333"}],"wp:attachment":[{"href":"https:\/\/happyinaknit.com\/ru\/wp-json\/wp\/v2\/media?parent=6352"}],"wp:term":[{"taxonomy":"product_brand","embeddable":true,"href":"https:\/\/happyinaknit.com\/ru\/wp-json\/wp\/v2\/product_brand?post=6352"},{"taxonomy":"product_cat","embeddable":true,"href":"https:\/\/happyinaknit.com\/ru\/wp-json\/wp\/v2\/product_cat?post=6352"},{"taxonomy":"product_tag","embeddable":true,"href":"https:\/\/happyinaknit.com\/ru\/wp-json\/wp\/v2\/product_tag?post=6352"},{"taxonomy":"pro-kategorijos","embeddable":true,"href":"https:\/\/happyinaknit.com\/ru\/wp-json\/wp\/v2\/pro-kategorijos?post=6352"}],"curies":[{"name":"wp","href":"https:\/\/api.w.org\/{rel}","templated":true}]}}