{"id":6343,"date":"2025-10-19T11:28:26","date_gmt":"2025-10-19T11:28:26","guid":{"rendered":"https:\/\/happyinaknit.com\/?post_type=product&#038;p=6343"},"modified":"2026-04-06T17:06:15","modified_gmt":"2026-04-06T17:06:15","slug":"wolle-rodel-tuniso-nerimo-vaselis","status":"publish","type":"product","link":"https:\/\/happyinaknit.com\/ru\/product\/wolle-rodel-tuniso-nerimo-vaselis\/","title":{"rendered":"Wolle R\u00f6del \u0442\u0443\u043d\u0438\u0441\u043a\u0438\u0439 \u043a\u0440\u044e\u0447\u043e\u043a"},"content":{"rendered":"<p>\u0412\u044b\u0441\u043e\u043a\u043e\u043a\u0430\u0447\u0435\u0441\u0442\u0432\u0435\u043d\u043d\u044b\u0439 <b>\u0442\u0443\u043d\u0438\u0441\u0441\u043a\u0438\u0439 \u043a\u0440\u044e\u0447\u043e\u043a<\/b> \u043e\u0442 <b>Wolle R\u00f6del<\/b>, \u0438\u0437\u0433\u043e\u0442\u043e\u0432\u043b\u0435\u043d \u0438\u0437 <b>\u0431\u0435\u0440\u0435\u0437\u044b.<\/b>\u042d\u0442\u043e\u0442 \u043a\u0440\u044e\u0447\u043e\u043a \u043b\u0435\u0433\u043a\u0438\u0439, \u0435\u0433\u043e \u0443\u0434\u043e\u0431\u043d\u043e \u0434\u0435\u0440\u0436\u0430\u0442\u044c, \u043e\u043d \u0438\u0434\u0435\u0430\u043b\u044c\u043d\u043e \u043f\u043e\u0434\u0445\u043e\u0434\u0438\u0442 \u0434\u043b\u044f <b>\u0442\u0435\u0445\u043d\u0438\u043a\u0438 \u0442\u0443\u043d\u0438\u0441\u043a\u043e\u0433\u043e  \u0432\u044f\u0437\u0430\u043d\u0438\u044f \u043a\u0440\u044e\u0447\u043a\u043e\u043c,<\/b>\u043a\u043e\u0433\u0434\u0430 \u043f\u0435\u0442\u043b\u0438 \u043e\u0441\u0442\u0430\u044e\u0442\u0441\u044f \u043d\u0430 \u043a\u0440\u044e\u0447\u043a\u0435.<\/p>\n<p>\u041d\u0430\u0442\u0443\u0440\u0430\u043b\u044c\u043d\u0430\u044f \u0442\u0435\u043a\u0441\u0442\u0443\u0440\u0430 \u0434\u0435\u0440\u0435\u0432\u0430 \u0434\u0430\u0440\u0438\u0442 \u043e\u0449\u0443\u0449\u0435\u043d\u0438\u0435 \u0442\u0435\u043f\u043b\u0430 \u0432 \u0440\u0443\u043a\u0430\u0445, \u0430 \u0434\u043b\u0438\u043d\u0430 15 \u0441\u043c \u043f\u043e\u0437\u0432\u043e\u043b\u044f\u0435\u0442 \u043a\u043e\u043c\u0444\u043e\u0440\u0442\u043d\u043e \u0440\u0430\u0431\u043e\u0442\u0430\u0442\u044c \u0441 \u043f\u0440\u043e\u0435\u043a\u0442\u043e\u043c  \u0440\u0430\u0437\u043d\u043e\u0439 \u0448\u0438\u0440\u0438\u043d\u044b.<\/p>\n<p><b>\u041c\u0430\u0442\u0435\u0440\u0438\u0430\u043b:<\/b> \u0431\u0435\u0440\u0435\u0437\u0430<\/p>\n<p><b>\u0414\u043b\u0438\u043d\u0430:<\/b> 15 \u0441\u043c<\/p>\n<p><b>\u0426\u0435\u043b\u044c:<\/b> \u0434\u043b\u044f \u0442\u0443\u043d\u0438\u0441\u0441\u043a\u043e\u0433\u043e \u0432\u044f\u0437\u0430\u043d\u0438\u044f \u043a\u0440\u044e\u0447\u043a\u043e\u043c<\/p>\n<p><b>\u041f\u0440\u0438\u043c\u0435\u0447\u0430\u043d\u0438\u0435:<\/b> \u0426\u0432\u0435\u0442\u043e\u0432\u044b\u0435 \u043e\u0442\u0442\u0435\u043d\u043a\u0438 \u043c\u043e\u0433\u0443\u0442 \u043d\u0435\u0437\u043d\u0430\u0447\u0438\u0442\u0435\u043b\u044c\u043d\u043e \u043e\u0442\u043b\u0438\u0447\u0430\u0442\u044c\u0441\u044f \u0432 \u0437\u0430\u0432\u0438\u0441\u0438\u043c\u043e\u0441\u0442\u0438 \u043e\u0442 \u044d\u043a\u0440\u0430\u043d\u0430 \u0432\u0430\u0448\u0435\u0433\u043e \u0443\u0441\u0442\u0440\u043e\u0439\u0441\u0442\u0432\u0430.<\/p>","protected":false},"excerpt":{"rendered":"<p>Auk\u0161tos kokyb\u0117s tuniso n\u0117rimo v\u0105\u0161elis i\u0161 Wolle R\u00f6del, pagamintas i\u0161 ber\u017eo medienos. \u0160is v\u0105\u0161elis yra lengvas, patogus laikyti ir idealiai tinka tunisieti\u0161ko n\u0117rimo technikai, kai kilpos lieka ant v\u0105\u0161elio. Nat\u016brali medienos tekst\u016bra suteikia \u0161ilt\u0105 poj\u016bt\u012f rankose, o 15 cm ilgis leid\u017eia patogiai dirbti su \u012fvairaus plo\u010dio mezginiais. Med\u017eiaga: ber\u017eas Ilgis: 15 cm Paskirtis: tunisieti\u0161kam n\u0117rimui [&hellip;]<\/p>\n","protected":false},"featured_media":6335,"comment_status":"open","ping_status":"closed","template":"","meta":{"_acf_changed":false},"product_brand":[68,1070],"product_cat":[15,19,870],"product_tag":[],"pro-kategorijos":[],"class_list":{"0":"post-6343","1":"product","2":"type-product","3":"status-publish","4":"has-post-thumbnail","6":"product_brand-rico-design","7":"product_brand-wolle-rodel","8":"product_cat-visi-produktai","9":"product_cat-mezgimo-priemones","10":"product_cat-nerimo-vaseliai","12":"first","13":"instock","14":"shipping-taxable","15":"purchasable","16":"product-type-variable"},"acf":[],"yoast_head":"<!-- This site is optimized with the Yoast SEO plugin v26.8 - https:\/\/yoast.com\/product\/yoast-seo-wordpress\/ -->\n<title>Wolle R\u00f6del Tuniso n\u0117rimo v\u0105\u0161elis - Happyinaknit.com<\/title>\n<meta name=\"robots\" content=\"index, follow, max-snippet:-1, max-image-preview:large, max-video-preview:-1\" \/>\n<link rel=\"canonical\" href=\"https:\/\/happyinaknit.com\/ru\/product\/wolle-rodel-tuniso-nerimo-vaselis\/\" \/>\n<meta property=\"og:locale\" content=\"ru_RU\" \/>\n<meta property=\"og:type\" content=\"article\" \/>\n<meta property=\"og:title\" content=\"Wolle R\u00f6del Tuniso n\u0117rimo v\u0105\u0161elis - Happyinaknit.com\" \/>\n<meta property=\"og:description\" content=\"Auk\u0161tos kokyb\u0117s tuniso n\u0117rimo v\u0105\u0161elis i\u0161 Wolle R\u00f6del, pagamintas i\u0161 ber\u017eo medienos. \u0160is v\u0105\u0161elis yra lengvas, patogus laikyti ir idealiai tinka tunisieti\u0161ko n\u0117rimo technikai, kai kilpos lieka ant v\u0105\u0161elio. Nat\u016brali medienos tekst\u016bra suteikia \u0161ilt\u0105 poj\u016bt\u012f rankose, o 15 cm ilgis leid\u017eia patogiai dirbti su \u012fvairaus plo\u010dio mezginiais. Med\u017eiaga: ber\u017eas Ilgis: 15 cm Paskirtis: tunisieti\u0161kam n\u0117rimui [&hellip;]\" \/>\n<meta property=\"og:url\" content=\"https:\/\/happyinaknit.com\/ru\/product\/wolle-rodel-tuniso-nerimo-vaselis\/\" \/>\n<meta property=\"og:site_name\" content=\"Happyinaknit.com\" \/>\n<meta property=\"article:modified_time\" content=\"2026-04-06T17:06:15+00:00\" \/>\n<meta property=\"og:image\" content=\"https:\/\/happyinaknit.com\/wp-content\/uploads\/2025\/10\/562490-3023.15.70_2.jpg\" \/>\n\t<meta property=\"og:image:width\" content=\"1500\" \/>\n\t<meta property=\"og:image:height\" content=\"1500\" \/>\n\t<meta property=\"og:image:type\" content=\"image\/jpeg\" \/>\n<meta name=\"twitter:card\" content=\"summary_large_image\" \/>\n<script type=\"application\/ld+json\" class=\"yoast-schema-graph\">{\"@context\":\"https:\/\/schema.org\",\"@graph\":[{\"@type\":\"WebPage\",\"@id\":\"https:\/\/happyinaknit.com\/produktas\/wolle-rodel-tuniso-nerimo-vaselis\/\",\"url\":\"https:\/\/happyinaknit.com\/produktas\/wolle-rodel-tuniso-nerimo-vaselis\/\",\"name\":\"Wolle R\u00f6del Tuniso n\u0117rimo v\u0105\u0161elis - Happyinaknit.com\",\"isPartOf\":{\"@id\":\"https:\/\/happyinaknit.com\/lt\/#website\"},\"primaryImageOfPage\":{\"@id\":\"https:\/\/happyinaknit.com\/produktas\/wolle-rodel-tuniso-nerimo-vaselis\/#primaryimage\"},\"image\":{\"@id\":\"https:\/\/happyinaknit.com\/produktas\/wolle-rodel-tuniso-nerimo-vaselis\/#primaryimage\"},\"thumbnailUrl\":\"https:\/\/happyinaknit.com\/wp-content\/uploads\/2025\/10\/562490-3023.15.70_2.jpg\",\"datePublished\":\"2025-10-19T11:28:26+00:00\",\"dateModified\":\"2026-04-06T17:06:15+00:00\",\"breadcrumb\":{\"@id\":\"https:\/\/happyinaknit.com\/produktas\/wolle-rodel-tuniso-nerimo-vaselis\/#breadcrumb\"},\"inLanguage\":\"ru-RU\",\"potentialAction\":[{\"@type\":\"ReadAction\",\"target\":[\"https:\/\/happyinaknit.com\/produktas\/wolle-rodel-tuniso-nerimo-vaselis\/\"]}]},{\"@type\":\"ImageObject\",\"inLanguage\":\"ru-RU\",\"@id\":\"https:\/\/happyinaknit.com\/produktas\/wolle-rodel-tuniso-nerimo-vaselis\/#primaryimage\",\"url\":\"https:\/\/happyinaknit.com\/wp-content\/uploads\/2025\/10\/562490-3023.15.70_2.jpg\",\"contentUrl\":\"https:\/\/happyinaknit.com\/wp-content\/uploads\/2025\/10\/562490-3023.15.70_2.jpg\",\"width\":1500,\"height\":1500},{\"@type\":\"BreadcrumbList\",\"@id\":\"https:\/\/happyinaknit.com\/produktas\/wolle-rodel-tuniso-nerimo-vaselis\/#breadcrumb\",\"itemListElement\":[{\"@type\":\"ListItem\",\"position\":1,\"name\":\"Home\",\"item\":\"https:\/\/happyinaknit.com\/lt\/\"},{\"@type\":\"ListItem\",\"position\":2,\"name\":\"Parduotuv\u0117\",\"item\":\"https:\/\/happyinaknit.com\/lt\/parduotuve\/\"},{\"@type\":\"ListItem\",\"position\":3,\"name\":\"Wolle R\u00f6del Tuniso n\u0117rimo v\u0105\u0161elis\"}]},{\"@type\":\"WebSite\",\"@id\":\"https:\/\/happyinaknit.com\/lt\/#website\",\"url\":\"https:\/\/happyinaknit.com\/lt\/\",\"name\":\"Happyinaknit.com\",\"description\":\"\",\"potentialAction\":[{\"@type\":\"SearchAction\",\"target\":{\"@type\":\"EntryPoint\",\"urlTemplate\":\"https:\/\/happyinaknit.com\/lt\/?s={search_term_string}\"},\"query-input\":{\"@type\":\"PropertyValueSpecification\",\"valueRequired\":true,\"valueName\":\"search_term_string\"}}],\"inLanguage\":\"ru-RU\"}]}<\/script>\n<!-- \/ Yoast SEO plugin. -->","yoast_head_json":{"title":"Wolle R\u00f6del Tuniso n\u0117rimo v\u0105\u0161elis - Happyinaknit.com","robots":{"index":"index","follow":"follow","max-snippet":"max-snippet:-1","max-image-preview":"max-image-preview:large","max-video-preview":"max-video-preview:-1"},"canonical":"https:\/\/happyinaknit.com\/ru\/product\/wolle-rodel-tuniso-nerimo-vaselis\/","og_locale":"ru_RU","og_type":"article","og_title":"Wolle R\u00f6del Tuniso n\u0117rimo v\u0105\u0161elis - Happyinaknit.com","og_description":"Auk\u0161tos kokyb\u0117s tuniso n\u0117rimo v\u0105\u0161elis i\u0161 Wolle R\u00f6del, pagamintas i\u0161 ber\u017eo medienos. \u0160is v\u0105\u0161elis yra lengvas, patogus laikyti ir idealiai tinka tunisieti\u0161ko n\u0117rimo technikai, kai kilpos lieka ant v\u0105\u0161elio. Nat\u016brali medienos tekst\u016bra suteikia \u0161ilt\u0105 poj\u016bt\u012f rankose, o 15 cm ilgis leid\u017eia patogiai dirbti su \u012fvairaus plo\u010dio mezginiais. Med\u017eiaga: ber\u017eas Ilgis: 15 cm Paskirtis: tunisieti\u0161kam n\u0117rimui [&hellip;]","og_url":"https:\/\/happyinaknit.com\/ru\/product\/wolle-rodel-tuniso-nerimo-vaselis\/","og_site_name":"Happyinaknit.com","article_modified_time":"2026-04-06T17:06:15+00:00","og_image":[{"width":1500,"height":1500,"url":"https:\/\/happyinaknit.com\/wp-content\/uploads\/2025\/10\/562490-3023.15.70_2.jpg","type":"image\/jpeg"}],"twitter_card":"summary_large_image","schema":{"@context":"https:\/\/schema.org","@graph":[{"@type":"WebPage","@id":"https:\/\/happyinaknit.com\/produktas\/wolle-rodel-tuniso-nerimo-vaselis\/","url":"https:\/\/happyinaknit.com\/produktas\/wolle-rodel-tuniso-nerimo-vaselis\/","name":"Wolle R\u00f6del Tuniso n\u0117rimo v\u0105\u0161elis - Happyinaknit.com","isPartOf":{"@id":"https:\/\/happyinaknit.com\/lt\/#website"},"primaryImageOfPage":{"@id":"https:\/\/happyinaknit.com\/produktas\/wolle-rodel-tuniso-nerimo-vaselis\/#primaryimage"},"image":{"@id":"https:\/\/happyinaknit.com\/produktas\/wolle-rodel-tuniso-nerimo-vaselis\/#primaryimage"},"thumbnailUrl":"https:\/\/happyinaknit.com\/wp-content\/uploads\/2025\/10\/562490-3023.15.70_2.jpg","datePublished":"2025-10-19T11:28:26+00:00","dateModified":"2026-04-06T17:06:15+00:00","breadcrumb":{"@id":"https:\/\/happyinaknit.com\/produktas\/wolle-rodel-tuniso-nerimo-vaselis\/#breadcrumb"},"inLanguage":"ru-RU","potentialAction":[{"@type":"ReadAction","target":["https:\/\/happyinaknit.com\/produktas\/wolle-rodel-tuniso-nerimo-vaselis\/"]}]},{"@type":"ImageObject","inLanguage":"ru-RU","@id":"https:\/\/happyinaknit.com\/produktas\/wolle-rodel-tuniso-nerimo-vaselis\/#primaryimage","url":"https:\/\/happyinaknit.com\/wp-content\/uploads\/2025\/10\/562490-3023.15.70_2.jpg","contentUrl":"https:\/\/happyinaknit.com\/wp-content\/uploads\/2025\/10\/562490-3023.15.70_2.jpg","width":1500,"height":1500},{"@type":"BreadcrumbList","@id":"https:\/\/happyinaknit.com\/produktas\/wolle-rodel-tuniso-nerimo-vaselis\/#breadcrumb","itemListElement":[{"@type":"ListItem","position":1,"name":"Home","item":"https:\/\/happyinaknit.com\/lt\/"},{"@type":"ListItem","position":2,"name":"Parduotuv\u0117","item":"https:\/\/happyinaknit.com\/lt\/parduotuve\/"},{"@type":"ListItem","position":3,"name":"Wolle R\u00f6del Tuniso n\u0117rimo v\u0105\u0161elis"}]},{"@type":"WebSite","@id":"https:\/\/happyinaknit.com\/lt\/#website","url":"https:\/\/happyinaknit.com\/lt\/","name":"Happyinaknit.com","description":"","potentialAction":[{"@type":"SearchAction","target":{"@type":"EntryPoint","urlTemplate":"https:\/\/happyinaknit.com\/lt\/?s={search_term_string}"},"query-input":{"@type":"PropertyValueSpecification","valueRequired":true,"valueName":"search_term_string"}}],"inLanguage":"ru-RU"}]}},"_links":{"self":[{"href":"https:\/\/happyinaknit.com\/ru\/wp-json\/wp\/v2\/product\/6343","targetHints":{"allow":["GET"]}}],"collection":[{"href":"https:\/\/happyinaknit.com\/ru\/wp-json\/wp\/v2\/product"}],"about":[{"href":"https:\/\/happyinaknit.com\/ru\/wp-json\/wp\/v2\/types\/product"}],"replies":[{"embeddable":true,"href":"https:\/\/happyinaknit.com\/ru\/wp-json\/wp\/v2\/comments?post=6343"}],"wp:featuredmedia":[{"embeddable":true,"href":"https:\/\/happyinaknit.com\/ru\/wp-json\/wp\/v2\/media\/6335"}],"wp:attachment":[{"href":"https:\/\/happyinaknit.com\/ru\/wp-json\/wp\/v2\/media?parent=6343"}],"wp:term":[{"taxonomy":"product_brand","embeddable":true,"href":"https:\/\/happyinaknit.com\/ru\/wp-json\/wp\/v2\/product_brand?post=6343"},{"taxonomy":"product_cat","embeddable":true,"href":"https:\/\/happyinaknit.com\/ru\/wp-json\/wp\/v2\/product_cat?post=6343"},{"taxonomy":"product_tag","embeddable":true,"href":"https:\/\/happyinaknit.com\/ru\/wp-json\/wp\/v2\/product_tag?post=6343"},{"taxonomy":"pro-kategorijos","embeddable":true,"href":"https:\/\/happyinaknit.com\/ru\/wp-json\/wp\/v2\/pro-kategorijos?post=6343"}],"curies":[{"name":"wp","href":"https:\/\/api.w.org\/{rel}","templated":true}]}}