{"id":6321,"date":"2025-10-19T10:54:53","date_gmt":"2025-10-19T10:54:53","guid":{"rendered":"https:\/\/happyinaknit.com\/?post_type=product&#038;p=6321"},"modified":"2026-02-18T20:20:24","modified_gmt":"2026-02-18T20:20:24","slug":"knitpro-the-mindful-collection-rotacinis-valas-swivel-360","status":"publish","type":"product","link":"https:\/\/happyinaknit.com\/ru\/product\/knitpro-the-mindful-collection-rotacinis-valas-swivel-360\/","title":{"rendered":"KnitPro \u041a\u043e\u043b\u043b\u0435\u043a\u0446\u0438\u044f Mindful \u2014 \u043a\u0440\u0443\u0442\u044f\u0449\u0430\u044f\u0441\u044f \u043b\u0435\u0441\u043a\u0430 Swivel 360\u00b0"},"content":{"rendered":"<p>\u0412\u044b\u0441\u043e\u043a\u043e\u043a\u0430\u0447\u0435\u0441\u0442\u0432\u0435\u043d\u043d\u044b\u0439 <b>\u0432\u0440\u0430\u0449\u0430\u044e\u0449\u0430\u044f\u0441\u044f \u043b\u0435\u0441\u043a\u0430 \u0434\u043b\u044f \u0440\u0430\u0437\u044a\u0435\u043c\u043d\u044b\u0445 \u0441\u043f\u0438\u0446<\/b> \u043e\u0442 <b>The Mindful Collection<\/b> \u2013 \u0433\u0438\u0431\u043a\u0430\u044f, \u043f\u0440\u043e\u0447\u043d\u0430\u044f \u0438 \u043f\u0440\u0435\u0434\u043d\u0430\u0437\u043d\u0430\u0447\u0435\u043d\u0430 \u0434\u043b\u044f \u0433\u043b\u0430\u0434\u043a\u043e\u0433\u043e \u0432\u044f\u0437\u0430\u043d\u0438\u044f \u0431\u0435\u0437 \u043f\u0435\u0440\u0435\u0433\u0438\u0431\u043e\u0432. \u041f\u043e\u0442\u043e\u043c\u0443 \u0447\u0442\u043e <b>\u043f\u0430\u0442\u0440\u043e\u043d  \u0432\u0440\u0430\u0449\u0430\u0435\u0442\u0441\u044f \u043d\u0430 360\u00b0<\/b> \u0438 \u043b\u0435\u0441\u043a\u0430 \u0441\u0432\u043e\u0431\u043e\u0434\u043d\u043e \u0432\u0440\u0430\u0449\u0430\u0435\u0442\u0441\u044f, \u0431\u043b\u0430\u0433\u043e\u0434\u0430\u0440\u044f \u0447\u0435\u043c\u0443 \u043f\u0440\u044f\u0436\u0430  \u043d\u0435 \u0437\u0430\u043f\u0443\u0442\u044b\u0432\u0430\u0435\u0442\u0441\u044f \u0438 \u0432\u044f\u0437\u0430\u043d\u0438\u0435 \u0441\u0442\u0430\u043d\u043e\u0432\u0438\u0442\u0441\u044f \u0435\u0449\u0435 \u0431\u043e\u043b\u0435\u0435 \u043a\u043e\u043c\u0444\u043e\u0440\u0442\u043d\u044b\u043c.<\/p>\n<p><b>\u0412\u0430\u0436\u043d\u043e:<\/b> \u0443\u043a\u0430\u0437\u0430\u043d\u043d\u0430\u044f \u0434\u043b\u0438\u043d\u0430 <b>\u0432\u043a\u043b\u044e\u0447\u0430\u0435\u0442 \u0434\u043b\u0438\u043d\u0443 \u0438  \u0441\u043f\u0438\u0446<\/b>, \u043f\u043e\u044d\u0442\u043e\u043c\u0443 <b>\u0444\u0430\u043a\u0442\u0438\u0447\u0435\u0441\u043a\u0430\u044f \u0434\u043b\u0438\u043d\u0430 \u043b\u0435\u0441\u043a\u0438 \u043a\u043e\u0440\u043e\u0447\u0435<\/b>.<\/p>\n<p><b>\u0422\u0438\u043f:<\/b> \u043a\u0440\u0443\u0442\u044f\u0449\u0430\u044f\u0441\u044f  \u043b\u0435\u0441\u043a\u0430 \u0434\u043b\u044f  \u0440\u0430\u0437\u044a\u0435\u043c\u043d\u044b\u0445 \u0441\u043f\u0438\u0446 (\u043a\u0440\u0443\u0442\u0438\u0442\u0441\u044f \u043d\u0430 360\u00b0)<\/p>\n<p><b>\u0421\u043e\u0432\u043c\u0435\u0441\u0442\u0438\u043c\u043e\u0441\u0442\u044c:<\/b> \u0441\u043e \u0432\u0441\u0435\u043c\u0438 \u0440\u0430\u0437\u044a\u0435\u043c\u043d\u044b\u043c\u0438 \u0441\u043f\u0438\u0446\u0430\u043c\u0438 Mindful Collection \u0438 Knitpro<\/p>\n<p><b>\u0424\u0443\u043d\u043a\u0446\u0438\u0438:<\/b> \u0433\u0438\u0431\u043a\u0430\u044f, \u0441 \u0432\u0440\u0430\u0449\u0430\u044e\u0449\u0438\u043c\u0441\u044f \u043f\u0430\u0442\u0440\u043e\u043d\u043e\u043c<\/p>\n<p><b>\u041f\u0440\u0438\u043c\u0435\u0447\u0430\u043d\u0438\u0435:<\/b> \u0426\u0432\u0435\u0442\u043e\u0432\u044b\u0435 \u043e\u0442\u0442\u0435\u043d\u043a\u0438 \u043c\u043e\u0433\u0443\u0442 \u043d\u0435\u0437\u043d\u0430\u0447\u0438\u0442\u0435\u043b\u044c\u043d\u043e \u043e\u0442\u043b\u0438\u0447\u0430\u0442\u044c\u0441\u044f \u0432 \u0437\u0430\u0432\u0438\u0441\u0438\u043c\u043e\u0441\u0442\u0438 \u043e\u0442 \u044d\u043a\u0440\u0430\u043d\u0430 \u0432\u0430\u0448\u0435\u0433\u043e \u0443\u0441\u0442\u0440\u043e\u0439\u0441\u0442\u0432\u0430.<\/p>","protected":false},"excerpt":{"rendered":"<p>Auk\u0161tos kokyb\u0117s rotacinis valas prisukamiems virbalams i\u0161 KnitPro \u201eThe Mindful Collection\u201c \u2013 lankstus, patvarus ir sukurtas skland\u017eiam mezgimui be susisukim\u0173. D\u0117l 360\u00b0 besisukan\u010dio jungties mechanizmo valas laisvai sukasi, tod\u0117l si\u016blai nejungiasi ir mezgimas tampa dar patogesnis. Svarbu: nurodytas ilgis yra \u012fskaitant virbalus, tod\u0117l faktinis valo ilgis yra trumpesnis. Tipas: rotacinis valas prisukamiems virbalams (Swivel 360\u00b0) [&hellip;]<\/p>\n","protected":false},"featured_media":6322,"comment_status":"open","ping_status":"closed","template":"","meta":{"_acf_changed":false},"product_brand":[1069,1071],"product_cat":[15,19,864],"product_tag":[],"pro-kategorijos":[],"class_list":{"0":"post-6321","1":"product","2":"type-product","3":"status-publish","4":"has-post-thumbnail","6":"product_brand-knitpro","7":"product_brand-the-mindful-collection","8":"product_cat-visi-produktai","9":"product_cat-mezgimo-priemones","10":"product_cat-valai-virbalams","12":"first","13":"instock","14":"shipping-taxable","15":"purchasable","16":"product-type-variable"},"acf":[],"yoast_head":"<!-- This site is optimized with the Yoast SEO plugin v26.8 - https:\/\/yoast.com\/product\/yoast-seo-wordpress\/ -->\n<title>KnitPro The Mindful Collection \u2013 rotacinis valas Swivel 360\u00b0 - Happyinaknit.com<\/title>\n<meta name=\"robots\" content=\"index, follow, max-snippet:-1, max-image-preview:large, max-video-preview:-1\" \/>\n<link rel=\"canonical\" href=\"https:\/\/happyinaknit.com\/ru\/product\/knitpro-the-mindful-collection-rotacinis-valas-swivel-360\/\" \/>\n<meta property=\"og:locale\" content=\"ru_RU\" \/>\n<meta property=\"og:type\" content=\"article\" \/>\n<meta property=\"og:title\" content=\"KnitPro The Mindful Collection \u2013 rotacinis valas Swivel 360\u00b0 - Happyinaknit.com\" \/>\n<meta property=\"og:description\" content=\"Auk\u0161tos kokyb\u0117s rotacinis valas prisukamiems virbalams i\u0161 KnitPro \u201eThe Mindful Collection\u201c \u2013 lankstus, patvarus ir sukurtas skland\u017eiam mezgimui be susisukim\u0173. D\u0117l 360\u00b0 besisukan\u010dio jungties mechanizmo valas laisvai sukasi, tod\u0117l si\u016blai nejungiasi ir mezgimas tampa dar patogesnis. Svarbu: nurodytas ilgis yra \u012fskaitant virbalus, tod\u0117l faktinis valo ilgis yra trumpesnis. Tipas: rotacinis valas prisukamiems virbalams (Swivel 360\u00b0) [&hellip;]\" \/>\n<meta property=\"og:url\" content=\"https:\/\/happyinaknit.com\/ru\/product\/knitpro-the-mindful-collection-rotacinis-valas-swivel-360\/\" \/>\n<meta property=\"og:site_name\" content=\"Happyinaknit.com\" \/>\n<meta property=\"article:modified_time\" content=\"2026-02-18T20:20:24+00:00\" \/>\n<meta property=\"og:image\" content=\"https:\/\/happyinaknit.com\/wp-content\/uploads\/2025\/10\/cabo-agulha-trico-inter-360-knitpro.jpg.webp\" \/>\n\t<meta property=\"og:image:width\" content=\"450\" \/>\n\t<meta property=\"og:image:height\" content=\"450\" \/>\n\t<meta property=\"og:image:type\" content=\"image\/webp\" \/>\n<meta name=\"twitter:card\" content=\"summary_large_image\" \/>\n<script type=\"application\/ld+json\" class=\"yoast-schema-graph\">{\"@context\":\"https:\/\/schema.org\",\"@graph\":[{\"@type\":\"WebPage\",\"@id\":\"https:\/\/happyinaknit.com\/produktas\/knitpro-the-mindful-collection-rotacinis-valas-swivel-360\/\",\"url\":\"https:\/\/happyinaknit.com\/produktas\/knitpro-the-mindful-collection-rotacinis-valas-swivel-360\/\",\"name\":\"KnitPro The Mindful Collection \u2013 rotacinis valas Swivel 360\u00b0 - Happyinaknit.com\",\"isPartOf\":{\"@id\":\"https:\/\/happyinaknit.com\/lt\/#website\"},\"primaryImageOfPage\":{\"@id\":\"https:\/\/happyinaknit.com\/produktas\/knitpro-the-mindful-collection-rotacinis-valas-swivel-360\/#primaryimage\"},\"image\":{\"@id\":\"https:\/\/happyinaknit.com\/produktas\/knitpro-the-mindful-collection-rotacinis-valas-swivel-360\/#primaryimage\"},\"thumbnailUrl\":\"https:\/\/happyinaknit.com\/wp-content\/uploads\/2025\/10\/cabo-agulha-trico-inter-360-knitpro.jpg.webp\",\"datePublished\":\"2025-10-19T10:54:53+00:00\",\"dateModified\":\"2026-02-18T20:20:24+00:00\",\"breadcrumb\":{\"@id\":\"https:\/\/happyinaknit.com\/produktas\/knitpro-the-mindful-collection-rotacinis-valas-swivel-360\/#breadcrumb\"},\"inLanguage\":\"ru-RU\",\"potentialAction\":[{\"@type\":\"ReadAction\",\"target\":[\"https:\/\/happyinaknit.com\/produktas\/knitpro-the-mindful-collection-rotacinis-valas-swivel-360\/\"]}]},{\"@type\":\"ImageObject\",\"inLanguage\":\"ru-RU\",\"@id\":\"https:\/\/happyinaknit.com\/produktas\/knitpro-the-mindful-collection-rotacinis-valas-swivel-360\/#primaryimage\",\"url\":\"https:\/\/happyinaknit.com\/wp-content\/uploads\/2025\/10\/cabo-agulha-trico-inter-360-knitpro.jpg.webp\",\"contentUrl\":\"https:\/\/happyinaknit.com\/wp-content\/uploads\/2025\/10\/cabo-agulha-trico-inter-360-knitpro.jpg.webp\",\"width\":450,\"height\":450},{\"@type\":\"BreadcrumbList\",\"@id\":\"https:\/\/happyinaknit.com\/produktas\/knitpro-the-mindful-collection-rotacinis-valas-swivel-360\/#breadcrumb\",\"itemListElement\":[{\"@type\":\"ListItem\",\"position\":1,\"name\":\"Home\",\"item\":\"https:\/\/happyinaknit.com\/lt\/\"},{\"@type\":\"ListItem\",\"position\":2,\"name\":\"Parduotuv\u0117\",\"item\":\"https:\/\/happyinaknit.com\/lt\/parduotuve\/\"},{\"@type\":\"ListItem\",\"position\":3,\"name\":\"KnitPro The Mindful Collection \u2013 rotacinis valas Swivel 360\u00b0\"}]},{\"@type\":\"WebSite\",\"@id\":\"https:\/\/happyinaknit.com\/lt\/#website\",\"url\":\"https:\/\/happyinaknit.com\/lt\/\",\"name\":\"Happyinaknit.com\",\"description\":\"\",\"potentialAction\":[{\"@type\":\"SearchAction\",\"target\":{\"@type\":\"EntryPoint\",\"urlTemplate\":\"https:\/\/happyinaknit.com\/lt\/?s={search_term_string}\"},\"query-input\":{\"@type\":\"PropertyValueSpecification\",\"valueRequired\":true,\"valueName\":\"search_term_string\"}}],\"inLanguage\":\"ru-RU\"}]}<\/script>\n<!-- \/ Yoast SEO plugin. -->","yoast_head_json":{"title":"KnitPro The Mindful Collection \u2013 rotacinis valas Swivel 360\u00b0 - Happyinaknit.com","robots":{"index":"index","follow":"follow","max-snippet":"max-snippet:-1","max-image-preview":"max-image-preview:large","max-video-preview":"max-video-preview:-1"},"canonical":"https:\/\/happyinaknit.com\/ru\/product\/knitpro-the-mindful-collection-rotacinis-valas-swivel-360\/","og_locale":"ru_RU","og_type":"article","og_title":"KnitPro The Mindful Collection \u2013 rotacinis valas Swivel 360\u00b0 - Happyinaknit.com","og_description":"Auk\u0161tos kokyb\u0117s rotacinis valas prisukamiems virbalams i\u0161 KnitPro \u201eThe Mindful Collection\u201c \u2013 lankstus, patvarus ir sukurtas skland\u017eiam mezgimui be susisukim\u0173. D\u0117l 360\u00b0 besisukan\u010dio jungties mechanizmo valas laisvai sukasi, tod\u0117l si\u016blai nejungiasi ir mezgimas tampa dar patogesnis. Svarbu: nurodytas ilgis yra \u012fskaitant virbalus, tod\u0117l faktinis valo ilgis yra trumpesnis. Tipas: rotacinis valas prisukamiems virbalams (Swivel 360\u00b0) [&hellip;]","og_url":"https:\/\/happyinaknit.com\/ru\/product\/knitpro-the-mindful-collection-rotacinis-valas-swivel-360\/","og_site_name":"Happyinaknit.com","article_modified_time":"2026-02-18T20:20:24+00:00","og_image":[{"width":450,"height":450,"url":"https:\/\/happyinaknit.com\/wp-content\/uploads\/2025\/10\/cabo-agulha-trico-inter-360-knitpro.jpg.webp","type":"image\/webp"}],"twitter_card":"summary_large_image","schema":{"@context":"https:\/\/schema.org","@graph":[{"@type":"WebPage","@id":"https:\/\/happyinaknit.com\/produktas\/knitpro-the-mindful-collection-rotacinis-valas-swivel-360\/","url":"https:\/\/happyinaknit.com\/produktas\/knitpro-the-mindful-collection-rotacinis-valas-swivel-360\/","name":"KnitPro The Mindful Collection \u2013 rotacinis valas Swivel 360\u00b0 - Happyinaknit.com","isPartOf":{"@id":"https:\/\/happyinaknit.com\/lt\/#website"},"primaryImageOfPage":{"@id":"https:\/\/happyinaknit.com\/produktas\/knitpro-the-mindful-collection-rotacinis-valas-swivel-360\/#primaryimage"},"image":{"@id":"https:\/\/happyinaknit.com\/produktas\/knitpro-the-mindful-collection-rotacinis-valas-swivel-360\/#primaryimage"},"thumbnailUrl":"https:\/\/happyinaknit.com\/wp-content\/uploads\/2025\/10\/cabo-agulha-trico-inter-360-knitpro.jpg.webp","datePublished":"2025-10-19T10:54:53+00:00","dateModified":"2026-02-18T20:20:24+00:00","breadcrumb":{"@id":"https:\/\/happyinaknit.com\/produktas\/knitpro-the-mindful-collection-rotacinis-valas-swivel-360\/#breadcrumb"},"inLanguage":"ru-RU","potentialAction":[{"@type":"ReadAction","target":["https:\/\/happyinaknit.com\/produktas\/knitpro-the-mindful-collection-rotacinis-valas-swivel-360\/"]}]},{"@type":"ImageObject","inLanguage":"ru-RU","@id":"https:\/\/happyinaknit.com\/produktas\/knitpro-the-mindful-collection-rotacinis-valas-swivel-360\/#primaryimage","url":"https:\/\/happyinaknit.com\/wp-content\/uploads\/2025\/10\/cabo-agulha-trico-inter-360-knitpro.jpg.webp","contentUrl":"https:\/\/happyinaknit.com\/wp-content\/uploads\/2025\/10\/cabo-agulha-trico-inter-360-knitpro.jpg.webp","width":450,"height":450},{"@type":"BreadcrumbList","@id":"https:\/\/happyinaknit.com\/produktas\/knitpro-the-mindful-collection-rotacinis-valas-swivel-360\/#breadcrumb","itemListElement":[{"@type":"ListItem","position":1,"name":"Home","item":"https:\/\/happyinaknit.com\/lt\/"},{"@type":"ListItem","position":2,"name":"Parduotuv\u0117","item":"https:\/\/happyinaknit.com\/lt\/parduotuve\/"},{"@type":"ListItem","position":3,"name":"KnitPro The Mindful Collection \u2013 rotacinis valas Swivel 360\u00b0"}]},{"@type":"WebSite","@id":"https:\/\/happyinaknit.com\/lt\/#website","url":"https:\/\/happyinaknit.com\/lt\/","name":"Happyinaknit.com","description":"","potentialAction":[{"@type":"SearchAction","target":{"@type":"EntryPoint","urlTemplate":"https:\/\/happyinaknit.com\/lt\/?s={search_term_string}"},"query-input":{"@type":"PropertyValueSpecification","valueRequired":true,"valueName":"search_term_string"}}],"inLanguage":"ru-RU"}]}},"_links":{"self":[{"href":"https:\/\/happyinaknit.com\/ru\/wp-json\/wp\/v2\/product\/6321","targetHints":{"allow":["GET"]}}],"collection":[{"href":"https:\/\/happyinaknit.com\/ru\/wp-json\/wp\/v2\/product"}],"about":[{"href":"https:\/\/happyinaknit.com\/ru\/wp-json\/wp\/v2\/types\/product"}],"replies":[{"embeddable":true,"href":"https:\/\/happyinaknit.com\/ru\/wp-json\/wp\/v2\/comments?post=6321"}],"wp:featuredmedia":[{"embeddable":true,"href":"https:\/\/happyinaknit.com\/ru\/wp-json\/wp\/v2\/media\/6322"}],"wp:attachment":[{"href":"https:\/\/happyinaknit.com\/ru\/wp-json\/wp\/v2\/media?parent=6321"}],"wp:term":[{"taxonomy":"product_brand","embeddable":true,"href":"https:\/\/happyinaknit.com\/ru\/wp-json\/wp\/v2\/product_brand?post=6321"},{"taxonomy":"product_cat","embeddable":true,"href":"https:\/\/happyinaknit.com\/ru\/wp-json\/wp\/v2\/product_cat?post=6321"},{"taxonomy":"product_tag","embeddable":true,"href":"https:\/\/happyinaknit.com\/ru\/wp-json\/wp\/v2\/product_tag?post=6321"},{"taxonomy":"pro-kategorijos","embeddable":true,"href":"https:\/\/happyinaknit.com\/ru\/wp-json\/wp\/v2\/pro-kategorijos?post=6321"}],"curies":[{"name":"wp","href":"https:\/\/api.w.org\/{rel}","templated":true}]}}