{"id":6293,"date":"2025-10-19T10:22:05","date_gmt":"2025-10-19T10:22:05","guid":{"rendered":"https:\/\/happyinaknit.com\/?post_type=product&#038;p=6293"},"modified":"2025-10-28T13:08:17","modified_gmt":"2025-10-28T13:08:17","slug":"6293","status":"publish","type":"product","link":"https:\/\/happyinaknit.com\/ru\/product\/6293\/","title":{"rendered":"KnitPro The  Mindful Collection  \u2013 \u043c\u0430\u0440\u043a\u0435\u0440\u044b \u0434\u043b\u044f \u0432\u044f\u0437\u0430\u043d\u0438\u044f \"Chakra\""},"content":{"rendered":"<p><b>KnitPro The  Mindful Collection  \u2013 \u043c\u0430\u0440\u043a\u0435\u0440\u044b \u0434\u043b\u044f \u0432\u044f\u0437\u0430\u043d\u0438\u044f \"Chakra\"<\/b><b><\/b><\/p>\n<p>\u042d\u043a\u0441\u043a\u043b\u044e\u0437\u0438\u0432\u043d\u044b\u0439 \u0434\u0438\u0437\u0430\u0439\u043d <b>\u043c\u0430\u0440\u043a\u0435\u0440\u043e\u0432 \u0434\u043b\u044f \u0432\u044f\u0437\u0430\u043d\u0438\u044f \u0441 \u0441\u0438\u043c\u0432\u043e\u043b\u0430\u043c\u0438 \u0447\u0430\u043a\u0440<\/b> \u043e\u0442 <b>The Mindful Collection<\/b> \u2013 \u044d\u043b\u0435\u0433\u0430\u043d\u0442\u043d\u044b\u0439 \u0438 \u0444\u0443\u043d\u043a\u0446\u0438\u043e\u043d\u0430\u043b\u044c\u043d\u044b\u0439 \u0430\u043a\u0441\u0435\u0441\u0441\u0443\u0430\u0440, \u043a\u043e\u0442\u043e\u0440\u044b\u0439 \u0434\u043e\u0431\u0430\u0432\u043b\u044f\u0435\u0442 \u0432\u044f\u0437\u0430\u043d\u0438\u044e \u0433\u0430\u0440\u043c\u043e\u043d\u0438\u044e \u0438 \u044d\u0441\u0442\u0435\u0442\u0438\u043a\u0443. \u0418\u0437\u0433\u043e\u0442\u043e\u0432\u043b\u0435\u043d \u0438\u0437 <b>\u0441\u0442\u0435\u0440\u043b\u0438\u043d\u0433\u043e\u0432\u043e\u0435 \u0441\u0435\u0440\u0435\u0431\u0440\u0430 \u0441 \u043c\u0430\u0442\u043e\u0432\u043e\u0439 \u043e\u0442\u0434\u0435\u043b\u043a\u043e\u0439 \u043f\u0440\u0435\u043c\u0438\u0443\u043c-\u043a\u043b\u0430\u0441\u0441\u0430<\/b>, \u043e\u043d\u0438 \u043b\u0435\u0433\u043a\u0438\u0435, \u043f\u0440\u043e\u0447\u043d\u044b\u0435 \u0438 <b>\u043d\u0435 \u0440\u0432\u0443\u0442 \u043f\u0440\u044f\u0436\u0443<\/b>.<\/p>\n<p>\u041c\u0430\u0440\u043a\u0435\u0440\u044b \u043d\u0430\u0445\u043e\u0434\u044f\u0442\u0441\u044f <b>\u0432 \u0442\u043a\u0430\u043d\u0435\u0432\u043e\u043c \u043c\u0435\u0448\u043e\u0447\u043a\u0435<\/b>, \u0447\u0442\u043e \u0434\u0435\u043b\u0430\u0435\u0442 \u0438\u0445 \u0443\u0434\u043e\u0431\u043d\u044b\u043c\u0438 \u0434\u043b\u044f \u0445\u0440\u0430\u043d\u0435\u043d\u0438\u044f \u0438\u043b\u0438 \u043d\u043e\u0448\u0435\u043d\u0438\u044f \u0441 \u0441\u043e\u0431\u043e\u0439. \u0412 \u043a\u043e\u043c\u043f\u043b\u0435\u043a\u0442 \u0432\u0445\u043e\u0434\u0438\u0442 <b>10 \u043c\u0430\u0440\u043a\u0435\u0440\u043e\u0432 \u0440\u0430\u0437\u043d\u044b\u0445 \u0440\u0430\u0437\u043c\u0435\u0440\u043e\u0432<\/b>, \u0430\u0434\u0430\u043f\u0442\u0438\u0440\u043e\u0432\u0430\u043d\u043d\u044b\u0439 \u043a \u0441\u043f\u0438\u0446\u0430\u043c \u0440\u0430\u0437\u043b\u0438\u0447\u043d\u043e\u0439 \u0442\u043e\u043b\u0449\u0438\u043d\u044b<\/p>\n<p><b>\u0412 \u043a\u043e\u043c\u043f\u043b\u0435\u043a\u0442\u0435:<\/b> 10 \u043c\u0430\u0440\u043a\u0435\u0440\u043e\u0432 (\u0440\u0430\u0437\u043d\u043e\u0433\u043e \u0434\u0438\u0430\u043c\u0435\u0442\u0440\u0430)<\/p>\n<p><b>\u041c\u0430\u0442\u0435\u0440\u0438\u0430\u043b:<\/b> \u0441\u0442\u0435\u0440\u043b\u0438\u043d\u0433\u043e\u0432\u043e\u0435 \u0441\u0435\u0440\u0435\u0431\u0440\u043e \u0441 \u043c\u0430\u0442\u043e\u0432\u043e\u0439 \u043e\u0442\u0434\u0435\u043b\u043a\u043e\u0439<\/p>\n<p><b>\u0423\u043f\u0430\u043a\u043e\u0432\u043a\u0430:<\/b> \u0442\u043a\u0430\u043d\u0435\u0432\u044b\u0439 \u043c\u0435\u0448\u043e\u0447\u0435\u043a<\/p>\n<p><b>\u0426\u0435\u043b\u044c:<\/b> \u0434\u043b\u044f \u0432\u044b\u0434\u0435\u043b\u0435\u043d\u0438\u044f \u0440\u044f\u0434\u043e\u0432 \u0432\u044f\u0437\u0430\u043d\u0438\u044f, \u0443\u0437\u043e\u0440\u043e\u0432 \u0438 \u043f\u0435\u0442\u0435\u043b\u044c<\/p>\n<p><b>\u041f\u0440\u0438\u043c\u0435\u0447\u0430\u043d\u0438\u0435:<\/b> \u0426\u0432\u0435\u0442\u043e\u0432\u044b\u0435 \u043e\u0442\u0442\u0435\u043d\u043a\u0438 \u043c\u043e\u0433\u0443\u0442 \u043d\u0435\u0437\u043d\u0430\u0447\u0438\u0442\u0435\u043b\u044c\u043d\u043e \u043e\u0442\u043b\u0438\u0447\u0430\u0442\u044c\u0441\u044f \u0432 \u0437\u0430\u0432\u0438\u0441\u0438\u043c\u043e\u0441\u0442\u0438 \u043e\u0442 \u044d\u043a\u0440\u0430\u043d\u0430 \u0432\u0430\u0448\u0435\u0433\u043e \u0443\u0441\u0442\u0440\u043e\u0439\u0441\u0442\u0432\u0430.<\/p>","protected":false},"excerpt":{"rendered":"<p>KnitPro The Mindful Collection \u2013 mezgimo \u017eymekliai \u201eChakra\u201c I\u0161skirtinio dizaino mezgimo \u017eymekliai su \u010dakr\u0173 simboliais i\u0161 KnitPro \u201eThe Mindful Collection\u201c \u2013 eleganti\u0161kas ir funkcionalus aksesuaras, suteikiantis mezgimui harmonijos ir estetikos. Pagaminti i\u0161 sterlingo sidabro su matine \u201epremium\u201c klas\u0117s danga, jie yra lengvi, tvirti ir nepe\u0161a si\u016bl\u0173. \u017dymekliai pateikiami audinio mai\u0161elyje, tod\u0117l juos patogu laikyti ar [&hellip;]<\/p>\n","protected":false},"featured_media":6291,"comment_status":"open","ping_status":"closed","template":"","meta":{"_acf_changed":false},"product_brand":[1069,1071],"product_cat":[15,20,1081],"product_tag":[],"pro-kategorijos":[],"class_list":{"0":"post-6293","1":"product","2":"type-product","3":"status-publish","4":"has-post-thumbnail","6":"product_brand-knitpro","7":"product_brand-the-mindful-collection","8":"product_cat-visi-produktai","9":"product_cat-priedai-mezgimui","10":"product_cat-zymekliai","12":"first","13":"outofstock","14":"shipping-taxable","15":"purchasable","16":"product-type-simple"},"acf":[],"yoast_head":"<!-- This site is optimized with the Yoast SEO plugin v26.8 - https:\/\/yoast.com\/product\/yoast-seo-wordpress\/ -->\n<title>KnitPro The Mindful Collection \u2013 mezgimo \u017eymekliai \u201eChakra\u201c - Happyinaknit.com<\/title>\n<meta name=\"robots\" content=\"index, follow, max-snippet:-1, max-image-preview:large, max-video-preview:-1\" \/>\n<link rel=\"canonical\" href=\"https:\/\/happyinaknit.com\/ru\/product\/6293\/\" \/>\n<meta property=\"og:locale\" content=\"ru_RU\" \/>\n<meta property=\"og:type\" content=\"article\" \/>\n<meta property=\"og:title\" content=\"KnitPro The Mindful Collection \u2013 mezgimo \u017eymekliai \u201eChakra\u201c - Happyinaknit.com\" \/>\n<meta property=\"og:description\" content=\"KnitPro The Mindful Collection \u2013 mezgimo \u017eymekliai \u201eChakra\u201c I\u0161skirtinio dizaino mezgimo \u017eymekliai su \u010dakr\u0173 simboliais i\u0161 KnitPro \u201eThe Mindful Collection\u201c \u2013 eleganti\u0161kas ir funkcionalus aksesuaras, suteikiantis mezgimui harmonijos ir estetikos. Pagaminti i\u0161 sterlingo sidabro su matine \u201epremium\u201c klas\u0117s danga, jie yra lengvi, tvirti ir nepe\u0161a si\u016bl\u0173. \u017dymekliai pateikiami audinio mai\u0161elyje, tod\u0117l juos patogu laikyti ar [&hellip;]\" \/>\n<meta property=\"og:url\" content=\"https:\/\/happyinaknit.com\/ru\/product\/6293\/\" \/>\n<meta property=\"og:site_name\" content=\"Happyinaknit.com\" \/>\n<meta property=\"article:modified_time\" content=\"2025-10-28T13:08:17+00:00\" \/>\n<meta property=\"og:image\" content=\"https:\/\/happyinaknit.com\/wp-content\/uploads\/2025\/10\/K36632-1.jpg\" \/>\n\t<meta property=\"og:image:width\" content=\"700\" \/>\n\t<meta property=\"og:image:height\" content=\"700\" \/>\n\t<meta property=\"og:image:type\" content=\"image\/jpeg\" \/>\n<meta name=\"twitter:card\" content=\"summary_large_image\" \/>\n<meta name=\"twitter:label1\" content=\"\u041f\u0440\u0438\u043c\u0435\u0440\u043d\u043e\u0435 \u0432\u0440\u0435\u043c\u044f \u0434\u043b\u044f \u0447\u0442\u0435\u043d\u0438\u044f\" \/>\n\t<meta name=\"twitter:data1\" content=\"1 \u043c\u0438\u043d\u0443\u0442\u0430\" \/>\n<script type=\"application\/ld+json\" class=\"yoast-schema-graph\">{\"@context\":\"https:\/\/schema.org\",\"@graph\":[{\"@type\":\"WebPage\",\"@id\":\"https:\/\/happyinaknit.com\/produktas\/6293\/\",\"url\":\"https:\/\/happyinaknit.com\/produktas\/6293\/\",\"name\":\"KnitPro The Mindful Collection \u2013 mezgimo \u017eymekliai \u201eChakra\u201c - Happyinaknit.com\",\"isPartOf\":{\"@id\":\"https:\/\/happyinaknit.com\/lt\/#website\"},\"primaryImageOfPage\":{\"@id\":\"https:\/\/happyinaknit.com\/produktas\/6293\/#primaryimage\"},\"image\":{\"@id\":\"https:\/\/happyinaknit.com\/produktas\/6293\/#primaryimage\"},\"thumbnailUrl\":\"https:\/\/happyinaknit.com\/wp-content\/uploads\/2025\/10\/K36632-1.jpg\",\"datePublished\":\"2025-10-19T10:22:05+00:00\",\"dateModified\":\"2025-10-28T13:08:17+00:00\",\"breadcrumb\":{\"@id\":\"https:\/\/happyinaknit.com\/produktas\/6293\/#breadcrumb\"},\"inLanguage\":\"ru-RU\",\"potentialAction\":[{\"@type\":\"ReadAction\",\"target\":[\"https:\/\/happyinaknit.com\/produktas\/6293\/\"]}]},{\"@type\":\"ImageObject\",\"inLanguage\":\"ru-RU\",\"@id\":\"https:\/\/happyinaknit.com\/produktas\/6293\/#primaryimage\",\"url\":\"https:\/\/happyinaknit.com\/wp-content\/uploads\/2025\/10\/K36632-1.jpg\",\"contentUrl\":\"https:\/\/happyinaknit.com\/wp-content\/uploads\/2025\/10\/K36632-1.jpg\",\"width\":700,\"height\":700},{\"@type\":\"BreadcrumbList\",\"@id\":\"https:\/\/happyinaknit.com\/produktas\/6293\/#breadcrumb\",\"itemListElement\":[{\"@type\":\"ListItem\",\"position\":1,\"name\":\"Home\",\"item\":\"https:\/\/happyinaknit.com\/lt\/\"},{\"@type\":\"ListItem\",\"position\":2,\"name\":\"Parduotuv\u0117\",\"item\":\"https:\/\/happyinaknit.com\/lt\/parduotuve\/\"},{\"@type\":\"ListItem\",\"position\":3,\"name\":\"KnitPro The Mindful Collection \u2013 mezgimo \u017eymekliai \u201eChakra\u201c\"}]},{\"@type\":\"WebSite\",\"@id\":\"https:\/\/happyinaknit.com\/lt\/#website\",\"url\":\"https:\/\/happyinaknit.com\/lt\/\",\"name\":\"Happyinaknit.com\",\"description\":\"\",\"potentialAction\":[{\"@type\":\"SearchAction\",\"target\":{\"@type\":\"EntryPoint\",\"urlTemplate\":\"https:\/\/happyinaknit.com\/lt\/?s={search_term_string}\"},\"query-input\":{\"@type\":\"PropertyValueSpecification\",\"valueRequired\":true,\"valueName\":\"search_term_string\"}}],\"inLanguage\":\"ru-RU\"}]}<\/script>\n<!-- \/ Yoast SEO plugin. -->","yoast_head_json":{"title":"KnitPro The Mindful Collection \u2013 mezgimo \u017eymekliai \u201eChakra\u201c - Happyinaknit.com","robots":{"index":"index","follow":"follow","max-snippet":"max-snippet:-1","max-image-preview":"max-image-preview:large","max-video-preview":"max-video-preview:-1"},"canonical":"https:\/\/happyinaknit.com\/ru\/product\/6293\/","og_locale":"ru_RU","og_type":"article","og_title":"KnitPro The Mindful Collection \u2013 mezgimo \u017eymekliai \u201eChakra\u201c - Happyinaknit.com","og_description":"KnitPro The Mindful Collection \u2013 mezgimo \u017eymekliai \u201eChakra\u201c I\u0161skirtinio dizaino mezgimo \u017eymekliai su \u010dakr\u0173 simboliais i\u0161 KnitPro \u201eThe Mindful Collection\u201c \u2013 eleganti\u0161kas ir funkcionalus aksesuaras, suteikiantis mezgimui harmonijos ir estetikos. Pagaminti i\u0161 sterlingo sidabro su matine \u201epremium\u201c klas\u0117s danga, jie yra lengvi, tvirti ir nepe\u0161a si\u016bl\u0173. \u017dymekliai pateikiami audinio mai\u0161elyje, tod\u0117l juos patogu laikyti ar [&hellip;]","og_url":"https:\/\/happyinaknit.com\/ru\/product\/6293\/","og_site_name":"Happyinaknit.com","article_modified_time":"2025-10-28T13:08:17+00:00","og_image":[{"width":700,"height":700,"url":"https:\/\/happyinaknit.com\/wp-content\/uploads\/2025\/10\/K36632-1.jpg","type":"image\/jpeg"}],"twitter_card":"summary_large_image","twitter_misc":{"\u041f\u0440\u0438\u043c\u0435\u0440\u043d\u043e\u0435 \u0432\u0440\u0435\u043c\u044f \u0434\u043b\u044f \u0447\u0442\u0435\u043d\u0438\u044f":"1 \u043c\u0438\u043d\u0443\u0442\u0430"},"schema":{"@context":"https:\/\/schema.org","@graph":[{"@type":"WebPage","@id":"https:\/\/happyinaknit.com\/produktas\/6293\/","url":"https:\/\/happyinaknit.com\/produktas\/6293\/","name":"KnitPro The Mindful Collection \u2013 mezgimo \u017eymekliai \u201eChakra\u201c - Happyinaknit.com","isPartOf":{"@id":"https:\/\/happyinaknit.com\/lt\/#website"},"primaryImageOfPage":{"@id":"https:\/\/happyinaknit.com\/produktas\/6293\/#primaryimage"},"image":{"@id":"https:\/\/happyinaknit.com\/produktas\/6293\/#primaryimage"},"thumbnailUrl":"https:\/\/happyinaknit.com\/wp-content\/uploads\/2025\/10\/K36632-1.jpg","datePublished":"2025-10-19T10:22:05+00:00","dateModified":"2025-10-28T13:08:17+00:00","breadcrumb":{"@id":"https:\/\/happyinaknit.com\/produktas\/6293\/#breadcrumb"},"inLanguage":"ru-RU","potentialAction":[{"@type":"ReadAction","target":["https:\/\/happyinaknit.com\/produktas\/6293\/"]}]},{"@type":"ImageObject","inLanguage":"ru-RU","@id":"https:\/\/happyinaknit.com\/produktas\/6293\/#primaryimage","url":"https:\/\/happyinaknit.com\/wp-content\/uploads\/2025\/10\/K36632-1.jpg","contentUrl":"https:\/\/happyinaknit.com\/wp-content\/uploads\/2025\/10\/K36632-1.jpg","width":700,"height":700},{"@type":"BreadcrumbList","@id":"https:\/\/happyinaknit.com\/produktas\/6293\/#breadcrumb","itemListElement":[{"@type":"ListItem","position":1,"name":"Home","item":"https:\/\/happyinaknit.com\/lt\/"},{"@type":"ListItem","position":2,"name":"Parduotuv\u0117","item":"https:\/\/happyinaknit.com\/lt\/parduotuve\/"},{"@type":"ListItem","position":3,"name":"KnitPro The Mindful Collection \u2013 mezgimo \u017eymekliai \u201eChakra\u201c"}]},{"@type":"WebSite","@id":"https:\/\/happyinaknit.com\/lt\/#website","url":"https:\/\/happyinaknit.com\/lt\/","name":"Happyinaknit.com","description":"","potentialAction":[{"@type":"SearchAction","target":{"@type":"EntryPoint","urlTemplate":"https:\/\/happyinaknit.com\/lt\/?s={search_term_string}"},"query-input":{"@type":"PropertyValueSpecification","valueRequired":true,"valueName":"search_term_string"}}],"inLanguage":"ru-RU"}]}},"_links":{"self":[{"href":"https:\/\/happyinaknit.com\/ru\/wp-json\/wp\/v2\/product\/6293","targetHints":{"allow":["GET"]}}],"collection":[{"href":"https:\/\/happyinaknit.com\/ru\/wp-json\/wp\/v2\/product"}],"about":[{"href":"https:\/\/happyinaknit.com\/ru\/wp-json\/wp\/v2\/types\/product"}],"replies":[{"embeddable":true,"href":"https:\/\/happyinaknit.com\/ru\/wp-json\/wp\/v2\/comments?post=6293"}],"wp:featuredmedia":[{"embeddable":true,"href":"https:\/\/happyinaknit.com\/ru\/wp-json\/wp\/v2\/media\/6291"}],"wp:attachment":[{"href":"https:\/\/happyinaknit.com\/ru\/wp-json\/wp\/v2\/media?parent=6293"}],"wp:term":[{"taxonomy":"product_brand","embeddable":true,"href":"https:\/\/happyinaknit.com\/ru\/wp-json\/wp\/v2\/product_brand?post=6293"},{"taxonomy":"product_cat","embeddable":true,"href":"https:\/\/happyinaknit.com\/ru\/wp-json\/wp\/v2\/product_cat?post=6293"},{"taxonomy":"product_tag","embeddable":true,"href":"https:\/\/happyinaknit.com\/ru\/wp-json\/wp\/v2\/product_tag?post=6293"},{"taxonomy":"pro-kategorijos","embeddable":true,"href":"https:\/\/happyinaknit.com\/ru\/wp-json\/wp\/v2\/pro-kategorijos?post=6293"}],"curies":[{"name":"wp","href":"https:\/\/api.w.org\/{rel}","templated":true}]}}