{"id":6290,"date":"2025-10-19T10:18:27","date_gmt":"2025-10-19T10:18:27","guid":{"rendered":"https:\/\/happyinaknit.com\/?post_type=product&#038;p=6290"},"modified":"2025-10-28T13:08:46","modified_gmt":"2025-10-28T13:08:46","slug":"knitpro-the-mindful-collection-mezgimo-zymekliu-rinkinys","status":"publish","type":"product","link":"https:\/\/happyinaknit.com\/ru\/product\/knitpro-the-mindful-collection-mezgimo-zymekliu-rinkinys\/","title":{"rendered":"KnitPro The Mindful Collection \u2013 \u043d\u0430\u0431\u043e\u0440 \u043c\u0430\u0440\u043a\u0435\u0440\u043e\u0432 \u0434\u043b\u044f \u0432\u044f\u0437\u0430\u043d\u0438\u044f"},"content":{"rendered":"<p>\u0423\u043d\u0438\u0432\u0435\u0440\u0441\u0430\u043b\u044c\u043d\u044b\u0439 \u0438 \u0443\u0434\u043e\u0431\u043d\u044b\u0439 <b>\u043d\u0430\u0431\u043e\u0440 \u043c\u0430\u0440\u043a\u0435\u0440\u043e\u0432 \u0434\u043b\u044f \u0432\u044f\u0437\u0430\u043d\u0438\u044f<\/b> \u043e\u0442 <b>The Mindful Collection<\/b> \u2013 \u043d\u0435\u0437\u0430\u043c\u0435\u043d\u0438\u043c\u044b\u0439 \u0430\u043a\u0441\u0435\u0441\u0441\u0443\u0430\u0440 \u0434\u043b\u044f \u043a\u0430\u0436\u0434\u043e\u0439 \u0440\u0443\u043a\u043e\u0434\u0435\u043b\u044c\u043d\u0438\u0446\u044b. \u041d\u0430\u0431\u043e\u0440 \u0441\u043e\u0447\u0435\u0442\u0430\u0435\u0442 \u0432 \u0441\u0435\u0431\u0435 \u0444\u0443\u043d\u043a\u0446\u0438\u043e\u043d\u0430\u043b\u044c\u043d\u043e\u0441\u0442\u044c \u0438 \u044d\u0441\u0442\u0435\u0442\u0438\u043a\u0443: \u043c\u0430\u0440\u043a\u0435\u0440\u044b \u043f\u0440\u0435\u0434\u0441\u0442\u0430\u0432\u043b\u0435\u043d\u044b \u0432 \u043b\u0430\u043a\u043e\u043d\u0438\u0447\u043d\u043e\u043c \u0441\u0442\u0438\u043b\u0435 <b>\u0431\u0438\u0440\u044e\u0437\u043e\u0432\u043e\u0439 \u0442\u0435\u043c\u0430\u0442\u0438\u043a\u0435<\/b> \u0438 \u0432\u0435\u0441\u044c \u043a\u043e\u043c\u043f\u043b\u0435\u043a\u0442 \u0443\u043f\u0430\u043a\u043e\u0432\u0430\u043d \u0432 <b>\u0442\u043a\u0430\u043d\u0435\u0432\u044b\u0439  \u043c\u0435\u0448\u043e\u0447\u0435\u043a,<\/b>\u0447\u0442\u043e\u0431\u044b \u0435\u0433\u043e \u0431\u044b\u043b\u043e \u0443\u0434\u043e\u0431\u043d\u043e \u0445\u0440\u0430\u043d\u0438\u0442\u044c \u0438 \u0431\u0440\u0430\u0442\u044c \u0441 \u0441\u043e\u0431\u043e\u0439 \u0441 \u043f\u0440\u043e\u0435\u043a\u0442\u0430\u043c\u0438.<\/p>\n<p><b>\u0412 \u043a\u043e\u043c\u043f\u043b\u0435\u043a\u0442\u0435:<\/b><b><\/b><\/p>\n<p>\u00b7 20 \u043c\u0430\u0440\u043a\u0435\u0440\u043e\u0432 \"\u0411\u0443\u043b\u0430\u0432\u043a\u0430\" (\u043a\u043b\u0438\u043f\u0441\u043e\u0432\u043e\u0433\u043e \u0442\u0438\u043f\u0430)<\/p>\n<p>\u00b7 20 \u043c\u0430\u0440\u043a\u0435\u0440\u043e\u0432 \u00ab\u041a\u0440\u0443\u0433\u00bb<\/p>\n<p>\u00b7 60 \u043c\u0430\u0440\u043a\u0435\u0440\u043e\u0432 \u00ab\u041a\u043e\u043b\u044c\u0446\u043e\u00bb (\u0440\u0430\u0437\u043d\u044b\u0445 \u0440\u0430\u0437\u043c\u0435\u0440\u043e\u0432)<\/p>\n<p>\u00b7 \u0442\u043a\u0430\u043d\u0435\u0432\u044b\u0439 \u043c\u0435\u0448\u043e\u043a \u0434\u043b\u044f \u0445\u0440\u0430\u043d\u0435\u043d\u0438\u044f<\/p>\n<p><b>\u0412\u0435\u0441:<\/b> 100 \u0448\u0442.<\/p>\n<p><b>\u041c\u0430\u0442\u0435\u0440\u0438\u0430\u043b:<\/b> \u043f\u043b\u0430\u0441\u0442\u0438\u043a<\/p>\n<p><b>\u0426\u0432\u0435\u0442:<\/b> \u0431\u0438\u0440\u044e\u0437\u043e\u0432\u0430\u044f (\u00abMindful\u00bb) \u0442\u0435\u043c\u0430\u0442\u0438\u043a\u0430<\/p>\n<p><b>\u0426\u0435\u043b\u044c:<\/b> \u0434\u043b\u044f \u0432\u044b\u0434\u0435\u043b\u0435\u043d\u0438\u044f \u0440\u044f\u0434\u043e\u0432 \u0432\u044f\u0437\u0430\u043d\u0438\u044f, \u0443\u0437\u043e\u0440\u043e\u0432 \u0438 \u043f\u0435\u0442\u0435\u043b\u044c<\/p>\n<p><b>\u041f\u0440\u0438\u043c\u0435\u0447\u0430\u043d\u0438\u0435:<\/b> \u0426\u0432\u0435\u0442\u043e\u0432\u044b\u0435 \u043e\u0442\u0442\u0435\u043d\u043a\u0438 \u043c\u043e\u0433\u0443\u0442 \u043d\u0435\u0437\u043d\u0430\u0447\u0438\u0442\u0435\u043b\u044c\u043d\u043e \u043e\u0442\u043b\u0438\u0447\u0430\u0442\u044c\u0441\u044f \u0432 \u0437\u0430\u0432\u0438\u0441\u0438\u043c\u043e\u0441\u0442\u0438 \u043e\u0442 \u044d\u043a\u0440\u0430\u043d\u0430 \u0432\u0430\u0448\u0435\u0433\u043e \u0443\u0441\u0442\u0440\u043e\u0439\u0441\u0442\u0432\u0430.<\/p>","protected":false},"excerpt":{"rendered":"<p>Universalus ir patogus mezgimo \u017eymekli\u0173 rinkinys i\u0161 KnitPro \u201eThe Mindful Collection\u201c \u2013 nepakei\u010diamas aksesuaras kiekvienai mezg\u0117jai. Rinkinys apjungia funkcionalum\u0105 ir estetik\u0105: \u017eymekliai pateikiami subtilios turkio tematikos spalvose, o visas komplektas supakuotas \u012f audinio mai\u0161el\u012f, kad b\u016bt\u0173 lengva laikyti ir pasiimti kartu su projektais. Rinkinyje: \u00b7 20 \u017eymekli\u0173 \u201eSauga\u201c (seg\u0117s tipo) \u00b7 20 \u017eymekli\u0173 \u201eRatas\u201c \u00b7 [&hellip;]<\/p>\n","protected":false},"featured_media":6277,"comment_status":"open","ping_status":"closed","template":"","meta":{"_acf_changed":false},"product_brand":[1069,1071],"product_cat":[15,20,1081],"product_tag":[],"pro-kategorijos":[],"class_list":{"0":"post-6290","1":"product","2":"type-product","3":"status-publish","4":"has-post-thumbnail","6":"product_brand-knitpro","7":"product_brand-the-mindful-collection","8":"product_cat-visi-produktai","9":"product_cat-priedai-mezgimui","10":"product_cat-zymekliai","12":"first","13":"instock","14":"shipping-taxable","15":"purchasable","16":"product-type-simple"},"acf":[],"yoast_head":"<!-- This site is optimized with the Yoast SEO plugin v26.8 - https:\/\/yoast.com\/product\/yoast-seo-wordpress\/ -->\n<title>KnitPro The Mindful Collection \u2013 mezgimo \u017eymekli\u0173 rinkinys - Happyinaknit.com<\/title>\n<meta name=\"robots\" content=\"index, follow, max-snippet:-1, max-image-preview:large, max-video-preview:-1\" \/>\n<link rel=\"canonical\" href=\"https:\/\/happyinaknit.com\/ru\/product\/knitpro-the-mindful-collection-mezgimo-zymekliu-rinkinys\/\" \/>\n<meta property=\"og:locale\" content=\"ru_RU\" \/>\n<meta property=\"og:type\" content=\"article\" \/>\n<meta property=\"og:title\" content=\"KnitPro The Mindful Collection \u2013 mezgimo \u017eymekli\u0173 rinkinys - Happyinaknit.com\" \/>\n<meta property=\"og:description\" content=\"Universalus ir patogus mezgimo \u017eymekli\u0173 rinkinys i\u0161 KnitPro \u201eThe Mindful Collection\u201c \u2013 nepakei\u010diamas aksesuaras kiekvienai mezg\u0117jai. Rinkinys apjungia funkcionalum\u0105 ir estetik\u0105: \u017eymekliai pateikiami subtilios turkio tematikos spalvose, o visas komplektas supakuotas \u012f audinio mai\u0161el\u012f, kad b\u016bt\u0173 lengva laikyti ir pasiimti kartu su projektais. Rinkinyje: \u00b7 20 \u017eymekli\u0173 \u201eSauga\u201c (seg\u0117s tipo) \u00b7 20 \u017eymekli\u0173 \u201eRatas\u201c \u00b7 [&hellip;]\" \/>\n<meta property=\"og:url\" content=\"https:\/\/happyinaknit.com\/ru\/product\/knitpro-the-mindful-collection-mezgimo-zymekliu-rinkinys\/\" \/>\n<meta property=\"og:site_name\" content=\"Happyinaknit.com\" \/>\n<meta property=\"article:modified_time\" content=\"2025-10-28T13:08:46+00:00\" \/>\n<meta property=\"og:image\" content=\"https:\/\/happyinaknit.com\/wp-content\/uploads\/2025\/10\/81Zmr7mVzvL.jpg\" \/>\n\t<meta property=\"og:image:width\" content=\"2560\" \/>\n\t<meta property=\"og:image:height\" content=\"2560\" \/>\n\t<meta property=\"og:image:type\" content=\"image\/jpeg\" \/>\n<meta name=\"twitter:card\" content=\"summary_large_image\" \/>\n<script type=\"application\/ld+json\" class=\"yoast-schema-graph\">{\"@context\":\"https:\/\/schema.org\",\"@graph\":[{\"@type\":\"WebPage\",\"@id\":\"https:\/\/happyinaknit.com\/produktas\/knitpro-the-mindful-collection-mezgimo-zymekliu-rinkinys\/\",\"url\":\"https:\/\/happyinaknit.com\/produktas\/knitpro-the-mindful-collection-mezgimo-zymekliu-rinkinys\/\",\"name\":\"KnitPro The Mindful Collection \u2013 mezgimo \u017eymekli\u0173 rinkinys - Happyinaknit.com\",\"isPartOf\":{\"@id\":\"https:\/\/happyinaknit.com\/lt\/#website\"},\"primaryImageOfPage\":{\"@id\":\"https:\/\/happyinaknit.com\/produktas\/knitpro-the-mindful-collection-mezgimo-zymekliu-rinkinys\/#primaryimage\"},\"image\":{\"@id\":\"https:\/\/happyinaknit.com\/produktas\/knitpro-the-mindful-collection-mezgimo-zymekliu-rinkinys\/#primaryimage\"},\"thumbnailUrl\":\"https:\/\/happyinaknit.com\/wp-content\/uploads\/2025\/10\/81Zmr7mVzvL.jpg\",\"datePublished\":\"2025-10-19T10:18:27+00:00\",\"dateModified\":\"2025-10-28T13:08:46+00:00\",\"breadcrumb\":{\"@id\":\"https:\/\/happyinaknit.com\/produktas\/knitpro-the-mindful-collection-mezgimo-zymekliu-rinkinys\/#breadcrumb\"},\"inLanguage\":\"ru-RU\",\"potentialAction\":[{\"@type\":\"ReadAction\",\"target\":[\"https:\/\/happyinaknit.com\/produktas\/knitpro-the-mindful-collection-mezgimo-zymekliu-rinkinys\/\"]}]},{\"@type\":\"ImageObject\",\"inLanguage\":\"ru-RU\",\"@id\":\"https:\/\/happyinaknit.com\/produktas\/knitpro-the-mindful-collection-mezgimo-zymekliu-rinkinys\/#primaryimage\",\"url\":\"https:\/\/happyinaknit.com\/wp-content\/uploads\/2025\/10\/81Zmr7mVzvL.jpg\",\"contentUrl\":\"https:\/\/happyinaknit.com\/wp-content\/uploads\/2025\/10\/81Zmr7mVzvL.jpg\",\"width\":2560,\"height\":2560},{\"@type\":\"BreadcrumbList\",\"@id\":\"https:\/\/happyinaknit.com\/produktas\/knitpro-the-mindful-collection-mezgimo-zymekliu-rinkinys\/#breadcrumb\",\"itemListElement\":[{\"@type\":\"ListItem\",\"position\":1,\"name\":\"Home\",\"item\":\"https:\/\/happyinaknit.com\/lt\/\"},{\"@type\":\"ListItem\",\"position\":2,\"name\":\"Parduotuv\u0117\",\"item\":\"https:\/\/happyinaknit.com\/lt\/parduotuve\/\"},{\"@type\":\"ListItem\",\"position\":3,\"name\":\"KnitPro The Mindful Collection \u2013 mezgimo \u017eymekli\u0173 rinkinys\"}]},{\"@type\":\"WebSite\",\"@id\":\"https:\/\/happyinaknit.com\/lt\/#website\",\"url\":\"https:\/\/happyinaknit.com\/lt\/\",\"name\":\"Happyinaknit.com\",\"description\":\"\",\"potentialAction\":[{\"@type\":\"SearchAction\",\"target\":{\"@type\":\"EntryPoint\",\"urlTemplate\":\"https:\/\/happyinaknit.com\/lt\/?s={search_term_string}\"},\"query-input\":{\"@type\":\"PropertyValueSpecification\",\"valueRequired\":true,\"valueName\":\"search_term_string\"}}],\"inLanguage\":\"ru-RU\"}]}<\/script>\n<!-- \/ Yoast SEO plugin. -->","yoast_head_json":{"title":"KnitPro The Mindful Collection \u2013 mezgimo \u017eymekli\u0173 rinkinys - Happyinaknit.com","robots":{"index":"index","follow":"follow","max-snippet":"max-snippet:-1","max-image-preview":"max-image-preview:large","max-video-preview":"max-video-preview:-1"},"canonical":"https:\/\/happyinaknit.com\/ru\/product\/knitpro-the-mindful-collection-mezgimo-zymekliu-rinkinys\/","og_locale":"ru_RU","og_type":"article","og_title":"KnitPro The Mindful Collection \u2013 mezgimo \u017eymekli\u0173 rinkinys - Happyinaknit.com","og_description":"Universalus ir patogus mezgimo \u017eymekli\u0173 rinkinys i\u0161 KnitPro \u201eThe Mindful Collection\u201c \u2013 nepakei\u010diamas aksesuaras kiekvienai mezg\u0117jai. Rinkinys apjungia funkcionalum\u0105 ir estetik\u0105: \u017eymekliai pateikiami subtilios turkio tematikos spalvose, o visas komplektas supakuotas \u012f audinio mai\u0161el\u012f, kad b\u016bt\u0173 lengva laikyti ir pasiimti kartu su projektais. Rinkinyje: \u00b7 20 \u017eymekli\u0173 \u201eSauga\u201c (seg\u0117s tipo) \u00b7 20 \u017eymekli\u0173 \u201eRatas\u201c \u00b7 [&hellip;]","og_url":"https:\/\/happyinaknit.com\/ru\/product\/knitpro-the-mindful-collection-mezgimo-zymekliu-rinkinys\/","og_site_name":"Happyinaknit.com","article_modified_time":"2025-10-28T13:08:46+00:00","og_image":[{"width":2560,"height":2560,"url":"https:\/\/happyinaknit.com\/wp-content\/uploads\/2025\/10\/81Zmr7mVzvL.jpg","type":"image\/jpeg"}],"twitter_card":"summary_large_image","schema":{"@context":"https:\/\/schema.org","@graph":[{"@type":"WebPage","@id":"https:\/\/happyinaknit.com\/produktas\/knitpro-the-mindful-collection-mezgimo-zymekliu-rinkinys\/","url":"https:\/\/happyinaknit.com\/produktas\/knitpro-the-mindful-collection-mezgimo-zymekliu-rinkinys\/","name":"KnitPro The Mindful Collection \u2013 mezgimo \u017eymekli\u0173 rinkinys - Happyinaknit.com","isPartOf":{"@id":"https:\/\/happyinaknit.com\/lt\/#website"},"primaryImageOfPage":{"@id":"https:\/\/happyinaknit.com\/produktas\/knitpro-the-mindful-collection-mezgimo-zymekliu-rinkinys\/#primaryimage"},"image":{"@id":"https:\/\/happyinaknit.com\/produktas\/knitpro-the-mindful-collection-mezgimo-zymekliu-rinkinys\/#primaryimage"},"thumbnailUrl":"https:\/\/happyinaknit.com\/wp-content\/uploads\/2025\/10\/81Zmr7mVzvL.jpg","datePublished":"2025-10-19T10:18:27+00:00","dateModified":"2025-10-28T13:08:46+00:00","breadcrumb":{"@id":"https:\/\/happyinaknit.com\/produktas\/knitpro-the-mindful-collection-mezgimo-zymekliu-rinkinys\/#breadcrumb"},"inLanguage":"ru-RU","potentialAction":[{"@type":"ReadAction","target":["https:\/\/happyinaknit.com\/produktas\/knitpro-the-mindful-collection-mezgimo-zymekliu-rinkinys\/"]}]},{"@type":"ImageObject","inLanguage":"ru-RU","@id":"https:\/\/happyinaknit.com\/produktas\/knitpro-the-mindful-collection-mezgimo-zymekliu-rinkinys\/#primaryimage","url":"https:\/\/happyinaknit.com\/wp-content\/uploads\/2025\/10\/81Zmr7mVzvL.jpg","contentUrl":"https:\/\/happyinaknit.com\/wp-content\/uploads\/2025\/10\/81Zmr7mVzvL.jpg","width":2560,"height":2560},{"@type":"BreadcrumbList","@id":"https:\/\/happyinaknit.com\/produktas\/knitpro-the-mindful-collection-mezgimo-zymekliu-rinkinys\/#breadcrumb","itemListElement":[{"@type":"ListItem","position":1,"name":"Home","item":"https:\/\/happyinaknit.com\/lt\/"},{"@type":"ListItem","position":2,"name":"Parduotuv\u0117","item":"https:\/\/happyinaknit.com\/lt\/parduotuve\/"},{"@type":"ListItem","position":3,"name":"KnitPro The Mindful Collection \u2013 mezgimo \u017eymekli\u0173 rinkinys"}]},{"@type":"WebSite","@id":"https:\/\/happyinaknit.com\/lt\/#website","url":"https:\/\/happyinaknit.com\/lt\/","name":"Happyinaknit.com","description":"","potentialAction":[{"@type":"SearchAction","target":{"@type":"EntryPoint","urlTemplate":"https:\/\/happyinaknit.com\/lt\/?s={search_term_string}"},"query-input":{"@type":"PropertyValueSpecification","valueRequired":true,"valueName":"search_term_string"}}],"inLanguage":"ru-RU"}]}},"_links":{"self":[{"href":"https:\/\/happyinaknit.com\/ru\/wp-json\/wp\/v2\/product\/6290","targetHints":{"allow":["GET"]}}],"collection":[{"href":"https:\/\/happyinaknit.com\/ru\/wp-json\/wp\/v2\/product"}],"about":[{"href":"https:\/\/happyinaknit.com\/ru\/wp-json\/wp\/v2\/types\/product"}],"replies":[{"embeddable":true,"href":"https:\/\/happyinaknit.com\/ru\/wp-json\/wp\/v2\/comments?post=6290"}],"wp:featuredmedia":[{"embeddable":true,"href":"https:\/\/happyinaknit.com\/ru\/wp-json\/wp\/v2\/media\/6277"}],"wp:attachment":[{"href":"https:\/\/happyinaknit.com\/ru\/wp-json\/wp\/v2\/media?parent=6290"}],"wp:term":[{"taxonomy":"product_brand","embeddable":true,"href":"https:\/\/happyinaknit.com\/ru\/wp-json\/wp\/v2\/product_brand?post=6290"},{"taxonomy":"product_cat","embeddable":true,"href":"https:\/\/happyinaknit.com\/ru\/wp-json\/wp\/v2\/product_cat?post=6290"},{"taxonomy":"product_tag","embeddable":true,"href":"https:\/\/happyinaknit.com\/ru\/wp-json\/wp\/v2\/product_tag?post=6290"},{"taxonomy":"pro-kategorijos","embeddable":true,"href":"https:\/\/happyinaknit.com\/ru\/wp-json\/wp\/v2\/pro-kategorijos?post=6290"}],"curies":[{"name":"wp","href":"https:\/\/api.w.org\/{rel}","templated":true}]}}