{"id":6285,"date":"2025-10-19T10:14:21","date_gmt":"2025-10-19T10:14:21","guid":{"rendered":"https:\/\/happyinaknit.com\/?post_type=product&#038;p=6285"},"modified":"2025-10-19T10:14:21","modified_gmt":"2025-10-19T10:14:21","slug":"knitpro-the-mindful-collection-adatu-rinkinys","status":"publish","type":"product","link":"https:\/\/happyinaknit.com\/ru\/product\/knitpro-the-mindful-collection-adatu-rinkinys\/","title":{"rendered":"KnitPro The Mindful Collection \u043d\u0430\u0431\u043e\u0440 \u0438\u0433\u043b"},"content":{"rendered":"<p>\u042d\u043b\u0435\u0433\u0430\u043d\u0442\u043d\u044b\u0439 \u0438 \u043f\u0440\u0430\u043a\u0442\u0438\u0447\u043d\u044b\u0439 <b>\u043d\u0430\u0431\u043e\u0440 \u0448\u0432\u0435\u0439\u043d\u044b\u0445 \u0438\u0433\u043b<\/b> \u043e\u0442 <b>The Mindful Collection<\/b> \u2013 \u043d\u0435\u0437\u0430\u043c\u0435\u043d\u0438\u043c\u044b\u0439 \u043f\u043e\u043c\u043e\u0449\u043d\u0438\u043a \u043f\u0440\u0438 \u0448\u0438\u0442\u044c\u0435 \u0438 \u0441\u0431\u043e\u0440\u043a\u0435 \u0442\u0440\u0438\u043a\u043e\u0442\u0430\u0436\u043d\u044b\u0445 \u0438\u0437\u0434\u0435\u043b\u0438\u0439. \u0418\u0433\u043b\u044b \u0438\u0437\u0433\u043e\u0442\u043e\u0432\u043b\u0435\u043d\u044b \u0438\u0437 <b>\u043b\u0430\u043c\u0438\u043d\u0438\u0440\u043e\u0432\u0430\u043d\u043d\u043e\u0439 \u0434\u0440\u0435\u0432\u0435\u0441\u0438\u043d\u044b<\/b>, \u0445\u0430\u0440\u0430\u043a\u0442\u0435\u0440\u0438\u0437\u0443\u044e\u0449\u0438\u0439\u0441\u044f \u043f\u0440\u043e\u0447\u043d\u043e\u0441\u0442\u044c\u044e \u0438 \u043c\u044f\u0433\u043a\u0438\u043c \u0441\u043a\u043e\u043b\u044c\u0436\u0435\u043d\u0438\u0435\u043c \u043f\u043e \u043d\u0438\u0442\u044f\u043c.<\/p>\n<p>\u041f\u0440\u0435\u0434\u0441\u0442\u0430\u0432\u043b\u0435\u043d \u043d\u0430\u0431\u043e\u0440 <b>\u0432 \u0446\u0438\u043b\u0438\u043d\u0434\u0440\u0438\u0447\u0435\u0441\u043a\u043e\u043c \u043a\u043e\u0440\u043f\u0443\u0441\u0435<\/b>, \u043a\u043e\u0442\u043e\u0440\u044b\u0439  \u043d\u0435 \u0442\u043e\u043b\u044c\u043a\u043e \u0437\u0430\u0449\u0438\u0449\u0430\u0435\u0442 \u0438\u0433\u043b\u044b, \u043d\u043e \u0438 \u0432\u044b\u0433\u043b\u044f\u0434\u0438\u0442 \u043e\u0447\u0435\u043d\u044c \u044d\u0441\u0442\u0435\u0442\u0438\u0447\u043d\u043e \u2014 \u0432 \u0441\u043e\u0447\u0435\u0442\u0430\u043d\u0438\u0438 \u043d\u0430\u0442\u0443\u0440\u0430\u043b\u044c\u043d\u044b\u0445 \u0438 \u0431\u0438\u0440\u044e\u0437\u043e\u0432\u044b\u0445 \u0446\u0432\u0435\u0442\u043e\u0432, \u0445\u0430\u0440\u0430\u043a\u0442\u0435\u0440\u043d\u043e\u043c \u0434\u043b\u044f \u0432\u0441\u0435\u0439 \u043a\u043e\u043b\u043b\u0435\u043a\u0446\u0438\u0438 Mindful.<\/p>\n<p><b>\u0412 \u043a\u043e\u043c\u043f\u043b\u0435\u043a\u0442\u0435:<\/b><b><\/b><\/p>\n<p>\u2013 2 \u043c\u0430\u043b\u0435\u043d\u044c\u043a\u0438\u0435 \u0438\u0433\u043b\u044b<\/p>\n<p>\u2013 2 \u0431\u043e\u043b\u044c\u0448\u0438\u0435 \u0438\u0433\u043b\u044b<\/p>\n<p>\u2013 \u0446\u0438\u043b\u0438\u043d\u0434\u0440\u0438\u0447\u0435\u0441\u043a\u0438\u0439 \u0434\u0435\u0440\u0435\u0432\u044f\u043d\u043d\u044b\u0439 \u043a\u043e\u0440\u043f\u0443\u0441<\/p>\n<p><b>\u041c\u0430\u0442\u0435\u0440\u0438\u0430\u043b:<\/b> \u043b\u0430\u043c\u0438\u043d\u0438\u0440\u043e\u0432\u0430\u043d\u043d\u0430\u044f \u0434\u0440\u0435\u0432\u0435\u0441\u0438\u043d\u0430<\/p>\n<p><b>\u0426\u0432\u0435\u0442:<\/b> \u043d\u0430\u0442\u0443\u0440\u0430\u043b\u044c\u043d\u044b\u0439 \/ \u0431\u0438\u0440\u044e\u0437\u043e\u0432\u044b\u0439 (Mindful\u201c \u0442\u0435\u043c\u0430\u0442\u0438\u043a\u0430)<\/p>\n<p><b>\u0426\u0435\u043b\u044c:<\/b> \u0434\u043b\u044f \u0448\u0438\u0442\u044c\u044f \u0438 \u0441\u0431\u043e\u0440\u043a\u0438 \u0442\u0440\u0438\u043a\u043e\u0442\u0430\u0436\u043d\u044b\u0445 \u0438\u0437\u0434\u0435\u043b\u0438\u0439<\/p>\n<p><b>\u041f\u0440\u0438\u043c\u0435\u0447\u0430\u043d\u0438\u0435:<\/b> \u0426\u0432\u0435\u0442\u043e\u0432\u044b\u0435 \u043e\u0442\u0442\u0435\u043d\u043a\u0438 \u043c\u043e\u0433\u0443\u0442 \u043d\u0435\u0437\u043d\u0430\u0447\u0438\u0442\u0435\u043b\u044c\u043d\u043e \u043e\u0442\u043b\u0438\u0447\u0430\u0442\u044c\u0441\u044f \u0432 \u0437\u0430\u0432\u0438\u0441\u0438\u043c\u043e\u0441\u0442\u0438 \u043e\u0442 \u044d\u043a\u0440\u0430\u043d\u0430 \u0432\u0430\u0448\u0435\u0433\u043e \u0443\u0441\u0442\u0440\u043e\u0439\u0441\u0442\u0432\u0430.<\/p>","protected":false},"excerpt":{"rendered":"<p>Eleganti\u0161kas ir prakti\u0161kas siuvimo adat\u0173 rinkinys i\u0161 KnitPro \u201eThe Mindful Collection\u201c \u2013 nepakei\u010diamas pagalbininkas mezgini\u0173 siuvimui ir surinkimui. Adatos pagamintos i\u0161 laminuotos medienos, pasi\u017eymin\u010dios tvirtumu ir \u0161velniu slydimu per si\u016blus. Rinkinys pateikiamas cilindro formos d\u0117kle, kuris ne tik saugo adatas, bet ir atrodo itin esteti\u0161kai \u2013 nat\u016bralaus ir turkio spalv\u0173 derinyje, b\u016bdingame visai \u201eMindful\u201c kolekcijai. [&hellip;]<\/p>\n","protected":false},"featured_media":6289,"comment_status":"open","ping_status":"closed","template":"","meta":{"_acf_changed":false},"product_brand":[1069,1071],"product_cat":[15,1080,20],"product_tag":[],"pro-kategorijos":[],"class_list":{"0":"post-6285","1":"product","2":"type-product","3":"status-publish","4":"has-post-thumbnail","6":"product_brand-knitpro","7":"product_brand-the-mindful-collection","8":"product_cat-visi-produktai","9":"product_cat-adatos","10":"product_cat-priedai-mezgimui","12":"first","13":"instock","14":"shipping-taxable","15":"purchasable","16":"product-type-simple"},"acf":[],"yoast_head":"<!-- This site is optimized with the Yoast SEO plugin v26.8 - https:\/\/yoast.com\/product\/yoast-seo-wordpress\/ -->\n<title>KnitPro The Mindful Collection Adat\u0173 Rinkinys - Happyinaknit.com<\/title>\n<meta name=\"robots\" content=\"index, follow, max-snippet:-1, max-image-preview:large, max-video-preview:-1\" \/>\n<link rel=\"canonical\" href=\"https:\/\/happyinaknit.com\/ru\/product\/knitpro-the-mindful-collection-adatu-rinkinys\/\" \/>\n<meta property=\"og:locale\" content=\"ru_RU\" \/>\n<meta property=\"og:type\" content=\"article\" \/>\n<meta property=\"og:title\" content=\"KnitPro The Mindful Collection Adat\u0173 Rinkinys - Happyinaknit.com\" \/>\n<meta property=\"og:description\" content=\"Eleganti\u0161kas ir prakti\u0161kas siuvimo adat\u0173 rinkinys i\u0161 KnitPro \u201eThe Mindful Collection\u201c \u2013 nepakei\u010diamas pagalbininkas mezgini\u0173 siuvimui ir surinkimui. Adatos pagamintos i\u0161 laminuotos medienos, pasi\u017eymin\u010dios tvirtumu ir \u0161velniu slydimu per si\u016blus. Rinkinys pateikiamas cilindro formos d\u0117kle, kuris ne tik saugo adatas, bet ir atrodo itin esteti\u0161kai \u2013 nat\u016bralaus ir turkio spalv\u0173 derinyje, b\u016bdingame visai \u201eMindful\u201c kolekcijai. [&hellip;]\" \/>\n<meta property=\"og:url\" content=\"https:\/\/happyinaknit.com\/ru\/product\/knitpro-the-mindful-collection-adatu-rinkinys\/\" \/>\n<meta property=\"og:site_name\" content=\"Happyinaknit.com\" \/>\n<meta property=\"og:image\" content=\"https:\/\/happyinaknit.com\/wp-content\/uploads\/2025\/10\/the-mindful-collection-teal-wooden-darning-needles-beech-wood-container-1_hclj2gsopfnke3fd.webp\" \/>\n\t<meta property=\"og:image:width\" content=\"500\" \/>\n\t<meta property=\"og:image:height\" content=\"500\" \/>\n\t<meta property=\"og:image:type\" content=\"image\/webp\" \/>\n<meta name=\"twitter:card\" content=\"summary_large_image\" \/>\n<meta name=\"twitter:label1\" content=\"\u041f\u0440\u0438\u043c\u0435\u0440\u043d\u043e\u0435 \u0432\u0440\u0435\u043c\u044f \u0434\u043b\u044f \u0447\u0442\u0435\u043d\u0438\u044f\" \/>\n\t<meta name=\"twitter:data1\" content=\"1 \u043c\u0438\u043d\u0443\u0442\u0430\" \/>\n<script type=\"application\/ld+json\" class=\"yoast-schema-graph\">{\"@context\":\"https:\/\/schema.org\",\"@graph\":[{\"@type\":\"WebPage\",\"@id\":\"https:\/\/happyinaknit.com\/produktas\/knitpro-the-mindful-collection-adatu-rinkinys\/\",\"url\":\"https:\/\/happyinaknit.com\/produktas\/knitpro-the-mindful-collection-adatu-rinkinys\/\",\"name\":\"KnitPro The Mindful Collection Adat\u0173 Rinkinys - Happyinaknit.com\",\"isPartOf\":{\"@id\":\"https:\/\/happyinaknit.com\/lt\/#website\"},\"primaryImageOfPage\":{\"@id\":\"https:\/\/happyinaknit.com\/produktas\/knitpro-the-mindful-collection-adatu-rinkinys\/#primaryimage\"},\"image\":{\"@id\":\"https:\/\/happyinaknit.com\/produktas\/knitpro-the-mindful-collection-adatu-rinkinys\/#primaryimage\"},\"thumbnailUrl\":\"https:\/\/happyinaknit.com\/wp-content\/uploads\/2025\/10\/the-mindful-collection-teal-wooden-darning-needles-beech-wood-container-1_hclj2gsopfnke3fd.webp\",\"datePublished\":\"2025-10-19T10:14:21+00:00\",\"breadcrumb\":{\"@id\":\"https:\/\/happyinaknit.com\/produktas\/knitpro-the-mindful-collection-adatu-rinkinys\/#breadcrumb\"},\"inLanguage\":\"ru-RU\",\"potentialAction\":[{\"@type\":\"ReadAction\",\"target\":[\"https:\/\/happyinaknit.com\/produktas\/knitpro-the-mindful-collection-adatu-rinkinys\/\"]}]},{\"@type\":\"ImageObject\",\"inLanguage\":\"ru-RU\",\"@id\":\"https:\/\/happyinaknit.com\/produktas\/knitpro-the-mindful-collection-adatu-rinkinys\/#primaryimage\",\"url\":\"https:\/\/happyinaknit.com\/wp-content\/uploads\/2025\/10\/the-mindful-collection-teal-wooden-darning-needles-beech-wood-container-1_hclj2gsopfnke3fd.webp\",\"contentUrl\":\"https:\/\/happyinaknit.com\/wp-content\/uploads\/2025\/10\/the-mindful-collection-teal-wooden-darning-needles-beech-wood-container-1_hclj2gsopfnke3fd.webp\",\"width\":500,\"height\":500},{\"@type\":\"BreadcrumbList\",\"@id\":\"https:\/\/happyinaknit.com\/produktas\/knitpro-the-mindful-collection-adatu-rinkinys\/#breadcrumb\",\"itemListElement\":[{\"@type\":\"ListItem\",\"position\":1,\"name\":\"Home\",\"item\":\"https:\/\/happyinaknit.com\/lt\/\"},{\"@type\":\"ListItem\",\"position\":2,\"name\":\"Parduotuv\u0117\",\"item\":\"https:\/\/happyinaknit.com\/lt\/parduotuve\/\"},{\"@type\":\"ListItem\",\"position\":3,\"name\":\"KnitPro The Mindful Collection Adat\u0173 Rinkinys\"}]},{\"@type\":\"WebSite\",\"@id\":\"https:\/\/happyinaknit.com\/lt\/#website\",\"url\":\"https:\/\/happyinaknit.com\/lt\/\",\"name\":\"Happyinaknit.com\",\"description\":\"\",\"potentialAction\":[{\"@type\":\"SearchAction\",\"target\":{\"@type\":\"EntryPoint\",\"urlTemplate\":\"https:\/\/happyinaknit.com\/lt\/?s={search_term_string}\"},\"query-input\":{\"@type\":\"PropertyValueSpecification\",\"valueRequired\":true,\"valueName\":\"search_term_string\"}}],\"inLanguage\":\"ru-RU\"}]}<\/script>\n<!-- \/ Yoast SEO plugin. -->","yoast_head_json":{"title":"KnitPro The Mindful Collection Adat\u0173 Rinkinys - Happyinaknit.com","robots":{"index":"index","follow":"follow","max-snippet":"max-snippet:-1","max-image-preview":"max-image-preview:large","max-video-preview":"max-video-preview:-1"},"canonical":"https:\/\/happyinaknit.com\/ru\/product\/knitpro-the-mindful-collection-adatu-rinkinys\/","og_locale":"ru_RU","og_type":"article","og_title":"KnitPro The Mindful Collection Adat\u0173 Rinkinys - Happyinaknit.com","og_description":"Eleganti\u0161kas ir prakti\u0161kas siuvimo adat\u0173 rinkinys i\u0161 KnitPro \u201eThe Mindful Collection\u201c \u2013 nepakei\u010diamas pagalbininkas mezgini\u0173 siuvimui ir surinkimui. Adatos pagamintos i\u0161 laminuotos medienos, pasi\u017eymin\u010dios tvirtumu ir \u0161velniu slydimu per si\u016blus. Rinkinys pateikiamas cilindro formos d\u0117kle, kuris ne tik saugo adatas, bet ir atrodo itin esteti\u0161kai \u2013 nat\u016bralaus ir turkio spalv\u0173 derinyje, b\u016bdingame visai \u201eMindful\u201c kolekcijai. [&hellip;]","og_url":"https:\/\/happyinaknit.com\/ru\/product\/knitpro-the-mindful-collection-adatu-rinkinys\/","og_site_name":"Happyinaknit.com","og_image":[{"width":500,"height":500,"url":"https:\/\/happyinaknit.com\/wp-content\/uploads\/2025\/10\/the-mindful-collection-teal-wooden-darning-needles-beech-wood-container-1_hclj2gsopfnke3fd.webp","type":"image\/webp"}],"twitter_card":"summary_large_image","twitter_misc":{"\u041f\u0440\u0438\u043c\u0435\u0440\u043d\u043e\u0435 \u0432\u0440\u0435\u043c\u044f \u0434\u043b\u044f \u0447\u0442\u0435\u043d\u0438\u044f":"1 \u043c\u0438\u043d\u0443\u0442\u0430"},"schema":{"@context":"https:\/\/schema.org","@graph":[{"@type":"WebPage","@id":"https:\/\/happyinaknit.com\/produktas\/knitpro-the-mindful-collection-adatu-rinkinys\/","url":"https:\/\/happyinaknit.com\/produktas\/knitpro-the-mindful-collection-adatu-rinkinys\/","name":"KnitPro The Mindful Collection Adat\u0173 Rinkinys - Happyinaknit.com","isPartOf":{"@id":"https:\/\/happyinaknit.com\/lt\/#website"},"primaryImageOfPage":{"@id":"https:\/\/happyinaknit.com\/produktas\/knitpro-the-mindful-collection-adatu-rinkinys\/#primaryimage"},"image":{"@id":"https:\/\/happyinaknit.com\/produktas\/knitpro-the-mindful-collection-adatu-rinkinys\/#primaryimage"},"thumbnailUrl":"https:\/\/happyinaknit.com\/wp-content\/uploads\/2025\/10\/the-mindful-collection-teal-wooden-darning-needles-beech-wood-container-1_hclj2gsopfnke3fd.webp","datePublished":"2025-10-19T10:14:21+00:00","breadcrumb":{"@id":"https:\/\/happyinaknit.com\/produktas\/knitpro-the-mindful-collection-adatu-rinkinys\/#breadcrumb"},"inLanguage":"ru-RU","potentialAction":[{"@type":"ReadAction","target":["https:\/\/happyinaknit.com\/produktas\/knitpro-the-mindful-collection-adatu-rinkinys\/"]}]},{"@type":"ImageObject","inLanguage":"ru-RU","@id":"https:\/\/happyinaknit.com\/produktas\/knitpro-the-mindful-collection-adatu-rinkinys\/#primaryimage","url":"https:\/\/happyinaknit.com\/wp-content\/uploads\/2025\/10\/the-mindful-collection-teal-wooden-darning-needles-beech-wood-container-1_hclj2gsopfnke3fd.webp","contentUrl":"https:\/\/happyinaknit.com\/wp-content\/uploads\/2025\/10\/the-mindful-collection-teal-wooden-darning-needles-beech-wood-container-1_hclj2gsopfnke3fd.webp","width":500,"height":500},{"@type":"BreadcrumbList","@id":"https:\/\/happyinaknit.com\/produktas\/knitpro-the-mindful-collection-adatu-rinkinys\/#breadcrumb","itemListElement":[{"@type":"ListItem","position":1,"name":"Home","item":"https:\/\/happyinaknit.com\/lt\/"},{"@type":"ListItem","position":2,"name":"Parduotuv\u0117","item":"https:\/\/happyinaknit.com\/lt\/parduotuve\/"},{"@type":"ListItem","position":3,"name":"KnitPro The Mindful Collection Adat\u0173 Rinkinys"}]},{"@type":"WebSite","@id":"https:\/\/happyinaknit.com\/lt\/#website","url":"https:\/\/happyinaknit.com\/lt\/","name":"Happyinaknit.com","description":"","potentialAction":[{"@type":"SearchAction","target":{"@type":"EntryPoint","urlTemplate":"https:\/\/happyinaknit.com\/lt\/?s={search_term_string}"},"query-input":{"@type":"PropertyValueSpecification","valueRequired":true,"valueName":"search_term_string"}}],"inLanguage":"ru-RU"}]}},"_links":{"self":[{"href":"https:\/\/happyinaknit.com\/ru\/wp-json\/wp\/v2\/product\/6285","targetHints":{"allow":["GET"]}}],"collection":[{"href":"https:\/\/happyinaknit.com\/ru\/wp-json\/wp\/v2\/product"}],"about":[{"href":"https:\/\/happyinaknit.com\/ru\/wp-json\/wp\/v2\/types\/product"}],"replies":[{"embeddable":true,"href":"https:\/\/happyinaknit.com\/ru\/wp-json\/wp\/v2\/comments?post=6285"}],"wp:featuredmedia":[{"embeddable":true,"href":"https:\/\/happyinaknit.com\/ru\/wp-json\/wp\/v2\/media\/6289"}],"wp:attachment":[{"href":"https:\/\/happyinaknit.com\/ru\/wp-json\/wp\/v2\/media?parent=6285"}],"wp:term":[{"taxonomy":"product_brand","embeddable":true,"href":"https:\/\/happyinaknit.com\/ru\/wp-json\/wp\/v2\/product_brand?post=6285"},{"taxonomy":"product_cat","embeddable":true,"href":"https:\/\/happyinaknit.com\/ru\/wp-json\/wp\/v2\/product_cat?post=6285"},{"taxonomy":"product_tag","embeddable":true,"href":"https:\/\/happyinaknit.com\/ru\/wp-json\/wp\/v2\/product_tag?post=6285"},{"taxonomy":"pro-kategorijos","embeddable":true,"href":"https:\/\/happyinaknit.com\/ru\/wp-json\/wp\/v2\/pro-kategorijos?post=6285"}],"curies":[{"name":"wp","href":"https:\/\/api.w.org\/{rel}","templated":true}]}}