{"id":6264,"date":"2025-10-19T09:45:49","date_gmt":"2025-10-19T09:45:49","guid":{"rendered":"https:\/\/happyinaknit.com\/?post_type=product&#038;p=6264"},"modified":"2025-10-19T09:45:50","modified_gmt":"2025-10-19T09:45:50","slug":"knitpro-the-mindful-collection-apvaliu-krepseliu-rinkinys-2-in-1","status":"publish","type":"product","link":"https:\/\/happyinaknit.com\/ru\/product\/knitpro-the-mindful-collection-apvaliu-krepseliu-rinkinys-2-in-1\/","title":{"rendered":"KnitPro The Mindful Collection \u2013 \u043f\u0440\u043e\u0435\u043a\u0442\u043d\u0430\u044f \u0441\u0443\u043c\u043a\u0430 2 \u0432 1"},"content":{"rendered":"<p>\u0421\u0442\u0438\u043b\u044c\u043d\u044b\u0439 \u0438 \u043f\u0440\u0430\u043a\u0442\u0438\u0447\u043d\u044b\u0439 <b>\u043d\u0430\u0431\u043e\u0440 \u043a\u0440\u0443\u0433\u043b\u044b\u0445 \u0441\u0443\u043c\u043e\u043a 2 \u0432 1<\/b> \u043e\u0442 <b>The Mindful Collection<\/b> \u2014 \u043e\u0442\u043b\u0438\u0447\u043d\u044b\u0439 \u0432\u044b\u0431\u043e\u0440 \u0434\u043b\u044f \u0432\u044f\u0437\u0430\u043d\u044b\u0445 \u043f\u0440\u043e\u0435\u043a\u0442\u043e\u0432 \u0438 \u0434\u0440\u0443\u0433\u0438\u0445 \u0432\u0438\u0434\u043e\u0432 \u0440\u0443\u043a\u043e\u0434\u0435\u043b\u0438\u044f. \u0421\u043e\u0437\u0434\u0430\u043d <b>\u0434\u0438\u0437\u0430\u0439\u043d \u0432 \u0431\u0438\u0440\u044e\u0437\u043e\u0432\u044b\u0445 \u0442\u043e\u043d\u0430\u0445,<\/b>\u043a\u0430\u043a \u0432\u0441\u0435 \u0438\u0437\u0434\u0435\u043b\u0438\u044f \u0438\u0437 \u043a\u043e\u043b\u043b\u0435\u043a\u0446\u0438\u0438 Mindful, \u044d\u0442\u0438 \u0442\u043a\u0430\u043d\u0435\u0432\u044b\u0435 \u0441\u0443\u043c\u043a\u0438 \u043d\u0435 \u0442\u043e\u043b\u044c\u043a\u043e \u043a\u0440\u0430\u0441\u0438\u0432\u044b, \u043d\u043e \u0438 \u0447\u0440\u0435\u0437\u0432\u044b\u0447\u0430\u0439\u043d\u043e \u0444\u0443\u043d\u043a\u0446\u0438\u043e\u043d\u0430\u043b\u044c\u043d\u044b.<\/p>\n<p>\u0412 \u043a\u043e\u043c\u043f\u043b\u0435\u043a\u0442 \u0432\u0445\u043e\u0434\u044f\u0442 \u0434\u0432\u0435 \u043a\u0440\u0443\u0433\u043b\u044b\u0435 \u0441\u0443\u043c\u043e\u0447\u043a\u0438 \u0440\u0430\u0437\u043d\u044b\u0445 \u0440\u0430\u0437\u043c\u0435\u0440\u043e\u0432, <b>\u0437\u0430\u0441\u0442\u0435\u0433\u0438\u0432\u0430\u0435\u043c\u044b\u0435  \u043d\u0430 \u043c\u043e\u043b\u043d\u0438\u044e<\/b>, \u0441 <b>\u0441 \u0443\u0434\u043e\u0431\u043d\u044b\u043c \u0434\u043b\u0438\u043d\u043d\u044b\u043c \u0440\u0435\u043c\u0435\u0448\u043a\u043e\u043c<\/b>, \u0434\u043b\u044f \u0443\u0434\u043e\u0431\u0441\u0442\u0432\u0430 \u043f\u0435\u0440\u0435\u043d\u043e\u0441\u043a\u0438. \u0412\u043d\u0443\u0442\u0440\u0438 \u0435\u0441\u0442\u044c <b>\u043d\u0435\u0441\u043a\u043e\u043b\u044c\u043a\u043e \u0440\u0430\u0437\u0434\u0435\u043b\u043e\u0432<\/b>, \u043f\u0440\u0435\u0434\u043d\u0430\u0437\u043d\u0430\u0447\u0435\u043d\u043d\u044b\u0439 \u0434\u043b\u044f \u0430\u043a\u043a\u0443\u0440\u0430\u0442\u043d\u043e\u0433\u043e \u0445\u0440\u0430\u043d\u0435\u043d\u0438\u044f \u0432\u044f\u0437\u0430\u043b\u044c\u043d\u044b\u0445 \u043f\u0440\u0438\u043d\u0430\u0434\u043b\u0435\u0436\u043d\u043e\u0441\u0442\u0435\u0439, \u043f\u0440\u043e\u0435\u043a\u0442\u043d\u044b\u0445 \u0437\u0430\u043c\u0435\u0442\u043e\u043a \u0438 \u043c\u0435\u043b\u043a\u0438\u0445 \u043f\u0440\u0435\u0434\u043c\u0435\u0442\u043e\u0432.<\/p>\n<p><b>\u0420\u0430\u0437\u043c\u0435\u0440\u044b:<\/b><b><\/b><\/p>\n<p>\u2013 \u0411\u043e\u043b\u044c\u0448\u0430\u044f \u0441\u0443\u043c\u043e\u0447\u043a\u0430: 22 \u00d7 22 \u00d7 8 \u0441\u043c<\/p>\n<p>\u2013 \u041c\u0430\u043b\u0435\u043d\u044c\u043a\u0430\u044f \u0441\u0443\u043c\u043e\u0447\u043a\u0430: 10 \u00d7 10 \u00d7 4 \u0441\u043c<\/p>\n<p><b>\u041c\u0430\u0442\u0435\u0440\u0438\u0430\u043b:<\/b> \u0442\u043a\u0430\u043d\u044c<\/p>\n<p><b>\u0426\u0432\u0435\u0442:<\/b> \u0431\u0438\u0440\u044e\u0437\u043e\u0432\u0430\u044f (\u00abMindful\u00bb) \u0442\u0435\u043c\u0430\u0442\u0438\u043a\u0430<\/p>\n<p><b>\u0417\u0430\u0441\u0442\u0435\u0436\u043a\u0430:<\/b> \u043c\u043e\u043b\u043d\u0438\u044f<\/p>\n<p><b>\u0412\u043a\u043b\u044e\u0447\u0435\u043d\u043e:<\/b> \u0434\u0432\u0435 \u0441\u0443\u043c\u043a\u0438 + \u0434\u043b\u0438\u043d\u043d\u044b\u0439 \u0440\u0435\u043c\u0435\u043d\u044c<\/p>\n<p><b>\u041f\u0440\u0438\u043c\u0435\u0447\u0430\u043d\u0438\u0435:<\/b> \u0426\u0432\u0435\u0442\u043e\u0432\u044b\u0435 \u043e\u0442\u0442\u0435\u043d\u043a\u0438 \u043c\u043e\u0433\u0443\u0442 \u043d\u0435\u0437\u043d\u0430\u0447\u0438\u0442\u0435\u043b\u044c\u043d\u043e \u043e\u0442\u043b\u0438\u0447\u0430\u0442\u044c\u0441\u044f \u0432 \u0437\u0430\u0432\u0438\u0441\u0438\u043c\u043e\u0441\u0442\u0438 \u043e\u0442 \u044d\u043a\u0440\u0430\u043d\u0430 \u0432\u0430\u0448\u0435\u0433\u043e \u0443\u0441\u0442\u0440\u043e\u0439\u0441\u0442\u0432\u0430.<\/p>","protected":false},"excerpt":{"rendered":"<p>Stilingas ir prakti\u0161kas 2 in 1 apvali\u0173 rankini\u0173 rinkinys i\u0161 KnitPro \u201eThe Mindful Collection\u201c linijos \u2013 puikus pasirinkimas mezgimo ar kitiems rankdarbiams. Sukurtos turkio tematikos dizainu, b\u016bdingu \u201eMindful\u201c kolekcijai, \u0161ios audinio rankin\u0117s yra ne tik gra\u017eios, bet ir itin funkcionalios. Rinkin\u012f sudaro dvi skirtingo dyd\u017eio apvalios rankin\u0117s, u\u017esegamos u\u017etrauktuku, su patogiu ilgu dir\u017eeliu, kad b\u016bt\u0173 [&hellip;]<\/p>\n","protected":false},"featured_media":6266,"comment_status":"open","ping_status":"closed","template":"","meta":{"_acf_changed":false},"product_brand":[1071],"product_cat":[15,1079],"product_tag":[],"pro-kategorijos":[],"class_list":{"0":"post-6264","1":"product","2":"type-product","3":"status-publish","4":"has-post-thumbnail","6":"product_brand-the-mindful-collection","7":"product_cat-visi-produktai","8":"product_cat-deklai","10":"first","11":"instock","12":"shipping-taxable","13":"purchasable","14":"product-type-simple"},"acf":[],"yoast_head":"<!-- This site is optimized with the Yoast SEO plugin v26.8 - https:\/\/yoast.com\/product\/yoast-seo-wordpress\/ -->\n<title>KnitPro The Mindful Collection \u2013 apvali\u0173 krep\u0161eli\u0173 rinkinys 2 in 1 - Happyinaknit.com<\/title>\n<meta name=\"robots\" content=\"index, follow, max-snippet:-1, max-image-preview:large, max-video-preview:-1\" \/>\n<link rel=\"canonical\" href=\"https:\/\/happyinaknit.com\/ru\/product\/knitpro-the-mindful-collection-apvaliu-krepseliu-rinkinys-2-in-1\/\" \/>\n<meta property=\"og:locale\" content=\"ru_RU\" \/>\n<meta property=\"og:type\" content=\"article\" \/>\n<meta property=\"og:title\" content=\"KnitPro The Mindful Collection \u2013 apvali\u0173 krep\u0161eli\u0173 rinkinys 2 in 1 - Happyinaknit.com\" \/>\n<meta property=\"og:description\" content=\"Stilingas ir prakti\u0161kas 2 in 1 apvali\u0173 rankini\u0173 rinkinys i\u0161 KnitPro \u201eThe Mindful Collection\u201c linijos \u2013 puikus pasirinkimas mezgimo ar kitiems rankdarbiams. Sukurtos turkio tematikos dizainu, b\u016bdingu \u201eMindful\u201c kolekcijai, \u0161ios audinio rankin\u0117s yra ne tik gra\u017eios, bet ir itin funkcionalios. Rinkin\u012f sudaro dvi skirtingo dyd\u017eio apvalios rankin\u0117s, u\u017esegamos u\u017etrauktuku, su patogiu ilgu dir\u017eeliu, kad b\u016bt\u0173 [&hellip;]\" \/>\n<meta property=\"og:url\" content=\"https:\/\/happyinaknit.com\/ru\/product\/knitpro-the-mindful-collection-apvaliu-krepseliu-rinkinys-2-in-1\/\" \/>\n<meta property=\"og:site_name\" content=\"Happyinaknit.com\" \/>\n<meta property=\"article:modified_time\" content=\"2025-10-19T09:45:50+00:00\" \/>\n<meta property=\"og:image\" content=\"https:\/\/happyinaknit.com\/wp-content\/uploads\/2025\/10\/KnitPro_20Mindful_20Twin_20ronde_20tassen_2036663.jpg\" \/>\n\t<meta property=\"og:image:width\" content=\"1000\" \/>\n\t<meta property=\"og:image:height\" content=\"1000\" \/>\n\t<meta property=\"og:image:type\" content=\"image\/jpeg\" \/>\n<meta name=\"twitter:card\" content=\"summary_large_image\" \/>\n<meta name=\"twitter:label1\" content=\"\u041f\u0440\u0438\u043c\u0435\u0440\u043d\u043e\u0435 \u0432\u0440\u0435\u043c\u044f \u0434\u043b\u044f \u0447\u0442\u0435\u043d\u0438\u044f\" \/>\n\t<meta name=\"twitter:data1\" content=\"1 \u043c\u0438\u043d\u0443\u0442\u0430\" \/>\n<script type=\"application\/ld+json\" class=\"yoast-schema-graph\">{\"@context\":\"https:\/\/schema.org\",\"@graph\":[{\"@type\":\"WebPage\",\"@id\":\"https:\/\/happyinaknit.com\/produktas\/knitpro-the-mindful-collection-apvaliu-krepseliu-rinkinys-2-in-1\/\",\"url\":\"https:\/\/happyinaknit.com\/produktas\/knitpro-the-mindful-collection-apvaliu-krepseliu-rinkinys-2-in-1\/\",\"name\":\"KnitPro The Mindful Collection \u2013 apvali\u0173 krep\u0161eli\u0173 rinkinys 2 in 1 - Happyinaknit.com\",\"isPartOf\":{\"@id\":\"https:\/\/happyinaknit.com\/lt\/#website\"},\"primaryImageOfPage\":{\"@id\":\"https:\/\/happyinaknit.com\/produktas\/knitpro-the-mindful-collection-apvaliu-krepseliu-rinkinys-2-in-1\/#primaryimage\"},\"image\":{\"@id\":\"https:\/\/happyinaknit.com\/produktas\/knitpro-the-mindful-collection-apvaliu-krepseliu-rinkinys-2-in-1\/#primaryimage\"},\"thumbnailUrl\":\"https:\/\/happyinaknit.com\/wp-content\/uploads\/2025\/10\/KnitPro_20Mindful_20Twin_20ronde_20tassen_2036663.jpg\",\"datePublished\":\"2025-10-19T09:45:49+00:00\",\"dateModified\":\"2025-10-19T09:45:50+00:00\",\"breadcrumb\":{\"@id\":\"https:\/\/happyinaknit.com\/produktas\/knitpro-the-mindful-collection-apvaliu-krepseliu-rinkinys-2-in-1\/#breadcrumb\"},\"inLanguage\":\"ru-RU\",\"potentialAction\":[{\"@type\":\"ReadAction\",\"target\":[\"https:\/\/happyinaknit.com\/produktas\/knitpro-the-mindful-collection-apvaliu-krepseliu-rinkinys-2-in-1\/\"]}]},{\"@type\":\"ImageObject\",\"inLanguage\":\"ru-RU\",\"@id\":\"https:\/\/happyinaknit.com\/produktas\/knitpro-the-mindful-collection-apvaliu-krepseliu-rinkinys-2-in-1\/#primaryimage\",\"url\":\"https:\/\/happyinaknit.com\/wp-content\/uploads\/2025\/10\/KnitPro_20Mindful_20Twin_20ronde_20tassen_2036663.jpg\",\"contentUrl\":\"https:\/\/happyinaknit.com\/wp-content\/uploads\/2025\/10\/KnitPro_20Mindful_20Twin_20ronde_20tassen_2036663.jpg\",\"width\":1000,\"height\":1000},{\"@type\":\"BreadcrumbList\",\"@id\":\"https:\/\/happyinaknit.com\/produktas\/knitpro-the-mindful-collection-apvaliu-krepseliu-rinkinys-2-in-1\/#breadcrumb\",\"itemListElement\":[{\"@type\":\"ListItem\",\"position\":1,\"name\":\"Home\",\"item\":\"https:\/\/happyinaknit.com\/lt\/\"},{\"@type\":\"ListItem\",\"position\":2,\"name\":\"Parduotuv\u0117\",\"item\":\"https:\/\/happyinaknit.com\/lt\/parduotuve\/\"},{\"@type\":\"ListItem\",\"position\":3,\"name\":\"KnitPro The Mindful Collection \u2013 apvali\u0173 krep\u0161eli\u0173 rinkinys 2 in 1\"}]},{\"@type\":\"WebSite\",\"@id\":\"https:\/\/happyinaknit.com\/lt\/#website\",\"url\":\"https:\/\/happyinaknit.com\/lt\/\",\"name\":\"Happyinaknit.com\",\"description\":\"\",\"potentialAction\":[{\"@type\":\"SearchAction\",\"target\":{\"@type\":\"EntryPoint\",\"urlTemplate\":\"https:\/\/happyinaknit.com\/lt\/?s={search_term_string}\"},\"query-input\":{\"@type\":\"PropertyValueSpecification\",\"valueRequired\":true,\"valueName\":\"search_term_string\"}}],\"inLanguage\":\"ru-RU\"}]}<\/script>\n<!-- \/ Yoast SEO plugin. -->","yoast_head_json":{"title":"KnitPro The Mindful Collection \u2013 apvali\u0173 krep\u0161eli\u0173 rinkinys 2 in 1 - Happyinaknit.com","robots":{"index":"index","follow":"follow","max-snippet":"max-snippet:-1","max-image-preview":"max-image-preview:large","max-video-preview":"max-video-preview:-1"},"canonical":"https:\/\/happyinaknit.com\/ru\/product\/knitpro-the-mindful-collection-apvaliu-krepseliu-rinkinys-2-in-1\/","og_locale":"ru_RU","og_type":"article","og_title":"KnitPro The Mindful Collection \u2013 apvali\u0173 krep\u0161eli\u0173 rinkinys 2 in 1 - Happyinaknit.com","og_description":"Stilingas ir prakti\u0161kas 2 in 1 apvali\u0173 rankini\u0173 rinkinys i\u0161 KnitPro \u201eThe Mindful Collection\u201c linijos \u2013 puikus pasirinkimas mezgimo ar kitiems rankdarbiams. Sukurtos turkio tematikos dizainu, b\u016bdingu \u201eMindful\u201c kolekcijai, \u0161ios audinio rankin\u0117s yra ne tik gra\u017eios, bet ir itin funkcionalios. Rinkin\u012f sudaro dvi skirtingo dyd\u017eio apvalios rankin\u0117s, u\u017esegamos u\u017etrauktuku, su patogiu ilgu dir\u017eeliu, kad b\u016bt\u0173 [&hellip;]","og_url":"https:\/\/happyinaknit.com\/ru\/product\/knitpro-the-mindful-collection-apvaliu-krepseliu-rinkinys-2-in-1\/","og_site_name":"Happyinaknit.com","article_modified_time":"2025-10-19T09:45:50+00:00","og_image":[{"width":1000,"height":1000,"url":"https:\/\/happyinaknit.com\/wp-content\/uploads\/2025\/10\/KnitPro_20Mindful_20Twin_20ronde_20tassen_2036663.jpg","type":"image\/jpeg"}],"twitter_card":"summary_large_image","twitter_misc":{"\u041f\u0440\u0438\u043c\u0435\u0440\u043d\u043e\u0435 \u0432\u0440\u0435\u043c\u044f \u0434\u043b\u044f \u0447\u0442\u0435\u043d\u0438\u044f":"1 \u043c\u0438\u043d\u0443\u0442\u0430"},"schema":{"@context":"https:\/\/schema.org","@graph":[{"@type":"WebPage","@id":"https:\/\/happyinaknit.com\/produktas\/knitpro-the-mindful-collection-apvaliu-krepseliu-rinkinys-2-in-1\/","url":"https:\/\/happyinaknit.com\/produktas\/knitpro-the-mindful-collection-apvaliu-krepseliu-rinkinys-2-in-1\/","name":"KnitPro The Mindful Collection \u2013 apvali\u0173 krep\u0161eli\u0173 rinkinys 2 in 1 - Happyinaknit.com","isPartOf":{"@id":"https:\/\/happyinaknit.com\/lt\/#website"},"primaryImageOfPage":{"@id":"https:\/\/happyinaknit.com\/produktas\/knitpro-the-mindful-collection-apvaliu-krepseliu-rinkinys-2-in-1\/#primaryimage"},"image":{"@id":"https:\/\/happyinaknit.com\/produktas\/knitpro-the-mindful-collection-apvaliu-krepseliu-rinkinys-2-in-1\/#primaryimage"},"thumbnailUrl":"https:\/\/happyinaknit.com\/wp-content\/uploads\/2025\/10\/KnitPro_20Mindful_20Twin_20ronde_20tassen_2036663.jpg","datePublished":"2025-10-19T09:45:49+00:00","dateModified":"2025-10-19T09:45:50+00:00","breadcrumb":{"@id":"https:\/\/happyinaknit.com\/produktas\/knitpro-the-mindful-collection-apvaliu-krepseliu-rinkinys-2-in-1\/#breadcrumb"},"inLanguage":"ru-RU","potentialAction":[{"@type":"ReadAction","target":["https:\/\/happyinaknit.com\/produktas\/knitpro-the-mindful-collection-apvaliu-krepseliu-rinkinys-2-in-1\/"]}]},{"@type":"ImageObject","inLanguage":"ru-RU","@id":"https:\/\/happyinaknit.com\/produktas\/knitpro-the-mindful-collection-apvaliu-krepseliu-rinkinys-2-in-1\/#primaryimage","url":"https:\/\/happyinaknit.com\/wp-content\/uploads\/2025\/10\/KnitPro_20Mindful_20Twin_20ronde_20tassen_2036663.jpg","contentUrl":"https:\/\/happyinaknit.com\/wp-content\/uploads\/2025\/10\/KnitPro_20Mindful_20Twin_20ronde_20tassen_2036663.jpg","width":1000,"height":1000},{"@type":"BreadcrumbList","@id":"https:\/\/happyinaknit.com\/produktas\/knitpro-the-mindful-collection-apvaliu-krepseliu-rinkinys-2-in-1\/#breadcrumb","itemListElement":[{"@type":"ListItem","position":1,"name":"Home","item":"https:\/\/happyinaknit.com\/lt\/"},{"@type":"ListItem","position":2,"name":"Parduotuv\u0117","item":"https:\/\/happyinaknit.com\/lt\/parduotuve\/"},{"@type":"ListItem","position":3,"name":"KnitPro The Mindful Collection \u2013 apvali\u0173 krep\u0161eli\u0173 rinkinys 2 in 1"}]},{"@type":"WebSite","@id":"https:\/\/happyinaknit.com\/lt\/#website","url":"https:\/\/happyinaknit.com\/lt\/","name":"Happyinaknit.com","description":"","potentialAction":[{"@type":"SearchAction","target":{"@type":"EntryPoint","urlTemplate":"https:\/\/happyinaknit.com\/lt\/?s={search_term_string}"},"query-input":{"@type":"PropertyValueSpecification","valueRequired":true,"valueName":"search_term_string"}}],"inLanguage":"ru-RU"}]}},"_links":{"self":[{"href":"https:\/\/happyinaknit.com\/ru\/wp-json\/wp\/v2\/product\/6264","targetHints":{"allow":["GET"]}}],"collection":[{"href":"https:\/\/happyinaknit.com\/ru\/wp-json\/wp\/v2\/product"}],"about":[{"href":"https:\/\/happyinaknit.com\/ru\/wp-json\/wp\/v2\/types\/product"}],"replies":[{"embeddable":true,"href":"https:\/\/happyinaknit.com\/ru\/wp-json\/wp\/v2\/comments?post=6264"}],"wp:featuredmedia":[{"embeddable":true,"href":"https:\/\/happyinaknit.com\/ru\/wp-json\/wp\/v2\/media\/6266"}],"wp:attachment":[{"href":"https:\/\/happyinaknit.com\/ru\/wp-json\/wp\/v2\/media?parent=6264"}],"wp:term":[{"taxonomy":"product_brand","embeddable":true,"href":"https:\/\/happyinaknit.com\/ru\/wp-json\/wp\/v2\/product_brand?post=6264"},{"taxonomy":"product_cat","embeddable":true,"href":"https:\/\/happyinaknit.com\/ru\/wp-json\/wp\/v2\/product_cat?post=6264"},{"taxonomy":"product_tag","embeddable":true,"href":"https:\/\/happyinaknit.com\/ru\/wp-json\/wp\/v2\/product_tag?post=6264"},{"taxonomy":"pro-kategorijos","embeddable":true,"href":"https:\/\/happyinaknit.com\/ru\/wp-json\/wp\/v2\/pro-kategorijos?post=6264"}],"curies":[{"name":"wp","href":"https:\/\/api.w.org\/{rel}","templated":true}]}}