{"id":6228,"date":"2025-10-19T08:39:23","date_gmt":"2025-10-19T08:39:23","guid":{"rendered":"https:\/\/happyinaknit.com\/?post_type=product&#038;p=6228"},"modified":"2025-10-19T08:57:45","modified_gmt":"2025-10-19T08:57:45","slug":"lang-yarns-fam-286","status":"publish","type":"product","link":"https:\/\/happyinaknit.com\/ru\/product\/lang-yarns-fam-286\/","title":{"rendered":"Lang  Yarns FAM 286"},"content":{"rendered":"<p>\u0412 \u044d\u0442\u043e\u043c \u0441\u0435\u0437\u043e\u043d\u0435 Lang Yarns \u043f\u0440\u0438\u0433\u043b\u0430\u0448\u0430\u0435\u0442 \u0432\u0430\u0441 \u043e\u0442\u043a\u0440\u044b\u0442\u044c \u0434\u043b\u044f \u0441\u0435\u0431\u044f <b>\u0442\u0440\u0438 \u0442\u0432\u043e\u0440\u0447\u0435\u0441\u043a\u0438\u0445 \u043c\u0438\u0440\u0430<\/b>, \u043a\u0430\u0436\u0434\u0430\u044f \u0438\u0437 \u043a\u043e\u0442\u043e\u0440\u044b\u0445 \u043e\u0431\u043b\u0430\u0434\u0430\u0435\u0442 \u0441\u0432\u043e\u0435\u0439 \u0443\u043d\u0438\u043a\u0430\u043b\u044c\u043d\u043e\u0439 \u0438\u043d\u0434\u0438\u0432\u0438\u0434\u0443\u0430\u043b\u044c\u043d\u043e\u0441\u0442\u044c\u044e. \u041e\u0442 \u043c\u044f\u0433\u043a\u0438\u0445, \u043f\u043b\u0430\u0432\u043d\u044b\u0445 \u0441\u0438\u043b\u0443\u044d\u0442\u043e\u0432 \u0434\u043e \u0431\u043e\u043b\u0435\u0435 \u0441\u0442\u0440\u0443\u043a\u0442\u0443\u0440\u0438\u0440\u043e\u0432\u0430\u043d\u043d\u044b\u0445 \u0442\u0435\u043a\u0441\u0442\u0443\u0440 \u0441 \u0435\u0434\u0432\u0430 \u0437\u0430\u043c\u0435\u0442\u043d\u044b\u043c\u0438 \u043e\u0442\u0442\u0435\u043d\u043a\u0430\u043c\u0438 \u0441\u0432\u0435\u0447\u0435\u043d\u0438\u044f \u043c\u0435\u0436\u0434\u0443 \u043d\u0438\u043c\u0438 \u2014 \u043a\u0430\u0436\u0434\u0430\u044f \u0442\u0435\u043c\u0430 \u043f\u0440\u0435\u0434\u043b\u0430\u0433\u0430\u0435\u0442 \u0443\u043d\u0438\u043a\u0430\u043b\u044c\u043d\u044b\u0439 \u043f\u043e\u0434\u0445\u043e\u0434 \u043a \u0438\u0441\u043a\u0443\u0441\u0441\u0442\u0432\u0443 \u0442\u0432\u043e\u0440\u0435\u043d\u0438\u044f.<\/p>\n<p>\u042f\u0440\u043a\u0438\u0435 \u043e\u0442\u0442\u0435\u043d\u043a\u0438 \u0441\u043e\u0447\u0435\u0442\u0430\u044e\u0442\u0441\u044f \u0441 \u0437\u0435\u043c\u043b\u044f\u043d\u044b\u043c\u0438 \u0442\u043e\u043d\u0430\u043c\u0438, \u0442\u0435\u043a\u0441\u0442\u0443\u0440\u044b \u0432\u0430\u0440\u044c\u0438\u0440\u0443\u044e\u0442\u0441\u044f \u043e\u0442 \u043b\u0451\u0433\u043a\u043e\u0441\u0442\u0438 \u043a \u0433\u043b\u0443\u0431\u0438\u043d\u0435, \u0430 \u0440\u043e\u0441\u043a\u043e\u0448\u043d\u044b\u0435 \u0432\u043e\u043b\u043e\u043a\u043d\u0430 \u0440\u0430\u0441\u043a\u0440\u044b\u0432\u0430\u044e\u0442\u0441\u044f \u043c\u044f\u0433\u043a\u0438\u043c \u0431\u043b\u0435\u0441\u043a\u043e\u043c \u0438\u043b\u0438 \u043b\u0451\u0433\u043a\u043e\u0439 \u0448\u0435\u043b\u043a\u043e\u0432\u0438\u0441\u0442\u043e\u0441\u0442\u044c\u044e. \u042d\u0442\u0430 \u043a\u043e\u043b\u043b\u0435\u043a\u0446\u0438\u044f <b>\u043f\u0440\u0438\u0433\u043b\u0430\u0448\u0435\u043d\u0438\u0435 \u0442\u0432\u043e\u0440\u0438\u0442\u044c, \u0447\u0443\u0432\u0441\u0442\u0432\u043e\u0432\u0430\u0442\u044c \u0438 \u043f\u043e\u0437\u0432\u043e\u043b\u0438\u0442\u044c \u0441\u0432\u043e\u0438\u043c \u0440\u0443\u043a\u0430\u043c \u0440\u0430\u0441\u0441\u043a\u0430\u0437\u0430\u0442\u044c \u0438\u0441\u0442\u043e\u0440\u0438\u044e.<\/b><b><\/b><\/p>\n<p><b>\u042f\u0437\u044b\u043a:<\/b> \u0436\u0443\u0440\u043d\u0430\u043b \u043d\u0430 \u043d\u0435\u043c\u0435\u0446\u043a\u043e\u043c \u044f\u0437\u044b\u043a\u0435 \u0441 \u043f\u0440\u0438\u043b\u043e\u0436\u0435\u043d\u043d\u044b\u043c\u0438 \u0431\u0440\u043e\u0448\u044e\u0440\u0430\u043c\u0438 \u043d\u0430 \u0440\u0443\u0441\u0441\u043a\u043e\u043c \u044f\u0437\u044b\u043a\u0435.<\/p>\n<p><b>\u041a\u043e\u043b\u0438\u0447\u0435\u0441\u0442\u0432\u043e \u043c\u043e\u0434\u0435\u043b\u0435\u0439:<\/b> 87 \u043c\u043e\u0434\u0435\u043b\u0435\u0439 \u0441  \u0432\u043a\u043b\u0430\u0434\u044b\u0448\u0435\u043c \u043f\u0435\u0440\u0435\u0432\u043e\u0434\u043e\u043c<\/p>\n<p><b>\u041f\u0440\u0438\u043c\u0435\u0447\u0430\u043d\u0438\u0435:<\/b> \u0426\u0432\u0435\u0442\u043e\u0432\u044b\u0435 \u043e\u0442\u0442\u0435\u043d\u043a\u0438 \u043c\u043e\u0433\u0443\u0442 \u043d\u0435\u0437\u043d\u0430\u0447\u0438\u0442\u0435\u043b\u044c\u043d\u043e \u043e\u0442\u043b\u0438\u0447\u0430\u0442\u044c\u0441\u044f \u0432 \u0437\u0430\u0432\u0438\u0441\u0438\u043c\u043e\u0441\u0442\u0438 \u043e\u0442 \u044d\u043a\u0440\u0430\u043d\u0430 \u0432\u0430\u0448\u0435\u0433\u043e \u0443\u0441\u0442\u0440\u043e\u0439\u0441\u0442\u0432\u0430.<\/p>","protected":false},"excerpt":{"rendered":"<p>\u0160\u012f sezon\u0105 \u201eLang Yarns\u201c kvie\u010dia jus atrasti tris k\u016brybinius pasaulius, kuri\u0173 kiekvienas turi savo unikali\u0105 tapatyb\u0119. Nuo mink\u0161t\u0173, krintan\u010di\u0173 siluet\u0173 iki labiau strukt\u016bruot\u0173 tekst\u016br\u0173, su vos pastebimais \u0161vyt\u0117jimo atspalviais tarp j\u0173 \u2013 kiekviena tema suteikia savit\u0105 b\u016bd\u0105 prisiliesti prie k\u016brybos meno. \u0160vytintys atspalviai dera su \u017eemi\u0161kais tonais, fakt\u016bros svyruoja tarp lengvumo ir gilumos, o prabang\u016bs [&hellip;]<\/p>\n","protected":false},"featured_media":6248,"comment_status":"open","ping_status":"closed","template":"","meta":{"_acf_changed":false},"product_brand":[70],"product_cat":[15,397],"product_tag":[],"pro-kategorijos":[],"class_list":{"0":"post-6228","1":"product","2":"type-product","3":"status-publish","4":"has-post-thumbnail","6":"product_brand-lang-yarns","7":"product_cat-visi-produktai","8":"product_cat-spauda","10":"first","11":"instock","12":"shipping-taxable","13":"purchasable","14":"product-type-simple"},"acf":[],"yoast_head":"<!-- This site is optimized with the Yoast SEO plugin v26.8 - https:\/\/yoast.com\/product\/yoast-seo-wordpress\/ -->\n<title>Lang Yarns FAM 286 - Happyinaknit.com<\/title>\n<meta name=\"robots\" content=\"index, follow, max-snippet:-1, max-image-preview:large, max-video-preview:-1\" \/>\n<link rel=\"canonical\" href=\"https:\/\/happyinaknit.com\/ru\/product\/lang-yarns-fam-286\/\" \/>\n<meta property=\"og:locale\" content=\"ru_RU\" \/>\n<meta property=\"og:type\" content=\"article\" \/>\n<meta property=\"og:title\" content=\"Lang Yarns FAM 286 - Happyinaknit.com\" \/>\n<meta property=\"og:description\" content=\"\u0160\u012f sezon\u0105 \u201eLang Yarns\u201c kvie\u010dia jus atrasti tris k\u016brybinius pasaulius, kuri\u0173 kiekvienas turi savo unikali\u0105 tapatyb\u0119. Nuo mink\u0161t\u0173, krintan\u010di\u0173 siluet\u0173 iki labiau strukt\u016bruot\u0173 tekst\u016br\u0173, su vos pastebimais \u0161vyt\u0117jimo atspalviais tarp j\u0173 \u2013 kiekviena tema suteikia savit\u0105 b\u016bd\u0105 prisiliesti prie k\u016brybos meno. \u0160vytintys atspalviai dera su \u017eemi\u0161kais tonais, fakt\u016bros svyruoja tarp lengvumo ir gilumos, o prabang\u016bs [&hellip;]\" \/>\n<meta property=\"og:url\" content=\"https:\/\/happyinaknit.com\/ru\/product\/lang-yarns-fam-286\/\" \/>\n<meta property=\"og:site_name\" content=\"Happyinaknit.com\" \/>\n<meta property=\"article:modified_time\" content=\"2025-10-19T08:57:45+00:00\" \/>\n<meta property=\"og:image\" content=\"https:\/\/happyinaknit.com\/wp-content\/uploads\/2025\/10\/IMG_0180.jpg\" \/>\n\t<meta property=\"og:image:width\" content=\"800\" \/>\n\t<meta property=\"og:image:height\" content=\"1141\" \/>\n\t<meta property=\"og:image:type\" content=\"image\/jpeg\" \/>\n<meta name=\"twitter:card\" content=\"summary_large_image\" \/>\n<meta name=\"twitter:label1\" content=\"\u041f\u0440\u0438\u043c\u0435\u0440\u043d\u043e\u0435 \u0432\u0440\u0435\u043c\u044f \u0434\u043b\u044f \u0447\u0442\u0435\u043d\u0438\u044f\" \/>\n\t<meta name=\"twitter:data1\" content=\"1 \u043c\u0438\u043d\u0443\u0442\u0430\" \/>\n<script type=\"application\/ld+json\" class=\"yoast-schema-graph\">{\"@context\":\"https:\/\/schema.org\",\"@graph\":[{\"@type\":\"WebPage\",\"@id\":\"https:\/\/happyinaknit.com\/produktas\/lang-yarns-fam-286\/\",\"url\":\"https:\/\/happyinaknit.com\/produktas\/lang-yarns-fam-286\/\",\"name\":\"Lang Yarns FAM 286 - Happyinaknit.com\",\"isPartOf\":{\"@id\":\"https:\/\/happyinaknit.com\/lt\/#website\"},\"primaryImageOfPage\":{\"@id\":\"https:\/\/happyinaknit.com\/produktas\/lang-yarns-fam-286\/#primaryimage\"},\"image\":{\"@id\":\"https:\/\/happyinaknit.com\/produktas\/lang-yarns-fam-286\/#primaryimage\"},\"thumbnailUrl\":\"https:\/\/happyinaknit.com\/wp-content\/uploads\/2025\/10\/IMG_0180.jpg\",\"datePublished\":\"2025-10-19T08:39:23+00:00\",\"dateModified\":\"2025-10-19T08:57:45+00:00\",\"breadcrumb\":{\"@id\":\"https:\/\/happyinaknit.com\/produktas\/lang-yarns-fam-286\/#breadcrumb\"},\"inLanguage\":\"ru-RU\",\"potentialAction\":[{\"@type\":\"ReadAction\",\"target\":[\"https:\/\/happyinaknit.com\/produktas\/lang-yarns-fam-286\/\"]}]},{\"@type\":\"ImageObject\",\"inLanguage\":\"ru-RU\",\"@id\":\"https:\/\/happyinaknit.com\/produktas\/lang-yarns-fam-286\/#primaryimage\",\"url\":\"https:\/\/happyinaknit.com\/wp-content\/uploads\/2025\/10\/IMG_0180.jpg\",\"contentUrl\":\"https:\/\/happyinaknit.com\/wp-content\/uploads\/2025\/10\/IMG_0180.jpg\",\"width\":800,\"height\":1141},{\"@type\":\"BreadcrumbList\",\"@id\":\"https:\/\/happyinaknit.com\/produktas\/lang-yarns-fam-286\/#breadcrumb\",\"itemListElement\":[{\"@type\":\"ListItem\",\"position\":1,\"name\":\"Home\",\"item\":\"https:\/\/happyinaknit.com\/lt\/\"},{\"@type\":\"ListItem\",\"position\":2,\"name\":\"Parduotuv\u0117\",\"item\":\"https:\/\/happyinaknit.com\/lt\/parduotuve\/\"},{\"@type\":\"ListItem\",\"position\":3,\"name\":\"Lang Yarns FAM 286\"}]},{\"@type\":\"WebSite\",\"@id\":\"https:\/\/happyinaknit.com\/lt\/#website\",\"url\":\"https:\/\/happyinaknit.com\/lt\/\",\"name\":\"Happyinaknit.com\",\"description\":\"\",\"potentialAction\":[{\"@type\":\"SearchAction\",\"target\":{\"@type\":\"EntryPoint\",\"urlTemplate\":\"https:\/\/happyinaknit.com\/lt\/?s={search_term_string}\"},\"query-input\":{\"@type\":\"PropertyValueSpecification\",\"valueRequired\":true,\"valueName\":\"search_term_string\"}}],\"inLanguage\":\"ru-RU\"}]}<\/script>\n<!-- \/ Yoast SEO plugin. -->","yoast_head_json":{"title":"Lang Yarns FAM 286 - Happyinaknit.com","robots":{"index":"index","follow":"follow","max-snippet":"max-snippet:-1","max-image-preview":"max-image-preview:large","max-video-preview":"max-video-preview:-1"},"canonical":"https:\/\/happyinaknit.com\/ru\/product\/lang-yarns-fam-286\/","og_locale":"ru_RU","og_type":"article","og_title":"Lang Yarns FAM 286 - Happyinaknit.com","og_description":"\u0160\u012f sezon\u0105 \u201eLang Yarns\u201c kvie\u010dia jus atrasti tris k\u016brybinius pasaulius, kuri\u0173 kiekvienas turi savo unikali\u0105 tapatyb\u0119. Nuo mink\u0161t\u0173, krintan\u010di\u0173 siluet\u0173 iki labiau strukt\u016bruot\u0173 tekst\u016br\u0173, su vos pastebimais \u0161vyt\u0117jimo atspalviais tarp j\u0173 \u2013 kiekviena tema suteikia savit\u0105 b\u016bd\u0105 prisiliesti prie k\u016brybos meno. \u0160vytintys atspalviai dera su \u017eemi\u0161kais tonais, fakt\u016bros svyruoja tarp lengvumo ir gilumos, o prabang\u016bs [&hellip;]","og_url":"https:\/\/happyinaknit.com\/ru\/product\/lang-yarns-fam-286\/","og_site_name":"Happyinaknit.com","article_modified_time":"2025-10-19T08:57:45+00:00","og_image":[{"width":800,"height":1141,"url":"https:\/\/happyinaknit.com\/wp-content\/uploads\/2025\/10\/IMG_0180.jpg","type":"image\/jpeg"}],"twitter_card":"summary_large_image","twitter_misc":{"\u041f\u0440\u0438\u043c\u0435\u0440\u043d\u043e\u0435 \u0432\u0440\u0435\u043c\u044f \u0434\u043b\u044f \u0447\u0442\u0435\u043d\u0438\u044f":"1 \u043c\u0438\u043d\u0443\u0442\u0430"},"schema":{"@context":"https:\/\/schema.org","@graph":[{"@type":"WebPage","@id":"https:\/\/happyinaknit.com\/produktas\/lang-yarns-fam-286\/","url":"https:\/\/happyinaknit.com\/produktas\/lang-yarns-fam-286\/","name":"Lang Yarns FAM 286 - Happyinaknit.com","isPartOf":{"@id":"https:\/\/happyinaknit.com\/lt\/#website"},"primaryImageOfPage":{"@id":"https:\/\/happyinaknit.com\/produktas\/lang-yarns-fam-286\/#primaryimage"},"image":{"@id":"https:\/\/happyinaknit.com\/produktas\/lang-yarns-fam-286\/#primaryimage"},"thumbnailUrl":"https:\/\/happyinaknit.com\/wp-content\/uploads\/2025\/10\/IMG_0180.jpg","datePublished":"2025-10-19T08:39:23+00:00","dateModified":"2025-10-19T08:57:45+00:00","breadcrumb":{"@id":"https:\/\/happyinaknit.com\/produktas\/lang-yarns-fam-286\/#breadcrumb"},"inLanguage":"ru-RU","potentialAction":[{"@type":"ReadAction","target":["https:\/\/happyinaknit.com\/produktas\/lang-yarns-fam-286\/"]}]},{"@type":"ImageObject","inLanguage":"ru-RU","@id":"https:\/\/happyinaknit.com\/produktas\/lang-yarns-fam-286\/#primaryimage","url":"https:\/\/happyinaknit.com\/wp-content\/uploads\/2025\/10\/IMG_0180.jpg","contentUrl":"https:\/\/happyinaknit.com\/wp-content\/uploads\/2025\/10\/IMG_0180.jpg","width":800,"height":1141},{"@type":"BreadcrumbList","@id":"https:\/\/happyinaknit.com\/produktas\/lang-yarns-fam-286\/#breadcrumb","itemListElement":[{"@type":"ListItem","position":1,"name":"Home","item":"https:\/\/happyinaknit.com\/lt\/"},{"@type":"ListItem","position":2,"name":"Parduotuv\u0117","item":"https:\/\/happyinaknit.com\/lt\/parduotuve\/"},{"@type":"ListItem","position":3,"name":"Lang Yarns FAM 286"}]},{"@type":"WebSite","@id":"https:\/\/happyinaknit.com\/lt\/#website","url":"https:\/\/happyinaknit.com\/lt\/","name":"Happyinaknit.com","description":"","potentialAction":[{"@type":"SearchAction","target":{"@type":"EntryPoint","urlTemplate":"https:\/\/happyinaknit.com\/lt\/?s={search_term_string}"},"query-input":{"@type":"PropertyValueSpecification","valueRequired":true,"valueName":"search_term_string"}}],"inLanguage":"ru-RU"}]}},"_links":{"self":[{"href":"https:\/\/happyinaknit.com\/ru\/wp-json\/wp\/v2\/product\/6228","targetHints":{"allow":["GET"]}}],"collection":[{"href":"https:\/\/happyinaknit.com\/ru\/wp-json\/wp\/v2\/product"}],"about":[{"href":"https:\/\/happyinaknit.com\/ru\/wp-json\/wp\/v2\/types\/product"}],"replies":[{"embeddable":true,"href":"https:\/\/happyinaknit.com\/ru\/wp-json\/wp\/v2\/comments?post=6228"}],"wp:featuredmedia":[{"embeddable":true,"href":"https:\/\/happyinaknit.com\/ru\/wp-json\/wp\/v2\/media\/6248"}],"wp:attachment":[{"href":"https:\/\/happyinaknit.com\/ru\/wp-json\/wp\/v2\/media?parent=6228"}],"wp:term":[{"taxonomy":"product_brand","embeddable":true,"href":"https:\/\/happyinaknit.com\/ru\/wp-json\/wp\/v2\/product_brand?post=6228"},{"taxonomy":"product_cat","embeddable":true,"href":"https:\/\/happyinaknit.com\/ru\/wp-json\/wp\/v2\/product_cat?post=6228"},{"taxonomy":"product_tag","embeddable":true,"href":"https:\/\/happyinaknit.com\/ru\/wp-json\/wp\/v2\/product_tag?post=6228"},{"taxonomy":"pro-kategorijos","embeddable":true,"href":"https:\/\/happyinaknit.com\/ru\/wp-json\/wp\/v2\/pro-kategorijos?post=6228"}],"curies":[{"name":"wp","href":"https:\/\/api.w.org\/{rel}","templated":true}]}}